{"id":40373,"date":"2022-07-08T08:57:01","date_gmt":"2022-07-08T06:57:01","guid":{"rendered":"https:\/\/cardinal.pixel-tal.de\/klebebaender\/non%20class\u00e9\/tesa-4713-ruban-adhesif-en-papier-ruban-adhesif-demballage\/"},"modified":"2025-07-02T12:34:05","modified_gmt":"2025-07-02T10:34:05","slug":"tesa-4713-ruban-adhesif-en-papier","status":"publish","type":"product","link":"https:\/\/cardinal-tapes.com\/fr\/rubans-adh\u00e9sifs\/domaines-dapplication\/ruban-adhesif-en-papier\/tesa-4713-ruban-adhesif-en-papier\/","title":{"rendered":"tesa\u00ae 4713 Ruban adh\u00e9sif en papier \/ ruban adh\u00e9sif d&#8217;emballage"},"content":{"rendered":"<p><span class=\"lowercase\">tesa\u00ae<\/span>4713 est un ruban adh\u00e9sif d&#8217;emballage universel \u00e0 base d&#8217;un support en papier cr\u00eap\u00e9 fin et d&#8217;une masse adh\u00e9sive en caoutchouc naturel.<br \/>\nLe support de <span class=\"lowercase\">tesa\u00ae<\/span>4713 est en papier issu de for\u00eats bien g\u00e9r\u00e9es et certifi\u00e9es FSC\u00ae et d&#8217;autres sources contr\u00f4l\u00e9es.<br \/>\nLe syst\u00e8me adh\u00e9sif en caoutchouc naturel, fabriqu\u00e9 sans solvant, se caract\u00e9rise par une bonne adh\u00e9rence sur les surfaces les plus diverses et un bon pouvoir adh\u00e9sif initial.<\/p>\n<p>Le ruban adh\u00e9sif d&#8217;emballage est con\u00e7u pour les cartons l\u00e9gers jusqu&#8217;\u00e0 10 kg et convient parfaitement aux applications manuelles et automatiques.<br \/>\nUn pouvoir adh\u00e9sif \u00e9lev\u00e9, m\u00eame sur des qualit\u00e9s de carton recycl\u00e9, ainsi que l&#8217;imprimabilit\u00e9 du support font de ce produit une solution de ruban adh\u00e9sif fiable dans le domaine de l&#8217;emballage.<\/p>\n<p><strong>Applications<\/strong><\/p>\n<ul>\n<li>Fermeture des emballages<\/li>\n<li>Convient pour les cartons l\u00e9gers<\/li>\n<li>Bon pouvoir adh\u00e9sif sur diff\u00e9rentes qualit\u00e9s de carton<\/li>\n<li>Convient pour une application manuelle et automatique<\/li>\n<li>Ruban adh\u00e9sif facile \u00e0 recycler, test\u00e9 selon la m\u00e9thode INGEDE<\/li>\n<\/ul>\n<p><a href=\"https:\/\/www.tesa.com\/de-de\/industrie\/allgemeine-anwendungen-produkte\/technologie-trends\/jetzt-neu-tesa-4713-papierklebeband-eine-umweltfreundliche-verpackungsloesung.html\" target=\"_blank\" rel=\"noopener nofollow\">Pour plus d&#8217;informations.<\/a><\/p>\n","protected":false},"excerpt":{"rendered":"<p>tesa\u00ae4713 est un ruban adh\u00e9sif d&#8217;emballage universel \u00e0 base d&#8217;un support en papier cr\u00eap\u00e9 fin et d&#8217;une masse adh\u00e9sive en caoutchouc naturel. Le support de tesa\u00ae4713 est en papier issu de for\u00eats bien g\u00e9r\u00e9es et certifi\u00e9es FSC\u00ae et d&#8217;autres sources contr\u00f4l\u00e9es. Le syst\u00e8me adh\u00e9sif en caoutchouc naturel, fabriqu\u00e9 sans solvant, se caract\u00e9rise par une bonne [&hellip;]<\/p>\n","protected":false},"featured_media":28896,"template":"","meta":{"_acf_changed":false},"pwb-brand":[2165],"product_brand":[],"product_cat":[1766,1836,1859],"product_tag":[],"class_list":{"0":"post-40373","1":"product","2":"type-product","3":"status-publish","4":"has-post-thumbnail","6":"pwb-brand-tesa-fr","7":"product_cat-ruban-adhesif-en-papier","8":"product_cat-rubans-adhesifs-simple-face","9":"product_cat-systemes-demballage","11":"first","12":"instock","13":"featured","14":"taxable","15":"shipping-taxable","16":"purchasable","17":"product-type-variable"},"acf":[],"yoast_head":"<!-- This site is optimized with the Yoast SEO plugin v27.3 - https:\/\/yoast.com\/product\/yoast-seo-wordpress\/ -->\n<title>tesa\u00ae 4713 Ruban adh\u00e9sif en papier \/ Ruban adh\u00e9sif d&#039;emballage | Cardinal TAPES<\/title>\n<meta name=\"description\" content=\"tesa\u00ae 4713 Ruban adh\u00e9sif d&#039;emballage avec papier issu de sources durables est respectueux de l&#039;environnement, fiable et comp\u00e9titif.\" \/>\n<meta name=\"robots\" content=\"index, follow, max-snippet:-1, max-image-preview:large, max-video-preview:-1\" \/>\n<link rel=\"canonical\" href=\"https:\/\/cardinal-tapes.com\/fr\/rubans-adh\u00e9sifs\/domaines-dapplication\/ruban-adhesif-en-papier\/tesa-4713-ruban-adhesif-en-papier\/\" \/>\n<meta property=\"og:locale\" content=\"fr_FR\" \/>\n<meta property=\"og:type\" content=\"article\" \/>\n<meta property=\"og:title\" content=\"tesa\u00ae 4713 Ruban adh\u00e9sif en papier \/ Ruban adh\u00e9sif d&#039;emballage | Cardinal TAPES\" \/>\n<meta property=\"og:description\" content=\"tesa\u00ae 4713 Ruban adh\u00e9sif d&#039;emballage avec papier issu de sources durables est respectueux de l&#039;environnement, fiable et comp\u00e9titif.\" \/>\n<meta property=\"og:url\" content=\"https:\/\/cardinal-tapes.com\/fr\/rubans-adh\u00e9sifs\/domaines-dapplication\/ruban-adhesif-en-papier\/tesa-4713-ruban-adhesif-en-papier\/\" \/>\n<meta property=\"og:site_name\" content=\"cardinal TAPES\" \/>\n<meta property=\"article:modified_time\" content=\"2025-07-02T10:34:05+00:00\" \/>\n<meta property=\"og:image\" content=\"https:\/\/cardinal-tapes.com\/wp-content\/uploads\/tesa-4713.webp\" \/>\n\t<meta property=\"og:image:width\" content=\"608\" \/>\n\t<meta property=\"og:image:height\" content=\"608\" \/>\n\t<meta property=\"og:image:type\" content=\"image\/webp\" \/>\n<meta name=\"twitter:card\" content=\"summary_large_image\" \/>\n<meta name=\"twitter:label1\" content=\"Dur\u00e9e de lecture estim\u00e9e\" \/>\n\t<meta name=\"twitter:data1\" content=\"1 minute\" \/>\n<script type=\"application\/ld+json\" class=\"yoast-schema-graph\">{\"@context\":\"https:\\\/\\\/schema.org\",\"@graph\":[{\"@type\":\"WebPage\",\"@id\":\"https:\\\/\\\/cardinal-tapes.com\\\/fr\\\/rubans-adh\u00e9sifs\\\/domaines-dapplication\\\/ruban-adhesif-en-papier\\\/tesa-4713-ruban-adhesif-en-papier\\\/\",\"url\":\"https:\\\/\\\/cardinal-tapes.com\\\/fr\\\/rubans-adh\u00e9sifs\\\/domaines-dapplication\\\/ruban-adhesif-en-papier\\\/tesa-4713-ruban-adhesif-en-papier\\\/\",\"name\":\"tesa\u00ae 4713 Ruban adh\u00e9sif en papier \\\/ Ruban adh\u00e9sif d'emballage | Cardinal TAPES\",\"isPartOf\":{\"@id\":\"https:\\\/\\\/cardinal-tapes.com\\\/#website\"},\"primaryImageOfPage\":{\"@id\":\"https:\\\/\\\/cardinal-tapes.com\\\/fr\\\/rubans-adh\u00e9sifs\\\/domaines-dapplication\\\/ruban-adhesif-en-papier\\\/tesa-4713-ruban-adhesif-en-papier\\\/#primaryimage\"},\"image\":{\"@id\":\"https:\\\/\\\/cardinal-tapes.com\\\/fr\\\/rubans-adh\u00e9sifs\\\/domaines-dapplication\\\/ruban-adhesif-en-papier\\\/tesa-4713-ruban-adhesif-en-papier\\\/#primaryimage\"},\"thumbnailUrl\":\"https:\\\/\\\/cardinal-tapes.com\\\/wp-content\\\/uploads\\\/tesa-4713.webp\",\"datePublished\":\"2022-07-08T06:57:01+00:00\",\"dateModified\":\"2025-07-02T10:34:05+00:00\",\"description\":\"tesa\u00ae 4713 Ruban adh\u00e9sif d'emballage avec papier issu de sources durables est respectueux de l'environnement, fiable et comp\u00e9titif.\",\"breadcrumb\":{\"@id\":\"https:\\\/\\\/cardinal-tapes.com\\\/fr\\\/rubans-adh\u00e9sifs\\\/domaines-dapplication\\\/ruban-adhesif-en-papier\\\/tesa-4713-ruban-adhesif-en-papier\\\/#breadcrumb\"},\"inLanguage\":\"fr-FR\",\"potentialAction\":[{\"@type\":\"ReadAction\",\"target\":[\"https:\\\/\\\/cardinal-tapes.com\\\/fr\\\/rubans-adh\u00e9sifs\\\/domaines-dapplication\\\/ruban-adhesif-en-papier\\\/tesa-4713-ruban-adhesif-en-papier\\\/\"]}]},{\"@type\":\"ImageObject\",\"inLanguage\":\"fr-FR\",\"@id\":\"https:\\\/\\\/cardinal-tapes.com\\\/fr\\\/rubans-adh\u00e9sifs\\\/domaines-dapplication\\\/ruban-adhesif-en-papier\\\/tesa-4713-ruban-adhesif-en-papier\\\/#primaryimage\",\"url\":\"https:\\\/\\\/cardinal-tapes.com\\\/wp-content\\\/uploads\\\/tesa-4713.webp\",\"contentUrl\":\"https:\\\/\\\/cardinal-tapes.com\\\/wp-content\\\/uploads\\\/tesa-4713.webp\",\"width\":608,\"height\":608},{\"@type\":\"BreadcrumbList\",\"@id\":\"https:\\\/\\\/cardinal-tapes.com\\\/fr\\\/rubans-adh\u00e9sifs\\\/domaines-dapplication\\\/ruban-adhesif-en-papier\\\/tesa-4713-ruban-adhesif-en-papier\\\/#breadcrumb\",\"itemListElement\":[{\"@type\":\"ListItem\",\"position\":1,\"name\":\"Startseite\",\"item\":\"https:\\\/\\\/cardinal-tapes.com\\\/fr\\\/accueil\\\/\"},{\"@type\":\"ListItem\",\"position\":2,\"name\":\"Rubans adh\u00e9sifs\",\"item\":\"https:\\\/\\\/cardinal-tapes.com\\\/fr\\\/rubans-adhesifs-fr\\\/\"},{\"@type\":\"ListItem\",\"position\":3,\"name\":\"Domaines d&#039;application\",\"item\":\"https:\\\/\\\/cardinal-tapes.com\\\/fr\\\/catgorie\\\/domaines-dapplication\\\/\"},{\"@type\":\"ListItem\",\"position\":4,\"name\":\"Ruban adh\u00e9sif en papier\",\"item\":\"https:\\\/\\\/cardinal-tapes.com\\\/fr\\\/catgorie\\\/ruban-adhesif-en-papier\\\/\"},{\"@type\":\"ListItem\",\"position\":5,\"name\":\"tesa\u00ae 4713 Ruban adh\u00e9sif en papier \\\/ ruban adh\u00e9sif d&#8217;emballage\"}]},{\"@type\":\"WebSite\",\"@id\":\"https:\\\/\\\/cardinal-tapes.com\\\/#website\",\"url\":\"https:\\\/\\\/cardinal-tapes.com\\\/\",\"name\":\"cardinal TAPES\",\"description\":\"Klebetechnik aus Wuppertal\",\"potentialAction\":[{\"@type\":\"SearchAction\",\"target\":{\"@type\":\"EntryPoint\",\"urlTemplate\":\"https:\\\/\\\/cardinal-tapes.com\\\/?s={search_term_string}\"},\"query-input\":{\"@type\":\"PropertyValueSpecification\",\"valueRequired\":true,\"valueName\":\"search_term_string\"}}],\"inLanguage\":\"fr-FR\"}]}<\/script>\n<!-- \/ Yoast SEO plugin. -->","yoast_head_json":{"title":"tesa\u00ae 4713 Ruban adh\u00e9sif en papier \/ Ruban adh\u00e9sif d'emballage | Cardinal TAPES","description":"tesa\u00ae 4713 Ruban adh\u00e9sif d'emballage avec papier issu de sources durables est respectueux de l'environnement, fiable et comp\u00e9titif.","robots":{"index":"index","follow":"follow","max-snippet":"max-snippet:-1","max-image-preview":"max-image-preview:large","max-video-preview":"max-video-preview:-1"},"canonical":"https:\/\/cardinal-tapes.com\/fr\/rubans-adh\u00e9sifs\/domaines-dapplication\/ruban-adhesif-en-papier\/tesa-4713-ruban-adhesif-en-papier\/","og_locale":"fr_FR","og_type":"article","og_title":"tesa\u00ae 4713 Ruban adh\u00e9sif en papier \/ Ruban adh\u00e9sif d'emballage | Cardinal TAPES","og_description":"tesa\u00ae 4713 Ruban adh\u00e9sif d'emballage avec papier issu de sources durables est respectueux de l'environnement, fiable et comp\u00e9titif.","og_url":"https:\/\/cardinal-tapes.com\/fr\/rubans-adh\u00e9sifs\/domaines-dapplication\/ruban-adhesif-en-papier\/tesa-4713-ruban-adhesif-en-papier\/","og_site_name":"cardinal TAPES","article_modified_time":"2025-07-02T10:34:05+00:00","og_image":[{"width":608,"height":608,"url":"https:\/\/cardinal-tapes.com\/wp-content\/uploads\/tesa-4713.webp","type":"image\/webp"}],"twitter_card":"summary_large_image","twitter_misc":{"Dur\u00e9e de lecture estim\u00e9e":"1 minute"},"schema":{"@context":"https:\/\/schema.org","@graph":[{"@type":"WebPage","@id":"https:\/\/cardinal-tapes.com\/fr\/rubans-adh\u00e9sifs\/domaines-dapplication\/ruban-adhesif-en-papier\/tesa-4713-ruban-adhesif-en-papier\/","url":"https:\/\/cardinal-tapes.com\/fr\/rubans-adh\u00e9sifs\/domaines-dapplication\/ruban-adhesif-en-papier\/tesa-4713-ruban-adhesif-en-papier\/","name":"tesa\u00ae 4713 Ruban adh\u00e9sif en papier \/ Ruban adh\u00e9sif d'emballage | Cardinal TAPES","isPartOf":{"@id":"https:\/\/cardinal-tapes.com\/#website"},"primaryImageOfPage":{"@id":"https:\/\/cardinal-tapes.com\/fr\/rubans-adh\u00e9sifs\/domaines-dapplication\/ruban-adhesif-en-papier\/tesa-4713-ruban-adhesif-en-papier\/#primaryimage"},"image":{"@id":"https:\/\/cardinal-tapes.com\/fr\/rubans-adh\u00e9sifs\/domaines-dapplication\/ruban-adhesif-en-papier\/tesa-4713-ruban-adhesif-en-papier\/#primaryimage"},"thumbnailUrl":"https:\/\/cardinal-tapes.com\/wp-content\/uploads\/tesa-4713.webp","datePublished":"2022-07-08T06:57:01+00:00","dateModified":"2025-07-02T10:34:05+00:00","description":"tesa\u00ae 4713 Ruban adh\u00e9sif d'emballage avec papier issu de sources durables est respectueux de l'environnement, fiable et comp\u00e9titif.","breadcrumb":{"@id":"https:\/\/cardinal-tapes.com\/fr\/rubans-adh\u00e9sifs\/domaines-dapplication\/ruban-adhesif-en-papier\/tesa-4713-ruban-adhesif-en-papier\/#breadcrumb"},"inLanguage":"fr-FR","potentialAction":[{"@type":"ReadAction","target":["https:\/\/cardinal-tapes.com\/fr\/rubans-adh\u00e9sifs\/domaines-dapplication\/ruban-adhesif-en-papier\/tesa-4713-ruban-adhesif-en-papier\/"]}]},{"@type":"ImageObject","inLanguage":"fr-FR","@id":"https:\/\/cardinal-tapes.com\/fr\/rubans-adh\u00e9sifs\/domaines-dapplication\/ruban-adhesif-en-papier\/tesa-4713-ruban-adhesif-en-papier\/#primaryimage","url":"https:\/\/cardinal-tapes.com\/wp-content\/uploads\/tesa-4713.webp","contentUrl":"https:\/\/cardinal-tapes.com\/wp-content\/uploads\/tesa-4713.webp","width":608,"height":608},{"@type":"BreadcrumbList","@id":"https:\/\/cardinal-tapes.com\/fr\/rubans-adh\u00e9sifs\/domaines-dapplication\/ruban-adhesif-en-papier\/tesa-4713-ruban-adhesif-en-papier\/#breadcrumb","itemListElement":[{"@type":"ListItem","position":1,"name":"Startseite","item":"https:\/\/cardinal-tapes.com\/fr\/accueil\/"},{"@type":"ListItem","position":2,"name":"Rubans adh\u00e9sifs","item":"https:\/\/cardinal-tapes.com\/fr\/rubans-adhesifs-fr\/"},{"@type":"ListItem","position":3,"name":"Domaines d&#039;application","item":"https:\/\/cardinal-tapes.com\/fr\/catgorie\/domaines-dapplication\/"},{"@type":"ListItem","position":4,"name":"Ruban adh\u00e9sif en papier","item":"https:\/\/cardinal-tapes.com\/fr\/catgorie\/ruban-adhesif-en-papier\/"},{"@type":"ListItem","position":5,"name":"tesa\u00ae 4713 Ruban adh\u00e9sif en papier \/ ruban adh\u00e9sif d&#8217;emballage"}]},{"@type":"WebSite","@id":"https:\/\/cardinal-tapes.com\/#website","url":"https:\/\/cardinal-tapes.com\/","name":"cardinal TAPES","description":"Klebetechnik aus Wuppertal","potentialAction":[{"@type":"SearchAction","target":{"@type":"EntryPoint","urlTemplate":"https:\/\/cardinal-tapes.com\/?s={search_term_string}"},"query-input":{"@type":"PropertyValueSpecification","valueRequired":true,"valueName":"search_term_string"}}],"inLanguage":"fr-FR"}]}},"brands":[{"id":2165,"name":"tesa","slug":"tesa-fr"}],"_links":{"self":[{"href":"https:\/\/cardinal-tapes.com\/fr\/wp-json\/wp\/v2\/product\/40373","targetHints":{"allow":["GET"]}}],"collection":[{"href":"https:\/\/cardinal-tapes.com\/fr\/wp-json\/wp\/v2\/product"}],"about":[{"href":"https:\/\/cardinal-tapes.com\/fr\/wp-json\/wp\/v2\/types\/product"}],"wp:featuredmedia":[{"embeddable":true,"href":"https:\/\/cardinal-tapes.com\/fr\/wp-json\/wp\/v2\/media\/28896"}],"wp:attachment":[{"href":"https:\/\/cardinal-tapes.com\/fr\/wp-json\/wp\/v2\/media?parent=40373"}],"wp:term":[{"taxonomy":"pwb-brand","embeddable":true,"href":"https:\/\/cardinal-tapes.com\/fr\/wp-json\/wp\/v2\/pwb-brand?post=40373"},{"taxonomy":"product_brand","embeddable":true,"href":"https:\/\/cardinal-tapes.com\/fr\/wp-json\/wp\/v2\/product_brand?post=40373"},{"taxonomy":"product_cat","embeddable":true,"href":"https:\/\/cardinal-tapes.com\/fr\/wp-json\/wp\/v2\/product_cat?post=40373"},{"taxonomy":"product_tag","embeddable":true,"href":"https:\/\/cardinal-tapes.com\/fr\/wp-json\/wp\/v2\/product_tag?post=40373"}],"curies":[{"name":"wp","href":"https:\/\/api.w.org\/{rel}","templated":true}]}}