{"id":40193,"date":"2022-08-15T09:37:14","date_gmt":"2023-06-05T14:55:23","guid":{"rendered":"https:\/\/cardinal.pixel-tal.de\/klebebaender\/non%20class\u00e9\/3m-vhb-ruban-adhesif-4613\/"},"modified":"2025-07-02T12:21:58","modified_gmt":"2025-07-02T10:21:58","slug":"3m-vhb-klebeband-4613","status":"publish","type":"product","link":"https:\/\/cardinal-tapes.com\/fr\/rubans-adh\u00e9sifs\/rubans-adhesifs-double-face\/3m-vhb-klebeband-4613\/","title":{"rendered":"3M\u2122 VHB\u2122 Ruban adh\u00e9sif 4613"},"content":{"rendered":"<p>Les rubans adh\u00e9sifs haute performance 3M\u2122 VHB\u2122 sont des rubans double face fabriqu\u00e9s \u00e0 partir d&#8217;un adh\u00e9sif acrylique \u00e0 cellules ferm\u00e9es. Ils offrent une tr\u00e8s grande adaptabilit\u00e9 aux surfaces \u00e0 coller. Les surfaces lisses ou structur\u00e9es peuvent \u00eatre assembl\u00e9es sans tension sur toute leur surface. Ainsi, le 3M\u2122 4613 est id\u00e9al pour de nombreuses surfaces \u00e0 faible \u00e9nergie, les surfaces peintes \u00e0 la poudre, les mati\u00e8res plastiques (pas le PVC souple) ou le verre.<\/p>\n<p><strong>Caract\u00e9ristiques<\/strong><br \/>\nL&#8217;absorption de charge dynamique \u00e9lev\u00e9e du ruban adh\u00e9sif r\u00e9duit les vibrations et les chocs. Ce faisant, il cr\u00e9e une \u00e9tanch\u00e9it\u00e9 durable \u00e0 l&#8217;eau et \u00e0 l&#8217;humidit\u00e9. De plus, le ruban adh\u00e9sif 4613 pr\u00e9sente une excellente r\u00e9sistance \u00e0 la temp\u00e9rature lors du collage de pi\u00e8ces m\u00e9talliques avant la peinture.<\/p>\n<p><strong>Applications<\/strong><br \/>\n&#8211; Collage d&#8217;\u00e9l\u00e9ments de raidissement et d&#8217;habillage, le montage devant des fours \u00e0 peinture ainsi que pour du mat\u00e9riel de d\u00e9coration et des baguettes<br \/>\n&#8211; Autres domaines d&#8217;application : Fabrication d&#8217;appareils, \u00e9lectronique, solutions d&#8217;affichage et de visualisation, industrie g\u00e9n\u00e9rale, etc.<br \/>\n&#8211; Les \u00e9l\u00e9ments d&#8217;assemblage m\u00e9caniques (rivets, soudures, vis) ou les adh\u00e9sifs liquides sont remplac\u00e9s<\/p>\n","protected":false},"excerpt":{"rendered":"<p>Les rubans adh\u00e9sifs haute performance 3M\u2122 VHB\u2122 sont des rubans double face fabriqu\u00e9s \u00e0 partir d&#8217;un adh\u00e9sif acrylique \u00e0 cellules ferm\u00e9es. Ils offrent une tr\u00e8s grande adaptabilit\u00e9 aux surfaces \u00e0 coller. Les surfaces lisses ou structur\u00e9es peuvent \u00eatre assembl\u00e9es sans tension sur toute leur surface. Ainsi, le 3M\u2122 4613 est id\u00e9al pour de nombreuses surfaces [&hellip;]<\/p>\n","protected":false},"featured_media":29024,"template":"","meta":{"_acf_changed":false},"pwb-brand":[2167],"product_brand":[],"product_cat":[1834],"product_tag":[],"class_list":{"0":"post-40193","1":"product","2":"type-product","3":"status-publish","4":"has-post-thumbnail","6":"pwb-brand-3m-fr","7":"product_cat-rubans-adhesifs-double-face","9":"first","10":"outofstock","11":"taxable","12":"shipping-taxable","13":"purchasable","14":"product-type-variable"},"acf":[],"yoast_head":"<!-- This site is optimized with the Yoast SEO plugin v27.3 - https:\/\/yoast.com\/product\/yoast-seo-wordpress\/ -->\n<title>3M\u2122 VHB\u2122 Ruban adh\u00e9sif 4613 | Cardinal TAPES<\/title>\n<meta name=\"description\" content=\"Les rubans adh\u00e9sifs haute performance 3M VHB sont des rubans double face \u00e0 base d&#039;adh\u00e9sif acrylique. Ils offrent une tr\u00e8s grande adaptabilit\u00e9 aux surfaces \u00e0 coller.\" \/>\n<meta name=\"robots\" content=\"index, follow, max-snippet:-1, max-image-preview:large, max-video-preview:-1\" \/>\n<link rel=\"canonical\" href=\"https:\/\/cardinal-tapes.com\/fr\/rubans-adh\u00e9sifs\/rubans-adhesifs-double-face\/3m-vhb-klebeband-4613\/\" \/>\n<meta property=\"og:locale\" content=\"fr_FR\" \/>\n<meta property=\"og:type\" content=\"article\" \/>\n<meta property=\"og:title\" content=\"3M\u2122 VHB\u2122 Ruban adh\u00e9sif 4613 | Cardinal TAPES\" \/>\n<meta property=\"og:description\" content=\"Les rubans adh\u00e9sifs haute performance 3M VHB sont des rubans double face \u00e0 base d&#039;adh\u00e9sif acrylique. Ils offrent une tr\u00e8s grande adaptabilit\u00e9 aux surfaces \u00e0 coller.\" \/>\n<meta property=\"og:url\" content=\"https:\/\/cardinal-tapes.com\/fr\/rubans-adh\u00e9sifs\/rubans-adhesifs-double-face\/3m-vhb-klebeband-4613\/\" \/>\n<meta property=\"og:site_name\" content=\"cardinal TAPES\" \/>\n<meta property=\"article:modified_time\" content=\"2025-07-02T10:21:58+00:00\" \/>\n<meta property=\"og:image\" content=\"https:\/\/cardinal-tapes.com\/wp-content\/uploads\/4613-f-acrylic-foam-tape-0012-0-mm-x-00033-0-m-crop-tif.webp\" \/>\n\t<meta property=\"og:image:width\" content=\"400\" \/>\n\t<meta property=\"og:image:height\" content=\"400\" \/>\n\t<meta property=\"og:image:type\" content=\"image\/webp\" \/>\n<meta name=\"twitter:card\" content=\"summary_large_image\" \/>\n<meta name=\"twitter:label1\" content=\"Dur\u00e9e de lecture estim\u00e9e\" \/>\n\t<meta name=\"twitter:data1\" content=\"1 minute\" \/>\n<script type=\"application\/ld+json\" class=\"yoast-schema-graph\">{\"@context\":\"https:\\\/\\\/schema.org\",\"@graph\":[{\"@type\":\"WebPage\",\"@id\":\"https:\\\/\\\/cardinal-tapes.com\\\/fr\\\/rubans-adh\u00e9sifs\\\/rubans-adhesifs-double-face\\\/3m-vhb-klebeband-4613\\\/\",\"url\":\"https:\\\/\\\/cardinal-tapes.com\\\/fr\\\/rubans-adh\u00e9sifs\\\/rubans-adhesifs-double-face\\\/3m-vhb-klebeband-4613\\\/\",\"name\":\"3M\u2122 VHB\u2122 Ruban adh\u00e9sif 4613 | Cardinal TAPES\",\"isPartOf\":{\"@id\":\"https:\\\/\\\/cardinal-tapes.com\\\/#website\"},\"primaryImageOfPage\":{\"@id\":\"https:\\\/\\\/cardinal-tapes.com\\\/fr\\\/rubans-adh\u00e9sifs\\\/rubans-adhesifs-double-face\\\/3m-vhb-klebeband-4613\\\/#primaryimage\"},\"image\":{\"@id\":\"https:\\\/\\\/cardinal-tapes.com\\\/fr\\\/rubans-adh\u00e9sifs\\\/rubans-adhesifs-double-face\\\/3m-vhb-klebeband-4613\\\/#primaryimage\"},\"thumbnailUrl\":\"https:\\\/\\\/cardinal-tapes.com\\\/wp-content\\\/uploads\\\/4613-f-acrylic-foam-tape-0012-0-mm-x-00033-0-m-crop-tif.webp\",\"datePublished\":\"2023-06-05T14:55:23+00:00\",\"dateModified\":\"2025-07-02T10:21:58+00:00\",\"description\":\"Les rubans adh\u00e9sifs haute performance 3M VHB sont des rubans double face \u00e0 base d'adh\u00e9sif acrylique. Ils offrent une tr\u00e8s grande adaptabilit\u00e9 aux surfaces \u00e0 coller.\",\"breadcrumb\":{\"@id\":\"https:\\\/\\\/cardinal-tapes.com\\\/fr\\\/rubans-adh\u00e9sifs\\\/rubans-adhesifs-double-face\\\/3m-vhb-klebeband-4613\\\/#breadcrumb\"},\"inLanguage\":\"fr-FR\",\"potentialAction\":[{\"@type\":\"ReadAction\",\"target\":[\"https:\\\/\\\/cardinal-tapes.com\\\/fr\\\/rubans-adh\u00e9sifs\\\/rubans-adhesifs-double-face\\\/3m-vhb-klebeband-4613\\\/\"]}]},{\"@type\":\"ImageObject\",\"inLanguage\":\"fr-FR\",\"@id\":\"https:\\\/\\\/cardinal-tapes.com\\\/fr\\\/rubans-adh\u00e9sifs\\\/rubans-adhesifs-double-face\\\/3m-vhb-klebeband-4613\\\/#primaryimage\",\"url\":\"https:\\\/\\\/cardinal-tapes.com\\\/wp-content\\\/uploads\\\/4613-f-acrylic-foam-tape-0012-0-mm-x-00033-0-m-crop-tif.webp\",\"contentUrl\":\"https:\\\/\\\/cardinal-tapes.com\\\/wp-content\\\/uploads\\\/4613-f-acrylic-foam-tape-0012-0-mm-x-00033-0-m-crop-tif.webp\",\"width\":400,\"height\":400},{\"@type\":\"BreadcrumbList\",\"@id\":\"https:\\\/\\\/cardinal-tapes.com\\\/fr\\\/rubans-adh\u00e9sifs\\\/rubans-adhesifs-double-face\\\/3m-vhb-klebeband-4613\\\/#breadcrumb\",\"itemListElement\":[{\"@type\":\"ListItem\",\"position\":1,\"name\":\"Startseite\",\"item\":\"https:\\\/\\\/cardinal-tapes.com\\\/fr\\\/accueil\\\/\"},{\"@type\":\"ListItem\",\"position\":2,\"name\":\"Rubans adh\u00e9sifs\",\"item\":\"https:\\\/\\\/cardinal-tapes.com\\\/fr\\\/rubans-adhesifs-fr\\\/\"},{\"@type\":\"ListItem\",\"position\":3,\"name\":\"Rubans adh\u00e9sifs double face\",\"item\":\"https:\\\/\\\/cardinal-tapes.com\\\/fr\\\/catgorie\\\/rubans-adhesifs-double-face\\\/\"},{\"@type\":\"ListItem\",\"position\":4,\"name\":\"3M\u2122 VHB\u2122 Ruban adh\u00e9sif 4613\"}]},{\"@type\":\"WebSite\",\"@id\":\"https:\\\/\\\/cardinal-tapes.com\\\/#website\",\"url\":\"https:\\\/\\\/cardinal-tapes.com\\\/\",\"name\":\"cardinal TAPES\",\"description\":\"Klebetechnik aus Wuppertal\",\"potentialAction\":[{\"@type\":\"SearchAction\",\"target\":{\"@type\":\"EntryPoint\",\"urlTemplate\":\"https:\\\/\\\/cardinal-tapes.com\\\/?s={search_term_string}\"},\"query-input\":{\"@type\":\"PropertyValueSpecification\",\"valueRequired\":true,\"valueName\":\"search_term_string\"}}],\"inLanguage\":\"fr-FR\"}]}<\/script>\n<!-- \/ Yoast SEO plugin. -->","yoast_head_json":{"title":"3M\u2122 VHB\u2122 Ruban adh\u00e9sif 4613 | Cardinal TAPES","description":"Les rubans adh\u00e9sifs haute performance 3M VHB sont des rubans double face \u00e0 base d'adh\u00e9sif acrylique. Ils offrent une tr\u00e8s grande adaptabilit\u00e9 aux surfaces \u00e0 coller.","robots":{"index":"index","follow":"follow","max-snippet":"max-snippet:-1","max-image-preview":"max-image-preview:large","max-video-preview":"max-video-preview:-1"},"canonical":"https:\/\/cardinal-tapes.com\/fr\/rubans-adh\u00e9sifs\/rubans-adhesifs-double-face\/3m-vhb-klebeband-4613\/","og_locale":"fr_FR","og_type":"article","og_title":"3M\u2122 VHB\u2122 Ruban adh\u00e9sif 4613 | Cardinal TAPES","og_description":"Les rubans adh\u00e9sifs haute performance 3M VHB sont des rubans double face \u00e0 base d'adh\u00e9sif acrylique. Ils offrent une tr\u00e8s grande adaptabilit\u00e9 aux surfaces \u00e0 coller.","og_url":"https:\/\/cardinal-tapes.com\/fr\/rubans-adh\u00e9sifs\/rubans-adhesifs-double-face\/3m-vhb-klebeband-4613\/","og_site_name":"cardinal TAPES","article_modified_time":"2025-07-02T10:21:58+00:00","og_image":[{"width":400,"height":400,"url":"https:\/\/cardinal-tapes.com\/wp-content\/uploads\/4613-f-acrylic-foam-tape-0012-0-mm-x-00033-0-m-crop-tif.webp","type":"image\/webp"}],"twitter_card":"summary_large_image","twitter_misc":{"Dur\u00e9e de lecture estim\u00e9e":"1 minute"},"schema":{"@context":"https:\/\/schema.org","@graph":[{"@type":"WebPage","@id":"https:\/\/cardinal-tapes.com\/fr\/rubans-adh\u00e9sifs\/rubans-adhesifs-double-face\/3m-vhb-klebeband-4613\/","url":"https:\/\/cardinal-tapes.com\/fr\/rubans-adh\u00e9sifs\/rubans-adhesifs-double-face\/3m-vhb-klebeband-4613\/","name":"3M\u2122 VHB\u2122 Ruban adh\u00e9sif 4613 | Cardinal TAPES","isPartOf":{"@id":"https:\/\/cardinal-tapes.com\/#website"},"primaryImageOfPage":{"@id":"https:\/\/cardinal-tapes.com\/fr\/rubans-adh\u00e9sifs\/rubans-adhesifs-double-face\/3m-vhb-klebeband-4613\/#primaryimage"},"image":{"@id":"https:\/\/cardinal-tapes.com\/fr\/rubans-adh\u00e9sifs\/rubans-adhesifs-double-face\/3m-vhb-klebeband-4613\/#primaryimage"},"thumbnailUrl":"https:\/\/cardinal-tapes.com\/wp-content\/uploads\/4613-f-acrylic-foam-tape-0012-0-mm-x-00033-0-m-crop-tif.webp","datePublished":"2023-06-05T14:55:23+00:00","dateModified":"2025-07-02T10:21:58+00:00","description":"Les rubans adh\u00e9sifs haute performance 3M VHB sont des rubans double face \u00e0 base d'adh\u00e9sif acrylique. Ils offrent une tr\u00e8s grande adaptabilit\u00e9 aux surfaces \u00e0 coller.","breadcrumb":{"@id":"https:\/\/cardinal-tapes.com\/fr\/rubans-adh\u00e9sifs\/rubans-adhesifs-double-face\/3m-vhb-klebeband-4613\/#breadcrumb"},"inLanguage":"fr-FR","potentialAction":[{"@type":"ReadAction","target":["https:\/\/cardinal-tapes.com\/fr\/rubans-adh\u00e9sifs\/rubans-adhesifs-double-face\/3m-vhb-klebeband-4613\/"]}]},{"@type":"ImageObject","inLanguage":"fr-FR","@id":"https:\/\/cardinal-tapes.com\/fr\/rubans-adh\u00e9sifs\/rubans-adhesifs-double-face\/3m-vhb-klebeband-4613\/#primaryimage","url":"https:\/\/cardinal-tapes.com\/wp-content\/uploads\/4613-f-acrylic-foam-tape-0012-0-mm-x-00033-0-m-crop-tif.webp","contentUrl":"https:\/\/cardinal-tapes.com\/wp-content\/uploads\/4613-f-acrylic-foam-tape-0012-0-mm-x-00033-0-m-crop-tif.webp","width":400,"height":400},{"@type":"BreadcrumbList","@id":"https:\/\/cardinal-tapes.com\/fr\/rubans-adh\u00e9sifs\/rubans-adhesifs-double-face\/3m-vhb-klebeband-4613\/#breadcrumb","itemListElement":[{"@type":"ListItem","position":1,"name":"Startseite","item":"https:\/\/cardinal-tapes.com\/fr\/accueil\/"},{"@type":"ListItem","position":2,"name":"Rubans adh\u00e9sifs","item":"https:\/\/cardinal-tapes.com\/fr\/rubans-adhesifs-fr\/"},{"@type":"ListItem","position":3,"name":"Rubans adh\u00e9sifs double face","item":"https:\/\/cardinal-tapes.com\/fr\/catgorie\/rubans-adhesifs-double-face\/"},{"@type":"ListItem","position":4,"name":"3M\u2122 VHB\u2122 Ruban adh\u00e9sif 4613"}]},{"@type":"WebSite","@id":"https:\/\/cardinal-tapes.com\/#website","url":"https:\/\/cardinal-tapes.com\/","name":"cardinal TAPES","description":"Klebetechnik aus Wuppertal","potentialAction":[{"@type":"SearchAction","target":{"@type":"EntryPoint","urlTemplate":"https:\/\/cardinal-tapes.com\/?s={search_term_string}"},"query-input":{"@type":"PropertyValueSpecification","valueRequired":true,"valueName":"search_term_string"}}],"inLanguage":"fr-FR"}]}},"brands":[{"id":2167,"name":"3M","slug":"3m-fr"}],"_links":{"self":[{"href":"https:\/\/cardinal-tapes.com\/fr\/wp-json\/wp\/v2\/product\/40193","targetHints":{"allow":["GET"]}}],"collection":[{"href":"https:\/\/cardinal-tapes.com\/fr\/wp-json\/wp\/v2\/product"}],"about":[{"href":"https:\/\/cardinal-tapes.com\/fr\/wp-json\/wp\/v2\/types\/product"}],"wp:featuredmedia":[{"embeddable":true,"href":"https:\/\/cardinal-tapes.com\/fr\/wp-json\/wp\/v2\/media\/29024"}],"wp:attachment":[{"href":"https:\/\/cardinal-tapes.com\/fr\/wp-json\/wp\/v2\/media?parent=40193"}],"wp:term":[{"taxonomy":"pwb-brand","embeddable":true,"href":"https:\/\/cardinal-tapes.com\/fr\/wp-json\/wp\/v2\/pwb-brand?post=40193"},{"taxonomy":"product_brand","embeddable":true,"href":"https:\/\/cardinal-tapes.com\/fr\/wp-json\/wp\/v2\/product_brand?post=40193"},{"taxonomy":"product_cat","embeddable":true,"href":"https:\/\/cardinal-tapes.com\/fr\/wp-json\/wp\/v2\/product_cat?post=40193"},{"taxonomy":"product_tag","embeddable":true,"href":"https:\/\/cardinal-tapes.com\/fr\/wp-json\/wp\/v2\/product_tag?post=40193"}],"curies":[{"name":"wp","href":"https:\/\/api.w.org\/{rel}","templated":true}]}}