{"id":40183,"date":"2022-07-12T09:00:49","date_gmt":"2022-07-12T07:00:49","guid":{"rendered":"https:\/\/cardinal.pixel-tal.de\/klebebaender\/non%20class\u00e9\/tesapack-4313-pv10-ruban-papier\/"},"modified":"2025-07-02T12:27:50","modified_gmt":"2025-07-02T10:27:50","slug":"tesapack-4313-pv10-papierband","status":"publish","type":"product","link":"https:\/\/cardinal-tapes.com\/fr\/rubans-adh\u00e9sifs\/rubans-adhesifs-simple-face\/film-pet\/tesapack-4313-pv10-papierband\/","title":{"rendered":"tesapack\u00ae 4313 PV10 ruban papier"},"content":{"rendered":"<p><span class=\"lowercase\">tesa\u00ae<\/span>4313 PV10 est un ruban adh\u00e9sif d&#8217;emballage haut de gamme avec un support papier dot\u00e9 d&#8217;une couche de s\u00e9paration sans silicone et d&#8217;un syst\u00e8me adh\u00e9sif en caoutchouc synth\u00e9tique sans solvant. Le support en papier premium r\u00e9sistant \u00e0 la d\u00e9chirure est fabriqu\u00e9 \u00e0 partir de papier issu de for\u00eats bien g\u00e9r\u00e9es certifi\u00e9es FSC\u00ae et d&#8217;autres sources contr\u00f4l\u00e9es (FSC\u00ae C148769). <span class=\"lowercase\">tesa\u00ae<\/span>4313 PV10 offre une forte adh\u00e9rence et un pouvoir adh\u00e9sif sur une grande vari\u00e9t\u00e9 de qualit\u00e9s de carton diff\u00e9rentes, ce qui le rend id\u00e9al pour la fermeture de cartons l\u00e9gers et moyennement lourds. Le support est bas\u00e9 sur le papier, un mat\u00e9riau naturel et durable. Le produit \u00e9tant exempt de chlore et bas\u00e9 sur des d\u00e9riv\u00e9s d&#8217;huile min\u00e9rale pure, son \u00e9limination par traitement thermique est respectueuse de l&#8217;environnement. La combinaison d&#8217;un support papier certifi\u00e9 FSC\u00ae et d&#8217;un adh\u00e9sif en caoutchouc synth\u00e9tique sans solvant rend ce ruban papier premium respectueux de l&#8217;environnement et du recyclage selon la m\u00e9thode INGEDE 12. <span class=\"lowercase\">tesa\u00ae<\/span>4313 PV10 peut \u00eatre utilis\u00e9 manuellement ou avec une d\u00e9rouleuse et est disponible en chamois et en blanc.<\/p>\n<p><strong><span class=\"copy-bold d-block mb-1\" data-v-0f400a92=\"\">Principales applications<\/span><\/strong><\/p>\n<div class=\"pdp-buybox__applications\" data-v-0f400a92=\"\">\n<ul>\n<li><span class=\"lowercase\">tesa\u00ae<\/span>4313 PV10 est id\u00e9al pour la fermeture de cartons l\u00e9gers et moyennement lourds (max. 15 kg)<\/li>\n<li>Ce ruban adh\u00e9sif en papier peut \u00eatre utilis\u00e9 pour la mise en sc\u00e8ne de marques et \u00e0 des fins publicitaires<\/li>\n<li><span class=\"lowercase hyphens-manual\">tesa\u00ae<\/span>4313 PV10 est imprimable et peut \u00eatre appliqu\u00e9 manuellement ou \u00e0 l&#8217;aide d&#8217;une machine \u00e0 d\u00e9rouler.<\/li>\n<\/ul>\n<\/div>\n","protected":false},"excerpt":{"rendered":"<p>tesa\u00ae4313 PV10 est un ruban adh\u00e9sif d&#8217;emballage haut de gamme avec un support papier dot\u00e9 d&#8217;une couche de s\u00e9paration sans silicone et d&#8217;un syst\u00e8me adh\u00e9sif en caoutchouc synth\u00e9tique sans solvant. Le support en papier premium r\u00e9sistant \u00e0 la d\u00e9chirure est fabriqu\u00e9 \u00e0 partir de papier issu de for\u00eats bien g\u00e9r\u00e9es certifi\u00e9es FSC\u00ae et d&#8217;autres sources [&hellip;]<\/p>\n","protected":false},"featured_media":28912,"template":"","meta":{"_acf_changed":false},"pwb-brand":[2165],"product_brand":[],"product_cat":[1836,1839,1859],"product_tag":[],"class_list":{"0":"post-40183","1":"product","2":"type-product","3":"status-publish","4":"has-post-thumbnail","6":"pwb-brand-tesa-fr","7":"product_cat-rubans-adhesifs-simple-face","8":"product_cat-film-pet","9":"product_cat-systemes-demballage","11":"first","12":"instock","13":"featured","14":"taxable","15":"shipping-taxable","16":"purchasable","17":"product-type-variable"},"acf":[],"yoast_head":"<!-- This site is optimized with the Yoast SEO plugin v27.3 - https:\/\/yoast.com\/product\/yoast-seo-wordpress\/ -->\n<title>tesapack\u00ae 4313 PV10 ruban papier | Cardinal TAPES<\/title>\n<meta name=\"description\" content=\"tesa\u00ae 4313 PV10 est un ruban adh\u00e9sif d&#039;emballage haut de gamme avec un syst\u00e8me d&#039;adh\u00e9sif en caoutchouc synth\u00e9tique sans solvant.\" \/>\n<meta name=\"robots\" content=\"index, follow, max-snippet:-1, max-image-preview:large, max-video-preview:-1\" \/>\n<link rel=\"canonical\" href=\"https:\/\/cardinal-tapes.com\/fr\/rubans-adh\u00e9sifs\/rubans-adhesifs-simple-face\/film-pet\/tesapack-4313-pv10-papierband\/\" \/>\n<meta property=\"og:locale\" content=\"fr_FR\" \/>\n<meta property=\"og:type\" content=\"article\" \/>\n<meta property=\"og:title\" content=\"tesapack\u00ae 4313 PV10 ruban papier | Cardinal TAPES\" \/>\n<meta property=\"og:description\" content=\"tesa\u00ae 4313 PV10 est un ruban adh\u00e9sif d&#039;emballage haut de gamme avec un syst\u00e8me d&#039;adh\u00e9sif en caoutchouc synth\u00e9tique sans solvant.\" \/>\n<meta property=\"og:url\" content=\"https:\/\/cardinal-tapes.com\/fr\/rubans-adh\u00e9sifs\/rubans-adhesifs-simple-face\/film-pet\/tesapack-4313-pv10-papierband\/\" \/>\n<meta property=\"og:site_name\" content=\"cardinal TAPES\" \/>\n<meta property=\"article:modified_time\" content=\"2025-07-02T10:27:50+00:00\" \/>\n<meta property=\"og:image\" content=\"https:\/\/cardinal-tapes.com\/wp-content\/uploads\/4313-p0-1.webp\" \/>\n\t<meta property=\"og:image:width\" content=\"608\" \/>\n\t<meta property=\"og:image:height\" content=\"608\" \/>\n\t<meta property=\"og:image:type\" content=\"image\/webp\" \/>\n<meta name=\"twitter:card\" content=\"summary_large_image\" \/>\n<meta name=\"twitter:label1\" content=\"Dur\u00e9e de lecture estim\u00e9e\" \/>\n\t<meta name=\"twitter:data1\" content=\"1 minute\" \/>\n<script type=\"application\/ld+json\" class=\"yoast-schema-graph\">{\"@context\":\"https:\\\/\\\/schema.org\",\"@graph\":[{\"@type\":\"WebPage\",\"@id\":\"https:\\\/\\\/cardinal-tapes.com\\\/fr\\\/rubans-adh\u00e9sifs\\\/rubans-adhesifs-simple-face\\\/film-pet\\\/tesapack-4313-pv10-papierband\\\/\",\"url\":\"https:\\\/\\\/cardinal-tapes.com\\\/fr\\\/rubans-adh\u00e9sifs\\\/rubans-adhesifs-simple-face\\\/film-pet\\\/tesapack-4313-pv10-papierband\\\/\",\"name\":\"tesapack\u00ae 4313 PV10 ruban papier | Cardinal TAPES\",\"isPartOf\":{\"@id\":\"https:\\\/\\\/cardinal-tapes.com\\\/#website\"},\"primaryImageOfPage\":{\"@id\":\"https:\\\/\\\/cardinal-tapes.com\\\/fr\\\/rubans-adh\u00e9sifs\\\/rubans-adhesifs-simple-face\\\/film-pet\\\/tesapack-4313-pv10-papierband\\\/#primaryimage\"},\"image\":{\"@id\":\"https:\\\/\\\/cardinal-tapes.com\\\/fr\\\/rubans-adh\u00e9sifs\\\/rubans-adhesifs-simple-face\\\/film-pet\\\/tesapack-4313-pv10-papierband\\\/#primaryimage\"},\"thumbnailUrl\":\"https:\\\/\\\/cardinal-tapes.com\\\/wp-content\\\/uploads\\\/4313-p0-1.webp\",\"datePublished\":\"2022-07-12T07:00:49+00:00\",\"dateModified\":\"2025-07-02T10:27:50+00:00\",\"description\":\"tesa\u00ae 4313 PV10 est un ruban adh\u00e9sif d'emballage haut de gamme avec un syst\u00e8me d'adh\u00e9sif en caoutchouc synth\u00e9tique sans solvant.\",\"breadcrumb\":{\"@id\":\"https:\\\/\\\/cardinal-tapes.com\\\/fr\\\/rubans-adh\u00e9sifs\\\/rubans-adhesifs-simple-face\\\/film-pet\\\/tesapack-4313-pv10-papierband\\\/#breadcrumb\"},\"inLanguage\":\"fr-FR\",\"potentialAction\":[{\"@type\":\"ReadAction\",\"target\":[\"https:\\\/\\\/cardinal-tapes.com\\\/fr\\\/rubans-adh\u00e9sifs\\\/rubans-adhesifs-simple-face\\\/film-pet\\\/tesapack-4313-pv10-papierband\\\/\"]}]},{\"@type\":\"ImageObject\",\"inLanguage\":\"fr-FR\",\"@id\":\"https:\\\/\\\/cardinal-tapes.com\\\/fr\\\/rubans-adh\u00e9sifs\\\/rubans-adhesifs-simple-face\\\/film-pet\\\/tesapack-4313-pv10-papierband\\\/#primaryimage\",\"url\":\"https:\\\/\\\/cardinal-tapes.com\\\/wp-content\\\/uploads\\\/4313-p0-1.webp\",\"contentUrl\":\"https:\\\/\\\/cardinal-tapes.com\\\/wp-content\\\/uploads\\\/4313-p0-1.webp\",\"width\":608,\"height\":608},{\"@type\":\"BreadcrumbList\",\"@id\":\"https:\\\/\\\/cardinal-tapes.com\\\/fr\\\/rubans-adh\u00e9sifs\\\/rubans-adhesifs-simple-face\\\/film-pet\\\/tesapack-4313-pv10-papierband\\\/#breadcrumb\",\"itemListElement\":[{\"@type\":\"ListItem\",\"position\":1,\"name\":\"Startseite\",\"item\":\"https:\\\/\\\/cardinal-tapes.com\\\/fr\\\/accueil\\\/\"},{\"@type\":\"ListItem\",\"position\":2,\"name\":\"Rubans adh\u00e9sifs\",\"item\":\"https:\\\/\\\/cardinal-tapes.com\\\/fr\\\/rubans-adhesifs-fr\\\/\"},{\"@type\":\"ListItem\",\"position\":3,\"name\":\"Rubans adh\u00e9sifs simple face\",\"item\":\"https:\\\/\\\/cardinal-tapes.com\\\/fr\\\/catgorie\\\/rubans-adhesifs-simple-face\\\/\"},{\"@type\":\"ListItem\",\"position\":4,\"name\":\"Film PET\",\"item\":\"https:\\\/\\\/cardinal-tapes.com\\\/fr\\\/catgorie\\\/film-pet\\\/\"},{\"@type\":\"ListItem\",\"position\":5,\"name\":\"tesapack\u00ae 4313 PV10 ruban papier\"}]},{\"@type\":\"WebSite\",\"@id\":\"https:\\\/\\\/cardinal-tapes.com\\\/#website\",\"url\":\"https:\\\/\\\/cardinal-tapes.com\\\/\",\"name\":\"cardinal TAPES\",\"description\":\"Klebetechnik aus Wuppertal\",\"potentialAction\":[{\"@type\":\"SearchAction\",\"target\":{\"@type\":\"EntryPoint\",\"urlTemplate\":\"https:\\\/\\\/cardinal-tapes.com\\\/?s={search_term_string}\"},\"query-input\":{\"@type\":\"PropertyValueSpecification\",\"valueRequired\":true,\"valueName\":\"search_term_string\"}}],\"inLanguage\":\"fr-FR\"}]}<\/script>\n<!-- \/ Yoast SEO plugin. -->","yoast_head_json":{"title":"tesapack\u00ae 4313 PV10 ruban papier | Cardinal TAPES","description":"tesa\u00ae 4313 PV10 est un ruban adh\u00e9sif d'emballage haut de gamme avec un syst\u00e8me d'adh\u00e9sif en caoutchouc synth\u00e9tique sans solvant.","robots":{"index":"index","follow":"follow","max-snippet":"max-snippet:-1","max-image-preview":"max-image-preview:large","max-video-preview":"max-video-preview:-1"},"canonical":"https:\/\/cardinal-tapes.com\/fr\/rubans-adh\u00e9sifs\/rubans-adhesifs-simple-face\/film-pet\/tesapack-4313-pv10-papierband\/","og_locale":"fr_FR","og_type":"article","og_title":"tesapack\u00ae 4313 PV10 ruban papier | Cardinal TAPES","og_description":"tesa\u00ae 4313 PV10 est un ruban adh\u00e9sif d'emballage haut de gamme avec un syst\u00e8me d'adh\u00e9sif en caoutchouc synth\u00e9tique sans solvant.","og_url":"https:\/\/cardinal-tapes.com\/fr\/rubans-adh\u00e9sifs\/rubans-adhesifs-simple-face\/film-pet\/tesapack-4313-pv10-papierband\/","og_site_name":"cardinal TAPES","article_modified_time":"2025-07-02T10:27:50+00:00","og_image":[{"width":608,"height":608,"url":"https:\/\/cardinal-tapes.com\/wp-content\/uploads\/4313-p0-1.webp","type":"image\/webp"}],"twitter_card":"summary_large_image","twitter_misc":{"Dur\u00e9e de lecture estim\u00e9e":"1 minute"},"schema":{"@context":"https:\/\/schema.org","@graph":[{"@type":"WebPage","@id":"https:\/\/cardinal-tapes.com\/fr\/rubans-adh\u00e9sifs\/rubans-adhesifs-simple-face\/film-pet\/tesapack-4313-pv10-papierband\/","url":"https:\/\/cardinal-tapes.com\/fr\/rubans-adh\u00e9sifs\/rubans-adhesifs-simple-face\/film-pet\/tesapack-4313-pv10-papierband\/","name":"tesapack\u00ae 4313 PV10 ruban papier | Cardinal TAPES","isPartOf":{"@id":"https:\/\/cardinal-tapes.com\/#website"},"primaryImageOfPage":{"@id":"https:\/\/cardinal-tapes.com\/fr\/rubans-adh\u00e9sifs\/rubans-adhesifs-simple-face\/film-pet\/tesapack-4313-pv10-papierband\/#primaryimage"},"image":{"@id":"https:\/\/cardinal-tapes.com\/fr\/rubans-adh\u00e9sifs\/rubans-adhesifs-simple-face\/film-pet\/tesapack-4313-pv10-papierband\/#primaryimage"},"thumbnailUrl":"https:\/\/cardinal-tapes.com\/wp-content\/uploads\/4313-p0-1.webp","datePublished":"2022-07-12T07:00:49+00:00","dateModified":"2025-07-02T10:27:50+00:00","description":"tesa\u00ae 4313 PV10 est un ruban adh\u00e9sif d'emballage haut de gamme avec un syst\u00e8me d'adh\u00e9sif en caoutchouc synth\u00e9tique sans solvant.","breadcrumb":{"@id":"https:\/\/cardinal-tapes.com\/fr\/rubans-adh\u00e9sifs\/rubans-adhesifs-simple-face\/film-pet\/tesapack-4313-pv10-papierband\/#breadcrumb"},"inLanguage":"fr-FR","potentialAction":[{"@type":"ReadAction","target":["https:\/\/cardinal-tapes.com\/fr\/rubans-adh\u00e9sifs\/rubans-adhesifs-simple-face\/film-pet\/tesapack-4313-pv10-papierband\/"]}]},{"@type":"ImageObject","inLanguage":"fr-FR","@id":"https:\/\/cardinal-tapes.com\/fr\/rubans-adh\u00e9sifs\/rubans-adhesifs-simple-face\/film-pet\/tesapack-4313-pv10-papierband\/#primaryimage","url":"https:\/\/cardinal-tapes.com\/wp-content\/uploads\/4313-p0-1.webp","contentUrl":"https:\/\/cardinal-tapes.com\/wp-content\/uploads\/4313-p0-1.webp","width":608,"height":608},{"@type":"BreadcrumbList","@id":"https:\/\/cardinal-tapes.com\/fr\/rubans-adh\u00e9sifs\/rubans-adhesifs-simple-face\/film-pet\/tesapack-4313-pv10-papierband\/#breadcrumb","itemListElement":[{"@type":"ListItem","position":1,"name":"Startseite","item":"https:\/\/cardinal-tapes.com\/fr\/accueil\/"},{"@type":"ListItem","position":2,"name":"Rubans adh\u00e9sifs","item":"https:\/\/cardinal-tapes.com\/fr\/rubans-adhesifs-fr\/"},{"@type":"ListItem","position":3,"name":"Rubans adh\u00e9sifs simple face","item":"https:\/\/cardinal-tapes.com\/fr\/catgorie\/rubans-adhesifs-simple-face\/"},{"@type":"ListItem","position":4,"name":"Film PET","item":"https:\/\/cardinal-tapes.com\/fr\/catgorie\/film-pet\/"},{"@type":"ListItem","position":5,"name":"tesapack\u00ae 4313 PV10 ruban papier"}]},{"@type":"WebSite","@id":"https:\/\/cardinal-tapes.com\/#website","url":"https:\/\/cardinal-tapes.com\/","name":"cardinal TAPES","description":"Klebetechnik aus Wuppertal","potentialAction":[{"@type":"SearchAction","target":{"@type":"EntryPoint","urlTemplate":"https:\/\/cardinal-tapes.com\/?s={search_term_string}"},"query-input":{"@type":"PropertyValueSpecification","valueRequired":true,"valueName":"search_term_string"}}],"inLanguage":"fr-FR"}]}},"brands":[{"id":2165,"name":"tesa","slug":"tesa-fr"}],"_links":{"self":[{"href":"https:\/\/cardinal-tapes.com\/fr\/wp-json\/wp\/v2\/product\/40183","targetHints":{"allow":["GET"]}}],"collection":[{"href":"https:\/\/cardinal-tapes.com\/fr\/wp-json\/wp\/v2\/product"}],"about":[{"href":"https:\/\/cardinal-tapes.com\/fr\/wp-json\/wp\/v2\/types\/product"}],"wp:featuredmedia":[{"embeddable":true,"href":"https:\/\/cardinal-tapes.com\/fr\/wp-json\/wp\/v2\/media\/28912"}],"wp:attachment":[{"href":"https:\/\/cardinal-tapes.com\/fr\/wp-json\/wp\/v2\/media?parent=40183"}],"wp:term":[{"taxonomy":"pwb-brand","embeddable":true,"href":"https:\/\/cardinal-tapes.com\/fr\/wp-json\/wp\/v2\/pwb-brand?post=40183"},{"taxonomy":"product_brand","embeddable":true,"href":"https:\/\/cardinal-tapes.com\/fr\/wp-json\/wp\/v2\/product_brand?post=40183"},{"taxonomy":"product_cat","embeddable":true,"href":"https:\/\/cardinal-tapes.com\/fr\/wp-json\/wp\/v2\/product_cat?post=40183"},{"taxonomy":"product_tag","embeddable":true,"href":"https:\/\/cardinal-tapes.com\/fr\/wp-json\/wp\/v2\/product_tag?post=40183"}],"curies":[{"name":"wp","href":"https:\/\/api.w.org\/{rel}","templated":true}]}}