{"id":40182,"date":"2022-07-11T12:31:46","date_gmt":"2022-07-11T10:31:46","guid":{"rendered":"https:\/\/cardinal.pixel-tal.de\/klebebaender\/non%20class\u00e9\/tesa-60412-70-pcr-pet-ruban-adhesif-demballage\/"},"modified":"2025-07-02T12:31:23","modified_gmt":"2025-07-02T10:31:23","slug":"tesa-60412-70-pcr-pet-adhesif-demballage","status":"publish","type":"product","link":"https:\/\/cardinal-tapes.com\/fr\/rubans-adh\u00e9sifs\/rubans-adhesifs-simple-face\/film-pet\/tesa-60412-70-pcr-pet-adhesif-demballage\/","title":{"rendered":"tesa\u00ae 60412 70% PCR PET Ruban adh\u00e9sif d&#8217;emballage"},"content":{"rendered":"<p>tesa\u00ae 60412 est un ruban d&#8217;emballage universel compos\u00e9 d&#8217;un support PET recycl\u00e9 \u00e0 70% (PCR) et d&#8217;un syst\u00e8me adh\u00e9sif acrylique \u00e0 base d&#8217;eau<br \/>\n. tesa\u00ae 60412 a un support solide et r\u00e9sistant \u00e0 l&#8217;abrasion avec d&#8217;excellentes propri\u00e9t\u00e9s d&#8217;adh\u00e9rence<br \/>\n. L&#8217;adh\u00e9sif acrylique solide fait de ce produit la solution parfaite pour les applications d&#8217;emballage l\u00e9g\u00e8res et<br \/>\nde poids moyen (max. 30 kg). La combinaison de mat\u00e9riaux garantit un d\u00e9roulement silencieux<br \/>\net une excellente imprimabilit\u00e9 avec tous les types de syst\u00e8mes d&#8217;encre. De plus, tesa\u00ae 60412 a une tr\u00e8s bonne adh\u00e9rence<br \/>\nsur les cartons recycl\u00e9s.    <\/p>\n<p><strong>Aspects durables<\/strong><br \/>\n&#8211; Le support est fabriqu\u00e9 \u00e0 partir de PET recycl\u00e9 post-consommation (70 % de recyclage).<br \/>\n&#8211; Processus de production sans solvant<br \/>\n&#8211; L&#8217;adh\u00e9sif recyclable n&#8217;entrave pas le processus de recyclage du papier<\/p>\n<p><strong>Caract\u00e9ristiques du produit<\/strong><br \/>\n&#8211; Le support est en PET recycl\u00e9 post-consommation (70% de recyclage).<br \/>\n&#8211; Support PET solide et ind\u00e9chirable<br \/>\n&#8211; Adh\u00e9sif acrylique \u00e0 base d&#8217;eau versatile<br \/>\n&#8211; D\u00e9roulement silencieux<br \/>\n&#8211; Disponible en marron, blanc et transparent<\/p>\n<p><strong>Application<\/strong><br \/>\n&#8211; Fermeture de cartons<br \/>\n&#8211; Convient pour les applications d&#8217;emballage l\u00e9g\u00e8res et moyennes (max. 30 kg)<br \/>\n&#8211; Excellente adh\u00e9rence sur les cartons recycl\u00e9s<br \/>\n&#8211; Convient pour les d\u00e9rouleurs manuels et automatiques<br \/>\n&#8211; Pr\u00e9sentation de la marque et utilisation publicitaire<\/p>\n","protected":false},"excerpt":{"rendered":"<p>tesa\u00ae 60412 est un ruban d&#8217;emballage universel compos\u00e9 d&#8217;un support PET recycl\u00e9 \u00e0 70% (PCR) et d&#8217;un syst\u00e8me adh\u00e9sif acrylique \u00e0 base d&#8217;eau . tesa\u00ae 60412 a un support solide et r\u00e9sistant \u00e0 l&#8217;abrasion avec d&#8217;excellentes propri\u00e9t\u00e9s d&#8217;adh\u00e9rence . L&#8217;adh\u00e9sif acrylique solide fait de ce produit la solution parfaite pour les applications d&#8217;emballage l\u00e9g\u00e8res et [&hellip;]<\/p>\n","protected":false},"featured_media":28908,"template":"","meta":{"_acf_changed":false},"pwb-brand":[2165],"product_brand":[],"product_cat":[1836,1839,1859,7726],"product_tag":[],"class_list":{"0":"post-40182","1":"product","2":"type-product","3":"status-publish","4":"has-post-thumbnail","6":"pwb-brand-tesa-fr","7":"product_cat-rubans-adhesifs-simple-face","8":"product_cat-film-pet","9":"product_cat-systemes-demballage","10":"product_cat-nouvelles_tesa","12":"first","13":"instock","14":"featured","15":"taxable","16":"shipping-taxable","17":"purchasable","18":"product-type-variable"},"acf":[],"yoast_head":"<!-- This site is optimized with the Yoast SEO plugin v27.3 - https:\/\/yoast.com\/product\/yoast-seo-wordpress\/ -->\n<title>tesa\u00ae 60412 70% PCR PET Ruban adh\u00e9sif d&#039;emballage | Cardinal TAPES<\/title>\n<meta name=\"description\" content=\"tesa\u00ae 60412 est un ruban d&#039;emballage universel compos\u00e9 d&#039;un support PET recycl\u00e9 \u00e0 70% (PCR) et d&#039;un syst\u00e8me adh\u00e9sif acrylique \u00e0 base d&#039;eau.\" \/>\n<meta name=\"robots\" content=\"index, follow, max-snippet:-1, max-image-preview:large, max-video-preview:-1\" \/>\n<link rel=\"canonical\" href=\"https:\/\/cardinal-tapes.com\/fr\/rubans-adh\u00e9sifs\/rubans-adhesifs-simple-face\/film-pet\/tesa-60412-70-pcr-pet-adhesif-demballage\/\" \/>\n<meta property=\"og:locale\" content=\"fr_FR\" \/>\n<meta property=\"og:type\" content=\"article\" \/>\n<meta property=\"og:title\" content=\"tesa\u00ae 60412 70% PCR PET Ruban adh\u00e9sif d&#039;emballage | Cardinal TAPES\" \/>\n<meta property=\"og:description\" content=\"tesa\u00ae 60412 est un ruban d&#039;emballage universel compos\u00e9 d&#039;un support PET recycl\u00e9 \u00e0 70% (PCR) et d&#039;un syst\u00e8me adh\u00e9sif acrylique \u00e0 base d&#039;eau.\" \/>\n<meta property=\"og:url\" content=\"https:\/\/cardinal-tapes.com\/fr\/rubans-adh\u00e9sifs\/rubans-adhesifs-simple-face\/film-pet\/tesa-60412-70-pcr-pet-adhesif-demballage\/\" \/>\n<meta property=\"og:site_name\" content=\"cardinal TAPES\" \/>\n<meta property=\"article:modified_time\" content=\"2025-07-02T10:31:23+00:00\" \/>\n<meta property=\"og:image\" content=\"https:\/\/cardinal-tapes.com\/wp-content\/uploads\/60412.webp\" \/>\n\t<meta property=\"og:image:width\" content=\"608\" \/>\n\t<meta property=\"og:image:height\" content=\"608\" \/>\n\t<meta property=\"og:image:type\" content=\"image\/webp\" \/>\n<meta name=\"twitter:card\" content=\"summary_large_image\" \/>\n<meta name=\"twitter:label1\" content=\"Dur\u00e9e de lecture estim\u00e9e\" \/>\n\t<meta name=\"twitter:data1\" content=\"1 minute\" \/>\n<script type=\"application\/ld+json\" class=\"yoast-schema-graph\">{\"@context\":\"https:\\\/\\\/schema.org\",\"@graph\":[{\"@type\":\"WebPage\",\"@id\":\"https:\\\/\\\/cardinal-tapes.com\\\/fr\\\/rubans-adh\u00e9sifs\\\/rubans-adhesifs-simple-face\\\/film-pet\\\/tesa-60412-70-pcr-pet-adhesif-demballage\\\/\",\"url\":\"https:\\\/\\\/cardinal-tapes.com\\\/fr\\\/rubans-adh\u00e9sifs\\\/rubans-adhesifs-simple-face\\\/film-pet\\\/tesa-60412-70-pcr-pet-adhesif-demballage\\\/\",\"name\":\"tesa\u00ae 60412 70% PCR PET Ruban adh\u00e9sif d'emballage | Cardinal TAPES\",\"isPartOf\":{\"@id\":\"https:\\\/\\\/cardinal-tapes.com\\\/#website\"},\"primaryImageOfPage\":{\"@id\":\"https:\\\/\\\/cardinal-tapes.com\\\/fr\\\/rubans-adh\u00e9sifs\\\/rubans-adhesifs-simple-face\\\/film-pet\\\/tesa-60412-70-pcr-pet-adhesif-demballage\\\/#primaryimage\"},\"image\":{\"@id\":\"https:\\\/\\\/cardinal-tapes.com\\\/fr\\\/rubans-adh\u00e9sifs\\\/rubans-adhesifs-simple-face\\\/film-pet\\\/tesa-60412-70-pcr-pet-adhesif-demballage\\\/#primaryimage\"},\"thumbnailUrl\":\"https:\\\/\\\/cardinal-tapes.com\\\/wp-content\\\/uploads\\\/60412.webp\",\"datePublished\":\"2022-07-11T10:31:46+00:00\",\"dateModified\":\"2025-07-02T10:31:23+00:00\",\"description\":\"tesa\u00ae 60412 est un ruban d'emballage universel compos\u00e9 d'un support PET recycl\u00e9 \u00e0 70% (PCR) et d'un syst\u00e8me adh\u00e9sif acrylique \u00e0 base d'eau.\",\"breadcrumb\":{\"@id\":\"https:\\\/\\\/cardinal-tapes.com\\\/fr\\\/rubans-adh\u00e9sifs\\\/rubans-adhesifs-simple-face\\\/film-pet\\\/tesa-60412-70-pcr-pet-adhesif-demballage\\\/#breadcrumb\"},\"inLanguage\":\"fr-FR\",\"potentialAction\":[{\"@type\":\"ReadAction\",\"target\":[\"https:\\\/\\\/cardinal-tapes.com\\\/fr\\\/rubans-adh\u00e9sifs\\\/rubans-adhesifs-simple-face\\\/film-pet\\\/tesa-60412-70-pcr-pet-adhesif-demballage\\\/\"]}]},{\"@type\":\"ImageObject\",\"inLanguage\":\"fr-FR\",\"@id\":\"https:\\\/\\\/cardinal-tapes.com\\\/fr\\\/rubans-adh\u00e9sifs\\\/rubans-adhesifs-simple-face\\\/film-pet\\\/tesa-60412-70-pcr-pet-adhesif-demballage\\\/#primaryimage\",\"url\":\"https:\\\/\\\/cardinal-tapes.com\\\/wp-content\\\/uploads\\\/60412.webp\",\"contentUrl\":\"https:\\\/\\\/cardinal-tapes.com\\\/wp-content\\\/uploads\\\/60412.webp\",\"width\":608,\"height\":608},{\"@type\":\"BreadcrumbList\",\"@id\":\"https:\\\/\\\/cardinal-tapes.com\\\/fr\\\/rubans-adh\u00e9sifs\\\/rubans-adhesifs-simple-face\\\/film-pet\\\/tesa-60412-70-pcr-pet-adhesif-demballage\\\/#breadcrumb\",\"itemListElement\":[{\"@type\":\"ListItem\",\"position\":1,\"name\":\"Startseite\",\"item\":\"https:\\\/\\\/cardinal-tapes.com\\\/fr\\\/accueil\\\/\"},{\"@type\":\"ListItem\",\"position\":2,\"name\":\"Rubans adh\u00e9sifs\",\"item\":\"https:\\\/\\\/cardinal-tapes.com\\\/fr\\\/rubans-adhesifs-fr\\\/\"},{\"@type\":\"ListItem\",\"position\":3,\"name\":\"Rubans adh\u00e9sifs simple face\",\"item\":\"https:\\\/\\\/cardinal-tapes.com\\\/fr\\\/catgorie\\\/rubans-adhesifs-simple-face\\\/\"},{\"@type\":\"ListItem\",\"position\":4,\"name\":\"Film PET\",\"item\":\"https:\\\/\\\/cardinal-tapes.com\\\/fr\\\/catgorie\\\/film-pet\\\/\"},{\"@type\":\"ListItem\",\"position\":5,\"name\":\"tesa\u00ae 60412 70% PCR PET Ruban adh\u00e9sif d&#8217;emballage\"}]},{\"@type\":\"WebSite\",\"@id\":\"https:\\\/\\\/cardinal-tapes.com\\\/#website\",\"url\":\"https:\\\/\\\/cardinal-tapes.com\\\/\",\"name\":\"cardinal TAPES\",\"description\":\"Klebetechnik aus Wuppertal\",\"potentialAction\":[{\"@type\":\"SearchAction\",\"target\":{\"@type\":\"EntryPoint\",\"urlTemplate\":\"https:\\\/\\\/cardinal-tapes.com\\\/?s={search_term_string}\"},\"query-input\":{\"@type\":\"PropertyValueSpecification\",\"valueRequired\":true,\"valueName\":\"search_term_string\"}}],\"inLanguage\":\"fr-FR\"}]}<\/script>\n<!-- \/ Yoast SEO plugin. -->","yoast_head_json":{"title":"tesa\u00ae 60412 70% PCR PET Ruban adh\u00e9sif d'emballage | Cardinal TAPES","description":"tesa\u00ae 60412 est un ruban d'emballage universel compos\u00e9 d'un support PET recycl\u00e9 \u00e0 70% (PCR) et d'un syst\u00e8me adh\u00e9sif acrylique \u00e0 base d'eau.","robots":{"index":"index","follow":"follow","max-snippet":"max-snippet:-1","max-image-preview":"max-image-preview:large","max-video-preview":"max-video-preview:-1"},"canonical":"https:\/\/cardinal-tapes.com\/fr\/rubans-adh\u00e9sifs\/rubans-adhesifs-simple-face\/film-pet\/tesa-60412-70-pcr-pet-adhesif-demballage\/","og_locale":"fr_FR","og_type":"article","og_title":"tesa\u00ae 60412 70% PCR PET Ruban adh\u00e9sif d'emballage | Cardinal TAPES","og_description":"tesa\u00ae 60412 est un ruban d'emballage universel compos\u00e9 d'un support PET recycl\u00e9 \u00e0 70% (PCR) et d'un syst\u00e8me adh\u00e9sif acrylique \u00e0 base d'eau.","og_url":"https:\/\/cardinal-tapes.com\/fr\/rubans-adh\u00e9sifs\/rubans-adhesifs-simple-face\/film-pet\/tesa-60412-70-pcr-pet-adhesif-demballage\/","og_site_name":"cardinal TAPES","article_modified_time":"2025-07-02T10:31:23+00:00","og_image":[{"width":608,"height":608,"url":"https:\/\/cardinal-tapes.com\/wp-content\/uploads\/60412.webp","type":"image\/webp"}],"twitter_card":"summary_large_image","twitter_misc":{"Dur\u00e9e de lecture estim\u00e9e":"1 minute"},"schema":{"@context":"https:\/\/schema.org","@graph":[{"@type":"WebPage","@id":"https:\/\/cardinal-tapes.com\/fr\/rubans-adh\u00e9sifs\/rubans-adhesifs-simple-face\/film-pet\/tesa-60412-70-pcr-pet-adhesif-demballage\/","url":"https:\/\/cardinal-tapes.com\/fr\/rubans-adh\u00e9sifs\/rubans-adhesifs-simple-face\/film-pet\/tesa-60412-70-pcr-pet-adhesif-demballage\/","name":"tesa\u00ae 60412 70% PCR PET Ruban adh\u00e9sif d'emballage | Cardinal TAPES","isPartOf":{"@id":"https:\/\/cardinal-tapes.com\/#website"},"primaryImageOfPage":{"@id":"https:\/\/cardinal-tapes.com\/fr\/rubans-adh\u00e9sifs\/rubans-adhesifs-simple-face\/film-pet\/tesa-60412-70-pcr-pet-adhesif-demballage\/#primaryimage"},"image":{"@id":"https:\/\/cardinal-tapes.com\/fr\/rubans-adh\u00e9sifs\/rubans-adhesifs-simple-face\/film-pet\/tesa-60412-70-pcr-pet-adhesif-demballage\/#primaryimage"},"thumbnailUrl":"https:\/\/cardinal-tapes.com\/wp-content\/uploads\/60412.webp","datePublished":"2022-07-11T10:31:46+00:00","dateModified":"2025-07-02T10:31:23+00:00","description":"tesa\u00ae 60412 est un ruban d'emballage universel compos\u00e9 d'un support PET recycl\u00e9 \u00e0 70% (PCR) et d'un syst\u00e8me adh\u00e9sif acrylique \u00e0 base d'eau.","breadcrumb":{"@id":"https:\/\/cardinal-tapes.com\/fr\/rubans-adh\u00e9sifs\/rubans-adhesifs-simple-face\/film-pet\/tesa-60412-70-pcr-pet-adhesif-demballage\/#breadcrumb"},"inLanguage":"fr-FR","potentialAction":[{"@type":"ReadAction","target":["https:\/\/cardinal-tapes.com\/fr\/rubans-adh\u00e9sifs\/rubans-adhesifs-simple-face\/film-pet\/tesa-60412-70-pcr-pet-adhesif-demballage\/"]}]},{"@type":"ImageObject","inLanguage":"fr-FR","@id":"https:\/\/cardinal-tapes.com\/fr\/rubans-adh\u00e9sifs\/rubans-adhesifs-simple-face\/film-pet\/tesa-60412-70-pcr-pet-adhesif-demballage\/#primaryimage","url":"https:\/\/cardinal-tapes.com\/wp-content\/uploads\/60412.webp","contentUrl":"https:\/\/cardinal-tapes.com\/wp-content\/uploads\/60412.webp","width":608,"height":608},{"@type":"BreadcrumbList","@id":"https:\/\/cardinal-tapes.com\/fr\/rubans-adh\u00e9sifs\/rubans-adhesifs-simple-face\/film-pet\/tesa-60412-70-pcr-pet-adhesif-demballage\/#breadcrumb","itemListElement":[{"@type":"ListItem","position":1,"name":"Startseite","item":"https:\/\/cardinal-tapes.com\/fr\/accueil\/"},{"@type":"ListItem","position":2,"name":"Rubans adh\u00e9sifs","item":"https:\/\/cardinal-tapes.com\/fr\/rubans-adhesifs-fr\/"},{"@type":"ListItem","position":3,"name":"Rubans adh\u00e9sifs simple face","item":"https:\/\/cardinal-tapes.com\/fr\/catgorie\/rubans-adhesifs-simple-face\/"},{"@type":"ListItem","position":4,"name":"Film PET","item":"https:\/\/cardinal-tapes.com\/fr\/catgorie\/film-pet\/"},{"@type":"ListItem","position":5,"name":"tesa\u00ae 60412 70% PCR PET Ruban adh\u00e9sif d&#8217;emballage"}]},{"@type":"WebSite","@id":"https:\/\/cardinal-tapes.com\/#website","url":"https:\/\/cardinal-tapes.com\/","name":"cardinal TAPES","description":"Klebetechnik aus Wuppertal","potentialAction":[{"@type":"SearchAction","target":{"@type":"EntryPoint","urlTemplate":"https:\/\/cardinal-tapes.com\/?s={search_term_string}"},"query-input":{"@type":"PropertyValueSpecification","valueRequired":true,"valueName":"search_term_string"}}],"inLanguage":"fr-FR"}]}},"brands":[{"id":2165,"name":"tesa","slug":"tesa-fr"}],"_links":{"self":[{"href":"https:\/\/cardinal-tapes.com\/fr\/wp-json\/wp\/v2\/product\/40182","targetHints":{"allow":["GET"]}}],"collection":[{"href":"https:\/\/cardinal-tapes.com\/fr\/wp-json\/wp\/v2\/product"}],"about":[{"href":"https:\/\/cardinal-tapes.com\/fr\/wp-json\/wp\/v2\/types\/product"}],"wp:featuredmedia":[{"embeddable":true,"href":"https:\/\/cardinal-tapes.com\/fr\/wp-json\/wp\/v2\/media\/28908"}],"wp:attachment":[{"href":"https:\/\/cardinal-tapes.com\/fr\/wp-json\/wp\/v2\/media?parent=40182"}],"wp:term":[{"taxonomy":"pwb-brand","embeddable":true,"href":"https:\/\/cardinal-tapes.com\/fr\/wp-json\/wp\/v2\/pwb-brand?post=40182"},{"taxonomy":"product_brand","embeddable":true,"href":"https:\/\/cardinal-tapes.com\/fr\/wp-json\/wp\/v2\/product_brand?post=40182"},{"taxonomy":"product_cat","embeddable":true,"href":"https:\/\/cardinal-tapes.com\/fr\/wp-json\/wp\/v2\/product_cat?post=40182"},{"taxonomy":"product_tag","embeddable":true,"href":"https:\/\/cardinal-tapes.com\/fr\/wp-json\/wp\/v2\/product_tag?post=40182"}],"curies":[{"name":"wp","href":"https:\/\/api.w.org\/{rel}","templated":true}]}}