{"id":39269,"date":"2022-08-15T10:21:08","date_gmt":"2022-08-15T08:21:08","guid":{"rendered":"https:\/\/cardinal.pixel-tal.de\/klebebaender\/non%20class\u00e9\/3m-ruban-adhesif-gpt-020f\/"},"modified":"2025-07-02T12:21:55","modified_gmt":"2025-07-02T10:21:55","slug":"3m-klebeband-gpt-020f","status":"publish","type":"product","link":"https:\/\/cardinal-tapes.com\/fr\/rubans-adh\u00e9sifs\/rubans-adhesifs-double-face\/3m-klebeband-gpt-020f\/","title":{"rendered":"3M\u2122 Ruban adh\u00e9sif GPT-020F"},"content":{"rendered":"<p>Le 3M GPT-020F est un ruban adh\u00e9sif double face transparent de 202 \u00b5m d&#8217;\u00e9paisseur avec support polyester. Il se caract\u00e9rise par un adh\u00e9sif acrylique modifi\u00e9 sans solvant et est \u00e9quip\u00e9 d&#8217;un film de protection en PP blanc. Le film de protection en polypropyl\u00e8ne assure une bonne manipulation et une bonne application, qu&#8217;elle soit manuelle ou automatis\u00e9e.<\/p>\n<p><strong>Applications<\/strong><\/p>\n<ul>\n<li>Polyvalent et adapt\u00e9 au collage de nombreuses surfaces, \u00e0 la fois \u00e0 haute et \u00e0 basse \u00e9nergie de surface.<\/li>\n<li>Adh\u00e9sion imm\u00e9diate \u00e9lev\u00e9e et r\u00e9sistance \u00e0 l&#8217;humidit\u00e9<\/li>\n<li>Le film de protection permet une manipulation facile et une bonne maniabilit\u00e9<\/li>\n<li>R\u00e9sistance thermique \u00e9lev\u00e9e avec adh\u00e9rence totale \u00e0 : jusqu&#8217;\u00e0 +190 \u00b0C (minutes) et jusqu&#8217;\u00e0 +90 \u00b0C (jours, semaines)<\/li>\n<\/ul>\n","protected":false},"excerpt":{"rendered":"<p>Le 3M GPT-020F est un ruban adh\u00e9sif double face transparent de 202 \u00b5m d&#8217;\u00e9paisseur avec support polyester. Il se caract\u00e9rise par un adh\u00e9sif acrylique modifi\u00e9 sans solvant et est \u00e9quip\u00e9 d&#8217;un film de protection en PP blanc. Le film de protection en polypropyl\u00e8ne assure une bonne manipulation et une bonne application, qu&#8217;elle soit manuelle ou [&hellip;]<\/p>\n","protected":false},"featured_media":29004,"template":"","meta":{"_acf_changed":false},"pwb-brand":[2167],"product_brand":[],"product_cat":[1834],"product_tag":[],"class_list":{"0":"post-39269","1":"product","2":"type-product","3":"status-publish","4":"has-post-thumbnail","6":"pwb-brand-3m-fr","7":"product_cat-rubans-adhesifs-double-face","9":"first","10":"instock","11":"taxable","12":"shipping-taxable","13":"purchasable","14":"product-type-variable"},"acf":[],"yoast_head":"<!-- This site is optimized with the Yoast SEO plugin v27.3 - https:\/\/yoast.com\/product\/yoast-seo-wordpress\/ -->\n<title>3M\u2122 Ruban adh\u00e9sif GPT-020F | Cardinal TAPES<\/title>\n<meta name=\"description\" content=\"Le 3M GPT-020F est un ruban adh\u00e9sif double face polyvalent qui convient \u00e0 de nombreuses surfaces \u00e0 haute et basse \u00e9nergie de surface.\" \/>\n<meta name=\"robots\" content=\"index, follow, max-snippet:-1, max-image-preview:large, max-video-preview:-1\" \/>\n<link rel=\"canonical\" href=\"https:\/\/cardinal-tapes.com\/fr\/rubans-adh\u00e9sifs\/rubans-adhesifs-double-face\/3m-klebeband-gpt-020f\/\" \/>\n<meta property=\"og:locale\" content=\"fr_FR\" \/>\n<meta property=\"og:type\" content=\"article\" \/>\n<meta property=\"og:title\" content=\"3M\u2122 Ruban adh\u00e9sif GPT-020F | Cardinal TAPES\" \/>\n<meta property=\"og:description\" content=\"Le 3M GPT-020F est un ruban adh\u00e9sif double face polyvalent qui convient \u00e0 de nombreuses surfaces \u00e0 haute et basse \u00e9nergie de surface.\" \/>\n<meta property=\"og:url\" content=\"https:\/\/cardinal-tapes.com\/fr\/rubans-adh\u00e9sifs\/rubans-adhesifs-double-face\/3m-klebeband-gpt-020f\/\" \/>\n<meta property=\"og:site_name\" content=\"cardinal TAPES\" \/>\n<meta property=\"article:modified_time\" content=\"2025-07-02T10:21:55+00:00\" \/>\n<meta property=\"og:image\" content=\"https:\/\/cardinal-tapes.com\/wp-content\/uploads\/3m-double-coated-tape-gpt-020f-100mm-x-50m-clop.webp\" \/>\n\t<meta property=\"og:image:width\" content=\"400\" \/>\n\t<meta property=\"og:image:height\" content=\"400\" \/>\n\t<meta property=\"og:image:type\" content=\"image\/webp\" \/>\n<meta name=\"twitter:card\" content=\"summary_large_image\" \/>\n<meta name=\"twitter:label1\" content=\"Dur\u00e9e de lecture estim\u00e9e\" \/>\n\t<meta name=\"twitter:data1\" content=\"1 minute\" \/>\n<script type=\"application\/ld+json\" class=\"yoast-schema-graph\">{\"@context\":\"https:\\\/\\\/schema.org\",\"@graph\":[{\"@type\":\"WebPage\",\"@id\":\"https:\\\/\\\/cardinal-tapes.com\\\/fr\\\/rubans-adh\u00e9sifs\\\/rubans-adhesifs-double-face\\\/3m-klebeband-gpt-020f\\\/\",\"url\":\"https:\\\/\\\/cardinal-tapes.com\\\/fr\\\/rubans-adh\u00e9sifs\\\/rubans-adhesifs-double-face\\\/3m-klebeband-gpt-020f\\\/\",\"name\":\"3M\u2122 Ruban adh\u00e9sif GPT-020F | Cardinal TAPES\",\"isPartOf\":{\"@id\":\"https:\\\/\\\/cardinal-tapes.com\\\/#website\"},\"primaryImageOfPage\":{\"@id\":\"https:\\\/\\\/cardinal-tapes.com\\\/fr\\\/rubans-adh\u00e9sifs\\\/rubans-adhesifs-double-face\\\/3m-klebeband-gpt-020f\\\/#primaryimage\"},\"image\":{\"@id\":\"https:\\\/\\\/cardinal-tapes.com\\\/fr\\\/rubans-adh\u00e9sifs\\\/rubans-adhesifs-double-face\\\/3m-klebeband-gpt-020f\\\/#primaryimage\"},\"thumbnailUrl\":\"https:\\\/\\\/cardinal-tapes.com\\\/wp-content\\\/uploads\\\/3m-double-coated-tape-gpt-020f-100mm-x-50m-clop.webp\",\"datePublished\":\"2022-08-15T08:21:08+00:00\",\"dateModified\":\"2025-07-02T10:21:55+00:00\",\"description\":\"Le 3M GPT-020F est un ruban adh\u00e9sif double face polyvalent qui convient \u00e0 de nombreuses surfaces \u00e0 haute et basse \u00e9nergie de surface.\",\"breadcrumb\":{\"@id\":\"https:\\\/\\\/cardinal-tapes.com\\\/fr\\\/rubans-adh\u00e9sifs\\\/rubans-adhesifs-double-face\\\/3m-klebeband-gpt-020f\\\/#breadcrumb\"},\"inLanguage\":\"fr-FR\",\"potentialAction\":[{\"@type\":\"ReadAction\",\"target\":[\"https:\\\/\\\/cardinal-tapes.com\\\/fr\\\/rubans-adh\u00e9sifs\\\/rubans-adhesifs-double-face\\\/3m-klebeband-gpt-020f\\\/\"]}]},{\"@type\":\"ImageObject\",\"inLanguage\":\"fr-FR\",\"@id\":\"https:\\\/\\\/cardinal-tapes.com\\\/fr\\\/rubans-adh\u00e9sifs\\\/rubans-adhesifs-double-face\\\/3m-klebeband-gpt-020f\\\/#primaryimage\",\"url\":\"https:\\\/\\\/cardinal-tapes.com\\\/wp-content\\\/uploads\\\/3m-double-coated-tape-gpt-020f-100mm-x-50m-clop.webp\",\"contentUrl\":\"https:\\\/\\\/cardinal-tapes.com\\\/wp-content\\\/uploads\\\/3m-double-coated-tape-gpt-020f-100mm-x-50m-clop.webp\",\"width\":400,\"height\":400},{\"@type\":\"BreadcrumbList\",\"@id\":\"https:\\\/\\\/cardinal-tapes.com\\\/fr\\\/rubans-adh\u00e9sifs\\\/rubans-adhesifs-double-face\\\/3m-klebeband-gpt-020f\\\/#breadcrumb\",\"itemListElement\":[{\"@type\":\"ListItem\",\"position\":1,\"name\":\"Startseite\",\"item\":\"https:\\\/\\\/cardinal-tapes.com\\\/fr\\\/accueil\\\/\"},{\"@type\":\"ListItem\",\"position\":2,\"name\":\"Rubans adh\u00e9sifs\",\"item\":\"https:\\\/\\\/cardinal-tapes.com\\\/fr\\\/rubans-adhesifs-fr\\\/\"},{\"@type\":\"ListItem\",\"position\":3,\"name\":\"Rubans adh\u00e9sifs double face\",\"item\":\"https:\\\/\\\/cardinal-tapes.com\\\/fr\\\/catgorie\\\/rubans-adhesifs-double-face\\\/\"},{\"@type\":\"ListItem\",\"position\":4,\"name\":\"3M\u2122 Ruban adh\u00e9sif GPT-020F\"}]},{\"@type\":\"WebSite\",\"@id\":\"https:\\\/\\\/cardinal-tapes.com\\\/#website\",\"url\":\"https:\\\/\\\/cardinal-tapes.com\\\/\",\"name\":\"cardinal TAPES\",\"description\":\"Klebetechnik aus Wuppertal\",\"potentialAction\":[{\"@type\":\"SearchAction\",\"target\":{\"@type\":\"EntryPoint\",\"urlTemplate\":\"https:\\\/\\\/cardinal-tapes.com\\\/?s={search_term_string}\"},\"query-input\":{\"@type\":\"PropertyValueSpecification\",\"valueRequired\":true,\"valueName\":\"search_term_string\"}}],\"inLanguage\":\"fr-FR\"}]}<\/script>\n<!-- \/ Yoast SEO plugin. -->","yoast_head_json":{"title":"3M\u2122 Ruban adh\u00e9sif GPT-020F | Cardinal TAPES","description":"Le 3M GPT-020F est un ruban adh\u00e9sif double face polyvalent qui convient \u00e0 de nombreuses surfaces \u00e0 haute et basse \u00e9nergie de surface.","robots":{"index":"index","follow":"follow","max-snippet":"max-snippet:-1","max-image-preview":"max-image-preview:large","max-video-preview":"max-video-preview:-1"},"canonical":"https:\/\/cardinal-tapes.com\/fr\/rubans-adh\u00e9sifs\/rubans-adhesifs-double-face\/3m-klebeband-gpt-020f\/","og_locale":"fr_FR","og_type":"article","og_title":"3M\u2122 Ruban adh\u00e9sif GPT-020F | Cardinal TAPES","og_description":"Le 3M GPT-020F est un ruban adh\u00e9sif double face polyvalent qui convient \u00e0 de nombreuses surfaces \u00e0 haute et basse \u00e9nergie de surface.","og_url":"https:\/\/cardinal-tapes.com\/fr\/rubans-adh\u00e9sifs\/rubans-adhesifs-double-face\/3m-klebeband-gpt-020f\/","og_site_name":"cardinal TAPES","article_modified_time":"2025-07-02T10:21:55+00:00","og_image":[{"width":400,"height":400,"url":"https:\/\/cardinal-tapes.com\/wp-content\/uploads\/3m-double-coated-tape-gpt-020f-100mm-x-50m-clop.webp","type":"image\/webp"}],"twitter_card":"summary_large_image","twitter_misc":{"Dur\u00e9e de lecture estim\u00e9e":"1 minute"},"schema":{"@context":"https:\/\/schema.org","@graph":[{"@type":"WebPage","@id":"https:\/\/cardinal-tapes.com\/fr\/rubans-adh\u00e9sifs\/rubans-adhesifs-double-face\/3m-klebeband-gpt-020f\/","url":"https:\/\/cardinal-tapes.com\/fr\/rubans-adh\u00e9sifs\/rubans-adhesifs-double-face\/3m-klebeband-gpt-020f\/","name":"3M\u2122 Ruban adh\u00e9sif GPT-020F | Cardinal TAPES","isPartOf":{"@id":"https:\/\/cardinal-tapes.com\/#website"},"primaryImageOfPage":{"@id":"https:\/\/cardinal-tapes.com\/fr\/rubans-adh\u00e9sifs\/rubans-adhesifs-double-face\/3m-klebeband-gpt-020f\/#primaryimage"},"image":{"@id":"https:\/\/cardinal-tapes.com\/fr\/rubans-adh\u00e9sifs\/rubans-adhesifs-double-face\/3m-klebeband-gpt-020f\/#primaryimage"},"thumbnailUrl":"https:\/\/cardinal-tapes.com\/wp-content\/uploads\/3m-double-coated-tape-gpt-020f-100mm-x-50m-clop.webp","datePublished":"2022-08-15T08:21:08+00:00","dateModified":"2025-07-02T10:21:55+00:00","description":"Le 3M GPT-020F est un ruban adh\u00e9sif double face polyvalent qui convient \u00e0 de nombreuses surfaces \u00e0 haute et basse \u00e9nergie de surface.","breadcrumb":{"@id":"https:\/\/cardinal-tapes.com\/fr\/rubans-adh\u00e9sifs\/rubans-adhesifs-double-face\/3m-klebeband-gpt-020f\/#breadcrumb"},"inLanguage":"fr-FR","potentialAction":[{"@type":"ReadAction","target":["https:\/\/cardinal-tapes.com\/fr\/rubans-adh\u00e9sifs\/rubans-adhesifs-double-face\/3m-klebeband-gpt-020f\/"]}]},{"@type":"ImageObject","inLanguage":"fr-FR","@id":"https:\/\/cardinal-tapes.com\/fr\/rubans-adh\u00e9sifs\/rubans-adhesifs-double-face\/3m-klebeband-gpt-020f\/#primaryimage","url":"https:\/\/cardinal-tapes.com\/wp-content\/uploads\/3m-double-coated-tape-gpt-020f-100mm-x-50m-clop.webp","contentUrl":"https:\/\/cardinal-tapes.com\/wp-content\/uploads\/3m-double-coated-tape-gpt-020f-100mm-x-50m-clop.webp","width":400,"height":400},{"@type":"BreadcrumbList","@id":"https:\/\/cardinal-tapes.com\/fr\/rubans-adh\u00e9sifs\/rubans-adhesifs-double-face\/3m-klebeband-gpt-020f\/#breadcrumb","itemListElement":[{"@type":"ListItem","position":1,"name":"Startseite","item":"https:\/\/cardinal-tapes.com\/fr\/accueil\/"},{"@type":"ListItem","position":2,"name":"Rubans adh\u00e9sifs","item":"https:\/\/cardinal-tapes.com\/fr\/rubans-adhesifs-fr\/"},{"@type":"ListItem","position":3,"name":"Rubans adh\u00e9sifs double face","item":"https:\/\/cardinal-tapes.com\/fr\/catgorie\/rubans-adhesifs-double-face\/"},{"@type":"ListItem","position":4,"name":"3M\u2122 Ruban adh\u00e9sif GPT-020F"}]},{"@type":"WebSite","@id":"https:\/\/cardinal-tapes.com\/#website","url":"https:\/\/cardinal-tapes.com\/","name":"cardinal TAPES","description":"Klebetechnik aus Wuppertal","potentialAction":[{"@type":"SearchAction","target":{"@type":"EntryPoint","urlTemplate":"https:\/\/cardinal-tapes.com\/?s={search_term_string}"},"query-input":{"@type":"PropertyValueSpecification","valueRequired":true,"valueName":"search_term_string"}}],"inLanguage":"fr-FR"}]}},"brands":[{"id":2167,"name":"3M","slug":"3m-fr"}],"_links":{"self":[{"href":"https:\/\/cardinal-tapes.com\/fr\/wp-json\/wp\/v2\/product\/39269","targetHints":{"allow":["GET"]}}],"collection":[{"href":"https:\/\/cardinal-tapes.com\/fr\/wp-json\/wp\/v2\/product"}],"about":[{"href":"https:\/\/cardinal-tapes.com\/fr\/wp-json\/wp\/v2\/types\/product"}],"wp:featuredmedia":[{"embeddable":true,"href":"https:\/\/cardinal-tapes.com\/fr\/wp-json\/wp\/v2\/media\/29004"}],"wp:attachment":[{"href":"https:\/\/cardinal-tapes.com\/fr\/wp-json\/wp\/v2\/media?parent=39269"}],"wp:term":[{"taxonomy":"pwb-brand","embeddable":true,"href":"https:\/\/cardinal-tapes.com\/fr\/wp-json\/wp\/v2\/pwb-brand?post=39269"},{"taxonomy":"product_brand","embeddable":true,"href":"https:\/\/cardinal-tapes.com\/fr\/wp-json\/wp\/v2\/product_brand?post=39269"},{"taxonomy":"product_cat","embeddable":true,"href":"https:\/\/cardinal-tapes.com\/fr\/wp-json\/wp\/v2\/product_cat?post=39269"},{"taxonomy":"product_tag","embeddable":true,"href":"https:\/\/cardinal-tapes.com\/fr\/wp-json\/wp\/v2\/product_tag?post=39269"}],"curies":[{"name":"wp","href":"https:\/\/api.w.org\/{rel}","templated":true}]}}