{"id":39268,"date":"2022-08-15T10:16:07","date_gmt":"2022-08-15T08:16:07","guid":{"rendered":"https:\/\/cardinal.pixel-tal.de\/klebebaender\/non%20class\u00e9\/3m-vhb-ruban-adhesif-gph-160g\/"},"modified":"2025-07-02T12:14:36","modified_gmt":"2025-07-02T10:14:36","slug":"3m-vhb-klebeband-gph-160g","status":"publish","type":"product","link":"https:\/\/cardinal-tapes.com\/fr\/rubans-adh\u00e9sifs\/domaines-dapplication\/industrie-automobile\/3m-vhb-klebeband-gph-160g\/","title":{"rendered":"3M\u2122 VHB\u2122 Ruban adh\u00e9sif GPH-160GF"},"content":{"rendered":"<p>Les rubans adh\u00e9sifs 3M\u2122 VHB\u2122 haute performance sont des rubans double face fabriqu\u00e9s \u00e0 partir d&#8217;un adh\u00e9sif acrylique \u00e0 cellules ferm\u00e9es. Ils offrent une grande adaptabilit\u00e9 aux surfaces \u00e0 coller. Les surfaces lisses ou structur\u00e9es peuvent \u00eatre assembl\u00e9es sans tension sur toute leur surface. Convient id\u00e9alement \u00e0 une multitude de mat\u00e9riaux \u00e0 \u00e9nergie de surface \u00e9lev\u00e9e ou moyenne, comme les m\u00e9taux, les plastiques, les peintures ou le verre.<\/p>\n<p><strong>Propri\u00e9t\u00e9s<\/strong><br \/>\nLe noyau adh\u00e9sif acrylique \u00e0 cellules ferm\u00e9es du ruban forme avec les deux surfaces adh\u00e9sives fonctionnelles une unit\u00e9 pratiquement ins\u00e9parable. Gr\u00e2ce \u00e0 la colle visco\u00e9lastique continue, il se forme, contrairement aux rubans adh\u00e9sifs en mousse conventionnels, une liaison durable sans tension. En outre, les syst\u00e8mes d&#8217;assemblage haute performance 3M\u2122 VHB\u2122 amortissent les vibrations et assurent l&#8217;\u00e9tanch\u00e9it\u00e9 gr\u00e2ce \u00e0 leur structure \u00e0 cellules ferm\u00e9es.<\/p>\n<p><strong>Applications<br \/>\n<\/strong>&#8211; Pour le montage de composants avant l&#8217;application de peinture par thermodurcissement comme pour le rev\u00eatement par poudre ou la peinture liquide<br \/>\n&#8211; Pour les applications avec des temp\u00e9ratures de travail \u00e9lev\u00e9es jusqu&#8217;\u00e0 150 \u00b0C \u00e0 long terme (semaines)<br \/>\n&#8211; Pour le collage de panneaux sur des cadres<br \/>\n&#8211; Pour le collage d&#8217;\u00e9l\u00e9ments de renfort sur des panneaux<br \/>\n&#8211; Pour le collage de mat\u00e9riel de d\u00e9coration, de baguettes d\u00e9coratives ou de pi\u00e8ces rapport\u00e9es<\/p>\n","protected":false},"excerpt":{"rendered":"<p>Les rubans adh\u00e9sifs 3M\u2122 VHB\u2122 haute performance sont des rubans double face fabriqu\u00e9s \u00e0 partir d&#8217;un adh\u00e9sif acrylique \u00e0 cellules ferm\u00e9es. Ils offrent une grande adaptabilit\u00e9 aux surfaces \u00e0 coller. Les surfaces lisses ou structur\u00e9es peuvent \u00eatre assembl\u00e9es sans tension sur toute leur surface. Convient id\u00e9alement \u00e0 une multitude de mat\u00e9riaux \u00e0 \u00e9nergie de surface [&hellip;]<\/p>\n","protected":false},"featured_media":29008,"template":"","meta":{"_acf_changed":false},"pwb-brand":[2167],"product_brand":[],"product_cat":[1834,7586,1667],"product_tag":[],"class_list":{"0":"post-39268","1":"product","2":"type-product","3":"status-publish","4":"has-post-thumbnail","6":"pwb-brand-3m-fr","7":"product_cat-rubans-adhesifs-double-face","8":"product_cat-presentation-de-la-contribution","9":"product_cat-industrie-automobile","11":"first","12":"instock","13":"taxable","14":"shipping-taxable","15":"purchasable","16":"product-type-variable"},"acf":[],"yoast_head":"<!-- This site is optimized with the Yoast SEO plugin v27.3 - https:\/\/yoast.com\/product\/yoast-seo-wordpress\/ -->\n<title>3M\u2122 VHB\u2122 Ruban adh\u00e9sif GPH-160GF | Cardinal TAPES<\/title>\n<meta name=\"description\" content=\"Les rubans adh\u00e9sifs 3M\u2122 VHB\u2122 haute performance sont des rubans double face fabriqu\u00e9s \u00e0 partir d&#039;un adh\u00e9sif acrylique \u00e0 cellules ferm\u00e9es \u00e0 fort pouvoir adh\u00e9sif.\" \/>\n<meta name=\"robots\" content=\"index, follow, max-snippet:-1, max-image-preview:large, max-video-preview:-1\" \/>\n<link rel=\"canonical\" href=\"https:\/\/cardinal-tapes.com\/fr\/rubans-adh\u00e9sifs\/domaines-dapplication\/industrie-automobile\/3m-vhb-klebeband-gph-160g\/\" \/>\n<meta property=\"og:locale\" content=\"fr_FR\" \/>\n<meta property=\"og:type\" content=\"article\" \/>\n<meta property=\"og:title\" content=\"3M\u2122 VHB\u2122 Ruban adh\u00e9sif GPH-160GF | Cardinal TAPES\" \/>\n<meta property=\"og:description\" content=\"Les rubans adh\u00e9sifs 3M\u2122 VHB\u2122 haute performance sont des rubans double face fabriqu\u00e9s \u00e0 partir d&#039;un adh\u00e9sif acrylique \u00e0 cellules ferm\u00e9es \u00e0 fort pouvoir adh\u00e9sif.\" \/>\n<meta property=\"og:url\" content=\"https:\/\/cardinal-tapes.com\/fr\/rubans-adh\u00e9sifs\/domaines-dapplication\/industrie-automobile\/3m-vhb-klebeband-gph-160g\/\" \/>\n<meta property=\"og:site_name\" content=\"cardinal TAPES\" \/>\n<meta property=\"article:modified_time\" content=\"2025-07-02T10:14:36+00:00\" \/>\n<meta property=\"og:image\" content=\"https:\/\/cardinal-tapes.com\/wp-content\/uploads\/3m-vhb-general-purpose-high-tempurature-tape-gph-160gf-grey.webp\" \/>\n\t<meta property=\"og:image:width\" content=\"400\" \/>\n\t<meta property=\"og:image:height\" content=\"400\" \/>\n\t<meta property=\"og:image:type\" content=\"image\/webp\" \/>\n<meta name=\"twitter:card\" content=\"summary_large_image\" \/>\n<meta name=\"twitter:label1\" content=\"Dur\u00e9e de lecture estim\u00e9e\" \/>\n\t<meta name=\"twitter:data1\" content=\"1 minute\" \/>\n<script type=\"application\/ld+json\" class=\"yoast-schema-graph\">{\"@context\":\"https:\\\/\\\/schema.org\",\"@graph\":[{\"@type\":\"WebPage\",\"@id\":\"https:\\\/\\\/cardinal-tapes.com\\\/fr\\\/rubans-adh\u00e9sifs\\\/domaines-dapplication\\\/industrie-automobile\\\/3m-vhb-klebeband-gph-160g\\\/\",\"url\":\"https:\\\/\\\/cardinal-tapes.com\\\/fr\\\/rubans-adh\u00e9sifs\\\/domaines-dapplication\\\/industrie-automobile\\\/3m-vhb-klebeband-gph-160g\\\/\",\"name\":\"3M\u2122 VHB\u2122 Ruban adh\u00e9sif GPH-160GF | Cardinal TAPES\",\"isPartOf\":{\"@id\":\"https:\\\/\\\/cardinal-tapes.com\\\/#website\"},\"primaryImageOfPage\":{\"@id\":\"https:\\\/\\\/cardinal-tapes.com\\\/fr\\\/rubans-adh\u00e9sifs\\\/domaines-dapplication\\\/industrie-automobile\\\/3m-vhb-klebeband-gph-160g\\\/#primaryimage\"},\"image\":{\"@id\":\"https:\\\/\\\/cardinal-tapes.com\\\/fr\\\/rubans-adh\u00e9sifs\\\/domaines-dapplication\\\/industrie-automobile\\\/3m-vhb-klebeband-gph-160g\\\/#primaryimage\"},\"thumbnailUrl\":\"https:\\\/\\\/cardinal-tapes.com\\\/wp-content\\\/uploads\\\/3m-vhb-general-purpose-high-tempurature-tape-gph-160gf-grey.webp\",\"datePublished\":\"2022-08-15T08:16:07+00:00\",\"dateModified\":\"2025-07-02T10:14:36+00:00\",\"description\":\"Les rubans adh\u00e9sifs 3M\u2122 VHB\u2122 haute performance sont des rubans double face fabriqu\u00e9s \u00e0 partir d'un adh\u00e9sif acrylique \u00e0 cellules ferm\u00e9es \u00e0 fort pouvoir adh\u00e9sif.\",\"breadcrumb\":{\"@id\":\"https:\\\/\\\/cardinal-tapes.com\\\/fr\\\/rubans-adh\u00e9sifs\\\/domaines-dapplication\\\/industrie-automobile\\\/3m-vhb-klebeband-gph-160g\\\/#breadcrumb\"},\"inLanguage\":\"fr-FR\",\"potentialAction\":[{\"@type\":\"ReadAction\",\"target\":[\"https:\\\/\\\/cardinal-tapes.com\\\/fr\\\/rubans-adh\u00e9sifs\\\/domaines-dapplication\\\/industrie-automobile\\\/3m-vhb-klebeband-gph-160g\\\/\"]}]},{\"@type\":\"ImageObject\",\"inLanguage\":\"fr-FR\",\"@id\":\"https:\\\/\\\/cardinal-tapes.com\\\/fr\\\/rubans-adh\u00e9sifs\\\/domaines-dapplication\\\/industrie-automobile\\\/3m-vhb-klebeband-gph-160g\\\/#primaryimage\",\"url\":\"https:\\\/\\\/cardinal-tapes.com\\\/wp-content\\\/uploads\\\/3m-vhb-general-purpose-high-tempurature-tape-gph-160gf-grey.webp\",\"contentUrl\":\"https:\\\/\\\/cardinal-tapes.com\\\/wp-content\\\/uploads\\\/3m-vhb-general-purpose-high-tempurature-tape-gph-160gf-grey.webp\",\"width\":400,\"height\":400},{\"@type\":\"BreadcrumbList\",\"@id\":\"https:\\\/\\\/cardinal-tapes.com\\\/fr\\\/rubans-adh\u00e9sifs\\\/domaines-dapplication\\\/industrie-automobile\\\/3m-vhb-klebeband-gph-160g\\\/#breadcrumb\",\"itemListElement\":[{\"@type\":\"ListItem\",\"position\":1,\"name\":\"Startseite\",\"item\":\"https:\\\/\\\/cardinal-tapes.com\\\/fr\\\/accueil\\\/\"},{\"@type\":\"ListItem\",\"position\":2,\"name\":\"Rubans adh\u00e9sifs\",\"item\":\"https:\\\/\\\/cardinal-tapes.com\\\/fr\\\/rubans-adhesifs-fr\\\/\"},{\"@type\":\"ListItem\",\"position\":3,\"name\":\"Domaines d&#039;application\",\"item\":\"https:\\\/\\\/cardinal-tapes.com\\\/fr\\\/catgorie\\\/domaines-dapplication\\\/\"},{\"@type\":\"ListItem\",\"position\":4,\"name\":\"Industrie automobile\",\"item\":\"https:\\\/\\\/cardinal-tapes.com\\\/fr\\\/catgorie\\\/industrie-automobile\\\/\"},{\"@type\":\"ListItem\",\"position\":5,\"name\":\"3M\u2122 VHB\u2122 Ruban adh\u00e9sif GPH-160GF\"}]},{\"@type\":\"WebSite\",\"@id\":\"https:\\\/\\\/cardinal-tapes.com\\\/#website\",\"url\":\"https:\\\/\\\/cardinal-tapes.com\\\/\",\"name\":\"cardinal TAPES\",\"description\":\"Klebetechnik aus Wuppertal\",\"potentialAction\":[{\"@type\":\"SearchAction\",\"target\":{\"@type\":\"EntryPoint\",\"urlTemplate\":\"https:\\\/\\\/cardinal-tapes.com\\\/?s={search_term_string}\"},\"query-input\":{\"@type\":\"PropertyValueSpecification\",\"valueRequired\":true,\"valueName\":\"search_term_string\"}}],\"inLanguage\":\"fr-FR\"}]}<\/script>\n<!-- \/ Yoast SEO plugin. -->","yoast_head_json":{"title":"3M\u2122 VHB\u2122 Ruban adh\u00e9sif GPH-160GF | Cardinal TAPES","description":"Les rubans adh\u00e9sifs 3M\u2122 VHB\u2122 haute performance sont des rubans double face fabriqu\u00e9s \u00e0 partir d'un adh\u00e9sif acrylique \u00e0 cellules ferm\u00e9es \u00e0 fort pouvoir adh\u00e9sif.","robots":{"index":"index","follow":"follow","max-snippet":"max-snippet:-1","max-image-preview":"max-image-preview:large","max-video-preview":"max-video-preview:-1"},"canonical":"https:\/\/cardinal-tapes.com\/fr\/rubans-adh\u00e9sifs\/domaines-dapplication\/industrie-automobile\/3m-vhb-klebeband-gph-160g\/","og_locale":"fr_FR","og_type":"article","og_title":"3M\u2122 VHB\u2122 Ruban adh\u00e9sif GPH-160GF | Cardinal TAPES","og_description":"Les rubans adh\u00e9sifs 3M\u2122 VHB\u2122 haute performance sont des rubans double face fabriqu\u00e9s \u00e0 partir d'un adh\u00e9sif acrylique \u00e0 cellules ferm\u00e9es \u00e0 fort pouvoir adh\u00e9sif.","og_url":"https:\/\/cardinal-tapes.com\/fr\/rubans-adh\u00e9sifs\/domaines-dapplication\/industrie-automobile\/3m-vhb-klebeband-gph-160g\/","og_site_name":"cardinal TAPES","article_modified_time":"2025-07-02T10:14:36+00:00","og_image":[{"width":400,"height":400,"url":"https:\/\/cardinal-tapes.com\/wp-content\/uploads\/3m-vhb-general-purpose-high-tempurature-tape-gph-160gf-grey.webp","type":"image\/webp"}],"twitter_card":"summary_large_image","twitter_misc":{"Dur\u00e9e de lecture estim\u00e9e":"1 minute"},"schema":{"@context":"https:\/\/schema.org","@graph":[{"@type":"WebPage","@id":"https:\/\/cardinal-tapes.com\/fr\/rubans-adh\u00e9sifs\/domaines-dapplication\/industrie-automobile\/3m-vhb-klebeband-gph-160g\/","url":"https:\/\/cardinal-tapes.com\/fr\/rubans-adh\u00e9sifs\/domaines-dapplication\/industrie-automobile\/3m-vhb-klebeband-gph-160g\/","name":"3M\u2122 VHB\u2122 Ruban adh\u00e9sif GPH-160GF | Cardinal TAPES","isPartOf":{"@id":"https:\/\/cardinal-tapes.com\/#website"},"primaryImageOfPage":{"@id":"https:\/\/cardinal-tapes.com\/fr\/rubans-adh\u00e9sifs\/domaines-dapplication\/industrie-automobile\/3m-vhb-klebeband-gph-160g\/#primaryimage"},"image":{"@id":"https:\/\/cardinal-tapes.com\/fr\/rubans-adh\u00e9sifs\/domaines-dapplication\/industrie-automobile\/3m-vhb-klebeband-gph-160g\/#primaryimage"},"thumbnailUrl":"https:\/\/cardinal-tapes.com\/wp-content\/uploads\/3m-vhb-general-purpose-high-tempurature-tape-gph-160gf-grey.webp","datePublished":"2022-08-15T08:16:07+00:00","dateModified":"2025-07-02T10:14:36+00:00","description":"Les rubans adh\u00e9sifs 3M\u2122 VHB\u2122 haute performance sont des rubans double face fabriqu\u00e9s \u00e0 partir d'un adh\u00e9sif acrylique \u00e0 cellules ferm\u00e9es \u00e0 fort pouvoir adh\u00e9sif.","breadcrumb":{"@id":"https:\/\/cardinal-tapes.com\/fr\/rubans-adh\u00e9sifs\/domaines-dapplication\/industrie-automobile\/3m-vhb-klebeband-gph-160g\/#breadcrumb"},"inLanguage":"fr-FR","potentialAction":[{"@type":"ReadAction","target":["https:\/\/cardinal-tapes.com\/fr\/rubans-adh\u00e9sifs\/domaines-dapplication\/industrie-automobile\/3m-vhb-klebeband-gph-160g\/"]}]},{"@type":"ImageObject","inLanguage":"fr-FR","@id":"https:\/\/cardinal-tapes.com\/fr\/rubans-adh\u00e9sifs\/domaines-dapplication\/industrie-automobile\/3m-vhb-klebeband-gph-160g\/#primaryimage","url":"https:\/\/cardinal-tapes.com\/wp-content\/uploads\/3m-vhb-general-purpose-high-tempurature-tape-gph-160gf-grey.webp","contentUrl":"https:\/\/cardinal-tapes.com\/wp-content\/uploads\/3m-vhb-general-purpose-high-tempurature-tape-gph-160gf-grey.webp","width":400,"height":400},{"@type":"BreadcrumbList","@id":"https:\/\/cardinal-tapes.com\/fr\/rubans-adh\u00e9sifs\/domaines-dapplication\/industrie-automobile\/3m-vhb-klebeband-gph-160g\/#breadcrumb","itemListElement":[{"@type":"ListItem","position":1,"name":"Startseite","item":"https:\/\/cardinal-tapes.com\/fr\/accueil\/"},{"@type":"ListItem","position":2,"name":"Rubans adh\u00e9sifs","item":"https:\/\/cardinal-tapes.com\/fr\/rubans-adhesifs-fr\/"},{"@type":"ListItem","position":3,"name":"Domaines d&#039;application","item":"https:\/\/cardinal-tapes.com\/fr\/catgorie\/domaines-dapplication\/"},{"@type":"ListItem","position":4,"name":"Industrie automobile","item":"https:\/\/cardinal-tapes.com\/fr\/catgorie\/industrie-automobile\/"},{"@type":"ListItem","position":5,"name":"3M\u2122 VHB\u2122 Ruban adh\u00e9sif GPH-160GF"}]},{"@type":"WebSite","@id":"https:\/\/cardinal-tapes.com\/#website","url":"https:\/\/cardinal-tapes.com\/","name":"cardinal TAPES","description":"Klebetechnik aus Wuppertal","potentialAction":[{"@type":"SearchAction","target":{"@type":"EntryPoint","urlTemplate":"https:\/\/cardinal-tapes.com\/?s={search_term_string}"},"query-input":{"@type":"PropertyValueSpecification","valueRequired":true,"valueName":"search_term_string"}}],"inLanguage":"fr-FR"}]}},"brands":[{"id":2167,"name":"3M","slug":"3m-fr"}],"_links":{"self":[{"href":"https:\/\/cardinal-tapes.com\/fr\/wp-json\/wp\/v2\/product\/39268","targetHints":{"allow":["GET"]}}],"collection":[{"href":"https:\/\/cardinal-tapes.com\/fr\/wp-json\/wp\/v2\/product"}],"about":[{"href":"https:\/\/cardinal-tapes.com\/fr\/wp-json\/wp\/v2\/types\/product"}],"wp:featuredmedia":[{"embeddable":true,"href":"https:\/\/cardinal-tapes.com\/fr\/wp-json\/wp\/v2\/media\/29008"}],"wp:attachment":[{"href":"https:\/\/cardinal-tapes.com\/fr\/wp-json\/wp\/v2\/media?parent=39268"}],"wp:term":[{"taxonomy":"pwb-brand","embeddable":true,"href":"https:\/\/cardinal-tapes.com\/fr\/wp-json\/wp\/v2\/pwb-brand?post=39268"},{"taxonomy":"product_brand","embeddable":true,"href":"https:\/\/cardinal-tapes.com\/fr\/wp-json\/wp\/v2\/product_brand?post=39268"},{"taxonomy":"product_cat","embeddable":true,"href":"https:\/\/cardinal-tapes.com\/fr\/wp-json\/wp\/v2\/product_cat?post=39268"},{"taxonomy":"product_tag","embeddable":true,"href":"https:\/\/cardinal-tapes.com\/fr\/wp-json\/wp\/v2\/product_tag?post=39268"}],"curies":[{"name":"wp","href":"https:\/\/api.w.org\/{rel}","templated":true}]}}