{"id":39264,"date":"2022-08-15T10:39:04","date_gmt":"2023-06-05T14:48:21","guid":{"rendered":"https:\/\/cardinal.pixel-tal.de\/klebebaender\/non%20class\u00e9\/3m-px5015-mousse-acrylique\/"},"modified":"2025-07-02T12:17:25","modified_gmt":"2025-07-02T10:17:25","slug":"ruban-adhesif-3m-px5015","status":"publish","type":"product","link":"https:\/\/cardinal-tapes.com\/fr\/rubans-adh\u00e9sifs\/rubans-adhesifs-double-face\/ruban-adhesif-3m-px5015\/","title":{"rendered":"3M\u2122 PX5015 Mousse acrylique"},"content":{"rendered":"<p>Le ruban adh\u00e9sif 3M\u2122 Acrylic Foam de la s\u00e9rie PX5000 est compos\u00e9 de mousse acrylique et convient particuli\u00e8rement \u00e0 la fixation de pi\u00e8ces de montage dans le secteur automobile. Il se caract\u00e9rise par une forte adh\u00e9rence sur les surfaces difficiles. Dans de nombreux cas, le PX5000 permet de coller des pi\u00e8ces rapport\u00e9es sans autre traitement pr\u00e9alable.<\/p>\n<p><strong>Caract\u00e9ristiques<br \/>\n<\/strong>Le ruban adh\u00e9sif se caract\u00e9rise par une excellente adh\u00e9rence sur les plastiques \u00e0 faible \u00e9nergie (LSE) et sur de nombreuses peintures automobiles. Haute r\u00e9sistance \u00e0 la temp\u00e9rature, aux intemp\u00e9ries, aux UV et aux solvants.<\/p>\n<p><strong>Applications<\/strong><br \/>\n&#8211; Permet de diff\u00e9rencier facilement les mod\u00e8les de v\u00e9hicules en modifiant les pi\u00e8ces sans modifier la carrosserie<br \/>\n&#8211; Convient tr\u00e8s bien \u00e0 tous les processus d&#8217;application manuels et automatiques.<\/p>\n","protected":false},"excerpt":{"rendered":"<p>Le ruban adh\u00e9sif 3M\u2122 Acrylic Foam de la s\u00e9rie PX5000 est compos\u00e9 de mousse acrylique et convient particuli\u00e8rement \u00e0 la fixation de pi\u00e8ces de montage dans le secteur automobile. Il se caract\u00e9rise par une forte adh\u00e9rence sur les surfaces difficiles. Dans de nombreux cas, le PX5000 permet de coller des pi\u00e8ces rapport\u00e9es sans autre traitement [&hellip;]<\/p>\n","protected":false},"featured_media":28996,"template":"","meta":{"_acf_changed":false},"pwb-brand":[2167],"product_brand":[],"product_cat":[1834],"product_tag":[],"class_list":{"0":"post-39264","1":"product","2":"type-product","3":"status-publish","4":"has-post-thumbnail","6":"pwb-brand-3m-fr","7":"product_cat-rubans-adhesifs-double-face","9":"first","10":"instock","11":"taxable","12":"shipping-taxable","13":"purchasable","14":"product-type-variable"},"acf":[],"yoast_head":"<!-- This site is optimized with the Yoast SEO plugin v27.3 - https:\/\/yoast.com\/product\/yoast-seo-wordpress\/ -->\n<title>3M\u2122 PX5015 Mousse acrylique | Cardinal TAPES<\/title>\n<meta name=\"description\" content=\"Le ruban adh\u00e9sif 3M\u2122 Acrylic Foam de la s\u00e9rie PX5000 est compos\u00e9 de mousse acrylique et convient particuli\u00e8rement \u00e0 la fixation de pi\u00e8ces de montage dans le secteur automobile.\" \/>\n<meta name=\"robots\" content=\"index, follow, max-snippet:-1, max-image-preview:large, max-video-preview:-1\" \/>\n<link rel=\"canonical\" href=\"https:\/\/cardinal-tapes.com\/fr\/rubans-adh\u00e9sifs\/rubans-adhesifs-double-face\/ruban-adhesif-3m-px5015\/\" \/>\n<meta property=\"og:locale\" content=\"fr_FR\" \/>\n<meta property=\"og:type\" content=\"article\" \/>\n<meta property=\"og:title\" content=\"3M\u2122 PX5015 Mousse acrylique | Cardinal TAPES\" \/>\n<meta property=\"og:description\" content=\"Le ruban adh\u00e9sif 3M\u2122 Acrylic Foam de la s\u00e9rie PX5000 est compos\u00e9 de mousse acrylique et convient particuli\u00e8rement \u00e0 la fixation de pi\u00e8ces de montage dans le secteur automobile.\" \/>\n<meta property=\"og:url\" content=\"https:\/\/cardinal-tapes.com\/fr\/rubans-adh\u00e9sifs\/rubans-adhesifs-double-face\/ruban-adhesif-3m-px5015\/\" \/>\n<meta property=\"og:site_name\" content=\"cardinal TAPES\" \/>\n<meta property=\"article:modified_time\" content=\"2025-07-02T10:17:25+00:00\" \/>\n<meta property=\"og:image\" content=\"https:\/\/cardinal-tapes.com\/wp-content\/uploads\/3m-acrylic-foam-tape-px500-series-2.webp\" \/>\n\t<meta property=\"og:image:width\" content=\"395\" \/>\n\t<meta property=\"og:image:height\" content=\"400\" \/>\n\t<meta property=\"og:image:type\" content=\"image\/webp\" \/>\n<meta name=\"twitter:card\" content=\"summary_large_image\" \/>\n<meta name=\"twitter:label1\" content=\"Dur\u00e9e de lecture estim\u00e9e\" \/>\n\t<meta name=\"twitter:data1\" content=\"1 minute\" \/>\n<script type=\"application\/ld+json\" class=\"yoast-schema-graph\">{\"@context\":\"https:\\\/\\\/schema.org\",\"@graph\":[{\"@type\":\"WebPage\",\"@id\":\"https:\\\/\\\/cardinal-tapes.com\\\/fr\\\/rubans-adh\u00e9sifs\\\/rubans-adhesifs-double-face\\\/ruban-adhesif-3m-px5015\\\/\",\"url\":\"https:\\\/\\\/cardinal-tapes.com\\\/fr\\\/rubans-adh\u00e9sifs\\\/rubans-adhesifs-double-face\\\/ruban-adhesif-3m-px5015\\\/\",\"name\":\"3M\u2122 PX5015 Mousse acrylique | Cardinal TAPES\",\"isPartOf\":{\"@id\":\"https:\\\/\\\/cardinal-tapes.com\\\/#website\"},\"primaryImageOfPage\":{\"@id\":\"https:\\\/\\\/cardinal-tapes.com\\\/fr\\\/rubans-adh\u00e9sifs\\\/rubans-adhesifs-double-face\\\/ruban-adhesif-3m-px5015\\\/#primaryimage\"},\"image\":{\"@id\":\"https:\\\/\\\/cardinal-tapes.com\\\/fr\\\/rubans-adh\u00e9sifs\\\/rubans-adhesifs-double-face\\\/ruban-adhesif-3m-px5015\\\/#primaryimage\"},\"thumbnailUrl\":\"https:\\\/\\\/cardinal-tapes.com\\\/wp-content\\\/uploads\\\/3m-acrylic-foam-tape-px500-series-2.webp\",\"datePublished\":\"2023-06-05T14:48:21+00:00\",\"dateModified\":\"2025-07-02T10:17:25+00:00\",\"description\":\"Le ruban adh\u00e9sif 3M\u2122 Acrylic Foam de la s\u00e9rie PX5000 est compos\u00e9 de mousse acrylique et convient particuli\u00e8rement \u00e0 la fixation de pi\u00e8ces de montage dans le secteur automobile.\",\"breadcrumb\":{\"@id\":\"https:\\\/\\\/cardinal-tapes.com\\\/fr\\\/rubans-adh\u00e9sifs\\\/rubans-adhesifs-double-face\\\/ruban-adhesif-3m-px5015\\\/#breadcrumb\"},\"inLanguage\":\"fr-FR\",\"potentialAction\":[{\"@type\":\"ReadAction\",\"target\":[\"https:\\\/\\\/cardinal-tapes.com\\\/fr\\\/rubans-adh\u00e9sifs\\\/rubans-adhesifs-double-face\\\/ruban-adhesif-3m-px5015\\\/\"]}]},{\"@type\":\"ImageObject\",\"inLanguage\":\"fr-FR\",\"@id\":\"https:\\\/\\\/cardinal-tapes.com\\\/fr\\\/rubans-adh\u00e9sifs\\\/rubans-adhesifs-double-face\\\/ruban-adhesif-3m-px5015\\\/#primaryimage\",\"url\":\"https:\\\/\\\/cardinal-tapes.com\\\/wp-content\\\/uploads\\\/3m-acrylic-foam-tape-px500-series-2.webp\",\"contentUrl\":\"https:\\\/\\\/cardinal-tapes.com\\\/wp-content\\\/uploads\\\/3m-acrylic-foam-tape-px500-series-2.webp\",\"width\":395,\"height\":400},{\"@type\":\"BreadcrumbList\",\"@id\":\"https:\\\/\\\/cardinal-tapes.com\\\/fr\\\/rubans-adh\u00e9sifs\\\/rubans-adhesifs-double-face\\\/ruban-adhesif-3m-px5015\\\/#breadcrumb\",\"itemListElement\":[{\"@type\":\"ListItem\",\"position\":1,\"name\":\"Startseite\",\"item\":\"https:\\\/\\\/cardinal-tapes.com\\\/fr\\\/accueil\\\/\"},{\"@type\":\"ListItem\",\"position\":2,\"name\":\"Rubans adh\u00e9sifs\",\"item\":\"https:\\\/\\\/cardinal-tapes.com\\\/fr\\\/rubans-adhesifs-fr\\\/\"},{\"@type\":\"ListItem\",\"position\":3,\"name\":\"Rubans adh\u00e9sifs double face\",\"item\":\"https:\\\/\\\/cardinal-tapes.com\\\/fr\\\/catgorie\\\/rubans-adhesifs-double-face\\\/\"},{\"@type\":\"ListItem\",\"position\":4,\"name\":\"3M\u2122 PX5015 Mousse acrylique\"}]},{\"@type\":\"WebSite\",\"@id\":\"https:\\\/\\\/cardinal-tapes.com\\\/#website\",\"url\":\"https:\\\/\\\/cardinal-tapes.com\\\/\",\"name\":\"cardinal TAPES\",\"description\":\"Klebetechnik aus Wuppertal\",\"potentialAction\":[{\"@type\":\"SearchAction\",\"target\":{\"@type\":\"EntryPoint\",\"urlTemplate\":\"https:\\\/\\\/cardinal-tapes.com\\\/?s={search_term_string}\"},\"query-input\":{\"@type\":\"PropertyValueSpecification\",\"valueRequired\":true,\"valueName\":\"search_term_string\"}}],\"inLanguage\":\"fr-FR\"}]}<\/script>\n<!-- \/ Yoast SEO plugin. -->","yoast_head_json":{"title":"3M\u2122 PX5015 Mousse acrylique | Cardinal TAPES","description":"Le ruban adh\u00e9sif 3M\u2122 Acrylic Foam de la s\u00e9rie PX5000 est compos\u00e9 de mousse acrylique et convient particuli\u00e8rement \u00e0 la fixation de pi\u00e8ces de montage dans le secteur automobile.","robots":{"index":"index","follow":"follow","max-snippet":"max-snippet:-1","max-image-preview":"max-image-preview:large","max-video-preview":"max-video-preview:-1"},"canonical":"https:\/\/cardinal-tapes.com\/fr\/rubans-adh\u00e9sifs\/rubans-adhesifs-double-face\/ruban-adhesif-3m-px5015\/","og_locale":"fr_FR","og_type":"article","og_title":"3M\u2122 PX5015 Mousse acrylique | Cardinal TAPES","og_description":"Le ruban adh\u00e9sif 3M\u2122 Acrylic Foam de la s\u00e9rie PX5000 est compos\u00e9 de mousse acrylique et convient particuli\u00e8rement \u00e0 la fixation de pi\u00e8ces de montage dans le secteur automobile.","og_url":"https:\/\/cardinal-tapes.com\/fr\/rubans-adh\u00e9sifs\/rubans-adhesifs-double-face\/ruban-adhesif-3m-px5015\/","og_site_name":"cardinal TAPES","article_modified_time":"2025-07-02T10:17:25+00:00","og_image":[{"width":395,"height":400,"url":"https:\/\/cardinal-tapes.com\/wp-content\/uploads\/3m-acrylic-foam-tape-px500-series-2.webp","type":"image\/webp"}],"twitter_card":"summary_large_image","twitter_misc":{"Dur\u00e9e de lecture estim\u00e9e":"1 minute"},"schema":{"@context":"https:\/\/schema.org","@graph":[{"@type":"WebPage","@id":"https:\/\/cardinal-tapes.com\/fr\/rubans-adh\u00e9sifs\/rubans-adhesifs-double-face\/ruban-adhesif-3m-px5015\/","url":"https:\/\/cardinal-tapes.com\/fr\/rubans-adh\u00e9sifs\/rubans-adhesifs-double-face\/ruban-adhesif-3m-px5015\/","name":"3M\u2122 PX5015 Mousse acrylique | Cardinal TAPES","isPartOf":{"@id":"https:\/\/cardinal-tapes.com\/#website"},"primaryImageOfPage":{"@id":"https:\/\/cardinal-tapes.com\/fr\/rubans-adh\u00e9sifs\/rubans-adhesifs-double-face\/ruban-adhesif-3m-px5015\/#primaryimage"},"image":{"@id":"https:\/\/cardinal-tapes.com\/fr\/rubans-adh\u00e9sifs\/rubans-adhesifs-double-face\/ruban-adhesif-3m-px5015\/#primaryimage"},"thumbnailUrl":"https:\/\/cardinal-tapes.com\/wp-content\/uploads\/3m-acrylic-foam-tape-px500-series-2.webp","datePublished":"2023-06-05T14:48:21+00:00","dateModified":"2025-07-02T10:17:25+00:00","description":"Le ruban adh\u00e9sif 3M\u2122 Acrylic Foam de la s\u00e9rie PX5000 est compos\u00e9 de mousse acrylique et convient particuli\u00e8rement \u00e0 la fixation de pi\u00e8ces de montage dans le secteur automobile.","breadcrumb":{"@id":"https:\/\/cardinal-tapes.com\/fr\/rubans-adh\u00e9sifs\/rubans-adhesifs-double-face\/ruban-adhesif-3m-px5015\/#breadcrumb"},"inLanguage":"fr-FR","potentialAction":[{"@type":"ReadAction","target":["https:\/\/cardinal-tapes.com\/fr\/rubans-adh\u00e9sifs\/rubans-adhesifs-double-face\/ruban-adhesif-3m-px5015\/"]}]},{"@type":"ImageObject","inLanguage":"fr-FR","@id":"https:\/\/cardinal-tapes.com\/fr\/rubans-adh\u00e9sifs\/rubans-adhesifs-double-face\/ruban-adhesif-3m-px5015\/#primaryimage","url":"https:\/\/cardinal-tapes.com\/wp-content\/uploads\/3m-acrylic-foam-tape-px500-series-2.webp","contentUrl":"https:\/\/cardinal-tapes.com\/wp-content\/uploads\/3m-acrylic-foam-tape-px500-series-2.webp","width":395,"height":400},{"@type":"BreadcrumbList","@id":"https:\/\/cardinal-tapes.com\/fr\/rubans-adh\u00e9sifs\/rubans-adhesifs-double-face\/ruban-adhesif-3m-px5015\/#breadcrumb","itemListElement":[{"@type":"ListItem","position":1,"name":"Startseite","item":"https:\/\/cardinal-tapes.com\/fr\/accueil\/"},{"@type":"ListItem","position":2,"name":"Rubans adh\u00e9sifs","item":"https:\/\/cardinal-tapes.com\/fr\/rubans-adhesifs-fr\/"},{"@type":"ListItem","position":3,"name":"Rubans adh\u00e9sifs double face","item":"https:\/\/cardinal-tapes.com\/fr\/catgorie\/rubans-adhesifs-double-face\/"},{"@type":"ListItem","position":4,"name":"3M\u2122 PX5015 Mousse acrylique"}]},{"@type":"WebSite","@id":"https:\/\/cardinal-tapes.com\/#website","url":"https:\/\/cardinal-tapes.com\/","name":"cardinal TAPES","description":"Klebetechnik aus Wuppertal","potentialAction":[{"@type":"SearchAction","target":{"@type":"EntryPoint","urlTemplate":"https:\/\/cardinal-tapes.com\/?s={search_term_string}"},"query-input":{"@type":"PropertyValueSpecification","valueRequired":true,"valueName":"search_term_string"}}],"inLanguage":"fr-FR"}]}},"brands":[{"id":2167,"name":"3M","slug":"3m-fr"}],"_links":{"self":[{"href":"https:\/\/cardinal-tapes.com\/fr\/wp-json\/wp\/v2\/product\/39264","targetHints":{"allow":["GET"]}}],"collection":[{"href":"https:\/\/cardinal-tapes.com\/fr\/wp-json\/wp\/v2\/product"}],"about":[{"href":"https:\/\/cardinal-tapes.com\/fr\/wp-json\/wp\/v2\/types\/product"}],"wp:featuredmedia":[{"embeddable":true,"href":"https:\/\/cardinal-tapes.com\/fr\/wp-json\/wp\/v2\/media\/28996"}],"wp:attachment":[{"href":"https:\/\/cardinal-tapes.com\/fr\/wp-json\/wp\/v2\/media?parent=39264"}],"wp:term":[{"taxonomy":"pwb-brand","embeddable":true,"href":"https:\/\/cardinal-tapes.com\/fr\/wp-json\/wp\/v2\/pwb-brand?post=39264"},{"taxonomy":"product_brand","embeddable":true,"href":"https:\/\/cardinal-tapes.com\/fr\/wp-json\/wp\/v2\/product_brand?post=39264"},{"taxonomy":"product_cat","embeddable":true,"href":"https:\/\/cardinal-tapes.com\/fr\/wp-json\/wp\/v2\/product_cat?post=39264"},{"taxonomy":"product_tag","embeddable":true,"href":"https:\/\/cardinal-tapes.com\/fr\/wp-json\/wp\/v2\/product_tag?post=39264"}],"curies":[{"name":"wp","href":"https:\/\/api.w.org\/{rel}","templated":true}]}}