{"id":39262,"date":"2022-08-15T10:43:35","date_gmt":"2023-06-05T14:48:21","guid":{"rendered":"https:\/\/cardinal.pixel-tal.de\/klebebaender\/non%20class\u00e9\/3m-pt1100-ruban-adhesif-acrylique\/"},"modified":"2025-07-02T12:05:49","modified_gmt":"2025-07-02T10:05:49","slug":"ruban-adhesif-3m-pt1100","status":"publish","type":"product","link":"https:\/\/cardinal-tapes.com\/fr\/rubans-adh\u00e9sifs\/rubans-adhesifs-double-face\/ruban-adhesif-3m-pt1100\/","title":{"rendered":"3M\u2122 PT1100 Ruban adh\u00e9sif acrylique"},"content":{"rendered":"<p>Le ruban adh\u00e9sif 3M\u2122 Acrylic Plus PT1100 trouve ses applications typiques dans la fixation d&#8217;\u00e9l\u00e9ments de montage rigides pour lesquels un bord visible esth\u00e9tique est souhait\u00e9.<\/p>\n<p><strong>Caract\u00e9ristiques<br \/>\n<\/strong>Le ruban adh\u00e9sif double face est compos\u00e9 de mousse acrylique noire avec un adh\u00e9sif acrylique suppl\u00e9mentaire sur les deux faces. Les applications typiques du ruban adh\u00e9sif sont les fixations de pi\u00e8ces rapport\u00e9es rigides, comme par exemple les spoilers, les bo\u00eetiers d&#8217;antennes, les rails de toit et les \u00e9largisseurs de passage de roue, pour lesquels un bord visible esth\u00e9tique est souhait\u00e9. Le ruban adh\u00e9sif double face a une excellente stabilit\u00e9 \u00e0 long terme ainsi qu&#8217;une tr\u00e8s bonne capacit\u00e9 d&#8217;adaptation aux surfaces \u00e0 coller. Gr\u00e2ce aux propri\u00e9t\u00e9s visco\u00e9lastiques uniques de la PT1000, les tensions dans le joint de collage sont remarquablement r\u00e9duites, ce qui permet d&#8217;obtenir un joint extr\u00eamement durable.<\/p>\n<p><strong>Applications<\/strong><br \/>\n&#8211; Les rubans adh\u00e9sifs en mousse acrylique 3M\u2122 peuvent r\u00e9duire les tensions de mani\u00e8re r\u00e9versible gr\u00e2ce \u00e0 leur visco\u00e9lasticit\u00e9 unique<br \/>\n&#8211; L&#8217;adh\u00e9rence initiale permet une transformation imm\u00e9diate souvent sans mesures de soutien temporaires.<\/p>\n","protected":false},"excerpt":{"rendered":"<p>Le ruban adh\u00e9sif 3M\u2122 Acrylic Plus PT1100 trouve ses applications typiques dans la fixation d&#8217;\u00e9l\u00e9ments de montage rigides pour lesquels un bord visible esth\u00e9tique est souhait\u00e9. Caract\u00e9ristiques Le ruban adh\u00e9sif double face est compos\u00e9 de mousse acrylique noire avec un adh\u00e9sif acrylique suppl\u00e9mentaire sur les deux faces. Les applications typiques du ruban adh\u00e9sif sont les [&hellip;]<\/p>\n","protected":false},"featured_media":28984,"template":"","meta":{"_acf_changed":false},"pwb-brand":[2167],"product_brand":[],"product_cat":[1834],"product_tag":[],"class_list":{"0":"post-39262","1":"product","2":"type-product","3":"status-publish","4":"has-post-thumbnail","6":"pwb-brand-3m-fr","7":"product_cat-rubans-adhesifs-double-face","9":"first","10":"instock","11":"taxable","12":"shipping-taxable","13":"purchasable","14":"product-type-variable"},"acf":[],"yoast_head":"<!-- This site is optimized with the Yoast SEO plugin v27.3 - https:\/\/yoast.com\/product\/yoast-seo-wordpress\/ -->\n<title>3M\u2122 PT1100 Ruban adh\u00e9sif acrylique | Cardinal TAPES<\/title>\n<meta name=\"description\" content=\"Le ruban adh\u00e9sif 3M\u2122 Acrylic Plus PT1100 trouve ses applications typiques dans la fixation d&#039;\u00e9l\u00e9ments de montage rigides pour lesquels un bord visible esth\u00e9tique est souhait\u00e9.\" \/>\n<meta name=\"robots\" content=\"index, follow, max-snippet:-1, max-image-preview:large, max-video-preview:-1\" \/>\n<link rel=\"canonical\" href=\"https:\/\/cardinal-tapes.com\/fr\/rubans-adh\u00e9sifs\/rubans-adhesifs-double-face\/ruban-adhesif-3m-pt1100\/\" \/>\n<meta property=\"og:locale\" content=\"fr_FR\" \/>\n<meta property=\"og:type\" content=\"article\" \/>\n<meta property=\"og:title\" content=\"3M\u2122 PT1100 Ruban adh\u00e9sif acrylique | Cardinal TAPES\" \/>\n<meta property=\"og:description\" content=\"Le ruban adh\u00e9sif 3M\u2122 Acrylic Plus PT1100 trouve ses applications typiques dans la fixation d&#039;\u00e9l\u00e9ments de montage rigides pour lesquels un bord visible esth\u00e9tique est souhait\u00e9.\" \/>\n<meta property=\"og:url\" content=\"https:\/\/cardinal-tapes.com\/fr\/rubans-adh\u00e9sifs\/rubans-adhesifs-double-face\/ruban-adhesif-3m-pt1100\/\" \/>\n<meta property=\"og:site_name\" content=\"cardinal TAPES\" \/>\n<meta property=\"article:modified_time\" content=\"2025-07-02T10:05:49+00:00\" \/>\n<meta property=\"og:image\" content=\"https:\/\/cardinal-tapes.com\/wp-content\/uploads\/photo-3mtm-acrylic-foam-tape-ex4015.jpg\" \/>\n\t<meta property=\"og:image:width\" content=\"400\" \/>\n\t<meta property=\"og:image:height\" content=\"398\" \/>\n\t<meta property=\"og:image:type\" content=\"image\/jpeg\" \/>\n<meta name=\"twitter:card\" content=\"summary_large_image\" \/>\n<meta name=\"twitter:label1\" content=\"Dur\u00e9e de lecture estim\u00e9e\" \/>\n\t<meta name=\"twitter:data1\" content=\"1 minute\" \/>\n<script type=\"application\/ld+json\" class=\"yoast-schema-graph\">{\"@context\":\"https:\\\/\\\/schema.org\",\"@graph\":[{\"@type\":\"WebPage\",\"@id\":\"https:\\\/\\\/cardinal-tapes.com\\\/fr\\\/rubans-adh\u00e9sifs\\\/rubans-adhesifs-double-face\\\/ruban-adhesif-3m-pt1100\\\/\",\"url\":\"https:\\\/\\\/cardinal-tapes.com\\\/fr\\\/rubans-adh\u00e9sifs\\\/rubans-adhesifs-double-face\\\/ruban-adhesif-3m-pt1100\\\/\",\"name\":\"3M\u2122 PT1100 Ruban adh\u00e9sif acrylique | Cardinal TAPES\",\"isPartOf\":{\"@id\":\"https:\\\/\\\/cardinal-tapes.com\\\/#website\"},\"primaryImageOfPage\":{\"@id\":\"https:\\\/\\\/cardinal-tapes.com\\\/fr\\\/rubans-adh\u00e9sifs\\\/rubans-adhesifs-double-face\\\/ruban-adhesif-3m-pt1100\\\/#primaryimage\"},\"image\":{\"@id\":\"https:\\\/\\\/cardinal-tapes.com\\\/fr\\\/rubans-adh\u00e9sifs\\\/rubans-adhesifs-double-face\\\/ruban-adhesif-3m-pt1100\\\/#primaryimage\"},\"thumbnailUrl\":\"https:\\\/\\\/cardinal-tapes.com\\\/wp-content\\\/uploads\\\/photo-3mtm-acrylic-foam-tape-ex4015.jpg\",\"datePublished\":\"2023-06-05T14:48:21+00:00\",\"dateModified\":\"2025-07-02T10:05:49+00:00\",\"description\":\"Le ruban adh\u00e9sif 3M\u2122 Acrylic Plus PT1100 trouve ses applications typiques dans la fixation d'\u00e9l\u00e9ments de montage rigides pour lesquels un bord visible esth\u00e9tique est souhait\u00e9.\",\"breadcrumb\":{\"@id\":\"https:\\\/\\\/cardinal-tapes.com\\\/fr\\\/rubans-adh\u00e9sifs\\\/rubans-adhesifs-double-face\\\/ruban-adhesif-3m-pt1100\\\/#breadcrumb\"},\"inLanguage\":\"fr-FR\",\"potentialAction\":[{\"@type\":\"ReadAction\",\"target\":[\"https:\\\/\\\/cardinal-tapes.com\\\/fr\\\/rubans-adh\u00e9sifs\\\/rubans-adhesifs-double-face\\\/ruban-adhesif-3m-pt1100\\\/\"]}]},{\"@type\":\"ImageObject\",\"inLanguage\":\"fr-FR\",\"@id\":\"https:\\\/\\\/cardinal-tapes.com\\\/fr\\\/rubans-adh\u00e9sifs\\\/rubans-adhesifs-double-face\\\/ruban-adhesif-3m-pt1100\\\/#primaryimage\",\"url\":\"https:\\\/\\\/cardinal-tapes.com\\\/wp-content\\\/uploads\\\/photo-3mtm-acrylic-foam-tape-ex4015.jpg\",\"contentUrl\":\"https:\\\/\\\/cardinal-tapes.com\\\/wp-content\\\/uploads\\\/photo-3mtm-acrylic-foam-tape-ex4015.jpg\",\"width\":400,\"height\":398},{\"@type\":\"BreadcrumbList\",\"@id\":\"https:\\\/\\\/cardinal-tapes.com\\\/fr\\\/rubans-adh\u00e9sifs\\\/rubans-adhesifs-double-face\\\/ruban-adhesif-3m-pt1100\\\/#breadcrumb\",\"itemListElement\":[{\"@type\":\"ListItem\",\"position\":1,\"name\":\"Startseite\",\"item\":\"https:\\\/\\\/cardinal-tapes.com\\\/fr\\\/accueil\\\/\"},{\"@type\":\"ListItem\",\"position\":2,\"name\":\"Rubans adh\u00e9sifs\",\"item\":\"https:\\\/\\\/cardinal-tapes.com\\\/fr\\\/rubans-adhesifs-fr\\\/\"},{\"@type\":\"ListItem\",\"position\":3,\"name\":\"Rubans adh\u00e9sifs double face\",\"item\":\"https:\\\/\\\/cardinal-tapes.com\\\/fr\\\/catgorie\\\/rubans-adhesifs-double-face\\\/\"},{\"@type\":\"ListItem\",\"position\":4,\"name\":\"3M\u2122 PT1100 Ruban adh\u00e9sif acrylique\"}]},{\"@type\":\"WebSite\",\"@id\":\"https:\\\/\\\/cardinal-tapes.com\\\/#website\",\"url\":\"https:\\\/\\\/cardinal-tapes.com\\\/\",\"name\":\"cardinal TAPES\",\"description\":\"Klebetechnik aus Wuppertal\",\"potentialAction\":[{\"@type\":\"SearchAction\",\"target\":{\"@type\":\"EntryPoint\",\"urlTemplate\":\"https:\\\/\\\/cardinal-tapes.com\\\/?s={search_term_string}\"},\"query-input\":{\"@type\":\"PropertyValueSpecification\",\"valueRequired\":true,\"valueName\":\"search_term_string\"}}],\"inLanguage\":\"fr-FR\"}]}<\/script>\n<!-- \/ Yoast SEO plugin. -->","yoast_head_json":{"title":"3M\u2122 PT1100 Ruban adh\u00e9sif acrylique | Cardinal TAPES","description":"Le ruban adh\u00e9sif 3M\u2122 Acrylic Plus PT1100 trouve ses applications typiques dans la fixation d'\u00e9l\u00e9ments de montage rigides pour lesquels un bord visible esth\u00e9tique est souhait\u00e9.","robots":{"index":"index","follow":"follow","max-snippet":"max-snippet:-1","max-image-preview":"max-image-preview:large","max-video-preview":"max-video-preview:-1"},"canonical":"https:\/\/cardinal-tapes.com\/fr\/rubans-adh\u00e9sifs\/rubans-adhesifs-double-face\/ruban-adhesif-3m-pt1100\/","og_locale":"fr_FR","og_type":"article","og_title":"3M\u2122 PT1100 Ruban adh\u00e9sif acrylique | Cardinal TAPES","og_description":"Le ruban adh\u00e9sif 3M\u2122 Acrylic Plus PT1100 trouve ses applications typiques dans la fixation d'\u00e9l\u00e9ments de montage rigides pour lesquels un bord visible esth\u00e9tique est souhait\u00e9.","og_url":"https:\/\/cardinal-tapes.com\/fr\/rubans-adh\u00e9sifs\/rubans-adhesifs-double-face\/ruban-adhesif-3m-pt1100\/","og_site_name":"cardinal TAPES","article_modified_time":"2025-07-02T10:05:49+00:00","og_image":[{"width":400,"height":398,"url":"https:\/\/cardinal-tapes.com\/wp-content\/uploads\/photo-3mtm-acrylic-foam-tape-ex4015.jpg","type":"image\/jpeg"}],"twitter_card":"summary_large_image","twitter_misc":{"Dur\u00e9e de lecture estim\u00e9e":"1 minute"},"schema":{"@context":"https:\/\/schema.org","@graph":[{"@type":"WebPage","@id":"https:\/\/cardinal-tapes.com\/fr\/rubans-adh\u00e9sifs\/rubans-adhesifs-double-face\/ruban-adhesif-3m-pt1100\/","url":"https:\/\/cardinal-tapes.com\/fr\/rubans-adh\u00e9sifs\/rubans-adhesifs-double-face\/ruban-adhesif-3m-pt1100\/","name":"3M\u2122 PT1100 Ruban adh\u00e9sif acrylique | Cardinal TAPES","isPartOf":{"@id":"https:\/\/cardinal-tapes.com\/#website"},"primaryImageOfPage":{"@id":"https:\/\/cardinal-tapes.com\/fr\/rubans-adh\u00e9sifs\/rubans-adhesifs-double-face\/ruban-adhesif-3m-pt1100\/#primaryimage"},"image":{"@id":"https:\/\/cardinal-tapes.com\/fr\/rubans-adh\u00e9sifs\/rubans-adhesifs-double-face\/ruban-adhesif-3m-pt1100\/#primaryimage"},"thumbnailUrl":"https:\/\/cardinal-tapes.com\/wp-content\/uploads\/photo-3mtm-acrylic-foam-tape-ex4015.jpg","datePublished":"2023-06-05T14:48:21+00:00","dateModified":"2025-07-02T10:05:49+00:00","description":"Le ruban adh\u00e9sif 3M\u2122 Acrylic Plus PT1100 trouve ses applications typiques dans la fixation d'\u00e9l\u00e9ments de montage rigides pour lesquels un bord visible esth\u00e9tique est souhait\u00e9.","breadcrumb":{"@id":"https:\/\/cardinal-tapes.com\/fr\/rubans-adh\u00e9sifs\/rubans-adhesifs-double-face\/ruban-adhesif-3m-pt1100\/#breadcrumb"},"inLanguage":"fr-FR","potentialAction":[{"@type":"ReadAction","target":["https:\/\/cardinal-tapes.com\/fr\/rubans-adh\u00e9sifs\/rubans-adhesifs-double-face\/ruban-adhesif-3m-pt1100\/"]}]},{"@type":"ImageObject","inLanguage":"fr-FR","@id":"https:\/\/cardinal-tapes.com\/fr\/rubans-adh\u00e9sifs\/rubans-adhesifs-double-face\/ruban-adhesif-3m-pt1100\/#primaryimage","url":"https:\/\/cardinal-tapes.com\/wp-content\/uploads\/photo-3mtm-acrylic-foam-tape-ex4015.jpg","contentUrl":"https:\/\/cardinal-tapes.com\/wp-content\/uploads\/photo-3mtm-acrylic-foam-tape-ex4015.jpg","width":400,"height":398},{"@type":"BreadcrumbList","@id":"https:\/\/cardinal-tapes.com\/fr\/rubans-adh\u00e9sifs\/rubans-adhesifs-double-face\/ruban-adhesif-3m-pt1100\/#breadcrumb","itemListElement":[{"@type":"ListItem","position":1,"name":"Startseite","item":"https:\/\/cardinal-tapes.com\/fr\/accueil\/"},{"@type":"ListItem","position":2,"name":"Rubans adh\u00e9sifs","item":"https:\/\/cardinal-tapes.com\/fr\/rubans-adhesifs-fr\/"},{"@type":"ListItem","position":3,"name":"Rubans adh\u00e9sifs double face","item":"https:\/\/cardinal-tapes.com\/fr\/catgorie\/rubans-adhesifs-double-face\/"},{"@type":"ListItem","position":4,"name":"3M\u2122 PT1100 Ruban adh\u00e9sif acrylique"}]},{"@type":"WebSite","@id":"https:\/\/cardinal-tapes.com\/#website","url":"https:\/\/cardinal-tapes.com\/","name":"cardinal TAPES","description":"Klebetechnik aus Wuppertal","potentialAction":[{"@type":"SearchAction","target":{"@type":"EntryPoint","urlTemplate":"https:\/\/cardinal-tapes.com\/?s={search_term_string}"},"query-input":{"@type":"PropertyValueSpecification","valueRequired":true,"valueName":"search_term_string"}}],"inLanguage":"fr-FR"}]}},"brands":[{"id":2167,"name":"3M","slug":"3m-fr"}],"_links":{"self":[{"href":"https:\/\/cardinal-tapes.com\/fr\/wp-json\/wp\/v2\/product\/39262","targetHints":{"allow":["GET"]}}],"collection":[{"href":"https:\/\/cardinal-tapes.com\/fr\/wp-json\/wp\/v2\/product"}],"about":[{"href":"https:\/\/cardinal-tapes.com\/fr\/wp-json\/wp\/v2\/types\/product"}],"wp:featuredmedia":[{"embeddable":true,"href":"https:\/\/cardinal-tapes.com\/fr\/wp-json\/wp\/v2\/media\/28984"}],"wp:attachment":[{"href":"https:\/\/cardinal-tapes.com\/fr\/wp-json\/wp\/v2\/media?parent=39262"}],"wp:term":[{"taxonomy":"pwb-brand","embeddable":true,"href":"https:\/\/cardinal-tapes.com\/fr\/wp-json\/wp\/v2\/pwb-brand?post=39262"},{"taxonomy":"product_brand","embeddable":true,"href":"https:\/\/cardinal-tapes.com\/fr\/wp-json\/wp\/v2\/product_brand?post=39262"},{"taxonomy":"product_cat","embeddable":true,"href":"https:\/\/cardinal-tapes.com\/fr\/wp-json\/wp\/v2\/product_cat?post=39262"},{"taxonomy":"product_tag","embeddable":true,"href":"https:\/\/cardinal-tapes.com\/fr\/wp-json\/wp\/v2\/product_tag?post=39262"}],"curies":[{"name":"wp","href":"https:\/\/api.w.org\/{rel}","templated":true}]}}