{"id":38657,"date":"2022-08-18T11:55:03","date_gmt":"2023-06-05T14:47:22","guid":{"rendered":"https:\/\/cardinal.pixel-tal.de\/klebebaender\/non%20class\u00e9\/tesa-acxplus-7805-black-line-ruban-adhesif-acrylique\/"},"modified":"2025-07-01T15:40:55","modified_gmt":"2025-07-01T13:40:55","slug":"tesa-acxplus-7805-black-line-ruban-adhesif-acrylique","status":"publish","type":"product","link":"https:\/\/cardinal-tapes.com\/fr\/rubans-adh\u00e9sifs\/rubans-adhesifs-double-face\/tesa-acxplus-7805-black-line-ruban-adhesif-acrylique\/","title":{"rendered":"tesa\u00ae ACXplus 7805 Black Line Ruban adh\u00e9sif acrylique"},"content":{"rendered":"<p>tesa\u00ae ACXplus 7805 Black Line est un ruban adh\u00e9sif noir en mousse acrylique, utilis\u00e9 pour le collage de pi\u00e8ces rapport\u00e9es en ext\u00e9rieur. La r\u00e9sistance exceptionnelle au choc \u00e0 froid est bas\u00e9e sur un noyau de mousse acrylique et garantit un collage fiable m\u00eame \u00e0 des temp\u00e9ratures extr\u00eamement basses.<\/p>\n<p><strong>Propri\u00e9t\u00e9s<\/strong><br \/>\n&#8211; Tr\u00e8s bonne r\u00e9sistance aux UV et \u00e0 la temp\u00e9rature<br \/>\n&#8211; Bonne r\u00e9sistance aux intemp\u00e9ries<\/p>\n<p><strong>Applications<\/strong><br \/>\n&#8211; Pour le montage de moulures de fen\u00eatres, d&#8217;antennes, de panneaux, de bas de caisse, etc.<br \/>\n&#8211; Pour une utilisation dans l&#8217;industrie automobile<\/p>\n","protected":false},"excerpt":{"rendered":"<p>tesa\u00ae ACXplus 7805 Black Line est un ruban adh\u00e9sif noir en mousse acrylique, utilis\u00e9 pour le collage de pi\u00e8ces rapport\u00e9es en ext\u00e9rieur. La r\u00e9sistance exceptionnelle au choc \u00e0 froid est bas\u00e9e sur un noyau de mousse acrylique et garantit un collage fiable m\u00eame \u00e0 des temp\u00e9ratures extr\u00eamement basses. Propri\u00e9t\u00e9s &#8211; Tr\u00e8s bonne r\u00e9sistance aux UV [&hellip;]<\/p>\n","protected":false},"featured_media":29056,"template":"","meta":{"_acf_changed":false},"pwb-brand":[2165],"product_brand":[],"product_cat":[1834],"product_tag":[],"class_list":{"0":"post-38657","1":"product","2":"type-product","3":"status-publish","4":"has-post-thumbnail","6":"pwb-brand-tesa-fr","7":"product_cat-rubans-adhesifs-double-face","9":"first","10":"instock","11":"taxable","12":"shipping-taxable","13":"purchasable","14":"product-type-variable"},"acf":[],"yoast_head":"<!-- This site is optimized with the Yoast SEO plugin v27.3 - https:\/\/yoast.com\/product\/yoast-seo-wordpress\/ -->\n<title>tesa\u00ae ACXplus 7805 Black Line | Cardinal TAPES<\/title>\n<meta name=\"description\" content=\"tesa\u00ae ACXplus 7805 Black Line est un ruban adh\u00e9sif noir en mousse acrylique, utilis\u00e9 pour le collage de pi\u00e8ces rapport\u00e9es en ext\u00e9rieur.\" \/>\n<meta name=\"robots\" content=\"index, follow, max-snippet:-1, max-image-preview:large, max-video-preview:-1\" \/>\n<link rel=\"canonical\" href=\"https:\/\/cardinal-tapes.com\/fr\/rubans-adh\u00e9sifs\/rubans-adhesifs-double-face\/tesa-acxplus-7805-black-line-ruban-adhesif-acrylique\/\" \/>\n<meta property=\"og:locale\" content=\"fr_FR\" \/>\n<meta property=\"og:type\" content=\"article\" \/>\n<meta property=\"og:title\" content=\"tesa\u00ae ACXplus 7805 Black Line | Cardinal TAPES\" \/>\n<meta property=\"og:description\" content=\"tesa\u00ae ACXplus 7805 Black Line est un ruban adh\u00e9sif noir en mousse acrylique, utilis\u00e9 pour le collage de pi\u00e8ces rapport\u00e9es en ext\u00e9rieur.\" \/>\n<meta property=\"og:url\" content=\"https:\/\/cardinal-tapes.com\/fr\/rubans-adh\u00e9sifs\/rubans-adhesifs-double-face\/tesa-acxplus-7805-black-line-ruban-adhesif-acrylique\/\" \/>\n<meta property=\"og:site_name\" content=\"cardinal TAPES\" \/>\n<meta property=\"article:modified_time\" content=\"2025-07-01T13:40:55+00:00\" \/>\n<meta property=\"og:image\" content=\"https:\/\/cardinal-tapes.com\/wp-content\/uploads\/tesa-acxplus-078xx-pv29-pr-0019063050_canvas16x9_18.webp\" \/>\n\t<meta property=\"og:image:width\" content=\"1062\" \/>\n\t<meta property=\"og:image:height\" content=\"1062\" \/>\n\t<meta property=\"og:image:type\" content=\"image\/webp\" \/>\n<meta name=\"twitter:card\" content=\"summary_large_image\" \/>\n<meta name=\"twitter:label1\" content=\"Dur\u00e9e de lecture estim\u00e9e\" \/>\n\t<meta name=\"twitter:data1\" content=\"1 minute\" \/>\n<script type=\"application\/ld+json\" class=\"yoast-schema-graph\">{\"@context\":\"https:\\\/\\\/schema.org\",\"@graph\":[{\"@type\":\"WebPage\",\"@id\":\"https:\\\/\\\/cardinal-tapes.com\\\/fr\\\/rubans-adh\u00e9sifs\\\/rubans-adhesifs-double-face\\\/tesa-acxplus-7805-black-line-ruban-adhesif-acrylique\\\/\",\"url\":\"https:\\\/\\\/cardinal-tapes.com\\\/fr\\\/rubans-adh\u00e9sifs\\\/rubans-adhesifs-double-face\\\/tesa-acxplus-7805-black-line-ruban-adhesif-acrylique\\\/\",\"name\":\"tesa\u00ae ACXplus 7805 Black Line | Cardinal TAPES\",\"isPartOf\":{\"@id\":\"https:\\\/\\\/cardinal-tapes.com\\\/#website\"},\"primaryImageOfPage\":{\"@id\":\"https:\\\/\\\/cardinal-tapes.com\\\/fr\\\/rubans-adh\u00e9sifs\\\/rubans-adhesifs-double-face\\\/tesa-acxplus-7805-black-line-ruban-adhesif-acrylique\\\/#primaryimage\"},\"image\":{\"@id\":\"https:\\\/\\\/cardinal-tapes.com\\\/fr\\\/rubans-adh\u00e9sifs\\\/rubans-adhesifs-double-face\\\/tesa-acxplus-7805-black-line-ruban-adhesif-acrylique\\\/#primaryimage\"},\"thumbnailUrl\":\"https:\\\/\\\/cardinal-tapes.com\\\/wp-content\\\/uploads\\\/tesa-acxplus-078xx-pv29-pr-0019063050_canvas16x9_18.webp\",\"datePublished\":\"2023-06-05T14:47:22+00:00\",\"dateModified\":\"2025-07-01T13:40:55+00:00\",\"description\":\"tesa\u00ae ACXplus 7805 Black Line est un ruban adh\u00e9sif noir en mousse acrylique, utilis\u00e9 pour le collage de pi\u00e8ces rapport\u00e9es en ext\u00e9rieur.\",\"breadcrumb\":{\"@id\":\"https:\\\/\\\/cardinal-tapes.com\\\/fr\\\/rubans-adh\u00e9sifs\\\/rubans-adhesifs-double-face\\\/tesa-acxplus-7805-black-line-ruban-adhesif-acrylique\\\/#breadcrumb\"},\"inLanguage\":\"fr-FR\",\"potentialAction\":[{\"@type\":\"ReadAction\",\"target\":[\"https:\\\/\\\/cardinal-tapes.com\\\/fr\\\/rubans-adh\u00e9sifs\\\/rubans-adhesifs-double-face\\\/tesa-acxplus-7805-black-line-ruban-adhesif-acrylique\\\/\"]}]},{\"@type\":\"ImageObject\",\"inLanguage\":\"fr-FR\",\"@id\":\"https:\\\/\\\/cardinal-tapes.com\\\/fr\\\/rubans-adh\u00e9sifs\\\/rubans-adhesifs-double-face\\\/tesa-acxplus-7805-black-line-ruban-adhesif-acrylique\\\/#primaryimage\",\"url\":\"https:\\\/\\\/cardinal-tapes.com\\\/wp-content\\\/uploads\\\/tesa-acxplus-078xx-pv29-pr-0019063050_canvas16x9_18.webp\",\"contentUrl\":\"https:\\\/\\\/cardinal-tapes.com\\\/wp-content\\\/uploads\\\/tesa-acxplus-078xx-pv29-pr-0019063050_canvas16x9_18.webp\",\"width\":1062,\"height\":1062},{\"@type\":\"BreadcrumbList\",\"@id\":\"https:\\\/\\\/cardinal-tapes.com\\\/fr\\\/rubans-adh\u00e9sifs\\\/rubans-adhesifs-double-face\\\/tesa-acxplus-7805-black-line-ruban-adhesif-acrylique\\\/#breadcrumb\",\"itemListElement\":[{\"@type\":\"ListItem\",\"position\":1,\"name\":\"Startseite\",\"item\":\"https:\\\/\\\/cardinal-tapes.com\\\/fr\\\/accueil\\\/\"},{\"@type\":\"ListItem\",\"position\":2,\"name\":\"Rubans adh\u00e9sifs\",\"item\":\"https:\\\/\\\/cardinal-tapes.com\\\/fr\\\/rubans-adhesifs-fr\\\/\"},{\"@type\":\"ListItem\",\"position\":3,\"name\":\"Doppelseitige Klebeb\u00e4nder\",\"item\":\"https:\\\/\\\/cardinal-tapes.com\\\/kategorie\\\/doppelseitige-klebebaender\\\/\"},{\"@type\":\"ListItem\",\"position\":4,\"name\":\"tesa\u00ae ACXplus 7805 Black Line Ruban adh\u00e9sif acrylique\"}]},{\"@type\":\"WebSite\",\"@id\":\"https:\\\/\\\/cardinal-tapes.com\\\/#website\",\"url\":\"https:\\\/\\\/cardinal-tapes.com\\\/\",\"name\":\"cardinal TAPES\",\"description\":\"Klebetechnik aus Wuppertal\",\"potentialAction\":[{\"@type\":\"SearchAction\",\"target\":{\"@type\":\"EntryPoint\",\"urlTemplate\":\"https:\\\/\\\/cardinal-tapes.com\\\/?s={search_term_string}\"},\"query-input\":{\"@type\":\"PropertyValueSpecification\",\"valueRequired\":true,\"valueName\":\"search_term_string\"}}],\"inLanguage\":\"fr-FR\"}]}<\/script>\n<!-- \/ Yoast SEO plugin. -->","yoast_head_json":{"title":"tesa\u00ae ACXplus 7805 Black Line | Cardinal TAPES","description":"tesa\u00ae ACXplus 7805 Black Line est un ruban adh\u00e9sif noir en mousse acrylique, utilis\u00e9 pour le collage de pi\u00e8ces rapport\u00e9es en ext\u00e9rieur.","robots":{"index":"index","follow":"follow","max-snippet":"max-snippet:-1","max-image-preview":"max-image-preview:large","max-video-preview":"max-video-preview:-1"},"canonical":"https:\/\/cardinal-tapes.com\/fr\/rubans-adh\u00e9sifs\/rubans-adhesifs-double-face\/tesa-acxplus-7805-black-line-ruban-adhesif-acrylique\/","og_locale":"fr_FR","og_type":"article","og_title":"tesa\u00ae ACXplus 7805 Black Line | Cardinal TAPES","og_description":"tesa\u00ae ACXplus 7805 Black Line est un ruban adh\u00e9sif noir en mousse acrylique, utilis\u00e9 pour le collage de pi\u00e8ces rapport\u00e9es en ext\u00e9rieur.","og_url":"https:\/\/cardinal-tapes.com\/fr\/rubans-adh\u00e9sifs\/rubans-adhesifs-double-face\/tesa-acxplus-7805-black-line-ruban-adhesif-acrylique\/","og_site_name":"cardinal TAPES","article_modified_time":"2025-07-01T13:40:55+00:00","og_image":[{"width":1062,"height":1062,"url":"https:\/\/cardinal-tapes.com\/wp-content\/uploads\/tesa-acxplus-078xx-pv29-pr-0019063050_canvas16x9_18.webp","type":"image\/webp"}],"twitter_card":"summary_large_image","twitter_misc":{"Dur\u00e9e de lecture estim\u00e9e":"1 minute"},"schema":{"@context":"https:\/\/schema.org","@graph":[{"@type":"WebPage","@id":"https:\/\/cardinal-tapes.com\/fr\/rubans-adh\u00e9sifs\/rubans-adhesifs-double-face\/tesa-acxplus-7805-black-line-ruban-adhesif-acrylique\/","url":"https:\/\/cardinal-tapes.com\/fr\/rubans-adh\u00e9sifs\/rubans-adhesifs-double-face\/tesa-acxplus-7805-black-line-ruban-adhesif-acrylique\/","name":"tesa\u00ae ACXplus 7805 Black Line | Cardinal TAPES","isPartOf":{"@id":"https:\/\/cardinal-tapes.com\/#website"},"primaryImageOfPage":{"@id":"https:\/\/cardinal-tapes.com\/fr\/rubans-adh\u00e9sifs\/rubans-adhesifs-double-face\/tesa-acxplus-7805-black-line-ruban-adhesif-acrylique\/#primaryimage"},"image":{"@id":"https:\/\/cardinal-tapes.com\/fr\/rubans-adh\u00e9sifs\/rubans-adhesifs-double-face\/tesa-acxplus-7805-black-line-ruban-adhesif-acrylique\/#primaryimage"},"thumbnailUrl":"https:\/\/cardinal-tapes.com\/wp-content\/uploads\/tesa-acxplus-078xx-pv29-pr-0019063050_canvas16x9_18.webp","datePublished":"2023-06-05T14:47:22+00:00","dateModified":"2025-07-01T13:40:55+00:00","description":"tesa\u00ae ACXplus 7805 Black Line est un ruban adh\u00e9sif noir en mousse acrylique, utilis\u00e9 pour le collage de pi\u00e8ces rapport\u00e9es en ext\u00e9rieur.","breadcrumb":{"@id":"https:\/\/cardinal-tapes.com\/fr\/rubans-adh\u00e9sifs\/rubans-adhesifs-double-face\/tesa-acxplus-7805-black-line-ruban-adhesif-acrylique\/#breadcrumb"},"inLanguage":"fr-FR","potentialAction":[{"@type":"ReadAction","target":["https:\/\/cardinal-tapes.com\/fr\/rubans-adh\u00e9sifs\/rubans-adhesifs-double-face\/tesa-acxplus-7805-black-line-ruban-adhesif-acrylique\/"]}]},{"@type":"ImageObject","inLanguage":"fr-FR","@id":"https:\/\/cardinal-tapes.com\/fr\/rubans-adh\u00e9sifs\/rubans-adhesifs-double-face\/tesa-acxplus-7805-black-line-ruban-adhesif-acrylique\/#primaryimage","url":"https:\/\/cardinal-tapes.com\/wp-content\/uploads\/tesa-acxplus-078xx-pv29-pr-0019063050_canvas16x9_18.webp","contentUrl":"https:\/\/cardinal-tapes.com\/wp-content\/uploads\/tesa-acxplus-078xx-pv29-pr-0019063050_canvas16x9_18.webp","width":1062,"height":1062},{"@type":"BreadcrumbList","@id":"https:\/\/cardinal-tapes.com\/fr\/rubans-adh\u00e9sifs\/rubans-adhesifs-double-face\/tesa-acxplus-7805-black-line-ruban-adhesif-acrylique\/#breadcrumb","itemListElement":[{"@type":"ListItem","position":1,"name":"Startseite","item":"https:\/\/cardinal-tapes.com\/fr\/accueil\/"},{"@type":"ListItem","position":2,"name":"Rubans adh\u00e9sifs","item":"https:\/\/cardinal-tapes.com\/fr\/rubans-adhesifs-fr\/"},{"@type":"ListItem","position":3,"name":"Doppelseitige Klebeb\u00e4nder","item":"https:\/\/cardinal-tapes.com\/kategorie\/doppelseitige-klebebaender\/"},{"@type":"ListItem","position":4,"name":"tesa\u00ae ACXplus 7805 Black Line Ruban adh\u00e9sif acrylique"}]},{"@type":"WebSite","@id":"https:\/\/cardinal-tapes.com\/#website","url":"https:\/\/cardinal-tapes.com\/","name":"cardinal TAPES","description":"Klebetechnik aus Wuppertal","potentialAction":[{"@type":"SearchAction","target":{"@type":"EntryPoint","urlTemplate":"https:\/\/cardinal-tapes.com\/?s={search_term_string}"},"query-input":{"@type":"PropertyValueSpecification","valueRequired":true,"valueName":"search_term_string"}}],"inLanguage":"fr-FR"}]}},"brands":[{"id":2165,"name":"tesa","slug":"tesa-fr"}],"_links":{"self":[{"href":"https:\/\/cardinal-tapes.com\/fr\/wp-json\/wp\/v2\/product\/38657","targetHints":{"allow":["GET"]}}],"collection":[{"href":"https:\/\/cardinal-tapes.com\/fr\/wp-json\/wp\/v2\/product"}],"about":[{"href":"https:\/\/cardinal-tapes.com\/fr\/wp-json\/wp\/v2\/types\/product"}],"wp:featuredmedia":[{"embeddable":true,"href":"https:\/\/cardinal-tapes.com\/fr\/wp-json\/wp\/v2\/media\/29056"}],"wp:attachment":[{"href":"https:\/\/cardinal-tapes.com\/fr\/wp-json\/wp\/v2\/media?parent=38657"}],"wp:term":[{"taxonomy":"pwb-brand","embeddable":true,"href":"https:\/\/cardinal-tapes.com\/fr\/wp-json\/wp\/v2\/pwb-brand?post=38657"},{"taxonomy":"product_brand","embeddable":true,"href":"https:\/\/cardinal-tapes.com\/fr\/wp-json\/wp\/v2\/product_brand?post=38657"},{"taxonomy":"product_cat","embeddable":true,"href":"https:\/\/cardinal-tapes.com\/fr\/wp-json\/wp\/v2\/product_cat?post=38657"},{"taxonomy":"product_tag","embeddable":true,"href":"https:\/\/cardinal-tapes.com\/fr\/wp-json\/wp\/v2\/product_tag?post=38657"}],"curies":[{"name":"wp","href":"https:\/\/api.w.org\/{rel}","templated":true}]}}