{"id":38654,"date":"2022-08-15T11:35:01","date_gmt":"2023-06-05T14:47:22","guid":{"rendered":"https:\/\/cardinal.pixel-tal.de\/klebebaender\/non%20class\u00e9\/tesa-acxplus-7078-ruban-adhesif-acrylique-double-face\/"},"modified":"2025-07-01T15:31:10","modified_gmt":"2025-07-01T13:31:10","slug":"tesa-acxplus-7078-adhesif-acrylique-double-face","status":"publish","type":"product","link":"https:\/\/cardinal-tapes.com\/fr\/rubans-adh\u00e9sifs\/rubans-adhesifs-double-face\/tesa-acxplus-7078-adhesif-acrylique-double-face\/","title":{"rendered":"tesa\u00ae ACXplus 7078 ruban adh\u00e9sif acrylique double face"},"content":{"rendered":"<p><sup>tesa\u00ae<\/sup> <sup class=\"lowercase\">ACXplus<\/sup> 7078 est un ruban adh\u00e9sif en mousse acrylique. Gr\u00e2ce \u00e0 sa composition unique, le ruban adh\u00e9sif poss\u00e8de une tr\u00e8s bonne r\u00e9sistance \u00e0 la temp\u00e9rature, combin\u00e9e \u00e0 une excellente r\u00e9sistance aux chocs froids. Ce produit est particuli\u00e8rement adapt\u00e9 au collage constructif en ext\u00e9rieur, notamment en combinaison avec le <span class=\"lowercase\">tesa<\/span> Adhesion Promoter.<br \/>\nUn noyau acrylique visco\u00e9lastique expans\u00e9 permet au ruban adh\u00e9sif de compenser les diff\u00e9rences de dilatation thermique de mat\u00e9riaux in\u00e9gaux.<\/p>\n<p><strong>Propri\u00e9t\u00e9s<\/strong><br \/>\n&#8211; Compensation de la dilatation thermique de mat\u00e9riaux dissemblables<br \/>\n&#8211; Tr\u00e8s bonne r\u00e9sistance au cisaillement et force d&#8217;adh\u00e9sion finale<\/p>\n<p><strong>Applications<\/strong><br \/>\n&#8211; collage de panneaux et de profil\u00e9s de renfort, entre autres dans la fabrication et le montage d&#8217;ascenseurs, de panneaux solaires, d&#8217;\u00e9l\u00e9ments de fa\u00e7ade ou de v\u00e9hicules sp\u00e9ciaux<\/p>\n","protected":false},"excerpt":{"rendered":"<p>tesa\u00ae ACXplus 7078 est un ruban adh\u00e9sif en mousse acrylique. Gr\u00e2ce \u00e0 sa composition unique, le ruban adh\u00e9sif poss\u00e8de une tr\u00e8s bonne r\u00e9sistance \u00e0 la temp\u00e9rature, combin\u00e9e \u00e0 une excellente r\u00e9sistance aux chocs froids. Ce produit est particuli\u00e8rement adapt\u00e9 au collage constructif en ext\u00e9rieur, notamment en combinaison avec le tesa Adhesion Promoter. Un noyau acrylique [&hellip;]<\/p>\n","protected":false},"featured_media":28976,"template":"","meta":{"_acf_changed":false},"pwb-brand":[2165],"product_brand":[],"product_cat":[1834],"product_tag":[],"class_list":{"0":"post-38654","1":"product","2":"type-product","3":"status-publish","4":"has-post-thumbnail","6":"pwb-brand-tesa-fr","7":"product_cat-rubans-adhesifs-double-face","9":"first","10":"instock","11":"taxable","12":"shipping-taxable","13":"purchasable","14":"product-type-variable"},"acf":[],"yoast_head":"<!-- This site is optimized with the Yoast SEO plugin v27.3 - https:\/\/yoast.com\/product\/yoast-seo-wordpress\/ -->\n<title>tesa\u00ae ACXplus 7078 ruban adh\u00e9sif acrylique double face | Cardinal TAPES<\/title>\n<meta name=\"description\" content=\"Le tesa\u00ae ACXplus 7078 est un ruban adh\u00e9sif en mousse acrylique. Gr\u00e2ce \u00e0 sa composition, le ruban adh\u00e9sif poss\u00e8de une tr\u00e8s bonne r\u00e9sistance \u00e0 la temp\u00e9rature.\" \/>\n<meta name=\"robots\" content=\"index, follow, max-snippet:-1, max-image-preview:large, max-video-preview:-1\" \/>\n<link rel=\"canonical\" href=\"https:\/\/cardinal-tapes.com\/fr\/rubans-adh\u00e9sifs\/rubans-adhesifs-double-face\/tesa-acxplus-7078-adhesif-acrylique-double-face\/\" \/>\n<meta property=\"og:locale\" content=\"fr_FR\" \/>\n<meta property=\"og:type\" content=\"article\" \/>\n<meta property=\"og:title\" content=\"tesa\u00ae ACXplus 7078 ruban adh\u00e9sif acrylique double face | Cardinal TAPES\" \/>\n<meta property=\"og:description\" content=\"Le tesa\u00ae ACXplus 7078 est un ruban adh\u00e9sif en mousse acrylique. Gr\u00e2ce \u00e0 sa composition, le ruban adh\u00e9sif poss\u00e8de une tr\u00e8s bonne r\u00e9sistance \u00e0 la temp\u00e9rature.\" \/>\n<meta property=\"og:url\" content=\"https:\/\/cardinal-tapes.com\/fr\/rubans-adh\u00e9sifs\/rubans-adhesifs-double-face\/tesa-acxplus-7078-adhesif-acrylique-double-face\/\" \/>\n<meta property=\"og:site_name\" content=\"cardinal TAPES\" \/>\n<meta property=\"article:modified_time\" content=\"2025-07-01T13:31:10+00:00\" \/>\n<meta property=\"og:image\" content=\"https:\/\/cardinal-tapes.com\/wp-content\/uploads\/tesa-acxplus-7078-2000-double-sided-acrylic-foam-tape-black-070780001222-pr1768995_canvas1x1_5.webp\" \/>\n\t<meta property=\"og:image:width\" content=\"501\" \/>\n\t<meta property=\"og:image:height\" content=\"501\" \/>\n\t<meta property=\"og:image:type\" content=\"image\/webp\" \/>\n<meta name=\"twitter:card\" content=\"summary_large_image\" \/>\n<meta name=\"twitter:label1\" content=\"Dur\u00e9e de lecture estim\u00e9e\" \/>\n\t<meta name=\"twitter:data1\" content=\"1 minute\" \/>\n<script type=\"application\/ld+json\" class=\"yoast-schema-graph\">{\"@context\":\"https:\\\/\\\/schema.org\",\"@graph\":[{\"@type\":\"WebPage\",\"@id\":\"https:\\\/\\\/cardinal-tapes.com\\\/fr\\\/rubans-adh\u00e9sifs\\\/rubans-adhesifs-double-face\\\/tesa-acxplus-7078-adhesif-acrylique-double-face\\\/\",\"url\":\"https:\\\/\\\/cardinal-tapes.com\\\/fr\\\/rubans-adh\u00e9sifs\\\/rubans-adhesifs-double-face\\\/tesa-acxplus-7078-adhesif-acrylique-double-face\\\/\",\"name\":\"tesa\u00ae ACXplus 7078 ruban adh\u00e9sif acrylique double face | Cardinal TAPES\",\"isPartOf\":{\"@id\":\"https:\\\/\\\/cardinal-tapes.com\\\/#website\"},\"primaryImageOfPage\":{\"@id\":\"https:\\\/\\\/cardinal-tapes.com\\\/fr\\\/rubans-adh\u00e9sifs\\\/rubans-adhesifs-double-face\\\/tesa-acxplus-7078-adhesif-acrylique-double-face\\\/#primaryimage\"},\"image\":{\"@id\":\"https:\\\/\\\/cardinal-tapes.com\\\/fr\\\/rubans-adh\u00e9sifs\\\/rubans-adhesifs-double-face\\\/tesa-acxplus-7078-adhesif-acrylique-double-face\\\/#primaryimage\"},\"thumbnailUrl\":\"https:\\\/\\\/cardinal-tapes.com\\\/wp-content\\\/uploads\\\/tesa-acxplus-7078-2000-double-sided-acrylic-foam-tape-black-070780001222-pr1768995_canvas1x1_5.webp\",\"datePublished\":\"2023-06-05T14:47:22+00:00\",\"dateModified\":\"2025-07-01T13:31:10+00:00\",\"description\":\"Le tesa\u00ae ACXplus 7078 est un ruban adh\u00e9sif en mousse acrylique. Gr\u00e2ce \u00e0 sa composition, le ruban adh\u00e9sif poss\u00e8de une tr\u00e8s bonne r\u00e9sistance \u00e0 la temp\u00e9rature.\",\"breadcrumb\":{\"@id\":\"https:\\\/\\\/cardinal-tapes.com\\\/fr\\\/rubans-adh\u00e9sifs\\\/rubans-adhesifs-double-face\\\/tesa-acxplus-7078-adhesif-acrylique-double-face\\\/#breadcrumb\"},\"inLanguage\":\"fr-FR\",\"potentialAction\":[{\"@type\":\"ReadAction\",\"target\":[\"https:\\\/\\\/cardinal-tapes.com\\\/fr\\\/rubans-adh\u00e9sifs\\\/rubans-adhesifs-double-face\\\/tesa-acxplus-7078-adhesif-acrylique-double-face\\\/\"]}]},{\"@type\":\"ImageObject\",\"inLanguage\":\"fr-FR\",\"@id\":\"https:\\\/\\\/cardinal-tapes.com\\\/fr\\\/rubans-adh\u00e9sifs\\\/rubans-adhesifs-double-face\\\/tesa-acxplus-7078-adhesif-acrylique-double-face\\\/#primaryimage\",\"url\":\"https:\\\/\\\/cardinal-tapes.com\\\/wp-content\\\/uploads\\\/tesa-acxplus-7078-2000-double-sided-acrylic-foam-tape-black-070780001222-pr1768995_canvas1x1_5.webp\",\"contentUrl\":\"https:\\\/\\\/cardinal-tapes.com\\\/wp-content\\\/uploads\\\/tesa-acxplus-7078-2000-double-sided-acrylic-foam-tape-black-070780001222-pr1768995_canvas1x1_5.webp\",\"width\":501,\"height\":501},{\"@type\":\"BreadcrumbList\",\"@id\":\"https:\\\/\\\/cardinal-tapes.com\\\/fr\\\/rubans-adh\u00e9sifs\\\/rubans-adhesifs-double-face\\\/tesa-acxplus-7078-adhesif-acrylique-double-face\\\/#breadcrumb\",\"itemListElement\":[{\"@type\":\"ListItem\",\"position\":1,\"name\":\"Startseite\",\"item\":\"https:\\\/\\\/cardinal-tapes.com\\\/fr\\\/accueil\\\/\"},{\"@type\":\"ListItem\",\"position\":2,\"name\":\"Rubans adh\u00e9sifs\",\"item\":\"https:\\\/\\\/cardinal-tapes.com\\\/fr\\\/rubans-adhesifs-fr\\\/\"},{\"@type\":\"ListItem\",\"position\":3,\"name\":\"Doppelseitige Klebeb\u00e4nder\",\"item\":\"https:\\\/\\\/cardinal-tapes.com\\\/kategorie\\\/doppelseitige-klebebaender\\\/\"},{\"@type\":\"ListItem\",\"position\":4,\"name\":\"tesa\u00ae ACXplus 7078 ruban adh\u00e9sif acrylique double face\"}]},{\"@type\":\"WebSite\",\"@id\":\"https:\\\/\\\/cardinal-tapes.com\\\/#website\",\"url\":\"https:\\\/\\\/cardinal-tapes.com\\\/\",\"name\":\"cardinal TAPES\",\"description\":\"Klebetechnik aus Wuppertal\",\"potentialAction\":[{\"@type\":\"SearchAction\",\"target\":{\"@type\":\"EntryPoint\",\"urlTemplate\":\"https:\\\/\\\/cardinal-tapes.com\\\/?s={search_term_string}\"},\"query-input\":{\"@type\":\"PropertyValueSpecification\",\"valueRequired\":true,\"valueName\":\"search_term_string\"}}],\"inLanguage\":\"fr-FR\"}]}<\/script>\n<!-- \/ Yoast SEO plugin. -->","yoast_head_json":{"title":"tesa\u00ae ACXplus 7078 ruban adh\u00e9sif acrylique double face | Cardinal TAPES","description":"Le tesa\u00ae ACXplus 7078 est un ruban adh\u00e9sif en mousse acrylique. Gr\u00e2ce \u00e0 sa composition, le ruban adh\u00e9sif poss\u00e8de une tr\u00e8s bonne r\u00e9sistance \u00e0 la temp\u00e9rature.","robots":{"index":"index","follow":"follow","max-snippet":"max-snippet:-1","max-image-preview":"max-image-preview:large","max-video-preview":"max-video-preview:-1"},"canonical":"https:\/\/cardinal-tapes.com\/fr\/rubans-adh\u00e9sifs\/rubans-adhesifs-double-face\/tesa-acxplus-7078-adhesif-acrylique-double-face\/","og_locale":"fr_FR","og_type":"article","og_title":"tesa\u00ae ACXplus 7078 ruban adh\u00e9sif acrylique double face | Cardinal TAPES","og_description":"Le tesa\u00ae ACXplus 7078 est un ruban adh\u00e9sif en mousse acrylique. Gr\u00e2ce \u00e0 sa composition, le ruban adh\u00e9sif poss\u00e8de une tr\u00e8s bonne r\u00e9sistance \u00e0 la temp\u00e9rature.","og_url":"https:\/\/cardinal-tapes.com\/fr\/rubans-adh\u00e9sifs\/rubans-adhesifs-double-face\/tesa-acxplus-7078-adhesif-acrylique-double-face\/","og_site_name":"cardinal TAPES","article_modified_time":"2025-07-01T13:31:10+00:00","og_image":[{"width":501,"height":501,"url":"https:\/\/cardinal-tapes.com\/wp-content\/uploads\/tesa-acxplus-7078-2000-double-sided-acrylic-foam-tape-black-070780001222-pr1768995_canvas1x1_5.webp","type":"image\/webp"}],"twitter_card":"summary_large_image","twitter_misc":{"Dur\u00e9e de lecture estim\u00e9e":"1 minute"},"schema":{"@context":"https:\/\/schema.org","@graph":[{"@type":"WebPage","@id":"https:\/\/cardinal-tapes.com\/fr\/rubans-adh\u00e9sifs\/rubans-adhesifs-double-face\/tesa-acxplus-7078-adhesif-acrylique-double-face\/","url":"https:\/\/cardinal-tapes.com\/fr\/rubans-adh\u00e9sifs\/rubans-adhesifs-double-face\/tesa-acxplus-7078-adhesif-acrylique-double-face\/","name":"tesa\u00ae ACXplus 7078 ruban adh\u00e9sif acrylique double face | Cardinal TAPES","isPartOf":{"@id":"https:\/\/cardinal-tapes.com\/#website"},"primaryImageOfPage":{"@id":"https:\/\/cardinal-tapes.com\/fr\/rubans-adh\u00e9sifs\/rubans-adhesifs-double-face\/tesa-acxplus-7078-adhesif-acrylique-double-face\/#primaryimage"},"image":{"@id":"https:\/\/cardinal-tapes.com\/fr\/rubans-adh\u00e9sifs\/rubans-adhesifs-double-face\/tesa-acxplus-7078-adhesif-acrylique-double-face\/#primaryimage"},"thumbnailUrl":"https:\/\/cardinal-tapes.com\/wp-content\/uploads\/tesa-acxplus-7078-2000-double-sided-acrylic-foam-tape-black-070780001222-pr1768995_canvas1x1_5.webp","datePublished":"2023-06-05T14:47:22+00:00","dateModified":"2025-07-01T13:31:10+00:00","description":"Le tesa\u00ae ACXplus 7078 est un ruban adh\u00e9sif en mousse acrylique. Gr\u00e2ce \u00e0 sa composition, le ruban adh\u00e9sif poss\u00e8de une tr\u00e8s bonne r\u00e9sistance \u00e0 la temp\u00e9rature.","breadcrumb":{"@id":"https:\/\/cardinal-tapes.com\/fr\/rubans-adh\u00e9sifs\/rubans-adhesifs-double-face\/tesa-acxplus-7078-adhesif-acrylique-double-face\/#breadcrumb"},"inLanguage":"fr-FR","potentialAction":[{"@type":"ReadAction","target":["https:\/\/cardinal-tapes.com\/fr\/rubans-adh\u00e9sifs\/rubans-adhesifs-double-face\/tesa-acxplus-7078-adhesif-acrylique-double-face\/"]}]},{"@type":"ImageObject","inLanguage":"fr-FR","@id":"https:\/\/cardinal-tapes.com\/fr\/rubans-adh\u00e9sifs\/rubans-adhesifs-double-face\/tesa-acxplus-7078-adhesif-acrylique-double-face\/#primaryimage","url":"https:\/\/cardinal-tapes.com\/wp-content\/uploads\/tesa-acxplus-7078-2000-double-sided-acrylic-foam-tape-black-070780001222-pr1768995_canvas1x1_5.webp","contentUrl":"https:\/\/cardinal-tapes.com\/wp-content\/uploads\/tesa-acxplus-7078-2000-double-sided-acrylic-foam-tape-black-070780001222-pr1768995_canvas1x1_5.webp","width":501,"height":501},{"@type":"BreadcrumbList","@id":"https:\/\/cardinal-tapes.com\/fr\/rubans-adh\u00e9sifs\/rubans-adhesifs-double-face\/tesa-acxplus-7078-adhesif-acrylique-double-face\/#breadcrumb","itemListElement":[{"@type":"ListItem","position":1,"name":"Startseite","item":"https:\/\/cardinal-tapes.com\/fr\/accueil\/"},{"@type":"ListItem","position":2,"name":"Rubans adh\u00e9sifs","item":"https:\/\/cardinal-tapes.com\/fr\/rubans-adhesifs-fr\/"},{"@type":"ListItem","position":3,"name":"Doppelseitige Klebeb\u00e4nder","item":"https:\/\/cardinal-tapes.com\/kategorie\/doppelseitige-klebebaender\/"},{"@type":"ListItem","position":4,"name":"tesa\u00ae ACXplus 7078 ruban adh\u00e9sif acrylique double face"}]},{"@type":"WebSite","@id":"https:\/\/cardinal-tapes.com\/#website","url":"https:\/\/cardinal-tapes.com\/","name":"cardinal TAPES","description":"Klebetechnik aus Wuppertal","potentialAction":[{"@type":"SearchAction","target":{"@type":"EntryPoint","urlTemplate":"https:\/\/cardinal-tapes.com\/?s={search_term_string}"},"query-input":{"@type":"PropertyValueSpecification","valueRequired":true,"valueName":"search_term_string"}}],"inLanguage":"fr-FR"}]}},"brands":[{"id":2165,"name":"tesa","slug":"tesa-fr"}],"_links":{"self":[{"href":"https:\/\/cardinal-tapes.com\/fr\/wp-json\/wp\/v2\/product\/38654","targetHints":{"allow":["GET"]}}],"collection":[{"href":"https:\/\/cardinal-tapes.com\/fr\/wp-json\/wp\/v2\/product"}],"about":[{"href":"https:\/\/cardinal-tapes.com\/fr\/wp-json\/wp\/v2\/types\/product"}],"wp:featuredmedia":[{"embeddable":true,"href":"https:\/\/cardinal-tapes.com\/fr\/wp-json\/wp\/v2\/media\/28976"}],"wp:attachment":[{"href":"https:\/\/cardinal-tapes.com\/fr\/wp-json\/wp\/v2\/media?parent=38654"}],"wp:term":[{"taxonomy":"pwb-brand","embeddable":true,"href":"https:\/\/cardinal-tapes.com\/fr\/wp-json\/wp\/v2\/pwb-brand?post=38654"},{"taxonomy":"product_brand","embeddable":true,"href":"https:\/\/cardinal-tapes.com\/fr\/wp-json\/wp\/v2\/product_brand?post=38654"},{"taxonomy":"product_cat","embeddable":true,"href":"https:\/\/cardinal-tapes.com\/fr\/wp-json\/wp\/v2\/product_cat?post=38654"},{"taxonomy":"product_tag","embeddable":true,"href":"https:\/\/cardinal-tapes.com\/fr\/wp-json\/wp\/v2\/product_tag?post=38654"}],"curies":[{"name":"wp","href":"https:\/\/api.w.org\/{rel}","templated":true}]}}