{"id":38653,"date":"2022-08-18T11:00:10","date_gmt":"2023-06-05T14:47:22","guid":{"rendered":"https:\/\/cardinal.pixel-tal.de\/klebebaender\/non%20class\u00e9\/tesa-acxplus-7062-ruban-adhesif-acrylique-double-face\/"},"modified":"2025-07-01T15:41:21","modified_gmt":"2025-07-01T13:41:21","slug":"tesa-acxplus-7062-adhesif-acrylique-double-face","status":"publish","type":"product","link":"https:\/\/cardinal-tapes.com\/fr\/rubans-adh\u00e9sifs\/rubans-adhesifs-double-face\/tesa-acxplus-7062-adhesif-acrylique-double-face\/","title":{"rendered":"tesa\u00ae ACXplus 7062 ruban adh\u00e9sif acrylique double face"},"content":{"rendered":"<p><span class=\"lowercase\">tesa\u00ae<\/span><sup class=\"lowercase\">ACXplus<\/sup> 7062 est un<span id=\"[267,296]\" class=\"word\">ruban mousse acrylique noirhaute performance<\/span> <span id=\"[316,328]\" class=\"word\">pour une installation int\u00e9rieure<\/span> <span id=\"[305,315]\" class=\"word\">permanente<\/span>. Le produit se caract\u00e9rise par une grande force de collage, en particulier pour les combinaisons de mat\u00e9riaux plastiques avec des surfaces m\u00e9talliques ou pour le collage m\u00e9tal\/m\u00e9tal.<\/p>\n<p><strong>Propri\u00e9t\u00e9s<\/strong><br \/>\n&#8211; tr\u00e8s bonne r\u00e9sistance aux UV et \u00e0 la temp\u00e9rature<br \/>\n&#8211; fort pouvoir adh\u00e9sif initial et final<\/p>\n<p><strong>Applications<\/strong><br \/>\n&#8211; Baguettes et profil\u00e9s en plastique<br \/>\n&#8211; Surfaces rev\u00eatues de poudre<\/p>\n","protected":false},"excerpt":{"rendered":"<p>tesa\u00aeACXplus 7062 est unruban mousse acrylique noirhaute performance pour une installation int\u00e9rieure permanente. Le produit se caract\u00e9rise par une grande force de collage, en particulier pour les combinaisons de mat\u00e9riaux plastiques avec des surfaces m\u00e9talliques ou pour le collage m\u00e9tal\/m\u00e9tal. Propri\u00e9t\u00e9s &#8211; tr\u00e8s bonne r\u00e9sistance aux UV et \u00e0 la temp\u00e9rature &#8211; fort pouvoir adh\u00e9sif [&hellip;]<\/p>\n","protected":false},"featured_media":28968,"template":"","meta":{"_acf_changed":false},"pwb-brand":[2165],"product_brand":[],"product_cat":[1834],"product_tag":[],"class_list":{"0":"post-38653","1":"product","2":"type-product","3":"status-publish","4":"has-post-thumbnail","6":"pwb-brand-tesa-fr","7":"product_cat-rubans-adhesifs-double-face","9":"first","10":"instock","11":"taxable","12":"shipping-taxable","13":"purchasable","14":"product-type-variable"},"acf":[],"yoast_head":"<!-- This site is optimized with the Yoast SEO plugin v27.3 - https:\/\/yoast.com\/product\/yoast-seo-wordpress\/ -->\n<title>tesa\u00ae ACXplus 7062 Ruban adh\u00e9sif acrylique | Cardinal TAPES<\/title>\n<meta name=\"description\" content=\"tesa\u00ae ACXplus 7062 est un ruban mousse acrylique noir haute performance\" \/>\n<meta name=\"robots\" content=\"index, follow, max-snippet:-1, max-image-preview:large, max-video-preview:-1\" \/>\n<link rel=\"canonical\" href=\"https:\/\/cardinal-tapes.com\/fr\/rubans-adh\u00e9sifs\/rubans-adhesifs-double-face\/tesa-acxplus-7062-adhesif-acrylique-double-face\/\" \/>\n<meta property=\"og:locale\" content=\"fr_FR\" \/>\n<meta property=\"og:type\" content=\"article\" \/>\n<meta property=\"og:title\" content=\"tesa\u00ae ACXplus 7062 Ruban adh\u00e9sif acrylique | Cardinal TAPES\" \/>\n<meta property=\"og:description\" content=\"tesa\u00ae ACXplus 7062 est un ruban mousse acrylique noir haute performance\" \/>\n<meta property=\"og:url\" content=\"https:\/\/cardinal-tapes.com\/fr\/rubans-adh\u00e9sifs\/rubans-adhesifs-double-face\/tesa-acxplus-7062-adhesif-acrylique-double-face\/\" \/>\n<meta property=\"og:site_name\" content=\"cardinal TAPES\" \/>\n<meta property=\"article:modified_time\" content=\"2025-07-01T13:41:21+00:00\" \/>\n<meta property=\"og:image\" content=\"https:\/\/cardinal-tapes.com\/wp-content\/uploads\/tesa-acxplus-0705x-pv32-pr-0019354078_canvas1x1_5-1.webp\" \/>\n\t<meta property=\"og:image:width\" content=\"501\" \/>\n\t<meta property=\"og:image:height\" content=\"501\" \/>\n\t<meta property=\"og:image:type\" content=\"image\/webp\" \/>\n<meta name=\"twitter:card\" content=\"summary_large_image\" \/>\n<script type=\"application\/ld+json\" class=\"yoast-schema-graph\">{\"@context\":\"https:\\\/\\\/schema.org\",\"@graph\":[{\"@type\":\"WebPage\",\"@id\":\"https:\\\/\\\/cardinal-tapes.com\\\/fr\\\/rubans-adh\u00e9sifs\\\/rubans-adhesifs-double-face\\\/tesa-acxplus-7062-adhesif-acrylique-double-face\\\/\",\"url\":\"https:\\\/\\\/cardinal-tapes.com\\\/fr\\\/rubans-adh\u00e9sifs\\\/rubans-adhesifs-double-face\\\/tesa-acxplus-7062-adhesif-acrylique-double-face\\\/\",\"name\":\"tesa\u00ae ACXplus 7062 Ruban adh\u00e9sif acrylique | Cardinal TAPES\",\"isPartOf\":{\"@id\":\"https:\\\/\\\/cardinal-tapes.com\\\/#website\"},\"primaryImageOfPage\":{\"@id\":\"https:\\\/\\\/cardinal-tapes.com\\\/fr\\\/rubans-adh\u00e9sifs\\\/rubans-adhesifs-double-face\\\/tesa-acxplus-7062-adhesif-acrylique-double-face\\\/#primaryimage\"},\"image\":{\"@id\":\"https:\\\/\\\/cardinal-tapes.com\\\/fr\\\/rubans-adh\u00e9sifs\\\/rubans-adhesifs-double-face\\\/tesa-acxplus-7062-adhesif-acrylique-double-face\\\/#primaryimage\"},\"thumbnailUrl\":\"https:\\\/\\\/cardinal-tapes.com\\\/wp-content\\\/uploads\\\/tesa-acxplus-0705x-pv32-pr-0019354078_canvas1x1_5-1.webp\",\"datePublished\":\"2023-06-05T14:47:22+00:00\",\"dateModified\":\"2025-07-01T13:41:21+00:00\",\"description\":\"tesa\u00ae ACXplus 7062 est un ruban mousse acrylique noir haute performance\",\"breadcrumb\":{\"@id\":\"https:\\\/\\\/cardinal-tapes.com\\\/fr\\\/rubans-adh\u00e9sifs\\\/rubans-adhesifs-double-face\\\/tesa-acxplus-7062-adhesif-acrylique-double-face\\\/#breadcrumb\"},\"inLanguage\":\"fr-FR\",\"potentialAction\":[{\"@type\":\"ReadAction\",\"target\":[\"https:\\\/\\\/cardinal-tapes.com\\\/fr\\\/rubans-adh\u00e9sifs\\\/rubans-adhesifs-double-face\\\/tesa-acxplus-7062-adhesif-acrylique-double-face\\\/\"]}]},{\"@type\":\"ImageObject\",\"inLanguage\":\"fr-FR\",\"@id\":\"https:\\\/\\\/cardinal-tapes.com\\\/fr\\\/rubans-adh\u00e9sifs\\\/rubans-adhesifs-double-face\\\/tesa-acxplus-7062-adhesif-acrylique-double-face\\\/#primaryimage\",\"url\":\"https:\\\/\\\/cardinal-tapes.com\\\/wp-content\\\/uploads\\\/tesa-acxplus-0705x-pv32-pr-0019354078_canvas1x1_5-1.webp\",\"contentUrl\":\"https:\\\/\\\/cardinal-tapes.com\\\/wp-content\\\/uploads\\\/tesa-acxplus-0705x-pv32-pr-0019354078_canvas1x1_5-1.webp\",\"width\":501,\"height\":501},{\"@type\":\"BreadcrumbList\",\"@id\":\"https:\\\/\\\/cardinal-tapes.com\\\/fr\\\/rubans-adh\u00e9sifs\\\/rubans-adhesifs-double-face\\\/tesa-acxplus-7062-adhesif-acrylique-double-face\\\/#breadcrumb\",\"itemListElement\":[{\"@type\":\"ListItem\",\"position\":1,\"name\":\"Startseite\",\"item\":\"https:\\\/\\\/cardinal-tapes.com\\\/fr\\\/accueil\\\/\"},{\"@type\":\"ListItem\",\"position\":2,\"name\":\"Rubans adh\u00e9sifs\",\"item\":\"https:\\\/\\\/cardinal-tapes.com\\\/fr\\\/rubans-adhesifs-fr\\\/\"},{\"@type\":\"ListItem\",\"position\":3,\"name\":\"Doppelseitige Klebeb\u00e4nder\",\"item\":\"https:\\\/\\\/cardinal-tapes.com\\\/kategorie\\\/doppelseitige-klebebaender\\\/\"},{\"@type\":\"ListItem\",\"position\":4,\"name\":\"tesa\u00ae ACXplus 7062 ruban adh\u00e9sif acrylique double face\"}]},{\"@type\":\"WebSite\",\"@id\":\"https:\\\/\\\/cardinal-tapes.com\\\/#website\",\"url\":\"https:\\\/\\\/cardinal-tapes.com\\\/\",\"name\":\"cardinal TAPES\",\"description\":\"Klebetechnik aus Wuppertal\",\"potentialAction\":[{\"@type\":\"SearchAction\",\"target\":{\"@type\":\"EntryPoint\",\"urlTemplate\":\"https:\\\/\\\/cardinal-tapes.com\\\/?s={search_term_string}\"},\"query-input\":{\"@type\":\"PropertyValueSpecification\",\"valueRequired\":true,\"valueName\":\"search_term_string\"}}],\"inLanguage\":\"fr-FR\"}]}<\/script>\n<!-- \/ Yoast SEO plugin. -->","yoast_head_json":{"title":"tesa\u00ae ACXplus 7062 Ruban adh\u00e9sif acrylique | Cardinal TAPES","description":"tesa\u00ae ACXplus 7062 est un ruban mousse acrylique noir haute performance","robots":{"index":"index","follow":"follow","max-snippet":"max-snippet:-1","max-image-preview":"max-image-preview:large","max-video-preview":"max-video-preview:-1"},"canonical":"https:\/\/cardinal-tapes.com\/fr\/rubans-adh\u00e9sifs\/rubans-adhesifs-double-face\/tesa-acxplus-7062-adhesif-acrylique-double-face\/","og_locale":"fr_FR","og_type":"article","og_title":"tesa\u00ae ACXplus 7062 Ruban adh\u00e9sif acrylique | Cardinal TAPES","og_description":"tesa\u00ae ACXplus 7062 est un ruban mousse acrylique noir haute performance","og_url":"https:\/\/cardinal-tapes.com\/fr\/rubans-adh\u00e9sifs\/rubans-adhesifs-double-face\/tesa-acxplus-7062-adhesif-acrylique-double-face\/","og_site_name":"cardinal TAPES","article_modified_time":"2025-07-01T13:41:21+00:00","og_image":[{"width":501,"height":501,"url":"https:\/\/cardinal-tapes.com\/wp-content\/uploads\/tesa-acxplus-0705x-pv32-pr-0019354078_canvas1x1_5-1.webp","type":"image\/webp"}],"twitter_card":"summary_large_image","schema":{"@context":"https:\/\/schema.org","@graph":[{"@type":"WebPage","@id":"https:\/\/cardinal-tapes.com\/fr\/rubans-adh\u00e9sifs\/rubans-adhesifs-double-face\/tesa-acxplus-7062-adhesif-acrylique-double-face\/","url":"https:\/\/cardinal-tapes.com\/fr\/rubans-adh\u00e9sifs\/rubans-adhesifs-double-face\/tesa-acxplus-7062-adhesif-acrylique-double-face\/","name":"tesa\u00ae ACXplus 7062 Ruban adh\u00e9sif acrylique | Cardinal TAPES","isPartOf":{"@id":"https:\/\/cardinal-tapes.com\/#website"},"primaryImageOfPage":{"@id":"https:\/\/cardinal-tapes.com\/fr\/rubans-adh\u00e9sifs\/rubans-adhesifs-double-face\/tesa-acxplus-7062-adhesif-acrylique-double-face\/#primaryimage"},"image":{"@id":"https:\/\/cardinal-tapes.com\/fr\/rubans-adh\u00e9sifs\/rubans-adhesifs-double-face\/tesa-acxplus-7062-adhesif-acrylique-double-face\/#primaryimage"},"thumbnailUrl":"https:\/\/cardinal-tapes.com\/wp-content\/uploads\/tesa-acxplus-0705x-pv32-pr-0019354078_canvas1x1_5-1.webp","datePublished":"2023-06-05T14:47:22+00:00","dateModified":"2025-07-01T13:41:21+00:00","description":"tesa\u00ae ACXplus 7062 est un ruban mousse acrylique noir haute performance","breadcrumb":{"@id":"https:\/\/cardinal-tapes.com\/fr\/rubans-adh\u00e9sifs\/rubans-adhesifs-double-face\/tesa-acxplus-7062-adhesif-acrylique-double-face\/#breadcrumb"},"inLanguage":"fr-FR","potentialAction":[{"@type":"ReadAction","target":["https:\/\/cardinal-tapes.com\/fr\/rubans-adh\u00e9sifs\/rubans-adhesifs-double-face\/tesa-acxplus-7062-adhesif-acrylique-double-face\/"]}]},{"@type":"ImageObject","inLanguage":"fr-FR","@id":"https:\/\/cardinal-tapes.com\/fr\/rubans-adh\u00e9sifs\/rubans-adhesifs-double-face\/tesa-acxplus-7062-adhesif-acrylique-double-face\/#primaryimage","url":"https:\/\/cardinal-tapes.com\/wp-content\/uploads\/tesa-acxplus-0705x-pv32-pr-0019354078_canvas1x1_5-1.webp","contentUrl":"https:\/\/cardinal-tapes.com\/wp-content\/uploads\/tesa-acxplus-0705x-pv32-pr-0019354078_canvas1x1_5-1.webp","width":501,"height":501},{"@type":"BreadcrumbList","@id":"https:\/\/cardinal-tapes.com\/fr\/rubans-adh\u00e9sifs\/rubans-adhesifs-double-face\/tesa-acxplus-7062-adhesif-acrylique-double-face\/#breadcrumb","itemListElement":[{"@type":"ListItem","position":1,"name":"Startseite","item":"https:\/\/cardinal-tapes.com\/fr\/accueil\/"},{"@type":"ListItem","position":2,"name":"Rubans adh\u00e9sifs","item":"https:\/\/cardinal-tapes.com\/fr\/rubans-adhesifs-fr\/"},{"@type":"ListItem","position":3,"name":"Doppelseitige Klebeb\u00e4nder","item":"https:\/\/cardinal-tapes.com\/kategorie\/doppelseitige-klebebaender\/"},{"@type":"ListItem","position":4,"name":"tesa\u00ae ACXplus 7062 ruban adh\u00e9sif acrylique double face"}]},{"@type":"WebSite","@id":"https:\/\/cardinal-tapes.com\/#website","url":"https:\/\/cardinal-tapes.com\/","name":"cardinal TAPES","description":"Klebetechnik aus Wuppertal","potentialAction":[{"@type":"SearchAction","target":{"@type":"EntryPoint","urlTemplate":"https:\/\/cardinal-tapes.com\/?s={search_term_string}"},"query-input":{"@type":"PropertyValueSpecification","valueRequired":true,"valueName":"search_term_string"}}],"inLanguage":"fr-FR"}]}},"brands":[{"id":2165,"name":"tesa","slug":"tesa-fr"}],"_links":{"self":[{"href":"https:\/\/cardinal-tapes.com\/fr\/wp-json\/wp\/v2\/product\/38653","targetHints":{"allow":["GET"]}}],"collection":[{"href":"https:\/\/cardinal-tapes.com\/fr\/wp-json\/wp\/v2\/product"}],"about":[{"href":"https:\/\/cardinal-tapes.com\/fr\/wp-json\/wp\/v2\/types\/product"}],"wp:featuredmedia":[{"embeddable":true,"href":"https:\/\/cardinal-tapes.com\/fr\/wp-json\/wp\/v2\/media\/28968"}],"wp:attachment":[{"href":"https:\/\/cardinal-tapes.com\/fr\/wp-json\/wp\/v2\/media?parent=38653"}],"wp:term":[{"taxonomy":"pwb-brand","embeddable":true,"href":"https:\/\/cardinal-tapes.com\/fr\/wp-json\/wp\/v2\/pwb-brand?post=38653"},{"taxonomy":"product_brand","embeddable":true,"href":"https:\/\/cardinal-tapes.com\/fr\/wp-json\/wp\/v2\/product_brand?post=38653"},{"taxonomy":"product_cat","embeddable":true,"href":"https:\/\/cardinal-tapes.com\/fr\/wp-json\/wp\/v2\/product_cat?post=38653"},{"taxonomy":"product_tag","embeddable":true,"href":"https:\/\/cardinal-tapes.com\/fr\/wp-json\/wp\/v2\/product_tag?post=38653"}],"curies":[{"name":"wp","href":"https:\/\/api.w.org\/{rel}","templated":true}]}}