{"id":38651,"date":"2022-11-21T09:07:08","date_gmt":"2022-11-21T08:07:08","guid":{"rendered":"https:\/\/cardinal.pixel-tal.de\/klebebaender\/non%20class\u00e9\/scapa-t3601-bande-tissee-ignifuge-et-impermeable\/"},"modified":"2025-07-01T15:50:27","modified_gmt":"2025-07-01T13:50:27","slug":"scapa-t3601-bande-tissee-ignifugee-et-etanche-a-leau","status":"publish","type":"product","link":"https:\/\/cardinal-tapes.com\/fr\/rubans-adh\u00e9sifs\/rubans-adhesifs-simple-face\/gaffer-tape-fr\/scapa-t3601-bande-tissee-ignifugee-et-etanche-a-leau\/","title":{"rendered":"Scapa T3601 bande tiss\u00e9e ignifuge et imperm\u00e9able"},"content":{"rendered":"<p>Scapa T3601 est une bande tiss\u00e9e enduite de poly\u00e9thyl\u00e8ne, recouverte d&#8217;un adh\u00e9sif sensible \u00e0 la pression en caoutchouc ignifuge.<br \/>\nLe produit est conforme aux exigences FAR 25.853(a) et M1 pour la r\u00e9sistance au feu. Scapa T3601 est disponible en blanc et imprim\u00e9 avec FAR 25.853(a).<\/p>\n<p>&nbsp;<\/p>\n","protected":false},"excerpt":{"rendered":"<p>Scapa T3601 est une bande tiss\u00e9e enduite de poly\u00e9thyl\u00e8ne, recouverte d&#8217;un adh\u00e9sif sensible \u00e0 la pression en caoutchouc ignifuge. Le produit est conforme aux exigences FAR 25.853(a) et M1 pour la r\u00e9sistance au feu. Scapa T3601 est disponible en blanc et imprim\u00e9 avec FAR 25.853(a). &nbsp;<\/p>\n","protected":false},"featured_media":29092,"template":"","meta":{"_acf_changed":false},"pwb-brand":[3032],"product_brand":[],"product_cat":[1738,1741,1836,1837,1735,1737],"product_tag":[],"class_list":{"0":"post-38651","1":"product","2":"type-product","3":"status-publish","4":"has-post-thumbnail","6":"pwb-brand-scapa-fr","7":"product_cat-industrie-des-matieres-plastiques","8":"product_cat-construction-de-machines","9":"product_cat-rubans-adhesifs-simple-face","10":"product_cat-gaffer-tape-fr","11":"product_cat-ruban-adhesif-en-tissu","12":"product_cat-ruban-enduit-de-plastique","14":"first","15":"instock","16":"featured","17":"taxable","18":"shipping-taxable","19":"purchasable","20":"product-type-variable"},"acf":[],"yoast_head":"<!-- This site is optimized with the Yoast SEO plugin v27.3 - https:\/\/yoast.com\/product\/yoast-seo-wordpress\/ -->\n<title>Scapa T3601 Bande tiss\u00e9e | Cardinal TAPES<\/title>\n<meta name=\"description\" content=\"Scapa T3601 est une bande tiss\u00e9e enduite de poly\u00e9thyl\u00e8ne, recouverte d&#039;un adh\u00e9sif autocollant en caoutchouc ignifuge.\" \/>\n<meta name=\"robots\" content=\"index, follow, max-snippet:-1, max-image-preview:large, max-video-preview:-1\" \/>\n<link rel=\"canonical\" href=\"https:\/\/cardinal-tapes.com\/fr\/rubans-adh\u00e9sifs\/rubans-adhesifs-simple-face\/gaffer-tape-fr\/scapa-t3601-bande-tissee-ignifugee-et-etanche-a-leau\/\" \/>\n<meta property=\"og:locale\" content=\"fr_FR\" \/>\n<meta property=\"og:type\" content=\"article\" \/>\n<meta property=\"og:title\" content=\"Scapa T3601 Bande tiss\u00e9e | Cardinal TAPES\" \/>\n<meta property=\"og:description\" content=\"Scapa T3601 est une bande tiss\u00e9e enduite de poly\u00e9thyl\u00e8ne, recouverte d&#039;un adh\u00e9sif autocollant en caoutchouc ignifuge.\" \/>\n<meta property=\"og:url\" content=\"https:\/\/cardinal-tapes.com\/fr\/rubans-adh\u00e9sifs\/rubans-adhesifs-simple-face\/gaffer-tape-fr\/scapa-t3601-bande-tissee-ignifugee-et-etanche-a-leau\/\" \/>\n<meta property=\"og:site_name\" content=\"cardinal TAPES\" \/>\n<meta property=\"article:modified_time\" content=\"2025-07-01T13:50:27+00:00\" \/>\n<meta property=\"og:image\" content=\"https:\/\/cardinal-tapes.com\/wp-content\/uploads\/UVX10-2.png\" \/>\n\t<meta property=\"og:image:width\" content=\"800\" \/>\n\t<meta property=\"og:image:height\" content=\"714\" \/>\n\t<meta property=\"og:image:type\" content=\"image\/png\" \/>\n<meta name=\"twitter:card\" content=\"summary_large_image\" \/>\n<script type=\"application\/ld+json\" class=\"yoast-schema-graph\">{\"@context\":\"https:\\\/\\\/schema.org\",\"@graph\":[{\"@type\":\"WebPage\",\"@id\":\"https:\\\/\\\/cardinal-tapes.com\\\/fr\\\/rubans-adh\u00e9sifs\\\/rubans-adhesifs-simple-face\\\/gaffer-tape-fr\\\/scapa-t3601-bande-tissee-ignifugee-et-etanche-a-leau\\\/\",\"url\":\"https:\\\/\\\/cardinal-tapes.com\\\/fr\\\/rubans-adh\u00e9sifs\\\/rubans-adhesifs-simple-face\\\/gaffer-tape-fr\\\/scapa-t3601-bande-tissee-ignifugee-et-etanche-a-leau\\\/\",\"name\":\"Scapa T3601 Bande tiss\u00e9e | Cardinal TAPES\",\"isPartOf\":{\"@id\":\"https:\\\/\\\/cardinal-tapes.com\\\/#website\"},\"primaryImageOfPage\":{\"@id\":\"https:\\\/\\\/cardinal-tapes.com\\\/fr\\\/rubans-adh\u00e9sifs\\\/rubans-adhesifs-simple-face\\\/gaffer-tape-fr\\\/scapa-t3601-bande-tissee-ignifugee-et-etanche-a-leau\\\/#primaryimage\"},\"image\":{\"@id\":\"https:\\\/\\\/cardinal-tapes.com\\\/fr\\\/rubans-adh\u00e9sifs\\\/rubans-adhesifs-simple-face\\\/gaffer-tape-fr\\\/scapa-t3601-bande-tissee-ignifugee-et-etanche-a-leau\\\/#primaryimage\"},\"thumbnailUrl\":\"https:\\\/\\\/cardinal-tapes.com\\\/wp-content\\\/uploads\\\/T3601.jpg\",\"datePublished\":\"2022-11-21T08:07:08+00:00\",\"dateModified\":\"2025-07-01T13:50:27+00:00\",\"description\":\"Scapa T3601 est une bande tiss\u00e9e enduite de poly\u00e9thyl\u00e8ne, recouverte d'un adh\u00e9sif autocollant en caoutchouc ignifuge.\",\"breadcrumb\":{\"@id\":\"https:\\\/\\\/cardinal-tapes.com\\\/fr\\\/rubans-adh\u00e9sifs\\\/rubans-adhesifs-simple-face\\\/gaffer-tape-fr\\\/scapa-t3601-bande-tissee-ignifugee-et-etanche-a-leau\\\/#breadcrumb\"},\"inLanguage\":\"fr-FR\",\"potentialAction\":[{\"@type\":\"ReadAction\",\"target\":[\"https:\\\/\\\/cardinal-tapes.com\\\/fr\\\/rubans-adh\u00e9sifs\\\/rubans-adhesifs-simple-face\\\/gaffer-tape-fr\\\/scapa-t3601-bande-tissee-ignifugee-et-etanche-a-leau\\\/\"]}]},{\"@type\":\"ImageObject\",\"inLanguage\":\"fr-FR\",\"@id\":\"https:\\\/\\\/cardinal-tapes.com\\\/fr\\\/rubans-adh\u00e9sifs\\\/rubans-adhesifs-simple-face\\\/gaffer-tape-fr\\\/scapa-t3601-bande-tissee-ignifugee-et-etanche-a-leau\\\/#primaryimage\",\"url\":\"https:\\\/\\\/cardinal-tapes.com\\\/wp-content\\\/uploads\\\/T3601.jpg\",\"contentUrl\":\"https:\\\/\\\/cardinal-tapes.com\\\/wp-content\\\/uploads\\\/T3601.jpg\",\"width\":2047,\"height\":2047},{\"@type\":\"BreadcrumbList\",\"@id\":\"https:\\\/\\\/cardinal-tapes.com\\\/fr\\\/rubans-adh\u00e9sifs\\\/rubans-adhesifs-simple-face\\\/gaffer-tape-fr\\\/scapa-t3601-bande-tissee-ignifugee-et-etanche-a-leau\\\/#breadcrumb\",\"itemListElement\":[{\"@type\":\"ListItem\",\"position\":1,\"name\":\"Startseite\",\"item\":\"https:\\\/\\\/cardinal-tapes.com\\\/fr\\\/accueil\\\/\"},{\"@type\":\"ListItem\",\"position\":2,\"name\":\"Rubans adh\u00e9sifs\",\"item\":\"https:\\\/\\\/cardinal-tapes.com\\\/fr\\\/rubans-adhesifs-fr\\\/\"},{\"@type\":\"ListItem\",\"position\":3,\"name\":\"Domaines d&#039;application\",\"item\":\"https:\\\/\\\/cardinal-tapes.com\\\/fr\\\/catgorie\\\/domaines-dapplication\\\/\"},{\"@type\":\"ListItem\",\"position\":4,\"name\":\"Ruban adh\u00e9sif en tissu\",\"item\":\"https:\\\/\\\/cardinal-tapes.com\\\/fr\\\/catgorie\\\/ruban-adhesif-en-tissu\\\/\"},{\"@type\":\"ListItem\",\"position\":5,\"name\":\"Scapa T3601 bande tiss\u00e9e ignifuge et imperm\u00e9able\"}]},{\"@type\":\"WebSite\",\"@id\":\"https:\\\/\\\/cardinal-tapes.com\\\/#website\",\"url\":\"https:\\\/\\\/cardinal-tapes.com\\\/\",\"name\":\"cardinal TAPES\",\"description\":\"Klebetechnik aus Wuppertal\",\"potentialAction\":[{\"@type\":\"SearchAction\",\"target\":{\"@type\":\"EntryPoint\",\"urlTemplate\":\"https:\\\/\\\/cardinal-tapes.com\\\/?s={search_term_string}\"},\"query-input\":{\"@type\":\"PropertyValueSpecification\",\"valueRequired\":true,\"valueName\":\"search_term_string\"}}],\"inLanguage\":\"fr-FR\"}]}<\/script>\n<!-- \/ Yoast SEO plugin. -->","yoast_head_json":{"title":"Scapa T3601 Bande tiss\u00e9e | Cardinal TAPES","description":"Scapa T3601 est une bande tiss\u00e9e enduite de poly\u00e9thyl\u00e8ne, recouverte d'un adh\u00e9sif autocollant en caoutchouc ignifuge.","robots":{"index":"index","follow":"follow","max-snippet":"max-snippet:-1","max-image-preview":"max-image-preview:large","max-video-preview":"max-video-preview:-1"},"canonical":"https:\/\/cardinal-tapes.com\/fr\/rubans-adh\u00e9sifs\/rubans-adhesifs-simple-face\/gaffer-tape-fr\/scapa-t3601-bande-tissee-ignifugee-et-etanche-a-leau\/","og_locale":"fr_FR","og_type":"article","og_title":"Scapa T3601 Bande tiss\u00e9e | Cardinal TAPES","og_description":"Scapa T3601 est une bande tiss\u00e9e enduite de poly\u00e9thyl\u00e8ne, recouverte d'un adh\u00e9sif autocollant en caoutchouc ignifuge.","og_url":"https:\/\/cardinal-tapes.com\/fr\/rubans-adh\u00e9sifs\/rubans-adhesifs-simple-face\/gaffer-tape-fr\/scapa-t3601-bande-tissee-ignifugee-et-etanche-a-leau\/","og_site_name":"cardinal TAPES","article_modified_time":"2025-07-01T13:50:27+00:00","og_image":[{"width":800,"height":714,"url":"https:\/\/cardinal-tapes.com\/wp-content\/uploads\/UVX10-2.png","type":"image\/png"}],"twitter_card":"summary_large_image","schema":{"@context":"https:\/\/schema.org","@graph":[{"@type":"WebPage","@id":"https:\/\/cardinal-tapes.com\/fr\/rubans-adh\u00e9sifs\/rubans-adhesifs-simple-face\/gaffer-tape-fr\/scapa-t3601-bande-tissee-ignifugee-et-etanche-a-leau\/","url":"https:\/\/cardinal-tapes.com\/fr\/rubans-adh\u00e9sifs\/rubans-adhesifs-simple-face\/gaffer-tape-fr\/scapa-t3601-bande-tissee-ignifugee-et-etanche-a-leau\/","name":"Scapa T3601 Bande tiss\u00e9e | Cardinal TAPES","isPartOf":{"@id":"https:\/\/cardinal-tapes.com\/#website"},"primaryImageOfPage":{"@id":"https:\/\/cardinal-tapes.com\/fr\/rubans-adh\u00e9sifs\/rubans-adhesifs-simple-face\/gaffer-tape-fr\/scapa-t3601-bande-tissee-ignifugee-et-etanche-a-leau\/#primaryimage"},"image":{"@id":"https:\/\/cardinal-tapes.com\/fr\/rubans-adh\u00e9sifs\/rubans-adhesifs-simple-face\/gaffer-tape-fr\/scapa-t3601-bande-tissee-ignifugee-et-etanche-a-leau\/#primaryimage"},"thumbnailUrl":"https:\/\/cardinal-tapes.com\/wp-content\/uploads\/T3601.jpg","datePublished":"2022-11-21T08:07:08+00:00","dateModified":"2025-07-01T13:50:27+00:00","description":"Scapa T3601 est une bande tiss\u00e9e enduite de poly\u00e9thyl\u00e8ne, recouverte d'un adh\u00e9sif autocollant en caoutchouc ignifuge.","breadcrumb":{"@id":"https:\/\/cardinal-tapes.com\/fr\/rubans-adh\u00e9sifs\/rubans-adhesifs-simple-face\/gaffer-tape-fr\/scapa-t3601-bande-tissee-ignifugee-et-etanche-a-leau\/#breadcrumb"},"inLanguage":"fr-FR","potentialAction":[{"@type":"ReadAction","target":["https:\/\/cardinal-tapes.com\/fr\/rubans-adh\u00e9sifs\/rubans-adhesifs-simple-face\/gaffer-tape-fr\/scapa-t3601-bande-tissee-ignifugee-et-etanche-a-leau\/"]}]},{"@type":"ImageObject","inLanguage":"fr-FR","@id":"https:\/\/cardinal-tapes.com\/fr\/rubans-adh\u00e9sifs\/rubans-adhesifs-simple-face\/gaffer-tape-fr\/scapa-t3601-bande-tissee-ignifugee-et-etanche-a-leau\/#primaryimage","url":"https:\/\/cardinal-tapes.com\/wp-content\/uploads\/T3601.jpg","contentUrl":"https:\/\/cardinal-tapes.com\/wp-content\/uploads\/T3601.jpg","width":2047,"height":2047},{"@type":"BreadcrumbList","@id":"https:\/\/cardinal-tapes.com\/fr\/rubans-adh\u00e9sifs\/rubans-adhesifs-simple-face\/gaffer-tape-fr\/scapa-t3601-bande-tissee-ignifugee-et-etanche-a-leau\/#breadcrumb","itemListElement":[{"@type":"ListItem","position":1,"name":"Startseite","item":"https:\/\/cardinal-tapes.com\/fr\/accueil\/"},{"@type":"ListItem","position":2,"name":"Rubans adh\u00e9sifs","item":"https:\/\/cardinal-tapes.com\/fr\/rubans-adhesifs-fr\/"},{"@type":"ListItem","position":3,"name":"Domaines d&#039;application","item":"https:\/\/cardinal-tapes.com\/fr\/catgorie\/domaines-dapplication\/"},{"@type":"ListItem","position":4,"name":"Ruban adh\u00e9sif en tissu","item":"https:\/\/cardinal-tapes.com\/fr\/catgorie\/ruban-adhesif-en-tissu\/"},{"@type":"ListItem","position":5,"name":"Scapa T3601 bande tiss\u00e9e ignifuge et imperm\u00e9able"}]},{"@type":"WebSite","@id":"https:\/\/cardinal-tapes.com\/#website","url":"https:\/\/cardinal-tapes.com\/","name":"cardinal TAPES","description":"Klebetechnik aus Wuppertal","potentialAction":[{"@type":"SearchAction","target":{"@type":"EntryPoint","urlTemplate":"https:\/\/cardinal-tapes.com\/?s={search_term_string}"},"query-input":{"@type":"PropertyValueSpecification","valueRequired":true,"valueName":"search_term_string"}}],"inLanguage":"fr-FR"}]}},"brands":[{"id":3032,"name":"Scapa","slug":"scapa-fr"}],"_links":{"self":[{"href":"https:\/\/cardinal-tapes.com\/fr\/wp-json\/wp\/v2\/product\/38651","targetHints":{"allow":["GET"]}}],"collection":[{"href":"https:\/\/cardinal-tapes.com\/fr\/wp-json\/wp\/v2\/product"}],"about":[{"href":"https:\/\/cardinal-tapes.com\/fr\/wp-json\/wp\/v2\/types\/product"}],"wp:featuredmedia":[{"embeddable":true,"href":"https:\/\/cardinal-tapes.com\/fr\/wp-json\/wp\/v2\/media\/29092"}],"wp:attachment":[{"href":"https:\/\/cardinal-tapes.com\/fr\/wp-json\/wp\/v2\/media?parent=38651"}],"wp:term":[{"taxonomy":"pwb-brand","embeddable":true,"href":"https:\/\/cardinal-tapes.com\/fr\/wp-json\/wp\/v2\/pwb-brand?post=38651"},{"taxonomy":"product_brand","embeddable":true,"href":"https:\/\/cardinal-tapes.com\/fr\/wp-json\/wp\/v2\/product_brand?post=38651"},{"taxonomy":"product_cat","embeddable":true,"href":"https:\/\/cardinal-tapes.com\/fr\/wp-json\/wp\/v2\/product_cat?post=38651"},{"taxonomy":"product_tag","embeddable":true,"href":"https:\/\/cardinal-tapes.com\/fr\/wp-json\/wp\/v2\/product_tag?post=38651"}],"curies":[{"name":"wp","href":"https:\/\/api.w.org\/{rel}","templated":true}]}}