{"id":38650,"date":"2022-10-17T10:58:27","date_gmt":"2022-10-17T08:58:27","guid":{"rendered":"https:\/\/cardinal.pixel-tal.de\/klebebaender\/non%20class\u00e9\/tesa-4615-duct-tape\/"},"modified":"2025-07-01T15:41:18","modified_gmt":"2025-07-01T13:41:18","slug":"tesa-4615-duct-tape","status":"publish","type":"product","link":"https:\/\/cardinal-tapes.com\/fr\/rubans-adh\u00e9sifs\/rubans-adhesifs-simple-face\/gaffer-tape-fr\/tesa-4615-duct-tape\/","title":{"rendered":"tesa\u00ae 4615 Duct Tape"},"content":{"rendered":"<p><span class=\"lowercase\">tesa\u00ae<\/span>4615 est un Duct Tape universel pour les applications les plus diverses.<\/p>\n<p><strong>NOUVEAU : plus durable gr\u00e2ce \u00e0 l&#8217;utilisation de mat\u00e9riaux recycl\u00e9s et d&#8217;un adh\u00e9sif en caoutchouc synth\u00e9tique sans solvant.<\/strong><\/p>\n<p><strong>Caract\u00e9ristiques du produit<\/strong><br \/>\n&#8211; Pouvoir adh\u00e9sif instantan\u00e9 \u00e9lev\u00e9 sur une grande vari\u00e9t\u00e9 de mat\u00e9riaux<br \/>\n&#8211; D\u00e9roul\u00e9 en douceur et d\u00e9chirable \u00e0 la main<br \/>\n&#8211; Hydrophobe et durable<\/p>\n<p><strong>Application<\/strong><br \/>\nLe ruban tiss\u00e9 convient \u00e0 une large gamme d&#8217;applications, notamment<br \/>\n&#8211; Maintien de couches, telles que des films plastiques ou des feuilles de papier individuelles<br \/>\n&#8211; Fixation et mise en faisceau de tuyaux, c\u00e2bles et objets en vrac<br \/>\n&#8211; Fermeture, marquage et masquage, m\u00eame sur des surfaces l\u00e9g\u00e8rement rugueuses<\/p>\n<p>&nbsp;<\/p>\n","protected":false},"excerpt":{"rendered":"<p>tesa\u00ae4615 est un Duct Tape universel pour les applications les plus diverses. NOUVEAU : plus durable gr\u00e2ce \u00e0 l&#8217;utilisation de mat\u00e9riaux recycl\u00e9s et d&#8217;un adh\u00e9sif en caoutchouc synth\u00e9tique sans solvant. Caract\u00e9ristiques du produit &#8211; Pouvoir adh\u00e9sif instantan\u00e9 \u00e9lev\u00e9 sur une grande vari\u00e9t\u00e9 de mat\u00e9riaux &#8211; D\u00e9roul\u00e9 en douceur et d\u00e9chirable \u00e0 la main &#8211; Hydrophobe [&hellip;]<\/p>\n","protected":false},"featured_media":77546,"template":"","meta":{"_acf_changed":false},"pwb-brand":[2165],"product_brand":[],"product_cat":[1737,1738,1741,1768,1770,1836,1668,1837,1669,1670,1673,1735],"product_tag":[],"class_list":{"0":"post-38650","1":"product","2":"type-product","3":"status-publish","4":"has-post-thumbnail","6":"pwb-brand-tesa-fr","7":"product_cat-ruban-enduit-de-plastique","8":"product_cat-industrie-des-matieres-plastiques","9":"product_cat-construction-de-machines","10":"product_cat-acier-et-verre","11":"product_cat-industrie-textile","12":"product_cat-rubans-adhesifs-simple-face","13":"product_cat-artisanat-du-batiment","14":"product_cat-gaffer-tape-fr","15":"product_cat-industrie-du-batiment","16":"product_cat-industrie-du-beton","17":"product_cat-industrie-electrique","18":"product_cat-ruban-adhesif-en-tissu","20":"first","21":"instock","22":"featured","23":"taxable","24":"shipping-taxable","25":"purchasable","26":"product-type-variable"},"acf":[],"yoast_head":"<!-- This site is optimized with the Yoast SEO plugin v27.3 - https:\/\/yoast.com\/product\/yoast-seo-wordpress\/ -->\n<title>tesa 4615 Duct Tape | Cardinal TAPES<\/title>\n<meta name=\"description\" content=\"tesa\u00ae 4615 est un Duct Tape universel pour les applications les plus diverses. Plus durable gr\u00e2ce aux mat\u00e9riaux recycl\u00e9s et aux adh\u00e9sifs en caoutchouc sans solvant.\" \/>\n<meta name=\"robots\" content=\"index, follow, max-snippet:-1, max-image-preview:large, max-video-preview:-1\" \/>\n<link rel=\"canonical\" href=\"https:\/\/cardinal-tapes.com\/fr\/rubans-adh\u00e9sifs\/rubans-adhesifs-simple-face\/gaffer-tape-fr\/tesa-4615-duct-tape\/\" \/>\n<meta property=\"og:locale\" content=\"fr_FR\" \/>\n<meta property=\"og:type\" content=\"article\" \/>\n<meta property=\"og:title\" content=\"tesa 4615 Duct Tape | Cardinal TAPES\" \/>\n<meta property=\"og:description\" content=\"tesa\u00ae 4615 est un Duct Tape universel pour les applications les plus diverses. Plus durable gr\u00e2ce aux mat\u00e9riaux recycl\u00e9s et aux adh\u00e9sifs en caoutchouc sans solvant.\" \/>\n<meta property=\"og:url\" content=\"https:\/\/cardinal-tapes.com\/fr\/rubans-adh\u00e9sifs\/rubans-adhesifs-simple-face\/gaffer-tape-fr\/tesa-4615-duct-tape\/\" \/>\n<meta property=\"og:site_name\" content=\"cardinal TAPES\" \/>\n<meta property=\"article:modified_time\" content=\"2025-07-01T13:41:18+00:00\" \/>\n<meta property=\"og:image\" content=\"https:\/\/cardinal-tapes.com\/wp-content\/uploads\/tesa-04615-PV1-general-purpose-duct-tape-31-recycled-share-gray-family-pr.jpg\" \/>\n\t<meta property=\"og:image:width\" content=\"2560\" \/>\n\t<meta property=\"og:image:height\" content=\"2560\" \/>\n\t<meta property=\"og:image:type\" content=\"image\/jpeg\" \/>\n<meta name=\"twitter:card\" content=\"summary_large_image\" \/>\n<meta name=\"twitter:label1\" content=\"Dur\u00e9e de lecture estim\u00e9e\" \/>\n\t<meta name=\"twitter:data1\" content=\"1 minute\" \/>\n<script type=\"application\/ld+json\" class=\"yoast-schema-graph\">{\"@context\":\"https:\\\/\\\/schema.org\",\"@graph\":[{\"@type\":\"WebPage\",\"@id\":\"https:\\\/\\\/cardinal-tapes.com\\\/fr\\\/rubans-adh\u00e9sifs\\\/rubans-adhesifs-simple-face\\\/gaffer-tape-fr\\\/tesa-4615-duct-tape\\\/\",\"url\":\"https:\\\/\\\/cardinal-tapes.com\\\/fr\\\/rubans-adh\u00e9sifs\\\/rubans-adhesifs-simple-face\\\/gaffer-tape-fr\\\/tesa-4615-duct-tape\\\/\",\"name\":\"tesa 4615 Duct Tape | Cardinal TAPES\",\"isPartOf\":{\"@id\":\"https:\\\/\\\/cardinal-tapes.com\\\/#website\"},\"primaryImageOfPage\":{\"@id\":\"https:\\\/\\\/cardinal-tapes.com\\\/fr\\\/rubans-adh\u00e9sifs\\\/rubans-adhesifs-simple-face\\\/gaffer-tape-fr\\\/tesa-4615-duct-tape\\\/#primaryimage\"},\"image\":{\"@id\":\"https:\\\/\\\/cardinal-tapes.com\\\/fr\\\/rubans-adh\u00e9sifs\\\/rubans-adhesifs-simple-face\\\/gaffer-tape-fr\\\/tesa-4615-duct-tape\\\/#primaryimage\"},\"thumbnailUrl\":\"https:\\\/\\\/cardinal-tapes.com\\\/wp-content\\\/uploads\\\/tesa-04615-PV1-general-purpose-duct-tape-31-recycled-share-gray-family-pr.jpg\",\"datePublished\":\"2022-10-17T08:58:27+00:00\",\"dateModified\":\"2025-07-01T13:41:18+00:00\",\"description\":\"tesa\u00ae 4615 est un Duct Tape universel pour les applications les plus diverses. Plus durable gr\u00e2ce aux mat\u00e9riaux recycl\u00e9s et aux adh\u00e9sifs en caoutchouc sans solvant.\",\"breadcrumb\":{\"@id\":\"https:\\\/\\\/cardinal-tapes.com\\\/fr\\\/rubans-adh\u00e9sifs\\\/rubans-adhesifs-simple-face\\\/gaffer-tape-fr\\\/tesa-4615-duct-tape\\\/#breadcrumb\"},\"inLanguage\":\"fr-FR\",\"potentialAction\":[{\"@type\":\"ReadAction\",\"target\":[\"https:\\\/\\\/cardinal-tapes.com\\\/fr\\\/rubans-adh\u00e9sifs\\\/rubans-adhesifs-simple-face\\\/gaffer-tape-fr\\\/tesa-4615-duct-tape\\\/\"]}]},{\"@type\":\"ImageObject\",\"inLanguage\":\"fr-FR\",\"@id\":\"https:\\\/\\\/cardinal-tapes.com\\\/fr\\\/rubans-adh\u00e9sifs\\\/rubans-adhesifs-simple-face\\\/gaffer-tape-fr\\\/tesa-4615-duct-tape\\\/#primaryimage\",\"url\":\"https:\\\/\\\/cardinal-tapes.com\\\/wp-content\\\/uploads\\\/tesa-04615-PV1-general-purpose-duct-tape-31-recycled-share-gray-family-pr.jpg\",\"contentUrl\":\"https:\\\/\\\/cardinal-tapes.com\\\/wp-content\\\/uploads\\\/tesa-04615-PV1-general-purpose-duct-tape-31-recycled-share-gray-family-pr.jpg\",\"width\":2560,\"height\":2560},{\"@type\":\"BreadcrumbList\",\"@id\":\"https:\\\/\\\/cardinal-tapes.com\\\/fr\\\/rubans-adh\u00e9sifs\\\/rubans-adhesifs-simple-face\\\/gaffer-tape-fr\\\/tesa-4615-duct-tape\\\/#breadcrumb\",\"itemListElement\":[{\"@type\":\"ListItem\",\"position\":1,\"name\":\"Startseite\",\"item\":\"https:\\\/\\\/cardinal-tapes.com\\\/fr\\\/accueil\\\/\"},{\"@type\":\"ListItem\",\"position\":2,\"name\":\"Rubans adh\u00e9sifs\",\"item\":\"https:\\\/\\\/cardinal-tapes.com\\\/fr\\\/rubans-adhesifs-fr\\\/\"},{\"@type\":\"ListItem\",\"position\":3,\"name\":\"Rubans adh\u00e9sifs simple face\",\"item\":\"https:\\\/\\\/cardinal-tapes.com\\\/fr\\\/catgorie\\\/rubans-adhesifs-simple-face\\\/\"},{\"@type\":\"ListItem\",\"position\":4,\"name\":\"Gaffer Tape\",\"item\":\"https:\\\/\\\/cardinal-tapes.com\\\/fr\\\/catgorie\\\/gaffer-tape-fr\\\/\"},{\"@type\":\"ListItem\",\"position\":5,\"name\":\"tesa\u00ae 4615 Duct Tape\"}]},{\"@type\":\"WebSite\",\"@id\":\"https:\\\/\\\/cardinal-tapes.com\\\/#website\",\"url\":\"https:\\\/\\\/cardinal-tapes.com\\\/\",\"name\":\"cardinal TAPES\",\"description\":\"Klebetechnik aus Wuppertal\",\"potentialAction\":[{\"@type\":\"SearchAction\",\"target\":{\"@type\":\"EntryPoint\",\"urlTemplate\":\"https:\\\/\\\/cardinal-tapes.com\\\/?s={search_term_string}\"},\"query-input\":{\"@type\":\"PropertyValueSpecification\",\"valueRequired\":true,\"valueName\":\"search_term_string\"}}],\"inLanguage\":\"fr-FR\"}]}<\/script>\n<!-- \/ Yoast SEO plugin. -->","yoast_head_json":{"title":"tesa 4615 Duct Tape | Cardinal TAPES","description":"tesa\u00ae 4615 est un Duct Tape universel pour les applications les plus diverses. Plus durable gr\u00e2ce aux mat\u00e9riaux recycl\u00e9s et aux adh\u00e9sifs en caoutchouc sans solvant.","robots":{"index":"index","follow":"follow","max-snippet":"max-snippet:-1","max-image-preview":"max-image-preview:large","max-video-preview":"max-video-preview:-1"},"canonical":"https:\/\/cardinal-tapes.com\/fr\/rubans-adh\u00e9sifs\/rubans-adhesifs-simple-face\/gaffer-tape-fr\/tesa-4615-duct-tape\/","og_locale":"fr_FR","og_type":"article","og_title":"tesa 4615 Duct Tape | Cardinal TAPES","og_description":"tesa\u00ae 4615 est un Duct Tape universel pour les applications les plus diverses. Plus durable gr\u00e2ce aux mat\u00e9riaux recycl\u00e9s et aux adh\u00e9sifs en caoutchouc sans solvant.","og_url":"https:\/\/cardinal-tapes.com\/fr\/rubans-adh\u00e9sifs\/rubans-adhesifs-simple-face\/gaffer-tape-fr\/tesa-4615-duct-tape\/","og_site_name":"cardinal TAPES","article_modified_time":"2025-07-01T13:41:18+00:00","og_image":[{"width":2560,"height":2560,"url":"https:\/\/cardinal-tapes.com\/wp-content\/uploads\/tesa-04615-PV1-general-purpose-duct-tape-31-recycled-share-gray-family-pr.jpg","type":"image\/jpeg"}],"twitter_card":"summary_large_image","twitter_misc":{"Dur\u00e9e de lecture estim\u00e9e":"1 minute"},"schema":{"@context":"https:\/\/schema.org","@graph":[{"@type":"WebPage","@id":"https:\/\/cardinal-tapes.com\/fr\/rubans-adh\u00e9sifs\/rubans-adhesifs-simple-face\/gaffer-tape-fr\/tesa-4615-duct-tape\/","url":"https:\/\/cardinal-tapes.com\/fr\/rubans-adh\u00e9sifs\/rubans-adhesifs-simple-face\/gaffer-tape-fr\/tesa-4615-duct-tape\/","name":"tesa 4615 Duct Tape | Cardinal TAPES","isPartOf":{"@id":"https:\/\/cardinal-tapes.com\/#website"},"primaryImageOfPage":{"@id":"https:\/\/cardinal-tapes.com\/fr\/rubans-adh\u00e9sifs\/rubans-adhesifs-simple-face\/gaffer-tape-fr\/tesa-4615-duct-tape\/#primaryimage"},"image":{"@id":"https:\/\/cardinal-tapes.com\/fr\/rubans-adh\u00e9sifs\/rubans-adhesifs-simple-face\/gaffer-tape-fr\/tesa-4615-duct-tape\/#primaryimage"},"thumbnailUrl":"https:\/\/cardinal-tapes.com\/wp-content\/uploads\/tesa-04615-PV1-general-purpose-duct-tape-31-recycled-share-gray-family-pr.jpg","datePublished":"2022-10-17T08:58:27+00:00","dateModified":"2025-07-01T13:41:18+00:00","description":"tesa\u00ae 4615 est un Duct Tape universel pour les applications les plus diverses. Plus durable gr\u00e2ce aux mat\u00e9riaux recycl\u00e9s et aux adh\u00e9sifs en caoutchouc sans solvant.","breadcrumb":{"@id":"https:\/\/cardinal-tapes.com\/fr\/rubans-adh\u00e9sifs\/rubans-adhesifs-simple-face\/gaffer-tape-fr\/tesa-4615-duct-tape\/#breadcrumb"},"inLanguage":"fr-FR","potentialAction":[{"@type":"ReadAction","target":["https:\/\/cardinal-tapes.com\/fr\/rubans-adh\u00e9sifs\/rubans-adhesifs-simple-face\/gaffer-tape-fr\/tesa-4615-duct-tape\/"]}]},{"@type":"ImageObject","inLanguage":"fr-FR","@id":"https:\/\/cardinal-tapes.com\/fr\/rubans-adh\u00e9sifs\/rubans-adhesifs-simple-face\/gaffer-tape-fr\/tesa-4615-duct-tape\/#primaryimage","url":"https:\/\/cardinal-tapes.com\/wp-content\/uploads\/tesa-04615-PV1-general-purpose-duct-tape-31-recycled-share-gray-family-pr.jpg","contentUrl":"https:\/\/cardinal-tapes.com\/wp-content\/uploads\/tesa-04615-PV1-general-purpose-duct-tape-31-recycled-share-gray-family-pr.jpg","width":2560,"height":2560},{"@type":"BreadcrumbList","@id":"https:\/\/cardinal-tapes.com\/fr\/rubans-adh\u00e9sifs\/rubans-adhesifs-simple-face\/gaffer-tape-fr\/tesa-4615-duct-tape\/#breadcrumb","itemListElement":[{"@type":"ListItem","position":1,"name":"Startseite","item":"https:\/\/cardinal-tapes.com\/fr\/accueil\/"},{"@type":"ListItem","position":2,"name":"Rubans adh\u00e9sifs","item":"https:\/\/cardinal-tapes.com\/fr\/rubans-adhesifs-fr\/"},{"@type":"ListItem","position":3,"name":"Rubans adh\u00e9sifs simple face","item":"https:\/\/cardinal-tapes.com\/fr\/catgorie\/rubans-adhesifs-simple-face\/"},{"@type":"ListItem","position":4,"name":"Gaffer Tape","item":"https:\/\/cardinal-tapes.com\/fr\/catgorie\/gaffer-tape-fr\/"},{"@type":"ListItem","position":5,"name":"tesa\u00ae 4615 Duct Tape"}]},{"@type":"WebSite","@id":"https:\/\/cardinal-tapes.com\/#website","url":"https:\/\/cardinal-tapes.com\/","name":"cardinal TAPES","description":"Klebetechnik aus Wuppertal","potentialAction":[{"@type":"SearchAction","target":{"@type":"EntryPoint","urlTemplate":"https:\/\/cardinal-tapes.com\/?s={search_term_string}"},"query-input":{"@type":"PropertyValueSpecification","valueRequired":true,"valueName":"search_term_string"}}],"inLanguage":"fr-FR"}]}},"brands":[{"id":2165,"name":"tesa","slug":"tesa-fr"}],"_links":{"self":[{"href":"https:\/\/cardinal-tapes.com\/fr\/wp-json\/wp\/v2\/product\/38650","targetHints":{"allow":["GET"]}}],"collection":[{"href":"https:\/\/cardinal-tapes.com\/fr\/wp-json\/wp\/v2\/product"}],"about":[{"href":"https:\/\/cardinal-tapes.com\/fr\/wp-json\/wp\/v2\/types\/product"}],"wp:featuredmedia":[{"embeddable":true,"href":"https:\/\/cardinal-tapes.com\/fr\/wp-json\/wp\/v2\/media\/77546"}],"wp:attachment":[{"href":"https:\/\/cardinal-tapes.com\/fr\/wp-json\/wp\/v2\/media?parent=38650"}],"wp:term":[{"taxonomy":"pwb-brand","embeddable":true,"href":"https:\/\/cardinal-tapes.com\/fr\/wp-json\/wp\/v2\/pwb-brand?post=38650"},{"taxonomy":"product_brand","embeddable":true,"href":"https:\/\/cardinal-tapes.com\/fr\/wp-json\/wp\/v2\/product_brand?post=38650"},{"taxonomy":"product_cat","embeddable":true,"href":"https:\/\/cardinal-tapes.com\/fr\/wp-json\/wp\/v2\/product_cat?post=38650"},{"taxonomy":"product_tag","embeddable":true,"href":"https:\/\/cardinal-tapes.com\/fr\/wp-json\/wp\/v2\/product_tag?post=38650"}],"curies":[{"name":"wp","href":"https:\/\/api.w.org\/{rel}","templated":true}]}}