{"id":38412,"date":"2022-11-21T09:19:12","date_gmt":"2022-11-21T08:19:12","guid":{"rendered":"https:\/\/cardinal.pixel-tal.de\/klebebaender\/non%20class\u00e9\/scapa-uvx10-bande-de-protection-resistante-aux-uv\/"},"modified":"2025-07-01T16:03:26","modified_gmt":"2025-07-01T14:03:26","slug":"scapa-uvx10-uv-bande-de-protection-resistante","status":"publish","type":"product","link":"https:\/\/cardinal-tapes.com\/fr\/rubans-adh\u00e9sifs\/rubans-adhesifs-simple-face\/scapa-uvx10-uv-bande-de-protection-resistante\/","title":{"rendered":"Scapa UVX10 bande de protection r\u00e9sistante aux UV"},"content":{"rendered":"<p>Scapa UVX10 est un ruban de film poly\u00e9thyl\u00e8ne rouge ou blanc d&#8217;une \u00e9paisseur de 0,135 MM et adaptable, enduit d&#8217;un adh\u00e9sif acrylique d\u00e9tachable \u00e0 forte adh\u00e9rence.<br \/>\nLe produit pr\u00e9sente une excellente adh\u00e9rence sur toute une s\u00e9rie de substrats et convient particuli\u00e8rement aux surfaces rugueuses et gaufr\u00e9es.<br \/>\nUVX10 pr\u00e9sente \u00e9galement une excellente r\u00e9sistance aux UV, ce qui permet de l&#8217;utiliser pour toute une s\u00e9rie d&#8217;applications de masquage et de protection temporaires en ext\u00e9rieur.<\/p>\n<p>&nbsp;<\/p>\n","protected":false},"excerpt":{"rendered":"<p>Scapa UVX10 est un ruban de film poly\u00e9thyl\u00e8ne rouge ou blanc d&#8217;une \u00e9paisseur de 0,135 MM et adaptable, enduit d&#8217;un adh\u00e9sif acrylique d\u00e9tachable \u00e0 forte adh\u00e9rence. Le produit pr\u00e9sente une excellente adh\u00e9rence sur toute une s\u00e9rie de substrats et convient particuli\u00e8rement aux surfaces rugueuses et gaufr\u00e9es. UVX10 pr\u00e9sente \u00e9galement une excellente r\u00e9sistance aux UV, ce [&hellip;]<\/p>\n","protected":false},"featured_media":29096,"template":"","meta":{"_acf_changed":false},"pwb-brand":[3032],"product_brand":[],"product_cat":[1836],"product_tag":[],"class_list":{"0":"post-38412","1":"product","2":"type-product","3":"status-publish","4":"has-post-thumbnail","6":"pwb-brand-scapa-fr","7":"product_cat-rubans-adhesifs-simple-face","9":"first","10":"instock","11":"featured","12":"taxable","13":"shipping-taxable","14":"purchasable","15":"product-type-variable"},"acf":[],"yoast_head":"<!-- This site is optimized with the Yoast SEO plugin v27.3 - https:\/\/yoast.com\/product\/yoast-seo-wordpress\/ -->\n<title>Scapa UVX10 bande de protection | Cardinal TAPES<\/title>\n<meta name=\"description\" content=\"Scapa UVX10 est un ruban de film poly\u00e9thyl\u00e8ne adaptable de 0,135 MM d&#039;\u00e9paisseur, recouvert d&#039;un adh\u00e9sif acrylique d\u00e9tachable \u00e0 forte adh\u00e9rence.\" \/>\n<meta name=\"robots\" content=\"index, follow, max-snippet:-1, max-image-preview:large, max-video-preview:-1\" \/>\n<link rel=\"canonical\" href=\"https:\/\/cardinal-tapes.com\/fr\/rubans-adh\u00e9sifs\/rubans-adhesifs-simple-face\/scapa-uvx10-uv-bande-de-protection-resistante\/\" \/>\n<meta property=\"og:locale\" content=\"fr_FR\" \/>\n<meta property=\"og:type\" content=\"article\" \/>\n<meta property=\"og:title\" content=\"Scapa UVX10 bande de protection | Cardinal TAPES\" \/>\n<meta property=\"og:description\" content=\"Scapa UVX10 est un ruban de film poly\u00e9thyl\u00e8ne adaptable de 0,135 MM d&#039;\u00e9paisseur, recouvert d&#039;un adh\u00e9sif acrylique d\u00e9tachable \u00e0 forte adh\u00e9rence.\" \/>\n<meta property=\"og:url\" content=\"https:\/\/cardinal-tapes.com\/fr\/rubans-adh\u00e9sifs\/rubans-adhesifs-simple-face\/scapa-uvx10-uv-bande-de-protection-resistante\/\" \/>\n<meta property=\"og:site_name\" content=\"cardinal TAPES\" \/>\n<meta property=\"article:modified_time\" content=\"2025-07-01T14:03:26+00:00\" \/>\n<meta property=\"og:image\" content=\"https:\/\/cardinal-tapes.com\/wp-content\/uploads\/T3601.jpg\" \/>\n\t<meta property=\"og:image:width\" content=\"2047\" \/>\n\t<meta property=\"og:image:height\" content=\"2047\" \/>\n\t<meta property=\"og:image:type\" content=\"image\/jpeg\" \/>\n<meta name=\"twitter:card\" content=\"summary_large_image\" \/>\n<script type=\"application\/ld+json\" class=\"yoast-schema-graph\">{\"@context\":\"https:\\\/\\\/schema.org\",\"@graph\":[{\"@type\":\"WebPage\",\"@id\":\"https:\\\/\\\/cardinal-tapes.com\\\/fr\\\/rubans-adh\u00e9sifs\\\/rubans-adhesifs-simple-face\\\/scapa-uvx10-uv-bande-de-protection-resistante\\\/\",\"url\":\"https:\\\/\\\/cardinal-tapes.com\\\/fr\\\/rubans-adh\u00e9sifs\\\/rubans-adhesifs-simple-face\\\/scapa-uvx10-uv-bande-de-protection-resistante\\\/\",\"name\":\"Scapa UVX10 bande de protection | Cardinal TAPES\",\"isPartOf\":{\"@id\":\"https:\\\/\\\/cardinal-tapes.com\\\/#website\"},\"primaryImageOfPage\":{\"@id\":\"https:\\\/\\\/cardinal-tapes.com\\\/fr\\\/rubans-adh\u00e9sifs\\\/rubans-adhesifs-simple-face\\\/scapa-uvx10-uv-bande-de-protection-resistante\\\/#primaryimage\"},\"image\":{\"@id\":\"https:\\\/\\\/cardinal-tapes.com\\\/fr\\\/rubans-adh\u00e9sifs\\\/rubans-adhesifs-simple-face\\\/scapa-uvx10-uv-bande-de-protection-resistante\\\/#primaryimage\"},\"thumbnailUrl\":\"https:\\\/\\\/cardinal-tapes.com\\\/wp-content\\\/uploads\\\/UVX10-2.png\",\"datePublished\":\"2022-11-21T08:19:12+00:00\",\"dateModified\":\"2025-07-01T14:03:26+00:00\",\"description\":\"Scapa UVX10 est un ruban de film poly\u00e9thyl\u00e8ne adaptable de 0,135 MM d'\u00e9paisseur, recouvert d'un adh\u00e9sif acrylique d\u00e9tachable \u00e0 forte adh\u00e9rence.\",\"breadcrumb\":{\"@id\":\"https:\\\/\\\/cardinal-tapes.com\\\/fr\\\/rubans-adh\u00e9sifs\\\/rubans-adhesifs-simple-face\\\/scapa-uvx10-uv-bande-de-protection-resistante\\\/#breadcrumb\"},\"inLanguage\":\"fr-FR\",\"potentialAction\":[{\"@type\":\"ReadAction\",\"target\":[\"https:\\\/\\\/cardinal-tapes.com\\\/fr\\\/rubans-adh\u00e9sifs\\\/rubans-adhesifs-simple-face\\\/scapa-uvx10-uv-bande-de-protection-resistante\\\/\"]}]},{\"@type\":\"ImageObject\",\"inLanguage\":\"fr-FR\",\"@id\":\"https:\\\/\\\/cardinal-tapes.com\\\/fr\\\/rubans-adh\u00e9sifs\\\/rubans-adhesifs-simple-face\\\/scapa-uvx10-uv-bande-de-protection-resistante\\\/#primaryimage\",\"url\":\"https:\\\/\\\/cardinal-tapes.com\\\/wp-content\\\/uploads\\\/UVX10-2.png\",\"contentUrl\":\"https:\\\/\\\/cardinal-tapes.com\\\/wp-content\\\/uploads\\\/UVX10-2.png\",\"width\":800,\"height\":714},{\"@type\":\"BreadcrumbList\",\"@id\":\"https:\\\/\\\/cardinal-tapes.com\\\/fr\\\/rubans-adh\u00e9sifs\\\/rubans-adhesifs-simple-face\\\/scapa-uvx10-uv-bande-de-protection-resistante\\\/#breadcrumb\",\"itemListElement\":[{\"@type\":\"ListItem\",\"position\":1,\"name\":\"Startseite\",\"item\":\"https:\\\/\\\/cardinal-tapes.com\\\/fr\\\/accueil\\\/\"},{\"@type\":\"ListItem\",\"position\":2,\"name\":\"Rubans adh\u00e9sifs\",\"item\":\"https:\\\/\\\/cardinal-tapes.com\\\/fr\\\/rubans-adhesifs-fr\\\/\"},{\"@type\":\"ListItem\",\"position\":3,\"name\":\"Rubans adh\u00e9sifs simple face\",\"item\":\"https:\\\/\\\/cardinal-tapes.com\\\/fr\\\/catgorie\\\/rubans-adhesifs-simple-face\\\/\"},{\"@type\":\"ListItem\",\"position\":4,\"name\":\"Scapa UVX10 bande de protection r\u00e9sistante aux UV\"}]},{\"@type\":\"WebSite\",\"@id\":\"https:\\\/\\\/cardinal-tapes.com\\\/#website\",\"url\":\"https:\\\/\\\/cardinal-tapes.com\\\/\",\"name\":\"cardinal TAPES\",\"description\":\"Klebetechnik aus Wuppertal\",\"potentialAction\":[{\"@type\":\"SearchAction\",\"target\":{\"@type\":\"EntryPoint\",\"urlTemplate\":\"https:\\\/\\\/cardinal-tapes.com\\\/?s={search_term_string}\"},\"query-input\":{\"@type\":\"PropertyValueSpecification\",\"valueRequired\":true,\"valueName\":\"search_term_string\"}}],\"inLanguage\":\"fr-FR\"}]}<\/script>\n<!-- \/ Yoast SEO plugin. -->","yoast_head_json":{"title":"Scapa UVX10 bande de protection | Cardinal TAPES","description":"Scapa UVX10 est un ruban de film poly\u00e9thyl\u00e8ne adaptable de 0,135 MM d'\u00e9paisseur, recouvert d'un adh\u00e9sif acrylique d\u00e9tachable \u00e0 forte adh\u00e9rence.","robots":{"index":"index","follow":"follow","max-snippet":"max-snippet:-1","max-image-preview":"max-image-preview:large","max-video-preview":"max-video-preview:-1"},"canonical":"https:\/\/cardinal-tapes.com\/fr\/rubans-adh\u00e9sifs\/rubans-adhesifs-simple-face\/scapa-uvx10-uv-bande-de-protection-resistante\/","og_locale":"fr_FR","og_type":"article","og_title":"Scapa UVX10 bande de protection | Cardinal TAPES","og_description":"Scapa UVX10 est un ruban de film poly\u00e9thyl\u00e8ne adaptable de 0,135 MM d'\u00e9paisseur, recouvert d'un adh\u00e9sif acrylique d\u00e9tachable \u00e0 forte adh\u00e9rence.","og_url":"https:\/\/cardinal-tapes.com\/fr\/rubans-adh\u00e9sifs\/rubans-adhesifs-simple-face\/scapa-uvx10-uv-bande-de-protection-resistante\/","og_site_name":"cardinal TAPES","article_modified_time":"2025-07-01T14:03:26+00:00","og_image":[{"width":2047,"height":2047,"url":"https:\/\/cardinal-tapes.com\/wp-content\/uploads\/T3601.jpg","type":"image\/jpeg"}],"twitter_card":"summary_large_image","schema":{"@context":"https:\/\/schema.org","@graph":[{"@type":"WebPage","@id":"https:\/\/cardinal-tapes.com\/fr\/rubans-adh\u00e9sifs\/rubans-adhesifs-simple-face\/scapa-uvx10-uv-bande-de-protection-resistante\/","url":"https:\/\/cardinal-tapes.com\/fr\/rubans-adh\u00e9sifs\/rubans-adhesifs-simple-face\/scapa-uvx10-uv-bande-de-protection-resistante\/","name":"Scapa UVX10 bande de protection | Cardinal TAPES","isPartOf":{"@id":"https:\/\/cardinal-tapes.com\/#website"},"primaryImageOfPage":{"@id":"https:\/\/cardinal-tapes.com\/fr\/rubans-adh\u00e9sifs\/rubans-adhesifs-simple-face\/scapa-uvx10-uv-bande-de-protection-resistante\/#primaryimage"},"image":{"@id":"https:\/\/cardinal-tapes.com\/fr\/rubans-adh\u00e9sifs\/rubans-adhesifs-simple-face\/scapa-uvx10-uv-bande-de-protection-resistante\/#primaryimage"},"thumbnailUrl":"https:\/\/cardinal-tapes.com\/wp-content\/uploads\/UVX10-2.png","datePublished":"2022-11-21T08:19:12+00:00","dateModified":"2025-07-01T14:03:26+00:00","description":"Scapa UVX10 est un ruban de film poly\u00e9thyl\u00e8ne adaptable de 0,135 MM d'\u00e9paisseur, recouvert d'un adh\u00e9sif acrylique d\u00e9tachable \u00e0 forte adh\u00e9rence.","breadcrumb":{"@id":"https:\/\/cardinal-tapes.com\/fr\/rubans-adh\u00e9sifs\/rubans-adhesifs-simple-face\/scapa-uvx10-uv-bande-de-protection-resistante\/#breadcrumb"},"inLanguage":"fr-FR","potentialAction":[{"@type":"ReadAction","target":["https:\/\/cardinal-tapes.com\/fr\/rubans-adh\u00e9sifs\/rubans-adhesifs-simple-face\/scapa-uvx10-uv-bande-de-protection-resistante\/"]}]},{"@type":"ImageObject","inLanguage":"fr-FR","@id":"https:\/\/cardinal-tapes.com\/fr\/rubans-adh\u00e9sifs\/rubans-adhesifs-simple-face\/scapa-uvx10-uv-bande-de-protection-resistante\/#primaryimage","url":"https:\/\/cardinal-tapes.com\/wp-content\/uploads\/UVX10-2.png","contentUrl":"https:\/\/cardinal-tapes.com\/wp-content\/uploads\/UVX10-2.png","width":800,"height":714},{"@type":"BreadcrumbList","@id":"https:\/\/cardinal-tapes.com\/fr\/rubans-adh\u00e9sifs\/rubans-adhesifs-simple-face\/scapa-uvx10-uv-bande-de-protection-resistante\/#breadcrumb","itemListElement":[{"@type":"ListItem","position":1,"name":"Startseite","item":"https:\/\/cardinal-tapes.com\/fr\/accueil\/"},{"@type":"ListItem","position":2,"name":"Rubans adh\u00e9sifs","item":"https:\/\/cardinal-tapes.com\/fr\/rubans-adhesifs-fr\/"},{"@type":"ListItem","position":3,"name":"Rubans adh\u00e9sifs simple face","item":"https:\/\/cardinal-tapes.com\/fr\/catgorie\/rubans-adhesifs-simple-face\/"},{"@type":"ListItem","position":4,"name":"Scapa UVX10 bande de protection r\u00e9sistante aux UV"}]},{"@type":"WebSite","@id":"https:\/\/cardinal-tapes.com\/#website","url":"https:\/\/cardinal-tapes.com\/","name":"cardinal TAPES","description":"Klebetechnik aus Wuppertal","potentialAction":[{"@type":"SearchAction","target":{"@type":"EntryPoint","urlTemplate":"https:\/\/cardinal-tapes.com\/?s={search_term_string}"},"query-input":{"@type":"PropertyValueSpecification","valueRequired":true,"valueName":"search_term_string"}}],"inLanguage":"fr-FR"}]}},"brands":[{"id":3032,"name":"Scapa","slug":"scapa-fr"}],"_links":{"self":[{"href":"https:\/\/cardinal-tapes.com\/fr\/wp-json\/wp\/v2\/product\/38412","targetHints":{"allow":["GET"]}}],"collection":[{"href":"https:\/\/cardinal-tapes.com\/fr\/wp-json\/wp\/v2\/product"}],"about":[{"href":"https:\/\/cardinal-tapes.com\/fr\/wp-json\/wp\/v2\/types\/product"}],"wp:featuredmedia":[{"embeddable":true,"href":"https:\/\/cardinal-tapes.com\/fr\/wp-json\/wp\/v2\/media\/29096"}],"wp:attachment":[{"href":"https:\/\/cardinal-tapes.com\/fr\/wp-json\/wp\/v2\/media?parent=38412"}],"wp:term":[{"taxonomy":"pwb-brand","embeddable":true,"href":"https:\/\/cardinal-tapes.com\/fr\/wp-json\/wp\/v2\/pwb-brand?post=38412"},{"taxonomy":"product_brand","embeddable":true,"href":"https:\/\/cardinal-tapes.com\/fr\/wp-json\/wp\/v2\/product_brand?post=38412"},{"taxonomy":"product_cat","embeddable":true,"href":"https:\/\/cardinal-tapes.com\/fr\/wp-json\/wp\/v2\/product_cat?post=38412"},{"taxonomy":"product_tag","embeddable":true,"href":"https:\/\/cardinal-tapes.com\/fr\/wp-json\/wp\/v2\/product_tag?post=38412"}],"curies":[{"name":"wp","href":"https:\/\/api.w.org\/{rel}","templated":true}]}}