{"id":38369,"date":"2023-02-07T10:31:41","date_gmt":"2023-06-05T14:47:03","guid":{"rendered":"https:\/\/cardinal.pixel-tal.de\/klebebaender\/non class\u00e9\/orabond-1397-pp-ruban-adhesif-pet\/"},"modified":"2023-06-05T16:47:03","modified_gmt":"2023-06-05T14:47:03","slug":"ruban-adhesif-orabond-1397-pp-pet","status":"publish","type":"product","link":"https:\/\/cardinal-tapes.com\/fr\/rubans-adh\u00e9sifs\/domaines-dapplication\/production-daluminium-traitement\/ruban-adhesif-orabond-1397-pp-pet\/","title":{"rendered":"ORABOND\u00ae 1397 PP Ruban adh\u00e9sif PET"},"content":{"rendered":"<p>Le ruban adh\u00e9sif double face se compose d&#8217;un support transparent en film polyester, dont les deux faces sont recouvertes d&#8217;un adh\u00e9sif modifi\u00e9.<br \/>\nqui offre une tr\u00e8s bonne r\u00e9sistance aux rayons UV, \u00e0 la temp\u00e9rature, aux produits chimiques et \u00e0 l&#8217;humidit\u00e9.<br \/>\net de solvants ainsi que d&#8217;humidit\u00e9. L&#8217;adh\u00e9sif autocollant r\u00e9sistant au cisaillement poss\u00e8de \u00e9galement une excellente<br \/>\npouvoir adh\u00e9sif permanent sur les surfaces m\u00e9talliques, peintes et autres surfaces plastiques \u00e0 haute \u00e9nergie, ainsi qu&#8217;un bon pouvoir adh\u00e9sif permanent<br \/>\nsur des surfaces \u00e0 faible \u00e9nergie. Gr\u00e2ce \u00e0 la couche d&#8217;adh\u00e9sif plus \u00e9paisse, convient \u00e9galement aux surfaces rugueuses ou structur\u00e9es<br \/>\nconvient.<\/p>\n<p><strong>Domaines d&#8217;application<\/strong><\/p>\n<p>Pour le collage industriel \/ commercial de r\u00e9troviseurs ext\u00e9rieurs de voitures et de camions dans des bo\u00eetiers en plastique tout en<br \/>\nProtection contre les \u00e9clats. \u00c9quipement autocollant de plinthes, d&#8217;enjoliveurs et de chemins de c\u00e2bles. Mise \u00e0 longueur et \u00e9pissure du papier,<br \/>\nTextile, films plastiques et m\u00e9talliques, pour lesquels une tr\u00e8s grande r\u00e9sistance au cisaillement et \u00e0 l&#8217;adh\u00e9sion est n\u00e9cessaire.<br \/>\nL&#8217;adh\u00e9sif autocollant utilis\u00e9 est conforme au Code of Federal Regulations, Food and Drugs (FDA), 21 CFR Ch. I<br \/>\n(\u00e9dition du 1er avril 2008), \u00a7 175.105.<\/p>\n","protected":false},"excerpt":{"rendered":"<p>Le ruban adh\u00e9sif double face se compose d&#8217;un support transparent en film polyester, dont les deux faces sont recouvertes d&#8217;un adh\u00e9sif modifi\u00e9. qui offre une tr\u00e8s bonne r\u00e9sistance aux rayons UV, \u00e0 la temp\u00e9rature, aux produits chimiques et \u00e0 l&#8217;humidit\u00e9. et de solvants ainsi que d&#8217;humidit\u00e9. L&#8217;adh\u00e9sif autocollant r\u00e9sistant au cisaillement poss\u00e8de \u00e9galement une excellente [&hellip;]<\/p>\n","protected":false},"featured_media":29188,"template":"","meta":{"_acf_changed":false},"pwb-brand":[2746],"product_brand":[],"product_cat":[1834,1665,1673,1734,1738,1741,1770],"product_tag":[],"class_list":{"0":"post-38369","1":"product","2":"type-product","3":"status-publish","4":"has-post-thumbnail","6":"pwb-brand-orafol-fr","7":"product_cat-rubans-adhesifs-double-face","8":"product_cat-production-daluminium-traitement","9":"product_cat-industrie-electrique","10":"product_cat-fabrication-de-films","11":"product_cat-industrie-des-matieres-plastiques","12":"product_cat-construction-de-machines","13":"product_cat-industrie-textile","15":"first","16":"instock","17":"taxable","18":"shipping-taxable","19":"purchasable","20":"product-type-variable"},"acf":[],"yoast_head":"<!-- This site is optimized with the Yoast SEO plugin v27.3 - https:\/\/yoast.com\/product\/yoast-seo-wordpress\/ -->\n<title>ORABOND\u00ae 1397 PP Ruban adh\u00e9sif PET | Cardinal TAPES<\/title>\n<meta name=\"description\" content=\"Le ruban adh\u00e9sif double face se compose d&#039;un support en film de polyester, enduit sur les deux faces d&#039;un adh\u00e9sif sensible \u00e0 la pression \u00e0 base d&#039;acrylate modifi\u00e9.\" \/>\n<meta name=\"robots\" content=\"index, follow, max-snippet:-1, max-image-preview:large, max-video-preview:-1\" \/>\n<link rel=\"canonical\" href=\"https:\/\/cardinal-tapes.com\/fr\/rubans-adh\u00e9sifs\/production-daluminium-traitement\/ruban-adhesif-orabond-1397-pp-pet\/\" \/>\n<meta property=\"og:locale\" content=\"fr_FR\" \/>\n<meta property=\"og:type\" content=\"article\" \/>\n<meta property=\"og:title\" content=\"ORABOND\u00ae 1397 PP Ruban adh\u00e9sif PET | Cardinal TAPES\" \/>\n<meta property=\"og:description\" content=\"Le ruban adh\u00e9sif double face se compose d&#039;un support en film de polyester, enduit sur les deux faces d&#039;un adh\u00e9sif sensible \u00e0 la pression \u00e0 base d&#039;acrylate modifi\u00e9.\" \/>\n<meta property=\"og:url\" content=\"https:\/\/cardinal-tapes.com\/fr\/rubans-adh\u00e9sifs\/production-daluminium-traitement\/ruban-adhesif-orabond-1397-pp-pet\/\" \/>\n<meta property=\"og:site_name\" content=\"cardinal TAPES\" \/>\n<meta property=\"og:image\" content=\"https:\/\/cardinal-tapes.com\/wp-content\/uploads\/1397PPd-scaled.jpg\" \/>\n\t<meta property=\"og:image:width\" content=\"2560\" \/>\n\t<meta property=\"og:image:height\" content=\"1707\" \/>\n\t<meta property=\"og:image:type\" content=\"image\/jpeg\" \/>\n<meta name=\"twitter:card\" content=\"summary_large_image\" \/>\n<meta name=\"twitter:label1\" content=\"Dur\u00e9e de lecture estim\u00e9e\" \/>\n\t<meta name=\"twitter:data1\" content=\"1 minute\" \/>\n<script type=\"application\/ld+json\" class=\"yoast-schema-graph\">{\"@context\":\"https:\\\/\\\/schema.org\",\"@graph\":[{\"@type\":\"WebPage\",\"@id\":\"https:\\\/\\\/cardinal-tapes.com\\\/fr\\\/rubans-adh\u00e9sifs\\\/production-daluminium-traitement\\\/ruban-adhesif-orabond-1397-pp-pet\\\/\",\"url\":\"https:\\\/\\\/cardinal-tapes.com\\\/fr\\\/rubans-adh\u00e9sifs\\\/production-daluminium-traitement\\\/ruban-adhesif-orabond-1397-pp-pet\\\/\",\"name\":\"ORABOND\u00ae 1397 PP Ruban adh\u00e9sif PET | Cardinal TAPES\",\"isPartOf\":{\"@id\":\"https:\\\/\\\/cardinal-tapes.com\\\/#website\"},\"primaryImageOfPage\":{\"@id\":\"https:\\\/\\\/cardinal-tapes.com\\\/fr\\\/rubans-adh\u00e9sifs\\\/production-daluminium-traitement\\\/ruban-adhesif-orabond-1397-pp-pet\\\/#primaryimage\"},\"image\":{\"@id\":\"https:\\\/\\\/cardinal-tapes.com\\\/fr\\\/rubans-adh\u00e9sifs\\\/production-daluminium-traitement\\\/ruban-adhesif-orabond-1397-pp-pet\\\/#primaryimage\"},\"thumbnailUrl\":\"https:\\\/\\\/cardinal-tapes.com\\\/wp-content\\\/uploads\\\/1397PPd-scaled.jpg\",\"datePublished\":\"2023-06-05T14:47:03+00:00\",\"description\":\"Le ruban adh\u00e9sif double face se compose d'un support en film de polyester, enduit sur les deux faces d'un adh\u00e9sif sensible \u00e0 la pression \u00e0 base d'acrylate modifi\u00e9.\",\"breadcrumb\":{\"@id\":\"https:\\\/\\\/cardinal-tapes.com\\\/fr\\\/rubans-adh\u00e9sifs\\\/production-daluminium-traitement\\\/ruban-adhesif-orabond-1397-pp-pet\\\/#breadcrumb\"},\"inLanguage\":\"fr-FR\",\"potentialAction\":[{\"@type\":\"ReadAction\",\"target\":[\"https:\\\/\\\/cardinal-tapes.com\\\/fr\\\/rubans-adh\u00e9sifs\\\/production-daluminium-traitement\\\/ruban-adhesif-orabond-1397-pp-pet\\\/\"]}]},{\"@type\":\"ImageObject\",\"inLanguage\":\"fr-FR\",\"@id\":\"https:\\\/\\\/cardinal-tapes.com\\\/fr\\\/rubans-adh\u00e9sifs\\\/production-daluminium-traitement\\\/ruban-adhesif-orabond-1397-pp-pet\\\/#primaryimage\",\"url\":\"https:\\\/\\\/cardinal-tapes.com\\\/wp-content\\\/uploads\\\/1397PPd-scaled.jpg\",\"contentUrl\":\"https:\\\/\\\/cardinal-tapes.com\\\/wp-content\\\/uploads\\\/1397PPd-scaled.jpg\",\"width\":2560,\"height\":1707},{\"@type\":\"BreadcrumbList\",\"@id\":\"https:\\\/\\\/cardinal-tapes.com\\\/fr\\\/rubans-adh\u00e9sifs\\\/production-daluminium-traitement\\\/ruban-adhesif-orabond-1397-pp-pet\\\/#breadcrumb\",\"itemListElement\":[{\"@type\":\"ListItem\",\"position\":1,\"name\":\"Startseite\",\"item\":\"https:\\\/\\\/cardinal-tapes.com\\\/fr\\\/accueil\\\/\"},{\"@type\":\"ListItem\",\"position\":2,\"name\":\"Rubans adh\u00e9sifs\",\"item\":\"https:\\\/\\\/cardinal-tapes.com\\\/fr\\\/rubans-adhesifs-fr\\\/\"},{\"@type\":\"ListItem\",\"position\":3,\"name\":\"Construction de machines\",\"item\":\"https:\\\/\\\/cardinal-tapes.com\\\/fr\\\/catgorie\\\/construction-de-machines\\\/\"},{\"@type\":\"ListItem\",\"position\":4,\"name\":\"ORABOND\u00ae 1397 PP Ruban adh\u00e9sif PET\"}]},{\"@type\":\"WebSite\",\"@id\":\"https:\\\/\\\/cardinal-tapes.com\\\/#website\",\"url\":\"https:\\\/\\\/cardinal-tapes.com\\\/\",\"name\":\"cardinal TAPES\",\"description\":\"Klebetechnik aus Wuppertal\",\"potentialAction\":[{\"@type\":\"SearchAction\",\"target\":{\"@type\":\"EntryPoint\",\"urlTemplate\":\"https:\\\/\\\/cardinal-tapes.com\\\/?s={search_term_string}\"},\"query-input\":{\"@type\":\"PropertyValueSpecification\",\"valueRequired\":true,\"valueName\":\"search_term_string\"}}],\"inLanguage\":\"fr-FR\"}]}<\/script>\n<!-- \/ Yoast SEO plugin. -->","yoast_head_json":{"title":"ORABOND\u00ae 1397 PP Ruban adh\u00e9sif PET | Cardinal TAPES","description":"Le ruban adh\u00e9sif double face se compose d'un support en film de polyester, enduit sur les deux faces d'un adh\u00e9sif sensible \u00e0 la pression \u00e0 base d'acrylate modifi\u00e9.","robots":{"index":"index","follow":"follow","max-snippet":"max-snippet:-1","max-image-preview":"max-image-preview:large","max-video-preview":"max-video-preview:-1"},"canonical":"https:\/\/cardinal-tapes.com\/fr\/rubans-adh\u00e9sifs\/production-daluminium-traitement\/ruban-adhesif-orabond-1397-pp-pet\/","og_locale":"fr_FR","og_type":"article","og_title":"ORABOND\u00ae 1397 PP Ruban adh\u00e9sif PET | Cardinal TAPES","og_description":"Le ruban adh\u00e9sif double face se compose d'un support en film de polyester, enduit sur les deux faces d'un adh\u00e9sif sensible \u00e0 la pression \u00e0 base d'acrylate modifi\u00e9.","og_url":"https:\/\/cardinal-tapes.com\/fr\/rubans-adh\u00e9sifs\/production-daluminium-traitement\/ruban-adhesif-orabond-1397-pp-pet\/","og_site_name":"cardinal TAPES","og_image":[{"width":2560,"height":1707,"url":"https:\/\/cardinal-tapes.com\/wp-content\/uploads\/1397PPd-scaled.jpg","type":"image\/jpeg"}],"twitter_card":"summary_large_image","twitter_misc":{"Dur\u00e9e de lecture estim\u00e9e":"1 minute"},"schema":{"@context":"https:\/\/schema.org","@graph":[{"@type":"WebPage","@id":"https:\/\/cardinal-tapes.com\/fr\/rubans-adh\u00e9sifs\/production-daluminium-traitement\/ruban-adhesif-orabond-1397-pp-pet\/","url":"https:\/\/cardinal-tapes.com\/fr\/rubans-adh\u00e9sifs\/production-daluminium-traitement\/ruban-adhesif-orabond-1397-pp-pet\/","name":"ORABOND\u00ae 1397 PP Ruban adh\u00e9sif PET | Cardinal TAPES","isPartOf":{"@id":"https:\/\/cardinal-tapes.com\/#website"},"primaryImageOfPage":{"@id":"https:\/\/cardinal-tapes.com\/fr\/rubans-adh\u00e9sifs\/production-daluminium-traitement\/ruban-adhesif-orabond-1397-pp-pet\/#primaryimage"},"image":{"@id":"https:\/\/cardinal-tapes.com\/fr\/rubans-adh\u00e9sifs\/production-daluminium-traitement\/ruban-adhesif-orabond-1397-pp-pet\/#primaryimage"},"thumbnailUrl":"https:\/\/cardinal-tapes.com\/wp-content\/uploads\/1397PPd-scaled.jpg","datePublished":"2023-06-05T14:47:03+00:00","description":"Le ruban adh\u00e9sif double face se compose d'un support en film de polyester, enduit sur les deux faces d'un adh\u00e9sif sensible \u00e0 la pression \u00e0 base d'acrylate modifi\u00e9.","breadcrumb":{"@id":"https:\/\/cardinal-tapes.com\/fr\/rubans-adh\u00e9sifs\/production-daluminium-traitement\/ruban-adhesif-orabond-1397-pp-pet\/#breadcrumb"},"inLanguage":"fr-FR","potentialAction":[{"@type":"ReadAction","target":["https:\/\/cardinal-tapes.com\/fr\/rubans-adh\u00e9sifs\/production-daluminium-traitement\/ruban-adhesif-orabond-1397-pp-pet\/"]}]},{"@type":"ImageObject","inLanguage":"fr-FR","@id":"https:\/\/cardinal-tapes.com\/fr\/rubans-adh\u00e9sifs\/production-daluminium-traitement\/ruban-adhesif-orabond-1397-pp-pet\/#primaryimage","url":"https:\/\/cardinal-tapes.com\/wp-content\/uploads\/1397PPd-scaled.jpg","contentUrl":"https:\/\/cardinal-tapes.com\/wp-content\/uploads\/1397PPd-scaled.jpg","width":2560,"height":1707},{"@type":"BreadcrumbList","@id":"https:\/\/cardinal-tapes.com\/fr\/rubans-adh\u00e9sifs\/production-daluminium-traitement\/ruban-adhesif-orabond-1397-pp-pet\/#breadcrumb","itemListElement":[{"@type":"ListItem","position":1,"name":"Startseite","item":"https:\/\/cardinal-tapes.com\/fr\/accueil\/"},{"@type":"ListItem","position":2,"name":"Rubans adh\u00e9sifs","item":"https:\/\/cardinal-tapes.com\/fr\/rubans-adhesifs-fr\/"},{"@type":"ListItem","position":3,"name":"Construction de machines","item":"https:\/\/cardinal-tapes.com\/fr\/catgorie\/construction-de-machines\/"},{"@type":"ListItem","position":4,"name":"ORABOND\u00ae 1397 PP Ruban adh\u00e9sif PET"}]},{"@type":"WebSite","@id":"https:\/\/cardinal-tapes.com\/#website","url":"https:\/\/cardinal-tapes.com\/","name":"cardinal TAPES","description":"Klebetechnik aus Wuppertal","potentialAction":[{"@type":"SearchAction","target":{"@type":"EntryPoint","urlTemplate":"https:\/\/cardinal-tapes.com\/?s={search_term_string}"},"query-input":{"@type":"PropertyValueSpecification","valueRequired":true,"valueName":"search_term_string"}}],"inLanguage":"fr-FR"}]}},"brands":[{"id":2746,"name":"ORAFOL","slug":"orafol-fr"}],"_links":{"self":[{"href":"https:\/\/cardinal-tapes.com\/fr\/wp-json\/wp\/v2\/product\/38369","targetHints":{"allow":["GET"]}}],"collection":[{"href":"https:\/\/cardinal-tapes.com\/fr\/wp-json\/wp\/v2\/product"}],"about":[{"href":"https:\/\/cardinal-tapes.com\/fr\/wp-json\/wp\/v2\/types\/product"}],"wp:featuredmedia":[{"embeddable":true,"href":"https:\/\/cardinal-tapes.com\/fr\/wp-json\/wp\/v2\/media\/29188"}],"wp:attachment":[{"href":"https:\/\/cardinal-tapes.com\/fr\/wp-json\/wp\/v2\/media?parent=38369"}],"wp:term":[{"taxonomy":"pwb-brand","embeddable":true,"href":"https:\/\/cardinal-tapes.com\/fr\/wp-json\/wp\/v2\/pwb-brand?post=38369"},{"taxonomy":"product_brand","embeddable":true,"href":"https:\/\/cardinal-tapes.com\/fr\/wp-json\/wp\/v2\/product_brand?post=38369"},{"taxonomy":"product_cat","embeddable":true,"href":"https:\/\/cardinal-tapes.com\/fr\/wp-json\/wp\/v2\/product_cat?post=38369"},{"taxonomy":"product_tag","embeddable":true,"href":"https:\/\/cardinal-tapes.com\/fr\/wp-json\/wp\/v2\/product_tag?post=38369"}],"curies":[{"name":"wp","href":"https:\/\/api.w.org\/{rel}","templated":true}]}}