{"id":38368,"date":"2023-02-13T13:52:02","date_gmt":"2023-06-05T14:47:03","guid":{"rendered":"https:\/\/cardinal.pixel-tal.de\/klebebaender\/non class\u00e9\/orabond-1358-ruban-adhesif-en-papier-non-tisse\/"},"modified":"2023-06-05T16:47:03","modified_gmt":"2023-06-05T14:47:03","slug":"orabond-1358-bande-adhesive-en-papier-non-tisse","status":"publish","type":"product","link":"https:\/\/cardinal-tapes.com\/fr\/rubans-adh\u00e9sifs\/domaines-dapplication\/production-daluminium-traitement\/orabond-1358-bande-adhesive-en-papier-non-tisse\/","title":{"rendered":"ORABOND\u00ae 1358 Ruban adh\u00e9sif en papier non tiss\u00e9"},"content":{"rendered":"<p>Le ruban adh\u00e9sif double face se compose d&#8217;un support en papier non tiss\u00e9, enduit sur les deux faces d&#8217;un adh\u00e9sif acrylique sensible \u00e0 la pression modifi\u00e9.<br \/>\nest rev\u00eatu. L&#8217;adh\u00e9sif sensible \u00e0 la pression \u00e0 collage agressif se caract\u00e9rise par une grande r\u00e9sistance au vieillissement et \u00e0 l&#8217;usure.<br \/>\nr\u00e9sistance aux plastifiants. L&#8217;adh\u00e9sif sensible \u00e0 la pression AD7 utilis\u00e9 est conforme aux dispositions du Code of Federal Regulations,<br \/>\nFood and Drugs (FDA), 21 CFR Ch. I, \u00a7 175.105.<\/p>\n<p><strong>Domaines d&#8217;application<\/strong><\/p>\n<p>Orabond 1358 convient particuli\u00e8rement pour le finissage du caoutchouc cellulaire, des mousses \u00e0 pores ouverts et impr\u00e9gn\u00e9es ainsi que des tissus,<br \/>\nfeutre et autres surfaces rugueuses et ouvertes.<br \/>\nLes applications sur le caoutchouc cellulaire EPDM sont, en raison des particularit\u00e9s chimiques de ce groupe de mousses, \u00e0 \u00e9viter avant le<br \/>\nLe client doit tester l&#8217;aptitude et la durabilit\u00e9 suffisante du produit avant sa mise en \u0153uvre.<\/p>\n","protected":false},"excerpt":{"rendered":"<p>Le ruban adh\u00e9sif double face se compose d&#8217;un support en papier non tiss\u00e9, enduit sur les deux faces d&#8217;un adh\u00e9sif acrylique sensible \u00e0 la pression modifi\u00e9. est rev\u00eatu. L&#8217;adh\u00e9sif sensible \u00e0 la pression \u00e0 collage agressif se caract\u00e9rise par une grande r\u00e9sistance au vieillissement et \u00e0 l&#8217;usure. r\u00e9sistance aux plastifiants. L&#8217;adh\u00e9sif sensible \u00e0 la pression [&hellip;]<\/p>\n","protected":false},"featured_media":29192,"template":"","meta":{"_acf_changed":false},"pwb-brand":[2746],"product_brand":[],"product_cat":[1770,1834,1665,1673,1734,1738,1741],"product_tag":[],"class_list":{"0":"post-38368","1":"product","2":"type-product","3":"status-publish","4":"has-post-thumbnail","6":"pwb-brand-orafol-fr","7":"product_cat-industrie-textile","8":"product_cat-rubans-adhesifs-double-face","9":"product_cat-production-daluminium-traitement","10":"product_cat-industrie-electrique","11":"product_cat-fabrication-de-films","12":"product_cat-industrie-des-matieres-plastiques","13":"product_cat-construction-de-machines","15":"first","16":"instock","17":"taxable","18":"shipping-taxable","19":"purchasable","20":"product-type-variable"},"acf":[],"yoast_head":"<!-- This site is optimized with the Yoast SEO plugin v27.3 - https:\/\/yoast.com\/product\/yoast-seo-wordpress\/ -->\n<title>ORABOND\u00ae 1358 Ruban adh\u00e9sif en papier non tiss\u00e9 | Cardinal TAPES<\/title>\n<meta name=\"description\" content=\"Orabond 1358 convient pour le finissage du caoutchouc cellulaire, des mousses \u00e0 pores ouverts et impr\u00e9gn\u00e9es ainsi que des tissus, feutres et autres surfaces rugueuses et ouvertes.\" \/>\n<meta name=\"robots\" content=\"index, follow, max-snippet:-1, max-image-preview:large, max-video-preview:-1\" \/>\n<link rel=\"canonical\" href=\"https:\/\/cardinal-tapes.com\/fr\/rubans-adh\u00e9sifs\/production-daluminium-traitement\/orabond-1358-bande-adhesive-en-papier-non-tisse\/\" \/>\n<meta property=\"og:locale\" content=\"fr_FR\" \/>\n<meta property=\"og:type\" content=\"article\" \/>\n<meta property=\"og:title\" content=\"ORABOND\u00ae 1358 Ruban adh\u00e9sif en papier non tiss\u00e9 | Cardinal TAPES\" \/>\n<meta property=\"og:description\" content=\"Orabond 1358 convient pour le finissage du caoutchouc cellulaire, des mousses \u00e0 pores ouverts et impr\u00e9gn\u00e9es ainsi que des tissus, feutres et autres surfaces rugueuses et ouvertes.\" \/>\n<meta property=\"og:url\" content=\"https:\/\/cardinal-tapes.com\/fr\/rubans-adh\u00e9sifs\/production-daluminium-traitement\/orabond-1358-bande-adhesive-en-papier-non-tisse\/\" \/>\n<meta property=\"og:site_name\" content=\"cardinal TAPES\" \/>\n<meta property=\"og:image\" content=\"https:\/\/cardinal-tapes.com\/wp-content\/uploads\/1358gia-scaled.jpg\" \/>\n\t<meta property=\"og:image:width\" content=\"2560\" \/>\n\t<meta property=\"og:image:height\" content=\"1707\" \/>\n\t<meta property=\"og:image:type\" content=\"image\/jpeg\" \/>\n<meta name=\"twitter:card\" content=\"summary_large_image\" \/>\n<meta name=\"twitter:label1\" content=\"Dur\u00e9e de lecture estim\u00e9e\" \/>\n\t<meta name=\"twitter:data1\" content=\"1 minute\" \/>\n<script type=\"application\/ld+json\" class=\"yoast-schema-graph\">{\"@context\":\"https:\\\/\\\/schema.org\",\"@graph\":[{\"@type\":\"WebPage\",\"@id\":\"https:\\\/\\\/cardinal-tapes.com\\\/fr\\\/rubans-adh\u00e9sifs\\\/production-daluminium-traitement\\\/orabond-1358-bande-adhesive-en-papier-non-tisse\\\/\",\"url\":\"https:\\\/\\\/cardinal-tapes.com\\\/fr\\\/rubans-adh\u00e9sifs\\\/production-daluminium-traitement\\\/orabond-1358-bande-adhesive-en-papier-non-tisse\\\/\",\"name\":\"ORABOND\u00ae 1358 Ruban adh\u00e9sif en papier non tiss\u00e9 | Cardinal TAPES\",\"isPartOf\":{\"@id\":\"https:\\\/\\\/cardinal-tapes.com\\\/#website\"},\"primaryImageOfPage\":{\"@id\":\"https:\\\/\\\/cardinal-tapes.com\\\/fr\\\/rubans-adh\u00e9sifs\\\/production-daluminium-traitement\\\/orabond-1358-bande-adhesive-en-papier-non-tisse\\\/#primaryimage\"},\"image\":{\"@id\":\"https:\\\/\\\/cardinal-tapes.com\\\/fr\\\/rubans-adh\u00e9sifs\\\/production-daluminium-traitement\\\/orabond-1358-bande-adhesive-en-papier-non-tisse\\\/#primaryimage\"},\"thumbnailUrl\":\"https:\\\/\\\/cardinal-tapes.com\\\/wp-content\\\/uploads\\\/1358gia-scaled.jpg\",\"datePublished\":\"2023-06-05T14:47:03+00:00\",\"description\":\"Orabond 1358 convient pour le finissage du caoutchouc cellulaire, des mousses \u00e0 pores ouverts et impr\u00e9gn\u00e9es ainsi que des tissus, feutres et autres surfaces rugueuses et ouvertes.\",\"breadcrumb\":{\"@id\":\"https:\\\/\\\/cardinal-tapes.com\\\/fr\\\/rubans-adh\u00e9sifs\\\/production-daluminium-traitement\\\/orabond-1358-bande-adhesive-en-papier-non-tisse\\\/#breadcrumb\"},\"inLanguage\":\"fr-FR\",\"potentialAction\":[{\"@type\":\"ReadAction\",\"target\":[\"https:\\\/\\\/cardinal-tapes.com\\\/fr\\\/rubans-adh\u00e9sifs\\\/production-daluminium-traitement\\\/orabond-1358-bande-adhesive-en-papier-non-tisse\\\/\"]}]},{\"@type\":\"ImageObject\",\"inLanguage\":\"fr-FR\",\"@id\":\"https:\\\/\\\/cardinal-tapes.com\\\/fr\\\/rubans-adh\u00e9sifs\\\/production-daluminium-traitement\\\/orabond-1358-bande-adhesive-en-papier-non-tisse\\\/#primaryimage\",\"url\":\"https:\\\/\\\/cardinal-tapes.com\\\/wp-content\\\/uploads\\\/1358gia-scaled.jpg\",\"contentUrl\":\"https:\\\/\\\/cardinal-tapes.com\\\/wp-content\\\/uploads\\\/1358gia-scaled.jpg\",\"width\":2560,\"height\":1707},{\"@type\":\"BreadcrumbList\",\"@id\":\"https:\\\/\\\/cardinal-tapes.com\\\/fr\\\/rubans-adh\u00e9sifs\\\/production-daluminium-traitement\\\/orabond-1358-bande-adhesive-en-papier-non-tisse\\\/#breadcrumb\",\"itemListElement\":[{\"@type\":\"ListItem\",\"position\":1,\"name\":\"Startseite\",\"item\":\"https:\\\/\\\/cardinal-tapes.com\\\/fr\\\/accueil\\\/\"},{\"@type\":\"ListItem\",\"position\":2,\"name\":\"Rubans adh\u00e9sifs\",\"item\":\"https:\\\/\\\/cardinal-tapes.com\\\/fr\\\/rubans-adhesifs-fr\\\/\"},{\"@type\":\"ListItem\",\"position\":3,\"name\":\"fabrication de films\",\"item\":\"https:\\\/\\\/cardinal-tapes.com\\\/fr\\\/catgorie\\\/fabrication-de-films\\\/\"},{\"@type\":\"ListItem\",\"position\":4,\"name\":\"ORABOND\u00ae 1358 Ruban adh\u00e9sif en papier non tiss\u00e9\"}]},{\"@type\":\"WebSite\",\"@id\":\"https:\\\/\\\/cardinal-tapes.com\\\/#website\",\"url\":\"https:\\\/\\\/cardinal-tapes.com\\\/\",\"name\":\"cardinal TAPES\",\"description\":\"Klebetechnik aus Wuppertal\",\"potentialAction\":[{\"@type\":\"SearchAction\",\"target\":{\"@type\":\"EntryPoint\",\"urlTemplate\":\"https:\\\/\\\/cardinal-tapes.com\\\/?s={search_term_string}\"},\"query-input\":{\"@type\":\"PropertyValueSpecification\",\"valueRequired\":true,\"valueName\":\"search_term_string\"}}],\"inLanguage\":\"fr-FR\"}]}<\/script>\n<!-- \/ Yoast SEO plugin. -->","yoast_head_json":{"title":"ORABOND\u00ae 1358 Ruban adh\u00e9sif en papier non tiss\u00e9 | Cardinal TAPES","description":"Orabond 1358 convient pour le finissage du caoutchouc cellulaire, des mousses \u00e0 pores ouverts et impr\u00e9gn\u00e9es ainsi que des tissus, feutres et autres surfaces rugueuses et ouvertes.","robots":{"index":"index","follow":"follow","max-snippet":"max-snippet:-1","max-image-preview":"max-image-preview:large","max-video-preview":"max-video-preview:-1"},"canonical":"https:\/\/cardinal-tapes.com\/fr\/rubans-adh\u00e9sifs\/production-daluminium-traitement\/orabond-1358-bande-adhesive-en-papier-non-tisse\/","og_locale":"fr_FR","og_type":"article","og_title":"ORABOND\u00ae 1358 Ruban adh\u00e9sif en papier non tiss\u00e9 | Cardinal TAPES","og_description":"Orabond 1358 convient pour le finissage du caoutchouc cellulaire, des mousses \u00e0 pores ouverts et impr\u00e9gn\u00e9es ainsi que des tissus, feutres et autres surfaces rugueuses et ouvertes.","og_url":"https:\/\/cardinal-tapes.com\/fr\/rubans-adh\u00e9sifs\/production-daluminium-traitement\/orabond-1358-bande-adhesive-en-papier-non-tisse\/","og_site_name":"cardinal TAPES","og_image":[{"width":2560,"height":1707,"url":"https:\/\/cardinal-tapes.com\/wp-content\/uploads\/1358gia-scaled.jpg","type":"image\/jpeg"}],"twitter_card":"summary_large_image","twitter_misc":{"Dur\u00e9e de lecture estim\u00e9e":"1 minute"},"schema":{"@context":"https:\/\/schema.org","@graph":[{"@type":"WebPage","@id":"https:\/\/cardinal-tapes.com\/fr\/rubans-adh\u00e9sifs\/production-daluminium-traitement\/orabond-1358-bande-adhesive-en-papier-non-tisse\/","url":"https:\/\/cardinal-tapes.com\/fr\/rubans-adh\u00e9sifs\/production-daluminium-traitement\/orabond-1358-bande-adhesive-en-papier-non-tisse\/","name":"ORABOND\u00ae 1358 Ruban adh\u00e9sif en papier non tiss\u00e9 | Cardinal TAPES","isPartOf":{"@id":"https:\/\/cardinal-tapes.com\/#website"},"primaryImageOfPage":{"@id":"https:\/\/cardinal-tapes.com\/fr\/rubans-adh\u00e9sifs\/production-daluminium-traitement\/orabond-1358-bande-adhesive-en-papier-non-tisse\/#primaryimage"},"image":{"@id":"https:\/\/cardinal-tapes.com\/fr\/rubans-adh\u00e9sifs\/production-daluminium-traitement\/orabond-1358-bande-adhesive-en-papier-non-tisse\/#primaryimage"},"thumbnailUrl":"https:\/\/cardinal-tapes.com\/wp-content\/uploads\/1358gia-scaled.jpg","datePublished":"2023-06-05T14:47:03+00:00","description":"Orabond 1358 convient pour le finissage du caoutchouc cellulaire, des mousses \u00e0 pores ouverts et impr\u00e9gn\u00e9es ainsi que des tissus, feutres et autres surfaces rugueuses et ouvertes.","breadcrumb":{"@id":"https:\/\/cardinal-tapes.com\/fr\/rubans-adh\u00e9sifs\/production-daluminium-traitement\/orabond-1358-bande-adhesive-en-papier-non-tisse\/#breadcrumb"},"inLanguage":"fr-FR","potentialAction":[{"@type":"ReadAction","target":["https:\/\/cardinal-tapes.com\/fr\/rubans-adh\u00e9sifs\/production-daluminium-traitement\/orabond-1358-bande-adhesive-en-papier-non-tisse\/"]}]},{"@type":"ImageObject","inLanguage":"fr-FR","@id":"https:\/\/cardinal-tapes.com\/fr\/rubans-adh\u00e9sifs\/production-daluminium-traitement\/orabond-1358-bande-adhesive-en-papier-non-tisse\/#primaryimage","url":"https:\/\/cardinal-tapes.com\/wp-content\/uploads\/1358gia-scaled.jpg","contentUrl":"https:\/\/cardinal-tapes.com\/wp-content\/uploads\/1358gia-scaled.jpg","width":2560,"height":1707},{"@type":"BreadcrumbList","@id":"https:\/\/cardinal-tapes.com\/fr\/rubans-adh\u00e9sifs\/production-daluminium-traitement\/orabond-1358-bande-adhesive-en-papier-non-tisse\/#breadcrumb","itemListElement":[{"@type":"ListItem","position":1,"name":"Startseite","item":"https:\/\/cardinal-tapes.com\/fr\/accueil\/"},{"@type":"ListItem","position":2,"name":"Rubans adh\u00e9sifs","item":"https:\/\/cardinal-tapes.com\/fr\/rubans-adhesifs-fr\/"},{"@type":"ListItem","position":3,"name":"fabrication de films","item":"https:\/\/cardinal-tapes.com\/fr\/catgorie\/fabrication-de-films\/"},{"@type":"ListItem","position":4,"name":"ORABOND\u00ae 1358 Ruban adh\u00e9sif en papier non tiss\u00e9"}]},{"@type":"WebSite","@id":"https:\/\/cardinal-tapes.com\/#website","url":"https:\/\/cardinal-tapes.com\/","name":"cardinal TAPES","description":"Klebetechnik aus Wuppertal","potentialAction":[{"@type":"SearchAction","target":{"@type":"EntryPoint","urlTemplate":"https:\/\/cardinal-tapes.com\/?s={search_term_string}"},"query-input":{"@type":"PropertyValueSpecification","valueRequired":true,"valueName":"search_term_string"}}],"inLanguage":"fr-FR"}]}},"brands":[{"id":2746,"name":"ORAFOL","slug":"orafol-fr"}],"_links":{"self":[{"href":"https:\/\/cardinal-tapes.com\/fr\/wp-json\/wp\/v2\/product\/38368","targetHints":{"allow":["GET"]}}],"collection":[{"href":"https:\/\/cardinal-tapes.com\/fr\/wp-json\/wp\/v2\/product"}],"about":[{"href":"https:\/\/cardinal-tapes.com\/fr\/wp-json\/wp\/v2\/types\/product"}],"wp:featuredmedia":[{"embeddable":true,"href":"https:\/\/cardinal-tapes.com\/fr\/wp-json\/wp\/v2\/media\/29192"}],"wp:attachment":[{"href":"https:\/\/cardinal-tapes.com\/fr\/wp-json\/wp\/v2\/media?parent=38368"}],"wp:term":[{"taxonomy":"pwb-brand","embeddable":true,"href":"https:\/\/cardinal-tapes.com\/fr\/wp-json\/wp\/v2\/pwb-brand?post=38368"},{"taxonomy":"product_brand","embeddable":true,"href":"https:\/\/cardinal-tapes.com\/fr\/wp-json\/wp\/v2\/product_brand?post=38368"},{"taxonomy":"product_cat","embeddable":true,"href":"https:\/\/cardinal-tapes.com\/fr\/wp-json\/wp\/v2\/product_cat?post=38368"},{"taxonomy":"product_tag","embeddable":true,"href":"https:\/\/cardinal-tapes.com\/fr\/wp-json\/wp\/v2\/product_tag?post=38368"}],"curies":[{"name":"wp","href":"https:\/\/api.w.org\/{rel}","templated":true}]}}