{"id":38367,"date":"2023-02-24T12:42:23","date_gmt":"2023-06-05T14:47:03","guid":{"rendered":"https:\/\/cardinal.pixel-tal.de\/klebebaender\/non class\u00e9\/orabond-3331-ruban-adhesif-en-pvc\/"},"modified":"2023-06-05T16:47:03","modified_gmt":"2023-06-05T14:47:03","slug":"ruban-adhesif-orabond-3331-pvc","status":"publish","type":"product","link":"https:\/\/cardinal-tapes.com\/fr\/rubans-adh\u00e9sifs\/domaines-dapplication\/production-daluminium-traitement\/ruban-adhesif-orabond-3331-pvc\/","title":{"rendered":"ORABOND\u00ae 3331 Ruban adh\u00e9sif en PVC"},"content":{"rendered":"<p>Le ruban adh\u00e9sif double face se compose d&#8217;un support en film de PVC rigide, enduit sur les deux faces d&#8217;un adh\u00e9sif sensible \u00e0 la pression \u00e0 base d&#8217;acrylate, qui pr\u00e9sente une tr\u00e8s bonne r\u00e9sistance aux rayons UV, aux contraintes thermiques, aux produits chimiques et aux solvants ainsi qu&#8217;\u00e0 l&#8217;humidit\u00e9. L&#8217;adh\u00e9sif autocollant \u00e0 haute r\u00e9sistance au cisaillement se caract\u00e9rise par un excellent pouvoir adh\u00e9sif permanent sur les surfaces m\u00e9talliques, peintes et plastiques \u00e0 haute \u00e9nergie, ainsi que par un bon pouvoir adh\u00e9sif permanent sur les surfaces \u00e0 faible \u00e9nergie. Convient \u00e9galement pour les surfaces rugueuses ou structur\u00e9es en raison de l&#8217;application d&#8217;une masse importante.<\/p>\n<p><strong>Domaines d&#8217;application<\/strong><\/p>\n<p>Collage de r\u00e9troviseurs ext\u00e9rieurs de voitures et de camions dans des bo\u00eetiers en plastique tout en assurant une protection contre les \u00e9clats. \u00c9quipement autocollant de plaques signal\u00e9tiques, de plaques de puissance et de plaques indicatrices ainsi que de profil\u00e9s d&#8217;enveloppe en plastique extrud\u00e9 pour le montage final durable dans l&#8217;industrie du meuble, montage d&#8217;\u00e9l\u00e9ments d\u00e9coratifs, de doublages et de croisillons sur les surfaces les plus diverses. Fixation de caches et de supports dans l&#8217;industrie phonographique, l&#8217;\u00e9lectrom\u00e9nager et l&#8217;industrie \u00e9lectrique.<\/p>\n","protected":false},"excerpt":{"rendered":"<p>Le ruban adh\u00e9sif double face se compose d&#8217;un support en film de PVC rigide, enduit sur les deux faces d&#8217;un adh\u00e9sif sensible \u00e0 la pression \u00e0 base d&#8217;acrylate, qui pr\u00e9sente une tr\u00e8s bonne r\u00e9sistance aux rayons UV, aux contraintes thermiques, aux produits chimiques et aux solvants ainsi qu&#8217;\u00e0 l&#8217;humidit\u00e9. L&#8217;adh\u00e9sif autocollant \u00e0 haute r\u00e9sistance au [&hellip;]<\/p>\n","protected":false},"featured_media":29208,"template":"","meta":{"_acf_changed":false},"pwb-brand":[2746],"product_brand":[],"product_cat":[1834,1665,1673,1734,1738,1741,1770],"product_tag":[],"class_list":{"0":"post-38367","1":"product","2":"type-product","3":"status-publish","4":"has-post-thumbnail","6":"pwb-brand-orafol-fr","7":"product_cat-rubans-adhesifs-double-face","8":"product_cat-production-daluminium-traitement","9":"product_cat-industrie-electrique","10":"product_cat-fabrication-de-films","11":"product_cat-industrie-des-matieres-plastiques","12":"product_cat-construction-de-machines","13":"product_cat-industrie-textile","15":"first","16":"instock","17":"taxable","18":"shipping-taxable","19":"purchasable","20":"product-type-variable"},"acf":[],"yoast_head":"<!-- This site is optimized with the Yoast SEO plugin v27.3 - https:\/\/yoast.com\/product\/yoast-seo-wordpress\/ -->\n<title>ORABOND\u00ae 3331 Ruban adh\u00e9sif en PVC | Cardinal TAPES<\/title>\n<meta name=\"description\" content=\"Orabond 3331 se compose d&#039;un support en film PVC rigide, enduit sur les deux faces d&#039;une colle acrylique sensible \u00e0 la pression et pr\u00e9sentant une tr\u00e8s bonne r\u00e9sistance aux rayons UV.\" \/>\n<meta name=\"robots\" content=\"index, follow, max-snippet:-1, max-image-preview:large, max-video-preview:-1\" \/>\n<link rel=\"canonical\" href=\"https:\/\/cardinal-tapes.com\/fr\/rubans-adh\u00e9sifs\/production-daluminium-traitement\/ruban-adhesif-orabond-3331-pvc\/\" \/>\n<meta property=\"og:locale\" content=\"fr_FR\" \/>\n<meta property=\"og:type\" content=\"article\" \/>\n<meta property=\"og:title\" content=\"ORABOND\u00ae 3331 Ruban adh\u00e9sif en PVC | Cardinal TAPES\" \/>\n<meta property=\"og:description\" content=\"Orabond 3331 se compose d&#039;un support en film PVC rigide, enduit sur les deux faces d&#039;une colle acrylique sensible \u00e0 la pression et pr\u00e9sentant une tr\u00e8s bonne r\u00e9sistance aux rayons UV.\" \/>\n<meta property=\"og:url\" content=\"https:\/\/cardinal-tapes.com\/fr\/rubans-adh\u00e9sifs\/production-daluminium-traitement\/ruban-adhesif-orabond-3331-pvc\/\" \/>\n<meta property=\"og:site_name\" content=\"cardinal TAPES\" \/>\n<meta property=\"og:image\" content=\"https:\/\/cardinal-tapes.com\/wp-content\/uploads\/3331TG-scaled.jpg\" \/>\n\t<meta property=\"og:image:width\" content=\"2560\" \/>\n\t<meta property=\"og:image:height\" content=\"1707\" \/>\n\t<meta property=\"og:image:type\" content=\"image\/jpeg\" \/>\n<meta name=\"twitter:card\" content=\"summary_large_image\" \/>\n<meta name=\"twitter:label1\" content=\"Dur\u00e9e de lecture estim\u00e9e\" \/>\n\t<meta name=\"twitter:data1\" content=\"1 minute\" \/>\n<script type=\"application\/ld+json\" class=\"yoast-schema-graph\">{\"@context\":\"https:\\\/\\\/schema.org\",\"@graph\":[{\"@type\":\"WebPage\",\"@id\":\"https:\\\/\\\/cardinal-tapes.com\\\/fr\\\/rubans-adh\u00e9sifs\\\/production-daluminium-traitement\\\/ruban-adhesif-orabond-3331-pvc\\\/\",\"url\":\"https:\\\/\\\/cardinal-tapes.com\\\/fr\\\/rubans-adh\u00e9sifs\\\/production-daluminium-traitement\\\/ruban-adhesif-orabond-3331-pvc\\\/\",\"name\":\"ORABOND\u00ae 3331 Ruban adh\u00e9sif en PVC | Cardinal TAPES\",\"isPartOf\":{\"@id\":\"https:\\\/\\\/cardinal-tapes.com\\\/#website\"},\"primaryImageOfPage\":{\"@id\":\"https:\\\/\\\/cardinal-tapes.com\\\/fr\\\/rubans-adh\u00e9sifs\\\/production-daluminium-traitement\\\/ruban-adhesif-orabond-3331-pvc\\\/#primaryimage\"},\"image\":{\"@id\":\"https:\\\/\\\/cardinal-tapes.com\\\/fr\\\/rubans-adh\u00e9sifs\\\/production-daluminium-traitement\\\/ruban-adhesif-orabond-3331-pvc\\\/#primaryimage\"},\"thumbnailUrl\":\"https:\\\/\\\/cardinal-tapes.com\\\/wp-content\\\/uploads\\\/3331TG-scaled.jpg\",\"datePublished\":\"2023-06-05T14:47:03+00:00\",\"description\":\"Orabond 3331 se compose d'un support en film PVC rigide, enduit sur les deux faces d'une colle acrylique sensible \u00e0 la pression et pr\u00e9sentant une tr\u00e8s bonne r\u00e9sistance aux rayons UV.\",\"breadcrumb\":{\"@id\":\"https:\\\/\\\/cardinal-tapes.com\\\/fr\\\/rubans-adh\u00e9sifs\\\/production-daluminium-traitement\\\/ruban-adhesif-orabond-3331-pvc\\\/#breadcrumb\"},\"inLanguage\":\"fr-FR\",\"potentialAction\":[{\"@type\":\"ReadAction\",\"target\":[\"https:\\\/\\\/cardinal-tapes.com\\\/fr\\\/rubans-adh\u00e9sifs\\\/production-daluminium-traitement\\\/ruban-adhesif-orabond-3331-pvc\\\/\"]}]},{\"@type\":\"ImageObject\",\"inLanguage\":\"fr-FR\",\"@id\":\"https:\\\/\\\/cardinal-tapes.com\\\/fr\\\/rubans-adh\u00e9sifs\\\/production-daluminium-traitement\\\/ruban-adhesif-orabond-3331-pvc\\\/#primaryimage\",\"url\":\"https:\\\/\\\/cardinal-tapes.com\\\/wp-content\\\/uploads\\\/3331TG-scaled.jpg\",\"contentUrl\":\"https:\\\/\\\/cardinal-tapes.com\\\/wp-content\\\/uploads\\\/3331TG-scaled.jpg\",\"width\":2560,\"height\":1707},{\"@type\":\"BreadcrumbList\",\"@id\":\"https:\\\/\\\/cardinal-tapes.com\\\/fr\\\/rubans-adh\u00e9sifs\\\/production-daluminium-traitement\\\/ruban-adhesif-orabond-3331-pvc\\\/#breadcrumb\",\"itemListElement\":[{\"@type\":\"ListItem\",\"position\":1,\"name\":\"Startseite\",\"item\":\"https:\\\/\\\/cardinal-tapes.com\\\/fr\\\/accueil\\\/\"},{\"@type\":\"ListItem\",\"position\":2,\"name\":\"Rubans adh\u00e9sifs\",\"item\":\"https:\\\/\\\/cardinal-tapes.com\\\/fr\\\/rubans-adhesifs-fr\\\/\"},{\"@type\":\"ListItem\",\"position\":3,\"name\":\"Production d&#039;aluminium \\\/ traitement\",\"item\":\"https:\\\/\\\/cardinal-tapes.com\\\/fr\\\/catgorie\\\/production-daluminium-traitement\\\/\"},{\"@type\":\"ListItem\",\"position\":4,\"name\":\"ORABOND\u00ae 3331 Ruban adh\u00e9sif en PVC\"}]},{\"@type\":\"WebSite\",\"@id\":\"https:\\\/\\\/cardinal-tapes.com\\\/#website\",\"url\":\"https:\\\/\\\/cardinal-tapes.com\\\/\",\"name\":\"cardinal TAPES\",\"description\":\"Klebetechnik aus Wuppertal\",\"potentialAction\":[{\"@type\":\"SearchAction\",\"target\":{\"@type\":\"EntryPoint\",\"urlTemplate\":\"https:\\\/\\\/cardinal-tapes.com\\\/?s={search_term_string}\"},\"query-input\":{\"@type\":\"PropertyValueSpecification\",\"valueRequired\":true,\"valueName\":\"search_term_string\"}}],\"inLanguage\":\"fr-FR\"}]}<\/script>\n<!-- \/ Yoast SEO plugin. -->","yoast_head_json":{"title":"ORABOND\u00ae 3331 Ruban adh\u00e9sif en PVC | Cardinal TAPES","description":"Orabond 3331 se compose d'un support en film PVC rigide, enduit sur les deux faces d'une colle acrylique sensible \u00e0 la pression et pr\u00e9sentant une tr\u00e8s bonne r\u00e9sistance aux rayons UV.","robots":{"index":"index","follow":"follow","max-snippet":"max-snippet:-1","max-image-preview":"max-image-preview:large","max-video-preview":"max-video-preview:-1"},"canonical":"https:\/\/cardinal-tapes.com\/fr\/rubans-adh\u00e9sifs\/production-daluminium-traitement\/ruban-adhesif-orabond-3331-pvc\/","og_locale":"fr_FR","og_type":"article","og_title":"ORABOND\u00ae 3331 Ruban adh\u00e9sif en PVC | Cardinal TAPES","og_description":"Orabond 3331 se compose d'un support en film PVC rigide, enduit sur les deux faces d'une colle acrylique sensible \u00e0 la pression et pr\u00e9sentant une tr\u00e8s bonne r\u00e9sistance aux rayons UV.","og_url":"https:\/\/cardinal-tapes.com\/fr\/rubans-adh\u00e9sifs\/production-daluminium-traitement\/ruban-adhesif-orabond-3331-pvc\/","og_site_name":"cardinal TAPES","og_image":[{"width":2560,"height":1707,"url":"https:\/\/cardinal-tapes.com\/wp-content\/uploads\/3331TG-scaled.jpg","type":"image\/jpeg"}],"twitter_card":"summary_large_image","twitter_misc":{"Dur\u00e9e de lecture estim\u00e9e":"1 minute"},"schema":{"@context":"https:\/\/schema.org","@graph":[{"@type":"WebPage","@id":"https:\/\/cardinal-tapes.com\/fr\/rubans-adh\u00e9sifs\/production-daluminium-traitement\/ruban-adhesif-orabond-3331-pvc\/","url":"https:\/\/cardinal-tapes.com\/fr\/rubans-adh\u00e9sifs\/production-daluminium-traitement\/ruban-adhesif-orabond-3331-pvc\/","name":"ORABOND\u00ae 3331 Ruban adh\u00e9sif en PVC | Cardinal TAPES","isPartOf":{"@id":"https:\/\/cardinal-tapes.com\/#website"},"primaryImageOfPage":{"@id":"https:\/\/cardinal-tapes.com\/fr\/rubans-adh\u00e9sifs\/production-daluminium-traitement\/ruban-adhesif-orabond-3331-pvc\/#primaryimage"},"image":{"@id":"https:\/\/cardinal-tapes.com\/fr\/rubans-adh\u00e9sifs\/production-daluminium-traitement\/ruban-adhesif-orabond-3331-pvc\/#primaryimage"},"thumbnailUrl":"https:\/\/cardinal-tapes.com\/wp-content\/uploads\/3331TG-scaled.jpg","datePublished":"2023-06-05T14:47:03+00:00","description":"Orabond 3331 se compose d'un support en film PVC rigide, enduit sur les deux faces d'une colle acrylique sensible \u00e0 la pression et pr\u00e9sentant une tr\u00e8s bonne r\u00e9sistance aux rayons UV.","breadcrumb":{"@id":"https:\/\/cardinal-tapes.com\/fr\/rubans-adh\u00e9sifs\/production-daluminium-traitement\/ruban-adhesif-orabond-3331-pvc\/#breadcrumb"},"inLanguage":"fr-FR","potentialAction":[{"@type":"ReadAction","target":["https:\/\/cardinal-tapes.com\/fr\/rubans-adh\u00e9sifs\/production-daluminium-traitement\/ruban-adhesif-orabond-3331-pvc\/"]}]},{"@type":"ImageObject","inLanguage":"fr-FR","@id":"https:\/\/cardinal-tapes.com\/fr\/rubans-adh\u00e9sifs\/production-daluminium-traitement\/ruban-adhesif-orabond-3331-pvc\/#primaryimage","url":"https:\/\/cardinal-tapes.com\/wp-content\/uploads\/3331TG-scaled.jpg","contentUrl":"https:\/\/cardinal-tapes.com\/wp-content\/uploads\/3331TG-scaled.jpg","width":2560,"height":1707},{"@type":"BreadcrumbList","@id":"https:\/\/cardinal-tapes.com\/fr\/rubans-adh\u00e9sifs\/production-daluminium-traitement\/ruban-adhesif-orabond-3331-pvc\/#breadcrumb","itemListElement":[{"@type":"ListItem","position":1,"name":"Startseite","item":"https:\/\/cardinal-tapes.com\/fr\/accueil\/"},{"@type":"ListItem","position":2,"name":"Rubans adh\u00e9sifs","item":"https:\/\/cardinal-tapes.com\/fr\/rubans-adhesifs-fr\/"},{"@type":"ListItem","position":3,"name":"Production d&#039;aluminium \/ traitement","item":"https:\/\/cardinal-tapes.com\/fr\/catgorie\/production-daluminium-traitement\/"},{"@type":"ListItem","position":4,"name":"ORABOND\u00ae 3331 Ruban adh\u00e9sif en PVC"}]},{"@type":"WebSite","@id":"https:\/\/cardinal-tapes.com\/#website","url":"https:\/\/cardinal-tapes.com\/","name":"cardinal TAPES","description":"Klebetechnik aus Wuppertal","potentialAction":[{"@type":"SearchAction","target":{"@type":"EntryPoint","urlTemplate":"https:\/\/cardinal-tapes.com\/?s={search_term_string}"},"query-input":{"@type":"PropertyValueSpecification","valueRequired":true,"valueName":"search_term_string"}}],"inLanguage":"fr-FR"}]}},"brands":[{"id":2746,"name":"ORAFOL","slug":"orafol-fr"}],"_links":{"self":[{"href":"https:\/\/cardinal-tapes.com\/fr\/wp-json\/wp\/v2\/product\/38367","targetHints":{"allow":["GET"]}}],"collection":[{"href":"https:\/\/cardinal-tapes.com\/fr\/wp-json\/wp\/v2\/product"}],"about":[{"href":"https:\/\/cardinal-tapes.com\/fr\/wp-json\/wp\/v2\/types\/product"}],"wp:featuredmedia":[{"embeddable":true,"href":"https:\/\/cardinal-tapes.com\/fr\/wp-json\/wp\/v2\/media\/29208"}],"wp:attachment":[{"href":"https:\/\/cardinal-tapes.com\/fr\/wp-json\/wp\/v2\/media?parent=38367"}],"wp:term":[{"taxonomy":"pwb-brand","embeddable":true,"href":"https:\/\/cardinal-tapes.com\/fr\/wp-json\/wp\/v2\/pwb-brand?post=38367"},{"taxonomy":"product_brand","embeddable":true,"href":"https:\/\/cardinal-tapes.com\/fr\/wp-json\/wp\/v2\/product_brand?post=38367"},{"taxonomy":"product_cat","embeddable":true,"href":"https:\/\/cardinal-tapes.com\/fr\/wp-json\/wp\/v2\/product_cat?post=38367"},{"taxonomy":"product_tag","embeddable":true,"href":"https:\/\/cardinal-tapes.com\/fr\/wp-json\/wp\/v2\/product_tag?post=38367"}],"curies":[{"name":"wp","href":"https:\/\/api.w.org\/{rel}","templated":true}]}}