{"id":38366,"date":"2023-02-13T14:05:17","date_gmt":"2023-06-05T14:47:03","guid":{"rendered":"https:\/\/cardinal.pixel-tal.de\/klebebaender\/non%20class\u00e9\/orabond-1375-ruban-adhesif-de-transfert\/"},"modified":"2025-07-01T16:03:27","modified_gmt":"2025-07-01T14:03:27","slug":"ruban-adhesif-de-transfert-orabond-1375","status":"publish","type":"product","link":"https:\/\/cardinal-tapes.com\/fr\/rubans-adh\u00e9sifs\/domaines-dapplication\/production-daluminium-traitement\/ruban-adhesif-de-transfert-orabond-1375\/","title":{"rendered":"ORABOND\u00ae 1375 Ruban adh\u00e9sif de transfert"},"content":{"rendered":"<p>Le ruban adh\u00e9sif de transfert est compos\u00e9 d&#8217;un adh\u00e9sif sensible \u00e0 la pression \u00e0 base d&#8217;acrylate pur hautement transparent qui pr\u00e9sente une excellente r\u00e9sistance<br \/>\naux rayons UV, aux contraintes thermiques, aux produits chimiques et aux solvants ainsi qu&#8217;\u00e0 l&#8217;humidit\u00e9.<br \/>\nL&#8217;adh\u00e9sif de transfert \u00e0 haute r\u00e9sistance au cisaillement se caract\u00e9rise par un excellent pouvoir adh\u00e9sif permanent sur les surfaces m\u00e9talliques, les surfaces peintes et<br \/>\nles surfaces plastiques \u00e0 haute \u00e9nergie. Le ruban adh\u00e9sif de transfert est certifi\u00e9 UL 969.<\/p>\n<p><strong>Champ d&#8217;application<\/strong><\/p>\n<p>Il convient au collage industriel \/ commercial de supports lisses ou l\u00e9g\u00e8rement poreux.<br \/>\n\u00c9quipement autocollant de toutes sortes d&#8217;enseignes, de d\u00e9corations, de panneaux frontaux et de pr\u00e9sentoirs, pour lesquels une tr\u00e8s<br \/>\nhaute r\u00e9sistance au cisaillement et \u00e0 l&#8217;adh\u00e9rence ainsi qu&#8217;une r\u00e9sistance \u00e0 la temp\u00e9rature sont requises.<br \/>\nLors du d\u00e9roulement du support en rouleau, l&#8217;adh\u00e9sif de transfert doit \u00eatre retir\u00e9 sur un angle aussi petit que possible.<\/p>\n","protected":false},"excerpt":{"rendered":"<p>Le ruban adh\u00e9sif de transfert est compos\u00e9 d&#8217;un adh\u00e9sif sensible \u00e0 la pression \u00e0 base d&#8217;acrylate pur hautement transparent qui pr\u00e9sente une excellente r\u00e9sistance aux rayons UV, aux contraintes thermiques, aux produits chimiques et aux solvants ainsi qu&#8217;\u00e0 l&#8217;humidit\u00e9. L&#8217;adh\u00e9sif de transfert \u00e0 haute r\u00e9sistance au cisaillement se caract\u00e9rise par un excellent pouvoir adh\u00e9sif permanent [&hellip;]<\/p>\n","protected":false},"featured_media":29200,"template":"","meta":{"_acf_changed":false},"pwb-brand":[2746],"product_brand":[],"product_cat":[1665,1673,1734,1738,1741,1770,1834],"product_tag":[],"class_list":{"0":"post-38366","1":"product","2":"type-product","3":"status-publish","4":"has-post-thumbnail","6":"pwb-brand-orafol-fr","7":"product_cat-production-daluminium-traitement","8":"product_cat-industrie-electrique","9":"product_cat-fabrication-de-films","10":"product_cat-industrie-des-matieres-plastiques","11":"product_cat-construction-de-machines","12":"product_cat-industrie-textile","13":"product_cat-rubans-adhesifs-double-face","15":"first","16":"instock","17":"taxable","18":"shipping-taxable","19":"purchasable","20":"product-type-variable"},"acf":[],"yoast_head":"<!-- This site is optimized with the Yoast SEO plugin v27.3 - https:\/\/yoast.com\/product\/yoast-seo-wordpress\/ -->\n<title>ORABOND\u00ae 1375 Ruban adh\u00e9sif de transfert | Cardinal TAPES<\/title>\n<meta name=\"description\" content=\"Orabond 1375 est compos\u00e9 d&#039;une colle acrylique pure qui pr\u00e9sente une tr\u00e8s bonne r\u00e9sistance aux rayons UV, aux produits chimiques et \u00e0 l&#039;humidit\u00e9.\" \/>\n<meta name=\"robots\" content=\"index, follow, max-snippet:-1, max-image-preview:large, max-video-preview:-1\" \/>\n<link rel=\"canonical\" href=\"https:\/\/cardinal-tapes.com\/fr\/rubans-adh\u00e9sifs\/domaines-dapplication\/production-daluminium-traitement\/ruban-adhesif-de-transfert-orabond-1375\/\" \/>\n<meta property=\"og:locale\" content=\"fr_FR\" \/>\n<meta property=\"og:type\" content=\"article\" \/>\n<meta property=\"og:title\" content=\"ORABOND\u00ae 1375 Ruban adh\u00e9sif de transfert | Cardinal TAPES\" \/>\n<meta property=\"og:description\" content=\"Orabond 1375 est compos\u00e9 d&#039;une colle acrylique pure qui pr\u00e9sente une tr\u00e8s bonne r\u00e9sistance aux rayons UV, aux produits chimiques et \u00e0 l&#039;humidit\u00e9.\" \/>\n<meta property=\"og:url\" content=\"https:\/\/cardinal-tapes.com\/fr\/rubans-adh\u00e9sifs\/domaines-dapplication\/production-daluminium-traitement\/ruban-adhesif-de-transfert-orabond-1375\/\" \/>\n<meta property=\"og:site_name\" content=\"cardinal TAPES\" \/>\n<meta property=\"article:modified_time\" content=\"2025-07-01T14:03:27+00:00\" \/>\n<meta property=\"og:image\" content=\"https:\/\/cardinal-tapes.com\/wp-content\/uploads\/1375_1377-scaled.jpg\" \/>\n\t<meta property=\"og:image:width\" content=\"2560\" \/>\n\t<meta property=\"og:image:height\" content=\"1707\" \/>\n\t<meta property=\"og:image:type\" content=\"image\/jpeg\" \/>\n<meta name=\"twitter:card\" content=\"summary_large_image\" \/>\n<meta name=\"twitter:label1\" content=\"Dur\u00e9e de lecture estim\u00e9e\" \/>\n\t<meta name=\"twitter:data1\" content=\"1 minute\" \/>\n<script type=\"application\/ld+json\" class=\"yoast-schema-graph\">{\"@context\":\"https:\\\/\\\/schema.org\",\"@graph\":[{\"@type\":\"WebPage\",\"@id\":\"https:\\\/\\\/cardinal-tapes.com\\\/fr\\\/rubans-adh\u00e9sifs\\\/domaines-dapplication\\\/production-daluminium-traitement\\\/ruban-adhesif-de-transfert-orabond-1375\\\/\",\"url\":\"https:\\\/\\\/cardinal-tapes.com\\\/fr\\\/rubans-adh\u00e9sifs\\\/domaines-dapplication\\\/production-daluminium-traitement\\\/ruban-adhesif-de-transfert-orabond-1375\\\/\",\"name\":\"ORABOND\u00ae 1375 Ruban adh\u00e9sif de transfert | Cardinal TAPES\",\"isPartOf\":{\"@id\":\"https:\\\/\\\/cardinal-tapes.com\\\/#website\"},\"primaryImageOfPage\":{\"@id\":\"https:\\\/\\\/cardinal-tapes.com\\\/fr\\\/rubans-adh\u00e9sifs\\\/domaines-dapplication\\\/production-daluminium-traitement\\\/ruban-adhesif-de-transfert-orabond-1375\\\/#primaryimage\"},\"image\":{\"@id\":\"https:\\\/\\\/cardinal-tapes.com\\\/fr\\\/rubans-adh\u00e9sifs\\\/domaines-dapplication\\\/production-daluminium-traitement\\\/ruban-adhesif-de-transfert-orabond-1375\\\/#primaryimage\"},\"thumbnailUrl\":\"https:\\\/\\\/cardinal-tapes.com\\\/wp-content\\\/uploads\\\/1375_1377-scaled.jpg\",\"datePublished\":\"2023-06-05T14:47:03+00:00\",\"dateModified\":\"2025-07-01T14:03:27+00:00\",\"description\":\"Orabond 1375 est compos\u00e9 d'une colle acrylique pure qui pr\u00e9sente une tr\u00e8s bonne r\u00e9sistance aux rayons UV, aux produits chimiques et \u00e0 l'humidit\u00e9.\",\"breadcrumb\":{\"@id\":\"https:\\\/\\\/cardinal-tapes.com\\\/fr\\\/rubans-adh\u00e9sifs\\\/domaines-dapplication\\\/production-daluminium-traitement\\\/ruban-adhesif-de-transfert-orabond-1375\\\/#breadcrumb\"},\"inLanguage\":\"fr-FR\",\"potentialAction\":[{\"@type\":\"ReadAction\",\"target\":[\"https:\\\/\\\/cardinal-tapes.com\\\/fr\\\/rubans-adh\u00e9sifs\\\/domaines-dapplication\\\/production-daluminium-traitement\\\/ruban-adhesif-de-transfert-orabond-1375\\\/\"]}]},{\"@type\":\"ImageObject\",\"inLanguage\":\"fr-FR\",\"@id\":\"https:\\\/\\\/cardinal-tapes.com\\\/fr\\\/rubans-adh\u00e9sifs\\\/domaines-dapplication\\\/production-daluminium-traitement\\\/ruban-adhesif-de-transfert-orabond-1375\\\/#primaryimage\",\"url\":\"https:\\\/\\\/cardinal-tapes.com\\\/wp-content\\\/uploads\\\/1375_1377-scaled.jpg\",\"contentUrl\":\"https:\\\/\\\/cardinal-tapes.com\\\/wp-content\\\/uploads\\\/1375_1377-scaled.jpg\",\"width\":2560,\"height\":1707},{\"@type\":\"BreadcrumbList\",\"@id\":\"https:\\\/\\\/cardinal-tapes.com\\\/fr\\\/rubans-adh\u00e9sifs\\\/domaines-dapplication\\\/production-daluminium-traitement\\\/ruban-adhesif-de-transfert-orabond-1375\\\/#breadcrumb\",\"itemListElement\":[{\"@type\":\"ListItem\",\"position\":1,\"name\":\"Startseite\",\"item\":\"https:\\\/\\\/cardinal-tapes.com\\\/fr\\\/accueil\\\/\"},{\"@type\":\"ListItem\",\"position\":2,\"name\":\"Rubans adh\u00e9sifs\",\"item\":\"https:\\\/\\\/cardinal-tapes.com\\\/fr\\\/rubans-adhesifs-fr\\\/\"},{\"@type\":\"ListItem\",\"position\":3,\"name\":\"Domaines d&#039;application\",\"item\":\"https:\\\/\\\/cardinal-tapes.com\\\/fr\\\/catgorie\\\/domaines-dapplication\\\/\"},{\"@type\":\"ListItem\",\"position\":4,\"name\":\"Production d&#039;aluminium \\\/ traitement\",\"item\":\"https:\\\/\\\/cardinal-tapes.com\\\/fr\\\/catgorie\\\/production-daluminium-traitement\\\/\"},{\"@type\":\"ListItem\",\"position\":5,\"name\":\"ORABOND\u00ae 1375 Ruban adh\u00e9sif de transfert\"}]},{\"@type\":\"WebSite\",\"@id\":\"https:\\\/\\\/cardinal-tapes.com\\\/#website\",\"url\":\"https:\\\/\\\/cardinal-tapes.com\\\/\",\"name\":\"cardinal TAPES\",\"description\":\"Klebetechnik aus Wuppertal\",\"potentialAction\":[{\"@type\":\"SearchAction\",\"target\":{\"@type\":\"EntryPoint\",\"urlTemplate\":\"https:\\\/\\\/cardinal-tapes.com\\\/?s={search_term_string}\"},\"query-input\":{\"@type\":\"PropertyValueSpecification\",\"valueRequired\":true,\"valueName\":\"search_term_string\"}}],\"inLanguage\":\"fr-FR\"}]}<\/script>\n<!-- \/ Yoast SEO plugin. -->","yoast_head_json":{"title":"ORABOND\u00ae 1375 Ruban adh\u00e9sif de transfert | Cardinal TAPES","description":"Orabond 1375 est compos\u00e9 d'une colle acrylique pure qui pr\u00e9sente une tr\u00e8s bonne r\u00e9sistance aux rayons UV, aux produits chimiques et \u00e0 l'humidit\u00e9.","robots":{"index":"index","follow":"follow","max-snippet":"max-snippet:-1","max-image-preview":"max-image-preview:large","max-video-preview":"max-video-preview:-1"},"canonical":"https:\/\/cardinal-tapes.com\/fr\/rubans-adh\u00e9sifs\/domaines-dapplication\/production-daluminium-traitement\/ruban-adhesif-de-transfert-orabond-1375\/","og_locale":"fr_FR","og_type":"article","og_title":"ORABOND\u00ae 1375 Ruban adh\u00e9sif de transfert | Cardinal TAPES","og_description":"Orabond 1375 est compos\u00e9 d'une colle acrylique pure qui pr\u00e9sente une tr\u00e8s bonne r\u00e9sistance aux rayons UV, aux produits chimiques et \u00e0 l'humidit\u00e9.","og_url":"https:\/\/cardinal-tapes.com\/fr\/rubans-adh\u00e9sifs\/domaines-dapplication\/production-daluminium-traitement\/ruban-adhesif-de-transfert-orabond-1375\/","og_site_name":"cardinal TAPES","article_modified_time":"2025-07-01T14:03:27+00:00","og_image":[{"width":2560,"height":1707,"url":"https:\/\/cardinal-tapes.com\/wp-content\/uploads\/1375_1377-scaled.jpg","type":"image\/jpeg"}],"twitter_card":"summary_large_image","twitter_misc":{"Dur\u00e9e de lecture estim\u00e9e":"1 minute"},"schema":{"@context":"https:\/\/schema.org","@graph":[{"@type":"WebPage","@id":"https:\/\/cardinal-tapes.com\/fr\/rubans-adh\u00e9sifs\/domaines-dapplication\/production-daluminium-traitement\/ruban-adhesif-de-transfert-orabond-1375\/","url":"https:\/\/cardinal-tapes.com\/fr\/rubans-adh\u00e9sifs\/domaines-dapplication\/production-daluminium-traitement\/ruban-adhesif-de-transfert-orabond-1375\/","name":"ORABOND\u00ae 1375 Ruban adh\u00e9sif de transfert | Cardinal TAPES","isPartOf":{"@id":"https:\/\/cardinal-tapes.com\/#website"},"primaryImageOfPage":{"@id":"https:\/\/cardinal-tapes.com\/fr\/rubans-adh\u00e9sifs\/domaines-dapplication\/production-daluminium-traitement\/ruban-adhesif-de-transfert-orabond-1375\/#primaryimage"},"image":{"@id":"https:\/\/cardinal-tapes.com\/fr\/rubans-adh\u00e9sifs\/domaines-dapplication\/production-daluminium-traitement\/ruban-adhesif-de-transfert-orabond-1375\/#primaryimage"},"thumbnailUrl":"https:\/\/cardinal-tapes.com\/wp-content\/uploads\/1375_1377-scaled.jpg","datePublished":"2023-06-05T14:47:03+00:00","dateModified":"2025-07-01T14:03:27+00:00","description":"Orabond 1375 est compos\u00e9 d'une colle acrylique pure qui pr\u00e9sente une tr\u00e8s bonne r\u00e9sistance aux rayons UV, aux produits chimiques et \u00e0 l'humidit\u00e9.","breadcrumb":{"@id":"https:\/\/cardinal-tapes.com\/fr\/rubans-adh\u00e9sifs\/domaines-dapplication\/production-daluminium-traitement\/ruban-adhesif-de-transfert-orabond-1375\/#breadcrumb"},"inLanguage":"fr-FR","potentialAction":[{"@type":"ReadAction","target":["https:\/\/cardinal-tapes.com\/fr\/rubans-adh\u00e9sifs\/domaines-dapplication\/production-daluminium-traitement\/ruban-adhesif-de-transfert-orabond-1375\/"]}]},{"@type":"ImageObject","inLanguage":"fr-FR","@id":"https:\/\/cardinal-tapes.com\/fr\/rubans-adh\u00e9sifs\/domaines-dapplication\/production-daluminium-traitement\/ruban-adhesif-de-transfert-orabond-1375\/#primaryimage","url":"https:\/\/cardinal-tapes.com\/wp-content\/uploads\/1375_1377-scaled.jpg","contentUrl":"https:\/\/cardinal-tapes.com\/wp-content\/uploads\/1375_1377-scaled.jpg","width":2560,"height":1707},{"@type":"BreadcrumbList","@id":"https:\/\/cardinal-tapes.com\/fr\/rubans-adh\u00e9sifs\/domaines-dapplication\/production-daluminium-traitement\/ruban-adhesif-de-transfert-orabond-1375\/#breadcrumb","itemListElement":[{"@type":"ListItem","position":1,"name":"Startseite","item":"https:\/\/cardinal-tapes.com\/fr\/accueil\/"},{"@type":"ListItem","position":2,"name":"Rubans adh\u00e9sifs","item":"https:\/\/cardinal-tapes.com\/fr\/rubans-adhesifs-fr\/"},{"@type":"ListItem","position":3,"name":"Domaines d&#039;application","item":"https:\/\/cardinal-tapes.com\/fr\/catgorie\/domaines-dapplication\/"},{"@type":"ListItem","position":4,"name":"Production d&#039;aluminium \/ traitement","item":"https:\/\/cardinal-tapes.com\/fr\/catgorie\/production-daluminium-traitement\/"},{"@type":"ListItem","position":5,"name":"ORABOND\u00ae 1375 Ruban adh\u00e9sif de transfert"}]},{"@type":"WebSite","@id":"https:\/\/cardinal-tapes.com\/#website","url":"https:\/\/cardinal-tapes.com\/","name":"cardinal TAPES","description":"Klebetechnik aus Wuppertal","potentialAction":[{"@type":"SearchAction","target":{"@type":"EntryPoint","urlTemplate":"https:\/\/cardinal-tapes.com\/?s={search_term_string}"},"query-input":{"@type":"PropertyValueSpecification","valueRequired":true,"valueName":"search_term_string"}}],"inLanguage":"fr-FR"}]}},"brands":[{"id":2746,"name":"ORAFOL","slug":"orafol-fr"}],"_links":{"self":[{"href":"https:\/\/cardinal-tapes.com\/fr\/wp-json\/wp\/v2\/product\/38366","targetHints":{"allow":["GET"]}}],"collection":[{"href":"https:\/\/cardinal-tapes.com\/fr\/wp-json\/wp\/v2\/product"}],"about":[{"href":"https:\/\/cardinal-tapes.com\/fr\/wp-json\/wp\/v2\/types\/product"}],"wp:featuredmedia":[{"embeddable":true,"href":"https:\/\/cardinal-tapes.com\/fr\/wp-json\/wp\/v2\/media\/29200"}],"wp:attachment":[{"href":"https:\/\/cardinal-tapes.com\/fr\/wp-json\/wp\/v2\/media?parent=38366"}],"wp:term":[{"taxonomy":"pwb-brand","embeddable":true,"href":"https:\/\/cardinal-tapes.com\/fr\/wp-json\/wp\/v2\/pwb-brand?post=38366"},{"taxonomy":"product_brand","embeddable":true,"href":"https:\/\/cardinal-tapes.com\/fr\/wp-json\/wp\/v2\/product_brand?post=38366"},{"taxonomy":"product_cat","embeddable":true,"href":"https:\/\/cardinal-tapes.com\/fr\/wp-json\/wp\/v2\/product_cat?post=38366"},{"taxonomy":"product_tag","embeddable":true,"href":"https:\/\/cardinal-tapes.com\/fr\/wp-json\/wp\/v2\/product_tag?post=38366"}],"curies":[{"name":"wp","href":"https:\/\/api.w.org\/{rel}","templated":true}]}}