{"id":38364,"date":"2023-02-24T12:56:14","date_gmt":"2023-06-05T14:47:03","guid":{"rendered":"https:\/\/cardinal.pixel-tal.de\/klebebaender\/non class\u00e9\/orabond-1810-ruban-adhesif-en-mousse-pe\/"},"modified":"2023-06-05T16:47:03","modified_gmt":"2023-06-05T14:47:03","slug":"orabond-1810-pe-bande-adhesive-en-mousse","status":"publish","type":"product","link":"https:\/\/cardinal-tapes.com\/fr\/rubans-adh\u00e9sifs\/domaines-dapplication\/bande-de-mousse-pe\/orabond-1810-pe-bande-adhesive-en-mousse\/","title":{"rendered":"ORABOND\u00ae 1810 Ruban adh\u00e9sif en mousse PE"},"content":{"rendered":"<p>Le ruban adh\u00e9sif double face est compos\u00e9 d&#8217;une mousse de poly\u00e9thyl\u00e8ne blanche \u00e0 cellules ferm\u00e9es, enduite des deux c\u00f4t\u00e9s d&#8217;un adh\u00e9sif sensible \u00e0 la pression \u00e0 base d&#8217;acrylate. L&#8217;adh\u00e9sif autocollant garantit une excellente r\u00e9sistance \u00e0 la temp\u00e9rature, une r\u00e9sistance finale \u00e9lev\u00e9e et une r\u00e9sistance aux plastifiants, aux acides, aux bases et aux solvants. Il est \u00e9galement compatible avec les vernis \u00e0 miroir les plus divers.<\/p>\n<p><strong>Domaines d&#8217;application<\/strong><\/p>\n<p>Pour le montage professionnel de miroirs dans l&#8217;industrie du meuble et dans le domaine sanitaire. La surface de ruban adh\u00e9sif recommand\u00e9e pour chaque poids de 1 kg de miroir est d&#8217;au moins 60 cm\u00b2. Collage permanent sur la peau ext\u00e9rieure en aluminium, acier et PRV lors de la fabrication de caisses de camions et de conteneurs. Fixation de plaques signal\u00e9tiques et de plaques de puissance ainsi que de pr\u00e9sentoirs et d&#8217;\u00e9chantillons de produits dans l&#8217;industrie des supports publicitaires. Dans l&#8217;industrie de l&#8217;\u00e9lectrom\u00e9nager et de l&#8217;\u00e9lectronique, pour la fixation de caches et de supports. Am\u00e9nagement de foires et de magasins. Ce produit offre un collage ext\u00e9rieur durable, m\u00eame sur les panneaux en aluminium et en verre, et convient donc \u00e0 la fabrication de panneaux solaires.<\/p>\n","protected":false},"excerpt":{"rendered":"<p>Le ruban adh\u00e9sif double face est compos\u00e9 d&#8217;une mousse de poly\u00e9thyl\u00e8ne blanche \u00e0 cellules ferm\u00e9es, enduite des deux c\u00f4t\u00e9s d&#8217;un adh\u00e9sif sensible \u00e0 la pression \u00e0 base d&#8217;acrylate. L&#8217;adh\u00e9sif autocollant garantit une excellente r\u00e9sistance \u00e0 la temp\u00e9rature, une r\u00e9sistance finale \u00e9lev\u00e9e et une r\u00e9sistance aux plastifiants, aux acides, aux bases et aux solvants. Il est [&hellip;]<\/p>\n","protected":false},"featured_media":29236,"template":"","meta":{"_acf_changed":false},"pwb-brand":[2746],"product_brand":[],"product_cat":[1763,1834],"product_tag":[],"class_list":{"0":"post-38364","1":"product","2":"type-product","3":"status-publish","4":"has-post-thumbnail","6":"pwb-brand-orafol-fr","7":"product_cat-bande-de-mousse-pe","8":"product_cat-rubans-adhesifs-double-face","10":"first","11":"instock","12":"taxable","13":"shipping-taxable","14":"purchasable","15":"product-type-variable"},"acf":[],"yoast_head":"<!-- This site is optimized with the Yoast SEO plugin v27.3 - https:\/\/yoast.com\/product\/yoast-seo-wordpress\/ -->\n<title>ORABOND\u00ae 1810 Ruban adh\u00e9sif en mousse PE | Cardinal TAPES<\/title>\n<meta name=\"description\" content=\"Orabond 1810 se compose d&#039;une mousse de poly\u00e9thyl\u00e8ne blanche \u00e0 cellules ferm\u00e9es, enduite sur les deux faces d&#039;un adh\u00e9sif acrylique sensible \u00e0 la pression.\" \/>\n<meta name=\"robots\" content=\"index, follow, max-snippet:-1, max-image-preview:large, max-video-preview:-1\" \/>\n<link rel=\"canonical\" href=\"https:\/\/cardinal-tapes.com\/fr\/rubans-adh\u00e9sifs\/bande-de-mousse-pe\/orabond-1810-pe-bande-adhesive-en-mousse\/\" \/>\n<meta property=\"og:locale\" content=\"fr_FR\" \/>\n<meta property=\"og:type\" content=\"article\" \/>\n<meta property=\"og:title\" content=\"ORABOND\u00ae 1810 Ruban adh\u00e9sif en mousse PE | Cardinal TAPES\" \/>\n<meta property=\"og:description\" content=\"Orabond 1810 se compose d&#039;une mousse de poly\u00e9thyl\u00e8ne blanche \u00e0 cellules ferm\u00e9es, enduite sur les deux faces d&#039;un adh\u00e9sif acrylique sensible \u00e0 la pression.\" \/>\n<meta property=\"og:url\" content=\"https:\/\/cardinal-tapes.com\/fr\/rubans-adh\u00e9sifs\/bande-de-mousse-pe\/orabond-1810-pe-bande-adhesive-en-mousse\/\" \/>\n<meta property=\"og:site_name\" content=\"cardinal TAPES\" \/>\n<meta property=\"og:image\" content=\"https:\/\/cardinal-tapes.com\/wp-content\/uploads\/1810b-scaled.jpg\" \/>\n\t<meta property=\"og:image:width\" content=\"2560\" \/>\n\t<meta property=\"og:image:height\" content=\"1707\" \/>\n\t<meta property=\"og:image:type\" content=\"image\/jpeg\" \/>\n<meta name=\"twitter:card\" content=\"summary_large_image\" \/>\n<meta name=\"twitter:label1\" content=\"Dur\u00e9e de lecture estim\u00e9e\" \/>\n\t<meta name=\"twitter:data1\" content=\"1 minute\" \/>\n<script type=\"application\/ld+json\" class=\"yoast-schema-graph\">{\"@context\":\"https:\\\/\\\/schema.org\",\"@graph\":[{\"@type\":\"WebPage\",\"@id\":\"https:\\\/\\\/cardinal-tapes.com\\\/fr\\\/rubans-adh\u00e9sifs\\\/bande-de-mousse-pe\\\/orabond-1810-pe-bande-adhesive-en-mousse\\\/\",\"url\":\"https:\\\/\\\/cardinal-tapes.com\\\/fr\\\/rubans-adh\u00e9sifs\\\/bande-de-mousse-pe\\\/orabond-1810-pe-bande-adhesive-en-mousse\\\/\",\"name\":\"ORABOND\u00ae 1810 Ruban adh\u00e9sif en mousse PE | Cardinal TAPES\",\"isPartOf\":{\"@id\":\"https:\\\/\\\/cardinal-tapes.com\\\/#website\"},\"primaryImageOfPage\":{\"@id\":\"https:\\\/\\\/cardinal-tapes.com\\\/fr\\\/rubans-adh\u00e9sifs\\\/bande-de-mousse-pe\\\/orabond-1810-pe-bande-adhesive-en-mousse\\\/#primaryimage\"},\"image\":{\"@id\":\"https:\\\/\\\/cardinal-tapes.com\\\/fr\\\/rubans-adh\u00e9sifs\\\/bande-de-mousse-pe\\\/orabond-1810-pe-bande-adhesive-en-mousse\\\/#primaryimage\"},\"thumbnailUrl\":\"https:\\\/\\\/cardinal-tapes.com\\\/wp-content\\\/uploads\\\/1810b-scaled.jpg\",\"datePublished\":\"2023-06-05T14:47:03+00:00\",\"description\":\"Orabond 1810 se compose d'une mousse de poly\u00e9thyl\u00e8ne blanche \u00e0 cellules ferm\u00e9es, enduite sur les deux faces d'un adh\u00e9sif acrylique sensible \u00e0 la pression.\",\"breadcrumb\":{\"@id\":\"https:\\\/\\\/cardinal-tapes.com\\\/fr\\\/rubans-adh\u00e9sifs\\\/bande-de-mousse-pe\\\/orabond-1810-pe-bande-adhesive-en-mousse\\\/#breadcrumb\"},\"inLanguage\":\"fr-FR\",\"potentialAction\":[{\"@type\":\"ReadAction\",\"target\":[\"https:\\\/\\\/cardinal-tapes.com\\\/fr\\\/rubans-adh\u00e9sifs\\\/bande-de-mousse-pe\\\/orabond-1810-pe-bande-adhesive-en-mousse\\\/\"]}]},{\"@type\":\"ImageObject\",\"inLanguage\":\"fr-FR\",\"@id\":\"https:\\\/\\\/cardinal-tapes.com\\\/fr\\\/rubans-adh\u00e9sifs\\\/bande-de-mousse-pe\\\/orabond-1810-pe-bande-adhesive-en-mousse\\\/#primaryimage\",\"url\":\"https:\\\/\\\/cardinal-tapes.com\\\/wp-content\\\/uploads\\\/1810b-scaled.jpg\",\"contentUrl\":\"https:\\\/\\\/cardinal-tapes.com\\\/wp-content\\\/uploads\\\/1810b-scaled.jpg\",\"width\":2560,\"height\":1707},{\"@type\":\"BreadcrumbList\",\"@id\":\"https:\\\/\\\/cardinal-tapes.com\\\/fr\\\/rubans-adh\u00e9sifs\\\/bande-de-mousse-pe\\\/orabond-1810-pe-bande-adhesive-en-mousse\\\/#breadcrumb\",\"itemListElement\":[{\"@type\":\"ListItem\",\"position\":1,\"name\":\"Startseite\",\"item\":\"https:\\\/\\\/cardinal-tapes.com\\\/fr\\\/accueil\\\/\"},{\"@type\":\"ListItem\",\"position\":2,\"name\":\"Rubans adh\u00e9sifs\",\"item\":\"https:\\\/\\\/cardinal-tapes.com\\\/fr\\\/rubans-adhesifs-fr\\\/\"},{\"@type\":\"ListItem\",\"position\":3,\"name\":\"Bande de mousse PE\",\"item\":\"https:\\\/\\\/cardinal-tapes.com\\\/fr\\\/catgorie\\\/bande-de-mousse-pe\\\/\"},{\"@type\":\"ListItem\",\"position\":4,\"name\":\"ORABOND\u00ae 1810 Ruban adh\u00e9sif en mousse PE\"}]},{\"@type\":\"WebSite\",\"@id\":\"https:\\\/\\\/cardinal-tapes.com\\\/#website\",\"url\":\"https:\\\/\\\/cardinal-tapes.com\\\/\",\"name\":\"cardinal TAPES\",\"description\":\"Klebetechnik aus Wuppertal\",\"potentialAction\":[{\"@type\":\"SearchAction\",\"target\":{\"@type\":\"EntryPoint\",\"urlTemplate\":\"https:\\\/\\\/cardinal-tapes.com\\\/?s={search_term_string}\"},\"query-input\":{\"@type\":\"PropertyValueSpecification\",\"valueRequired\":true,\"valueName\":\"search_term_string\"}}],\"inLanguage\":\"fr-FR\"}]}<\/script>\n<!-- \/ Yoast SEO plugin. -->","yoast_head_json":{"title":"ORABOND\u00ae 1810 Ruban adh\u00e9sif en mousse PE | Cardinal TAPES","description":"Orabond 1810 se compose d'une mousse de poly\u00e9thyl\u00e8ne blanche \u00e0 cellules ferm\u00e9es, enduite sur les deux faces d'un adh\u00e9sif acrylique sensible \u00e0 la pression.","robots":{"index":"index","follow":"follow","max-snippet":"max-snippet:-1","max-image-preview":"max-image-preview:large","max-video-preview":"max-video-preview:-1"},"canonical":"https:\/\/cardinal-tapes.com\/fr\/rubans-adh\u00e9sifs\/bande-de-mousse-pe\/orabond-1810-pe-bande-adhesive-en-mousse\/","og_locale":"fr_FR","og_type":"article","og_title":"ORABOND\u00ae 1810 Ruban adh\u00e9sif en mousse PE | Cardinal TAPES","og_description":"Orabond 1810 se compose d'une mousse de poly\u00e9thyl\u00e8ne blanche \u00e0 cellules ferm\u00e9es, enduite sur les deux faces d'un adh\u00e9sif acrylique sensible \u00e0 la pression.","og_url":"https:\/\/cardinal-tapes.com\/fr\/rubans-adh\u00e9sifs\/bande-de-mousse-pe\/orabond-1810-pe-bande-adhesive-en-mousse\/","og_site_name":"cardinal TAPES","og_image":[{"width":2560,"height":1707,"url":"https:\/\/cardinal-tapes.com\/wp-content\/uploads\/1810b-scaled.jpg","type":"image\/jpeg"}],"twitter_card":"summary_large_image","twitter_misc":{"Dur\u00e9e de lecture estim\u00e9e":"1 minute"},"schema":{"@context":"https:\/\/schema.org","@graph":[{"@type":"WebPage","@id":"https:\/\/cardinal-tapes.com\/fr\/rubans-adh\u00e9sifs\/bande-de-mousse-pe\/orabond-1810-pe-bande-adhesive-en-mousse\/","url":"https:\/\/cardinal-tapes.com\/fr\/rubans-adh\u00e9sifs\/bande-de-mousse-pe\/orabond-1810-pe-bande-adhesive-en-mousse\/","name":"ORABOND\u00ae 1810 Ruban adh\u00e9sif en mousse PE | Cardinal TAPES","isPartOf":{"@id":"https:\/\/cardinal-tapes.com\/#website"},"primaryImageOfPage":{"@id":"https:\/\/cardinal-tapes.com\/fr\/rubans-adh\u00e9sifs\/bande-de-mousse-pe\/orabond-1810-pe-bande-adhesive-en-mousse\/#primaryimage"},"image":{"@id":"https:\/\/cardinal-tapes.com\/fr\/rubans-adh\u00e9sifs\/bande-de-mousse-pe\/orabond-1810-pe-bande-adhesive-en-mousse\/#primaryimage"},"thumbnailUrl":"https:\/\/cardinal-tapes.com\/wp-content\/uploads\/1810b-scaled.jpg","datePublished":"2023-06-05T14:47:03+00:00","description":"Orabond 1810 se compose d'une mousse de poly\u00e9thyl\u00e8ne blanche \u00e0 cellules ferm\u00e9es, enduite sur les deux faces d'un adh\u00e9sif acrylique sensible \u00e0 la pression.","breadcrumb":{"@id":"https:\/\/cardinal-tapes.com\/fr\/rubans-adh\u00e9sifs\/bande-de-mousse-pe\/orabond-1810-pe-bande-adhesive-en-mousse\/#breadcrumb"},"inLanguage":"fr-FR","potentialAction":[{"@type":"ReadAction","target":["https:\/\/cardinal-tapes.com\/fr\/rubans-adh\u00e9sifs\/bande-de-mousse-pe\/orabond-1810-pe-bande-adhesive-en-mousse\/"]}]},{"@type":"ImageObject","inLanguage":"fr-FR","@id":"https:\/\/cardinal-tapes.com\/fr\/rubans-adh\u00e9sifs\/bande-de-mousse-pe\/orabond-1810-pe-bande-adhesive-en-mousse\/#primaryimage","url":"https:\/\/cardinal-tapes.com\/wp-content\/uploads\/1810b-scaled.jpg","contentUrl":"https:\/\/cardinal-tapes.com\/wp-content\/uploads\/1810b-scaled.jpg","width":2560,"height":1707},{"@type":"BreadcrumbList","@id":"https:\/\/cardinal-tapes.com\/fr\/rubans-adh\u00e9sifs\/bande-de-mousse-pe\/orabond-1810-pe-bande-adhesive-en-mousse\/#breadcrumb","itemListElement":[{"@type":"ListItem","position":1,"name":"Startseite","item":"https:\/\/cardinal-tapes.com\/fr\/accueil\/"},{"@type":"ListItem","position":2,"name":"Rubans adh\u00e9sifs","item":"https:\/\/cardinal-tapes.com\/fr\/rubans-adhesifs-fr\/"},{"@type":"ListItem","position":3,"name":"Bande de mousse PE","item":"https:\/\/cardinal-tapes.com\/fr\/catgorie\/bande-de-mousse-pe\/"},{"@type":"ListItem","position":4,"name":"ORABOND\u00ae 1810 Ruban adh\u00e9sif en mousse PE"}]},{"@type":"WebSite","@id":"https:\/\/cardinal-tapes.com\/#website","url":"https:\/\/cardinal-tapes.com\/","name":"cardinal TAPES","description":"Klebetechnik aus Wuppertal","potentialAction":[{"@type":"SearchAction","target":{"@type":"EntryPoint","urlTemplate":"https:\/\/cardinal-tapes.com\/?s={search_term_string}"},"query-input":{"@type":"PropertyValueSpecification","valueRequired":true,"valueName":"search_term_string"}}],"inLanguage":"fr-FR"}]}},"brands":[{"id":2746,"name":"ORAFOL","slug":"orafol-fr"}],"_links":{"self":[{"href":"https:\/\/cardinal-tapes.com\/fr\/wp-json\/wp\/v2\/product\/38364","targetHints":{"allow":["GET"]}}],"collection":[{"href":"https:\/\/cardinal-tapes.com\/fr\/wp-json\/wp\/v2\/product"}],"about":[{"href":"https:\/\/cardinal-tapes.com\/fr\/wp-json\/wp\/v2\/types\/product"}],"wp:featuredmedia":[{"embeddable":true,"href":"https:\/\/cardinal-tapes.com\/fr\/wp-json\/wp\/v2\/media\/29236"}],"wp:attachment":[{"href":"https:\/\/cardinal-tapes.com\/fr\/wp-json\/wp\/v2\/media?parent=38364"}],"wp:term":[{"taxonomy":"pwb-brand","embeddable":true,"href":"https:\/\/cardinal-tapes.com\/fr\/wp-json\/wp\/v2\/pwb-brand?post=38364"},{"taxonomy":"product_brand","embeddable":true,"href":"https:\/\/cardinal-tapes.com\/fr\/wp-json\/wp\/v2\/product_brand?post=38364"},{"taxonomy":"product_cat","embeddable":true,"href":"https:\/\/cardinal-tapes.com\/fr\/wp-json\/wp\/v2\/product_cat?post=38364"},{"taxonomy":"product_tag","embeddable":true,"href":"https:\/\/cardinal-tapes.com\/fr\/wp-json\/wp\/v2\/product_tag?post=38364"}],"curies":[{"name":"wp","href":"https:\/\/api.w.org\/{rel}","templated":true}]}}