{"id":38363,"date":"2023-03-09T15:33:53","date_gmt":"2023-06-05T14:47:03","guid":{"rendered":"https:\/\/cardinal.pixel-tal.de\/klebebaender\/non class\u00e9\/tesa-4831-ruban-de-masquage-sans-silicone\/"},"modified":"2023-06-05T16:47:03","modified_gmt":"2023-06-05T14:47:03","slug":"tesa-4831-ruban-de-masquage-sans-silicone","status":"publish","type":"product","link":"https:\/\/cardinal-tapes.com\/fr\/rubans-adh\u00e9sifs\/rubans-adhesifs-simple-face\/film-pet\/tesa-4831-ruban-de-masquage-sans-silicone\/","title":{"rendered":"tesa\u00ae 4831 ruban de masquage sans silicone"},"content":{"rendered":"<p><span class=\"lowercase\">tesa\u00ae<\/span>4831 ruban de masquage sans silicone peut r\u00e9sister \u00e0 de fortes pressions et \u00e0 des temp\u00e9ratures \u00e9lev\u00e9es, jusqu&#8217;\u00e0 180 \u00b0C. Le support robuste est un lamin\u00e9 de film PET et d&#8217;\u00e9toffe non tiss\u00e9e qui r\u00e9siste sans probl\u00e8me \u00e0 ces temp\u00e9ratures et produit des bords color\u00e9s pr\u00e9cis. La manipulation s\u00fbre est \u00e9galement garantie, car le ruban adh\u00e9sif se distingue par sa grande r\u00e9sistance \u00e0 la d\u00e9chirure et sa facilit\u00e9 d&#8217;utilisation par les doigts. L&#8217;adh\u00e9sif sans silicone offre une excellente adh\u00e9rence sur les surfaces rugueuses. Il ne provoque pas d&#8217;images fant\u00f4mes ou d&#8217;effets de d\u00e9coloration sur diff\u00e9rentes surfaces et vous aide \u00e0 obtenir des r\u00e9sultats satisfaisants.<\/p>\n<p>Les contaminations crois\u00e9es dans les zones de production ont pour cons\u00e9quence que les processus suivants ne peuvent pas \u00eatre r\u00e9alis\u00e9s sans traitement suppl\u00e9mentaire. Il est toutefois possible d&#8217;\u00e9viter des travaux de nettoyage qui prennent beaucoup de temps dans l&#8217;ensemble de la production. Le ruban de masquage polyvalent <span class=\"lowercase\">tesa\u00ae<\/span>4831 r\u00e9duit efficacement la n\u00e9cessit\u00e9 de retouches ou le nombre de produits d\u00e9fectueux, ce qui permet d&#8217;\u00e9conomiser du temps et de l&#8217;argent. Il est 100 % exempt de silicones organiques. Une fois l&#8217;\u00e9tape de travail termin\u00e9e, notre ruban adh\u00e9sif peut \u00eatre retir\u00e9 sans laisser de traces, ce qui garantit une s\u00e9curit\u00e9 de production maximale. On peut continuer &#8211; sans travail suppl\u00e9mentaire !<\/p>\n","protected":false},"excerpt":{"rendered":"<p>tesa\u00ae4831 ruban de masquage sans silicone peut r\u00e9sister \u00e0 de fortes pressions et \u00e0 des temp\u00e9ratures \u00e9lev\u00e9es, jusqu&#8217;\u00e0 180 \u00b0C. Le support robuste est un lamin\u00e9 de film PET et d&#8217;\u00e9toffe non tiss\u00e9e qui r\u00e9siste sans probl\u00e8me \u00e0 ces temp\u00e9ratures et produit des bords color\u00e9s pr\u00e9cis. La manipulation s\u00fbre est \u00e9galement garantie, car le ruban [&hellip;]<\/p>\n","protected":false},"featured_media":29212,"template":"","meta":{"_acf_changed":false},"pwb-brand":[2165],"product_brand":[],"product_cat":[1836,1839,1859],"product_tag":[],"class_list":{"0":"post-38363","1":"product","2":"type-product","3":"status-publish","4":"has-post-thumbnail","6":"pwb-brand-tesa-fr","7":"product_cat-rubans-adhesifs-simple-face","8":"product_cat-film-pet","9":"product_cat-systemes-demballage","11":"first","12":"instock","13":"featured","14":"taxable","15":"shipping-taxable","16":"purchasable","17":"product-type-variable"},"acf":[],"yoast_head":"<!-- This site is optimized with the Yoast SEO plugin v27.3 - https:\/\/yoast.com\/product\/yoast-seo-wordpress\/ -->\n<title>tesa\u00ae 4831 ruban de masquage sans silicone | Cardinal TAPES<\/title>\n<meta name=\"description\" content=\"tesa\u00ae 4831 ruban de masquage sans silicone est un lamin\u00e9 de film PET et d&#039;\u00e9toffe non tiss\u00e9e qui peut r\u00e9sister \u00e0 de fortes pressions et \u00e0 des temp\u00e9ratures allant jusqu&#039;\u00e0 180 \u00b0C. Il peut \u00e9galement \u00eatre utilis\u00e9 pour masquer des objets de valeur.\" \/>\n<meta name=\"robots\" content=\"index, follow, max-snippet:-1, max-image-preview:large, max-video-preview:-1\" \/>\n<link rel=\"canonical\" href=\"https:\/\/cardinal-tapes.com\/fr\/rubans-adh\u00e9sifs\/rubans-adhesifs-simple-face\/tesa-4831-ruban-de-masquage-sans-silicone\/\" \/>\n<meta property=\"og:locale\" content=\"fr_FR\" \/>\n<meta property=\"og:type\" content=\"article\" \/>\n<meta property=\"og:title\" content=\"tesa\u00ae 4831 ruban de masquage sans silicone | Cardinal TAPES\" \/>\n<meta property=\"og:description\" content=\"tesa\u00ae 4831 ruban de masquage sans silicone est un lamin\u00e9 de film PET et d&#039;\u00e9toffe non tiss\u00e9e qui peut r\u00e9sister \u00e0 de fortes pressions et \u00e0 des temp\u00e9ratures allant jusqu&#039;\u00e0 180 \u00b0C. Il peut \u00e9galement \u00eatre utilis\u00e9 pour masquer des objets de valeur.\" \/>\n<meta property=\"og:url\" content=\"https:\/\/cardinal-tapes.com\/fr\/rubans-adh\u00e9sifs\/rubans-adhesifs-simple-face\/tesa-4831-ruban-de-masquage-sans-silicone\/\" \/>\n<meta property=\"og:site_name\" content=\"cardinal TAPES\" \/>\n<meta property=\"og:image\" content=\"https:\/\/cardinal-tapes.com\/wp-content\/uploads\/tesa-4831-048310000000-pr10795894_padded1x1_9.webp\" \/>\n\t<meta property=\"og:image:width\" content=\"928\" \/>\n\t<meta property=\"og:image:height\" content=\"928\" \/>\n\t<meta property=\"og:image:type\" content=\"image\/webp\" \/>\n<meta name=\"twitter:card\" content=\"summary_large_image\" \/>\n<meta name=\"twitter:label1\" content=\"Dur\u00e9e de lecture estim\u00e9e\" \/>\n\t<meta name=\"twitter:data1\" content=\"1 minute\" \/>\n<script type=\"application\/ld+json\" class=\"yoast-schema-graph\">{\"@context\":\"https:\\\/\\\/schema.org\",\"@graph\":[{\"@type\":\"WebPage\",\"@id\":\"https:\\\/\\\/cardinal-tapes.com\\\/fr\\\/rubans-adh\u00e9sifs\\\/rubans-adhesifs-simple-face\\\/tesa-4831-ruban-de-masquage-sans-silicone\\\/\",\"url\":\"https:\\\/\\\/cardinal-tapes.com\\\/fr\\\/rubans-adh\u00e9sifs\\\/rubans-adhesifs-simple-face\\\/tesa-4831-ruban-de-masquage-sans-silicone\\\/\",\"name\":\"tesa\u00ae 4831 ruban de masquage sans silicone | Cardinal TAPES\",\"isPartOf\":{\"@id\":\"https:\\\/\\\/cardinal-tapes.com\\\/#website\"},\"primaryImageOfPage\":{\"@id\":\"https:\\\/\\\/cardinal-tapes.com\\\/fr\\\/rubans-adh\u00e9sifs\\\/rubans-adhesifs-simple-face\\\/tesa-4831-ruban-de-masquage-sans-silicone\\\/#primaryimage\"},\"image\":{\"@id\":\"https:\\\/\\\/cardinal-tapes.com\\\/fr\\\/rubans-adh\u00e9sifs\\\/rubans-adhesifs-simple-face\\\/tesa-4831-ruban-de-masquage-sans-silicone\\\/#primaryimage\"},\"thumbnailUrl\":\"https:\\\/\\\/cardinal-tapes.com\\\/wp-content\\\/uploads\\\/tesa-4831-048310000000-pr10795894_padded1x1_9.webp\",\"datePublished\":\"2023-06-05T14:47:03+00:00\",\"description\":\"tesa\u00ae 4831 ruban de masquage sans silicone est un lamin\u00e9 de film PET et d'\u00e9toffe non tiss\u00e9e qui peut r\u00e9sister \u00e0 de fortes pressions et \u00e0 des temp\u00e9ratures allant jusqu'\u00e0 180 \u00b0C. Il peut \u00e9galement \u00eatre utilis\u00e9 pour masquer des objets de valeur.\",\"breadcrumb\":{\"@id\":\"https:\\\/\\\/cardinal-tapes.com\\\/fr\\\/rubans-adh\u00e9sifs\\\/rubans-adhesifs-simple-face\\\/tesa-4831-ruban-de-masquage-sans-silicone\\\/#breadcrumb\"},\"inLanguage\":\"fr-FR\",\"potentialAction\":[{\"@type\":\"ReadAction\",\"target\":[\"https:\\\/\\\/cardinal-tapes.com\\\/fr\\\/rubans-adh\u00e9sifs\\\/rubans-adhesifs-simple-face\\\/tesa-4831-ruban-de-masquage-sans-silicone\\\/\"]}]},{\"@type\":\"ImageObject\",\"inLanguage\":\"fr-FR\",\"@id\":\"https:\\\/\\\/cardinal-tapes.com\\\/fr\\\/rubans-adh\u00e9sifs\\\/rubans-adhesifs-simple-face\\\/tesa-4831-ruban-de-masquage-sans-silicone\\\/#primaryimage\",\"url\":\"https:\\\/\\\/cardinal-tapes.com\\\/wp-content\\\/uploads\\\/tesa-4831-048310000000-pr10795894_padded1x1_9.webp\",\"contentUrl\":\"https:\\\/\\\/cardinal-tapes.com\\\/wp-content\\\/uploads\\\/tesa-4831-048310000000-pr10795894_padded1x1_9.webp\",\"width\":928,\"height\":928},{\"@type\":\"BreadcrumbList\",\"@id\":\"https:\\\/\\\/cardinal-tapes.com\\\/fr\\\/rubans-adh\u00e9sifs\\\/rubans-adhesifs-simple-face\\\/tesa-4831-ruban-de-masquage-sans-silicone\\\/#breadcrumb\",\"itemListElement\":[{\"@type\":\"ListItem\",\"position\":1,\"name\":\"Startseite\",\"item\":\"https:\\\/\\\/cardinal-tapes.com\\\/fr\\\/accueil\\\/\"},{\"@type\":\"ListItem\",\"position\":2,\"name\":\"Rubans adh\u00e9sifs\",\"item\":\"https:\\\/\\\/cardinal-tapes.com\\\/fr\\\/rubans-adhesifs-fr\\\/\"},{\"@type\":\"ListItem\",\"position\":3,\"name\":\"Rubans adh\u00e9sifs simple face\",\"item\":\"https:\\\/\\\/cardinal-tapes.com\\\/fr\\\/catgorie\\\/rubans-adhesifs-simple-face\\\/\"},{\"@type\":\"ListItem\",\"position\":4,\"name\":\"tesa\u00ae 4831 ruban de masquage sans silicone\"}]},{\"@type\":\"WebSite\",\"@id\":\"https:\\\/\\\/cardinal-tapes.com\\\/#website\",\"url\":\"https:\\\/\\\/cardinal-tapes.com\\\/\",\"name\":\"cardinal TAPES\",\"description\":\"Klebetechnik aus Wuppertal\",\"potentialAction\":[{\"@type\":\"SearchAction\",\"target\":{\"@type\":\"EntryPoint\",\"urlTemplate\":\"https:\\\/\\\/cardinal-tapes.com\\\/?s={search_term_string}\"},\"query-input\":{\"@type\":\"PropertyValueSpecification\",\"valueRequired\":true,\"valueName\":\"search_term_string\"}}],\"inLanguage\":\"fr-FR\"}]}<\/script>\n<!-- \/ Yoast SEO plugin. -->","yoast_head_json":{"title":"tesa\u00ae 4831 ruban de masquage sans silicone | Cardinal TAPES","description":"tesa\u00ae 4831 ruban de masquage sans silicone est un lamin\u00e9 de film PET et d'\u00e9toffe non tiss\u00e9e qui peut r\u00e9sister \u00e0 de fortes pressions et \u00e0 des temp\u00e9ratures allant jusqu'\u00e0 180 \u00b0C. Il peut \u00e9galement \u00eatre utilis\u00e9 pour masquer des objets de valeur.","robots":{"index":"index","follow":"follow","max-snippet":"max-snippet:-1","max-image-preview":"max-image-preview:large","max-video-preview":"max-video-preview:-1"},"canonical":"https:\/\/cardinal-tapes.com\/fr\/rubans-adh\u00e9sifs\/rubans-adhesifs-simple-face\/tesa-4831-ruban-de-masquage-sans-silicone\/","og_locale":"fr_FR","og_type":"article","og_title":"tesa\u00ae 4831 ruban de masquage sans silicone | Cardinal TAPES","og_description":"tesa\u00ae 4831 ruban de masquage sans silicone est un lamin\u00e9 de film PET et d'\u00e9toffe non tiss\u00e9e qui peut r\u00e9sister \u00e0 de fortes pressions et \u00e0 des temp\u00e9ratures allant jusqu'\u00e0 180 \u00b0C. Il peut \u00e9galement \u00eatre utilis\u00e9 pour masquer des objets de valeur.","og_url":"https:\/\/cardinal-tapes.com\/fr\/rubans-adh\u00e9sifs\/rubans-adhesifs-simple-face\/tesa-4831-ruban-de-masquage-sans-silicone\/","og_site_name":"cardinal TAPES","og_image":[{"width":928,"height":928,"url":"https:\/\/cardinal-tapes.com\/wp-content\/uploads\/tesa-4831-048310000000-pr10795894_padded1x1_9.webp","type":"image\/webp"}],"twitter_card":"summary_large_image","twitter_misc":{"Dur\u00e9e de lecture estim\u00e9e":"1 minute"},"schema":{"@context":"https:\/\/schema.org","@graph":[{"@type":"WebPage","@id":"https:\/\/cardinal-tapes.com\/fr\/rubans-adh\u00e9sifs\/rubans-adhesifs-simple-face\/tesa-4831-ruban-de-masquage-sans-silicone\/","url":"https:\/\/cardinal-tapes.com\/fr\/rubans-adh\u00e9sifs\/rubans-adhesifs-simple-face\/tesa-4831-ruban-de-masquage-sans-silicone\/","name":"tesa\u00ae 4831 ruban de masquage sans silicone | Cardinal TAPES","isPartOf":{"@id":"https:\/\/cardinal-tapes.com\/#website"},"primaryImageOfPage":{"@id":"https:\/\/cardinal-tapes.com\/fr\/rubans-adh\u00e9sifs\/rubans-adhesifs-simple-face\/tesa-4831-ruban-de-masquage-sans-silicone\/#primaryimage"},"image":{"@id":"https:\/\/cardinal-tapes.com\/fr\/rubans-adh\u00e9sifs\/rubans-adhesifs-simple-face\/tesa-4831-ruban-de-masquage-sans-silicone\/#primaryimage"},"thumbnailUrl":"https:\/\/cardinal-tapes.com\/wp-content\/uploads\/tesa-4831-048310000000-pr10795894_padded1x1_9.webp","datePublished":"2023-06-05T14:47:03+00:00","description":"tesa\u00ae 4831 ruban de masquage sans silicone est un lamin\u00e9 de film PET et d'\u00e9toffe non tiss\u00e9e qui peut r\u00e9sister \u00e0 de fortes pressions et \u00e0 des temp\u00e9ratures allant jusqu'\u00e0 180 \u00b0C. Il peut \u00e9galement \u00eatre utilis\u00e9 pour masquer des objets de valeur.","breadcrumb":{"@id":"https:\/\/cardinal-tapes.com\/fr\/rubans-adh\u00e9sifs\/rubans-adhesifs-simple-face\/tesa-4831-ruban-de-masquage-sans-silicone\/#breadcrumb"},"inLanguage":"fr-FR","potentialAction":[{"@type":"ReadAction","target":["https:\/\/cardinal-tapes.com\/fr\/rubans-adh\u00e9sifs\/rubans-adhesifs-simple-face\/tesa-4831-ruban-de-masquage-sans-silicone\/"]}]},{"@type":"ImageObject","inLanguage":"fr-FR","@id":"https:\/\/cardinal-tapes.com\/fr\/rubans-adh\u00e9sifs\/rubans-adhesifs-simple-face\/tesa-4831-ruban-de-masquage-sans-silicone\/#primaryimage","url":"https:\/\/cardinal-tapes.com\/wp-content\/uploads\/tesa-4831-048310000000-pr10795894_padded1x1_9.webp","contentUrl":"https:\/\/cardinal-tapes.com\/wp-content\/uploads\/tesa-4831-048310000000-pr10795894_padded1x1_9.webp","width":928,"height":928},{"@type":"BreadcrumbList","@id":"https:\/\/cardinal-tapes.com\/fr\/rubans-adh\u00e9sifs\/rubans-adhesifs-simple-face\/tesa-4831-ruban-de-masquage-sans-silicone\/#breadcrumb","itemListElement":[{"@type":"ListItem","position":1,"name":"Startseite","item":"https:\/\/cardinal-tapes.com\/fr\/accueil\/"},{"@type":"ListItem","position":2,"name":"Rubans adh\u00e9sifs","item":"https:\/\/cardinal-tapes.com\/fr\/rubans-adhesifs-fr\/"},{"@type":"ListItem","position":3,"name":"Rubans adh\u00e9sifs simple face","item":"https:\/\/cardinal-tapes.com\/fr\/catgorie\/rubans-adhesifs-simple-face\/"},{"@type":"ListItem","position":4,"name":"tesa\u00ae 4831 ruban de masquage sans silicone"}]},{"@type":"WebSite","@id":"https:\/\/cardinal-tapes.com\/#website","url":"https:\/\/cardinal-tapes.com\/","name":"cardinal TAPES","description":"Klebetechnik aus Wuppertal","potentialAction":[{"@type":"SearchAction","target":{"@type":"EntryPoint","urlTemplate":"https:\/\/cardinal-tapes.com\/?s={search_term_string}"},"query-input":{"@type":"PropertyValueSpecification","valueRequired":true,"valueName":"search_term_string"}}],"inLanguage":"fr-FR"}]}},"brands":[{"id":2165,"name":"tesa","slug":"tesa-fr"}],"_links":{"self":[{"href":"https:\/\/cardinal-tapes.com\/fr\/wp-json\/wp\/v2\/product\/38363","targetHints":{"allow":["GET"]}}],"collection":[{"href":"https:\/\/cardinal-tapes.com\/fr\/wp-json\/wp\/v2\/product"}],"about":[{"href":"https:\/\/cardinal-tapes.com\/fr\/wp-json\/wp\/v2\/types\/product"}],"wp:featuredmedia":[{"embeddable":true,"href":"https:\/\/cardinal-tapes.com\/fr\/wp-json\/wp\/v2\/media\/29212"}],"wp:attachment":[{"href":"https:\/\/cardinal-tapes.com\/fr\/wp-json\/wp\/v2\/media?parent=38363"}],"wp:term":[{"taxonomy":"pwb-brand","embeddable":true,"href":"https:\/\/cardinal-tapes.com\/fr\/wp-json\/wp\/v2\/pwb-brand?post=38363"},{"taxonomy":"product_brand","embeddable":true,"href":"https:\/\/cardinal-tapes.com\/fr\/wp-json\/wp\/v2\/product_brand?post=38363"},{"taxonomy":"product_cat","embeddable":true,"href":"https:\/\/cardinal-tapes.com\/fr\/wp-json\/wp\/v2\/product_cat?post=38363"},{"taxonomy":"product_tag","embeddable":true,"href":"https:\/\/cardinal-tapes.com\/fr\/wp-json\/wp\/v2\/product_tag?post=38363"}],"curies":[{"name":"wp","href":"https:\/\/api.w.org\/{rel}","templated":true}]}}