{"id":38168,"date":"2023-03-16T09:18:12","date_gmt":"2023-03-16T08:18:12","guid":{"rendered":"https:\/\/cardinal.pixel-tal.de\/klebebaender\/non class\u00e9\/orabond-1360-se-ruban-adhesif-tisse\/"},"modified":"2023-06-05T16:42:52","modified_gmt":"2023-06-05T14:42:52","slug":"orabond-1360-se-bande-adhesive-en-tissu","status":"publish","type":"product","link":"https:\/\/cardinal-tapes.com\/fr\/rubans-adh\u00e9sifs\/domaines-dapplication\/industrie-des-matieres-plastiques\/orabond-1360-se-bande-adhesive-en-tissu\/","title":{"rendered":"ORABOND\u00ae 1360 SE Ruban adh\u00e9sif tiss\u00e9"},"content":{"rendered":"<p>Le ruban adh\u00e9sif double face se compose d&#8217;un support en tissu sp\u00e9cial, enduit sur les deux faces d&#8217;un adh\u00e9sif acrylique sensible \u00e0 la pression. Cette colle de contact est r\u00e9sistante au vieillissement et, dans une large mesure, aux plastifiants, et elle est difficilement inflammable ou auto-extinguible en cas d&#8217;incendie.<br \/>\nOrabond 1360 SE est conforme \u00e0 la norme FAR 25.853 App. F. test\u00e9.<\/p>\n<p><strong>Champ d&#8217;application<\/strong><\/p>\n<p>Le ruban de pose sp\u00e9cial double face est utilis\u00e9 pour les collages commerciaux et industriels dans l&#8217;industrie a\u00e9ronautique et la construction navale.<\/p>\n","protected":false},"excerpt":{"rendered":"<p>Le ruban adh\u00e9sif double face se compose d&#8217;un support en tissu sp\u00e9cial, enduit sur les deux faces d&#8217;un adh\u00e9sif acrylique sensible \u00e0 la pression. Cette colle de contact est r\u00e9sistante au vieillissement et, dans une large mesure, aux plastifiants, et elle est difficilement inflammable ou auto-extinguible en cas d&#8217;incendie. Orabond 1360 SE est conforme \u00e0 [&hellip;]<\/p>\n","protected":false},"featured_media":29244,"template":"","meta":{"_acf_changed":false},"pwb-brand":[2746],"product_brand":[],"product_cat":[1738,1771,1834],"product_tag":[],"class_list":{"0":"post-38168","1":"product","2":"type-product","3":"status-publish","4":"has-post-thumbnail","6":"pwb-brand-orafol-fr","7":"product_cat-industrie-des-matieres-plastiques","8":"product_cat-ruban-adhesif-de-transfert","9":"product_cat-rubans-adhesifs-double-face","11":"first","12":"instock","13":"taxable","14":"shipping-taxable","15":"purchasable","16":"product-type-variable"},"acf":[],"yoast_head":"<!-- This site is optimized with the Yoast SEO plugin v27.3 - https:\/\/yoast.com\/product\/yoast-seo-wordpress\/ -->\n<title>ORABOND\u00ae 1360 SE Bande adh\u00e9sive tiss\u00e9e | Cardinal TAPES<\/title>\n<meta name=\"description\" content=\"Le ruban adh\u00e9sif double face se compose d&#039;un support en tissu sp\u00e9cial, enduit sur les deux faces d&#039;un adh\u00e9sif acrylique sensible \u00e0 la pression.\" \/>\n<meta name=\"robots\" content=\"index, follow, max-snippet:-1, max-image-preview:large, max-video-preview:-1\" \/>\n<link rel=\"canonical\" href=\"https:\/\/cardinal-tapes.com\/fr\/rubans-adh\u00e9sifs\/domaines-dapplication\/industrie-des-matieres-plastiques\/orabond-1360-se-bande-adhesive-en-tissu\/\" \/>\n<meta property=\"og:locale\" content=\"fr_FR\" \/>\n<meta property=\"og:type\" content=\"article\" \/>\n<meta property=\"og:title\" content=\"ORABOND\u00ae 1360 SE Bande adh\u00e9sive tiss\u00e9e | Cardinal TAPES\" \/>\n<meta property=\"og:description\" content=\"Le ruban adh\u00e9sif double face se compose d&#039;un support en tissu sp\u00e9cial, enduit sur les deux faces d&#039;un adh\u00e9sif acrylique sensible \u00e0 la pression.\" \/>\n<meta property=\"og:url\" content=\"https:\/\/cardinal-tapes.com\/fr\/rubans-adh\u00e9sifs\/domaines-dapplication\/industrie-des-matieres-plastiques\/orabond-1360-se-bande-adhesive-en-tissu\/\" \/>\n<meta property=\"og:site_name\" content=\"cardinal TAPES\" \/>\n<meta property=\"article:modified_time\" content=\"2023-06-05T14:42:52+00:00\" \/>\n<meta property=\"og:image\" content=\"https:\/\/cardinal-tapes.com\/wp-content\/uploads\/ORABOND-1360SE-1-scaled.jpg\" \/>\n\t<meta property=\"og:image:width\" content=\"2560\" \/>\n\t<meta property=\"og:image:height\" content=\"1707\" \/>\n\t<meta property=\"og:image:type\" content=\"image\/jpeg\" \/>\n<meta name=\"twitter:card\" content=\"summary_large_image\" \/>\n<script type=\"application\/ld+json\" class=\"yoast-schema-graph\">{\"@context\":\"https:\\\/\\\/schema.org\",\"@graph\":[{\"@type\":\"WebPage\",\"@id\":\"https:\\\/\\\/cardinal-tapes.com\\\/fr\\\/rubans-adh\u00e9sifs\\\/domaines-dapplication\\\/industrie-des-matieres-plastiques\\\/orabond-1360-se-bande-adhesive-en-tissu\\\/\",\"url\":\"https:\\\/\\\/cardinal-tapes.com\\\/fr\\\/rubans-adh\u00e9sifs\\\/domaines-dapplication\\\/industrie-des-matieres-plastiques\\\/orabond-1360-se-bande-adhesive-en-tissu\\\/\",\"name\":\"ORABOND\u00ae 1360 SE Bande adh\u00e9sive tiss\u00e9e | Cardinal TAPES\",\"isPartOf\":{\"@id\":\"https:\\\/\\\/cardinal-tapes.com\\\/#website\"},\"primaryImageOfPage\":{\"@id\":\"https:\\\/\\\/cardinal-tapes.com\\\/fr\\\/rubans-adh\u00e9sifs\\\/domaines-dapplication\\\/industrie-des-matieres-plastiques\\\/orabond-1360-se-bande-adhesive-en-tissu\\\/#primaryimage\"},\"image\":{\"@id\":\"https:\\\/\\\/cardinal-tapes.com\\\/fr\\\/rubans-adh\u00e9sifs\\\/domaines-dapplication\\\/industrie-des-matieres-plastiques\\\/orabond-1360-se-bande-adhesive-en-tissu\\\/#primaryimage\"},\"thumbnailUrl\":\"https:\\\/\\\/cardinal-tapes.com\\\/wp-content\\\/uploads\\\/ORABOND-1360SE-1-scaled.jpg\",\"datePublished\":\"2023-03-16T08:18:12+00:00\",\"dateModified\":\"2023-06-05T14:42:52+00:00\",\"description\":\"Le ruban adh\u00e9sif double face se compose d'un support en tissu sp\u00e9cial, enduit sur les deux faces d'un adh\u00e9sif acrylique sensible \u00e0 la pression.\",\"breadcrumb\":{\"@id\":\"https:\\\/\\\/cardinal-tapes.com\\\/fr\\\/rubans-adh\u00e9sifs\\\/domaines-dapplication\\\/industrie-des-matieres-plastiques\\\/orabond-1360-se-bande-adhesive-en-tissu\\\/#breadcrumb\"},\"inLanguage\":\"fr-FR\",\"potentialAction\":[{\"@type\":\"ReadAction\",\"target\":[\"https:\\\/\\\/cardinal-tapes.com\\\/fr\\\/rubans-adh\u00e9sifs\\\/domaines-dapplication\\\/industrie-des-matieres-plastiques\\\/orabond-1360-se-bande-adhesive-en-tissu\\\/\"]}]},{\"@type\":\"ImageObject\",\"inLanguage\":\"fr-FR\",\"@id\":\"https:\\\/\\\/cardinal-tapes.com\\\/fr\\\/rubans-adh\u00e9sifs\\\/domaines-dapplication\\\/industrie-des-matieres-plastiques\\\/orabond-1360-se-bande-adhesive-en-tissu\\\/#primaryimage\",\"url\":\"https:\\\/\\\/cardinal-tapes.com\\\/wp-content\\\/uploads\\\/ORABOND-1360SE-1-scaled.jpg\",\"contentUrl\":\"https:\\\/\\\/cardinal-tapes.com\\\/wp-content\\\/uploads\\\/ORABOND-1360SE-1-scaled.jpg\",\"width\":2560,\"height\":1707},{\"@type\":\"BreadcrumbList\",\"@id\":\"https:\\\/\\\/cardinal-tapes.com\\\/fr\\\/rubans-adh\u00e9sifs\\\/domaines-dapplication\\\/industrie-des-matieres-plastiques\\\/orabond-1360-se-bande-adhesive-en-tissu\\\/#breadcrumb\",\"itemListElement\":[{\"@type\":\"ListItem\",\"position\":1,\"name\":\"Startseite\",\"item\":\"https:\\\/\\\/cardinal-tapes.com\\\/fr\\\/accueil\\\/\"},{\"@type\":\"ListItem\",\"position\":2,\"name\":\"Rubans adh\u00e9sifs\",\"item\":\"https:\\\/\\\/cardinal-tapes.com\\\/fr\\\/rubans-adhesifs-fr\\\/\"},{\"@type\":\"ListItem\",\"position\":3,\"name\":\"Doppelseitige Klebeb\u00e4nder\",\"item\":\"https:\\\/\\\/cardinal-tapes.com\\\/kategorie\\\/doppelseitige-klebebaender\\\/\"},{\"@type\":\"ListItem\",\"position\":4,\"name\":\"ORABOND\u00ae 1360 SE Ruban adh\u00e9sif tiss\u00e9\"}]},{\"@type\":\"WebSite\",\"@id\":\"https:\\\/\\\/cardinal-tapes.com\\\/#website\",\"url\":\"https:\\\/\\\/cardinal-tapes.com\\\/\",\"name\":\"cardinal TAPES\",\"description\":\"Klebetechnik aus Wuppertal\",\"potentialAction\":[{\"@type\":\"SearchAction\",\"target\":{\"@type\":\"EntryPoint\",\"urlTemplate\":\"https:\\\/\\\/cardinal-tapes.com\\\/?s={search_term_string}\"},\"query-input\":{\"@type\":\"PropertyValueSpecification\",\"valueRequired\":true,\"valueName\":\"search_term_string\"}}],\"inLanguage\":\"fr-FR\"}]}<\/script>\n<!-- \/ Yoast SEO plugin. -->","yoast_head_json":{"title":"ORABOND\u00ae 1360 SE Bande adh\u00e9sive tiss\u00e9e | Cardinal TAPES","description":"Le ruban adh\u00e9sif double face se compose d'un support en tissu sp\u00e9cial, enduit sur les deux faces d'un adh\u00e9sif acrylique sensible \u00e0 la pression.","robots":{"index":"index","follow":"follow","max-snippet":"max-snippet:-1","max-image-preview":"max-image-preview:large","max-video-preview":"max-video-preview:-1"},"canonical":"https:\/\/cardinal-tapes.com\/fr\/rubans-adh\u00e9sifs\/domaines-dapplication\/industrie-des-matieres-plastiques\/orabond-1360-se-bande-adhesive-en-tissu\/","og_locale":"fr_FR","og_type":"article","og_title":"ORABOND\u00ae 1360 SE Bande adh\u00e9sive tiss\u00e9e | Cardinal TAPES","og_description":"Le ruban adh\u00e9sif double face se compose d'un support en tissu sp\u00e9cial, enduit sur les deux faces d'un adh\u00e9sif acrylique sensible \u00e0 la pression.","og_url":"https:\/\/cardinal-tapes.com\/fr\/rubans-adh\u00e9sifs\/domaines-dapplication\/industrie-des-matieres-plastiques\/orabond-1360-se-bande-adhesive-en-tissu\/","og_site_name":"cardinal TAPES","article_modified_time":"2023-06-05T14:42:52+00:00","og_image":[{"width":2560,"height":1707,"url":"https:\/\/cardinal-tapes.com\/wp-content\/uploads\/ORABOND-1360SE-1-scaled.jpg","type":"image\/jpeg"}],"twitter_card":"summary_large_image","schema":{"@context":"https:\/\/schema.org","@graph":[{"@type":"WebPage","@id":"https:\/\/cardinal-tapes.com\/fr\/rubans-adh\u00e9sifs\/domaines-dapplication\/industrie-des-matieres-plastiques\/orabond-1360-se-bande-adhesive-en-tissu\/","url":"https:\/\/cardinal-tapes.com\/fr\/rubans-adh\u00e9sifs\/domaines-dapplication\/industrie-des-matieres-plastiques\/orabond-1360-se-bande-adhesive-en-tissu\/","name":"ORABOND\u00ae 1360 SE Bande adh\u00e9sive tiss\u00e9e | Cardinal TAPES","isPartOf":{"@id":"https:\/\/cardinal-tapes.com\/#website"},"primaryImageOfPage":{"@id":"https:\/\/cardinal-tapes.com\/fr\/rubans-adh\u00e9sifs\/domaines-dapplication\/industrie-des-matieres-plastiques\/orabond-1360-se-bande-adhesive-en-tissu\/#primaryimage"},"image":{"@id":"https:\/\/cardinal-tapes.com\/fr\/rubans-adh\u00e9sifs\/domaines-dapplication\/industrie-des-matieres-plastiques\/orabond-1360-se-bande-adhesive-en-tissu\/#primaryimage"},"thumbnailUrl":"https:\/\/cardinal-tapes.com\/wp-content\/uploads\/ORABOND-1360SE-1-scaled.jpg","datePublished":"2023-03-16T08:18:12+00:00","dateModified":"2023-06-05T14:42:52+00:00","description":"Le ruban adh\u00e9sif double face se compose d'un support en tissu sp\u00e9cial, enduit sur les deux faces d'un adh\u00e9sif acrylique sensible \u00e0 la pression.","breadcrumb":{"@id":"https:\/\/cardinal-tapes.com\/fr\/rubans-adh\u00e9sifs\/domaines-dapplication\/industrie-des-matieres-plastiques\/orabond-1360-se-bande-adhesive-en-tissu\/#breadcrumb"},"inLanguage":"fr-FR","potentialAction":[{"@type":"ReadAction","target":["https:\/\/cardinal-tapes.com\/fr\/rubans-adh\u00e9sifs\/domaines-dapplication\/industrie-des-matieres-plastiques\/orabond-1360-se-bande-adhesive-en-tissu\/"]}]},{"@type":"ImageObject","inLanguage":"fr-FR","@id":"https:\/\/cardinal-tapes.com\/fr\/rubans-adh\u00e9sifs\/domaines-dapplication\/industrie-des-matieres-plastiques\/orabond-1360-se-bande-adhesive-en-tissu\/#primaryimage","url":"https:\/\/cardinal-tapes.com\/wp-content\/uploads\/ORABOND-1360SE-1-scaled.jpg","contentUrl":"https:\/\/cardinal-tapes.com\/wp-content\/uploads\/ORABOND-1360SE-1-scaled.jpg","width":2560,"height":1707},{"@type":"BreadcrumbList","@id":"https:\/\/cardinal-tapes.com\/fr\/rubans-adh\u00e9sifs\/domaines-dapplication\/industrie-des-matieres-plastiques\/orabond-1360-se-bande-adhesive-en-tissu\/#breadcrumb","itemListElement":[{"@type":"ListItem","position":1,"name":"Startseite","item":"https:\/\/cardinal-tapes.com\/fr\/accueil\/"},{"@type":"ListItem","position":2,"name":"Rubans adh\u00e9sifs","item":"https:\/\/cardinal-tapes.com\/fr\/rubans-adhesifs-fr\/"},{"@type":"ListItem","position":3,"name":"Doppelseitige Klebeb\u00e4nder","item":"https:\/\/cardinal-tapes.com\/kategorie\/doppelseitige-klebebaender\/"},{"@type":"ListItem","position":4,"name":"ORABOND\u00ae 1360 SE Ruban adh\u00e9sif tiss\u00e9"}]},{"@type":"WebSite","@id":"https:\/\/cardinal-tapes.com\/#website","url":"https:\/\/cardinal-tapes.com\/","name":"cardinal TAPES","description":"Klebetechnik aus Wuppertal","potentialAction":[{"@type":"SearchAction","target":{"@type":"EntryPoint","urlTemplate":"https:\/\/cardinal-tapes.com\/?s={search_term_string}"},"query-input":{"@type":"PropertyValueSpecification","valueRequired":true,"valueName":"search_term_string"}}],"inLanguage":"fr-FR"}]}},"brands":[{"id":2746,"name":"ORAFOL","slug":"orafol-fr"}],"_links":{"self":[{"href":"https:\/\/cardinal-tapes.com\/fr\/wp-json\/wp\/v2\/product\/38168","targetHints":{"allow":["GET"]}}],"collection":[{"href":"https:\/\/cardinal-tapes.com\/fr\/wp-json\/wp\/v2\/product"}],"about":[{"href":"https:\/\/cardinal-tapes.com\/fr\/wp-json\/wp\/v2\/types\/product"}],"wp:featuredmedia":[{"embeddable":true,"href":"https:\/\/cardinal-tapes.com\/fr\/wp-json\/wp\/v2\/media\/29244"}],"wp:attachment":[{"href":"https:\/\/cardinal-tapes.com\/fr\/wp-json\/wp\/v2\/media?parent=38168"}],"wp:term":[{"taxonomy":"pwb-brand","embeddable":true,"href":"https:\/\/cardinal-tapes.com\/fr\/wp-json\/wp\/v2\/pwb-brand?post=38168"},{"taxonomy":"product_brand","embeddable":true,"href":"https:\/\/cardinal-tapes.com\/fr\/wp-json\/wp\/v2\/product_brand?post=38168"},{"taxonomy":"product_cat","embeddable":true,"href":"https:\/\/cardinal-tapes.com\/fr\/wp-json\/wp\/v2\/product_cat?post=38168"},{"taxonomy":"product_tag","embeddable":true,"href":"https:\/\/cardinal-tapes.com\/fr\/wp-json\/wp\/v2\/product_tag?post=38168"}],"curies":[{"name":"wp","href":"https:\/\/api.w.org\/{rel}","templated":true}]}}