{"id":38167,"date":"2023-03-10T13:18:35","date_gmt":"2023-06-05T14:42:52","guid":{"rendered":"https:\/\/cardinal.pixel-tal.de\/klebebaender\/non class\u00e9\/orabond-1377-ruban-adhesif-de-transfert\/"},"modified":"2023-06-05T16:42:52","modified_gmt":"2023-06-05T14:42:52","slug":"orabond-1377-bande-adhesive-de-transfert","status":"publish","type":"product","link":"https:\/\/cardinal-tapes.com\/fr\/rubans-adh\u00e9sifs\/domaines-dapplication\/production-daluminium-traitement\/orabond-1377-bande-adhesive-de-transfert\/","title":{"rendered":"ORABOND\u00ae 1377 Ruban adh\u00e9sif de transfert"},"content":{"rendered":"<p>Le ruban adh\u00e9sif de transfert est compos\u00e9 d&#8217;un adh\u00e9sif sensible \u00e0 la pression en acrylate pur tr\u00e8s transparent, qui offre une excellente r\u00e9sistance \u00e0 l&#8217;abrasion.<br \/>\nR\u00e9sistance aux rayons UV, \u00e0 la temp\u00e9rature, aux produits chimiques, aux solvants et \u00e0 l&#8217;humidit\u00e9.<br \/>\nLa colle de transfert \u00e0 haute r\u00e9sistance au cisaillement se caract\u00e9rise par un excellent pouvoir adh\u00e9sif permanent sur les surfaces en m\u00e9tal, en peinture et en plastique.<br \/>\nLes surfaces en plastique \u00e0 haute \u00e9nergie se distinguent par leur r\u00e9sistance \u00e0 l&#8217;usure. Le ruban adh\u00e9sif de transfert est certifi\u00e9 UL 969.<\/p>\n<p><strong>Champ d&#8217;application<\/strong><br \/>\nCe produit convient pour le collage industriel \/ commercial de surfaces rugueuses, structur\u00e9es ou gaufr\u00e9es.<br \/>\nles supports. \u00c9quipement autocollant d&#8217;enseignes de toutes sortes, de d\u00e9corations, de plaques frontales et de pr\u00e9sentoirs pour lesquels il s&#8217;agit de<br \/>\nune tr\u00e8s grande r\u00e9sistance au cisaillement et \u00e0 l&#8217;adh\u00e9sion, ainsi qu&#8217;\u00e0 la temp\u00e9rature.<br \/>\nLors du d\u00e9roulement du mat\u00e9riau en rouleau, l&#8217;adh\u00e9sif de transfert doit \u00eatre retir\u00e9 sur un angle aussi petit que possible.<\/p>\n","protected":false},"excerpt":{"rendered":"<p>Le ruban adh\u00e9sif de transfert est compos\u00e9 d&#8217;un adh\u00e9sif sensible \u00e0 la pression en acrylate pur tr\u00e8s transparent, qui offre une excellente r\u00e9sistance \u00e0 l&#8217;abrasion. R\u00e9sistance aux rayons UV, \u00e0 la temp\u00e9rature, aux produits chimiques, aux solvants et \u00e0 l&#8217;humidit\u00e9. La colle de transfert \u00e0 haute r\u00e9sistance au cisaillement se caract\u00e9rise par un excellent pouvoir [&hellip;]<\/p>\n","protected":false},"featured_media":29200,"template":"","meta":{"_acf_changed":false},"pwb-brand":[2746],"product_brand":[],"product_cat":[1665,1673,1734,1738,1741,1770,1771,1834],"product_tag":[],"class_list":{"0":"post-38167","1":"product","2":"type-product","3":"status-publish","4":"has-post-thumbnail","6":"pwb-brand-orafol-fr","7":"product_cat-production-daluminium-traitement","8":"product_cat-industrie-electrique","9":"product_cat-fabrication-de-films","10":"product_cat-industrie-des-matieres-plastiques","11":"product_cat-construction-de-machines","12":"product_cat-industrie-textile","13":"product_cat-ruban-adhesif-de-transfert","14":"product_cat-rubans-adhesifs-double-face","16":"first","17":"instock","18":"taxable","19":"shipping-taxable","20":"purchasable","21":"product-type-variable"},"acf":[],"yoast_head":"<!-- This site is optimized with the Yoast SEO plugin v27.3 - https:\/\/yoast.com\/product\/yoast-seo-wordpress\/ -->\n<title>ORABOND\u00ae 1377 Ruban adh\u00e9sif de transfert | Cardinal TAPES<\/title>\n<meta name=\"description\" content=\"Orabond 1377 est compos\u00e9 d&#039;une colle acrylique pure qui pr\u00e9sente une tr\u00e8s bonne r\u00e9sistance aux rayons UV, aux produits chimiques et \u00e0 l&#039;humidit\u00e9.\" \/>\n<meta name=\"robots\" content=\"index, follow, max-snippet:-1, max-image-preview:large, max-video-preview:-1\" \/>\n<link rel=\"canonical\" href=\"https:\/\/cardinal-tapes.com\/fr\/rubans-adh\u00e9sifs\/production-daluminium-traitement\/orabond-1377-bande-adhesive-de-transfert\/\" \/>\n<meta property=\"og:locale\" content=\"fr_FR\" \/>\n<meta property=\"og:type\" content=\"article\" \/>\n<meta property=\"og:title\" content=\"ORABOND\u00ae 1377 Ruban adh\u00e9sif de transfert | Cardinal TAPES\" \/>\n<meta property=\"og:description\" content=\"Orabond 1377 est compos\u00e9 d&#039;une colle acrylique pure qui pr\u00e9sente une tr\u00e8s bonne r\u00e9sistance aux rayons UV, aux produits chimiques et \u00e0 l&#039;humidit\u00e9.\" \/>\n<meta property=\"og:url\" content=\"https:\/\/cardinal-tapes.com\/fr\/rubans-adh\u00e9sifs\/production-daluminium-traitement\/orabond-1377-bande-adhesive-de-transfert\/\" \/>\n<meta property=\"og:site_name\" content=\"cardinal TAPES\" \/>\n<meta property=\"og:image\" content=\"https:\/\/cardinal-tapes.com\/wp-content\/uploads\/1375_1377-scaled.jpg\" \/>\n\t<meta property=\"og:image:width\" content=\"2560\" \/>\n\t<meta property=\"og:image:height\" content=\"1707\" \/>\n\t<meta property=\"og:image:type\" content=\"image\/jpeg\" \/>\n<meta name=\"twitter:card\" content=\"summary_large_image\" \/>\n<meta name=\"twitter:label1\" content=\"Dur\u00e9e de lecture estim\u00e9e\" \/>\n\t<meta name=\"twitter:data1\" content=\"1 minute\" \/>\n<script type=\"application\/ld+json\" class=\"yoast-schema-graph\">{\"@context\":\"https:\\\/\\\/schema.org\",\"@graph\":[{\"@type\":\"WebPage\",\"@id\":\"https:\\\/\\\/cardinal-tapes.com\\\/fr\\\/rubans-adh\u00e9sifs\\\/production-daluminium-traitement\\\/orabond-1377-bande-adhesive-de-transfert\\\/\",\"url\":\"https:\\\/\\\/cardinal-tapes.com\\\/fr\\\/rubans-adh\u00e9sifs\\\/production-daluminium-traitement\\\/orabond-1377-bande-adhesive-de-transfert\\\/\",\"name\":\"ORABOND\u00ae 1377 Ruban adh\u00e9sif de transfert | Cardinal TAPES\",\"isPartOf\":{\"@id\":\"https:\\\/\\\/cardinal-tapes.com\\\/#website\"},\"primaryImageOfPage\":{\"@id\":\"https:\\\/\\\/cardinal-tapes.com\\\/fr\\\/rubans-adh\u00e9sifs\\\/production-daluminium-traitement\\\/orabond-1377-bande-adhesive-de-transfert\\\/#primaryimage\"},\"image\":{\"@id\":\"https:\\\/\\\/cardinal-tapes.com\\\/fr\\\/rubans-adh\u00e9sifs\\\/production-daluminium-traitement\\\/orabond-1377-bande-adhesive-de-transfert\\\/#primaryimage\"},\"thumbnailUrl\":\"https:\\\/\\\/cardinal-tapes.com\\\/wp-content\\\/uploads\\\/1375_1377-scaled.jpg\",\"datePublished\":\"2023-06-05T14:42:52+00:00\",\"description\":\"Orabond 1377 est compos\u00e9 d'une colle acrylique pure qui pr\u00e9sente une tr\u00e8s bonne r\u00e9sistance aux rayons UV, aux produits chimiques et \u00e0 l'humidit\u00e9.\",\"breadcrumb\":{\"@id\":\"https:\\\/\\\/cardinal-tapes.com\\\/fr\\\/rubans-adh\u00e9sifs\\\/production-daluminium-traitement\\\/orabond-1377-bande-adhesive-de-transfert\\\/#breadcrumb\"},\"inLanguage\":\"fr-FR\",\"potentialAction\":[{\"@type\":\"ReadAction\",\"target\":[\"https:\\\/\\\/cardinal-tapes.com\\\/fr\\\/rubans-adh\u00e9sifs\\\/production-daluminium-traitement\\\/orabond-1377-bande-adhesive-de-transfert\\\/\"]}]},{\"@type\":\"ImageObject\",\"inLanguage\":\"fr-FR\",\"@id\":\"https:\\\/\\\/cardinal-tapes.com\\\/fr\\\/rubans-adh\u00e9sifs\\\/production-daluminium-traitement\\\/orabond-1377-bande-adhesive-de-transfert\\\/#primaryimage\",\"url\":\"https:\\\/\\\/cardinal-tapes.com\\\/wp-content\\\/uploads\\\/1375_1377-scaled.jpg\",\"contentUrl\":\"https:\\\/\\\/cardinal-tapes.com\\\/wp-content\\\/uploads\\\/1375_1377-scaled.jpg\",\"width\":2560,\"height\":1707},{\"@type\":\"BreadcrumbList\",\"@id\":\"https:\\\/\\\/cardinal-tapes.com\\\/fr\\\/rubans-adh\u00e9sifs\\\/production-daluminium-traitement\\\/orabond-1377-bande-adhesive-de-transfert\\\/#breadcrumb\",\"itemListElement\":[{\"@type\":\"ListItem\",\"position\":1,\"name\":\"Startseite\",\"item\":\"https:\\\/\\\/cardinal-tapes.com\\\/fr\\\/accueil\\\/\"},{\"@type\":\"ListItem\",\"position\":2,\"name\":\"Rubans adh\u00e9sifs\",\"item\":\"https:\\\/\\\/cardinal-tapes.com\\\/fr\\\/rubans-adhesifs-fr\\\/\"},{\"@type\":\"ListItem\",\"position\":3,\"name\":\"Production d&#039;aluminium \\\/ traitement\",\"item\":\"https:\\\/\\\/cardinal-tapes.com\\\/fr\\\/catgorie\\\/production-daluminium-traitement\\\/\"},{\"@type\":\"ListItem\",\"position\":4,\"name\":\"ORABOND\u00ae 1377 Ruban adh\u00e9sif de transfert\"}]},{\"@type\":\"WebSite\",\"@id\":\"https:\\\/\\\/cardinal-tapes.com\\\/#website\",\"url\":\"https:\\\/\\\/cardinal-tapes.com\\\/\",\"name\":\"cardinal TAPES\",\"description\":\"Klebetechnik aus Wuppertal\",\"potentialAction\":[{\"@type\":\"SearchAction\",\"target\":{\"@type\":\"EntryPoint\",\"urlTemplate\":\"https:\\\/\\\/cardinal-tapes.com\\\/?s={search_term_string}\"},\"query-input\":{\"@type\":\"PropertyValueSpecification\",\"valueRequired\":true,\"valueName\":\"search_term_string\"}}],\"inLanguage\":\"fr-FR\"}]}<\/script>\n<!-- \/ Yoast SEO plugin. -->","yoast_head_json":{"title":"ORABOND\u00ae 1377 Ruban adh\u00e9sif de transfert | Cardinal TAPES","description":"Orabond 1377 est compos\u00e9 d'une colle acrylique pure qui pr\u00e9sente une tr\u00e8s bonne r\u00e9sistance aux rayons UV, aux produits chimiques et \u00e0 l'humidit\u00e9.","robots":{"index":"index","follow":"follow","max-snippet":"max-snippet:-1","max-image-preview":"max-image-preview:large","max-video-preview":"max-video-preview:-1"},"canonical":"https:\/\/cardinal-tapes.com\/fr\/rubans-adh\u00e9sifs\/production-daluminium-traitement\/orabond-1377-bande-adhesive-de-transfert\/","og_locale":"fr_FR","og_type":"article","og_title":"ORABOND\u00ae 1377 Ruban adh\u00e9sif de transfert | Cardinal TAPES","og_description":"Orabond 1377 est compos\u00e9 d'une colle acrylique pure qui pr\u00e9sente une tr\u00e8s bonne r\u00e9sistance aux rayons UV, aux produits chimiques et \u00e0 l'humidit\u00e9.","og_url":"https:\/\/cardinal-tapes.com\/fr\/rubans-adh\u00e9sifs\/production-daluminium-traitement\/orabond-1377-bande-adhesive-de-transfert\/","og_site_name":"cardinal TAPES","og_image":[{"width":2560,"height":1707,"url":"https:\/\/cardinal-tapes.com\/wp-content\/uploads\/1375_1377-scaled.jpg","type":"image\/jpeg"}],"twitter_card":"summary_large_image","twitter_misc":{"Dur\u00e9e de lecture estim\u00e9e":"1 minute"},"schema":{"@context":"https:\/\/schema.org","@graph":[{"@type":"WebPage","@id":"https:\/\/cardinal-tapes.com\/fr\/rubans-adh\u00e9sifs\/production-daluminium-traitement\/orabond-1377-bande-adhesive-de-transfert\/","url":"https:\/\/cardinal-tapes.com\/fr\/rubans-adh\u00e9sifs\/production-daluminium-traitement\/orabond-1377-bande-adhesive-de-transfert\/","name":"ORABOND\u00ae 1377 Ruban adh\u00e9sif de transfert | Cardinal TAPES","isPartOf":{"@id":"https:\/\/cardinal-tapes.com\/#website"},"primaryImageOfPage":{"@id":"https:\/\/cardinal-tapes.com\/fr\/rubans-adh\u00e9sifs\/production-daluminium-traitement\/orabond-1377-bande-adhesive-de-transfert\/#primaryimage"},"image":{"@id":"https:\/\/cardinal-tapes.com\/fr\/rubans-adh\u00e9sifs\/production-daluminium-traitement\/orabond-1377-bande-adhesive-de-transfert\/#primaryimage"},"thumbnailUrl":"https:\/\/cardinal-tapes.com\/wp-content\/uploads\/1375_1377-scaled.jpg","datePublished":"2023-06-05T14:42:52+00:00","description":"Orabond 1377 est compos\u00e9 d'une colle acrylique pure qui pr\u00e9sente une tr\u00e8s bonne r\u00e9sistance aux rayons UV, aux produits chimiques et \u00e0 l'humidit\u00e9.","breadcrumb":{"@id":"https:\/\/cardinal-tapes.com\/fr\/rubans-adh\u00e9sifs\/production-daluminium-traitement\/orabond-1377-bande-adhesive-de-transfert\/#breadcrumb"},"inLanguage":"fr-FR","potentialAction":[{"@type":"ReadAction","target":["https:\/\/cardinal-tapes.com\/fr\/rubans-adh\u00e9sifs\/production-daluminium-traitement\/orabond-1377-bande-adhesive-de-transfert\/"]}]},{"@type":"ImageObject","inLanguage":"fr-FR","@id":"https:\/\/cardinal-tapes.com\/fr\/rubans-adh\u00e9sifs\/production-daluminium-traitement\/orabond-1377-bande-adhesive-de-transfert\/#primaryimage","url":"https:\/\/cardinal-tapes.com\/wp-content\/uploads\/1375_1377-scaled.jpg","contentUrl":"https:\/\/cardinal-tapes.com\/wp-content\/uploads\/1375_1377-scaled.jpg","width":2560,"height":1707},{"@type":"BreadcrumbList","@id":"https:\/\/cardinal-tapes.com\/fr\/rubans-adh\u00e9sifs\/production-daluminium-traitement\/orabond-1377-bande-adhesive-de-transfert\/#breadcrumb","itemListElement":[{"@type":"ListItem","position":1,"name":"Startseite","item":"https:\/\/cardinal-tapes.com\/fr\/accueil\/"},{"@type":"ListItem","position":2,"name":"Rubans adh\u00e9sifs","item":"https:\/\/cardinal-tapes.com\/fr\/rubans-adhesifs-fr\/"},{"@type":"ListItem","position":3,"name":"Production d&#039;aluminium \/ traitement","item":"https:\/\/cardinal-tapes.com\/fr\/catgorie\/production-daluminium-traitement\/"},{"@type":"ListItem","position":4,"name":"ORABOND\u00ae 1377 Ruban adh\u00e9sif de transfert"}]},{"@type":"WebSite","@id":"https:\/\/cardinal-tapes.com\/#website","url":"https:\/\/cardinal-tapes.com\/","name":"cardinal TAPES","description":"Klebetechnik aus Wuppertal","potentialAction":[{"@type":"SearchAction","target":{"@type":"EntryPoint","urlTemplate":"https:\/\/cardinal-tapes.com\/?s={search_term_string}"},"query-input":{"@type":"PropertyValueSpecification","valueRequired":true,"valueName":"search_term_string"}}],"inLanguage":"fr-FR"}]}},"brands":[{"id":2746,"name":"ORAFOL","slug":"orafol-fr"}],"_links":{"self":[{"href":"https:\/\/cardinal-tapes.com\/fr\/wp-json\/wp\/v2\/product\/38167","targetHints":{"allow":["GET"]}}],"collection":[{"href":"https:\/\/cardinal-tapes.com\/fr\/wp-json\/wp\/v2\/product"}],"about":[{"href":"https:\/\/cardinal-tapes.com\/fr\/wp-json\/wp\/v2\/types\/product"}],"wp:featuredmedia":[{"embeddable":true,"href":"https:\/\/cardinal-tapes.com\/fr\/wp-json\/wp\/v2\/media\/29200"}],"wp:attachment":[{"href":"https:\/\/cardinal-tapes.com\/fr\/wp-json\/wp\/v2\/media?parent=38167"}],"wp:term":[{"taxonomy":"pwb-brand","embeddable":true,"href":"https:\/\/cardinal-tapes.com\/fr\/wp-json\/wp\/v2\/pwb-brand?post=38167"},{"taxonomy":"product_brand","embeddable":true,"href":"https:\/\/cardinal-tapes.com\/fr\/wp-json\/wp\/v2\/product_brand?post=38167"},{"taxonomy":"product_cat","embeddable":true,"href":"https:\/\/cardinal-tapes.com\/fr\/wp-json\/wp\/v2\/product_cat?post=38167"},{"taxonomy":"product_tag","embeddable":true,"href":"https:\/\/cardinal-tapes.com\/fr\/wp-json\/wp\/v2\/product_tag?post=38167"}],"curies":[{"name":"wp","href":"https:\/\/api.w.org\/{rel}","templated":true}]}}