{"id":38166,"date":"2023-03-27T14:12:09","date_gmt":"2023-03-27T12:12:09","guid":{"rendered":"https:\/\/cardinal.pixel-tal.de\/klebebaender\/non%20class\u00e9\/orafix-1281-ruban-adhesif-pour-epissures\/"},"modified":"2025-07-01T16:19:41","modified_gmt":"2025-07-01T14:19:41","slug":"orafix-1281-bande-adhesive-a-episser","status":"publish","type":"product","link":"https:\/\/cardinal-tapes.com\/fr\/rubans-adh\u00e9sifs\/domaines-dapplication\/industrie-du-papier\/orafix-1281-bande-adhesive-a-episser\/","title":{"rendered":"ORAFIX\u00ae 1281 Ruban adh\u00e9sif pour \u00e9pissures"},"content":{"rendered":"<p>Le ruban adh\u00e9sif double face est compos\u00e9 d&#8217;un papier de soie dispersible dans l&#8217;eau, enduit sur les deux faces d&#8217;un adh\u00e9sif acrylique modifi\u00e9,<br \/>\nsoluble dans l&#8217;eau. L&#8217;adh\u00e9sif se caract\u00e9rise par un tr\u00e8s bon pouvoir adh\u00e9sif au toucher et une tr\u00e8s bonne r\u00e9sistance thermique<br \/>\n. L&#8217;adh\u00e9sif sensible \u00e0 la pression RA4 utilis\u00e9 est conforme au Code of Federal<br \/>\nRegulations, Food and Drugs (FDA), 21 CFR Ch.   I, \u00a7 175.105.<\/p>\n<p><strong>Domaine d&#8217;application<\/strong><br \/>\nRuban de raccordement hydro-r\u00e9pulsible \u00e0 haute r\u00e9sistance thermique pour les changements de bobines manuels et \u00e0 la vol\u00e9e dans la production et la transformation du papier<br \/>\n.<\/p>\n","protected":false},"excerpt":{"rendered":"<p>Le ruban adh\u00e9sif double face est compos\u00e9 d&#8217;un papier de soie dispersible dans l&#8217;eau, enduit sur les deux faces d&#8217;un adh\u00e9sif acrylique modifi\u00e9, soluble dans l&#8217;eau. L&#8217;adh\u00e9sif se caract\u00e9rise par un tr\u00e8s bon pouvoir adh\u00e9sif au toucher et une tr\u00e8s bonne r\u00e9sistance thermique . L&#8217;adh\u00e9sif sensible \u00e0 la pression RA4 utilis\u00e9 est conforme au Code [&hellip;]<\/p>\n","protected":false},"featured_media":29260,"template":"","meta":{"_acf_changed":false},"pwb-brand":[2746],"product_brand":[],"product_cat":[1834,1765],"product_tag":[],"class_list":{"0":"post-38166","1":"product","2":"type-product","3":"status-publish","4":"has-post-thumbnail","6":"pwb-brand-orafol-fr","7":"product_cat-rubans-adhesifs-double-face","8":"product_cat-industrie-du-papier","10":"first","11":"instock","12":"taxable","13":"shipping-taxable","14":"purchasable","15":"product-type-variable"},"acf":[],"yoast_head":"<!-- This site is optimized with the Yoast SEO plugin v27.3 - https:\/\/yoast.com\/product\/yoast-seo-wordpress\/ -->\n<title>ORAFIX\u00ae 1281 Ruban adh\u00e9sif pour \u00e9pissures | Cardinal TAPES<\/title>\n<meta name=\"description\" content=\"Le ruban adh\u00e9sif double face est compos\u00e9 d&#039;un papier de soie dispersible dans l&#039;eau, recouvert d&#039;un adh\u00e9sif acrylique sensible \u00e0 la pression et soluble dans l&#039;eau.\" \/>\n<meta name=\"robots\" content=\"index, follow, max-snippet:-1, max-image-preview:large, max-video-preview:-1\" \/>\n<link rel=\"canonical\" href=\"https:\/\/cardinal-tapes.com\/fr\/rubans-adh\u00e9sifs\/domaines-dapplication\/industrie-du-papier\/orafix-1281-bande-adhesive-a-episser\/\" \/>\n<meta property=\"og:locale\" content=\"fr_FR\" \/>\n<meta property=\"og:type\" content=\"article\" \/>\n<meta property=\"og:title\" content=\"ORAFIX\u00ae 1281 Ruban adh\u00e9sif pour \u00e9pissures | Cardinal TAPES\" \/>\n<meta property=\"og:description\" content=\"Le ruban adh\u00e9sif double face est compos\u00e9 d&#039;un papier de soie dispersible dans l&#039;eau, recouvert d&#039;un adh\u00e9sif acrylique sensible \u00e0 la pression et soluble dans l&#039;eau.\" \/>\n<meta property=\"og:url\" content=\"https:\/\/cardinal-tapes.com\/fr\/rubans-adh\u00e9sifs\/domaines-dapplication\/industrie-du-papier\/orafix-1281-bande-adhesive-a-episser\/\" \/>\n<meta property=\"og:site_name\" content=\"cardinal TAPES\" \/>\n<meta property=\"article:modified_time\" content=\"2025-07-01T14:19:41+00:00\" \/>\n<meta property=\"og:image\" content=\"https:\/\/cardinal-tapes.com\/wp-content\/uploads\/1281-1330-25mm-scaled.jpg\" \/>\n\t<meta property=\"og:image:width\" content=\"2560\" \/>\n\t<meta property=\"og:image:height\" content=\"1707\" \/>\n\t<meta property=\"og:image:type\" content=\"image\/jpeg\" \/>\n<meta name=\"twitter:card\" content=\"summary_large_image\" \/>\n<meta name=\"twitter:label1\" content=\"Dur\u00e9e de lecture estim\u00e9e\" \/>\n\t<meta name=\"twitter:data1\" content=\"1 minute\" \/>\n<script type=\"application\/ld+json\" class=\"yoast-schema-graph\">{\"@context\":\"https:\\\/\\\/schema.org\",\"@graph\":[{\"@type\":\"WebPage\",\"@id\":\"https:\\\/\\\/cardinal-tapes.com\\\/fr\\\/rubans-adh\u00e9sifs\\\/domaines-dapplication\\\/industrie-du-papier\\\/orafix-1281-bande-adhesive-a-episser\\\/\",\"url\":\"https:\\\/\\\/cardinal-tapes.com\\\/fr\\\/rubans-adh\u00e9sifs\\\/domaines-dapplication\\\/industrie-du-papier\\\/orafix-1281-bande-adhesive-a-episser\\\/\",\"name\":\"ORAFIX\u00ae 1281 Ruban adh\u00e9sif pour \u00e9pissures | Cardinal TAPES\",\"isPartOf\":{\"@id\":\"https:\\\/\\\/cardinal-tapes.com\\\/#website\"},\"primaryImageOfPage\":{\"@id\":\"https:\\\/\\\/cardinal-tapes.com\\\/fr\\\/rubans-adh\u00e9sifs\\\/domaines-dapplication\\\/industrie-du-papier\\\/orafix-1281-bande-adhesive-a-episser\\\/#primaryimage\"},\"image\":{\"@id\":\"https:\\\/\\\/cardinal-tapes.com\\\/fr\\\/rubans-adh\u00e9sifs\\\/domaines-dapplication\\\/industrie-du-papier\\\/orafix-1281-bande-adhesive-a-episser\\\/#primaryimage\"},\"thumbnailUrl\":\"https:\\\/\\\/cardinal-tapes.com\\\/wp-content\\\/uploads\\\/1281-1330-25mm-scaled.jpg\",\"datePublished\":\"2023-03-27T12:12:09+00:00\",\"dateModified\":\"2025-07-01T14:19:41+00:00\",\"description\":\"Le ruban adh\u00e9sif double face est compos\u00e9 d'un papier de soie dispersible dans l'eau, recouvert d'un adh\u00e9sif acrylique sensible \u00e0 la pression et soluble dans l'eau.\",\"breadcrumb\":{\"@id\":\"https:\\\/\\\/cardinal-tapes.com\\\/fr\\\/rubans-adh\u00e9sifs\\\/domaines-dapplication\\\/industrie-du-papier\\\/orafix-1281-bande-adhesive-a-episser\\\/#breadcrumb\"},\"inLanguage\":\"fr-FR\",\"potentialAction\":[{\"@type\":\"ReadAction\",\"target\":[\"https:\\\/\\\/cardinal-tapes.com\\\/fr\\\/rubans-adh\u00e9sifs\\\/domaines-dapplication\\\/industrie-du-papier\\\/orafix-1281-bande-adhesive-a-episser\\\/\"]}]},{\"@type\":\"ImageObject\",\"inLanguage\":\"fr-FR\",\"@id\":\"https:\\\/\\\/cardinal-tapes.com\\\/fr\\\/rubans-adh\u00e9sifs\\\/domaines-dapplication\\\/industrie-du-papier\\\/orafix-1281-bande-adhesive-a-episser\\\/#primaryimage\",\"url\":\"https:\\\/\\\/cardinal-tapes.com\\\/wp-content\\\/uploads\\\/1281-1330-25mm-scaled.jpg\",\"contentUrl\":\"https:\\\/\\\/cardinal-tapes.com\\\/wp-content\\\/uploads\\\/1281-1330-25mm-scaled.jpg\",\"width\":2560,\"height\":1707},{\"@type\":\"BreadcrumbList\",\"@id\":\"https:\\\/\\\/cardinal-tapes.com\\\/fr\\\/rubans-adh\u00e9sifs\\\/domaines-dapplication\\\/industrie-du-papier\\\/orafix-1281-bande-adhesive-a-episser\\\/#breadcrumb\",\"itemListElement\":[{\"@type\":\"ListItem\",\"position\":1,\"name\":\"Startseite\",\"item\":\"https:\\\/\\\/cardinal-tapes.com\\\/fr\\\/accueil\\\/\"},{\"@type\":\"ListItem\",\"position\":2,\"name\":\"Rubans adh\u00e9sifs\",\"item\":\"https:\\\/\\\/cardinal-tapes.com\\\/fr\\\/rubans-adhesifs-fr\\\/\"},{\"@type\":\"ListItem\",\"position\":3,\"name\":\"Domaines d&#039;application\",\"item\":\"https:\\\/\\\/cardinal-tapes.com\\\/fr\\\/catgorie\\\/domaines-dapplication\\\/\"},{\"@type\":\"ListItem\",\"position\":4,\"name\":\"Industrie du papier\",\"item\":\"https:\\\/\\\/cardinal-tapes.com\\\/fr\\\/catgorie\\\/industrie-du-papier\\\/\"},{\"@type\":\"ListItem\",\"position\":5,\"name\":\"ORAFIX\u00ae 1281 Ruban adh\u00e9sif pour \u00e9pissures\"}]},{\"@type\":\"WebSite\",\"@id\":\"https:\\\/\\\/cardinal-tapes.com\\\/#website\",\"url\":\"https:\\\/\\\/cardinal-tapes.com\\\/\",\"name\":\"cardinal TAPES\",\"description\":\"Klebetechnik aus Wuppertal\",\"potentialAction\":[{\"@type\":\"SearchAction\",\"target\":{\"@type\":\"EntryPoint\",\"urlTemplate\":\"https:\\\/\\\/cardinal-tapes.com\\\/?s={search_term_string}\"},\"query-input\":{\"@type\":\"PropertyValueSpecification\",\"valueRequired\":true,\"valueName\":\"search_term_string\"}}],\"inLanguage\":\"fr-FR\"}]}<\/script>\n<!-- \/ Yoast SEO plugin. -->","yoast_head_json":{"title":"ORAFIX\u00ae 1281 Ruban adh\u00e9sif pour \u00e9pissures | Cardinal TAPES","description":"Le ruban adh\u00e9sif double face est compos\u00e9 d'un papier de soie dispersible dans l'eau, recouvert d'un adh\u00e9sif acrylique sensible \u00e0 la pression et soluble dans l'eau.","robots":{"index":"index","follow":"follow","max-snippet":"max-snippet:-1","max-image-preview":"max-image-preview:large","max-video-preview":"max-video-preview:-1"},"canonical":"https:\/\/cardinal-tapes.com\/fr\/rubans-adh\u00e9sifs\/domaines-dapplication\/industrie-du-papier\/orafix-1281-bande-adhesive-a-episser\/","og_locale":"fr_FR","og_type":"article","og_title":"ORAFIX\u00ae 1281 Ruban adh\u00e9sif pour \u00e9pissures | Cardinal TAPES","og_description":"Le ruban adh\u00e9sif double face est compos\u00e9 d'un papier de soie dispersible dans l'eau, recouvert d'un adh\u00e9sif acrylique sensible \u00e0 la pression et soluble dans l'eau.","og_url":"https:\/\/cardinal-tapes.com\/fr\/rubans-adh\u00e9sifs\/domaines-dapplication\/industrie-du-papier\/orafix-1281-bande-adhesive-a-episser\/","og_site_name":"cardinal TAPES","article_modified_time":"2025-07-01T14:19:41+00:00","og_image":[{"width":2560,"height":1707,"url":"https:\/\/cardinal-tapes.com\/wp-content\/uploads\/1281-1330-25mm-scaled.jpg","type":"image\/jpeg"}],"twitter_card":"summary_large_image","twitter_misc":{"Dur\u00e9e de lecture estim\u00e9e":"1 minute"},"schema":{"@context":"https:\/\/schema.org","@graph":[{"@type":"WebPage","@id":"https:\/\/cardinal-tapes.com\/fr\/rubans-adh\u00e9sifs\/domaines-dapplication\/industrie-du-papier\/orafix-1281-bande-adhesive-a-episser\/","url":"https:\/\/cardinal-tapes.com\/fr\/rubans-adh\u00e9sifs\/domaines-dapplication\/industrie-du-papier\/orafix-1281-bande-adhesive-a-episser\/","name":"ORAFIX\u00ae 1281 Ruban adh\u00e9sif pour \u00e9pissures | Cardinal TAPES","isPartOf":{"@id":"https:\/\/cardinal-tapes.com\/#website"},"primaryImageOfPage":{"@id":"https:\/\/cardinal-tapes.com\/fr\/rubans-adh\u00e9sifs\/domaines-dapplication\/industrie-du-papier\/orafix-1281-bande-adhesive-a-episser\/#primaryimage"},"image":{"@id":"https:\/\/cardinal-tapes.com\/fr\/rubans-adh\u00e9sifs\/domaines-dapplication\/industrie-du-papier\/orafix-1281-bande-adhesive-a-episser\/#primaryimage"},"thumbnailUrl":"https:\/\/cardinal-tapes.com\/wp-content\/uploads\/1281-1330-25mm-scaled.jpg","datePublished":"2023-03-27T12:12:09+00:00","dateModified":"2025-07-01T14:19:41+00:00","description":"Le ruban adh\u00e9sif double face est compos\u00e9 d'un papier de soie dispersible dans l'eau, recouvert d'un adh\u00e9sif acrylique sensible \u00e0 la pression et soluble dans l'eau.","breadcrumb":{"@id":"https:\/\/cardinal-tapes.com\/fr\/rubans-adh\u00e9sifs\/domaines-dapplication\/industrie-du-papier\/orafix-1281-bande-adhesive-a-episser\/#breadcrumb"},"inLanguage":"fr-FR","potentialAction":[{"@type":"ReadAction","target":["https:\/\/cardinal-tapes.com\/fr\/rubans-adh\u00e9sifs\/domaines-dapplication\/industrie-du-papier\/orafix-1281-bande-adhesive-a-episser\/"]}]},{"@type":"ImageObject","inLanguage":"fr-FR","@id":"https:\/\/cardinal-tapes.com\/fr\/rubans-adh\u00e9sifs\/domaines-dapplication\/industrie-du-papier\/orafix-1281-bande-adhesive-a-episser\/#primaryimage","url":"https:\/\/cardinal-tapes.com\/wp-content\/uploads\/1281-1330-25mm-scaled.jpg","contentUrl":"https:\/\/cardinal-tapes.com\/wp-content\/uploads\/1281-1330-25mm-scaled.jpg","width":2560,"height":1707},{"@type":"BreadcrumbList","@id":"https:\/\/cardinal-tapes.com\/fr\/rubans-adh\u00e9sifs\/domaines-dapplication\/industrie-du-papier\/orafix-1281-bande-adhesive-a-episser\/#breadcrumb","itemListElement":[{"@type":"ListItem","position":1,"name":"Startseite","item":"https:\/\/cardinal-tapes.com\/fr\/accueil\/"},{"@type":"ListItem","position":2,"name":"Rubans adh\u00e9sifs","item":"https:\/\/cardinal-tapes.com\/fr\/rubans-adhesifs-fr\/"},{"@type":"ListItem","position":3,"name":"Domaines d&#039;application","item":"https:\/\/cardinal-tapes.com\/fr\/catgorie\/domaines-dapplication\/"},{"@type":"ListItem","position":4,"name":"Industrie du papier","item":"https:\/\/cardinal-tapes.com\/fr\/catgorie\/industrie-du-papier\/"},{"@type":"ListItem","position":5,"name":"ORAFIX\u00ae 1281 Ruban adh\u00e9sif pour \u00e9pissures"}]},{"@type":"WebSite","@id":"https:\/\/cardinal-tapes.com\/#website","url":"https:\/\/cardinal-tapes.com\/","name":"cardinal TAPES","description":"Klebetechnik aus Wuppertal","potentialAction":[{"@type":"SearchAction","target":{"@type":"EntryPoint","urlTemplate":"https:\/\/cardinal-tapes.com\/?s={search_term_string}"},"query-input":{"@type":"PropertyValueSpecification","valueRequired":true,"valueName":"search_term_string"}}],"inLanguage":"fr-FR"}]}},"brands":[{"id":2746,"name":"ORAFOL","slug":"orafol-fr"}],"_links":{"self":[{"href":"https:\/\/cardinal-tapes.com\/fr\/wp-json\/wp\/v2\/product\/38166","targetHints":{"allow":["GET"]}}],"collection":[{"href":"https:\/\/cardinal-tapes.com\/fr\/wp-json\/wp\/v2\/product"}],"about":[{"href":"https:\/\/cardinal-tapes.com\/fr\/wp-json\/wp\/v2\/types\/product"}],"wp:featuredmedia":[{"embeddable":true,"href":"https:\/\/cardinal-tapes.com\/fr\/wp-json\/wp\/v2\/media\/29260"}],"wp:attachment":[{"href":"https:\/\/cardinal-tapes.com\/fr\/wp-json\/wp\/v2\/media?parent=38166"}],"wp:term":[{"taxonomy":"pwb-brand","embeddable":true,"href":"https:\/\/cardinal-tapes.com\/fr\/wp-json\/wp\/v2\/pwb-brand?post=38166"},{"taxonomy":"product_brand","embeddable":true,"href":"https:\/\/cardinal-tapes.com\/fr\/wp-json\/wp\/v2\/product_brand?post=38166"},{"taxonomy":"product_cat","embeddable":true,"href":"https:\/\/cardinal-tapes.com\/fr\/wp-json\/wp\/v2\/product_cat?post=38166"},{"taxonomy":"product_tag","embeddable":true,"href":"https:\/\/cardinal-tapes.com\/fr\/wp-json\/wp\/v2\/product_tag?post=38166"}],"curies":[{"name":"wp","href":"https:\/\/api.w.org\/{rel}","templated":true}]}}