{"id":38164,"date":"2023-03-16T09:39:55","date_gmt":"2023-06-05T14:42:52","guid":{"rendered":"https:\/\/cardinal.pixel-tal.de\/klebebaender\/non class\u00e9\/orabond-1399-ruban-adhesif-en-papier-non-tisse\/"},"modified":"2023-06-05T16:42:52","modified_gmt":"2023-06-05T14:42:52","slug":"orabond-1399-bande-adhesive-en-papier-non-tisse","status":"publish","type":"product","link":"https:\/\/cardinal-tapes.com\/fr\/rubans-adh\u00e9sifs\/domaines-dapplication\/fabrication-de-films\/orabond-1399-bande-adhesive-en-papier-non-tisse\/","title":{"rendered":"ORABOND\u00ae 1399 Ruban adh\u00e9sif en papier non tiss\u00e9"},"content":{"rendered":"<p>Le ruban adh\u00e9sif double face est compos\u00e9 d&#8217;un support en papier non tiss\u00e9, enduit sur les deux faces d&#8217;un adh\u00e9sif acrylique sensible \u00e0 la pression modifi\u00e9.<br \/>\nqui offre une tr\u00e8s bonne r\u00e9sistance aux rayons UV, \u00e0 la temp\u00e9rature, aux produits chimiques et aux solvants.<br \/>\net d&#8217;humidit\u00e9. L&#8217;adh\u00e9sif sensible \u00e0 la pression r\u00e9sistant au cisaillement poss\u00e8de \u00e9galement un excellent pouvoir adh\u00e9sif permanent sur les surfaces m\u00e9talliques,<br \/>\nsur les surfaces peintes et autres surfaces plastiques \u00e0 haute \u00e9nergie, ainsi qu&#8217;un bon pouvoir adh\u00e9sif permanent sur les surfaces \u00e0 faible \u00e9nergie.<br \/>\nles surfaces. Convient \u00e9galement pour les surfaces rugueuses ou structur\u00e9es en raison de l&#8217;application d&#8217;une masse importante.<\/p>\n<p><strong>Domaines d&#8217;application<\/strong><\/p>\n<p>Pour le traitement autocollant industriel \/ commercial de mousses de poly\u00e9thyl\u00e8ne, de polyester et de poly\u00e9ther ainsi que<br \/>\nRaccourcissement et \u00e9pissure de papier, de textiles, de films plastiques et m\u00e9talliques n\u00e9cessitant une tr\u00e8s haute r\u00e9sistance au cisaillement et \u00e0 l&#8217;abrasion.<br \/>\nLa r\u00e9sistance \u00e0 l&#8217;adh\u00e9sion et la r\u00e9sistance \u00e0 la temp\u00e9rature sont des facteurs importants.<\/p>\n","protected":false},"excerpt":{"rendered":"<p>Le ruban adh\u00e9sif double face est compos\u00e9 d&#8217;un support en papier non tiss\u00e9, enduit sur les deux faces d&#8217;un adh\u00e9sif acrylique sensible \u00e0 la pression modifi\u00e9. qui offre une tr\u00e8s bonne r\u00e9sistance aux rayons UV, \u00e0 la temp\u00e9rature, aux produits chimiques et aux solvants. et d&#8217;humidit\u00e9. L&#8217;adh\u00e9sif sensible \u00e0 la pression r\u00e9sistant au cisaillement poss\u00e8de [&hellip;]<\/p>\n","protected":false},"featured_media":29252,"template":"","meta":{"_acf_changed":false},"pwb-brand":[2746],"product_brand":[],"product_cat":[1770,1834,1734,1741],"product_tag":[],"class_list":{"0":"post-38164","1":"product","2":"type-product","3":"status-publish","4":"has-post-thumbnail","6":"pwb-brand-orafol-fr","7":"product_cat-industrie-textile","8":"product_cat-rubans-adhesifs-double-face","9":"product_cat-fabrication-de-films","10":"product_cat-construction-de-machines","12":"first","13":"instock","14":"taxable","15":"shipping-taxable","16":"purchasable","17":"product-type-variable"},"acf":[],"yoast_head":"<!-- This site is optimized with the Yoast SEO plugin v27.3 - https:\/\/yoast.com\/product\/yoast-seo-wordpress\/ -->\n<title>ORABOND\u00ae 1399 Ruban adh\u00e9sif en papier non tiss\u00e9| Cardinal TAPES<\/title>\n<meta name=\"description\" content=\"Le ruban adh\u00e9sif double face se compose d&#039;un support en papier non tiss\u00e9, enduit sur les deux faces d&#039;un adh\u00e9sif acrylique sensible \u00e0 la pression modifi\u00e9.\" \/>\n<meta name=\"robots\" content=\"index, follow, max-snippet:-1, max-image-preview:large, max-video-preview:-1\" \/>\n<link rel=\"canonical\" href=\"https:\/\/cardinal-tapes.com\/fr\/rubans-adh\u00e9sifs\/fabrication-de-films\/orabond-1399-bande-adhesive-en-papier-non-tisse\/\" \/>\n<meta property=\"og:locale\" content=\"fr_FR\" \/>\n<meta property=\"og:type\" content=\"article\" \/>\n<meta property=\"og:title\" content=\"ORABOND\u00ae 1399 Ruban adh\u00e9sif en papier non tiss\u00e9| Cardinal TAPES\" \/>\n<meta property=\"og:description\" content=\"Le ruban adh\u00e9sif double face se compose d&#039;un support en papier non tiss\u00e9, enduit sur les deux faces d&#039;un adh\u00e9sif acrylique sensible \u00e0 la pression modifi\u00e9.\" \/>\n<meta property=\"og:url\" content=\"https:\/\/cardinal-tapes.com\/fr\/rubans-adh\u00e9sifs\/fabrication-de-films\/orabond-1399-bande-adhesive-en-papier-non-tisse\/\" \/>\n<meta property=\"og:site_name\" content=\"cardinal TAPES\" \/>\n<meta property=\"og:image\" content=\"https:\/\/cardinal-tapes.com\/wp-content\/uploads\/1399b-scaled.jpg\" \/>\n\t<meta property=\"og:image:width\" content=\"2560\" \/>\n\t<meta property=\"og:image:height\" content=\"1707\" \/>\n\t<meta property=\"og:image:type\" content=\"image\/jpeg\" \/>\n<meta name=\"twitter:card\" content=\"summary_large_image\" \/>\n<meta name=\"twitter:label1\" content=\"Dur\u00e9e de lecture estim\u00e9e\" \/>\n\t<meta name=\"twitter:data1\" content=\"1 minute\" \/>\n<script type=\"application\/ld+json\" class=\"yoast-schema-graph\">{\"@context\":\"https:\\\/\\\/schema.org\",\"@graph\":[{\"@type\":\"WebPage\",\"@id\":\"https:\\\/\\\/cardinal-tapes.com\\\/fr\\\/rubans-adh\u00e9sifs\\\/fabrication-de-films\\\/orabond-1399-bande-adhesive-en-papier-non-tisse\\\/\",\"url\":\"https:\\\/\\\/cardinal-tapes.com\\\/fr\\\/rubans-adh\u00e9sifs\\\/fabrication-de-films\\\/orabond-1399-bande-adhesive-en-papier-non-tisse\\\/\",\"name\":\"ORABOND\u00ae 1399 Ruban adh\u00e9sif en papier non tiss\u00e9| Cardinal TAPES\",\"isPartOf\":{\"@id\":\"https:\\\/\\\/cardinal-tapes.com\\\/#website\"},\"primaryImageOfPage\":{\"@id\":\"https:\\\/\\\/cardinal-tapes.com\\\/fr\\\/rubans-adh\u00e9sifs\\\/fabrication-de-films\\\/orabond-1399-bande-adhesive-en-papier-non-tisse\\\/#primaryimage\"},\"image\":{\"@id\":\"https:\\\/\\\/cardinal-tapes.com\\\/fr\\\/rubans-adh\u00e9sifs\\\/fabrication-de-films\\\/orabond-1399-bande-adhesive-en-papier-non-tisse\\\/#primaryimage\"},\"thumbnailUrl\":\"https:\\\/\\\/cardinal-tapes.com\\\/wp-content\\\/uploads\\\/1399b-scaled.jpg\",\"datePublished\":\"2023-06-05T14:42:52+00:00\",\"description\":\"Le ruban adh\u00e9sif double face se compose d'un support en papier non tiss\u00e9, enduit sur les deux faces d'un adh\u00e9sif acrylique sensible \u00e0 la pression modifi\u00e9.\",\"breadcrumb\":{\"@id\":\"https:\\\/\\\/cardinal-tapes.com\\\/fr\\\/rubans-adh\u00e9sifs\\\/fabrication-de-films\\\/orabond-1399-bande-adhesive-en-papier-non-tisse\\\/#breadcrumb\"},\"inLanguage\":\"fr-FR\",\"potentialAction\":[{\"@type\":\"ReadAction\",\"target\":[\"https:\\\/\\\/cardinal-tapes.com\\\/fr\\\/rubans-adh\u00e9sifs\\\/fabrication-de-films\\\/orabond-1399-bande-adhesive-en-papier-non-tisse\\\/\"]}]},{\"@type\":\"ImageObject\",\"inLanguage\":\"fr-FR\",\"@id\":\"https:\\\/\\\/cardinal-tapes.com\\\/fr\\\/rubans-adh\u00e9sifs\\\/fabrication-de-films\\\/orabond-1399-bande-adhesive-en-papier-non-tisse\\\/#primaryimage\",\"url\":\"https:\\\/\\\/cardinal-tapes.com\\\/wp-content\\\/uploads\\\/1399b-scaled.jpg\",\"contentUrl\":\"https:\\\/\\\/cardinal-tapes.com\\\/wp-content\\\/uploads\\\/1399b-scaled.jpg\",\"width\":2560,\"height\":1707},{\"@type\":\"BreadcrumbList\",\"@id\":\"https:\\\/\\\/cardinal-tapes.com\\\/fr\\\/rubans-adh\u00e9sifs\\\/fabrication-de-films\\\/orabond-1399-bande-adhesive-en-papier-non-tisse\\\/#breadcrumb\",\"itemListElement\":[{\"@type\":\"ListItem\",\"position\":1,\"name\":\"Startseite\",\"item\":\"https:\\\/\\\/cardinal-tapes.com\\\/fr\\\/accueil\\\/\"},{\"@type\":\"ListItem\",\"position\":2,\"name\":\"Rubans adh\u00e9sifs\",\"item\":\"https:\\\/\\\/cardinal-tapes.com\\\/fr\\\/rubans-adhesifs-fr\\\/\"},{\"@type\":\"ListItem\",\"position\":3,\"name\":\"fabrication de films\",\"item\":\"https:\\\/\\\/cardinal-tapes.com\\\/fr\\\/catgorie\\\/fabrication-de-films\\\/\"},{\"@type\":\"ListItem\",\"position\":4,\"name\":\"ORABOND\u00ae 1399 Ruban adh\u00e9sif en papier non tiss\u00e9\"}]},{\"@type\":\"WebSite\",\"@id\":\"https:\\\/\\\/cardinal-tapes.com\\\/#website\",\"url\":\"https:\\\/\\\/cardinal-tapes.com\\\/\",\"name\":\"cardinal TAPES\",\"description\":\"Klebetechnik aus Wuppertal\",\"potentialAction\":[{\"@type\":\"SearchAction\",\"target\":{\"@type\":\"EntryPoint\",\"urlTemplate\":\"https:\\\/\\\/cardinal-tapes.com\\\/?s={search_term_string}\"},\"query-input\":{\"@type\":\"PropertyValueSpecification\",\"valueRequired\":true,\"valueName\":\"search_term_string\"}}],\"inLanguage\":\"fr-FR\"}]}<\/script>\n<!-- \/ Yoast SEO plugin. -->","yoast_head_json":{"title":"ORABOND\u00ae 1399 Ruban adh\u00e9sif en papier non tiss\u00e9| Cardinal TAPES","description":"Le ruban adh\u00e9sif double face se compose d'un support en papier non tiss\u00e9, enduit sur les deux faces d'un adh\u00e9sif acrylique sensible \u00e0 la pression modifi\u00e9.","robots":{"index":"index","follow":"follow","max-snippet":"max-snippet:-1","max-image-preview":"max-image-preview:large","max-video-preview":"max-video-preview:-1"},"canonical":"https:\/\/cardinal-tapes.com\/fr\/rubans-adh\u00e9sifs\/fabrication-de-films\/orabond-1399-bande-adhesive-en-papier-non-tisse\/","og_locale":"fr_FR","og_type":"article","og_title":"ORABOND\u00ae 1399 Ruban adh\u00e9sif en papier non tiss\u00e9| Cardinal TAPES","og_description":"Le ruban adh\u00e9sif double face se compose d'un support en papier non tiss\u00e9, enduit sur les deux faces d'un adh\u00e9sif acrylique sensible \u00e0 la pression modifi\u00e9.","og_url":"https:\/\/cardinal-tapes.com\/fr\/rubans-adh\u00e9sifs\/fabrication-de-films\/orabond-1399-bande-adhesive-en-papier-non-tisse\/","og_site_name":"cardinal TAPES","og_image":[{"width":2560,"height":1707,"url":"https:\/\/cardinal-tapes.com\/wp-content\/uploads\/1399b-scaled.jpg","type":"image\/jpeg"}],"twitter_card":"summary_large_image","twitter_misc":{"Dur\u00e9e de lecture estim\u00e9e":"1 minute"},"schema":{"@context":"https:\/\/schema.org","@graph":[{"@type":"WebPage","@id":"https:\/\/cardinal-tapes.com\/fr\/rubans-adh\u00e9sifs\/fabrication-de-films\/orabond-1399-bande-adhesive-en-papier-non-tisse\/","url":"https:\/\/cardinal-tapes.com\/fr\/rubans-adh\u00e9sifs\/fabrication-de-films\/orabond-1399-bande-adhesive-en-papier-non-tisse\/","name":"ORABOND\u00ae 1399 Ruban adh\u00e9sif en papier non tiss\u00e9| Cardinal TAPES","isPartOf":{"@id":"https:\/\/cardinal-tapes.com\/#website"},"primaryImageOfPage":{"@id":"https:\/\/cardinal-tapes.com\/fr\/rubans-adh\u00e9sifs\/fabrication-de-films\/orabond-1399-bande-adhesive-en-papier-non-tisse\/#primaryimage"},"image":{"@id":"https:\/\/cardinal-tapes.com\/fr\/rubans-adh\u00e9sifs\/fabrication-de-films\/orabond-1399-bande-adhesive-en-papier-non-tisse\/#primaryimage"},"thumbnailUrl":"https:\/\/cardinal-tapes.com\/wp-content\/uploads\/1399b-scaled.jpg","datePublished":"2023-06-05T14:42:52+00:00","description":"Le ruban adh\u00e9sif double face se compose d'un support en papier non tiss\u00e9, enduit sur les deux faces d'un adh\u00e9sif acrylique sensible \u00e0 la pression modifi\u00e9.","breadcrumb":{"@id":"https:\/\/cardinal-tapes.com\/fr\/rubans-adh\u00e9sifs\/fabrication-de-films\/orabond-1399-bande-adhesive-en-papier-non-tisse\/#breadcrumb"},"inLanguage":"fr-FR","potentialAction":[{"@type":"ReadAction","target":["https:\/\/cardinal-tapes.com\/fr\/rubans-adh\u00e9sifs\/fabrication-de-films\/orabond-1399-bande-adhesive-en-papier-non-tisse\/"]}]},{"@type":"ImageObject","inLanguage":"fr-FR","@id":"https:\/\/cardinal-tapes.com\/fr\/rubans-adh\u00e9sifs\/fabrication-de-films\/orabond-1399-bande-adhesive-en-papier-non-tisse\/#primaryimage","url":"https:\/\/cardinal-tapes.com\/wp-content\/uploads\/1399b-scaled.jpg","contentUrl":"https:\/\/cardinal-tapes.com\/wp-content\/uploads\/1399b-scaled.jpg","width":2560,"height":1707},{"@type":"BreadcrumbList","@id":"https:\/\/cardinal-tapes.com\/fr\/rubans-adh\u00e9sifs\/fabrication-de-films\/orabond-1399-bande-adhesive-en-papier-non-tisse\/#breadcrumb","itemListElement":[{"@type":"ListItem","position":1,"name":"Startseite","item":"https:\/\/cardinal-tapes.com\/fr\/accueil\/"},{"@type":"ListItem","position":2,"name":"Rubans adh\u00e9sifs","item":"https:\/\/cardinal-tapes.com\/fr\/rubans-adhesifs-fr\/"},{"@type":"ListItem","position":3,"name":"fabrication de films","item":"https:\/\/cardinal-tapes.com\/fr\/catgorie\/fabrication-de-films\/"},{"@type":"ListItem","position":4,"name":"ORABOND\u00ae 1399 Ruban adh\u00e9sif en papier non tiss\u00e9"}]},{"@type":"WebSite","@id":"https:\/\/cardinal-tapes.com\/#website","url":"https:\/\/cardinal-tapes.com\/","name":"cardinal TAPES","description":"Klebetechnik aus Wuppertal","potentialAction":[{"@type":"SearchAction","target":{"@type":"EntryPoint","urlTemplate":"https:\/\/cardinal-tapes.com\/?s={search_term_string}"},"query-input":{"@type":"PropertyValueSpecification","valueRequired":true,"valueName":"search_term_string"}}],"inLanguage":"fr-FR"}]}},"brands":[{"id":2746,"name":"ORAFOL","slug":"orafol-fr"}],"_links":{"self":[{"href":"https:\/\/cardinal-tapes.com\/fr\/wp-json\/wp\/v2\/product\/38164","targetHints":{"allow":["GET"]}}],"collection":[{"href":"https:\/\/cardinal-tapes.com\/fr\/wp-json\/wp\/v2\/product"}],"about":[{"href":"https:\/\/cardinal-tapes.com\/fr\/wp-json\/wp\/v2\/types\/product"}],"wp:featuredmedia":[{"embeddable":true,"href":"https:\/\/cardinal-tapes.com\/fr\/wp-json\/wp\/v2\/media\/29252"}],"wp:attachment":[{"href":"https:\/\/cardinal-tapes.com\/fr\/wp-json\/wp\/v2\/media?parent=38164"}],"wp:term":[{"taxonomy":"pwb-brand","embeddable":true,"href":"https:\/\/cardinal-tapes.com\/fr\/wp-json\/wp\/v2\/pwb-brand?post=38164"},{"taxonomy":"product_brand","embeddable":true,"href":"https:\/\/cardinal-tapes.com\/fr\/wp-json\/wp\/v2\/product_brand?post=38164"},{"taxonomy":"product_cat","embeddable":true,"href":"https:\/\/cardinal-tapes.com\/fr\/wp-json\/wp\/v2\/product_cat?post=38164"},{"taxonomy":"product_tag","embeddable":true,"href":"https:\/\/cardinal-tapes.com\/fr\/wp-json\/wp\/v2\/product_tag?post=38164"}],"curies":[{"name":"wp","href":"https:\/\/api.w.org\/{rel}","templated":true}]}}