{"id":38162,"date":"2023-03-10T10:55:42","date_gmt":"2023-06-05T14:42:51","guid":{"rendered":"https:\/\/cardinal.pixel-tal.de\/klebebaender\/non%20class\u00e9\/h-old-8644-ruban-adhesif-en-polyester\/"},"modified":"2025-07-01T16:17:04","modified_gmt":"2025-07-01T14:17:04","slug":"h-old-8644-bande-adhesive-en-polyester","status":"publish","type":"product","link":"https:\/\/cardinal-tapes.com\/fr\/rubans-adh\u00e9sifs\/rubans-adhesifs-simple-face\/film-pet\/h-old-8644-bande-adhesive-en-polyester\/","title":{"rendered":"h-old\u00ae 8644 Ruban adh\u00e9sif en polyester"},"content":{"rendered":"<p><span id=\"[0,2]\" class=\"word\">Le h-old\u00ae 8644 est un ruban adh\u00e9sif double face en polyester dont l<\/span> &#8216;une des faces est recouverte d&#8217;un adh\u00e9sif silicone de haute qualit\u00e9<br \/>\net l&#8217;autre d&#8217;un adh\u00e9sif acrylique. L&#8217;adh\u00e9sif silicone offre un bon pouvoir adh\u00e9sif initial<br \/>\net une bonne adh\u00e9rence sur les substrats silicon\u00e9s, les mat\u00e9riaux \u00e0 haute et basse \u00e9nergie, etc.<br \/>\nCon\u00e7u pour \u00eatre contrecoll\u00e9 sur une grande vari\u00e9t\u00e9 de mat\u00e9riaux silicone, il offre une solution adh\u00e9sive efficace. <\/p>\n","protected":false},"excerpt":{"rendered":"<p>Le h-old\u00ae 8644 est un ruban adh\u00e9sif double face en polyester dont l &#8216;une des faces est recouverte d&#8217;un adh\u00e9sif silicone de haute qualit\u00e9 et l&#8217;autre d&#8217;un adh\u00e9sif acrylique. L&#8217;adh\u00e9sif silicone offre un bon pouvoir adh\u00e9sif initial et une bonne adh\u00e9rence sur les substrats silicon\u00e9s, les mat\u00e9riaux \u00e0 haute et basse \u00e9nergie, etc. Con\u00e7u pour [&hellip;]<\/p>\n","protected":false},"featured_media":29224,"template":"","meta":{"_acf_changed":false},"pwb-brand":[2330,2367],"product_brand":[],"product_cat":[1834,1839],"product_tag":[],"class_list":{"0":"post-38162","1":"product","2":"type-product","3":"status-publish","4":"has-post-thumbnail","6":"pwb-brand-saint-gobain-fr","7":"pwb-brand-h-old-fr","8":"product_cat-rubans-adhesifs-double-face","9":"product_cat-film-pet","11":"first","12":"outofstock","13":"taxable","14":"shipping-taxable","15":"product-type-variable"},"acf":[],"yoast_head":"<!-- This site is optimized with the Yoast SEO plugin v27.3 - https:\/\/yoast.com\/product\/yoast-seo-wordpress\/ -->\n<title>h-old 8644 Bande adh\u00e9sive en polyester | Cardinal TAPES<\/title>\n<meta name=\"description\" content=\"Le h-old\u00ae 8644 est un ruban adh\u00e9sif double face en polyester, dot\u00e9 d&#039;un adh\u00e9sif silicone sur une face et d&#039;un adh\u00e9sif acrylate sur l&#039;autre.\" \/>\n<meta name=\"robots\" content=\"index, follow, max-snippet:-1, max-image-preview:large, max-video-preview:-1\" \/>\n<link rel=\"canonical\" href=\"https:\/\/cardinal-tapes.com\/fr\/rubans-adh\u00e9sifs\/rubans-adhesifs-simple-face\/film-pet\/h-old-8644-bande-adhesive-en-polyester\/\" \/>\n<meta property=\"og:locale\" content=\"fr_FR\" \/>\n<meta property=\"og:type\" content=\"article\" \/>\n<meta property=\"og:title\" content=\"h-old 8644 Bande adh\u00e9sive en polyester | Cardinal TAPES\" \/>\n<meta property=\"og:description\" content=\"Le h-old\u00ae 8644 est un ruban adh\u00e9sif double face en polyester, dot\u00e9 d&#039;un adh\u00e9sif silicone sur une face et d&#039;un adh\u00e9sif acrylate sur l&#039;autre.\" \/>\n<meta property=\"og:url\" content=\"https:\/\/cardinal-tapes.com\/fr\/rubans-adh\u00e9sifs\/rubans-adhesifs-simple-face\/film-pet\/h-old-8644-bande-adhesive-en-polyester\/\" \/>\n<meta property=\"og:site_name\" content=\"cardinal TAPES\" \/>\n<meta property=\"article:modified_time\" content=\"2025-07-01T14:17:04+00:00\" \/>\n<meta property=\"og:image\" content=\"https:\/\/cardinal-tapes.com\/wp-content\/uploads\/H-old-PET-8100-8102-8621-8644-8167-9180-A_203747.png\" \/>\n\t<meta property=\"og:image:width\" content=\"415\" \/>\n\t<meta property=\"og:image:height\" content=\"415\" \/>\n\t<meta property=\"og:image:type\" content=\"image\/png\" \/>\n<meta name=\"twitter:card\" content=\"summary_large_image\" \/>\n<script type=\"application\/ld+json\" class=\"yoast-schema-graph\">{\"@context\":\"https:\\\/\\\/schema.org\",\"@graph\":[{\"@type\":\"WebPage\",\"@id\":\"https:\\\/\\\/cardinal-tapes.com\\\/fr\\\/rubans-adh\u00e9sifs\\\/rubans-adhesifs-simple-face\\\/film-pet\\\/h-old-8644-bande-adhesive-en-polyester\\\/\",\"url\":\"https:\\\/\\\/cardinal-tapes.com\\\/fr\\\/rubans-adh\u00e9sifs\\\/rubans-adhesifs-simple-face\\\/film-pet\\\/h-old-8644-bande-adhesive-en-polyester\\\/\",\"name\":\"h-old 8644 Bande adh\u00e9sive en polyester | Cardinal TAPES\",\"isPartOf\":{\"@id\":\"https:\\\/\\\/cardinal-tapes.com\\\/#website\"},\"primaryImageOfPage\":{\"@id\":\"https:\\\/\\\/cardinal-tapes.com\\\/fr\\\/rubans-adh\u00e9sifs\\\/rubans-adhesifs-simple-face\\\/film-pet\\\/h-old-8644-bande-adhesive-en-polyester\\\/#primaryimage\"},\"image\":{\"@id\":\"https:\\\/\\\/cardinal-tapes.com\\\/fr\\\/rubans-adh\u00e9sifs\\\/rubans-adhesifs-simple-face\\\/film-pet\\\/h-old-8644-bande-adhesive-en-polyester\\\/#primaryimage\"},\"thumbnailUrl\":\"https:\\\/\\\/cardinal-tapes.com\\\/wp-content\\\/uploads\\\/H-old-PET-8100-8102-8621-8644-8167-9180-A_203747.png\",\"datePublished\":\"2023-06-05T14:42:51+00:00\",\"dateModified\":\"2025-07-01T14:17:04+00:00\",\"description\":\"Le h-old\u00ae 8644 est un ruban adh\u00e9sif double face en polyester, dot\u00e9 d'un adh\u00e9sif silicone sur une face et d'un adh\u00e9sif acrylate sur l'autre.\",\"breadcrumb\":{\"@id\":\"https:\\\/\\\/cardinal-tapes.com\\\/fr\\\/rubans-adh\u00e9sifs\\\/rubans-adhesifs-simple-face\\\/film-pet\\\/h-old-8644-bande-adhesive-en-polyester\\\/#breadcrumb\"},\"inLanguage\":\"fr-FR\",\"potentialAction\":[{\"@type\":\"ReadAction\",\"target\":[\"https:\\\/\\\/cardinal-tapes.com\\\/fr\\\/rubans-adh\u00e9sifs\\\/rubans-adhesifs-simple-face\\\/film-pet\\\/h-old-8644-bande-adhesive-en-polyester\\\/\"]}]},{\"@type\":\"ImageObject\",\"inLanguage\":\"fr-FR\",\"@id\":\"https:\\\/\\\/cardinal-tapes.com\\\/fr\\\/rubans-adh\u00e9sifs\\\/rubans-adhesifs-simple-face\\\/film-pet\\\/h-old-8644-bande-adhesive-en-polyester\\\/#primaryimage\",\"url\":\"https:\\\/\\\/cardinal-tapes.com\\\/wp-content\\\/uploads\\\/H-old-PET-8100-8102-8621-8644-8167-9180-A_203747.png\",\"contentUrl\":\"https:\\\/\\\/cardinal-tapes.com\\\/wp-content\\\/uploads\\\/H-old-PET-8100-8102-8621-8644-8167-9180-A_203747.png\",\"width\":415,\"height\":415},{\"@type\":\"BreadcrumbList\",\"@id\":\"https:\\\/\\\/cardinal-tapes.com\\\/fr\\\/rubans-adh\u00e9sifs\\\/rubans-adhesifs-simple-face\\\/film-pet\\\/h-old-8644-bande-adhesive-en-polyester\\\/#breadcrumb\",\"itemListElement\":[{\"@type\":\"ListItem\",\"position\":1,\"name\":\"Startseite\",\"item\":\"https:\\\/\\\/cardinal-tapes.com\\\/fr\\\/accueil\\\/\"},{\"@type\":\"ListItem\",\"position\":2,\"name\":\"Rubans adh\u00e9sifs\",\"item\":\"https:\\\/\\\/cardinal-tapes.com\\\/fr\\\/rubans-adhesifs-fr\\\/\"},{\"@type\":\"ListItem\",\"position\":3,\"name\":\"Rubans adh\u00e9sifs simple face\",\"item\":\"https:\\\/\\\/cardinal-tapes.com\\\/fr\\\/catgorie\\\/rubans-adhesifs-simple-face\\\/\"},{\"@type\":\"ListItem\",\"position\":4,\"name\":\"Film PET\",\"item\":\"https:\\\/\\\/cardinal-tapes.com\\\/fr\\\/catgorie\\\/film-pet\\\/\"},{\"@type\":\"ListItem\",\"position\":5,\"name\":\"h-old\u00ae 8644 Ruban adh\u00e9sif en polyester\"}]},{\"@type\":\"WebSite\",\"@id\":\"https:\\\/\\\/cardinal-tapes.com\\\/#website\",\"url\":\"https:\\\/\\\/cardinal-tapes.com\\\/\",\"name\":\"cardinal TAPES\",\"description\":\"Klebetechnik aus Wuppertal\",\"potentialAction\":[{\"@type\":\"SearchAction\",\"target\":{\"@type\":\"EntryPoint\",\"urlTemplate\":\"https:\\\/\\\/cardinal-tapes.com\\\/?s={search_term_string}\"},\"query-input\":{\"@type\":\"PropertyValueSpecification\",\"valueRequired\":true,\"valueName\":\"search_term_string\"}}],\"inLanguage\":\"fr-FR\"}]}<\/script>\n<!-- \/ Yoast SEO plugin. -->","yoast_head_json":{"title":"h-old 8644 Bande adh\u00e9sive en polyester | Cardinal TAPES","description":"Le h-old\u00ae 8644 est un ruban adh\u00e9sif double face en polyester, dot\u00e9 d'un adh\u00e9sif silicone sur une face et d'un adh\u00e9sif acrylate sur l'autre.","robots":{"index":"index","follow":"follow","max-snippet":"max-snippet:-1","max-image-preview":"max-image-preview:large","max-video-preview":"max-video-preview:-1"},"canonical":"https:\/\/cardinal-tapes.com\/fr\/rubans-adh\u00e9sifs\/rubans-adhesifs-simple-face\/film-pet\/h-old-8644-bande-adhesive-en-polyester\/","og_locale":"fr_FR","og_type":"article","og_title":"h-old 8644 Bande adh\u00e9sive en polyester | Cardinal TAPES","og_description":"Le h-old\u00ae 8644 est un ruban adh\u00e9sif double face en polyester, dot\u00e9 d'un adh\u00e9sif silicone sur une face et d'un adh\u00e9sif acrylate sur l'autre.","og_url":"https:\/\/cardinal-tapes.com\/fr\/rubans-adh\u00e9sifs\/rubans-adhesifs-simple-face\/film-pet\/h-old-8644-bande-adhesive-en-polyester\/","og_site_name":"cardinal TAPES","article_modified_time":"2025-07-01T14:17:04+00:00","og_image":[{"width":415,"height":415,"url":"https:\/\/cardinal-tapes.com\/wp-content\/uploads\/H-old-PET-8100-8102-8621-8644-8167-9180-A_203747.png","type":"image\/png"}],"twitter_card":"summary_large_image","schema":{"@context":"https:\/\/schema.org","@graph":[{"@type":"WebPage","@id":"https:\/\/cardinal-tapes.com\/fr\/rubans-adh\u00e9sifs\/rubans-adhesifs-simple-face\/film-pet\/h-old-8644-bande-adhesive-en-polyester\/","url":"https:\/\/cardinal-tapes.com\/fr\/rubans-adh\u00e9sifs\/rubans-adhesifs-simple-face\/film-pet\/h-old-8644-bande-adhesive-en-polyester\/","name":"h-old 8644 Bande adh\u00e9sive en polyester | Cardinal TAPES","isPartOf":{"@id":"https:\/\/cardinal-tapes.com\/#website"},"primaryImageOfPage":{"@id":"https:\/\/cardinal-tapes.com\/fr\/rubans-adh\u00e9sifs\/rubans-adhesifs-simple-face\/film-pet\/h-old-8644-bande-adhesive-en-polyester\/#primaryimage"},"image":{"@id":"https:\/\/cardinal-tapes.com\/fr\/rubans-adh\u00e9sifs\/rubans-adhesifs-simple-face\/film-pet\/h-old-8644-bande-adhesive-en-polyester\/#primaryimage"},"thumbnailUrl":"https:\/\/cardinal-tapes.com\/wp-content\/uploads\/H-old-PET-8100-8102-8621-8644-8167-9180-A_203747.png","datePublished":"2023-06-05T14:42:51+00:00","dateModified":"2025-07-01T14:17:04+00:00","description":"Le h-old\u00ae 8644 est un ruban adh\u00e9sif double face en polyester, dot\u00e9 d'un adh\u00e9sif silicone sur une face et d'un adh\u00e9sif acrylate sur l'autre.","breadcrumb":{"@id":"https:\/\/cardinal-tapes.com\/fr\/rubans-adh\u00e9sifs\/rubans-adhesifs-simple-face\/film-pet\/h-old-8644-bande-adhesive-en-polyester\/#breadcrumb"},"inLanguage":"fr-FR","potentialAction":[{"@type":"ReadAction","target":["https:\/\/cardinal-tapes.com\/fr\/rubans-adh\u00e9sifs\/rubans-adhesifs-simple-face\/film-pet\/h-old-8644-bande-adhesive-en-polyester\/"]}]},{"@type":"ImageObject","inLanguage":"fr-FR","@id":"https:\/\/cardinal-tapes.com\/fr\/rubans-adh\u00e9sifs\/rubans-adhesifs-simple-face\/film-pet\/h-old-8644-bande-adhesive-en-polyester\/#primaryimage","url":"https:\/\/cardinal-tapes.com\/wp-content\/uploads\/H-old-PET-8100-8102-8621-8644-8167-9180-A_203747.png","contentUrl":"https:\/\/cardinal-tapes.com\/wp-content\/uploads\/H-old-PET-8100-8102-8621-8644-8167-9180-A_203747.png","width":415,"height":415},{"@type":"BreadcrumbList","@id":"https:\/\/cardinal-tapes.com\/fr\/rubans-adh\u00e9sifs\/rubans-adhesifs-simple-face\/film-pet\/h-old-8644-bande-adhesive-en-polyester\/#breadcrumb","itemListElement":[{"@type":"ListItem","position":1,"name":"Startseite","item":"https:\/\/cardinal-tapes.com\/fr\/accueil\/"},{"@type":"ListItem","position":2,"name":"Rubans adh\u00e9sifs","item":"https:\/\/cardinal-tapes.com\/fr\/rubans-adhesifs-fr\/"},{"@type":"ListItem","position":3,"name":"Rubans adh\u00e9sifs simple face","item":"https:\/\/cardinal-tapes.com\/fr\/catgorie\/rubans-adhesifs-simple-face\/"},{"@type":"ListItem","position":4,"name":"Film PET","item":"https:\/\/cardinal-tapes.com\/fr\/catgorie\/film-pet\/"},{"@type":"ListItem","position":5,"name":"h-old\u00ae 8644 Ruban adh\u00e9sif en polyester"}]},{"@type":"WebSite","@id":"https:\/\/cardinal-tapes.com\/#website","url":"https:\/\/cardinal-tapes.com\/","name":"cardinal TAPES","description":"Klebetechnik aus Wuppertal","potentialAction":[{"@type":"SearchAction","target":{"@type":"EntryPoint","urlTemplate":"https:\/\/cardinal-tapes.com\/?s={search_term_string}"},"query-input":{"@type":"PropertyValueSpecification","valueRequired":true,"valueName":"search_term_string"}}],"inLanguage":"fr-FR"}]}},"brands":[{"id":2330,"name":"Saint-Gobain Performance Plastics","slug":"saint-gobain-fr"},{"id":2367,"name":"Saint-Gobain h-old","slug":"h-old-fr"}],"_links":{"self":[{"href":"https:\/\/cardinal-tapes.com\/fr\/wp-json\/wp\/v2\/product\/38162","targetHints":{"allow":["GET"]}}],"collection":[{"href":"https:\/\/cardinal-tapes.com\/fr\/wp-json\/wp\/v2\/product"}],"about":[{"href":"https:\/\/cardinal-tapes.com\/fr\/wp-json\/wp\/v2\/types\/product"}],"wp:featuredmedia":[{"embeddable":true,"href":"https:\/\/cardinal-tapes.com\/fr\/wp-json\/wp\/v2\/media\/29224"}],"wp:attachment":[{"href":"https:\/\/cardinal-tapes.com\/fr\/wp-json\/wp\/v2\/media?parent=38162"}],"wp:term":[{"taxonomy":"pwb-brand","embeddable":true,"href":"https:\/\/cardinal-tapes.com\/fr\/wp-json\/wp\/v2\/pwb-brand?post=38162"},{"taxonomy":"product_brand","embeddable":true,"href":"https:\/\/cardinal-tapes.com\/fr\/wp-json\/wp\/v2\/product_brand?post=38162"},{"taxonomy":"product_cat","embeddable":true,"href":"https:\/\/cardinal-tapes.com\/fr\/wp-json\/wp\/v2\/product_cat?post=38162"},{"taxonomy":"product_tag","embeddable":true,"href":"https:\/\/cardinal-tapes.com\/fr\/wp-json\/wp\/v2\/product_tag?post=38162"}],"curies":[{"name":"wp","href":"https:\/\/api.w.org\/{rel}","templated":true}]}}