{"id":38161,"date":"2023-03-27T15:16:40","date_gmt":"2023-03-27T13:16:40","guid":{"rendered":"https:\/\/cardinal.pixel-tal.de\/klebebaender\/non%20class\u00e9\/orafix-1305-ruban-adhesif-pet-silicone\/"},"modified":"2025-07-01T16:21:16","modified_gmt":"2025-07-01T14:21:16","slug":"orafix-1305-bande-adhesive-siliconee-pour-animaux-de-compagnie","status":"publish","type":"product","link":"https:\/\/cardinal-tapes.com\/fr\/rubans-adh\u00e9sifs\/domaines-dapplication\/industrie-du-papier\/orafix-1305-bande-adhesive-siliconee-pour-animaux-de-compagnie\/","title":{"rendered":"ORAFIX\u00ae 1305 Ruban adh\u00e9sif PET silicon\u00e9"},"content":{"rendered":"<p>Le ruban adh\u00e9sif se compose d&#8217;un support en film polyester silicon\u00e9 sur une face, enduit d&#8217;un adh\u00e9sif en caoutchouc silicone<br \/>\n. L&#8217;adh\u00e9sif sensible \u00e0 la pression se caract\u00e9rise par une r\u00e9sistance \u00e9lev\u00e9e au cisaillement et \u00e0 la temp\u00e9rature, ainsi qu&#8217;une grande r\u00e9sistance au vieillissement et aux plastifiants sur le site<br \/>\n. L&#8217;adh\u00e9sif sensible \u00e0 la pression pr\u00e9sente une bonne adh\u00e9rence sur<br \/>\nMat\u00e9riaux repoussant l&#8217;adh\u00e9sif  <\/p>\n<p><strong>Domaine d&#8217;application<\/strong><br \/>\nPour le collage commercial et industriel de papiers et de films silicon\u00e9s ainsi que comme ruban de raccord pour le collage de d\u00e9but de noyau<br \/>\net la fermeture de rouleaux de mat\u00e9riaux silicon\u00e9s. La siliconisation du verso permet d&#8217;utiliser<br \/>\ncomme bande de jonction dans les processus de couchage et de conversion. <\/p>\n","protected":false},"excerpt":{"rendered":"<p>Le ruban adh\u00e9sif se compose d&#8217;un support en film polyester silicon\u00e9 sur une face, enduit d&#8217;un adh\u00e9sif en caoutchouc silicone . L&#8217;adh\u00e9sif sensible \u00e0 la pression se caract\u00e9rise par une r\u00e9sistance \u00e9lev\u00e9e au cisaillement et \u00e0 la temp\u00e9rature, ainsi qu&#8217;une grande r\u00e9sistance au vieillissement et aux plastifiants sur le site . L&#8217;adh\u00e9sif sensible \u00e0 la [&hellip;]<\/p>\n","protected":false},"featured_media":29272,"template":"","meta":{"_acf_changed":false},"pwb-brand":[2746],"product_brand":[],"product_cat":[1765,1834],"product_tag":[],"class_list":{"0":"post-38161","1":"product","2":"type-product","3":"status-publish","4":"has-post-thumbnail","6":"pwb-brand-orafol-fr","7":"product_cat-industrie-du-papier","8":"product_cat-rubans-adhesifs-double-face","10":"first","11":"instock","12":"taxable","13":"shipping-taxable","14":"purchasable","15":"product-type-variable"},"acf":[],"yoast_head":"<!-- This site is optimized with the Yoast SEO plugin v27.3 - https:\/\/yoast.com\/product\/yoast-seo-wordpress\/ -->\n<title>ORAFIX\u00ae 1305 ruban adh\u00e9sif PET silicon\u00e9 | Cardinal TAPES<\/title>\n<meta name=\"description\" content=\"Orafix 1305 est une bande d&#039;\u00e9pissure pour le collage de d\u00e9but de noyau ainsi que pour la fermeture de rouleaux de mat\u00e9riaux silicon\u00e9s, comme par exemple les rubans adh\u00e9sifs.\" \/>\n<meta name=\"robots\" content=\"index, follow, max-snippet:-1, max-image-preview:large, max-video-preview:-1\" \/>\n<link rel=\"canonical\" href=\"https:\/\/cardinal-tapes.com\/fr\/rubans-adh\u00e9sifs\/domaines-dapplication\/industrie-du-papier\/orafix-1305-bande-adhesive-siliconee-pour-animaux-de-compagnie\/\" \/>\n<meta property=\"og:locale\" content=\"fr_FR\" \/>\n<meta property=\"og:type\" content=\"article\" \/>\n<meta property=\"og:title\" content=\"ORAFIX\u00ae 1305 ruban adh\u00e9sif PET silicon\u00e9 | Cardinal TAPES\" \/>\n<meta property=\"og:description\" content=\"Orafix 1305 est une bande d&#039;\u00e9pissure pour le collage de d\u00e9but de noyau ainsi que pour la fermeture de rouleaux de mat\u00e9riaux silicon\u00e9s, comme par exemple les rubans adh\u00e9sifs.\" \/>\n<meta property=\"og:url\" content=\"https:\/\/cardinal-tapes.com\/fr\/rubans-adh\u00e9sifs\/domaines-dapplication\/industrie-du-papier\/orafix-1305-bande-adhesive-siliconee-pour-animaux-de-compagnie\/\" \/>\n<meta property=\"og:site_name\" content=\"cardinal TAPES\" \/>\n<meta property=\"article:modified_time\" content=\"2025-07-01T14:21:16+00:00\" \/>\n<meta property=\"og:image\" content=\"https:\/\/cardinal-tapes.com\/wp-content\/uploads\/1305a-scaled.jpg\" \/>\n\t<meta property=\"og:image:width\" content=\"2560\" \/>\n\t<meta property=\"og:image:height\" content=\"1707\" \/>\n\t<meta property=\"og:image:type\" content=\"image\/jpeg\" \/>\n<meta name=\"twitter:card\" content=\"summary_large_image\" \/>\n<meta name=\"twitter:label1\" content=\"Dur\u00e9e de lecture estim\u00e9e\" \/>\n\t<meta name=\"twitter:data1\" content=\"1 minute\" \/>\n<script type=\"application\/ld+json\" class=\"yoast-schema-graph\">{\"@context\":\"https:\\\/\\\/schema.org\",\"@graph\":[{\"@type\":\"WebPage\",\"@id\":\"https:\\\/\\\/cardinal-tapes.com\\\/fr\\\/rubans-adh\u00e9sifs\\\/domaines-dapplication\\\/industrie-du-papier\\\/orafix-1305-bande-adhesive-siliconee-pour-animaux-de-compagnie\\\/\",\"url\":\"https:\\\/\\\/cardinal-tapes.com\\\/fr\\\/rubans-adh\u00e9sifs\\\/domaines-dapplication\\\/industrie-du-papier\\\/orafix-1305-bande-adhesive-siliconee-pour-animaux-de-compagnie\\\/\",\"name\":\"ORAFIX\u00ae 1305 ruban adh\u00e9sif PET silicon\u00e9 | Cardinal TAPES\",\"isPartOf\":{\"@id\":\"https:\\\/\\\/cardinal-tapes.com\\\/#website\"},\"primaryImageOfPage\":{\"@id\":\"https:\\\/\\\/cardinal-tapes.com\\\/fr\\\/rubans-adh\u00e9sifs\\\/domaines-dapplication\\\/industrie-du-papier\\\/orafix-1305-bande-adhesive-siliconee-pour-animaux-de-compagnie\\\/#primaryimage\"},\"image\":{\"@id\":\"https:\\\/\\\/cardinal-tapes.com\\\/fr\\\/rubans-adh\u00e9sifs\\\/domaines-dapplication\\\/industrie-du-papier\\\/orafix-1305-bande-adhesive-siliconee-pour-animaux-de-compagnie\\\/#primaryimage\"},\"thumbnailUrl\":\"https:\\\/\\\/cardinal-tapes.com\\\/wp-content\\\/uploads\\\/1305a-scaled.jpg\",\"datePublished\":\"2023-03-27T13:16:40+00:00\",\"dateModified\":\"2025-07-01T14:21:16+00:00\",\"description\":\"Orafix 1305 est une bande d'\u00e9pissure pour le collage de d\u00e9but de noyau ainsi que pour la fermeture de rouleaux de mat\u00e9riaux silicon\u00e9s, comme par exemple les rubans adh\u00e9sifs.\",\"breadcrumb\":{\"@id\":\"https:\\\/\\\/cardinal-tapes.com\\\/fr\\\/rubans-adh\u00e9sifs\\\/domaines-dapplication\\\/industrie-du-papier\\\/orafix-1305-bande-adhesive-siliconee-pour-animaux-de-compagnie\\\/#breadcrumb\"},\"inLanguage\":\"fr-FR\",\"potentialAction\":[{\"@type\":\"ReadAction\",\"target\":[\"https:\\\/\\\/cardinal-tapes.com\\\/fr\\\/rubans-adh\u00e9sifs\\\/domaines-dapplication\\\/industrie-du-papier\\\/orafix-1305-bande-adhesive-siliconee-pour-animaux-de-compagnie\\\/\"]}]},{\"@type\":\"ImageObject\",\"inLanguage\":\"fr-FR\",\"@id\":\"https:\\\/\\\/cardinal-tapes.com\\\/fr\\\/rubans-adh\u00e9sifs\\\/domaines-dapplication\\\/industrie-du-papier\\\/orafix-1305-bande-adhesive-siliconee-pour-animaux-de-compagnie\\\/#primaryimage\",\"url\":\"https:\\\/\\\/cardinal-tapes.com\\\/wp-content\\\/uploads\\\/1305a-scaled.jpg\",\"contentUrl\":\"https:\\\/\\\/cardinal-tapes.com\\\/wp-content\\\/uploads\\\/1305a-scaled.jpg\",\"width\":2560,\"height\":1707},{\"@type\":\"BreadcrumbList\",\"@id\":\"https:\\\/\\\/cardinal-tapes.com\\\/fr\\\/rubans-adh\u00e9sifs\\\/domaines-dapplication\\\/industrie-du-papier\\\/orafix-1305-bande-adhesive-siliconee-pour-animaux-de-compagnie\\\/#breadcrumb\",\"itemListElement\":[{\"@type\":\"ListItem\",\"position\":1,\"name\":\"Startseite\",\"item\":\"https:\\\/\\\/cardinal-tapes.com\\\/fr\\\/accueil\\\/\"},{\"@type\":\"ListItem\",\"position\":2,\"name\":\"Rubans adh\u00e9sifs\",\"item\":\"https:\\\/\\\/cardinal-tapes.com\\\/fr\\\/rubans-adhesifs-fr\\\/\"},{\"@type\":\"ListItem\",\"position\":3,\"name\":\"Doppelseitige Klebeb\u00e4nder\",\"item\":\"https:\\\/\\\/cardinal-tapes.com\\\/kategorie\\\/doppelseitige-klebebaender\\\/\"},{\"@type\":\"ListItem\",\"position\":4,\"name\":\"ORAFIX\u00ae 1305 Ruban adh\u00e9sif PET silicon\u00e9\"}]},{\"@type\":\"WebSite\",\"@id\":\"https:\\\/\\\/cardinal-tapes.com\\\/#website\",\"url\":\"https:\\\/\\\/cardinal-tapes.com\\\/\",\"name\":\"cardinal TAPES\",\"description\":\"Klebetechnik aus Wuppertal\",\"potentialAction\":[{\"@type\":\"SearchAction\",\"target\":{\"@type\":\"EntryPoint\",\"urlTemplate\":\"https:\\\/\\\/cardinal-tapes.com\\\/?s={search_term_string}\"},\"query-input\":{\"@type\":\"PropertyValueSpecification\",\"valueRequired\":true,\"valueName\":\"search_term_string\"}}],\"inLanguage\":\"fr-FR\"}]}<\/script>\n<!-- \/ Yoast SEO plugin. -->","yoast_head_json":{"title":"ORAFIX\u00ae 1305 ruban adh\u00e9sif PET silicon\u00e9 | Cardinal TAPES","description":"Orafix 1305 est une bande d'\u00e9pissure pour le collage de d\u00e9but de noyau ainsi que pour la fermeture de rouleaux de mat\u00e9riaux silicon\u00e9s, comme par exemple les rubans adh\u00e9sifs.","robots":{"index":"index","follow":"follow","max-snippet":"max-snippet:-1","max-image-preview":"max-image-preview:large","max-video-preview":"max-video-preview:-1"},"canonical":"https:\/\/cardinal-tapes.com\/fr\/rubans-adh\u00e9sifs\/domaines-dapplication\/industrie-du-papier\/orafix-1305-bande-adhesive-siliconee-pour-animaux-de-compagnie\/","og_locale":"fr_FR","og_type":"article","og_title":"ORAFIX\u00ae 1305 ruban adh\u00e9sif PET silicon\u00e9 | Cardinal TAPES","og_description":"Orafix 1305 est une bande d'\u00e9pissure pour le collage de d\u00e9but de noyau ainsi que pour la fermeture de rouleaux de mat\u00e9riaux silicon\u00e9s, comme par exemple les rubans adh\u00e9sifs.","og_url":"https:\/\/cardinal-tapes.com\/fr\/rubans-adh\u00e9sifs\/domaines-dapplication\/industrie-du-papier\/orafix-1305-bande-adhesive-siliconee-pour-animaux-de-compagnie\/","og_site_name":"cardinal TAPES","article_modified_time":"2025-07-01T14:21:16+00:00","og_image":[{"width":2560,"height":1707,"url":"https:\/\/cardinal-tapes.com\/wp-content\/uploads\/1305a-scaled.jpg","type":"image\/jpeg"}],"twitter_card":"summary_large_image","twitter_misc":{"Dur\u00e9e de lecture estim\u00e9e":"1 minute"},"schema":{"@context":"https:\/\/schema.org","@graph":[{"@type":"WebPage","@id":"https:\/\/cardinal-tapes.com\/fr\/rubans-adh\u00e9sifs\/domaines-dapplication\/industrie-du-papier\/orafix-1305-bande-adhesive-siliconee-pour-animaux-de-compagnie\/","url":"https:\/\/cardinal-tapes.com\/fr\/rubans-adh\u00e9sifs\/domaines-dapplication\/industrie-du-papier\/orafix-1305-bande-adhesive-siliconee-pour-animaux-de-compagnie\/","name":"ORAFIX\u00ae 1305 ruban adh\u00e9sif PET silicon\u00e9 | Cardinal TAPES","isPartOf":{"@id":"https:\/\/cardinal-tapes.com\/#website"},"primaryImageOfPage":{"@id":"https:\/\/cardinal-tapes.com\/fr\/rubans-adh\u00e9sifs\/domaines-dapplication\/industrie-du-papier\/orafix-1305-bande-adhesive-siliconee-pour-animaux-de-compagnie\/#primaryimage"},"image":{"@id":"https:\/\/cardinal-tapes.com\/fr\/rubans-adh\u00e9sifs\/domaines-dapplication\/industrie-du-papier\/orafix-1305-bande-adhesive-siliconee-pour-animaux-de-compagnie\/#primaryimage"},"thumbnailUrl":"https:\/\/cardinal-tapes.com\/wp-content\/uploads\/1305a-scaled.jpg","datePublished":"2023-03-27T13:16:40+00:00","dateModified":"2025-07-01T14:21:16+00:00","description":"Orafix 1305 est une bande d'\u00e9pissure pour le collage de d\u00e9but de noyau ainsi que pour la fermeture de rouleaux de mat\u00e9riaux silicon\u00e9s, comme par exemple les rubans adh\u00e9sifs.","breadcrumb":{"@id":"https:\/\/cardinal-tapes.com\/fr\/rubans-adh\u00e9sifs\/domaines-dapplication\/industrie-du-papier\/orafix-1305-bande-adhesive-siliconee-pour-animaux-de-compagnie\/#breadcrumb"},"inLanguage":"fr-FR","potentialAction":[{"@type":"ReadAction","target":["https:\/\/cardinal-tapes.com\/fr\/rubans-adh\u00e9sifs\/domaines-dapplication\/industrie-du-papier\/orafix-1305-bande-adhesive-siliconee-pour-animaux-de-compagnie\/"]}]},{"@type":"ImageObject","inLanguage":"fr-FR","@id":"https:\/\/cardinal-tapes.com\/fr\/rubans-adh\u00e9sifs\/domaines-dapplication\/industrie-du-papier\/orafix-1305-bande-adhesive-siliconee-pour-animaux-de-compagnie\/#primaryimage","url":"https:\/\/cardinal-tapes.com\/wp-content\/uploads\/1305a-scaled.jpg","contentUrl":"https:\/\/cardinal-tapes.com\/wp-content\/uploads\/1305a-scaled.jpg","width":2560,"height":1707},{"@type":"BreadcrumbList","@id":"https:\/\/cardinal-tapes.com\/fr\/rubans-adh\u00e9sifs\/domaines-dapplication\/industrie-du-papier\/orafix-1305-bande-adhesive-siliconee-pour-animaux-de-compagnie\/#breadcrumb","itemListElement":[{"@type":"ListItem","position":1,"name":"Startseite","item":"https:\/\/cardinal-tapes.com\/fr\/accueil\/"},{"@type":"ListItem","position":2,"name":"Rubans adh\u00e9sifs","item":"https:\/\/cardinal-tapes.com\/fr\/rubans-adhesifs-fr\/"},{"@type":"ListItem","position":3,"name":"Doppelseitige Klebeb\u00e4nder","item":"https:\/\/cardinal-tapes.com\/kategorie\/doppelseitige-klebebaender\/"},{"@type":"ListItem","position":4,"name":"ORAFIX\u00ae 1305 Ruban adh\u00e9sif PET silicon\u00e9"}]},{"@type":"WebSite","@id":"https:\/\/cardinal-tapes.com\/#website","url":"https:\/\/cardinal-tapes.com\/","name":"cardinal TAPES","description":"Klebetechnik aus Wuppertal","potentialAction":[{"@type":"SearchAction","target":{"@type":"EntryPoint","urlTemplate":"https:\/\/cardinal-tapes.com\/?s={search_term_string}"},"query-input":{"@type":"PropertyValueSpecification","valueRequired":true,"valueName":"search_term_string"}}],"inLanguage":"fr-FR"}]}},"brands":[{"id":2746,"name":"ORAFOL","slug":"orafol-fr"}],"_links":{"self":[{"href":"https:\/\/cardinal-tapes.com\/fr\/wp-json\/wp\/v2\/product\/38161","targetHints":{"allow":["GET"]}}],"collection":[{"href":"https:\/\/cardinal-tapes.com\/fr\/wp-json\/wp\/v2\/product"}],"about":[{"href":"https:\/\/cardinal-tapes.com\/fr\/wp-json\/wp\/v2\/types\/product"}],"wp:featuredmedia":[{"embeddable":true,"href":"https:\/\/cardinal-tapes.com\/fr\/wp-json\/wp\/v2\/media\/29272"}],"wp:attachment":[{"href":"https:\/\/cardinal-tapes.com\/fr\/wp-json\/wp\/v2\/media?parent=38161"}],"wp:term":[{"taxonomy":"pwb-brand","embeddable":true,"href":"https:\/\/cardinal-tapes.com\/fr\/wp-json\/wp\/v2\/pwb-brand?post=38161"},{"taxonomy":"product_brand","embeddable":true,"href":"https:\/\/cardinal-tapes.com\/fr\/wp-json\/wp\/v2\/product_brand?post=38161"},{"taxonomy":"product_cat","embeddable":true,"href":"https:\/\/cardinal-tapes.com\/fr\/wp-json\/wp\/v2\/product_cat?post=38161"},{"taxonomy":"product_tag","embeddable":true,"href":"https:\/\/cardinal-tapes.com\/fr\/wp-json\/wp\/v2\/product_tag?post=38161"}],"curies":[{"name":"wp","href":"https:\/\/api.w.org\/{rel}","templated":true}]}}