{"id":37939,"date":"2021-09-07T14:24:56","date_gmt":"2021-09-07T12:24:56","guid":{"rendered":"https:\/\/cardinal.pixel-tal.de\/klebebaender\/non class\u00e9\/at215-advance-gaffa-ruban-toile-fluorescent\/"},"modified":"2023-06-05T16:37:50","modified_gmt":"2023-06-05T14:37:50","slug":"at215-advance-gaffa-bande-tissu-fluorescente","status":"publish","type":"product","link":"https:\/\/cardinal-tapes.com\/fr\/rubans-adh\u00e9sifs\/domaines-dapplication\/ruban-adhesif-en-tissu\/at215-advance-gaffa-bande-tissu-fluorescente\/","title":{"rendered":"AT215 Advance Gaffa\u00ae Ruban toil\u00e9 fluorescent"},"content":{"rendered":"<div class=\"first_para_desc\">\n<div class=\"first_para_desc\">\n<div class=\"first_para_desc\">\n<div class=\"first_para_desc\">\n<p>AT215 est une bande de tissu fluorescente enduite d&#8217;un adh\u00e9sif en caoutchouc naturel sp\u00e9cialement con\u00e7u pour ne pas endommager les c\u00e2bles. Cela permet de retirer le ruban adh\u00e9sif des surfaces les plus diverses sans laisser de traces. Il est facilement d\u00e9tachable, peut \u00eatre \u00e9tiquet\u00e9 et ses couleurs vives assurent une bonne visibilit\u00e9 de jour comme de nuit. Le ruban rayonne sous la lumi\u00e8re UV et est un outil indispensable pour chaque \u00e9v\u00e9nement.<\/p>\n<\/div>\n<p><strong>Applications<\/strong><\/p>\n<ul>\n<li>Fixation et mise en faisceau de c\u00e2bles lorsqu&#8217;un adh\u00e9sif compatible avec les c\u00e2bles est n\u00e9cessaire<\/li>\n<li>Code couleur sur sc\u00e8ne ou en coulisses<\/li>\n<li>Marquage et \u00e9tiquetage d&#8217;appareils tels que les pupitres d&#8217;\u00e9clairage ou de mixage<\/li>\n<\/ul>\n<p><strong>Caract\u00e9ristiques<\/strong><\/p>\n<ul>\n<li>\u00c9quipement de tapis<\/li>\n<li>S&#8217;enl\u00e8ve sans laisser de traces<\/li>\n<li>Facile \u00e0 d\u00e9rouler et \u00e0 d\u00e9chirer<\/li>\n<li>R\u00e9sistant \u00e0 l&#8217;eau<\/li>\n<li>Bonne r\u00e9sistance \u00e0 l&#8217;abrasion<\/li>\n<\/ul>\n<\/div>\n<\/div>\n<\/div>\n","protected":false},"excerpt":{"rendered":"<p>AT215 est une bande de tissu fluorescente enduite d&#8217;un adh\u00e9sif en caoutchouc naturel sp\u00e9cialement con\u00e7u pour ne pas endommager les c\u00e2bles. Cela permet de retirer le ruban adh\u00e9sif des surfaces les plus diverses sans laisser de traces. Il est facilement d\u00e9tachable, peut \u00eatre \u00e9tiquet\u00e9 et ses couleurs vives assurent une bonne visibilit\u00e9 de jour comme [&hellip;]<\/p>\n","protected":false},"featured_media":28820,"template":"","meta":{"_acf_changed":false},"pwb-brand":[2328],"product_brand":[],"product_cat":[1735,1836],"product_tag":[],"class_list":{"0":"post-37939","1":"product","2":"type-product","3":"status-publish","4":"has-post-thumbnail","6":"pwb-brand-advance-tapes-fr","7":"product_cat-ruban-adhesif-en-tissu","8":"product_cat-rubans-adhesifs-simple-face","10":"first","11":"instock","12":"taxable","13":"shipping-taxable","14":"purchasable","15":"product-type-variable"},"acf":[],"yoast_head":"<!-- This site is optimized with the Yoast SEO plugin v27.3 - https:\/\/yoast.com\/product\/yoast-seo-wordpress\/ -->\n<title>AT215 Advance Gaffa\u00ae Ruban toil\u00e9 fluorescent | Cardinal TAPES<\/title>\n<meta name=\"description\" content=\"AT215 est une bande de tissu fluorescente enduite d&#039;un adh\u00e9sif en caoutchouc naturel sp\u00e9cialement con\u00e7u pour les c\u00e2bles.\" \/>\n<meta name=\"robots\" content=\"index, follow, max-snippet:-1, max-image-preview:large, max-video-preview:-1\" \/>\n<link rel=\"canonical\" href=\"https:\/\/cardinal-tapes.com\/fr\/rubans-adh\u00e9sifs\/domaines-dapplication\/ruban-adhesif-en-tissu\/at215-advance-gaffa-bande-tissu-fluorescente\/\" \/>\n<meta property=\"og:locale\" content=\"fr_FR\" \/>\n<meta property=\"og:type\" content=\"article\" \/>\n<meta property=\"og:title\" content=\"AT215 Advance Gaffa\u00ae Ruban toil\u00e9 fluorescent | Cardinal TAPES\" \/>\n<meta property=\"og:description\" content=\"AT215 est une bande de tissu fluorescente enduite d&#039;un adh\u00e9sif en caoutchouc naturel sp\u00e9cialement con\u00e7u pour les c\u00e2bles.\" \/>\n<meta property=\"og:url\" content=\"https:\/\/cardinal-tapes.com\/fr\/rubans-adh\u00e9sifs\/domaines-dapplication\/ruban-adhesif-en-tissu\/at215-advance-gaffa-bande-tissu-fluorescente\/\" \/>\n<meta property=\"og:site_name\" content=\"cardinal TAPES\" \/>\n<meta property=\"article:modified_time\" content=\"2023-06-05T14:37:50+00:00\" \/>\n<meta property=\"og:image\" content=\"https:\/\/cardinal-tapes.com\/wp-content\/uploads\/AT215-Group-with-labels.jpg\" \/>\n\t<meta property=\"og:image:width\" content=\"2250\" \/>\n\t<meta property=\"og:image:height\" content=\"2250\" \/>\n\t<meta property=\"og:image:type\" content=\"image\/jpeg\" \/>\n<meta name=\"twitter:card\" content=\"summary_large_image\" \/>\n<meta name=\"twitter:label1\" content=\"Dur\u00e9e de lecture estim\u00e9e\" \/>\n\t<meta name=\"twitter:data1\" content=\"1 minute\" \/>\n<script type=\"application\/ld+json\" class=\"yoast-schema-graph\">{\"@context\":\"https:\\\/\\\/schema.org\",\"@graph\":[{\"@type\":\"WebPage\",\"@id\":\"https:\\\/\\\/cardinal-tapes.com\\\/fr\\\/rubans-adh\u00e9sifs\\\/domaines-dapplication\\\/ruban-adhesif-en-tissu\\\/at215-advance-gaffa-bande-tissu-fluorescente\\\/\",\"url\":\"https:\\\/\\\/cardinal-tapes.com\\\/fr\\\/rubans-adh\u00e9sifs\\\/domaines-dapplication\\\/ruban-adhesif-en-tissu\\\/at215-advance-gaffa-bande-tissu-fluorescente\\\/\",\"name\":\"AT215 Advance Gaffa\u00ae Ruban toil\u00e9 fluorescent | Cardinal TAPES\",\"isPartOf\":{\"@id\":\"https:\\\/\\\/cardinal-tapes.com\\\/#website\"},\"primaryImageOfPage\":{\"@id\":\"https:\\\/\\\/cardinal-tapes.com\\\/fr\\\/rubans-adh\u00e9sifs\\\/domaines-dapplication\\\/ruban-adhesif-en-tissu\\\/at215-advance-gaffa-bande-tissu-fluorescente\\\/#primaryimage\"},\"image\":{\"@id\":\"https:\\\/\\\/cardinal-tapes.com\\\/fr\\\/rubans-adh\u00e9sifs\\\/domaines-dapplication\\\/ruban-adhesif-en-tissu\\\/at215-advance-gaffa-bande-tissu-fluorescente\\\/#primaryimage\"},\"thumbnailUrl\":\"https:\\\/\\\/cardinal-tapes.com\\\/wp-content\\\/uploads\\\/AT215-Group-with-labels.jpg\",\"datePublished\":\"2021-09-07T12:24:56+00:00\",\"dateModified\":\"2023-06-05T14:37:50+00:00\",\"description\":\"AT215 est une bande de tissu fluorescente enduite d'un adh\u00e9sif en caoutchouc naturel sp\u00e9cialement con\u00e7u pour les c\u00e2bles.\",\"breadcrumb\":{\"@id\":\"https:\\\/\\\/cardinal-tapes.com\\\/fr\\\/rubans-adh\u00e9sifs\\\/domaines-dapplication\\\/ruban-adhesif-en-tissu\\\/at215-advance-gaffa-bande-tissu-fluorescente\\\/#breadcrumb\"},\"inLanguage\":\"fr-FR\",\"potentialAction\":[{\"@type\":\"ReadAction\",\"target\":[\"https:\\\/\\\/cardinal-tapes.com\\\/fr\\\/rubans-adh\u00e9sifs\\\/domaines-dapplication\\\/ruban-adhesif-en-tissu\\\/at215-advance-gaffa-bande-tissu-fluorescente\\\/\"]}]},{\"@type\":\"ImageObject\",\"inLanguage\":\"fr-FR\",\"@id\":\"https:\\\/\\\/cardinal-tapes.com\\\/fr\\\/rubans-adh\u00e9sifs\\\/domaines-dapplication\\\/ruban-adhesif-en-tissu\\\/at215-advance-gaffa-bande-tissu-fluorescente\\\/#primaryimage\",\"url\":\"https:\\\/\\\/cardinal-tapes.com\\\/wp-content\\\/uploads\\\/AT215-Group-with-labels.jpg\",\"contentUrl\":\"https:\\\/\\\/cardinal-tapes.com\\\/wp-content\\\/uploads\\\/AT215-Group-with-labels.jpg\",\"width\":2250,\"height\":2250},{\"@type\":\"BreadcrumbList\",\"@id\":\"https:\\\/\\\/cardinal-tapes.com\\\/fr\\\/rubans-adh\u00e9sifs\\\/domaines-dapplication\\\/ruban-adhesif-en-tissu\\\/at215-advance-gaffa-bande-tissu-fluorescente\\\/#breadcrumb\",\"itemListElement\":[{\"@type\":\"ListItem\",\"position\":1,\"name\":\"Startseite\",\"item\":\"https:\\\/\\\/cardinal-tapes.com\\\/fr\\\/accueil\\\/\"},{\"@type\":\"ListItem\",\"position\":2,\"name\":\"Rubans adh\u00e9sifs\",\"item\":\"https:\\\/\\\/cardinal-tapes.com\\\/fr\\\/rubans-adhesifs-fr\\\/\"},{\"@type\":\"ListItem\",\"position\":3,\"name\":\"Einseitige Klebeb\u00e4nder\",\"item\":\"https:\\\/\\\/cardinal-tapes.com\\\/kategorie\\\/einseitige-klebebaender\\\/\"},{\"@type\":\"ListItem\",\"position\":4,\"name\":\"AT215 Advance Gaffa\u00ae Ruban toil\u00e9 fluorescent\"}]},{\"@type\":\"WebSite\",\"@id\":\"https:\\\/\\\/cardinal-tapes.com\\\/#website\",\"url\":\"https:\\\/\\\/cardinal-tapes.com\\\/\",\"name\":\"cardinal TAPES\",\"description\":\"Klebetechnik aus Wuppertal\",\"potentialAction\":[{\"@type\":\"SearchAction\",\"target\":{\"@type\":\"EntryPoint\",\"urlTemplate\":\"https:\\\/\\\/cardinal-tapes.com\\\/?s={search_term_string}\"},\"query-input\":{\"@type\":\"PropertyValueSpecification\",\"valueRequired\":true,\"valueName\":\"search_term_string\"}}],\"inLanguage\":\"fr-FR\"}]}<\/script>\n<!-- \/ Yoast SEO plugin. -->","yoast_head_json":{"title":"AT215 Advance Gaffa\u00ae Ruban toil\u00e9 fluorescent | Cardinal TAPES","description":"AT215 est une bande de tissu fluorescente enduite d'un adh\u00e9sif en caoutchouc naturel sp\u00e9cialement con\u00e7u pour les c\u00e2bles.","robots":{"index":"index","follow":"follow","max-snippet":"max-snippet:-1","max-image-preview":"max-image-preview:large","max-video-preview":"max-video-preview:-1"},"canonical":"https:\/\/cardinal-tapes.com\/fr\/rubans-adh\u00e9sifs\/domaines-dapplication\/ruban-adhesif-en-tissu\/at215-advance-gaffa-bande-tissu-fluorescente\/","og_locale":"fr_FR","og_type":"article","og_title":"AT215 Advance Gaffa\u00ae Ruban toil\u00e9 fluorescent | Cardinal TAPES","og_description":"AT215 est une bande de tissu fluorescente enduite d'un adh\u00e9sif en caoutchouc naturel sp\u00e9cialement con\u00e7u pour les c\u00e2bles.","og_url":"https:\/\/cardinal-tapes.com\/fr\/rubans-adh\u00e9sifs\/domaines-dapplication\/ruban-adhesif-en-tissu\/at215-advance-gaffa-bande-tissu-fluorescente\/","og_site_name":"cardinal TAPES","article_modified_time":"2023-06-05T14:37:50+00:00","og_image":[{"width":2250,"height":2250,"url":"https:\/\/cardinal-tapes.com\/wp-content\/uploads\/AT215-Group-with-labels.jpg","type":"image\/jpeg"}],"twitter_card":"summary_large_image","twitter_misc":{"Dur\u00e9e de lecture estim\u00e9e":"1 minute"},"schema":{"@context":"https:\/\/schema.org","@graph":[{"@type":"WebPage","@id":"https:\/\/cardinal-tapes.com\/fr\/rubans-adh\u00e9sifs\/domaines-dapplication\/ruban-adhesif-en-tissu\/at215-advance-gaffa-bande-tissu-fluorescente\/","url":"https:\/\/cardinal-tapes.com\/fr\/rubans-adh\u00e9sifs\/domaines-dapplication\/ruban-adhesif-en-tissu\/at215-advance-gaffa-bande-tissu-fluorescente\/","name":"AT215 Advance Gaffa\u00ae Ruban toil\u00e9 fluorescent | Cardinal TAPES","isPartOf":{"@id":"https:\/\/cardinal-tapes.com\/#website"},"primaryImageOfPage":{"@id":"https:\/\/cardinal-tapes.com\/fr\/rubans-adh\u00e9sifs\/domaines-dapplication\/ruban-adhesif-en-tissu\/at215-advance-gaffa-bande-tissu-fluorescente\/#primaryimage"},"image":{"@id":"https:\/\/cardinal-tapes.com\/fr\/rubans-adh\u00e9sifs\/domaines-dapplication\/ruban-adhesif-en-tissu\/at215-advance-gaffa-bande-tissu-fluorescente\/#primaryimage"},"thumbnailUrl":"https:\/\/cardinal-tapes.com\/wp-content\/uploads\/AT215-Group-with-labels.jpg","datePublished":"2021-09-07T12:24:56+00:00","dateModified":"2023-06-05T14:37:50+00:00","description":"AT215 est une bande de tissu fluorescente enduite d'un adh\u00e9sif en caoutchouc naturel sp\u00e9cialement con\u00e7u pour les c\u00e2bles.","breadcrumb":{"@id":"https:\/\/cardinal-tapes.com\/fr\/rubans-adh\u00e9sifs\/domaines-dapplication\/ruban-adhesif-en-tissu\/at215-advance-gaffa-bande-tissu-fluorescente\/#breadcrumb"},"inLanguage":"fr-FR","potentialAction":[{"@type":"ReadAction","target":["https:\/\/cardinal-tapes.com\/fr\/rubans-adh\u00e9sifs\/domaines-dapplication\/ruban-adhesif-en-tissu\/at215-advance-gaffa-bande-tissu-fluorescente\/"]}]},{"@type":"ImageObject","inLanguage":"fr-FR","@id":"https:\/\/cardinal-tapes.com\/fr\/rubans-adh\u00e9sifs\/domaines-dapplication\/ruban-adhesif-en-tissu\/at215-advance-gaffa-bande-tissu-fluorescente\/#primaryimage","url":"https:\/\/cardinal-tapes.com\/wp-content\/uploads\/AT215-Group-with-labels.jpg","contentUrl":"https:\/\/cardinal-tapes.com\/wp-content\/uploads\/AT215-Group-with-labels.jpg","width":2250,"height":2250},{"@type":"BreadcrumbList","@id":"https:\/\/cardinal-tapes.com\/fr\/rubans-adh\u00e9sifs\/domaines-dapplication\/ruban-adhesif-en-tissu\/at215-advance-gaffa-bande-tissu-fluorescente\/#breadcrumb","itemListElement":[{"@type":"ListItem","position":1,"name":"Startseite","item":"https:\/\/cardinal-tapes.com\/fr\/accueil\/"},{"@type":"ListItem","position":2,"name":"Rubans adh\u00e9sifs","item":"https:\/\/cardinal-tapes.com\/fr\/rubans-adhesifs-fr\/"},{"@type":"ListItem","position":3,"name":"Einseitige Klebeb\u00e4nder","item":"https:\/\/cardinal-tapes.com\/kategorie\/einseitige-klebebaender\/"},{"@type":"ListItem","position":4,"name":"AT215 Advance Gaffa\u00ae Ruban toil\u00e9 fluorescent"}]},{"@type":"WebSite","@id":"https:\/\/cardinal-tapes.com\/#website","url":"https:\/\/cardinal-tapes.com\/","name":"cardinal TAPES","description":"Klebetechnik aus Wuppertal","potentialAction":[{"@type":"SearchAction","target":{"@type":"EntryPoint","urlTemplate":"https:\/\/cardinal-tapes.com\/?s={search_term_string}"},"query-input":{"@type":"PropertyValueSpecification","valueRequired":true,"valueName":"search_term_string"}}],"inLanguage":"fr-FR"}]}},"brands":[{"id":2328,"name":"Advance Tapes","slug":"advance-tapes-fr"}],"_links":{"self":[{"href":"https:\/\/cardinal-tapes.com\/fr\/wp-json\/wp\/v2\/product\/37939","targetHints":{"allow":["GET"]}}],"collection":[{"href":"https:\/\/cardinal-tapes.com\/fr\/wp-json\/wp\/v2\/product"}],"about":[{"href":"https:\/\/cardinal-tapes.com\/fr\/wp-json\/wp\/v2\/types\/product"}],"wp:featuredmedia":[{"embeddable":true,"href":"https:\/\/cardinal-tapes.com\/fr\/wp-json\/wp\/v2\/media\/28820"}],"wp:attachment":[{"href":"https:\/\/cardinal-tapes.com\/fr\/wp-json\/wp\/v2\/media?parent=37939"}],"wp:term":[{"taxonomy":"pwb-brand","embeddable":true,"href":"https:\/\/cardinal-tapes.com\/fr\/wp-json\/wp\/v2\/pwb-brand?post=37939"},{"taxonomy":"product_brand","embeddable":true,"href":"https:\/\/cardinal-tapes.com\/fr\/wp-json\/wp\/v2\/product_brand?post=37939"},{"taxonomy":"product_cat","embeddable":true,"href":"https:\/\/cardinal-tapes.com\/fr\/wp-json\/wp\/v2\/product_cat?post=37939"},{"taxonomy":"product_tag","embeddable":true,"href":"https:\/\/cardinal-tapes.com\/fr\/wp-json\/wp\/v2\/product_tag?post=37939"}],"curies":[{"name":"wp","href":"https:\/\/api.w.org\/{rel}","templated":true}]}}