{"id":37936,"date":"2021-09-27T09:16:16","date_gmt":"2023-06-05T14:37:50","guid":{"rendered":"https:\/\/cardinal.pixel-tal.de\/klebebaender\/non%20class\u00e9\/ruban-adhesif-h-old-6sl-pet\/"},"modified":"2025-07-02T12:35:09","modified_gmt":"2025-07-02T10:35:09","slug":"ruban-adhesif-h-old-pet-6sl-a","status":"publish","type":"product","link":"https:\/\/cardinal-tapes.com\/fr\/rubans-adh\u00e9sifs\/rubans-adhesifs-simple-face\/film-pet\/ruban-adhesif-h-old-pet-6sl-a\/","title":{"rendered":"Ruban adh\u00e9sif h-old\u00ae 6SL PET"},"content":{"rendered":"<p><span id=\"[0,2]\" class=\"word\">Le ruban adh\u00e9sif h-old\u00ae PET 6 SL se compose d&#8217;un<\/span> <span id=\"[10,24]\" class=\"word\">film polyester<\/span>de 0,023 mm d&#8217;\u00e9paisseur,<span id=\"[77,87]\" class=\"word\">enduit<\/span> <span id=\"[26,35]\" class=\"word\">sur une face<\/span> <span id=\"[36,39]\" class=\"word\">d<\/span> &#8216; un <span id=\"[53,75]\" class=\"word\">syst\u00e8me adh\u00e9sif silicone<\/span> <span id=\"[40,52]\" class=\"word\">de haute qualit\u00e9<\/span>. Le ruban adh\u00e9sif est<span id=\"[90,100]\" class=\"word\">con\u00e7u<\/span> <span id=\"[101,104]\" class=\"word\">pour<\/span> l&#8217;<span id=\"[105,114]\" class=\"word\">\u00e9pissage<\/span> <span id=\"[115,118]\" class=\"word\">de<\/span> <span id=\"[135,143]\" class=\"word\">papiers<\/span><span id=\"[145,147]\" class=\"word\">et<\/span> <span id=\"[148,154]\" class=\"word\">de films<\/span> <span id=\"[119,134]\" class=\"word\">silicon\u00e9s<\/span>, pour les <span id=\"[156,171]\" class=\"word\">op\u00e9rations de masquage ou pour les <\/span><span id=\"[173,192]\" class=\"word\">dispositifs de protection<\/span><span id=\"[194,196]\" class=\"word\">, etc<\/span>. Il se caract\u00e9rise \u00e9galement par une<span id=\"[199,203]\" class=\"word\">bonne<\/span> <span id=\"[204,211]\" class=\"word\">adh\u00e9rence<\/span> <span id=\"[212,215]\" class=\"word\">sur les<\/span> <span id=\"[216,231]\" class=\"word\">LSE et une r\u00e9sistance \u00e9lev\u00e9e \u00e0 la chaleur jusqu&#8217;\u00e0 200\u00b0C pendant une courte p\u00e9riode. 6SL<\/span>  est <span id=\"[262,268]\" class=\"word\">disponible<\/span> en <span id=\"[248,261]\" class=\"word\">plusieurs<\/span> couleurs.<\/p>\n<p><strong>Propri\u00e9t\u00e9s<\/strong><br \/>\n&#8211; tr\u00e8s bonne r\u00e9sistance \u00e0 la chaleur<br \/>\n&#8211; bonne r\u00e9sistance aux produits chimiques<\/p>\n<p><strong>Applications<\/strong><br \/>\n&#8211; pour les <span id=\"[156,171]\" class=\"word\">op\u00e9rations de masquage ou les <\/span><span id=\"[173,192]\" class=\"word\">dispositifs de protection<\/span><\/p>\n","protected":false},"excerpt":{"rendered":"<p>Le ruban adh\u00e9sif h-old\u00ae PET 6 SL se compose d&#8217;un film polyesterde 0,023 mm d&#8217;\u00e9paisseur,enduit sur une face d &#8216; un syst\u00e8me adh\u00e9sif silicone de haute qualit\u00e9. Le ruban adh\u00e9sif estcon\u00e7u pour l&#8217;\u00e9pissage de papierset de films silicon\u00e9s, pour les op\u00e9rations de masquage ou pour les dispositifs de protection, etc. Il se caract\u00e9rise \u00e9galement par [&hellip;]<\/p>\n","protected":false},"featured_media":28884,"template":"","meta":{"_acf_changed":false},"pwb-brand":[2330,2367],"product_brand":[],"product_cat":[1836,1839],"product_tag":[],"class_list":{"0":"post-37936","1":"product","2":"type-product","3":"status-publish","4":"has-post-thumbnail","6":"pwb-brand-saint-gobain-fr","7":"pwb-brand-h-old-fr","8":"product_cat-rubans-adhesifs-simple-face","9":"product_cat-film-pet","11":"first","12":"instock","13":"taxable","14":"shipping-taxable","15":"product-type-simple"},"acf":[],"yoast_head":"<!-- This site is optimized with the Yoast SEO plugin v27.3 - https:\/\/yoast.com\/product\/yoast-seo-wordpress\/ -->\n<title>h-old PET 6SL Bande adh\u00e9sive en PET | Cardinal TAPES<\/title>\n<meta name=\"description\" content=\"Le ruban adh\u00e9sif hold PET est compos\u00e9 d&#039;un film polyester de 0,023 mm d&#039;\u00e9paisseur, con\u00e7u pour \u00e9pisser les papiers et films silicon\u00e9s.\" \/>\n<meta name=\"robots\" content=\"index, follow, max-snippet:-1, max-image-preview:large, max-video-preview:-1\" \/>\n<link rel=\"canonical\" href=\"https:\/\/cardinal-tapes.com\/fr\/rubans-adh\u00e9sifs\/rubans-adhesifs-simple-face\/film-pet\/ruban-adhesif-h-old-pet-6sl-a\/\" \/>\n<meta property=\"og:locale\" content=\"fr_FR\" \/>\n<meta property=\"og:type\" content=\"article\" \/>\n<meta property=\"og:title\" content=\"h-old PET 6SL Bande adh\u00e9sive en PET | Cardinal TAPES\" \/>\n<meta property=\"og:description\" content=\"Le ruban adh\u00e9sif hold PET est compos\u00e9 d&#039;un film polyester de 0,023 mm d&#039;\u00e9paisseur, con\u00e7u pour \u00e9pisser les papiers et films silicon\u00e9s.\" \/>\n<meta property=\"og:url\" content=\"https:\/\/cardinal-tapes.com\/fr\/rubans-adh\u00e9sifs\/rubans-adhesifs-simple-face\/film-pet\/ruban-adhesif-h-old-pet-6sl-a\/\" \/>\n<meta property=\"og:site_name\" content=\"cardinal TAPES\" \/>\n<meta property=\"article:modified_time\" content=\"2025-07-02T10:35:09+00:00\" \/>\n<meta property=\"og:image\" content=\"https:\/\/cardinal-tapes.com\/wp-content\/uploads\/H-old-PET-Silicone-P40-Red-A_203772.png\" \/>\n\t<meta property=\"og:image:width\" content=\"415\" \/>\n\t<meta property=\"og:image:height\" content=\"415\" \/>\n\t<meta property=\"og:image:type\" content=\"image\/png\" \/>\n<meta name=\"twitter:card\" content=\"summary_large_image\" \/>\n<meta name=\"twitter:label1\" content=\"Dur\u00e9e de lecture estim\u00e9e\" \/>\n\t<meta name=\"twitter:data1\" content=\"1 minute\" \/>\n<script type=\"application\/ld+json\" class=\"yoast-schema-graph\">{\"@context\":\"https:\\\/\\\/schema.org\",\"@graph\":[{\"@type\":\"WebPage\",\"@id\":\"https:\\\/\\\/cardinal-tapes.com\\\/fr\\\/rubans-adh\u00e9sifs\\\/rubans-adhesifs-simple-face\\\/film-pet\\\/ruban-adhesif-h-old-pet-6sl-a\\\/\",\"url\":\"https:\\\/\\\/cardinal-tapes.com\\\/fr\\\/rubans-adh\u00e9sifs\\\/rubans-adhesifs-simple-face\\\/film-pet\\\/ruban-adhesif-h-old-pet-6sl-a\\\/\",\"name\":\"h-old PET 6SL Bande adh\u00e9sive en PET | Cardinal TAPES\",\"isPartOf\":{\"@id\":\"https:\\\/\\\/cardinal-tapes.com\\\/#website\"},\"primaryImageOfPage\":{\"@id\":\"https:\\\/\\\/cardinal-tapes.com\\\/fr\\\/rubans-adh\u00e9sifs\\\/rubans-adhesifs-simple-face\\\/film-pet\\\/ruban-adhesif-h-old-pet-6sl-a\\\/#primaryimage\"},\"image\":{\"@id\":\"https:\\\/\\\/cardinal-tapes.com\\\/fr\\\/rubans-adh\u00e9sifs\\\/rubans-adhesifs-simple-face\\\/film-pet\\\/ruban-adhesif-h-old-pet-6sl-a\\\/#primaryimage\"},\"thumbnailUrl\":\"https:\\\/\\\/cardinal-tapes.com\\\/wp-content\\\/uploads\\\/H-old-PET-Silicone-P40-Red-A_203772.png\",\"datePublished\":\"2023-06-05T14:37:50+00:00\",\"dateModified\":\"2025-07-02T10:35:09+00:00\",\"description\":\"Le ruban adh\u00e9sif hold PET est compos\u00e9 d'un film polyester de 0,023 mm d'\u00e9paisseur, con\u00e7u pour \u00e9pisser les papiers et films silicon\u00e9s.\",\"breadcrumb\":{\"@id\":\"https:\\\/\\\/cardinal-tapes.com\\\/fr\\\/rubans-adh\u00e9sifs\\\/rubans-adhesifs-simple-face\\\/film-pet\\\/ruban-adhesif-h-old-pet-6sl-a\\\/#breadcrumb\"},\"inLanguage\":\"fr-FR\",\"potentialAction\":[{\"@type\":\"ReadAction\",\"target\":[\"https:\\\/\\\/cardinal-tapes.com\\\/fr\\\/rubans-adh\u00e9sifs\\\/rubans-adhesifs-simple-face\\\/film-pet\\\/ruban-adhesif-h-old-pet-6sl-a\\\/\"]}]},{\"@type\":\"ImageObject\",\"inLanguage\":\"fr-FR\",\"@id\":\"https:\\\/\\\/cardinal-tapes.com\\\/fr\\\/rubans-adh\u00e9sifs\\\/rubans-adhesifs-simple-face\\\/film-pet\\\/ruban-adhesif-h-old-pet-6sl-a\\\/#primaryimage\",\"url\":\"https:\\\/\\\/cardinal-tapes.com\\\/wp-content\\\/uploads\\\/H-old-PET-Silicone-P40-Red-A_203772.png\",\"contentUrl\":\"https:\\\/\\\/cardinal-tapes.com\\\/wp-content\\\/uploads\\\/H-old-PET-Silicone-P40-Red-A_203772.png\",\"width\":415,\"height\":415},{\"@type\":\"BreadcrumbList\",\"@id\":\"https:\\\/\\\/cardinal-tapes.com\\\/fr\\\/rubans-adh\u00e9sifs\\\/rubans-adhesifs-simple-face\\\/film-pet\\\/ruban-adhesif-h-old-pet-6sl-a\\\/#breadcrumb\",\"itemListElement\":[{\"@type\":\"ListItem\",\"position\":1,\"name\":\"Startseite\",\"item\":\"https:\\\/\\\/cardinal-tapes.com\\\/fr\\\/accueil\\\/\"},{\"@type\":\"ListItem\",\"position\":2,\"name\":\"Rubans adh\u00e9sifs\",\"item\":\"https:\\\/\\\/cardinal-tapes.com\\\/fr\\\/rubans-adhesifs-fr\\\/\"},{\"@type\":\"ListItem\",\"position\":3,\"name\":\"Rubans adh\u00e9sifs simple face\",\"item\":\"https:\\\/\\\/cardinal-tapes.com\\\/fr\\\/catgorie\\\/rubans-adhesifs-simple-face\\\/\"},{\"@type\":\"ListItem\",\"position\":4,\"name\":\"Film PET\",\"item\":\"https:\\\/\\\/cardinal-tapes.com\\\/fr\\\/catgorie\\\/film-pet\\\/\"},{\"@type\":\"ListItem\",\"position\":5,\"name\":\"Ruban adh\u00e9sif h-old\u00ae 6SL PET\"}]},{\"@type\":\"WebSite\",\"@id\":\"https:\\\/\\\/cardinal-tapes.com\\\/#website\",\"url\":\"https:\\\/\\\/cardinal-tapes.com\\\/\",\"name\":\"cardinal TAPES\",\"description\":\"Klebetechnik aus Wuppertal\",\"potentialAction\":[{\"@type\":\"SearchAction\",\"target\":{\"@type\":\"EntryPoint\",\"urlTemplate\":\"https:\\\/\\\/cardinal-tapes.com\\\/?s={search_term_string}\"},\"query-input\":{\"@type\":\"PropertyValueSpecification\",\"valueRequired\":true,\"valueName\":\"search_term_string\"}}],\"inLanguage\":\"fr-FR\"}]}<\/script>\n<!-- \/ Yoast SEO plugin. -->","yoast_head_json":{"title":"h-old PET 6SL Bande adh\u00e9sive en PET | Cardinal TAPES","description":"Le ruban adh\u00e9sif hold PET est compos\u00e9 d'un film polyester de 0,023 mm d'\u00e9paisseur, con\u00e7u pour \u00e9pisser les papiers et films silicon\u00e9s.","robots":{"index":"index","follow":"follow","max-snippet":"max-snippet:-1","max-image-preview":"max-image-preview:large","max-video-preview":"max-video-preview:-1"},"canonical":"https:\/\/cardinal-tapes.com\/fr\/rubans-adh\u00e9sifs\/rubans-adhesifs-simple-face\/film-pet\/ruban-adhesif-h-old-pet-6sl-a\/","og_locale":"fr_FR","og_type":"article","og_title":"h-old PET 6SL Bande adh\u00e9sive en PET | Cardinal TAPES","og_description":"Le ruban adh\u00e9sif hold PET est compos\u00e9 d'un film polyester de 0,023 mm d'\u00e9paisseur, con\u00e7u pour \u00e9pisser les papiers et films silicon\u00e9s.","og_url":"https:\/\/cardinal-tapes.com\/fr\/rubans-adh\u00e9sifs\/rubans-adhesifs-simple-face\/film-pet\/ruban-adhesif-h-old-pet-6sl-a\/","og_site_name":"cardinal TAPES","article_modified_time":"2025-07-02T10:35:09+00:00","og_image":[{"width":415,"height":415,"url":"https:\/\/cardinal-tapes.com\/wp-content\/uploads\/H-old-PET-Silicone-P40-Red-A_203772.png","type":"image\/png"}],"twitter_card":"summary_large_image","twitter_misc":{"Dur\u00e9e de lecture estim\u00e9e":"1 minute"},"schema":{"@context":"https:\/\/schema.org","@graph":[{"@type":"WebPage","@id":"https:\/\/cardinal-tapes.com\/fr\/rubans-adh\u00e9sifs\/rubans-adhesifs-simple-face\/film-pet\/ruban-adhesif-h-old-pet-6sl-a\/","url":"https:\/\/cardinal-tapes.com\/fr\/rubans-adh\u00e9sifs\/rubans-adhesifs-simple-face\/film-pet\/ruban-adhesif-h-old-pet-6sl-a\/","name":"h-old PET 6SL Bande adh\u00e9sive en PET | Cardinal TAPES","isPartOf":{"@id":"https:\/\/cardinal-tapes.com\/#website"},"primaryImageOfPage":{"@id":"https:\/\/cardinal-tapes.com\/fr\/rubans-adh\u00e9sifs\/rubans-adhesifs-simple-face\/film-pet\/ruban-adhesif-h-old-pet-6sl-a\/#primaryimage"},"image":{"@id":"https:\/\/cardinal-tapes.com\/fr\/rubans-adh\u00e9sifs\/rubans-adhesifs-simple-face\/film-pet\/ruban-adhesif-h-old-pet-6sl-a\/#primaryimage"},"thumbnailUrl":"https:\/\/cardinal-tapes.com\/wp-content\/uploads\/H-old-PET-Silicone-P40-Red-A_203772.png","datePublished":"2023-06-05T14:37:50+00:00","dateModified":"2025-07-02T10:35:09+00:00","description":"Le ruban adh\u00e9sif hold PET est compos\u00e9 d'un film polyester de 0,023 mm d'\u00e9paisseur, con\u00e7u pour \u00e9pisser les papiers et films silicon\u00e9s.","breadcrumb":{"@id":"https:\/\/cardinal-tapes.com\/fr\/rubans-adh\u00e9sifs\/rubans-adhesifs-simple-face\/film-pet\/ruban-adhesif-h-old-pet-6sl-a\/#breadcrumb"},"inLanguage":"fr-FR","potentialAction":[{"@type":"ReadAction","target":["https:\/\/cardinal-tapes.com\/fr\/rubans-adh\u00e9sifs\/rubans-adhesifs-simple-face\/film-pet\/ruban-adhesif-h-old-pet-6sl-a\/"]}]},{"@type":"ImageObject","inLanguage":"fr-FR","@id":"https:\/\/cardinal-tapes.com\/fr\/rubans-adh\u00e9sifs\/rubans-adhesifs-simple-face\/film-pet\/ruban-adhesif-h-old-pet-6sl-a\/#primaryimage","url":"https:\/\/cardinal-tapes.com\/wp-content\/uploads\/H-old-PET-Silicone-P40-Red-A_203772.png","contentUrl":"https:\/\/cardinal-tapes.com\/wp-content\/uploads\/H-old-PET-Silicone-P40-Red-A_203772.png","width":415,"height":415},{"@type":"BreadcrumbList","@id":"https:\/\/cardinal-tapes.com\/fr\/rubans-adh\u00e9sifs\/rubans-adhesifs-simple-face\/film-pet\/ruban-adhesif-h-old-pet-6sl-a\/#breadcrumb","itemListElement":[{"@type":"ListItem","position":1,"name":"Startseite","item":"https:\/\/cardinal-tapes.com\/fr\/accueil\/"},{"@type":"ListItem","position":2,"name":"Rubans adh\u00e9sifs","item":"https:\/\/cardinal-tapes.com\/fr\/rubans-adhesifs-fr\/"},{"@type":"ListItem","position":3,"name":"Rubans adh\u00e9sifs simple face","item":"https:\/\/cardinal-tapes.com\/fr\/catgorie\/rubans-adhesifs-simple-face\/"},{"@type":"ListItem","position":4,"name":"Film PET","item":"https:\/\/cardinal-tapes.com\/fr\/catgorie\/film-pet\/"},{"@type":"ListItem","position":5,"name":"Ruban adh\u00e9sif h-old\u00ae 6SL PET"}]},{"@type":"WebSite","@id":"https:\/\/cardinal-tapes.com\/#website","url":"https:\/\/cardinal-tapes.com\/","name":"cardinal TAPES","description":"Klebetechnik aus Wuppertal","potentialAction":[{"@type":"SearchAction","target":{"@type":"EntryPoint","urlTemplate":"https:\/\/cardinal-tapes.com\/?s={search_term_string}"},"query-input":{"@type":"PropertyValueSpecification","valueRequired":true,"valueName":"search_term_string"}}],"inLanguage":"fr-FR"}]}},"brands":[{"id":2330,"name":"Saint-Gobain Performance Plastics","slug":"saint-gobain-fr"},{"id":2367,"name":"Saint-Gobain h-old","slug":"h-old-fr"}],"_links":{"self":[{"href":"https:\/\/cardinal-tapes.com\/fr\/wp-json\/wp\/v2\/product\/37936","targetHints":{"allow":["GET"]}}],"collection":[{"href":"https:\/\/cardinal-tapes.com\/fr\/wp-json\/wp\/v2\/product"}],"about":[{"href":"https:\/\/cardinal-tapes.com\/fr\/wp-json\/wp\/v2\/types\/product"}],"wp:featuredmedia":[{"embeddable":true,"href":"https:\/\/cardinal-tapes.com\/fr\/wp-json\/wp\/v2\/media\/28884"}],"wp:attachment":[{"href":"https:\/\/cardinal-tapes.com\/fr\/wp-json\/wp\/v2\/media?parent=37936"}],"wp:term":[{"taxonomy":"pwb-brand","embeddable":true,"href":"https:\/\/cardinal-tapes.com\/fr\/wp-json\/wp\/v2\/pwb-brand?post=37936"},{"taxonomy":"product_brand","embeddable":true,"href":"https:\/\/cardinal-tapes.com\/fr\/wp-json\/wp\/v2\/product_brand?post=37936"},{"taxonomy":"product_cat","embeddable":true,"href":"https:\/\/cardinal-tapes.com\/fr\/wp-json\/wp\/v2\/product_cat?post=37936"},{"taxonomy":"product_tag","embeddable":true,"href":"https:\/\/cardinal-tapes.com\/fr\/wp-json\/wp\/v2\/product_tag?post=37936"}],"curies":[{"name":"wp","href":"https:\/\/api.w.org\/{rel}","templated":true}]}}