{"id":37677,"date":"2021-09-27T10:02:37","date_gmt":"2023-06-05T14:37:43","guid":{"rendered":"https:\/\/cardinal.pixel-tal.de\/klebebaender\/non%20class\u00e9\/h-old-p-40-ruban-adhesif-en-polyester\/"},"modified":"2025-07-02T12:28:49","modified_gmt":"2025-07-02T10:28:49","slug":"ruban-adhesif-h-old-polyester-p-40","status":"publish","type":"product","link":"https:\/\/cardinal-tapes.com\/fr\/rubans-adh\u00e9sifs\/rubans-adhesifs-simple-face\/film-pet\/ruban-adhesif-h-old-polyester-p-40\/","title":{"rendered":"h-old\u00ae P.40 Ruban adh\u00e9sif en polyester"},"content":{"rendered":"<p><span id=\"[0,2]\" class=\"word\">Le ruban adh\u00e9sif en polyester h-old\u00ae P.40 est un ruban adh\u00e9sif de 0,06 mm d&#8217;\u00e9paisseur, compos\u00e9 d&#8217;un support en <\/span><span id=\"[10,24]\" class=\"word\">film polyester <\/span> <span id=\"[54,67]\" class=\"word\">enduit<\/span><span id=\"[37,40]\" class=\"word\">d&#8217;un<\/span> adh\u00e9sif silicone <span id=\"[41,53]\" class=\"word\">de haute qualit\u00e9<\/span>. Il est <span id=\"[70,80]\" class=\"word\">con\u00e7u<\/span> <span id=\"[81,84]\" class=\"word\">pour les<\/span> <span id=\"[102,117]\" class=\"word\">travaux<\/span> <span id=\"[85,96]\" class=\"word\">de masquage<\/span><span id=\"[99,101]\" class=\"word\">et<\/span> d&#8217;\u00e9pissure <span id=\"[123,128]\" class=\"word\">qui<\/span> <span id=\"[194,198]\" class=\"word\">n\u00e9cessitent<\/span> <span id=\"[129,133]\" class=\"word\">une<\/span> <span id=\"[134,157]\" class=\"word\">r\u00e9sistance aux temp\u00e9ratures \u00e9lev\u00e9es<\/span><span id=\"[159,161]\" class=\"word\">et un<\/span> <span id=\"[171,180]\" class=\"word\">retrait<\/span> <span id=\"[162,170]\" class=\"word\">propre<\/span>. De plus, il est particuli\u00e8rement efficace contre  <span id=\"[228,254]\" class=\"word\">R\u00e9sistant aux solvants. Le ruban adh\u00e9sif<span id=\"[0,2]\" class=\"word\"> P.40 est disponible en diff\u00e9rentes couleurs.<\/span><\/span><\/p>\n<p><strong>Propri\u00e9t\u00e9s<\/strong><br \/>\n&#8211; tr\u00e8s haute r\u00e9sistance \u00e0 la temp\u00e9rature<br \/>\n&#8211; bonne r\u00e9sistance aux solvants<\/p>\n<p><strong>Applications<\/strong><br \/>\n&#8211; convient pour l&#8217;\u00e9pissure<\/p>\n","protected":false},"excerpt":{"rendered":"<p>Le ruban adh\u00e9sif en polyester h-old\u00ae P.40 est un ruban adh\u00e9sif de 0,06 mm d&#8217;\u00e9paisseur, compos\u00e9 d&#8217;un support en film polyester enduitd&#8217;un adh\u00e9sif silicone de haute qualit\u00e9. Il est con\u00e7u pour les travaux de masquageet d&#8217;\u00e9pissure qui n\u00e9cessitent une r\u00e9sistance aux temp\u00e9ratures \u00e9lev\u00e9eset un retrait propre. De plus, il est particuli\u00e8rement efficace contre R\u00e9sistant aux [&hellip;]<\/p>\n","protected":false},"featured_media":28880,"template":"","meta":{"_acf_changed":false},"pwb-brand":[2330,2367],"product_brand":[],"product_cat":[1836,1839],"product_tag":[],"class_list":{"0":"post-37677","1":"product","2":"type-product","3":"status-publish","4":"has-post-thumbnail","6":"pwb-brand-saint-gobain-fr","7":"pwb-brand-h-old-fr","8":"product_cat-rubans-adhesifs-simple-face","9":"product_cat-film-pet","11":"first","12":"instock","13":"taxable","14":"shipping-taxable","15":"product-type-simple"},"acf":[],"yoast_head":"<!-- This site is optimized with the Yoast SEO plugin v27.3 - https:\/\/yoast.com\/product\/yoast-seo-wordpress\/ -->\n<title>h-old P.40 Ruban adh\u00e9sif en polyester | Cardinal TAPES<\/title>\n<meta name=\"description\" content=\"Le ruban adh\u00e9sif en polyester hold P.40 est un ruban adh\u00e9sif de 0,06 mm d&#039;\u00e9paisseur, compos\u00e9 d&#039;un support en film polyester enduit d&#039;une colle silicone de haute qualit\u00e9.\" \/>\n<meta name=\"robots\" content=\"index, follow, max-snippet:-1, max-image-preview:large, max-video-preview:-1\" \/>\n<link rel=\"canonical\" href=\"https:\/\/cardinal-tapes.com\/fr\/rubans-adh\u00e9sifs\/rubans-adhesifs-simple-face\/film-pet\/ruban-adhesif-h-old-polyester-p-40\/\" \/>\n<meta property=\"og:locale\" content=\"fr_FR\" \/>\n<meta property=\"og:type\" content=\"article\" \/>\n<meta property=\"og:title\" content=\"h-old P.40 Ruban adh\u00e9sif en polyester | Cardinal TAPES\" \/>\n<meta property=\"og:description\" content=\"Le ruban adh\u00e9sif en polyester hold P.40 est un ruban adh\u00e9sif de 0,06 mm d&#039;\u00e9paisseur, compos\u00e9 d&#039;un support en film polyester enduit d&#039;une colle silicone de haute qualit\u00e9.\" \/>\n<meta property=\"og:url\" content=\"https:\/\/cardinal-tapes.com\/fr\/rubans-adh\u00e9sifs\/rubans-adhesifs-simple-face\/film-pet\/ruban-adhesif-h-old-polyester-p-40\/\" \/>\n<meta property=\"og:site_name\" content=\"cardinal TAPES\" \/>\n<meta property=\"article:modified_time\" content=\"2025-07-02T10:28:49+00:00\" \/>\n<meta property=\"og:image\" content=\"https:\/\/cardinal-tapes.com\/wp-content\/uploads\/H-old-PET-Silicone-6SL-Green-A_203768.png\" \/>\n\t<meta property=\"og:image:width\" content=\"415\" \/>\n\t<meta property=\"og:image:height\" content=\"415\" \/>\n\t<meta property=\"og:image:type\" content=\"image\/png\" \/>\n<meta name=\"twitter:card\" content=\"summary_large_image\" \/>\n<meta name=\"twitter:label1\" content=\"Dur\u00e9e de lecture estim\u00e9e\" \/>\n\t<meta name=\"twitter:data1\" content=\"1 minute\" \/>\n<script type=\"application\/ld+json\" class=\"yoast-schema-graph\">{\"@context\":\"https:\\\/\\\/schema.org\",\"@graph\":[{\"@type\":\"WebPage\",\"@id\":\"https:\\\/\\\/cardinal-tapes.com\\\/fr\\\/rubans-adh\u00e9sifs\\\/rubans-adhesifs-simple-face\\\/film-pet\\\/ruban-adhesif-h-old-polyester-p-40\\\/\",\"url\":\"https:\\\/\\\/cardinal-tapes.com\\\/fr\\\/rubans-adh\u00e9sifs\\\/rubans-adhesifs-simple-face\\\/film-pet\\\/ruban-adhesif-h-old-polyester-p-40\\\/\",\"name\":\"h-old P.40 Ruban adh\u00e9sif en polyester | Cardinal TAPES\",\"isPartOf\":{\"@id\":\"https:\\\/\\\/cardinal-tapes.com\\\/#website\"},\"primaryImageOfPage\":{\"@id\":\"https:\\\/\\\/cardinal-tapes.com\\\/fr\\\/rubans-adh\u00e9sifs\\\/rubans-adhesifs-simple-face\\\/film-pet\\\/ruban-adhesif-h-old-polyester-p-40\\\/#primaryimage\"},\"image\":{\"@id\":\"https:\\\/\\\/cardinal-tapes.com\\\/fr\\\/rubans-adh\u00e9sifs\\\/rubans-adhesifs-simple-face\\\/film-pet\\\/ruban-adhesif-h-old-polyester-p-40\\\/#primaryimage\"},\"thumbnailUrl\":\"https:\\\/\\\/cardinal-tapes.com\\\/wp-content\\\/uploads\\\/H-old-PET-Silicone-6SL-Green-A_203768.png\",\"datePublished\":\"2023-06-05T14:37:43+00:00\",\"dateModified\":\"2025-07-02T10:28:49+00:00\",\"description\":\"Le ruban adh\u00e9sif en polyester hold P.40 est un ruban adh\u00e9sif de 0,06 mm d'\u00e9paisseur, compos\u00e9 d'un support en film polyester enduit d'une colle silicone de haute qualit\u00e9.\",\"breadcrumb\":{\"@id\":\"https:\\\/\\\/cardinal-tapes.com\\\/fr\\\/rubans-adh\u00e9sifs\\\/rubans-adhesifs-simple-face\\\/film-pet\\\/ruban-adhesif-h-old-polyester-p-40\\\/#breadcrumb\"},\"inLanguage\":\"fr-FR\",\"potentialAction\":[{\"@type\":\"ReadAction\",\"target\":[\"https:\\\/\\\/cardinal-tapes.com\\\/fr\\\/rubans-adh\u00e9sifs\\\/rubans-adhesifs-simple-face\\\/film-pet\\\/ruban-adhesif-h-old-polyester-p-40\\\/\"]}]},{\"@type\":\"ImageObject\",\"inLanguage\":\"fr-FR\",\"@id\":\"https:\\\/\\\/cardinal-tapes.com\\\/fr\\\/rubans-adh\u00e9sifs\\\/rubans-adhesifs-simple-face\\\/film-pet\\\/ruban-adhesif-h-old-polyester-p-40\\\/#primaryimage\",\"url\":\"https:\\\/\\\/cardinal-tapes.com\\\/wp-content\\\/uploads\\\/H-old-PET-Silicone-6SL-Green-A_203768.png\",\"contentUrl\":\"https:\\\/\\\/cardinal-tapes.com\\\/wp-content\\\/uploads\\\/H-old-PET-Silicone-6SL-Green-A_203768.png\",\"width\":415,\"height\":415},{\"@type\":\"BreadcrumbList\",\"@id\":\"https:\\\/\\\/cardinal-tapes.com\\\/fr\\\/rubans-adh\u00e9sifs\\\/rubans-adhesifs-simple-face\\\/film-pet\\\/ruban-adhesif-h-old-polyester-p-40\\\/#breadcrumb\",\"itemListElement\":[{\"@type\":\"ListItem\",\"position\":1,\"name\":\"Startseite\",\"item\":\"https:\\\/\\\/cardinal-tapes.com\\\/fr\\\/accueil\\\/\"},{\"@type\":\"ListItem\",\"position\":2,\"name\":\"Rubans adh\u00e9sifs\",\"item\":\"https:\\\/\\\/cardinal-tapes.com\\\/fr\\\/rubans-adhesifs-fr\\\/\"},{\"@type\":\"ListItem\",\"position\":3,\"name\":\"Rubans adh\u00e9sifs simple face\",\"item\":\"https:\\\/\\\/cardinal-tapes.com\\\/fr\\\/catgorie\\\/rubans-adhesifs-simple-face\\\/\"},{\"@type\":\"ListItem\",\"position\":4,\"name\":\"Film PET\",\"item\":\"https:\\\/\\\/cardinal-tapes.com\\\/fr\\\/catgorie\\\/film-pet\\\/\"},{\"@type\":\"ListItem\",\"position\":5,\"name\":\"h-old\u00ae P.40 Ruban adh\u00e9sif en polyester\"}]},{\"@type\":\"WebSite\",\"@id\":\"https:\\\/\\\/cardinal-tapes.com\\\/#website\",\"url\":\"https:\\\/\\\/cardinal-tapes.com\\\/\",\"name\":\"cardinal TAPES\",\"description\":\"Klebetechnik aus Wuppertal\",\"potentialAction\":[{\"@type\":\"SearchAction\",\"target\":{\"@type\":\"EntryPoint\",\"urlTemplate\":\"https:\\\/\\\/cardinal-tapes.com\\\/?s={search_term_string}\"},\"query-input\":{\"@type\":\"PropertyValueSpecification\",\"valueRequired\":true,\"valueName\":\"search_term_string\"}}],\"inLanguage\":\"fr-FR\"}]}<\/script>\n<!-- \/ Yoast SEO plugin. -->","yoast_head_json":{"title":"h-old P.40 Ruban adh\u00e9sif en polyester | Cardinal TAPES","description":"Le ruban adh\u00e9sif en polyester hold P.40 est un ruban adh\u00e9sif de 0,06 mm d'\u00e9paisseur, compos\u00e9 d'un support en film polyester enduit d'une colle silicone de haute qualit\u00e9.","robots":{"index":"index","follow":"follow","max-snippet":"max-snippet:-1","max-image-preview":"max-image-preview:large","max-video-preview":"max-video-preview:-1"},"canonical":"https:\/\/cardinal-tapes.com\/fr\/rubans-adh\u00e9sifs\/rubans-adhesifs-simple-face\/film-pet\/ruban-adhesif-h-old-polyester-p-40\/","og_locale":"fr_FR","og_type":"article","og_title":"h-old P.40 Ruban adh\u00e9sif en polyester | Cardinal TAPES","og_description":"Le ruban adh\u00e9sif en polyester hold P.40 est un ruban adh\u00e9sif de 0,06 mm d'\u00e9paisseur, compos\u00e9 d'un support en film polyester enduit d'une colle silicone de haute qualit\u00e9.","og_url":"https:\/\/cardinal-tapes.com\/fr\/rubans-adh\u00e9sifs\/rubans-adhesifs-simple-face\/film-pet\/ruban-adhesif-h-old-polyester-p-40\/","og_site_name":"cardinal TAPES","article_modified_time":"2025-07-02T10:28:49+00:00","og_image":[{"width":415,"height":415,"url":"https:\/\/cardinal-tapes.com\/wp-content\/uploads\/H-old-PET-Silicone-6SL-Green-A_203768.png","type":"image\/png"}],"twitter_card":"summary_large_image","twitter_misc":{"Dur\u00e9e de lecture estim\u00e9e":"1 minute"},"schema":{"@context":"https:\/\/schema.org","@graph":[{"@type":"WebPage","@id":"https:\/\/cardinal-tapes.com\/fr\/rubans-adh\u00e9sifs\/rubans-adhesifs-simple-face\/film-pet\/ruban-adhesif-h-old-polyester-p-40\/","url":"https:\/\/cardinal-tapes.com\/fr\/rubans-adh\u00e9sifs\/rubans-adhesifs-simple-face\/film-pet\/ruban-adhesif-h-old-polyester-p-40\/","name":"h-old P.40 Ruban adh\u00e9sif en polyester | Cardinal TAPES","isPartOf":{"@id":"https:\/\/cardinal-tapes.com\/#website"},"primaryImageOfPage":{"@id":"https:\/\/cardinal-tapes.com\/fr\/rubans-adh\u00e9sifs\/rubans-adhesifs-simple-face\/film-pet\/ruban-adhesif-h-old-polyester-p-40\/#primaryimage"},"image":{"@id":"https:\/\/cardinal-tapes.com\/fr\/rubans-adh\u00e9sifs\/rubans-adhesifs-simple-face\/film-pet\/ruban-adhesif-h-old-polyester-p-40\/#primaryimage"},"thumbnailUrl":"https:\/\/cardinal-tapes.com\/wp-content\/uploads\/H-old-PET-Silicone-6SL-Green-A_203768.png","datePublished":"2023-06-05T14:37:43+00:00","dateModified":"2025-07-02T10:28:49+00:00","description":"Le ruban adh\u00e9sif en polyester hold P.40 est un ruban adh\u00e9sif de 0,06 mm d'\u00e9paisseur, compos\u00e9 d'un support en film polyester enduit d'une colle silicone de haute qualit\u00e9.","breadcrumb":{"@id":"https:\/\/cardinal-tapes.com\/fr\/rubans-adh\u00e9sifs\/rubans-adhesifs-simple-face\/film-pet\/ruban-adhesif-h-old-polyester-p-40\/#breadcrumb"},"inLanguage":"fr-FR","potentialAction":[{"@type":"ReadAction","target":["https:\/\/cardinal-tapes.com\/fr\/rubans-adh\u00e9sifs\/rubans-adhesifs-simple-face\/film-pet\/ruban-adhesif-h-old-polyester-p-40\/"]}]},{"@type":"ImageObject","inLanguage":"fr-FR","@id":"https:\/\/cardinal-tapes.com\/fr\/rubans-adh\u00e9sifs\/rubans-adhesifs-simple-face\/film-pet\/ruban-adhesif-h-old-polyester-p-40\/#primaryimage","url":"https:\/\/cardinal-tapes.com\/wp-content\/uploads\/H-old-PET-Silicone-6SL-Green-A_203768.png","contentUrl":"https:\/\/cardinal-tapes.com\/wp-content\/uploads\/H-old-PET-Silicone-6SL-Green-A_203768.png","width":415,"height":415},{"@type":"BreadcrumbList","@id":"https:\/\/cardinal-tapes.com\/fr\/rubans-adh\u00e9sifs\/rubans-adhesifs-simple-face\/film-pet\/ruban-adhesif-h-old-polyester-p-40\/#breadcrumb","itemListElement":[{"@type":"ListItem","position":1,"name":"Startseite","item":"https:\/\/cardinal-tapes.com\/fr\/accueil\/"},{"@type":"ListItem","position":2,"name":"Rubans adh\u00e9sifs","item":"https:\/\/cardinal-tapes.com\/fr\/rubans-adhesifs-fr\/"},{"@type":"ListItem","position":3,"name":"Rubans adh\u00e9sifs simple face","item":"https:\/\/cardinal-tapes.com\/fr\/catgorie\/rubans-adhesifs-simple-face\/"},{"@type":"ListItem","position":4,"name":"Film PET","item":"https:\/\/cardinal-tapes.com\/fr\/catgorie\/film-pet\/"},{"@type":"ListItem","position":5,"name":"h-old\u00ae P.40 Ruban adh\u00e9sif en polyester"}]},{"@type":"WebSite","@id":"https:\/\/cardinal-tapes.com\/#website","url":"https:\/\/cardinal-tapes.com\/","name":"cardinal TAPES","description":"Klebetechnik aus Wuppertal","potentialAction":[{"@type":"SearchAction","target":{"@type":"EntryPoint","urlTemplate":"https:\/\/cardinal-tapes.com\/?s={search_term_string}"},"query-input":{"@type":"PropertyValueSpecification","valueRequired":true,"valueName":"search_term_string"}}],"inLanguage":"fr-FR"}]}},"brands":[{"id":2330,"name":"Saint-Gobain Performance Plastics","slug":"saint-gobain-fr"},{"id":2367,"name":"Saint-Gobain h-old","slug":"h-old-fr"}],"_links":{"self":[{"href":"https:\/\/cardinal-tapes.com\/fr\/wp-json\/wp\/v2\/product\/37677","targetHints":{"allow":["GET"]}}],"collection":[{"href":"https:\/\/cardinal-tapes.com\/fr\/wp-json\/wp\/v2\/product"}],"about":[{"href":"https:\/\/cardinal-tapes.com\/fr\/wp-json\/wp\/v2\/types\/product"}],"wp:featuredmedia":[{"embeddable":true,"href":"https:\/\/cardinal-tapes.com\/fr\/wp-json\/wp\/v2\/media\/28880"}],"wp:attachment":[{"href":"https:\/\/cardinal-tapes.com\/fr\/wp-json\/wp\/v2\/media?parent=37677"}],"wp:term":[{"taxonomy":"pwb-brand","embeddable":true,"href":"https:\/\/cardinal-tapes.com\/fr\/wp-json\/wp\/v2\/pwb-brand?post=37677"},{"taxonomy":"product_brand","embeddable":true,"href":"https:\/\/cardinal-tapes.com\/fr\/wp-json\/wp\/v2\/product_brand?post=37677"},{"taxonomy":"product_cat","embeddable":true,"href":"https:\/\/cardinal-tapes.com\/fr\/wp-json\/wp\/v2\/product_cat?post=37677"},{"taxonomy":"product_tag","embeddable":true,"href":"https:\/\/cardinal-tapes.com\/fr\/wp-json\/wp\/v2\/product_tag?post=37677"}],"curies":[{"name":"wp","href":"https:\/\/api.w.org\/{rel}","templated":true}]}}