{"id":37674,"date":"2021-09-27T10:14:35","date_gmt":"2023-06-05T14:37:43","guid":{"rendered":"https:\/\/cardinal.pixel-tal.de\/klebebaender\/non class\u00e9\/ruban-adhesif-de-transfert-h-old-8031\/"},"modified":"2023-06-05T16:37:43","modified_gmt":"2023-06-05T14:37:43","slug":"ruban-adhesif-de-transfert-h-old-8031","status":"publish","type":"product","link":"https:\/\/cardinal-tapes.com\/fr\/rubans-adh\u00e9sifs\/rubans-adhesifs-simple-face\/ruban-adhesif-de-transfert-h-old-8031\/","title":{"rendered":"Ruban adh\u00e9sif de transfert h-old\u00ae 8031"},"content":{"rendered":"<p>Le ruban adh\u00e9sif de transfert h-old\u00ae 8031 est un ruban adh\u00e9sif de 0,050 mm d&#8217;\u00e9paisseur avec un adh\u00e9sif acrylique modifi\u00e9 sur un film papier silicon\u00e9. Il est con\u00e7u pour le montage de diff\u00e9rents mat\u00e9riaux tels que tissus, papiers, films plastiques, feuilles, carton, verre, etc.<\/p>\n<p><strong>Caract\u00e9ristiques<\/strong><br \/>\n&#8211; <span id=\"[0,4]\" class=\"word\">bonne<\/span> <span id=\"[5,20]\" class=\"word\">r\u00e9sistance au cisaillement<\/span><span id=\"[22,24]\" class=\"word\">et<\/span> <span id=\"[25,47]\" class=\"word\">au vieillissement<\/span><\/p>\n<p><strong>Applications<\/strong><br \/>\n&#8211; Application dans l&#8217;<span id=\"[0,6]\" class=\"word\">industrie du papier<\/span><span id=\"[9,11]\" class=\"word\">et<\/span> <span id=\"[12,31]\" class=\"word\">des mati\u00e8res plastiques<\/span><\/p>\n","protected":false},"excerpt":{"rendered":"<p>Le ruban adh\u00e9sif de transfert h-old\u00ae 8031 est un ruban adh\u00e9sif de 0,050 mm d&#8217;\u00e9paisseur avec un adh\u00e9sif acrylique modifi\u00e9 sur un film papier silicon\u00e9. Il est con\u00e7u pour le montage de diff\u00e9rents mat\u00e9riaux tels que tissus, papiers, films plastiques, feuilles, carton, verre, etc. Caract\u00e9ristiques &#8211; bonne r\u00e9sistance au cisaillementet au vieillissement Applications &#8211; Application [&hellip;]<\/p>\n","protected":false},"featured_media":0,"template":"","meta":{"_acf_changed":false},"pwb-brand":[2330,2367],"product_brand":[],"product_cat":[1836],"product_tag":[],"class_list":{"0":"post-37674","1":"product","2":"type-product","3":"status-publish","5":"pwb-brand-saint-gobain-fr","6":"pwb-brand-h-old-fr","7":"product_cat-rubans-adhesifs-simple-face","9":"first","10":"instock","11":"taxable","12":"shipping-taxable","13":"product-type-simple"},"acf":[],"yoast_head":"<!-- This site is optimized with the Yoast SEO plugin v27.3 - https:\/\/yoast.com\/product\/yoast-seo-wordpress\/ -->\n<title>h-old ruban adh\u00e9sif de transfert 8031 | Cardinal TAPES<\/title>\n<meta name=\"description\" content=\"Le ruban adh\u00e9sif de transfert h-old 8031 est un ruban adh\u00e9sif de 0,050 mm d&#039;\u00e9paisseur avec un adh\u00e9sif acrylique modifi\u00e9 sur un film papier silicon\u00e9.\" \/>\n<meta name=\"robots\" content=\"index, follow, max-snippet:-1, max-image-preview:large, max-video-preview:-1\" \/>\n<link rel=\"canonical\" href=\"https:\/\/cardinal-tapes.com\/fr\/rubans-adh\u00e9sifs\/rubans-adhesifs-simple-face\/ruban-adhesif-de-transfert-h-old-8031\/\" \/>\n<meta property=\"og:locale\" content=\"fr_FR\" \/>\n<meta property=\"og:type\" content=\"article\" \/>\n<meta property=\"og:title\" content=\"h-old ruban adh\u00e9sif de transfert 8031 | Cardinal TAPES\" \/>\n<meta property=\"og:description\" content=\"Le ruban adh\u00e9sif de transfert h-old 8031 est un ruban adh\u00e9sif de 0,050 mm d&#039;\u00e9paisseur avec un adh\u00e9sif acrylique modifi\u00e9 sur un film papier silicon\u00e9.\" \/>\n<meta property=\"og:url\" content=\"https:\/\/cardinal-tapes.com\/fr\/rubans-adh\u00e9sifs\/rubans-adhesifs-simple-face\/ruban-adhesif-de-transfert-h-old-8031\/\" \/>\n<meta property=\"og:site_name\" content=\"cardinal TAPES\" \/>\n<meta name=\"twitter:card\" content=\"summary_large_image\" \/>\n<script type=\"application\/ld+json\" class=\"yoast-schema-graph\">{\"@context\":\"https:\\\/\\\/schema.org\",\"@graph\":[{\"@type\":\"WebPage\",\"@id\":\"https:\\\/\\\/cardinal-tapes.com\\\/fr\\\/rubans-adh\u00e9sifs\\\/rubans-adhesifs-simple-face\\\/ruban-adhesif-de-transfert-h-old-8031\\\/\",\"url\":\"https:\\\/\\\/cardinal-tapes.com\\\/fr\\\/rubans-adh\u00e9sifs\\\/rubans-adhesifs-simple-face\\\/ruban-adhesif-de-transfert-h-old-8031\\\/\",\"name\":\"h-old ruban adh\u00e9sif de transfert 8031 | Cardinal TAPES\",\"isPartOf\":{\"@id\":\"https:\\\/\\\/cardinal-tapes.com\\\/#website\"},\"datePublished\":\"2023-06-05T14:37:43+00:00\",\"description\":\"Le ruban adh\u00e9sif de transfert h-old 8031 est un ruban adh\u00e9sif de 0,050 mm d'\u00e9paisseur avec un adh\u00e9sif acrylique modifi\u00e9 sur un film papier silicon\u00e9.\",\"breadcrumb\":{\"@id\":\"https:\\\/\\\/cardinal-tapes.com\\\/fr\\\/rubans-adh\u00e9sifs\\\/rubans-adhesifs-simple-face\\\/ruban-adhesif-de-transfert-h-old-8031\\\/#breadcrumb\"},\"inLanguage\":\"fr-FR\",\"potentialAction\":[{\"@type\":\"ReadAction\",\"target\":[\"https:\\\/\\\/cardinal-tapes.com\\\/fr\\\/rubans-adh\u00e9sifs\\\/rubans-adhesifs-simple-face\\\/ruban-adhesif-de-transfert-h-old-8031\\\/\"]}]},{\"@type\":\"BreadcrumbList\",\"@id\":\"https:\\\/\\\/cardinal-tapes.com\\\/fr\\\/rubans-adh\u00e9sifs\\\/rubans-adhesifs-simple-face\\\/ruban-adhesif-de-transfert-h-old-8031\\\/#breadcrumb\",\"itemListElement\":[{\"@type\":\"ListItem\",\"position\":1,\"name\":\"Startseite\",\"item\":\"https:\\\/\\\/cardinal-tapes.com\\\/fr\\\/accueil\\\/\"},{\"@type\":\"ListItem\",\"position\":2,\"name\":\"Rubans adh\u00e9sifs\",\"item\":\"https:\\\/\\\/cardinal-tapes.com\\\/fr\\\/rubans-adhesifs-fr\\\/\"},{\"@type\":\"ListItem\",\"position\":3,\"name\":\"Rubans adh\u00e9sifs simple face\",\"item\":\"https:\\\/\\\/cardinal-tapes.com\\\/fr\\\/catgorie\\\/rubans-adhesifs-simple-face\\\/\"},{\"@type\":\"ListItem\",\"position\":4,\"name\":\"Ruban adh\u00e9sif de transfert h-old\u00ae 8031\"}]},{\"@type\":\"WebSite\",\"@id\":\"https:\\\/\\\/cardinal-tapes.com\\\/#website\",\"url\":\"https:\\\/\\\/cardinal-tapes.com\\\/\",\"name\":\"cardinal TAPES\",\"description\":\"Klebetechnik aus Wuppertal\",\"potentialAction\":[{\"@type\":\"SearchAction\",\"target\":{\"@type\":\"EntryPoint\",\"urlTemplate\":\"https:\\\/\\\/cardinal-tapes.com\\\/?s={search_term_string}\"},\"query-input\":{\"@type\":\"PropertyValueSpecification\",\"valueRequired\":true,\"valueName\":\"search_term_string\"}}],\"inLanguage\":\"fr-FR\"}]}<\/script>\n<!-- \/ Yoast SEO plugin. -->","yoast_head_json":{"title":"h-old ruban adh\u00e9sif de transfert 8031 | Cardinal TAPES","description":"Le ruban adh\u00e9sif de transfert h-old 8031 est un ruban adh\u00e9sif de 0,050 mm d'\u00e9paisseur avec un adh\u00e9sif acrylique modifi\u00e9 sur un film papier silicon\u00e9.","robots":{"index":"index","follow":"follow","max-snippet":"max-snippet:-1","max-image-preview":"max-image-preview:large","max-video-preview":"max-video-preview:-1"},"canonical":"https:\/\/cardinal-tapes.com\/fr\/rubans-adh\u00e9sifs\/rubans-adhesifs-simple-face\/ruban-adhesif-de-transfert-h-old-8031\/","og_locale":"fr_FR","og_type":"article","og_title":"h-old ruban adh\u00e9sif de transfert 8031 | Cardinal TAPES","og_description":"Le ruban adh\u00e9sif de transfert h-old 8031 est un ruban adh\u00e9sif de 0,050 mm d'\u00e9paisseur avec un adh\u00e9sif acrylique modifi\u00e9 sur un film papier silicon\u00e9.","og_url":"https:\/\/cardinal-tapes.com\/fr\/rubans-adh\u00e9sifs\/rubans-adhesifs-simple-face\/ruban-adhesif-de-transfert-h-old-8031\/","og_site_name":"cardinal TAPES","twitter_card":"summary_large_image","schema":{"@context":"https:\/\/schema.org","@graph":[{"@type":"WebPage","@id":"https:\/\/cardinal-tapes.com\/fr\/rubans-adh\u00e9sifs\/rubans-adhesifs-simple-face\/ruban-adhesif-de-transfert-h-old-8031\/","url":"https:\/\/cardinal-tapes.com\/fr\/rubans-adh\u00e9sifs\/rubans-adhesifs-simple-face\/ruban-adhesif-de-transfert-h-old-8031\/","name":"h-old ruban adh\u00e9sif de transfert 8031 | Cardinal TAPES","isPartOf":{"@id":"https:\/\/cardinal-tapes.com\/#website"},"datePublished":"2023-06-05T14:37:43+00:00","description":"Le ruban adh\u00e9sif de transfert h-old 8031 est un ruban adh\u00e9sif de 0,050 mm d'\u00e9paisseur avec un adh\u00e9sif acrylique modifi\u00e9 sur un film papier silicon\u00e9.","breadcrumb":{"@id":"https:\/\/cardinal-tapes.com\/fr\/rubans-adh\u00e9sifs\/rubans-adhesifs-simple-face\/ruban-adhesif-de-transfert-h-old-8031\/#breadcrumb"},"inLanguage":"fr-FR","potentialAction":[{"@type":"ReadAction","target":["https:\/\/cardinal-tapes.com\/fr\/rubans-adh\u00e9sifs\/rubans-adhesifs-simple-face\/ruban-adhesif-de-transfert-h-old-8031\/"]}]},{"@type":"BreadcrumbList","@id":"https:\/\/cardinal-tapes.com\/fr\/rubans-adh\u00e9sifs\/rubans-adhesifs-simple-face\/ruban-adhesif-de-transfert-h-old-8031\/#breadcrumb","itemListElement":[{"@type":"ListItem","position":1,"name":"Startseite","item":"https:\/\/cardinal-tapes.com\/fr\/accueil\/"},{"@type":"ListItem","position":2,"name":"Rubans adh\u00e9sifs","item":"https:\/\/cardinal-tapes.com\/fr\/rubans-adhesifs-fr\/"},{"@type":"ListItem","position":3,"name":"Rubans adh\u00e9sifs simple face","item":"https:\/\/cardinal-tapes.com\/fr\/catgorie\/rubans-adhesifs-simple-face\/"},{"@type":"ListItem","position":4,"name":"Ruban adh\u00e9sif de transfert h-old\u00ae 8031"}]},{"@type":"WebSite","@id":"https:\/\/cardinal-tapes.com\/#website","url":"https:\/\/cardinal-tapes.com\/","name":"cardinal TAPES","description":"Klebetechnik aus Wuppertal","potentialAction":[{"@type":"SearchAction","target":{"@type":"EntryPoint","urlTemplate":"https:\/\/cardinal-tapes.com\/?s={search_term_string}"},"query-input":{"@type":"PropertyValueSpecification","valueRequired":true,"valueName":"search_term_string"}}],"inLanguage":"fr-FR"}]}},"brands":[{"id":2330,"name":"Saint-Gobain Performance Plastics","slug":"saint-gobain-fr"},{"id":2367,"name":"Saint-Gobain h-old","slug":"h-old-fr"}],"_links":{"self":[{"href":"https:\/\/cardinal-tapes.com\/fr\/wp-json\/wp\/v2\/product\/37674","targetHints":{"allow":["GET"]}}],"collection":[{"href":"https:\/\/cardinal-tapes.com\/fr\/wp-json\/wp\/v2\/product"}],"about":[{"href":"https:\/\/cardinal-tapes.com\/fr\/wp-json\/wp\/v2\/types\/product"}],"wp:attachment":[{"href":"https:\/\/cardinal-tapes.com\/fr\/wp-json\/wp\/v2\/media?parent=37674"}],"wp:term":[{"taxonomy":"pwb-brand","embeddable":true,"href":"https:\/\/cardinal-tapes.com\/fr\/wp-json\/wp\/v2\/pwb-brand?post=37674"},{"taxonomy":"product_brand","embeddable":true,"href":"https:\/\/cardinal-tapes.com\/fr\/wp-json\/wp\/v2\/product_brand?post=37674"},{"taxonomy":"product_cat","embeddable":true,"href":"https:\/\/cardinal-tapes.com\/fr\/wp-json\/wp\/v2\/product_cat?post=37674"},{"taxonomy":"product_tag","embeddable":true,"href":"https:\/\/cardinal-tapes.com\/fr\/wp-json\/wp\/v2\/product_tag?post=37674"}],"curies":[{"name":"wp","href":"https:\/\/api.w.org\/{rel}","templated":true}]}}