{"id":37559,"date":"2018-02-06T15:45:09","date_gmt":"2023-06-05T14:30:46","guid":{"rendered":"https:\/\/cardinal.pixel-tal.de\/klebebaender\/non%20class\u00e9\/tesafix-4976-ruban-adhesif-double-face-en-mousse-pur\/"},"modified":"2025-07-03T16:15:09","modified_gmt":"2025-07-03T14:15:09","slug":"tesa-4976-adhesif-mousse-double-face","status":"publish","type":"product","link":"https:\/\/cardinal-tapes.com\/fr\/rubans-adh\u00e9sifs\/domaines-dapplication\/industrie-du-meuble\/tesa-4976-adhesif-mousse-double-face\/","title":{"rendered":"tesafix\u00ae 4976 Ruban adh\u00e9sif double face en mousse PUR"},"content":{"rendered":"<p><sup>tesafix\u00ae<\/sup> 4976 est disponible en noir. Tous les produits sont r\u00e9sistants au cisaillement et \u00e9quip\u00e9s d&#8217;un papier de s\u00e9paration. La masse adh\u00e9sive est de l&#8217;acrylate r\u00e9sistant au vieillissement. Gr\u00e2ce au support en mousse, les surfaces d&#8217;adh\u00e9rence in\u00e9gales et rugueuses sont parfaitement \u00e9galis\u00e9es.<\/p>\n<p><strong>Caract\u00e9ristiques<\/strong><br \/>\n&#8211; <strong>Haut <\/strong>pouvoir adh\u00e9sif<br \/>\n&#8211; <strong>R\u00e9sistance <\/strong>aux plastifiants<\/p>\n<p><strong>Applications<\/strong><br \/>\n&#8211; Montage de miroirs (pas dans les pi\u00e8ces humides), d&#8217;enseignes et de caches.<br \/>\n&#8211; \u00c9quipement autocollant de profil\u00e9s, de baguettes et de croisillons de fen\u00eatres.<br \/>\n&#8211; Montage d&#8217;objets divers comme des entretoises ou des fixations de goulottes de c\u00e2bles.<\/p>\n","protected":false},"excerpt":{"rendered":"<p>tesafix\u00ae 4976 est disponible en noir. Tous les produits sont r\u00e9sistants au cisaillement et \u00e9quip\u00e9s d&#8217;un papier de s\u00e9paration. La masse adh\u00e9sive est de l&#8217;acrylate r\u00e9sistant au vieillissement. Gr\u00e2ce au support en mousse, les surfaces d&#8217;adh\u00e9rence in\u00e9gales et rugueuses sont parfaitement \u00e9galis\u00e9es. Caract\u00e9ristiques &#8211; Haut pouvoir adh\u00e9sif &#8211; R\u00e9sistance aux plastifiants Applications &#8211; Montage de [&hellip;]<\/p>\n","protected":false},"featured_media":26108,"template":"","meta":{"_acf_changed":false},"pwb-brand":[2165],"product_brand":[],"product_cat":[1743,1834],"product_tag":[],"class_list":{"0":"post-37559","1":"product","2":"type-product","3":"status-publish","4":"has-post-thumbnail","6":"pwb-brand-tesa-fr","7":"product_cat-industrie-du-meuble","8":"product_cat-rubans-adhesifs-double-face","10":"first","11":"instock","12":"taxable","13":"shipping-taxable","14":"purchasable","15":"product-type-variable"},"acf":[],"yoast_head":"<!-- This site is optimized with the Yoast SEO plugin v27.3 - https:\/\/yoast.com\/product\/yoast-seo-wordpress\/ -->\n<title>Tesa 4976 Ruban adh\u00e9sif double face en mousse | Cardinal TAPES<\/title>\n<meta name=\"description\" content=\"Tesa 4976 est un ruban adh\u00e9sif double face en mousse qui r\u00e9siste au vieillissement et \u00e0 la chaleur. Gr\u00e2ce au support en mousse, les surfaces d&#039;adh\u00e9rence in\u00e9gales et rugueuses sont parfaitement \u00e9galis\u00e9es.\" \/>\n<meta name=\"robots\" content=\"index, follow, max-snippet:-1, max-image-preview:large, max-video-preview:-1\" \/>\n<link rel=\"canonical\" href=\"https:\/\/cardinal-tapes.com\/fr\/rubans-adh\u00e9sifs\/domaines-dapplication\/industrie-du-meuble\/tesa-4976-adhesif-mousse-double-face\/\" \/>\n<meta property=\"og:locale\" content=\"fr_FR\" \/>\n<meta property=\"og:type\" content=\"article\" \/>\n<meta property=\"og:title\" content=\"Tesa 4976 Ruban adh\u00e9sif double face en mousse | Cardinal TAPES\" \/>\n<meta property=\"og:description\" content=\"Tesa 4976 est un ruban adh\u00e9sif double face en mousse qui r\u00e9siste au vieillissement et \u00e0 la chaleur. Gr\u00e2ce au support en mousse, les surfaces d&#039;adh\u00e9rence in\u00e9gales et rugueuses sont parfaitement \u00e9galis\u00e9es.\" \/>\n<meta property=\"og:url\" content=\"https:\/\/cardinal-tapes.com\/fr\/rubans-adh\u00e9sifs\/domaines-dapplication\/industrie-du-meuble\/tesa-4976-adhesif-mousse-double-face\/\" \/>\n<meta property=\"og:site_name\" content=\"cardinal TAPES\" \/>\n<meta property=\"article:modified_time\" content=\"2025-07-03T14:15:09+00:00\" \/>\n<meta property=\"og:image\" content=\"https:\/\/cardinal-tapes.com\/wp-content\/uploads\/tesa-04976.jpg\" \/>\n\t<meta property=\"og:image:width\" content=\"600\" \/>\n\t<meta property=\"og:image:height\" content=\"600\" \/>\n\t<meta property=\"og:image:type\" content=\"image\/jpeg\" \/>\n<meta name=\"twitter:card\" content=\"summary_large_image\" \/>\n<meta name=\"twitter:label1\" content=\"Dur\u00e9e de lecture estim\u00e9e\" \/>\n\t<meta name=\"twitter:data1\" content=\"1 minute\" \/>\n<script type=\"application\/ld+json\" class=\"yoast-schema-graph\">{\"@context\":\"https:\\\/\\\/schema.org\",\"@graph\":[{\"@type\":\"WebPage\",\"@id\":\"https:\\\/\\\/cardinal-tapes.com\\\/fr\\\/rubans-adh\u00e9sifs\\\/domaines-dapplication\\\/industrie-du-meuble\\\/tesa-4976-adhesif-mousse-double-face\\\/\",\"url\":\"https:\\\/\\\/cardinal-tapes.com\\\/fr\\\/rubans-adh\u00e9sifs\\\/domaines-dapplication\\\/industrie-du-meuble\\\/tesa-4976-adhesif-mousse-double-face\\\/\",\"name\":\"Tesa 4976 Ruban adh\u00e9sif double face en mousse | Cardinal TAPES\",\"isPartOf\":{\"@id\":\"https:\\\/\\\/cardinal-tapes.com\\\/#website\"},\"primaryImageOfPage\":{\"@id\":\"https:\\\/\\\/cardinal-tapes.com\\\/fr\\\/rubans-adh\u00e9sifs\\\/domaines-dapplication\\\/industrie-du-meuble\\\/tesa-4976-adhesif-mousse-double-face\\\/#primaryimage\"},\"image\":{\"@id\":\"https:\\\/\\\/cardinal-tapes.com\\\/fr\\\/rubans-adh\u00e9sifs\\\/domaines-dapplication\\\/industrie-du-meuble\\\/tesa-4976-adhesif-mousse-double-face\\\/#primaryimage\"},\"thumbnailUrl\":\"https:\\\/\\\/cardinal-tapes.com\\\/wp-content\\\/uploads\\\/tesa-04976.jpg\",\"datePublished\":\"2023-06-05T14:30:46+00:00\",\"dateModified\":\"2025-07-03T14:15:09+00:00\",\"description\":\"Tesa 4976 est un ruban adh\u00e9sif double face en mousse qui r\u00e9siste au vieillissement et \u00e0 la chaleur. Gr\u00e2ce au support en mousse, les surfaces d'adh\u00e9rence in\u00e9gales et rugueuses sont parfaitement \u00e9galis\u00e9es.\",\"breadcrumb\":{\"@id\":\"https:\\\/\\\/cardinal-tapes.com\\\/fr\\\/rubans-adh\u00e9sifs\\\/domaines-dapplication\\\/industrie-du-meuble\\\/tesa-4976-adhesif-mousse-double-face\\\/#breadcrumb\"},\"inLanguage\":\"fr-FR\",\"potentialAction\":[{\"@type\":\"ReadAction\",\"target\":[\"https:\\\/\\\/cardinal-tapes.com\\\/fr\\\/rubans-adh\u00e9sifs\\\/domaines-dapplication\\\/industrie-du-meuble\\\/tesa-4976-adhesif-mousse-double-face\\\/\"]}]},{\"@type\":\"ImageObject\",\"inLanguage\":\"fr-FR\",\"@id\":\"https:\\\/\\\/cardinal-tapes.com\\\/fr\\\/rubans-adh\u00e9sifs\\\/domaines-dapplication\\\/industrie-du-meuble\\\/tesa-4976-adhesif-mousse-double-face\\\/#primaryimage\",\"url\":\"https:\\\/\\\/cardinal-tapes.com\\\/wp-content\\\/uploads\\\/tesa-04976.jpg\",\"contentUrl\":\"https:\\\/\\\/cardinal-tapes.com\\\/wp-content\\\/uploads\\\/tesa-04976.jpg\",\"width\":600,\"height\":600,\"caption\":\"tesa 4976\"},{\"@type\":\"BreadcrumbList\",\"@id\":\"https:\\\/\\\/cardinal-tapes.com\\\/fr\\\/rubans-adh\u00e9sifs\\\/domaines-dapplication\\\/industrie-du-meuble\\\/tesa-4976-adhesif-mousse-double-face\\\/#breadcrumb\",\"itemListElement\":[{\"@type\":\"ListItem\",\"position\":1,\"name\":\"Startseite\",\"item\":\"https:\\\/\\\/cardinal-tapes.com\\\/fr\\\/accueil\\\/\"},{\"@type\":\"ListItem\",\"position\":2,\"name\":\"Rubans adh\u00e9sifs\",\"item\":\"https:\\\/\\\/cardinal-tapes.com\\\/fr\\\/rubans-adhesifs-fr\\\/\"},{\"@type\":\"ListItem\",\"position\":3,\"name\":\"Doppelseitige Klebeb\u00e4nder\",\"item\":\"https:\\\/\\\/cardinal-tapes.com\\\/kategorie\\\/doppelseitige-klebebaender\\\/\"},{\"@type\":\"ListItem\",\"position\":4,\"name\":\"tesafix\u00ae 4976 Ruban adh\u00e9sif double face en mousse PUR\"}]},{\"@type\":\"WebSite\",\"@id\":\"https:\\\/\\\/cardinal-tapes.com\\\/#website\",\"url\":\"https:\\\/\\\/cardinal-tapes.com\\\/\",\"name\":\"cardinal TAPES\",\"description\":\"Klebetechnik aus Wuppertal\",\"potentialAction\":[{\"@type\":\"SearchAction\",\"target\":{\"@type\":\"EntryPoint\",\"urlTemplate\":\"https:\\\/\\\/cardinal-tapes.com\\\/?s={search_term_string}\"},\"query-input\":{\"@type\":\"PropertyValueSpecification\",\"valueRequired\":true,\"valueName\":\"search_term_string\"}}],\"inLanguage\":\"fr-FR\"}]}<\/script>\n<!-- \/ Yoast SEO plugin. -->","yoast_head_json":{"title":"Tesa 4976 Ruban adh\u00e9sif double face en mousse | Cardinal TAPES","description":"Tesa 4976 est un ruban adh\u00e9sif double face en mousse qui r\u00e9siste au vieillissement et \u00e0 la chaleur. Gr\u00e2ce au support en mousse, les surfaces d'adh\u00e9rence in\u00e9gales et rugueuses sont parfaitement \u00e9galis\u00e9es.","robots":{"index":"index","follow":"follow","max-snippet":"max-snippet:-1","max-image-preview":"max-image-preview:large","max-video-preview":"max-video-preview:-1"},"canonical":"https:\/\/cardinal-tapes.com\/fr\/rubans-adh\u00e9sifs\/domaines-dapplication\/industrie-du-meuble\/tesa-4976-adhesif-mousse-double-face\/","og_locale":"fr_FR","og_type":"article","og_title":"Tesa 4976 Ruban adh\u00e9sif double face en mousse | Cardinal TAPES","og_description":"Tesa 4976 est un ruban adh\u00e9sif double face en mousse qui r\u00e9siste au vieillissement et \u00e0 la chaleur. Gr\u00e2ce au support en mousse, les surfaces d'adh\u00e9rence in\u00e9gales et rugueuses sont parfaitement \u00e9galis\u00e9es.","og_url":"https:\/\/cardinal-tapes.com\/fr\/rubans-adh\u00e9sifs\/domaines-dapplication\/industrie-du-meuble\/tesa-4976-adhesif-mousse-double-face\/","og_site_name":"cardinal TAPES","article_modified_time":"2025-07-03T14:15:09+00:00","og_image":[{"width":600,"height":600,"url":"https:\/\/cardinal-tapes.com\/wp-content\/uploads\/tesa-04976.jpg","type":"image\/jpeg"}],"twitter_card":"summary_large_image","twitter_misc":{"Dur\u00e9e de lecture estim\u00e9e":"1 minute"},"schema":{"@context":"https:\/\/schema.org","@graph":[{"@type":"WebPage","@id":"https:\/\/cardinal-tapes.com\/fr\/rubans-adh\u00e9sifs\/domaines-dapplication\/industrie-du-meuble\/tesa-4976-adhesif-mousse-double-face\/","url":"https:\/\/cardinal-tapes.com\/fr\/rubans-adh\u00e9sifs\/domaines-dapplication\/industrie-du-meuble\/tesa-4976-adhesif-mousse-double-face\/","name":"Tesa 4976 Ruban adh\u00e9sif double face en mousse | Cardinal TAPES","isPartOf":{"@id":"https:\/\/cardinal-tapes.com\/#website"},"primaryImageOfPage":{"@id":"https:\/\/cardinal-tapes.com\/fr\/rubans-adh\u00e9sifs\/domaines-dapplication\/industrie-du-meuble\/tesa-4976-adhesif-mousse-double-face\/#primaryimage"},"image":{"@id":"https:\/\/cardinal-tapes.com\/fr\/rubans-adh\u00e9sifs\/domaines-dapplication\/industrie-du-meuble\/tesa-4976-adhesif-mousse-double-face\/#primaryimage"},"thumbnailUrl":"https:\/\/cardinal-tapes.com\/wp-content\/uploads\/tesa-04976.jpg","datePublished":"2023-06-05T14:30:46+00:00","dateModified":"2025-07-03T14:15:09+00:00","description":"Tesa 4976 est un ruban adh\u00e9sif double face en mousse qui r\u00e9siste au vieillissement et \u00e0 la chaleur. Gr\u00e2ce au support en mousse, les surfaces d'adh\u00e9rence in\u00e9gales et rugueuses sont parfaitement \u00e9galis\u00e9es.","breadcrumb":{"@id":"https:\/\/cardinal-tapes.com\/fr\/rubans-adh\u00e9sifs\/domaines-dapplication\/industrie-du-meuble\/tesa-4976-adhesif-mousse-double-face\/#breadcrumb"},"inLanguage":"fr-FR","potentialAction":[{"@type":"ReadAction","target":["https:\/\/cardinal-tapes.com\/fr\/rubans-adh\u00e9sifs\/domaines-dapplication\/industrie-du-meuble\/tesa-4976-adhesif-mousse-double-face\/"]}]},{"@type":"ImageObject","inLanguage":"fr-FR","@id":"https:\/\/cardinal-tapes.com\/fr\/rubans-adh\u00e9sifs\/domaines-dapplication\/industrie-du-meuble\/tesa-4976-adhesif-mousse-double-face\/#primaryimage","url":"https:\/\/cardinal-tapes.com\/wp-content\/uploads\/tesa-04976.jpg","contentUrl":"https:\/\/cardinal-tapes.com\/wp-content\/uploads\/tesa-04976.jpg","width":600,"height":600,"caption":"tesa 4976"},{"@type":"BreadcrumbList","@id":"https:\/\/cardinal-tapes.com\/fr\/rubans-adh\u00e9sifs\/domaines-dapplication\/industrie-du-meuble\/tesa-4976-adhesif-mousse-double-face\/#breadcrumb","itemListElement":[{"@type":"ListItem","position":1,"name":"Startseite","item":"https:\/\/cardinal-tapes.com\/fr\/accueil\/"},{"@type":"ListItem","position":2,"name":"Rubans adh\u00e9sifs","item":"https:\/\/cardinal-tapes.com\/fr\/rubans-adhesifs-fr\/"},{"@type":"ListItem","position":3,"name":"Doppelseitige Klebeb\u00e4nder","item":"https:\/\/cardinal-tapes.com\/kategorie\/doppelseitige-klebebaender\/"},{"@type":"ListItem","position":4,"name":"tesafix\u00ae 4976 Ruban adh\u00e9sif double face en mousse PUR"}]},{"@type":"WebSite","@id":"https:\/\/cardinal-tapes.com\/#website","url":"https:\/\/cardinal-tapes.com\/","name":"cardinal TAPES","description":"Klebetechnik aus Wuppertal","potentialAction":[{"@type":"SearchAction","target":{"@type":"EntryPoint","urlTemplate":"https:\/\/cardinal-tapes.com\/?s={search_term_string}"},"query-input":{"@type":"PropertyValueSpecification","valueRequired":true,"valueName":"search_term_string"}}],"inLanguage":"fr-FR"}]}},"brands":[{"id":2165,"name":"tesa","slug":"tesa-fr"}],"_links":{"self":[{"href":"https:\/\/cardinal-tapes.com\/fr\/wp-json\/wp\/v2\/product\/37559","targetHints":{"allow":["GET"]}}],"collection":[{"href":"https:\/\/cardinal-tapes.com\/fr\/wp-json\/wp\/v2\/product"}],"about":[{"href":"https:\/\/cardinal-tapes.com\/fr\/wp-json\/wp\/v2\/types\/product"}],"wp:featuredmedia":[{"embeddable":true,"href":"https:\/\/cardinal-tapes.com\/fr\/wp-json\/wp\/v2\/media\/26108"}],"wp:attachment":[{"href":"https:\/\/cardinal-tapes.com\/fr\/wp-json\/wp\/v2\/media?parent=37559"}],"wp:term":[{"taxonomy":"pwb-brand","embeddable":true,"href":"https:\/\/cardinal-tapes.com\/fr\/wp-json\/wp\/v2\/pwb-brand?post=37559"},{"taxonomy":"product_brand","embeddable":true,"href":"https:\/\/cardinal-tapes.com\/fr\/wp-json\/wp\/v2\/product_brand?post=37559"},{"taxonomy":"product_cat","embeddable":true,"href":"https:\/\/cardinal-tapes.com\/fr\/wp-json\/wp\/v2\/product_cat?post=37559"},{"taxonomy":"product_tag","embeddable":true,"href":"https:\/\/cardinal-tapes.com\/fr\/wp-json\/wp\/v2\/product_tag?post=37559"}],"curies":[{"name":"wp","href":"https:\/\/api.w.org\/{rel}","templated":true}]}}