{"id":37510,"date":"2020-08-05T14:44:30","date_gmt":"2020-08-05T12:44:30","guid":{"rendered":"https:\/\/cardinal.pixel-tal.de\/klebebaender\/non%20class\u00e9\/tesapack-4024-pv4-ruban-adhesif-demballage\/"},"modified":"2025-07-02T13:07:18","modified_gmt":"2025-07-02T11:07:18","slug":"tesa-pack-4024","status":"publish","type":"product","link":"https:\/\/cardinal-tapes.com\/fr\/rubans-adh\u00e9sifs\/rubans-adhesifs-simple-face\/film-pp-fr\/tesa-pack-4024\/","title":{"rendered":"tesapack\u00ae 4024 PV4 Ruban adh\u00e9sif d&#8217;emballage"},"content":{"rendered":"<p><sup>tesapack\u00ae<\/sup> 4024 PV4 est un ruban adh\u00e9sif d&#8217;emballage \u00e0 base d&#8217;un film PP et d&#8217;un adh\u00e9sif acrylique sp\u00e9cial en dispersion. Lors de l&#8217;application, le produit se caract\u00e9rise par un rapport \u00e9quilibr\u00e9 entre un tack \u00e9lev\u00e9 et une grande r\u00e9sistance au cisaillement. Le ruban adh\u00e9sif d&#8217;emballage universel peut \u00eatre utilis\u00e9 sur tous les d\u00e9rouleurs manuels disponibles dans le commerce.<\/p>\n<section class=\"component js-toc-target\" data-style=\"components\/article-text\" data-toc-name=\"toc-pages-product-product-description\">\n<div class=\"row\">\n<div class=\"col-default-12 col-sm-9\">\n<p><strong>Caract\u00e9ristiques<br \/>\n<\/strong>&#8211; Se d\u00e9roule silencieusement<br \/>\n&#8211; Haute transparence pour un aspect attrayant<br \/>\n&#8211; Haute r\u00e9sistance aux UV, au vieillissement et \u00e0 la temp\u00e9rature pour une plus longue dur\u00e9e de stockage<\/p>\n<p><strong>Applications<br \/>\n&#8211; <\/strong>Fermeture de bo\u00eetes d&#8217;exp\u00e9dition l\u00e9g\u00e8res \u00e0 moyennement lourdes<\/p>\n<\/div>\n<\/div>\n<\/section>\n","protected":false},"excerpt":{"rendered":"<p>tesapack\u00ae 4024 PV4 est un ruban adh\u00e9sif d&#8217;emballage \u00e0 base d&#8217;un film PP et d&#8217;un adh\u00e9sif acrylique sp\u00e9cial en dispersion. Lors de l&#8217;application, le produit se caract\u00e9rise par un rapport \u00e9quilibr\u00e9 entre un tack \u00e9lev\u00e9 et une grande r\u00e9sistance au cisaillement. Le ruban adh\u00e9sif d&#8217;emballage universel peut \u00eatre utilis\u00e9 sur tous les d\u00e9rouleurs manuels disponibles [&hellip;]<\/p>\n","protected":false},"featured_media":28304,"template":"","meta":{"_acf_changed":false},"pwb-brand":[2165],"product_brand":[],"product_cat":[1836,1840,1859],"product_tag":[],"class_list":{"0":"post-37510","1":"product","2":"type-product","3":"status-publish","4":"has-post-thumbnail","6":"pwb-brand-tesa-fr","7":"product_cat-rubans-adhesifs-simple-face","8":"product_cat-film-pp-fr","9":"product_cat-systemes-demballage","11":"first","12":"instock","13":"taxable","14":"shipping-taxable","15":"purchasable","16":"product-type-variable"},"acf":[],"yoast_head":"<!-- This site is optimized with the Yoast SEO plugin v27.3 - https:\/\/yoast.com\/product\/yoast-seo-wordpress\/ -->\n<title>tesa pack\u00ae 4024 | Cardinal TAPES<\/title>\n<meta name=\"description\" content=\"tesa pack\u00ae 4024 est un ruban adh\u00e9sif d&#039;emballage \u00e0 base d&#039;un film PP et d&#039;une masse adh\u00e9sive sp\u00e9ciale \u00e0 base de dispersion acrylique (HiTack) avec un pouvoir adh\u00e9sif initial particuli\u00e8rement \u00e9lev\u00e9. On obtient ainsi une fermeture imm\u00e9diate et s\u00fbre du carton apr\u00e8s le collage.\" \/>\n<meta name=\"robots\" content=\"index, follow, max-snippet:-1, max-image-preview:large, max-video-preview:-1\" \/>\n<link rel=\"canonical\" href=\"https:\/\/cardinal-tapes.com\/fr\/rubans-adh\u00e9sifs\/rubans-adhesifs-simple-face\/film-pp-fr\/tesa-pack-4024\/\" \/>\n<meta property=\"og:locale\" content=\"fr_FR\" \/>\n<meta property=\"og:type\" content=\"article\" \/>\n<meta property=\"og:title\" content=\"tesa pack\u00ae 4024 | Cardinal TAPES\" \/>\n<meta property=\"og:description\" content=\"tesa pack\u00ae 4024 est un ruban adh\u00e9sif d&#039;emballage \u00e0 base d&#039;un film PP et d&#039;une masse adh\u00e9sive sp\u00e9ciale \u00e0 base de dispersion acrylique (HiTack) avec un pouvoir adh\u00e9sif initial particuli\u00e8rement \u00e9lev\u00e9. On obtient ainsi une fermeture imm\u00e9diate et s\u00fbre du carton apr\u00e8s le collage.\" \/>\n<meta property=\"og:url\" content=\"https:\/\/cardinal-tapes.com\/fr\/rubans-adh\u00e9sifs\/rubans-adhesifs-simple-face\/film-pp-fr\/tesa-pack-4024\/\" \/>\n<meta property=\"og:site_name\" content=\"cardinal TAPES\" \/>\n<meta property=\"article:modified_time\" content=\"2025-07-02T11:07:18+00:00\" \/>\n<meta property=\"og:image\" content=\"https:\/\/cardinal-tapes.com\/wp-content\/uploads\/tesa-04024mu84-15-pa-002-fullsize171322_canvas1x1_5.jpg\" \/>\n\t<meta property=\"og:image:width\" content=\"501\" \/>\n\t<meta property=\"og:image:height\" content=\"354\" \/>\n\t<meta property=\"og:image:type\" content=\"image\/jpeg\" \/>\n<meta name=\"twitter:card\" content=\"summary_large_image\" \/>\n<meta name=\"twitter:label1\" content=\"Dur\u00e9e de lecture estim\u00e9e\" \/>\n\t<meta name=\"twitter:data1\" content=\"1 minute\" \/>\n<script type=\"application\/ld+json\" class=\"yoast-schema-graph\">{\"@context\":\"https:\\\/\\\/schema.org\",\"@graph\":[{\"@type\":\"WebPage\",\"@id\":\"https:\\\/\\\/cardinal-tapes.com\\\/fr\\\/rubans-adh\u00e9sifs\\\/rubans-adhesifs-simple-face\\\/film-pp-fr\\\/tesa-pack-4024\\\/\",\"url\":\"https:\\\/\\\/cardinal-tapes.com\\\/fr\\\/rubans-adh\u00e9sifs\\\/rubans-adhesifs-simple-face\\\/film-pp-fr\\\/tesa-pack-4024\\\/\",\"name\":\"tesa pack\u00ae 4024 | Cardinal TAPES\",\"isPartOf\":{\"@id\":\"https:\\\/\\\/cardinal-tapes.com\\\/#website\"},\"primaryImageOfPage\":{\"@id\":\"https:\\\/\\\/cardinal-tapes.com\\\/fr\\\/rubans-adh\u00e9sifs\\\/rubans-adhesifs-simple-face\\\/film-pp-fr\\\/tesa-pack-4024\\\/#primaryimage\"},\"image\":{\"@id\":\"https:\\\/\\\/cardinal-tapes.com\\\/fr\\\/rubans-adh\u00e9sifs\\\/rubans-adhesifs-simple-face\\\/film-pp-fr\\\/tesa-pack-4024\\\/#primaryimage\"},\"thumbnailUrl\":\"https:\\\/\\\/cardinal-tapes.com\\\/wp-content\\\/uploads\\\/tesa-04024mu84-15-pa-002-fullsize171322_canvas1x1_5.jpg\",\"datePublished\":\"2020-08-05T12:44:30+00:00\",\"dateModified\":\"2025-07-02T11:07:18+00:00\",\"description\":\"tesa pack\u00ae 4024 est un ruban adh\u00e9sif d'emballage \u00e0 base d'un film PP et d'une masse adh\u00e9sive sp\u00e9ciale \u00e0 base de dispersion acrylique (HiTack) avec un pouvoir adh\u00e9sif initial particuli\u00e8rement \u00e9lev\u00e9. On obtient ainsi une fermeture imm\u00e9diate et s\u00fbre du carton apr\u00e8s le collage.\",\"breadcrumb\":{\"@id\":\"https:\\\/\\\/cardinal-tapes.com\\\/fr\\\/rubans-adh\u00e9sifs\\\/rubans-adhesifs-simple-face\\\/film-pp-fr\\\/tesa-pack-4024\\\/#breadcrumb\"},\"inLanguage\":\"fr-FR\",\"potentialAction\":[{\"@type\":\"ReadAction\",\"target\":[\"https:\\\/\\\/cardinal-tapes.com\\\/fr\\\/rubans-adh\u00e9sifs\\\/rubans-adhesifs-simple-face\\\/film-pp-fr\\\/tesa-pack-4024\\\/\"]}]},{\"@type\":\"ImageObject\",\"inLanguage\":\"fr-FR\",\"@id\":\"https:\\\/\\\/cardinal-tapes.com\\\/fr\\\/rubans-adh\u00e9sifs\\\/rubans-adhesifs-simple-face\\\/film-pp-fr\\\/tesa-pack-4024\\\/#primaryimage\",\"url\":\"https:\\\/\\\/cardinal-tapes.com\\\/wp-content\\\/uploads\\\/tesa-04024mu84-15-pa-002-fullsize171322_canvas1x1_5.jpg\",\"contentUrl\":\"https:\\\/\\\/cardinal-tapes.com\\\/wp-content\\\/uploads\\\/tesa-04024mu84-15-pa-002-fullsize171322_canvas1x1_5.jpg\",\"width\":501,\"height\":354},{\"@type\":\"BreadcrumbList\",\"@id\":\"https:\\\/\\\/cardinal-tapes.com\\\/fr\\\/rubans-adh\u00e9sifs\\\/rubans-adhesifs-simple-face\\\/film-pp-fr\\\/tesa-pack-4024\\\/#breadcrumb\",\"itemListElement\":[{\"@type\":\"ListItem\",\"position\":1,\"name\":\"Startseite\",\"item\":\"https:\\\/\\\/cardinal-tapes.com\\\/fr\\\/accueil\\\/\"},{\"@type\":\"ListItem\",\"position\":2,\"name\":\"Rubans adh\u00e9sifs\",\"item\":\"https:\\\/\\\/cardinal-tapes.com\\\/fr\\\/rubans-adhesifs-fr\\\/\"},{\"@type\":\"ListItem\",\"position\":3,\"name\":\"Single sided adhesive tapes\",\"item\":\"https:\\\/\\\/cardinal-tapes.com\\\/en\\\/category\\\/single-sided-adhesive-tapes\\\/\"},{\"@type\":\"ListItem\",\"position\":4,\"name\":\"tesapack\u00ae 4024 PV4 Ruban adh\u00e9sif d&#8217;emballage\"}]},{\"@type\":\"WebSite\",\"@id\":\"https:\\\/\\\/cardinal-tapes.com\\\/#website\",\"url\":\"https:\\\/\\\/cardinal-tapes.com\\\/\",\"name\":\"cardinal TAPES\",\"description\":\"Klebetechnik aus Wuppertal\",\"potentialAction\":[{\"@type\":\"SearchAction\",\"target\":{\"@type\":\"EntryPoint\",\"urlTemplate\":\"https:\\\/\\\/cardinal-tapes.com\\\/?s={search_term_string}\"},\"query-input\":{\"@type\":\"PropertyValueSpecification\",\"valueRequired\":true,\"valueName\":\"search_term_string\"}}],\"inLanguage\":\"fr-FR\"}]}<\/script>\n<!-- \/ Yoast SEO plugin. -->","yoast_head_json":{"title":"tesa pack\u00ae 4024 | Cardinal TAPES","description":"tesa pack\u00ae 4024 est un ruban adh\u00e9sif d'emballage \u00e0 base d'un film PP et d'une masse adh\u00e9sive sp\u00e9ciale \u00e0 base de dispersion acrylique (HiTack) avec un pouvoir adh\u00e9sif initial particuli\u00e8rement \u00e9lev\u00e9. On obtient ainsi une fermeture imm\u00e9diate et s\u00fbre du carton apr\u00e8s le collage.","robots":{"index":"index","follow":"follow","max-snippet":"max-snippet:-1","max-image-preview":"max-image-preview:large","max-video-preview":"max-video-preview:-1"},"canonical":"https:\/\/cardinal-tapes.com\/fr\/rubans-adh\u00e9sifs\/rubans-adhesifs-simple-face\/film-pp-fr\/tesa-pack-4024\/","og_locale":"fr_FR","og_type":"article","og_title":"tesa pack\u00ae 4024 | Cardinal TAPES","og_description":"tesa pack\u00ae 4024 est un ruban adh\u00e9sif d'emballage \u00e0 base d'un film PP et d'une masse adh\u00e9sive sp\u00e9ciale \u00e0 base de dispersion acrylique (HiTack) avec un pouvoir adh\u00e9sif initial particuli\u00e8rement \u00e9lev\u00e9. On obtient ainsi une fermeture imm\u00e9diate et s\u00fbre du carton apr\u00e8s le collage.","og_url":"https:\/\/cardinal-tapes.com\/fr\/rubans-adh\u00e9sifs\/rubans-adhesifs-simple-face\/film-pp-fr\/tesa-pack-4024\/","og_site_name":"cardinal TAPES","article_modified_time":"2025-07-02T11:07:18+00:00","og_image":[{"width":501,"height":354,"url":"https:\/\/cardinal-tapes.com\/wp-content\/uploads\/tesa-04024mu84-15-pa-002-fullsize171322_canvas1x1_5.jpg","type":"image\/jpeg"}],"twitter_card":"summary_large_image","twitter_misc":{"Dur\u00e9e de lecture estim\u00e9e":"1 minute"},"schema":{"@context":"https:\/\/schema.org","@graph":[{"@type":"WebPage","@id":"https:\/\/cardinal-tapes.com\/fr\/rubans-adh\u00e9sifs\/rubans-adhesifs-simple-face\/film-pp-fr\/tesa-pack-4024\/","url":"https:\/\/cardinal-tapes.com\/fr\/rubans-adh\u00e9sifs\/rubans-adhesifs-simple-face\/film-pp-fr\/tesa-pack-4024\/","name":"tesa pack\u00ae 4024 | Cardinal TAPES","isPartOf":{"@id":"https:\/\/cardinal-tapes.com\/#website"},"primaryImageOfPage":{"@id":"https:\/\/cardinal-tapes.com\/fr\/rubans-adh\u00e9sifs\/rubans-adhesifs-simple-face\/film-pp-fr\/tesa-pack-4024\/#primaryimage"},"image":{"@id":"https:\/\/cardinal-tapes.com\/fr\/rubans-adh\u00e9sifs\/rubans-adhesifs-simple-face\/film-pp-fr\/tesa-pack-4024\/#primaryimage"},"thumbnailUrl":"https:\/\/cardinal-tapes.com\/wp-content\/uploads\/tesa-04024mu84-15-pa-002-fullsize171322_canvas1x1_5.jpg","datePublished":"2020-08-05T12:44:30+00:00","dateModified":"2025-07-02T11:07:18+00:00","description":"tesa pack\u00ae 4024 est un ruban adh\u00e9sif d'emballage \u00e0 base d'un film PP et d'une masse adh\u00e9sive sp\u00e9ciale \u00e0 base de dispersion acrylique (HiTack) avec un pouvoir adh\u00e9sif initial particuli\u00e8rement \u00e9lev\u00e9. On obtient ainsi une fermeture imm\u00e9diate et s\u00fbre du carton apr\u00e8s le collage.","breadcrumb":{"@id":"https:\/\/cardinal-tapes.com\/fr\/rubans-adh\u00e9sifs\/rubans-adhesifs-simple-face\/film-pp-fr\/tesa-pack-4024\/#breadcrumb"},"inLanguage":"fr-FR","potentialAction":[{"@type":"ReadAction","target":["https:\/\/cardinal-tapes.com\/fr\/rubans-adh\u00e9sifs\/rubans-adhesifs-simple-face\/film-pp-fr\/tesa-pack-4024\/"]}]},{"@type":"ImageObject","inLanguage":"fr-FR","@id":"https:\/\/cardinal-tapes.com\/fr\/rubans-adh\u00e9sifs\/rubans-adhesifs-simple-face\/film-pp-fr\/tesa-pack-4024\/#primaryimage","url":"https:\/\/cardinal-tapes.com\/wp-content\/uploads\/tesa-04024mu84-15-pa-002-fullsize171322_canvas1x1_5.jpg","contentUrl":"https:\/\/cardinal-tapes.com\/wp-content\/uploads\/tesa-04024mu84-15-pa-002-fullsize171322_canvas1x1_5.jpg","width":501,"height":354},{"@type":"BreadcrumbList","@id":"https:\/\/cardinal-tapes.com\/fr\/rubans-adh\u00e9sifs\/rubans-adhesifs-simple-face\/film-pp-fr\/tesa-pack-4024\/#breadcrumb","itemListElement":[{"@type":"ListItem","position":1,"name":"Startseite","item":"https:\/\/cardinal-tapes.com\/fr\/accueil\/"},{"@type":"ListItem","position":2,"name":"Rubans adh\u00e9sifs","item":"https:\/\/cardinal-tapes.com\/fr\/rubans-adhesifs-fr\/"},{"@type":"ListItem","position":3,"name":"Single sided adhesive tapes","item":"https:\/\/cardinal-tapes.com\/en\/category\/single-sided-adhesive-tapes\/"},{"@type":"ListItem","position":4,"name":"tesapack\u00ae 4024 PV4 Ruban adh\u00e9sif d&#8217;emballage"}]},{"@type":"WebSite","@id":"https:\/\/cardinal-tapes.com\/#website","url":"https:\/\/cardinal-tapes.com\/","name":"cardinal TAPES","description":"Klebetechnik aus Wuppertal","potentialAction":[{"@type":"SearchAction","target":{"@type":"EntryPoint","urlTemplate":"https:\/\/cardinal-tapes.com\/?s={search_term_string}"},"query-input":{"@type":"PropertyValueSpecification","valueRequired":true,"valueName":"search_term_string"}}],"inLanguage":"fr-FR"}]}},"brands":[{"id":2165,"name":"tesa","slug":"tesa-fr"}],"_links":{"self":[{"href":"https:\/\/cardinal-tapes.com\/fr\/wp-json\/wp\/v2\/product\/37510","targetHints":{"allow":["GET"]}}],"collection":[{"href":"https:\/\/cardinal-tapes.com\/fr\/wp-json\/wp\/v2\/product"}],"about":[{"href":"https:\/\/cardinal-tapes.com\/fr\/wp-json\/wp\/v2\/types\/product"}],"wp:featuredmedia":[{"embeddable":true,"href":"https:\/\/cardinal-tapes.com\/fr\/wp-json\/wp\/v2\/media\/28304"}],"wp:attachment":[{"href":"https:\/\/cardinal-tapes.com\/fr\/wp-json\/wp\/v2\/media?parent=37510"}],"wp:term":[{"taxonomy":"pwb-brand","embeddable":true,"href":"https:\/\/cardinal-tapes.com\/fr\/wp-json\/wp\/v2\/pwb-brand?post=37510"},{"taxonomy":"product_brand","embeddable":true,"href":"https:\/\/cardinal-tapes.com\/fr\/wp-json\/wp\/v2\/product_brand?post=37510"},{"taxonomy":"product_cat","embeddable":true,"href":"https:\/\/cardinal-tapes.com\/fr\/wp-json\/wp\/v2\/product_cat?post=37510"},{"taxonomy":"product_tag","embeddable":true,"href":"https:\/\/cardinal-tapes.com\/fr\/wp-json\/wp\/v2\/product_tag?post=37510"}],"curies":[{"name":"wp","href":"https:\/\/api.w.org\/{rel}","templated":true}]}}