{"id":75802,"date":"2023-12-07T13:54:08","date_gmt":"2023-12-07T12:54:08","guid":{"rendered":"https:\/\/cardinal-tapes.com\/entreprise\/gestion-de-la-qualite\/"},"modified":"2023-12-08T10:01:56","modified_gmt":"2023-12-08T09:01:56","slug":"gestion-de-la-qualite","status":"publish","type":"page","link":"https:\/\/cardinal-tapes.com\/fr\/entreprise\/gestion-de-la-qualite\/","title":{"rendered":"Gestion de la qualit\u00e9"},"content":{"rendered":"\t\t\t<div class=\"headerimage-section has-video has-overlay \">\n\t\t\t\t\t\t\t\t\t\t\t\t\t\t\t\t<div class=\"headerimage__bg\">\n\t\t\t\t\t<video preload=\"none\"  autoplay muted loop playsinline width=\"1920px\" height=\"1080px\" class=\"px-lazy-video\">\n\t\t\t\t\t\t<source src=\"https:\/\/cardinal-tapes.com\/wp-content\/uploads\/cardinal_messmaschine_header_NEU.mp4\" type=\"video\/mp4\">\n\t\t\t\t\t<\/video>\n\t\t\t\t<\/div>\n\t\t\t\t\t\t\t\t<div class=\"container\">\n\t\t\t\t\t<div class=\"headerimage__inner\">\n\t\t\t\t\t\t<h1 class=\"headerimage__headline\">Gestion de la qualit\u00e9<\/h1>\t\t\t\t\t\t<span class=\"headerimage__subheadline\">Pas de compromis, pas de si et de mais<\/span>\t\t\t\t\t\t\t\t\t\t\t<\/div>\n\t\t\t\t\t\t\t\t\t<\/div>\n\t\t\t<\/div>\n\t\t\t\n<\/div><\/div><\/div><!-- close content main div --><\/div><\/div><div id='av_section_1'  class='avia-section av-2etn21h-1fc8d1f184b8d2bb0b46fe40a62c5a13 alternate_color avia-section-default avia-no-border-styling  avia-builder-el-1  el_after_pixel_headimage  el_before_av_section  avia-bg-style-scroll container_wrap fullsize'  ><div class='container av-section-cont-open' ><div class='template-page content  av-content-full alpha units'><div class='post-entry post-entry-type-page post-entry-75802'><div class='entry-content-wrapper clearfix'>\n<div  class='flex_column av-24w6efp-a4bea1db549e236c9dc11af299320493 av_one_half  avia-builder-el-2  el_before_av_one_half  avia-builder-el-first  first flex_column_div av-animated-generic left-to-right  '     ><p><div class=\"pxl-headline pxl-hl hl-wrap | hl-sub--bot hl--align-left hl--std-margin    \">\n        <div class=\"hl-inner\">\n            <h2 class=\"hl-main hl-line |  hl_main--default  \">Notre exigence de qualit\u00e9<\/h2>\n            <span class=\"hl-sub hl-line |  hl_sub--default  \">La base de votre succ\u00e8s<\/span>\n    <\/div>\n<\/div>\n<br \/>\n<section  class='av_textblock_section av-lpv7cxaa-1e4bfa86394db620262e5a83c90f137b '   itemscope=\"itemscope\" itemtype=\"https:\/\/schema.org\/CreativeWork\" ><div class='avia_textblock'  itemprop=\"text\" ><p>La base de notre succ\u00e8s \u00e0 long terme est la satisfaction durable de nos clients. C&#8217;est pourquoi nous accordons la priorit\u00e9 \u00e0 la qualit\u00e9 de nos produits et de nos services.<\/p>\n<p>Pour r\u00e9pondre sans condition \u00e0 cette exigence \u00e9lev\u00e9e, nous soumettons notre machine, nos produits et nos processus \u00e0 des contr\u00f4les r\u00e9guliers. Des m\u00e9thodes et des syst\u00e8mes de mesure ultramodernes sont utilis\u00e9s et des experts sp\u00e9cialement form\u00e9s se chargent de l&#8217;ex\u00e9cution.<\/p>\n<\/div><\/section><\/p><\/div>\n<style type=\"text\/css\" data-created_by=\"avia_inline_auto\" id=\"style-css-av-1owt3f9-7aac9e62865fa6891365db0404eda8f3\">\n.flex_column.av-1owt3f9-7aac9e62865fa6891365db0404eda8f3{\nborder-radius:0px 0px 0px 0px;\npadding:0px 0px 0px 0px;\n}\n<\/style>\n<div  class='flex_column av-1owt3f9-7aac9e62865fa6891365db0404eda8f3 av_one_half  avia-builder-el-5  el_after_av_one_half  avia-builder-el-last  flex_column_div av-animated-generic right-to-left av-zero-column-padding  '     ><style type=\"text\/css\" data-created_by=\"avia_inline_auto\" id=\"style-css-av-1cuay51-fd28793a088ce8665e14261178ce0ac7\">\n.avia-video.av-1cuay51-fd28793a088ce8665e14261178ce0ac7{\nbackground-image:url(https:\/\/cardinal-tapes.com\/wp-content\/uploads\/cardinal_video_vermessung_poster.jpg);\n}\n<\/style>\n<div  class='avia-video av-1cuay51-fd28793a088ce8665e14261178ce0ac7 avia-video-16-9 av-preview-image avia-video-lightbox av-lazyload-video-embed avia-video-standard-html gradient-box-right'  itemprop=\"video\" itemtype=\"https:\/\/schema.org\/VideoObject\"  data-original_url='https:\/\/cardinal-tapes.com\/wp-content\/uploads\/cardinal_messmaschine_NEU.mp4'><script type='text\/html' class='av-video-tmpl'><a href='https:\/\/cardinal-tapes.com\/wp-content\/uploads\/cardinal_messmaschine_NEU.mp4' rel='lightbox' class='mfp-iframe lightbox-link'><\/a><\/script><div class=\"av-click-to-play-overlay play-lightbox\"><div class=\"avia_playpause_icon\"><\/div><\/div><\/div><\/div>\n\n<\/div><\/div><\/div><!-- close content main div --><\/div><\/div><div id='av_section_2'  class='avia-section av-lpv7fz6e-162bf12fe28c762bcaf5aca7f699dc31 main_color avia-section-default avia-no-border-styling  avia-builder-el-7  el_after_av_section  el_before_av_section  gradient-section avia-bg-style-scroll container_wrap fullsize'  ><div class='container av-section-cont-open' ><div class='template-page content  av-content-full alpha units'><div class='post-entry post-entry-type-page post-entry-75802'><div class='entry-content-wrapper clearfix'>\n<div  class='flex_column av-1x1qd1x-4f0644e3ebfab00072eacb52ce483323 av_two_third  avia-builder-el-8  el_before_av_one_third  avia-builder-el-first  first flex_column_div av-animated-generic left-to-right  '     ><p><div class=\"pxl-headline pxl-hl hl-wrap | hl-sub--bot hl--align-left hl--std-margin    \">\n        <div class=\"hl-inner\">\n            <h2 class=\"hl-main hl-line |  hl_main--default  \">Nos certifications<\/h2>\n            <span class=\"hl-sub hl-line |  hl_sub--default  \">Par amour de la qualit\u00e9 et de l\u2019environnement<\/span>\n    <\/div>\n<\/div>\n<br \/>\n<section  class='av_textblock_section av-1hy1bf9-5ad1865eae9b9cf0ebcfb030343f558c '   itemscope=\"itemscope\" itemtype=\"https:\/\/schema.org\/CreativeWork\" ><div class='avia_textblock'  itemprop=\"text\" ><p>Pour r\u00e9pondre syst\u00e9matiquement \u00e0 ces exigences \u00e9lev\u00e9es, nous misons sur des m\u00e9thodes de fabrication modernes, des processus \u00e9prouv\u00e9s et fiables ainsi que sur des collaborateurs comp\u00e9tents. D\u00e8s 1998, nous avons introduit la gestion de la qualit\u00e9 selon la norme ISO 9001. Depuis, nous prouvons r\u00e9guli\u00e8rement cette norme par des audits officiels. En 2023, nous avons \u00e9galement \u00e9t\u00e9 certifi\u00e9s pour la premi\u00e8re fois selon la norme internationale de gestion environnementale ISO 14001.<\/p>\n<\/div><\/section><br \/>\n<div  class='avia-button-wrap av-1ctcnkl-2a7be8f050fd8c4682aece1cad9d222d-wrap avia-button-left  avia-builder-el-11  el_after_av_textblock  avia-builder-el-last '><a href='https:\/\/cardinal-tapes.com\/fr\/infotheque\/telechargements\/'  class='avia-button av-1ctcnkl-2a7be8f050fd8c4682aece1cad9d222d avia-icon_select-no avia-size-medium avia-position-left avia-color-theme-color layout-border color-white'  ><span class='avia_iconbox_title' >Vers les certificats<\/span><\/a><\/div><\/p><\/div><div  class='flex_column av-uvyrth-2894a37bb49fce2d79d5b897eef8f6a4 av_one_third  avia-builder-el-12  el_after_av_two_third  avia-builder-el-last  vertical-align-center flex_column_div  '     ><style type=\"text\/css\" data-created_by=\"avia_inline_auto\" id=\"style-css-av-lpv8kcte-507a73eea21e7454985955266ca59014\">\n.avia-image-container.av-lpv8kcte-507a73eea21e7454985955266ca59014 img.avia_image{\nbox-shadow:none;\n}\n.avia-image-container.av-lpv8kcte-507a73eea21e7454985955266ca59014 .av-image-caption-overlay-center{\ncolor:#ffffff;\n}\n<\/style>\n<div  class='avia-image-container av-lpv8kcte-507a73eea21e7454985955266ca59014 av-styling- avia-align-left  avia-builder-el-13  avia-builder-el-no-sibling '   itemprop=\"image\" itemscope=\"itemscope\" itemtype=\"https:\/\/schema.org\/ImageObject\" ><div class=\"avia-image-container-inner\"><div class=\"avia-image-overlay-wrap\"><img decoding=\"async\" fetchpriority=\"high\" class='wp-image-75763 avia-img-lazy-loading-not-75763 avia_image ' src=\"https:\/\/cardinal-tapes.com\/wp-content\/uploads\/cardinal-content-zertifikate-siegel.png\" alt='' title='cardinal-content-zertifikate-siegel'  height=\"188\" width=\"440\"  itemprop=\"thumbnailUrl\" srcset=\"https:\/\/cardinal-tapes.com\/wp-content\/uploads\/cardinal-content-zertifikate-siegel.png 440w, https:\/\/cardinal-tapes.com\/wp-content\/uploads\/cardinal-content-zertifikate-siegel-200x85.png 200w\" sizes=\"(max-width: 440px) 100vw, 440px\" \/><\/div><\/div><\/div><\/div><\/div><\/div><\/div><!-- close content main div --><\/div><\/div><div id='av_section_3'  class='avia-section av-3j34zf9-90bfc8698a06d49779994c0ce86330da alternate_color avia-section-default avia-no-border-styling  avia-builder-el-14  el_after_av_section  el_before_av_section  avia-bg-style-scroll container_wrap fullsize'  ><div class='container av-section-cont-open' ><div class='template-page content  av-content-full alpha units'><div class='post-entry post-entry-type-page post-entry-75802'><div class='entry-content-wrapper clearfix'>\n<div class='flex_column_table av-30l17th-dbbd631bdddfa861d1620c212836190d sc-av_one_third av-equal-height-column-flextable'><div  class='flex_column av-30l17th-dbbd631bdddfa861d1620c212836190d av_one_third  avia-builder-el-15  el_before_av_two_third  avia-builder-el-first  first flex_column_table_cell av-equal-height-column av-align-middle av-animated-generic left-to-right  '     ><style type=\"text\/css\" data-created_by=\"avia_inline_auto\" id=\"style-css-av-2ea8bpx-c9e7e9880c8d9e8626ed52741203a677\">\n.avia-image-container.av-2ea8bpx-c9e7e9880c8d9e8626ed52741203a677 img.avia_image{\nbox-shadow:none;\n}\n.avia-image-container.av-2ea8bpx-c9e7e9880c8d9e8626ed52741203a677 .av-image-caption-overlay-center{\ncolor:#ffffff;\n}\n<\/style>\n<div  class='avia-image-container av-2ea8bpx-c9e7e9880c8d9e8626ed52741203a677 av-styling-gradient-box-left avia-align-center  avia-builder-el-16  avia-builder-el-no-sibling '   itemprop=\"image\" itemscope=\"itemscope\" itemtype=\"https:\/\/schema.org\/ImageObject\" ><div class=\"avia-image-container-inner\"><div class=\"avia-image-overlay-wrap\"><img decoding=\"async\" fetchpriority=\"high\" class='wp-image-75772 avia-img-lazy-loading-not-75772 avia_image ' src=\"https:\/\/cardinal-tapes.com\/wp-content\/uploads\/cardinal-content-leitlinien.jpg\" alt='' title='cardinal-content-leitlinien'  height=\"780\" width=\"780\"  itemprop=\"thumbnailUrl\" srcset=\"https:\/\/cardinal-tapes.com\/wp-content\/uploads\/cardinal-content-leitlinien.jpg 780w, https:\/\/cardinal-tapes.com\/wp-content\/uploads\/cardinal-content-leitlinien-200x200.jpg 200w, https:\/\/cardinal-tapes.com\/wp-content\/uploads\/cardinal-content-leitlinien-564x564.jpg 564w, https:\/\/cardinal-tapes.com\/wp-content\/uploads\/cardinal-content-leitlinien-80x80.jpg 80w, https:\/\/cardinal-tapes.com\/wp-content\/uploads\/cardinal-content-leitlinien-768x768.jpg 768w, https:\/\/cardinal-tapes.com\/wp-content\/uploads\/cardinal-content-leitlinien-36x36.jpg 36w, https:\/\/cardinal-tapes.com\/wp-content\/uploads\/cardinal-content-leitlinien-180x180.jpg 180w, https:\/\/cardinal-tapes.com\/wp-content\/uploads\/cardinal-content-leitlinien-705x705.jpg 705w, https:\/\/cardinal-tapes.com\/wp-content\/uploads\/cardinal-content-leitlinien-120x120.jpg 120w, https:\/\/cardinal-tapes.com\/wp-content\/uploads\/cardinal-content-leitlinien-450x450.jpg 450w, https:\/\/cardinal-tapes.com\/wp-content\/uploads\/cardinal-content-leitlinien-100x100.jpg 100w\" sizes=\"(max-width: 780px) 100vw, 780px\" \/><\/div><\/div><\/div><\/div><div class='av-flex-placeholder'><\/div><div  class='flex_column av-1xm5j3p-fdd7a2f5219d10ee19114cf77ec43a57 av_two_third  avia-builder-el-17  el_after_av_one_third  avia-builder-el-last  flex_column_table_cell av-equal-height-column av-align-middle av-animated-generic right-to-left  '     ><p><div class=\"pxl-headline pxl-hl hl-wrap | hl-sub--bot hl--align-left hl--std-margin    \">\n        <div class=\"hl-inner\">\n            <h2 class=\"hl-main hl-line |  hl_main--default  \">Nos lignes directrices<\/h2>\n            <span class=\"hl-sub hl-line |  hl_sub--default  \">Nous ne laissons rien au hasard<\/span>\n    <\/div>\n<\/div>\n<br \/>\n<section  class='av_textblock_section av-165njf9-bc2b70b22ba0a2916a6b8962cc40fc56 '   itemscope=\"itemscope\" itemtype=\"https:\/\/schema.org\/CreativeWork\" ><div class='avia_textblock'  itemprop=\"text\" ><p>Assurer la qualit\u00e9 de nos processus est pour nous une priorit\u00e9 absolue. C&#8217;est pourquoi nous soumettons tous nos produits, machines et processus \u00e0 un contr\u00f4le continu. Diff\u00e9rents proc\u00e9d\u00e9s et technologies sont utilis\u00e9s \u00e0 cet effet :<\/p>\n<\/div><\/section><br \/>\n<section  class='av_textblock_section av-lpv7lemu-4d8127f364d7d396afdfc51f542c2e33 '   itemscope=\"itemscope\" itemtype=\"https:\/\/schema.org\/CreativeWork\" ><div class='avia_textblock list-item-checkmark'  itemprop=\"text\" ><ul>\n<li>Cam\u00e9ras en ligne pour la surveillance de la production<\/li>\n<li>Machines de mesure et d&#8217;essai de mat\u00e9riaux 2D \u00e0 commande CNC<\/li>\n<li>Contr\u00f4le pr\u00e9cis des pi\u00e8ces conform\u00e9ment aux normes prescrites<\/li>\n<li>Tests pr\u00e9liminaires d&#8217;ad\u00e9quation des produits<\/li>\n<li>Application de gabarits de contr\u00f4le individuels<\/li>\n<\/ul>\n<\/div><\/section><\/p><\/div><\/div><!--close column table wrapper. Autoclose: 1 -->\n<\/p>\n<\/div><\/div><\/div><!-- close content main div --><\/div><\/div><div id='av_section_4'  class='avia-section av-1miw8tx-4506d9e61b8ddfdbbf90fa0bb86d5f97 main_color avia-section-default avia-no-border-styling  avia-builder-el-21  el_after_av_section  avia-builder-el-last  avia-bg-style-scroll container_wrap fullsize'  ><div class='container av-section-cont-open' ><div class='template-page content  av-content-full alpha units'><div class='post-entry post-entry-type-page post-entry-75802'><div class='entry-content-wrapper clearfix'>\n<div  class='flex_column av-1ctrnp1-25bb7f9fcd5c6738e4d3fb63ceb596cf av_two_third  avia-builder-el-22  el_before_av_one_third  avia-builder-el-first  first flex_column_div  '     ><p><div class=\"pxl-headline pxl-hl hl-wrap | hl-sub--bot hl--align-left hl--std-margin    \">\n        <div class=\"hl-inner\">\n            <h2 class=\"hl-main hl-line |  hl_main--default  \">Prototypage<\/h2>\n            <span class=\"hl-sub hl-line |  hl_sub--default  \">La pierre angulaire de la qualit\u00e9 sup\u00e9rieure des produits<\/span>\n    <\/div>\n<\/div>\n<br \/>\n<section  class='av_textblock_section av-lpv7pn1g-d1b57b2fef18ca4af61dc4896f0b6085 '   itemscope=\"itemscope\" itemtype=\"https:\/\/schema.org\/CreativeWork\" ><div class='avia_textblock'  itemprop=\"text\" ><p>Notre processus commence par la compr\u00e9hension de vos besoins et de vos sp\u00e9cifications et par l&#8217;\u00e9laboration d&#8217;un plan avec vous. Nous vous pr\u00e9senterons ensuite une s\u00e9rie d&#8217;options bas\u00e9es sur vos besoins et vous fournirons des \u00e9chantillons.<\/p>\n<p>Nos rubans adh\u00e9sifs sont fabriqu\u00e9s avec les mat\u00e9riaux et les technologies les plus r\u00e9cents afin de garantir qu&#8217;ils r\u00e9sistent \u00e0 des charges \u00e9lev\u00e9es et durent longtemps.<\/p>\n<\/div><\/section><br \/>\n<div  class='avia-button-wrap av-lpv7py2y-56b5351c89275c8a936295239a77e926-wrap avia-button-left  avia-builder-el-25  el_after_av_textblock  avia-builder-el-last '><a href='#contactblock'  class='avia-button av-lpv7py2y-56b5351c89275c8a936295239a77e926 avia-icon_select-no avia-size-medium avia-position-left avia-color-theme-color layout-full color-red'  ><span class='avia_iconbox_title' >Prendre contact<\/span><\/a><\/div><\/p><\/div><div  class='flex_column av-uqlvdh-b18132b5c48559295843d632ca612b12 av_one_third  avia-builder-el-26  el_after_av_two_third  avia-builder-el-last  flex_column_div  '     ><style type=\"text\/css\" data-created_by=\"avia_inline_auto\" id=\"style-css-av-lpv7rhr4-4660ab3f4e4ba40089072eacdce98174\">\n.avia-image-container.av-lpv7rhr4-4660ab3f4e4ba40089072eacdce98174 img.avia_image{\nbox-shadow:none;\n}\n.avia-image-container.av-lpv7rhr4-4660ab3f4e4ba40089072eacdce98174 .av-image-caption-overlay-center{\ncolor:#ffffff;\n}\n<\/style>\n<div  class='avia-image-container av-lpv7rhr4-4660ab3f4e4ba40089072eacdce98174 av-styling- avia-align-center  avia-builder-el-27  avia-builder-el-no-sibling '   itemprop=\"image\" itemscope=\"itemscope\" itemtype=\"https:\/\/schema.org\/ImageObject\" ><div class=\"avia-image-container-inner\"><div class=\"avia-image-overlay-wrap\"><img decoding=\"async\" fetchpriority=\"high\" class='wp-image-75746 avia-img-lazy-loading-not-75746 avia_image ' src=\"https:\/\/cardinal-tapes.com\/wp-content\/uploads\/cardinal-content-prototyping.jpg\" alt='' title='cardinal-content-prototyping'  height=\"702\" width=\"700\"  itemprop=\"thumbnailUrl\" srcset=\"https:\/\/cardinal-tapes.com\/wp-content\/uploads\/cardinal-content-prototyping.jpg 700w, https:\/\/cardinal-tapes.com\/wp-content\/uploads\/cardinal-content-prototyping-200x200.jpg 200w, https:\/\/cardinal-tapes.com\/wp-content\/uploads\/cardinal-content-prototyping-562x564.jpg 562w, https:\/\/cardinal-tapes.com\/wp-content\/uploads\/cardinal-content-prototyping-80x80.jpg 80w, https:\/\/cardinal-tapes.com\/wp-content\/uploads\/cardinal-content-prototyping-36x36.jpg 36w, https:\/\/cardinal-tapes.com\/wp-content\/uploads\/cardinal-content-prototyping-180x180.jpg 180w, https:\/\/cardinal-tapes.com\/wp-content\/uploads\/cardinal-content-prototyping-120x120.jpg 120w, https:\/\/cardinal-tapes.com\/wp-content\/uploads\/cardinal-content-prototyping-450x451.jpg 450w, https:\/\/cardinal-tapes.com\/wp-content\/uploads\/cardinal-content-prototyping-100x100.jpg 100w\" sizes=\"(max-width: 700px) 100vw, 700px\" \/><\/div><\/div><\/div><\/div>\n\n","protected":false},"excerpt":{"rendered":"","protected":false},"author":1,"featured_media":0,"parent":30130,"menu_order":0,"comment_status":"closed","ping_status":"closed","template":"","meta":{"_acf_changed":false,"footnotes":""},"class_list":["post-75802","page","type-page","status-publish","hentry"],"acf":[],"yoast_head":"<!-- This site is optimized with the Yoast SEO plugin v27.3 - https:\/\/yoast.com\/product\/yoast-seo-wordpress\/ -->\n<title>Gestion de la qualit\u00e9 - cardinal TAPES<\/title>\n<meta name=\"robots\" content=\"index, follow, max-snippet:-1, max-image-preview:large, max-video-preview:-1\" \/>\n<link rel=\"canonical\" href=\"https:\/\/cardinal-tapes.com\/fr\/entreprise\/gestion-de-la-qualite\/\" \/>\n<meta property=\"og:locale\" content=\"fr_FR\" \/>\n<meta property=\"og:type\" content=\"article\" \/>\n<meta property=\"og:title\" content=\"Gestion de la qualit\u00e9 - cardinal TAPES\" \/>\n<meta property=\"og:url\" content=\"https:\/\/cardinal-tapes.com\/fr\/entreprise\/gestion-de-la-qualite\/\" \/>\n<meta property=\"og:site_name\" content=\"cardinal TAPES\" \/>\n<meta property=\"article:modified_time\" content=\"2023-12-08T09:01:56+00:00\" \/>\n<meta name=\"twitter:card\" content=\"summary_large_image\" \/>\n<meta name=\"twitter:label1\" content=\"Dur\u00e9e de lecture estim\u00e9e\" \/>\n\t<meta name=\"twitter:data1\" content=\"38 minutes\" \/>\n<script type=\"application\/ld+json\" class=\"yoast-schema-graph\">{\"@context\":\"https:\\\/\\\/schema.org\",\"@graph\":[{\"@type\":\"WebPage\",\"@id\":\"https:\\\/\\\/cardinal-tapes.com\\\/fr\\\/entreprise\\\/gestion-de-la-qualite\\\/\",\"url\":\"https:\\\/\\\/cardinal-tapes.com\\\/fr\\\/entreprise\\\/gestion-de-la-qualite\\\/\",\"name\":\"Gestion de la qualit\u00e9 - cardinal TAPES\",\"isPartOf\":{\"@id\":\"https:\\\/\\\/cardinal-tapes.com\\\/#website\"},\"datePublished\":\"2023-12-07T12:54:08+00:00\",\"dateModified\":\"2023-12-08T09:01:56+00:00\",\"breadcrumb\":{\"@id\":\"https:\\\/\\\/cardinal-tapes.com\\\/fr\\\/entreprise\\\/gestion-de-la-qualite\\\/#breadcrumb\"},\"inLanguage\":\"fr-FR\",\"potentialAction\":[{\"@type\":\"ReadAction\",\"target\":[\"https:\\\/\\\/cardinal-tapes.com\\\/fr\\\/entreprise\\\/gestion-de-la-qualite\\\/\"]}]},{\"@type\":\"BreadcrumbList\",\"@id\":\"https:\\\/\\\/cardinal-tapes.com\\\/fr\\\/entreprise\\\/gestion-de-la-qualite\\\/#breadcrumb\",\"itemListElement\":[{\"@type\":\"ListItem\",\"position\":1,\"name\":\"Startseite\",\"item\":\"https:\\\/\\\/cardinal-tapes.com\\\/fr\\\/accueil\\\/\"},{\"@type\":\"ListItem\",\"position\":2,\"name\":\"Entreprise\",\"item\":\"https:\\\/\\\/cardinal-tapes.com\\\/fr\\\/entreprise\\\/\"},{\"@type\":\"ListItem\",\"position\":3,\"name\":\"Gestion de la qualit\u00e9\"}]},{\"@type\":\"WebSite\",\"@id\":\"https:\\\/\\\/cardinal-tapes.com\\\/#website\",\"url\":\"https:\\\/\\\/cardinal-tapes.com\\\/\",\"name\":\"cardinal TAPES\",\"description\":\"Klebetechnik aus Wuppertal\",\"potentialAction\":[{\"@type\":\"SearchAction\",\"target\":{\"@type\":\"EntryPoint\",\"urlTemplate\":\"https:\\\/\\\/cardinal-tapes.com\\\/?s={search_term_string}\"},\"query-input\":{\"@type\":\"PropertyValueSpecification\",\"valueRequired\":true,\"valueName\":\"search_term_string\"}}],\"inLanguage\":\"fr-FR\"}]}<\/script>\n<!-- \/ Yoast SEO plugin. -->","yoast_head_json":{"title":"Gestion de la qualit\u00e9 - cardinal TAPES","robots":{"index":"index","follow":"follow","max-snippet":"max-snippet:-1","max-image-preview":"max-image-preview:large","max-video-preview":"max-video-preview:-1"},"canonical":"https:\/\/cardinal-tapes.com\/fr\/entreprise\/gestion-de-la-qualite\/","og_locale":"fr_FR","og_type":"article","og_title":"Gestion de la qualit\u00e9 - cardinal TAPES","og_url":"https:\/\/cardinal-tapes.com\/fr\/entreprise\/gestion-de-la-qualite\/","og_site_name":"cardinal TAPES","article_modified_time":"2023-12-08T09:01:56+00:00","twitter_card":"summary_large_image","twitter_misc":{"Dur\u00e9e de lecture estim\u00e9e":"38 minutes"},"schema":{"@context":"https:\/\/schema.org","@graph":[{"@type":"WebPage","@id":"https:\/\/cardinal-tapes.com\/fr\/entreprise\/gestion-de-la-qualite\/","url":"https:\/\/cardinal-tapes.com\/fr\/entreprise\/gestion-de-la-qualite\/","name":"Gestion de la qualit\u00e9 - cardinal TAPES","isPartOf":{"@id":"https:\/\/cardinal-tapes.com\/#website"},"datePublished":"2023-12-07T12:54:08+00:00","dateModified":"2023-12-08T09:01:56+00:00","breadcrumb":{"@id":"https:\/\/cardinal-tapes.com\/fr\/entreprise\/gestion-de-la-qualite\/#breadcrumb"},"inLanguage":"fr-FR","potentialAction":[{"@type":"ReadAction","target":["https:\/\/cardinal-tapes.com\/fr\/entreprise\/gestion-de-la-qualite\/"]}]},{"@type":"BreadcrumbList","@id":"https:\/\/cardinal-tapes.com\/fr\/entreprise\/gestion-de-la-qualite\/#breadcrumb","itemListElement":[{"@type":"ListItem","position":1,"name":"Startseite","item":"https:\/\/cardinal-tapes.com\/fr\/accueil\/"},{"@type":"ListItem","position":2,"name":"Entreprise","item":"https:\/\/cardinal-tapes.com\/fr\/entreprise\/"},{"@type":"ListItem","position":3,"name":"Gestion de la qualit\u00e9"}]},{"@type":"WebSite","@id":"https:\/\/cardinal-tapes.com\/#website","url":"https:\/\/cardinal-tapes.com\/","name":"cardinal TAPES","description":"Klebetechnik aus Wuppertal","potentialAction":[{"@type":"SearchAction","target":{"@type":"EntryPoint","urlTemplate":"https:\/\/cardinal-tapes.com\/?s={search_term_string}"},"query-input":{"@type":"PropertyValueSpecification","valueRequired":true,"valueName":"search_term_string"}}],"inLanguage":"fr-FR"}]}},"_links":{"self":[{"href":"https:\/\/cardinal-tapes.com\/fr\/wp-json\/wp\/v2\/pages\/75802","targetHints":{"allow":["GET"]}}],"collection":[{"href":"https:\/\/cardinal-tapes.com\/fr\/wp-json\/wp\/v2\/pages"}],"about":[{"href":"https:\/\/cardinal-tapes.com\/fr\/wp-json\/wp\/v2\/types\/page"}],"author":[{"embeddable":true,"href":"https:\/\/cardinal-tapes.com\/fr\/wp-json\/wp\/v2\/users\/1"}],"replies":[{"embeddable":true,"href":"https:\/\/cardinal-tapes.com\/fr\/wp-json\/wp\/v2\/comments?post=75802"}],"version-history":[{"count":0,"href":"https:\/\/cardinal-tapes.com\/fr\/wp-json\/wp\/v2\/pages\/75802\/revisions"}],"up":[{"embeddable":true,"href":"https:\/\/cardinal-tapes.com\/fr\/wp-json\/wp\/v2\/pages\/30130"}],"wp:attachment":[{"href":"https:\/\/cardinal-tapes.com\/fr\/wp-json\/wp\/v2\/media?parent=75802"}],"curies":[{"name":"wp","href":"https:\/\/api.w.org\/{rel}","templated":true}]}}