{"id":65667,"date":"2017-12-19T12:04:47","date_gmt":"2017-12-19T11:04:47","guid":{"rendered":"https:\/\/cardinal.pixel-tal.de\/rubans-adhesifs-fr\/domaines-dapplication\/fabrication-et-traitement-des-films\/"},"modified":"2023-06-16T16:07:43","modified_gmt":"2023-06-16T14:07:43","slug":"fabrication-et-traitement-des-films","status":"publish","type":"page","link":"https:\/\/cardinal-tapes.com\/fr\/rubans-adhesifs-fr\/domaines-dapplication\/fabrication-et-traitement-des-films\/","title":{"rendered":"Fabrication et traitement des films"},"content":{"rendered":"\t\t\t<div class=\"headerimage-section has-image  \">\n\t\t\t\t\t\t\t\t\t\t\t\t<div class=\"headerimage__bg overlay\" style=\"background-image: url('https:\/\/cardinal-tapes.com\/wp-content\/uploads\/cardinal_kopfbild-folien-scaled.jpg'); background-repeat: no-repeat; background-position: center; background-size: cover;\"><\/div>\n\t\t\t\t\t\t\t\t\t\t\t\t<div class=\"container\">\n\t\t\t\t\t<div class=\"headerimage__inner\">\n\t\t\t\t\t\t<h1 class=\"headerimage__headline\">Rubans adh\u00e9sifs et syst\u00e8mes de collage<\/h1>\t\t\t\t\t\t<span class=\"headerimage__subheadline\">pour de multiples applications<\/span>\t\t\t\t\t\t\t\t\t\t\t<\/div>\n\t\t\t\t\t\t\t\t\t<\/div>\n\t\t\t<\/div>\n\t\t\t\n<\/div><\/div><\/div><!-- close content main div --><\/div><\/div><div id='av_section_1'  class='avia-section av-12qiwk-cb074a015115448c7a0e4697cc3ded18 alternate_color avia-section-default avia-no-border-styling  avia-builder-el-1  el_after_pixel_headimage  el_before_av_section  avia-bg-style-scroll container_wrap fullsize'  ><div class='container av-section-cont-open' ><div class='template-page content  av-content-full alpha units'><div class='post-entry post-entry-type-page post-entry-65667'><div class='entry-content-wrapper clearfix'>\n<div  class='flex_column av-wglf0-8a1fcff5d385852f4ec20e993f5cb361 av_two_third  avia-builder-el-2  avia-builder-el-no-sibling  max-width-col two-third first flex_column_div av-animated-generic left-to-right  '     ><p><div class=\"pxl-headline pxl-hl hl-wrap | hl-sub--bot hl--align-left hl--std-margin    \">\n        <div class=\"hl-inner\">\n            <h2 class=\"hl-main hl-line |  hl_main--default  \">Rubans adh\u00e9sifs pour la fabrication et la transformation de films<\/h2>\n            <span class=\"hl-sub hl-line |  hl_sub--default  \">Des exigences \u00e9lev\u00e9es, des solutions sur mesure <\/span>\n    <\/div>\n<\/div>\n<br \/>\n<section  class='av_textblock_section av-lhoxgm2h-b754a163c6f7680c0fb1d9c9d84c1db9 '   itemscope=\"itemscope\" itemtype=\"https:\/\/schema.org\/CreativeWork\" ><div class='avia_textblock'  itemprop=\"text\" ><p>En tant que distributeur de rubans adh\u00e9sifs techniques, nous sommes, chez cardinal TAPES, certains d&#8217;une chose : le ruban adh\u00e9sif est un produit qui convient vraiment \u00e0 toutes les applications. Gr\u00e2ce \u00e0 notre gamme de produits dans diff\u00e9rents domaines de la technique adh\u00e9sive, nous vous garantissons de trouver le ruban adh\u00e9sif adapt\u00e9 \u00e0 votre entreprise pour presque toutes les applications.<\/p>\n<p>Pour nous contacter, utilisez simplement notre formulaire de <a title=\"Demande de produits rubans adh\u00e9sifs techniques cardinal TAPES\" href=\"\/ueber-cardinal\/kontakt\/\">demande de produits<\/a> ou contactez-nous par t\u00e9l\u00e9phone au <a class=\"telelink\" title=\"Si vous avez d'autres questions, n'h\u00e9sitez pas \u00e0 nous contacter par t\u00e9l\u00e9phone\" href=\"tel:+490202266850\" target=\"_blank\" rel=\"nofollow\">+49.202.266850<\/a>.<\/p>\n<\/div><\/section><\/p><\/div>\n\n<\/div><\/div><\/div><!-- close content main div --><\/div><\/div><div id='av_section_2'  class='avia-section av-rinjw-f7f43782769b6100513231999ac6ee84 main_color avia-section-default avia-no-border-styling  avia-builder-el-5  el_after_av_section  avia-builder-el-last  gradient-section avia-bg-style-scroll container_wrap fullsize'  ><div class='container av-section-cont-open' ><div class='template-page content  av-content-full alpha units'><div class='post-entry post-entry-type-page post-entry-65667'><div class='entry-content-wrapper clearfix'>\n<div  class='flex_column av-moc38-c2e3ffe426ef97e300fe0b8a342adf41 av_one_full  avia-builder-el-6  avia-builder-el-no-sibling  first flex_column_div av-animated-generic left-to-right  '     ><p><div class=\"pxl-headline pxl-hl hl-wrap | hl-sub--bot hl--align-left hl--no-margin    \">\n        <div class=\"hl-inner\">\n            <h2 class=\"hl-main hl-line |  hl_main--default  \">Points forts du produit<\/h2>\n            <span class=\"hl-sub hl-line |  hl_sub--default  \">Innovant et de haute qualit\u00e9<\/span>\n    <\/div>\n<\/div>\n<br \/>\n<div   data-autoplay=''  data-interval='5'  data-animation='fade'  data-hoverpause='1'  class='template-shop avia-content-slider avia-content-slider-active avia-product-slider1 avia-content-slider-even  avia-builder-el-8  el_after_pixel_sc_headline  el_before_av_button   shop_columns_4' ><div class='avia-content-slider-inner'><ul class=\"products slide-entry-wrap\"><li class=\"product type-product post-55181 status-publish first instock product_cat-production-daluminium-traitement product_cat-industrie-electrique product_cat-fabrication-de-films product_cat-industrie-des-matieres-plastiques product_cat-construction-de-machines product_cat-industrie-textile product_cat-rubans-adhesifs-double-face has-post-thumbnail taxable shipping-taxable purchasable product-type-variable\">\n\t<div class='inner_product main_color wrapped_style noLightbox  av-product-class-no_button'><a href=\"https:\/\/cardinal-tapes.com\/fr\/rubans-adh\u00e9sifs\/domaines-dapplication\/production-daluminium-traitement\/ca-418-bande-adhesive-pour-animaux\/\" class=\"woocommerce-LoopProduct-link woocommerce-loop-product__link\"><div class=\"thumbnail_container\"><img decoding=\"async\" loading=\"lazy\" width=\"380\" height=\"380\" src=\"https:\/\/cardinal-tapes.com\/wp-content\/uploads\/ca_420_19x50mm.jpg\" class=\"wp-image-81355 avia-img-lazy-loading-81355 attachment-shop_catalog size-shop_catalog wp-post-image\" alt=\"CA-418 Ruban adh\u00e9sif en PET - double face, Film PET, Acrylate de solvant - Illustration 81355\" srcset=\"https:\/\/cardinal-tapes.com\/wp-content\/uploads\/ca_420_19x50mm.jpg 380w, https:\/\/cardinal-tapes.com\/wp-content\/uploads\/ca_420_19x50mm-200x200.jpg 200w, https:\/\/cardinal-tapes.com\/wp-content\/uploads\/ca_420_19x50mm-80x80.jpg 80w, https:\/\/cardinal-tapes.com\/wp-content\/uploads\/ca_420_19x50mm-36x36.jpg 36w, https:\/\/cardinal-tapes.com\/wp-content\/uploads\/ca_420_19x50mm-180x180.jpg 180w, https:\/\/cardinal-tapes.com\/wp-content\/uploads\/ca_420_19x50mm-120x120.jpg 120w, https:\/\/cardinal-tapes.com\/wp-content\/uploads\/ca_420_19x50mm-100x100.jpg 100w\" sizes=\"auto, (max-width: 380px) 100vw, 380px\" \/><\/div><div class='inner_product_header'><div class='avia-arrow'><\/div><div class='inner_product_header_table'><div class='inner_product_header_cell'><span class=\"is-h2 woocommerce-loop-product__title\">CA-418 Ruban adh\u00e9sif en PET<\/span>\t\t<div class=\"product-infos\">\n\t\t\t\t\t\t\t<span class='product-infos__item'><b>Rev\u00eatement:<\/b> double face<\/span>\n\t\t\t\t\t\t\t\t\t\t<span class='product-infos__item'><b>Type de mat\u00e9riau:<\/b> Film PET<\/span>\n\t\t\t\t\t\t\t\t\t\t<span class='product-infos__item'><b>Fabricant:<\/b> cardinal GmbH<\/span>\n\t\t\t\t\t\t\t\t\t\t<span class='product-infos__item'><b>Prix sur demande<\/b><\/span>\n\t\t\t\t\t<\/div>\n\t<\/div><\/div><\/div><\/a><\/div><\/li>\n<li class=\"product type-product post-75148 status-publish instock product_cat-production-daluminium-traitement product_cat-industrie-electrique product_cat-fabrication-de-films product_cat-technique-de-chauffage-et-de-climatisation product_cat-industrie-des-matieres-plastiques product_cat-construction-de-machines product_cat-finition-des-metaux product_cat-industrie-textile product_cat-rubans-adhesifs-double-face has-post-thumbnail taxable shipping-taxable purchasable product-type-variable\">\n\t<div class='inner_product main_color wrapped_style noLightbox  av-product-class-no_button'><a href=\"https:\/\/cardinal-tapes.com\/fr\/rubans-adh\u00e9sifs\/domaines-dapplication\/production-daluminium-traitement\/ca-418-ruban-adhesif-en-pet-fr\/\" class=\"woocommerce-LoopProduct-link woocommerce-loop-product__link\"><div class=\"thumbnail_container\"><img decoding=\"async\" loading=\"lazy\" width=\"380\" height=\"380\" src=\"https:\/\/cardinal-tapes.com\/wp-content\/uploads\/ca_420_19x50mm.jpg\" class=\"wp-image-81355 avia-img-lazy-loading-81355 attachment-shop_catalog size-shop_catalog wp-post-image\" alt=\"CA-420 Ruban adh\u00e9sif en PET - double face, Film PET, Solvant acrylique - Illustration 81355\" srcset=\"https:\/\/cardinal-tapes.com\/wp-content\/uploads\/ca_420_19x50mm.jpg 380w, https:\/\/cardinal-tapes.com\/wp-content\/uploads\/ca_420_19x50mm-200x200.jpg 200w, https:\/\/cardinal-tapes.com\/wp-content\/uploads\/ca_420_19x50mm-80x80.jpg 80w, https:\/\/cardinal-tapes.com\/wp-content\/uploads\/ca_420_19x50mm-36x36.jpg 36w, https:\/\/cardinal-tapes.com\/wp-content\/uploads\/ca_420_19x50mm-180x180.jpg 180w, https:\/\/cardinal-tapes.com\/wp-content\/uploads\/ca_420_19x50mm-120x120.jpg 120w, https:\/\/cardinal-tapes.com\/wp-content\/uploads\/ca_420_19x50mm-100x100.jpg 100w\" sizes=\"auto, (max-width: 380px) 100vw, 380px\" \/><\/div><div class='inner_product_header'><div class='avia-arrow'><\/div><div class='inner_product_header_table'><div class='inner_product_header_cell'><span class=\"is-h2 woocommerce-loop-product__title\">CA-420 Ruban adh\u00e9sif en PET<\/span>\t\t<div class=\"product-infos\">\n\t\t\t\t\t\t\t<span class='product-infos__item'><b>Rev\u00eatement:<\/b> double face<\/span>\n\t\t\t\t\t\t\t\t\t\t<span class='product-infos__item'><b>Type de mat\u00e9riau:<\/b> Film PET<\/span>\n\t\t\t\t\t\t\t\t\t\t<span class='product-infos__item'><b>Fabricant:<\/b> cardinal GmbH<\/span>\n\t\t\t\t\t\t\t\t\t\t<span class='product-infos__item'><b>Prix sur demande<\/b><\/span>\n\t\t\t\t\t<\/div>\n\t<\/div><\/div><\/div><\/a><\/div><\/li>\n<li class=\"product type-product post-38368 status-publish instock product_cat-production-daluminium-traitement product_cat-industrie-electrique product_cat-fabrication-de-films product_cat-industrie-des-matieres-plastiques product_cat-construction-de-machines product_cat-industrie-textile product_cat-rubans-adhesifs-double-face has-post-thumbnail taxable shipping-taxable purchasable product-type-variable\">\n\t<div class='inner_product main_color wrapped_style noLightbox  av-product-class-no_button'><a href=\"https:\/\/cardinal-tapes.com\/fr\/rubans-adh\u00e9sifs\/domaines-dapplication\/production-daluminium-traitement\/orabond-1358-bande-adhesive-en-papier-non-tisse\/\" class=\"woocommerce-LoopProduct-link woocommerce-loop-product__link\"><div class=\"thumbnail_container\"><img decoding=\"async\" loading=\"lazy\" width=\"450\" height=\"450\" src=\"https:\/\/cardinal-tapes.com\/wp-content\/uploads\/1358gia-450x450.jpg\" class=\"wp-image-29192 avia-img-lazy-loading-29192 attachment-shop_catalog size-shop_catalog wp-post-image\" alt=\"ORABOND\u00ae 1358 Ruban adh\u00e9sif en papier non tiss\u00e9 - double face, Papier non tiss\u00e9, Acrylate de dispersion - Illustration 29192\" srcset=\"https:\/\/cardinal-tapes.com\/wp-content\/uploads\/1358gia-450x450.jpg 450w, https:\/\/cardinal-tapes.com\/wp-content\/uploads\/1358gia-80x80.jpg 80w, https:\/\/cardinal-tapes.com\/wp-content\/uploads\/1358gia-36x36.jpg 36w, https:\/\/cardinal-tapes.com\/wp-content\/uploads\/1358gia-180x180.jpg 180w, https:\/\/cardinal-tapes.com\/wp-content\/uploads\/1358gia-120x120.jpg 120w, https:\/\/cardinal-tapes.com\/wp-content\/uploads\/1358gia-100x100.jpg 100w\" sizes=\"auto, (max-width: 450px) 100vw, 450px\" \/><\/div><div class='inner_product_header'><div class='avia-arrow'><\/div><div class='inner_product_header_table'><div class='inner_product_header_cell'><span class=\"is-h2 woocommerce-loop-product__title\">ORABOND\u00ae 1358 Ruban adh\u00e9sif en papier non tiss\u00e9<\/span>\t\t<div class=\"product-infos\">\n\t\t\t\t\t\t\t<span class='product-infos__item'><b>Rev\u00eatement:<\/b> double face<\/span>\n\t\t\t\t\t\t\t\t\t\t<span class='product-infos__item'><b>Type de mat\u00e9riau:<\/b> Papier non tiss\u00e9<\/span>\n\t\t\t\t\t\t\t\t\t\t<span class='product-infos__item'><b>Fabricant:<\/b> ORAFOL<\/span>\n\t\t\t\t\t\t\t\t\t\t<span class='product-infos__item'><b>Prix sur demande<\/b><\/span>\n\t\t\t\t\t<\/div>\n\t<\/div><\/div><\/div><\/a><\/div><\/li>\n<li class=\"product type-product post-38366 status-publish last instock product_cat-fabrication-de-films product_cat-industrie-des-matieres-plastiques product_cat-construction-de-machines product_cat-industrie-textile product_cat-rubans-adhesifs-double-face product_cat-production-daluminium-traitement product_cat-industrie-electrique has-post-thumbnail taxable shipping-taxable purchasable product-type-variable\">\n\t<div class='inner_product main_color wrapped_style noLightbox  av-product-class-no_button'><a href=\"https:\/\/cardinal-tapes.com\/fr\/rubans-adh\u00e9sifs\/domaines-dapplication\/production-daluminium-traitement\/ruban-adhesif-de-transfert-orabond-1375\/\" class=\"woocommerce-LoopProduct-link woocommerce-loop-product__link\"><div class=\"thumbnail_container\"><img decoding=\"async\" loading=\"lazy\" width=\"450\" height=\"450\" src=\"https:\/\/cardinal-tapes.com\/wp-content\/uploads\/1375_1377-450x450.jpg\" class=\"wp-image-29200 avia-img-lazy-loading-29200 attachment-shop_catalog size-shop_catalog wp-post-image\" alt=\"ORABOND\u00ae 1375 Ruban adh\u00e9sif de transfert - double face, Sans bretelles, Acrylate - Illustration 29200\" srcset=\"https:\/\/cardinal-tapes.com\/wp-content\/uploads\/1375_1377-450x450.jpg 450w, https:\/\/cardinal-tapes.com\/wp-content\/uploads\/1375_1377-80x80.jpg 80w, https:\/\/cardinal-tapes.com\/wp-content\/uploads\/1375_1377-36x36.jpg 36w, https:\/\/cardinal-tapes.com\/wp-content\/uploads\/1375_1377-180x180.jpg 180w, https:\/\/cardinal-tapes.com\/wp-content\/uploads\/1375_1377-120x120.jpg 120w, https:\/\/cardinal-tapes.com\/wp-content\/uploads\/1375_1377-100x100.jpg 100w\" sizes=\"auto, (max-width: 450px) 100vw, 450px\" \/><\/div><div class='inner_product_header'><div class='avia-arrow'><\/div><div class='inner_product_header_table'><div class='inner_product_header_cell'><span class=\"is-h2 woocommerce-loop-product__title\">ORABOND\u00ae 1375 Ruban adh\u00e9sif de transfert<\/span>\t\t<div class=\"product-infos\">\n\t\t\t\t\t\t\t<span class='product-infos__item'><b>Rev\u00eatement:<\/b> double face<\/span>\n\t\t\t\t\t\t\t\t\t\t<span class='product-infos__item'><b>Type de mat\u00e9riau:<\/b> Sans bretelles<\/span>\n\t\t\t\t\t\t\t\t\t\t<span class='product-infos__item'><b>Fabricant:<\/b> ORAFOL<\/span>\n\t\t\t\t\t\t\t\t\t\t<span class='product-infos__item'><b>Prix sur demande<\/b><\/span>\n\t\t\t\t\t<\/div>\n\t<\/div><\/div><\/div><\/a><\/div><\/li>\n<\/ul><\/div><\/div><div class=\"clear\"><\/div><br \/>\n<div  class='avia-button-wrap av-asgjg-2a7dc0eac49ddb0d0b37d7163d0843bf-wrap avia-button-left '><a href='https:\/\/cardinal-tapes.com\/fr\/rubans-adhesifs-fr\/'  class='avia-button av-asgjg-2a7dc0eac49ddb0d0b37d7163d0843bf avia-icon_select-no avia-size-medium avia-position-left avia-color-theme-color layout-border color-white'  ><span class='avia_iconbox_title' >Tous les produits<\/span><\/a><\/div><\/p><\/div>\n","protected":false},"excerpt":{"rendered":"","protected":false},"author":1,"featured_media":0,"parent":30752,"menu_order":18,"comment_status":"closed","ping_status":"closed","template":"","meta":{"_acf_changed":false,"footnotes":""},"class_list":["post-65667","page","type-page","status-publish","hentry"],"acf":[],"yoast_head":"<!-- This site is optimized with the Yoast SEO plugin v27.3 - https:\/\/yoast.com\/product\/yoast-seo-wordpress\/ -->\n<title>Rubans adh\u00e9sifs pour la fabrication de films | cardinal TAPES<\/title>\n<meta name=\"description\" content=\"Gr\u00e2ce \u00e0 notre gamme de produits dans diff\u00e9rents domaines de la technique adh\u00e9sive, nous vous garantissons de trouver le ruban adh\u00e9sif adapt\u00e9 \u00e0 votre entreprise pour presque toutes les applications.\" \/>\n<meta name=\"robots\" content=\"index, follow, max-snippet:-1, max-image-preview:large, max-video-preview:-1\" \/>\n<link rel=\"canonical\" href=\"https:\/\/cardinal-tapes.com\/fr\/rubans-adhesifs-fr\/domaines-dapplication\/fabrication-et-traitement-des-films\/\" \/>\n<meta property=\"og:locale\" content=\"fr_FR\" \/>\n<meta property=\"og:type\" content=\"article\" \/>\n<meta property=\"og:title\" content=\"Rubans adh\u00e9sifs pour la fabrication de films | cardinal TAPES\" \/>\n<meta property=\"og:description\" content=\"Gr\u00e2ce \u00e0 notre gamme de produits dans diff\u00e9rents domaines de la technique adh\u00e9sive, nous vous garantissons de trouver le ruban adh\u00e9sif adapt\u00e9 \u00e0 votre entreprise pour presque toutes les applications.\" \/>\n<meta property=\"og:url\" content=\"https:\/\/cardinal-tapes.com\/fr\/rubans-adhesifs-fr\/domaines-dapplication\/fabrication-et-traitement-des-films\/\" \/>\n<meta property=\"og:site_name\" content=\"cardinal TAPES\" \/>\n<meta property=\"article:modified_time\" content=\"2023-06-16T14:07:43+00:00\" \/>\n<meta name=\"twitter:card\" content=\"summary_large_image\" \/>\n<meta name=\"twitter:label1\" content=\"Dur\u00e9e de lecture estim\u00e9e\" \/>\n\t<meta name=\"twitter:data1\" content=\"4 minutes\" \/>\n<script type=\"application\/ld+json\" class=\"yoast-schema-graph\">{\"@context\":\"https:\\\/\\\/schema.org\",\"@graph\":[{\"@type\":\"WebPage\",\"@id\":\"https:\\\/\\\/cardinal-tapes.com\\\/fr\\\/rubans-adhesifs-fr\\\/domaines-dapplication\\\/fabrication-et-traitement-des-films\\\/\",\"url\":\"https:\\\/\\\/cardinal-tapes.com\\\/fr\\\/rubans-adhesifs-fr\\\/domaines-dapplication\\\/fabrication-et-traitement-des-films\\\/\",\"name\":\"Rubans adh\u00e9sifs pour la fabrication de films | cardinal TAPES\",\"isPartOf\":{\"@id\":\"https:\\\/\\\/cardinal-tapes.com\\\/#website\"},\"datePublished\":\"2017-12-19T11:04:47+00:00\",\"dateModified\":\"2023-06-16T14:07:43+00:00\",\"description\":\"Gr\u00e2ce \u00e0 notre gamme de produits dans diff\u00e9rents domaines de la technique adh\u00e9sive, nous vous garantissons de trouver le ruban adh\u00e9sif adapt\u00e9 \u00e0 votre entreprise pour presque toutes les applications.\",\"breadcrumb\":{\"@id\":\"https:\\\/\\\/cardinal-tapes.com\\\/fr\\\/rubans-adhesifs-fr\\\/domaines-dapplication\\\/fabrication-et-traitement-des-films\\\/#breadcrumb\"},\"inLanguage\":\"fr-FR\",\"potentialAction\":[{\"@type\":\"ReadAction\",\"target\":[\"https:\\\/\\\/cardinal-tapes.com\\\/fr\\\/rubans-adhesifs-fr\\\/domaines-dapplication\\\/fabrication-et-traitement-des-films\\\/\"]}]},{\"@type\":\"BreadcrumbList\",\"@id\":\"https:\\\/\\\/cardinal-tapes.com\\\/fr\\\/rubans-adhesifs-fr\\\/domaines-dapplication\\\/fabrication-et-traitement-des-films\\\/#breadcrumb\",\"itemListElement\":[{\"@type\":\"ListItem\",\"position\":1,\"name\":\"Startseite\",\"item\":\"https:\\\/\\\/cardinal-tapes.com\\\/fr\\\/accueil\\\/\"},{\"@type\":\"ListItem\",\"position\":2,\"name\":\"Rubans adh\u00e9sifs\",\"item\":\"https:\\\/\\\/cardinal-tapes.com\\\/fr\\\/rubans-adhesifs-fr\\\/\"},{\"@type\":\"ListItem\",\"position\":3,\"name\":\"Domaines d&#8217;application\",\"item\":\"https:\\\/\\\/cardinal-tapes.com\\\/fr\\\/rubans-adhesifs-fr__trashed\\\/domaines-dapplication\\\/\"},{\"@type\":\"ListItem\",\"position\":4,\"name\":\"Fabrication et traitement des films\"}]},{\"@type\":\"WebSite\",\"@id\":\"https:\\\/\\\/cardinal-tapes.com\\\/#website\",\"url\":\"https:\\\/\\\/cardinal-tapes.com\\\/\",\"name\":\"cardinal TAPES\",\"description\":\"Klebetechnik aus Wuppertal\",\"potentialAction\":[{\"@type\":\"SearchAction\",\"target\":{\"@type\":\"EntryPoint\",\"urlTemplate\":\"https:\\\/\\\/cardinal-tapes.com\\\/?s={search_term_string}\"},\"query-input\":{\"@type\":\"PropertyValueSpecification\",\"valueRequired\":true,\"valueName\":\"search_term_string\"}}],\"inLanguage\":\"fr-FR\"}]}<\/script>\n<!-- \/ Yoast SEO plugin. -->","yoast_head_json":{"title":"Rubans adh\u00e9sifs pour la fabrication de films | cardinal TAPES","description":"Gr\u00e2ce \u00e0 notre gamme de produits dans diff\u00e9rents domaines de la technique adh\u00e9sive, nous vous garantissons de trouver le ruban adh\u00e9sif adapt\u00e9 \u00e0 votre entreprise pour presque toutes les applications.","robots":{"index":"index","follow":"follow","max-snippet":"max-snippet:-1","max-image-preview":"max-image-preview:large","max-video-preview":"max-video-preview:-1"},"canonical":"https:\/\/cardinal-tapes.com\/fr\/rubans-adhesifs-fr\/domaines-dapplication\/fabrication-et-traitement-des-films\/","og_locale":"fr_FR","og_type":"article","og_title":"Rubans adh\u00e9sifs pour la fabrication de films | cardinal TAPES","og_description":"Gr\u00e2ce \u00e0 notre gamme de produits dans diff\u00e9rents domaines de la technique adh\u00e9sive, nous vous garantissons de trouver le ruban adh\u00e9sif adapt\u00e9 \u00e0 votre entreprise pour presque toutes les applications.","og_url":"https:\/\/cardinal-tapes.com\/fr\/rubans-adhesifs-fr\/domaines-dapplication\/fabrication-et-traitement-des-films\/","og_site_name":"cardinal TAPES","article_modified_time":"2023-06-16T14:07:43+00:00","twitter_card":"summary_large_image","twitter_misc":{"Dur\u00e9e de lecture estim\u00e9e":"4 minutes"},"schema":{"@context":"https:\/\/schema.org","@graph":[{"@type":"WebPage","@id":"https:\/\/cardinal-tapes.com\/fr\/rubans-adhesifs-fr\/domaines-dapplication\/fabrication-et-traitement-des-films\/","url":"https:\/\/cardinal-tapes.com\/fr\/rubans-adhesifs-fr\/domaines-dapplication\/fabrication-et-traitement-des-films\/","name":"Rubans adh\u00e9sifs pour la fabrication de films | cardinal TAPES","isPartOf":{"@id":"https:\/\/cardinal-tapes.com\/#website"},"datePublished":"2017-12-19T11:04:47+00:00","dateModified":"2023-06-16T14:07:43+00:00","description":"Gr\u00e2ce \u00e0 notre gamme de produits dans diff\u00e9rents domaines de la technique adh\u00e9sive, nous vous garantissons de trouver le ruban adh\u00e9sif adapt\u00e9 \u00e0 votre entreprise pour presque toutes les applications.","breadcrumb":{"@id":"https:\/\/cardinal-tapes.com\/fr\/rubans-adhesifs-fr\/domaines-dapplication\/fabrication-et-traitement-des-films\/#breadcrumb"},"inLanguage":"fr-FR","potentialAction":[{"@type":"ReadAction","target":["https:\/\/cardinal-tapes.com\/fr\/rubans-adhesifs-fr\/domaines-dapplication\/fabrication-et-traitement-des-films\/"]}]},{"@type":"BreadcrumbList","@id":"https:\/\/cardinal-tapes.com\/fr\/rubans-adhesifs-fr\/domaines-dapplication\/fabrication-et-traitement-des-films\/#breadcrumb","itemListElement":[{"@type":"ListItem","position":1,"name":"Startseite","item":"https:\/\/cardinal-tapes.com\/fr\/accueil\/"},{"@type":"ListItem","position":2,"name":"Rubans adh\u00e9sifs","item":"https:\/\/cardinal-tapes.com\/fr\/rubans-adhesifs-fr\/"},{"@type":"ListItem","position":3,"name":"Domaines d&#8217;application","item":"https:\/\/cardinal-tapes.com\/fr\/rubans-adhesifs-fr__trashed\/domaines-dapplication\/"},{"@type":"ListItem","position":4,"name":"Fabrication et traitement des films"}]},{"@type":"WebSite","@id":"https:\/\/cardinal-tapes.com\/#website","url":"https:\/\/cardinal-tapes.com\/","name":"cardinal TAPES","description":"Klebetechnik aus Wuppertal","potentialAction":[{"@type":"SearchAction","target":{"@type":"EntryPoint","urlTemplate":"https:\/\/cardinal-tapes.com\/?s={search_term_string}"},"query-input":{"@type":"PropertyValueSpecification","valueRequired":true,"valueName":"search_term_string"}}],"inLanguage":"fr-FR"}]}},"_links":{"self":[{"href":"https:\/\/cardinal-tapes.com\/fr\/wp-json\/wp\/v2\/pages\/65667","targetHints":{"allow":["GET"]}}],"collection":[{"href":"https:\/\/cardinal-tapes.com\/fr\/wp-json\/wp\/v2\/pages"}],"about":[{"href":"https:\/\/cardinal-tapes.com\/fr\/wp-json\/wp\/v2\/types\/page"}],"author":[{"embeddable":true,"href":"https:\/\/cardinal-tapes.com\/fr\/wp-json\/wp\/v2\/users\/1"}],"replies":[{"embeddable":true,"href":"https:\/\/cardinal-tapes.com\/fr\/wp-json\/wp\/v2\/comments?post=65667"}],"version-history":[{"count":0,"href":"https:\/\/cardinal-tapes.com\/fr\/wp-json\/wp\/v2\/pages\/65667\/revisions"}],"up":[{"embeddable":true,"href":"https:\/\/cardinal-tapes.com\/fr\/wp-json\/wp\/v2\/pages\/30752"}],"wp:attachment":[{"href":"https:\/\/cardinal-tapes.com\/fr\/wp-json\/wp\/v2\/media?parent=65667"}],"curies":[{"name":"wp","href":"https:\/\/api.w.org\/{rel}","templated":true}]}}