{"id":32153,"date":"2017-12-07T13:53:48","date_gmt":"2017-12-07T12:53:48","guid":{"rendered":"https:\/\/cardinal.pixel-tal.de\/rubans-adhesifs\/domaines-dapplication\/industrie-du-papier\/"},"modified":"2023-06-16T16:06:06","modified_gmt":"2023-06-16T14:06:06","slug":"industrie-du-papier","status":"publish","type":"page","link":"https:\/\/cardinal-tapes.com\/fr\/rubans-adhesifs-fr\/domaines-dapplication\/industrie-du-papier\/","title":{"rendered":"Industrie du papier"},"content":{"rendered":"\t\t\t<div class=\"headerimage-section has-image  \">\n\t\t\t\t\t\t\t\t\t\t\t\t<div class=\"headerimage__bg overlay\" style=\"background-image: url('https:\/\/cardinal-tapes.com\/wp-content\/uploads\/cardinal_kopfbild_papierindustrie-scaled.jpg'); background-repeat: no-repeat; background-position: center; background-size: cover;\"><\/div>\n\t\t\t\t\t\t\t\t\t\t\t\t<div class=\"container\">\n\t\t\t\t\t<div class=\"headerimage__inner\">\n\t\t\t\t\t\t<h1 class=\"headerimage__headline\">Nos rubans et syst\u00e8mes adh\u00e9sifs<\/h1>\t\t\t\t\t\t<span class=\"headerimage__subheadline\">ne sont pas seulement g\u00e9niaux sur le papier<\/span>\t\t\t\t\t\t\t\t\t\t\t<\/div>\n\t\t\t\t\t\t\t\t\t<\/div>\n\t\t\t<\/div>\n\t\t\t\n<\/div><\/div><\/div><!-- close content main div --><\/div><\/div><div id='av_section_1'  class='avia-section av-1l8u35-9df0382f473253ae1768df4c285c44a8 alternate_color avia-section-default avia-no-border-styling  avia-builder-el-1  el_after_pixel_headimage  el_before_av_section  avia-bg-style-scroll container_wrap fullsize'  ><div class='container av-section-cont-open' ><div class='template-page content  av-content-full alpha units'><div class='post-entry post-entry-type-page post-entry-32153'><div class='entry-content-wrapper clearfix'>\n<div  class='flex_column av-1fe3o1-94b2e759d48bcd6c14e3d0cfe2003e95 av_two_third  avia-builder-el-2  avia-builder-el-no-sibling  max-width-col two-third first flex_column_div av-animated-generic left-to-right  '     ><p><div class=\"pxl-headline pxl-hl hl-wrap | hl-sub--bot hl--align-left hl--std-margin    \">\n        <div class=\"hl-inner\">\n            <h2 class=\"hl-main hl-line |  hl_main--default  \">Rubans adh\u00e9sifs pour l\u2019industrie du papier<\/h2>\n            <span class=\"hl-sub hl-line |  hl_sub--default  \">Des exigences \u00e9lev\u00e9es, des solutions sur mesure<\/span>\n    <\/div>\n<\/div>\n<br \/>\n<section  class='av_textblock_section av-lhouvxn6-c45c0c50e664ef550c54e186a68d66a1 '   itemscope=\"itemscope\" itemtype=\"https:\/\/schema.org\/CreativeWork\" ><div class='avia_textblock'  itemprop=\"text\" ><p>En tant que distributeur exclusif des produits ORAFIX, nous vous proposons une gamme compl\u00e8te pour toutes les applications dans l&#8217;industrie du papier et de l&#8217;impression. Les rubans adh\u00e9sifs hydrosolubles ORAFIX\u00ae sont disponibles en version simple face ou double face.<\/p>\n<p>Afin de r\u00e9pondre aux exigences croissantes de nos clients, nous nous effor\u00e7ons d&#8217;\u00e9largir en permanence notre <a title=\"Gamme de produits rubans adh\u00e9sifs techniques\" href=\"\/klebebaender\/\">gamme de produits<\/a> et de l&#8217;optimiser en fonction d&#8217;un standard de d\u00e9veloppement moderne. Nous trouverons \u00e9galement des solutions optimales pour vos souhaits individuels. Si vous avez des questions, nous nous ferons un plaisir de vous conseiller personnellement. N&#8217;h\u00e9sitez pas \u00e0 nous contacter ou \u00e0 utiliser notre <a title=\"Formulaire de demande en ligne pour plus d'informations sur les rubans adh\u00e9sifs techniques\" href=\"\/ueber-cardinal\/kontakt\/\">formulaire de demande<\/a> pour prendre contact avec nous. Nous nous r\u00e9jouissons de vous accueillir !<\/p>\n<\/div><\/section><\/p><\/div>\n\n<\/div><\/div><\/div><!-- close content main div --><\/div><\/div><div id='av_section_2'  class='avia-section av-t96mh-5786654057242e16b2b1192b00eda1d3 main_color avia-section-default avia-no-border-styling  avia-builder-el-5  el_after_av_section  avia-builder-el-last  gradient-section avia-bg-style-scroll container_wrap fullsize'  ><div class='container av-section-cont-open' ><div class='template-page content  av-content-full alpha units'><div class='post-entry post-entry-type-page post-entry-32153'><div class='entry-content-wrapper clearfix'>\n<div  class='flex_column av-jqjqx-7b1654d1a70ca5e35e2a641c58414baf av_one_full  avia-builder-el-6  avia-builder-el-no-sibling  first flex_column_div av-animated-generic left-to-right  '     ><p><div class=\"pxl-headline pxl-hl hl-wrap | hl-sub--bot hl--align-left hl--no-margin    \">\n        <div class=\"hl-inner\">\n            <h2 class=\"hl-main hl-line |  hl_main--default  \">Points forts du produit<\/h2>\n            <span class=\"hl-sub hl-line |  hl_sub--default  \">Innovant et de haute qualit\u00e9<\/span>\n    <\/div>\n<\/div>\n<br \/>\n<div   data-autoplay=''  data-interval='5'  data-animation='fade'  data-hoverpause='1'  class='template-shop avia-content-slider avia-content-slider-active avia-product-slider1 avia-content-slider-even  avia-builder-el-8  el_after_pixel_sc_headline  el_before_av_button   shop_columns_4' ><div class='avia-content-slider-inner'><ul class=\"products slide-entry-wrap\"><li class=\"product type-product post-37523 status-publish first instock product_cat-impression-graphisme product_cat-industrie-du-papier product_cat-industrie-textile product_cat-rubans-adhesifs-double-face has-post-thumbnail taxable shipping-taxable purchasable product-type-variable\">\n\t<div class='inner_product main_color wrapped_style noLightbox  av-product-class-no_button'><a href=\"https:\/\/cardinal-tapes.com\/fr\/rubans-adh\u00e9sifs\/domaines-dapplication\/impression-graphisme\/ca-43-bande-adhesive-en-papier-non-tisse\/\" class=\"woocommerce-LoopProduct-link woocommerce-loop-product__link\"><div class=\"thumbnail_container\"><img decoding=\"async\" loading=\"lazy\" width=\"450\" height=\"450\" src=\"https:\/\/cardinal-tapes.com\/wp-content\/uploads\/CA_43-2_retouched-450x450.jpg\" class=\"wp-image-27096 avia-img-lazy-loading-27096 attachment-shop_catalog size-shop_catalog wp-post-image\" alt=\"CA-43 Ruban adh\u00e9sif en papier non tiss\u00e9 - double face, Papier non tiss\u00e9, Caoutchouc synth\u00e9tique - Illustration 27096\" srcset=\"https:\/\/cardinal-tapes.com\/wp-content\/uploads\/CA_43-2_retouched-450x450.jpg 450w, https:\/\/cardinal-tapes.com\/wp-content\/uploads\/CA_43-2_retouched-120x120.jpg 120w, https:\/\/cardinal-tapes.com\/wp-content\/uploads\/CA_43-2_retouched-80x80.jpg 80w, https:\/\/cardinal-tapes.com\/wp-content\/uploads\/CA_43-2_retouched-36x36.jpg 36w, https:\/\/cardinal-tapes.com\/wp-content\/uploads\/CA_43-2_retouched-180x180.jpg 180w, https:\/\/cardinal-tapes.com\/wp-content\/uploads\/CA_43-2_retouched-100x100.jpg 100w\" sizes=\"auto, (max-width: 450px) 100vw, 450px\" \/><\/div><div class='inner_product_header'><div class='avia-arrow'><\/div><div class='inner_product_header_table'><div class='inner_product_header_cell'><span class=\"is-h2 woocommerce-loop-product__title\">CA-43 Ruban adh\u00e9sif en papier non tiss\u00e9<\/span>\t\t<div class=\"product-infos\">\n\t\t\t\t\t\t\t<span class='product-infos__item'><b>Rev\u00eatement:<\/b> double face<\/span>\n\t\t\t\t\t\t\t\t\t\t<span class='product-infos__item'><b>Type de mat\u00e9riau:<\/b> Papier non tiss\u00e9<\/span>\n\t\t\t\t\t\t\t\t\t\t<span class='product-infos__item'><b>Fabricant:<\/b> cardinal GmbH<\/span>\n\t\t\t\t\t\t\t\t\t\t<span class='product-infos__item'><b>Prix sur demande<\/b><\/span>\n\t\t\t\t\t<\/div>\n\t<\/div><\/div><\/div><\/a><\/div><\/li>\n<li class=\"product type-product post-44012 status-publish instock product_cat-industrie-du-papier product_cat-rubans-adhesifs-double-face has-post-thumbnail taxable shipping-taxable purchasable product-type-variable\">\n\t<div class='inner_product main_color wrapped_style noLightbox  av-product-class-no_button'><a href=\"https:\/\/cardinal-tapes.com\/fr\/rubans-adh\u00e9sifs\/domaines-dapplication\/industrie-du-papier\/ca-42-bande-adhesive-en-papier-non-tisse\/\" class=\"woocommerce-LoopProduct-link woocommerce-loop-product__link\"><div class=\"thumbnail_container\"><img decoding=\"async\" loading=\"lazy\" width=\"450\" height=\"450\" src=\"https:\/\/cardinal-tapes.com\/wp-content\/uploads\/CA_43-2_retouched-450x450.jpg\" class=\"wp-image-27096 avia-img-lazy-loading-27096 attachment-shop_catalog size-shop_catalog wp-post-image\" alt=\"CA-42 Ruban adh\u00e9sif en papier non tiss\u00e9 - double face, Papier, Acrylate de dispersion - Illustration 27096\" srcset=\"https:\/\/cardinal-tapes.com\/wp-content\/uploads\/CA_43-2_retouched-450x450.jpg 450w, https:\/\/cardinal-tapes.com\/wp-content\/uploads\/CA_43-2_retouched-120x120.jpg 120w, https:\/\/cardinal-tapes.com\/wp-content\/uploads\/CA_43-2_retouched-80x80.jpg 80w, https:\/\/cardinal-tapes.com\/wp-content\/uploads\/CA_43-2_retouched-36x36.jpg 36w, https:\/\/cardinal-tapes.com\/wp-content\/uploads\/CA_43-2_retouched-180x180.jpg 180w, https:\/\/cardinal-tapes.com\/wp-content\/uploads\/CA_43-2_retouched-100x100.jpg 100w\" sizes=\"auto, (max-width: 450px) 100vw, 450px\" \/><\/div><div class='inner_product_header'><div class='avia-arrow'><\/div><div class='inner_product_header_table'><div class='inner_product_header_cell'><span class=\"is-h2 woocommerce-loop-product__title\">CA-42 Ruban adh\u00e9sif en papier non tiss\u00e9<\/span>\t\t<div class=\"product-infos\">\n\t\t\t\t\t\t\t<span class='product-infos__item'><b>Rev\u00eatement:<\/b> double face<\/span>\n\t\t\t\t\t\t\t\t\t\t<span class='product-infos__item'><b>Type de mat\u00e9riau:<\/b> Papier<\/span>\n\t\t\t\t\t\t\t\t\t\t<span class='product-infos__item'><b>Fabricant:<\/b> cardinal GmbH<\/span>\n\t\t\t\t\t\t\t\t\t\t<span class='product-infos__item'><b>Prix sur demande<\/b><\/span>\n\t\t\t\t\t<\/div>\n\t<\/div><\/div><\/div><\/a><\/div><\/li>\n<li class=\"product type-product post-44017 status-publish instock product_cat-industrie-du-papier product_cat-rubans-adhesifs-double-face has-post-thumbnail taxable shipping-taxable purchasable product-type-variable\">\n\t<div class='inner_product main_color wrapped_style noLightbox  av-product-class-no_button'><a href=\"https:\/\/cardinal-tapes.com\/fr\/rubans-adh\u00e9sifs\/domaines-dapplication\/industrie-du-papier\/ca-44-pv1-bande-adhesive-en-papier-non-tisse\/\" class=\"woocommerce-LoopProduct-link woocommerce-loop-product__link\"><div class=\"thumbnail_container\"><img decoding=\"async\" loading=\"lazy\" width=\"450\" height=\"450\" src=\"https:\/\/cardinal-tapes.com\/wp-content\/uploads\/CA_43-2_retouched-450x450.jpg\" class=\"wp-image-27096 avia-img-lazy-loading-27096 attachment-shop_catalog size-shop_catalog wp-post-image\" alt=\"CA-44 PV1 Ruban adh\u00e9sif en papier non tiss\u00e9 - double face, Papier non tiss\u00e9, Acrylate de dispersion - Illustration 27096\" srcset=\"https:\/\/cardinal-tapes.com\/wp-content\/uploads\/CA_43-2_retouched-450x450.jpg 450w, https:\/\/cardinal-tapes.com\/wp-content\/uploads\/CA_43-2_retouched-120x120.jpg 120w, https:\/\/cardinal-tapes.com\/wp-content\/uploads\/CA_43-2_retouched-80x80.jpg 80w, https:\/\/cardinal-tapes.com\/wp-content\/uploads\/CA_43-2_retouched-36x36.jpg 36w, https:\/\/cardinal-tapes.com\/wp-content\/uploads\/CA_43-2_retouched-180x180.jpg 180w, https:\/\/cardinal-tapes.com\/wp-content\/uploads\/CA_43-2_retouched-100x100.jpg 100w\" sizes=\"auto, (max-width: 450px) 100vw, 450px\" \/><\/div><div class='inner_product_header'><div class='avia-arrow'><\/div><div class='inner_product_header_table'><div class='inner_product_header_cell'><span class=\"is-h2 woocommerce-loop-product__title\">CA-44 PV1 Ruban adh\u00e9sif en papier non tiss\u00e9<\/span>\t\t<div class=\"product-infos\">\n\t\t\t\t\t\t\t<span class='product-infos__item'><b>Rev\u00eatement:<\/b> double face<\/span>\n\t\t\t\t\t\t\t\t\t\t<span class='product-infos__item'><b>Type de mat\u00e9riau:<\/b> Papier non tiss\u00e9<\/span>\n\t\t\t\t\t\t\t\t\t\t<span class='product-infos__item'><b>Fabricant:<\/b> cardinal GmbH<\/span>\n\t\t\t\t\t\t\t\t\t\t<span class='product-infos__item'><b>Prix sur demande<\/b><\/span>\n\t\t\t\t\t<\/div>\n\t<\/div><\/div><\/div><\/a><\/div><\/li>\n<li class=\"product type-product post-51555 status-publish last instock product_cat-industrie-du-papier product_cat-systemes-turn-up product_cat-rubans-adhesifs-simple-face has-post-thumbnail taxable shipping-taxable purchasable product-type-variable\">\n\t<div class='inner_product main_color wrapped_style noLightbox  av-product-class-no_button'><a href=\"https:\/\/cardinal-tapes.com\/fr\/rubans-adh\u00e9sifs\/domaines-dapplication\/industrie-du-papier\/ca-100-bande-de-force-pour-systemes-de-turn-up\/\" class=\"woocommerce-LoopProduct-link woocommerce-loop-product__link\"><div class=\"thumbnail_container\"><img decoding=\"async\" loading=\"lazy\" width=\"450\" height=\"450\" src=\"https:\/\/cardinal-tapes.com\/wp-content\/uploads\/ki_turnup_baender_weiss-450x450.jpg\" class=\"wp-image-27304 avia-img-lazy-loading-27304 attachment-shop_catalog size-shop_catalog wp-post-image\" alt=\"CA-100 Sangle de force pour SYST\u00c8MES TURN-UP - d&#039;un c\u00f4t\u00e9, Bande de force, sans colle - Illustration 27304\" srcset=\"https:\/\/cardinal-tapes.com\/wp-content\/uploads\/ki_turnup_baender_weiss-450x450.jpg 450w, https:\/\/cardinal-tapes.com\/wp-content\/uploads\/ki_turnup_baender_weiss-120x120.jpg 120w, https:\/\/cardinal-tapes.com\/wp-content\/uploads\/ki_turnup_baender_weiss-80x80.jpg 80w, https:\/\/cardinal-tapes.com\/wp-content\/uploads\/ki_turnup_baender_weiss-36x36.jpg 36w, https:\/\/cardinal-tapes.com\/wp-content\/uploads\/ki_turnup_baender_weiss-180x180.jpg 180w, https:\/\/cardinal-tapes.com\/wp-content\/uploads\/ki_turnup_baender_weiss-100x100.jpg 100w\" sizes=\"auto, (max-width: 450px) 100vw, 450px\" \/><\/div><div class='inner_product_header'><div class='avia-arrow'><\/div><div class='inner_product_header_table'><div class='inner_product_header_cell'><span class=\"is-h2 woocommerce-loop-product__title\">CA-100 Sangle de force pour SYST\u00c8MES TURN-UP<\/span>\t\t<div class=\"product-infos\">\n\t\t\t\t\t\t\t<span class='product-infos__item'><b>Rev\u00eatement:<\/b> d'un c\u00f4t\u00e9<\/span>\n\t\t\t\t\t\t\t\t\t\t<span class='product-infos__item'><b>Type de mat\u00e9riau:<\/b> Bande de force<\/span>\n\t\t\t\t\t\t\t\t\t\t<span class='product-infos__item'><b>Fabricant:<\/b> cardinal GmbH<\/span>\n\t\t\t\t\t\t\t\t\t\t<span class='product-infos__item'><b>Prix sur demande<\/b><\/span>\n\t\t\t\t\t<\/div>\n\t<\/div><\/div><\/div><\/a><\/div><\/li>\n<\/ul><\/div><\/div><div class=\"clear\"><\/div><br \/>\n<div  class='avia-button-wrap av-90m89-f2f1db96434e058bf4cb741ec962f579-wrap avia-button-left '><a href='https:\/\/cardinal-tapes.com\/fr\/rubans-adhesifs-fr\/'  class='avia-button av-90m89-f2f1db96434e058bf4cb741ec962f579 avia-icon_select-no avia-size-medium avia-position-left avia-color-theme-color layout-border color-white'  ><span class='avia_iconbox_title' >Tous les produits<\/span><\/a><\/div><\/p><\/div>\n","protected":false},"excerpt":{"rendered":"","protected":false},"author":1,"featured_media":0,"parent":30752,"menu_order":3,"comment_status":"closed","ping_status":"closed","template":"","meta":{"_acf_changed":false,"footnotes":""},"class_list":["post-32153","page","type-page","status-publish","hentry"],"acf":[],"yoast_head":"<!-- This site is optimized with the Yoast SEO plugin v27.4 - https:\/\/yoast.com\/product\/yoast-seo-wordpress\/ -->\n<title>Rubans adh\u00e9sifs pour la fabrication du papier | cardinal Tapes<\/title>\n<meta name=\"description\" content=\"D\u00e9couvrez ici tout ce qu&#039;il faut savoir sur les sp\u00e9cificit\u00e9s des rubans adh\u00e9sifs pour l&#039;industrie du papier. Nous avons les produits qui r\u00e9pondent \u00e0 vos besoins.\" \/>\n<meta name=\"robots\" content=\"index, follow, max-snippet:-1, max-image-preview:large, max-video-preview:-1\" \/>\n<link rel=\"canonical\" href=\"https:\/\/cardinal-tapes.com\/fr\/rubans-adhesifs-fr\/domaines-dapplication\/industrie-du-papier\/\" \/>\n<meta property=\"og:locale\" content=\"fr_FR\" \/>\n<meta property=\"og:type\" content=\"article\" \/>\n<meta property=\"og:title\" content=\"Rubans adh\u00e9sifs pour la fabrication du papier | cardinal Tapes\" \/>\n<meta property=\"og:description\" content=\"D\u00e9couvrez ici tout ce qu&#039;il faut savoir sur les sp\u00e9cificit\u00e9s des rubans adh\u00e9sifs pour l&#039;industrie du papier. Nous avons les produits qui r\u00e9pondent \u00e0 vos besoins.\" \/>\n<meta property=\"og:url\" content=\"https:\/\/cardinal-tapes.com\/fr\/rubans-adhesifs-fr\/domaines-dapplication\/industrie-du-papier\/\" \/>\n<meta property=\"og:site_name\" content=\"cardinal TAPES\" \/>\n<meta property=\"article:modified_time\" content=\"2023-06-16T14:06:06+00:00\" \/>\n<meta name=\"twitter:card\" content=\"summary_large_image\" \/>\n<meta name=\"twitter:label1\" content=\"Dur\u00e9e de lecture estim\u00e9e\" \/>\n\t<meta name=\"twitter:data1\" content=\"4 minutes\" \/>\n<script type=\"application\/ld+json\" class=\"yoast-schema-graph\">{\"@context\":\"https:\\\/\\\/schema.org\",\"@graph\":[{\"@type\":\"WebPage\",\"@id\":\"https:\\\/\\\/cardinal-tapes.com\\\/fr\\\/rubans-adhesifs-fr\\\/domaines-dapplication\\\/industrie-du-papier\\\/\",\"url\":\"https:\\\/\\\/cardinal-tapes.com\\\/fr\\\/rubans-adhesifs-fr\\\/domaines-dapplication\\\/industrie-du-papier\\\/\",\"name\":\"Rubans adh\u00e9sifs pour la fabrication du papier | cardinal Tapes\",\"isPartOf\":{\"@id\":\"https:\\\/\\\/cardinal-tapes.com\\\/#website\"},\"datePublished\":\"2017-12-07T12:53:48+00:00\",\"dateModified\":\"2023-06-16T14:06:06+00:00\",\"description\":\"D\u00e9couvrez ici tout ce qu'il faut savoir sur les sp\u00e9cificit\u00e9s des rubans adh\u00e9sifs pour l'industrie du papier. Nous avons les produits qui r\u00e9pondent \u00e0 vos besoins.\",\"breadcrumb\":{\"@id\":\"https:\\\/\\\/cardinal-tapes.com\\\/fr\\\/rubans-adhesifs-fr\\\/domaines-dapplication\\\/industrie-du-papier\\\/#breadcrumb\"},\"inLanguage\":\"fr-FR\",\"potentialAction\":[{\"@type\":\"ReadAction\",\"target\":[\"https:\\\/\\\/cardinal-tapes.com\\\/fr\\\/rubans-adhesifs-fr\\\/domaines-dapplication\\\/industrie-du-papier\\\/\"]}]},{\"@type\":\"BreadcrumbList\",\"@id\":\"https:\\\/\\\/cardinal-tapes.com\\\/fr\\\/rubans-adhesifs-fr\\\/domaines-dapplication\\\/industrie-du-papier\\\/#breadcrumb\",\"itemListElement\":[{\"@type\":\"ListItem\",\"position\":1,\"name\":\"Startseite\",\"item\":\"https:\\\/\\\/cardinal-tapes.com\\\/fr\\\/accueil\\\/\"},{\"@type\":\"ListItem\",\"position\":2,\"name\":\"Rubans adh\u00e9sifs\",\"item\":\"https:\\\/\\\/cardinal-tapes.com\\\/fr\\\/rubans-adhesifs-fr\\\/\"},{\"@type\":\"ListItem\",\"position\":3,\"name\":\"Domaines d&#8217;application\",\"item\":\"https:\\\/\\\/cardinal-tapes.com\\\/fr\\\/rubans-adhesifs-fr__trashed\\\/domaines-dapplication\\\/\"},{\"@type\":\"ListItem\",\"position\":4,\"name\":\"Industrie du papier\"}]},{\"@type\":\"WebSite\",\"@id\":\"https:\\\/\\\/cardinal-tapes.com\\\/#website\",\"url\":\"https:\\\/\\\/cardinal-tapes.com\\\/\",\"name\":\"cardinal TAPES\",\"description\":\"Klebetechnik aus Wuppertal\",\"potentialAction\":[{\"@type\":\"SearchAction\",\"target\":{\"@type\":\"EntryPoint\",\"urlTemplate\":\"https:\\\/\\\/cardinal-tapes.com\\\/?s={search_term_string}\"},\"query-input\":{\"@type\":\"PropertyValueSpecification\",\"valueRequired\":true,\"valueName\":\"search_term_string\"}}],\"inLanguage\":\"fr-FR\"}]}<\/script>\n<!-- \/ Yoast SEO plugin. -->","yoast_head_json":{"title":"Rubans adh\u00e9sifs pour la fabrication du papier | cardinal Tapes","description":"D\u00e9couvrez ici tout ce qu'il faut savoir sur les sp\u00e9cificit\u00e9s des rubans adh\u00e9sifs pour l'industrie du papier. Nous avons les produits qui r\u00e9pondent \u00e0 vos besoins.","robots":{"index":"index","follow":"follow","max-snippet":"max-snippet:-1","max-image-preview":"max-image-preview:large","max-video-preview":"max-video-preview:-1"},"canonical":"https:\/\/cardinal-tapes.com\/fr\/rubans-adhesifs-fr\/domaines-dapplication\/industrie-du-papier\/","og_locale":"fr_FR","og_type":"article","og_title":"Rubans adh\u00e9sifs pour la fabrication du papier | cardinal Tapes","og_description":"D\u00e9couvrez ici tout ce qu'il faut savoir sur les sp\u00e9cificit\u00e9s des rubans adh\u00e9sifs pour l'industrie du papier. Nous avons les produits qui r\u00e9pondent \u00e0 vos besoins.","og_url":"https:\/\/cardinal-tapes.com\/fr\/rubans-adhesifs-fr\/domaines-dapplication\/industrie-du-papier\/","og_site_name":"cardinal TAPES","article_modified_time":"2023-06-16T14:06:06+00:00","twitter_card":"summary_large_image","twitter_misc":{"Dur\u00e9e de lecture estim\u00e9e":"4 minutes"},"schema":{"@context":"https:\/\/schema.org","@graph":[{"@type":"WebPage","@id":"https:\/\/cardinal-tapes.com\/fr\/rubans-adhesifs-fr\/domaines-dapplication\/industrie-du-papier\/","url":"https:\/\/cardinal-tapes.com\/fr\/rubans-adhesifs-fr\/domaines-dapplication\/industrie-du-papier\/","name":"Rubans adh\u00e9sifs pour la fabrication du papier | cardinal Tapes","isPartOf":{"@id":"https:\/\/cardinal-tapes.com\/#website"},"datePublished":"2017-12-07T12:53:48+00:00","dateModified":"2023-06-16T14:06:06+00:00","description":"D\u00e9couvrez ici tout ce qu'il faut savoir sur les sp\u00e9cificit\u00e9s des rubans adh\u00e9sifs pour l'industrie du papier. Nous avons les produits qui r\u00e9pondent \u00e0 vos besoins.","breadcrumb":{"@id":"https:\/\/cardinal-tapes.com\/fr\/rubans-adhesifs-fr\/domaines-dapplication\/industrie-du-papier\/#breadcrumb"},"inLanguage":"fr-FR","potentialAction":[{"@type":"ReadAction","target":["https:\/\/cardinal-tapes.com\/fr\/rubans-adhesifs-fr\/domaines-dapplication\/industrie-du-papier\/"]}]},{"@type":"BreadcrumbList","@id":"https:\/\/cardinal-tapes.com\/fr\/rubans-adhesifs-fr\/domaines-dapplication\/industrie-du-papier\/#breadcrumb","itemListElement":[{"@type":"ListItem","position":1,"name":"Startseite","item":"https:\/\/cardinal-tapes.com\/fr\/accueil\/"},{"@type":"ListItem","position":2,"name":"Rubans adh\u00e9sifs","item":"https:\/\/cardinal-tapes.com\/fr\/rubans-adhesifs-fr\/"},{"@type":"ListItem","position":3,"name":"Domaines d&#8217;application","item":"https:\/\/cardinal-tapes.com\/fr\/rubans-adhesifs-fr__trashed\/domaines-dapplication\/"},{"@type":"ListItem","position":4,"name":"Industrie du papier"}]},{"@type":"WebSite","@id":"https:\/\/cardinal-tapes.com\/#website","url":"https:\/\/cardinal-tapes.com\/","name":"cardinal TAPES","description":"Klebetechnik aus Wuppertal","potentialAction":[{"@type":"SearchAction","target":{"@type":"EntryPoint","urlTemplate":"https:\/\/cardinal-tapes.com\/?s={search_term_string}"},"query-input":{"@type":"PropertyValueSpecification","valueRequired":true,"valueName":"search_term_string"}}],"inLanguage":"fr-FR"}]}},"_links":{"self":[{"href":"https:\/\/cardinal-tapes.com\/fr\/wp-json\/wp\/v2\/pages\/32153","targetHints":{"allow":["GET"]}}],"collection":[{"href":"https:\/\/cardinal-tapes.com\/fr\/wp-json\/wp\/v2\/pages"}],"about":[{"href":"https:\/\/cardinal-tapes.com\/fr\/wp-json\/wp\/v2\/types\/page"}],"author":[{"embeddable":true,"href":"https:\/\/cardinal-tapes.com\/fr\/wp-json\/wp\/v2\/users\/1"}],"replies":[{"embeddable":true,"href":"https:\/\/cardinal-tapes.com\/fr\/wp-json\/wp\/v2\/comments?post=32153"}],"version-history":[{"count":0,"href":"https:\/\/cardinal-tapes.com\/fr\/wp-json\/wp\/v2\/pages\/32153\/revisions"}],"up":[{"embeddable":true,"href":"https:\/\/cardinal-tapes.com\/fr\/wp-json\/wp\/v2\/pages\/30752"}],"wp:attachment":[{"href":"https:\/\/cardinal-tapes.com\/fr\/wp-json\/wp\/v2\/media?parent=32153"}],"curies":[{"name":"wp","href":"https:\/\/api.w.org\/{rel}","templated":true}]}}