{"id":32133,"date":"2017-12-07T13:51:52","date_gmt":"2017-12-07T12:51:52","guid":{"rendered":"https:\/\/cardinal.pixel-tal.de\/rubans-adhesifs\/domaines-dapplication\/industrie-de-la-publicite\/"},"modified":"2023-06-16T16:00:57","modified_gmt":"2023-06-16T14:00:57","slug":"industrie-de-la-publicite","status":"publish","type":"page","link":"https:\/\/cardinal-tapes.com\/fr\/rubans-adhesifs-fr\/domaines-dapplication\/industrie-de-la-publicite\/","title":{"rendered":"Industrie de la publicit\u00e9"},"content":{"rendered":"\t\t\t<div class=\"headerimage-section has-image  \">\n\t\t\t\t\t\t\t\t\t\t\t\t<div class=\"headerimage__bg overlay\" style=\"background-image: url('https:\/\/cardinal-tapes.com\/wp-content\/uploads\/cardinal_kopfbild_werbeindustrie-scaled.jpg'); background-repeat: no-repeat; background-position: center; background-size: cover;\"><\/div>\n\t\t\t\t\t\t\t\t\t\t\t\t<div class=\"container\">\n\t\t\t\t\t<div class=\"headerimage__inner\">\n\t\t\t\t\t\t<h1 class=\"headerimage__headline\">Rubans adh\u00e9sifs et syst\u00e8mes de collage<\/h1>\t\t\t\t\t\t<span class=\"headerimage__subheadline\">Pour que la publicit\u00e9 reste en place<\/span>\t\t\t\t\t\t\t\t\t\t\t<\/div>\n\t\t\t\t\t\t\t\t\t<\/div>\n\t\t\t<\/div>\n\t\t\t\n<\/div><\/div><\/div><!-- close content main div --><\/div><\/div><div id='av_section_1'  class='avia-section av-8gbin-1e7a90f864ca3b70fe88dc16aebfa543 alternate_color avia-section-default avia-no-border-styling  avia-builder-el-1  el_after_pixel_headimage  el_before_av_section  avia-bg-style-scroll container_wrap fullsize'  ><div class='container av-section-cont-open' ><div class='template-page content  av-content-full alpha units'><div class='post-entry post-entry-type-page post-entry-32133'><div class='entry-content-wrapper clearfix'>\n\n<style type=\"text\/css\" data-created_by=\"avia_inline_auto\" id=\"style-css-av-8vkwf-aa12b7040c2710355fb879aeddbe89a5\">\n.flex_column.av-8vkwf-aa12b7040c2710355fb879aeddbe89a5{\nborder-radius:0px 0px 0px 0px;\npadding:0px 0px 0px 0px;\n}\n<\/style>\n<div  class='flex_column av-8vkwf-aa12b7040c2710355fb879aeddbe89a5 av_two_third  avia-builder-el-2  avia-builder-el-no-sibling  max-width-col two-third first flex_column_div av-animated-generic left-to-right av-zero-column-padding  '     ><p><div class=\"pxl-headline pxl-hl hl-wrap | hl-sub--bot hl--align-left hl--std-margin    \">\n        <div class=\"hl-inner\">\n            <h2 class=\"hl-main hl-line |  hl_main--default  \">Nos produits pour l\u2019industrie de la publicit\u00e9<\/h2>\n            <span class=\"hl-sub hl-line |  hl_sub--default  \">Des exigences \u00e9lev\u00e9es, des solutions sur mesure <\/span>\n    <\/div>\n<\/div>\n<br \/>\n<section  class='av_textblock_section av-22pv5b-4a24a96d642674ec10e09150698904e8 '   itemscope=\"itemscope\" itemtype=\"https:\/\/schema.org\/CreativeWork\" ><div class='avia_textblock'  itemprop=\"text\" ><div class=\"element-container element-text clearfix\">\n<p>Cardinal TAPES, votre partenaire pour les rubans adh\u00e9sifs confectionn\u00e9s, s&#8217;occupe \u00e9galement de l&#8217;industrie publicitaire avec la technique de collage la plus moderne. Nous \u00e9largissons continuellement notre gamme de services avec de nouvelles variantes de produits. Dans l&#8217;industrie de la publicit\u00e9 en particulier, il s&#8217;agit de r\u00e9pondre \u00e0 des exigences et \u00e0 des souhaits exceptionnels. Gr\u00e2ce \u00e0 nos experts, notre savoir-faire et notre professionnalisme, nous r\u00e9pondons \u00e0 tous les besoins et proposons \u00e0 nos clients des <a title=\"La soci\u00e9t\u00e9 Cardinal GmbH de Wuppertal distribue des rubans adh\u00e9sifs double face\" href=\"https:\/\/cardinal-tapes.com\/fr\/catgorie\/rubans-adhesifs-double-face\/\">rubans adh\u00e9sifs<\/a> d\u00e9coup\u00e9s, simple face et <a title=\"La soci\u00e9t\u00e9 Cardinal GmbH de Wuppertal distribue des rubans adh\u00e9sifs double face\" href=\"https:\/\/cardinal-tapes.com\/fr\/catgorie\/rubans-adhesifs-double-face\/\">double face<\/a> dans diverses largeurs avec des mandrins de un \u00e0 trois pouces. Toute forme de d\u00e9coupe est possible chez nous &#8211; informez-vous d\u00e8s maintenant sur notre gamme de prestations pour la <a title=\"Cardinal GmbH est votre partenaire pour la conversion de bandes et la d\u00e9coupe de bandes\" href=\"https:\/\/cardinal-tapes.com\/fr\/confection\/\">conversion de bandes et la d\u00e9coupe de bandes<\/a>.<\/p>\n<p>Si vous ne trouvez pas ici de solution adapt\u00e9e \u00e0 vos besoins sp\u00e9cifiques, n&#8217;h\u00e9sitez pas \u00e0 nous contacter <a class=\"telelink\" title=\"Prise de contact t\u00e9l\u00e9phonique avec la soci\u00e9t\u00e9 Cardinal GmbH de Wuppertal\" href=\"\/ueber-cardinal\/kontakt\/\">personnellement<\/a>.<\/p>\n<\/div>\n<\/div><\/section><\/p><\/div>\n\n<\/div><\/div><\/div><!-- close content main div --><\/div><\/div><div id='av_section_2'  class='avia-section av-swa47-54901207a03f7dbf60c6ff680cd5c610 main_color avia-section-default avia-no-border-styling  avia-builder-el-5  el_after_av_section  avia-builder-el-last  gradient-section avia-bg-style-scroll container_wrap fullsize'  ><div class='container av-section-cont-open' ><div class='template-page content  av-content-full alpha units'><div class='post-entry post-entry-type-page post-entry-32133'><div class='entry-content-wrapper clearfix'>\n<div  class='flex_column av-kbbfj-4a451bf1e4aef6225b7d8ba3e82768ed av_one_full  avia-builder-el-6  avia-builder-el-no-sibling  first flex_column_div av-animated-generic left-to-right  '     ><p><div class=\"pxl-headline pxl-hl hl-wrap | hl-sub--bot hl--align-left hl--no-margin    \">\n        <div class=\"hl-inner\">\n            <h2 class=\"hl-main hl-line |  hl_main--default  \">Points forts du produit<\/h2>\n            <span class=\"hl-sub hl-line |  hl_sub--default  \">Innovant et de haute qualit\u00e9<\/span>\n    <\/div>\n<\/div>\n<br \/>\n<div   data-autoplay=''  data-interval='5'  data-animation='fade'  data-hoverpause='1'  class='template-shop avia-content-slider avia-content-slider-active avia-product-slider1 avia-content-slider-even  avia-builder-el-8  el_after_pixel_sc_headline  el_before_av_button   shop_columns_4' ><div class='avia-content-slider-inner'><ul class=\"products slide-entry-wrap\"><li class=\"product type-product post-37523 status-publish first instock product_cat-impression-graphisme product_cat-industrie-du-papier product_cat-industrie-textile product_cat-rubans-adhesifs-double-face has-post-thumbnail taxable shipping-taxable purchasable product-type-variable\">\n\t<div class='inner_product main_color wrapped_style noLightbox  av-product-class-no_button'><a href=\"https:\/\/cardinal-tapes.com\/fr\/rubans-adh\u00e9sifs\/domaines-dapplication\/impression-graphisme\/ca-43-bande-adhesive-en-papier-non-tisse\/\" class=\"woocommerce-LoopProduct-link woocommerce-loop-product__link\"><div class=\"thumbnail_container\"><img decoding=\"async\" loading=\"lazy\" width=\"450\" height=\"450\" src=\"https:\/\/cardinal-tapes.com\/wp-content\/uploads\/CA_43-2_retouched-450x450.jpg\" class=\"wp-image-27096 avia-img-lazy-loading-27096 attachment-shop_catalog size-shop_catalog wp-post-image\" alt=\"CA-43 Ruban adh\u00e9sif en papier non tiss\u00e9 - double face, Papier non tiss\u00e9, Caoutchouc synth\u00e9tique - Illustration 27096\" srcset=\"https:\/\/cardinal-tapes.com\/wp-content\/uploads\/CA_43-2_retouched-450x450.jpg 450w, https:\/\/cardinal-tapes.com\/wp-content\/uploads\/CA_43-2_retouched-120x120.jpg 120w, https:\/\/cardinal-tapes.com\/wp-content\/uploads\/CA_43-2_retouched-80x80.jpg 80w, https:\/\/cardinal-tapes.com\/wp-content\/uploads\/CA_43-2_retouched-36x36.jpg 36w, https:\/\/cardinal-tapes.com\/wp-content\/uploads\/CA_43-2_retouched-180x180.jpg 180w, https:\/\/cardinal-tapes.com\/wp-content\/uploads\/CA_43-2_retouched-100x100.jpg 100w\" sizes=\"auto, (max-width: 450px) 100vw, 450px\" \/><\/div><div class='inner_product_header'><div class='avia-arrow'><\/div><div class='inner_product_header_table'><div class='inner_product_header_cell'><span class=\"is-h2 woocommerce-loop-product__title\">CA-43 Ruban adh\u00e9sif en papier non tiss\u00e9<\/span>\t\t<div class=\"product-infos\">\n\t\t\t\t\t\t\t<span class='product-infos__item'><b>Rev\u00eatement:<\/b> double face<\/span>\n\t\t\t\t\t\t\t\t\t\t<span class='product-infos__item'><b>Type de mat\u00e9riau:<\/b> Papier non tiss\u00e9<\/span>\n\t\t\t\t\t\t\t\t\t\t<span class='product-infos__item'><b>Fabricant:<\/b> cardinal GmbH<\/span>\n\t\t\t\t\t\t\t\t\t\t<span class='product-infos__item'><b>Prix sur demande<\/b><\/span>\n\t\t\t\t\t<\/div>\n\t<\/div><\/div><\/div><\/a><\/div><\/li>\n<li class=\"product type-product post-45905 status-publish instock product_cat-impression-graphisme product_cat-ruban-depissure product_cat-industrie-textile product_cat-ruban-adhesif-non-tisse product_cat-rubans-adhesifs-double-face has-post-thumbnail taxable shipping-taxable purchasable product-type-variable\">\n\t<div class='inner_product main_color wrapped_style noLightbox  av-product-class-no_button'><a href=\"https:\/\/cardinal-tapes.com\/fr\/rubans-adh\u00e9sifs\/domaines-dapplication\/impression-graphisme\/ca-438-bande-adhesive-en-papier-non-tisse\/\" class=\"woocommerce-LoopProduct-link woocommerce-loop-product__link\"><div class=\"thumbnail_container\"><img decoding=\"async\" loading=\"lazy\" width=\"450\" height=\"450\" src=\"https:\/\/cardinal-tapes.com\/wp-content\/uploads\/CA_438_retouched-450x450.jpg\" class=\"wp-image-27128 avia-img-lazy-loading-27128 attachment-shop_catalog size-shop_catalog wp-post-image\" alt=\"CA-438 Ruban adh\u00e9sif en papier non tiss\u00e9 - double face, Papier, Acrylate de solvant - Illustration 27128\" srcset=\"https:\/\/cardinal-tapes.com\/wp-content\/uploads\/CA_438_retouched-450x450.jpg 450w, https:\/\/cardinal-tapes.com\/wp-content\/uploads\/CA_438_retouched-120x120.jpg 120w, https:\/\/cardinal-tapes.com\/wp-content\/uploads\/CA_438_retouched-80x80.jpg 80w, https:\/\/cardinal-tapes.com\/wp-content\/uploads\/CA_438_retouched-36x36.jpg 36w, https:\/\/cardinal-tapes.com\/wp-content\/uploads\/CA_438_retouched-180x180.jpg 180w, https:\/\/cardinal-tapes.com\/wp-content\/uploads\/CA_438_retouched-100x100.jpg 100w\" sizes=\"auto, (max-width: 450px) 100vw, 450px\" \/><\/div><div class='inner_product_header'><div class='avia-arrow'><\/div><div class='inner_product_header_table'><div class='inner_product_header_cell'><span class=\"is-h2 woocommerce-loop-product__title\">CA-438 Ruban adh\u00e9sif en papier non tiss\u00e9<\/span>\t\t<div class=\"product-infos\">\n\t\t\t\t\t\t\t<span class='product-infos__item'><b>Rev\u00eatement:<\/b> double face<\/span>\n\t\t\t\t\t\t\t\t\t\t<span class='product-infos__item'><b>Type de mat\u00e9riau:<\/b> Papier<\/span>\n\t\t\t\t\t\t\t\t\t\t<span class='product-infos__item'><b>Fabricant:<\/b> cardinal GmbH<\/span>\n\t\t\t\t\t\t\t\t\t\t<span class='product-infos__item'><b>Prix sur demande<\/b><\/span>\n\t\t\t\t\t<\/div>\n\t<\/div><\/div><\/div><\/a><\/div><\/li>\n<li class=\"product type-product post-44690 status-publish instock product_cat-rubans-adhesifs-double-face product_cat-impression-graphisme product_cat-industrie-du-papier product_cat-ruban-depissure product_cat-ruban-adhesif-non-tisse has-post-thumbnail taxable shipping-taxable purchasable product-type-variable\">\n\t<div class='inner_product main_color wrapped_style noLightbox  av-product-class-no_button'><a href=\"https:\/\/cardinal-tapes.com\/fr\/rubans-adh\u00e9sifs\/domaines-dapplication\/impression-graphisme\/ca-440-bande-adhesive-en-papier-non-tisse\/\" class=\"woocommerce-LoopProduct-link woocommerce-loop-product__link\"><div class=\"thumbnail_container\"><img decoding=\"async\" loading=\"lazy\" width=\"450\" height=\"450\" src=\"https:\/\/cardinal-tapes.com\/wp-content\/uploads\/CA-440-450x450.jpg\" class=\"wp-image-28892 avia-img-lazy-loading-28892 attachment-shop_catalog size-shop_catalog wp-post-image\" alt=\"CA-440 Ruban adh\u00e9sif en papier non tiss\u00e9 - double face, Papier non tiss\u00e9, Solvant acrylique - Illustration 28892\" srcset=\"https:\/\/cardinal-tapes.com\/wp-content\/uploads\/CA-440-450x450.jpg 450w, https:\/\/cardinal-tapes.com\/wp-content\/uploads\/CA-440-120x120.jpg 120w, https:\/\/cardinal-tapes.com\/wp-content\/uploads\/CA-440-80x80.jpg 80w, https:\/\/cardinal-tapes.com\/wp-content\/uploads\/CA-440-36x36.jpg 36w, https:\/\/cardinal-tapes.com\/wp-content\/uploads\/CA-440-180x180.jpg 180w, https:\/\/cardinal-tapes.com\/wp-content\/uploads\/CA-440-100x100.jpg 100w\" sizes=\"auto, (max-width: 450px) 100vw, 450px\" \/><\/div><div class='inner_product_header'><div class='avia-arrow'><\/div><div class='inner_product_header_table'><div class='inner_product_header_cell'><span class=\"is-h2 woocommerce-loop-product__title\">CA-440 Ruban adh\u00e9sif en papier non tiss\u00e9<\/span>\t\t<div class=\"product-infos\">\n\t\t\t\t\t\t\t<span class='product-infos__item'><b>Rev\u00eatement:<\/b> double face<\/span>\n\t\t\t\t\t\t\t\t\t\t<span class='product-infos__item'><b>Type de mat\u00e9riau:<\/b> Papier non tiss\u00e9<\/span>\n\t\t\t\t\t\t\t\t\t\t<span class='product-infos__item'><b>Fabricant:<\/b> cardinal GmbH<\/span>\n\t\t\t\t\t\t\t\t\t\t<span class='product-infos__item'><b>Prix sur demande<\/b><\/span>\n\t\t\t\t\t<\/div>\n\t<\/div><\/div><\/div><\/a><\/div><\/li>\n<li class=\"product type-product post-51560 status-publish last instock product_cat-impression-graphisme product_cat-rubans-adhesifs-double-face has-post-thumbnail taxable shipping-taxable purchasable product-type-variable\">\n\t<div class='inner_product main_color wrapped_style noLightbox  av-product-class-no_button'><a href=\"https:\/\/cardinal-tapes.com\/fr\/rubans-adh\u00e9sifs\/domaines-dapplication\/impression-graphisme\/3m-904-films-adhesifs-sans-traceur\/\" class=\"woocommerce-LoopProduct-link woocommerce-loop-product__link\"><div class=\"thumbnail_container\"><img decoding=\"async\" loading=\"lazy\" width=\"450\" height=\"450\" src=\"https:\/\/cardinal-tapes.com\/wp-content\/uploads\/3M-atg-904-450x450.jpg\" class=\"wp-image-27308 avia-img-lazy-loading-27308 attachment-shop_catalog size-shop_catalog wp-post-image\" alt=\"3M\u2122 Ruban adh\u00e9sif de transfert Scotch\u00ae ATG 904 - double face, Acrylate, Acrylate - Illustration 27308\" srcset=\"https:\/\/cardinal-tapes.com\/wp-content\/uploads\/3M-atg-904-450x450.jpg 450w, https:\/\/cardinal-tapes.com\/wp-content\/uploads\/3M-atg-904-120x120.jpg 120w, https:\/\/cardinal-tapes.com\/wp-content\/uploads\/3M-atg-904-80x80.jpg 80w, https:\/\/cardinal-tapes.com\/wp-content\/uploads\/3M-atg-904-36x36.jpg 36w, https:\/\/cardinal-tapes.com\/wp-content\/uploads\/3M-atg-904-180x180.jpg 180w, https:\/\/cardinal-tapes.com\/wp-content\/uploads\/3M-atg-904-100x100.jpg 100w\" sizes=\"auto, (max-width: 450px) 100vw, 450px\" \/><\/div><div class='inner_product_header'><div class='avia-arrow'><\/div><div class='inner_product_header_table'><div class='inner_product_header_cell'><span class=\"is-h2 woocommerce-loop-product__title\">3M\u2122 Ruban adh\u00e9sif de transfert Scotch\u00ae ATG 904<\/span>\t\t<div class=\"product-infos\">\n\t\t\t\t\t\t\t<span class='product-infos__item'><b>Rev\u00eatement:<\/b> double face<\/span>\n\t\t\t\t\t\t\t\t\t\t<span class='product-infos__item'><b>Type de mat\u00e9riau:<\/b> Acrylate<\/span>\n\t\t\t\t\t\t\t\t\t\t<span class='product-infos__item'><b>Fabricant:<\/b> 3M<\/span>\n\t\t\t\t\t\t\t\t\t\t<span class='product-infos__item'><b>Prix sur demande<\/b><\/span>\n\t\t\t\t\t<\/div>\n\t<\/div><\/div><\/div><\/a><\/div><\/li>\n<\/ul><\/div><\/div><div class=\"clear\"><\/div><br \/>\n<div  class='avia-button-wrap av-7mecv-43cdeaf5c6f43cd832dee7753eebf3b8-wrap avia-button-left '><a href='https:\/\/cardinal-tapes.com\/fr\/rubans-adhesifs-fr\/'  class='avia-button av-7mecv-43cdeaf5c6f43cd832dee7753eebf3b8 avia-icon_select-no avia-size-medium avia-position-left avia-color-theme-color layout-border color-white'  ><span class='avia_iconbox_title' >Tous les produits<\/span><\/a><\/div><\/p><\/div>\n","protected":false},"excerpt":{"rendered":"","protected":false},"author":1,"featured_media":0,"parent":30752,"menu_order":0,"comment_status":"closed","ping_status":"closed","template":"","meta":{"_acf_changed":false,"footnotes":""},"class_list":["post-32133","page","type-page","status-publish","hentry"],"acf":[],"yoast_head":"<!-- This site is optimized with the Yoast SEO plugin v27.3 - https:\/\/yoast.com\/product\/yoast-seo-wordpress\/ -->\n<title>Rubans adh\u00e9sifs pour l&#039;industrie publicitaire | cardinal Tapes<\/title>\n<meta name=\"description\" content=\"cardinal TAPES, votre partenaire pour les rubans adh\u00e9sifs confectionn\u00e9s, s&#039;occupe \u00e9galement de l&#039;industrie publicitaire avec les techniques de collage les plus modernes. En savoir plus ici.\" \/>\n<meta name=\"robots\" content=\"index, follow, max-snippet:-1, max-image-preview:large, max-video-preview:-1\" \/>\n<link rel=\"canonical\" href=\"https:\/\/cardinal-tapes.com\/fr\/rubans-adhesifs-fr\/domaines-dapplication\/industrie-de-la-publicite\/\" \/>\n<meta property=\"og:locale\" content=\"fr_FR\" \/>\n<meta property=\"og:type\" content=\"article\" \/>\n<meta property=\"og:title\" content=\"Rubans adh\u00e9sifs pour l&#039;industrie publicitaire | cardinal Tapes\" \/>\n<meta property=\"og:description\" content=\"cardinal TAPES, votre partenaire pour les rubans adh\u00e9sifs confectionn\u00e9s, s&#039;occupe \u00e9galement de l&#039;industrie publicitaire avec les techniques de collage les plus modernes. En savoir plus ici.\" \/>\n<meta property=\"og:url\" content=\"https:\/\/cardinal-tapes.com\/fr\/rubans-adhesifs-fr\/domaines-dapplication\/industrie-de-la-publicite\/\" \/>\n<meta property=\"og:site_name\" content=\"cardinal TAPES\" \/>\n<meta property=\"article:modified_time\" content=\"2023-06-16T14:00:57+00:00\" \/>\n<meta name=\"twitter:card\" content=\"summary_large_image\" \/>\n<meta name=\"twitter:label1\" content=\"Dur\u00e9e de lecture estim\u00e9e\" \/>\n\t<meta name=\"twitter:data1\" content=\"4 minutes\" \/>\n<script type=\"application\/ld+json\" class=\"yoast-schema-graph\">{\"@context\":\"https:\\\/\\\/schema.org\",\"@graph\":[{\"@type\":\"WebPage\",\"@id\":\"https:\\\/\\\/cardinal-tapes.com\\\/fr\\\/rubans-adhesifs-fr\\\/domaines-dapplication\\\/industrie-de-la-publicite\\\/\",\"url\":\"https:\\\/\\\/cardinal-tapes.com\\\/fr\\\/rubans-adhesifs-fr\\\/domaines-dapplication\\\/industrie-de-la-publicite\\\/\",\"name\":\"Rubans adh\u00e9sifs pour l'industrie publicitaire | cardinal Tapes\",\"isPartOf\":{\"@id\":\"https:\\\/\\\/cardinal-tapes.com\\\/#website\"},\"datePublished\":\"2017-12-07T12:51:52+00:00\",\"dateModified\":\"2023-06-16T14:00:57+00:00\",\"description\":\"cardinal TAPES, votre partenaire pour les rubans adh\u00e9sifs confectionn\u00e9s, s'occupe \u00e9galement de l'industrie publicitaire avec les techniques de collage les plus modernes. En savoir plus ici.\",\"breadcrumb\":{\"@id\":\"https:\\\/\\\/cardinal-tapes.com\\\/fr\\\/rubans-adhesifs-fr\\\/domaines-dapplication\\\/industrie-de-la-publicite\\\/#breadcrumb\"},\"inLanguage\":\"fr-FR\",\"potentialAction\":[{\"@type\":\"ReadAction\",\"target\":[\"https:\\\/\\\/cardinal-tapes.com\\\/fr\\\/rubans-adhesifs-fr\\\/domaines-dapplication\\\/industrie-de-la-publicite\\\/\"]}]},{\"@type\":\"BreadcrumbList\",\"@id\":\"https:\\\/\\\/cardinal-tapes.com\\\/fr\\\/rubans-adhesifs-fr\\\/domaines-dapplication\\\/industrie-de-la-publicite\\\/#breadcrumb\",\"itemListElement\":[{\"@type\":\"ListItem\",\"position\":1,\"name\":\"Startseite\",\"item\":\"https:\\\/\\\/cardinal-tapes.com\\\/fr\\\/accueil\\\/\"},{\"@type\":\"ListItem\",\"position\":2,\"name\":\"Rubans adh\u00e9sifs\",\"item\":\"https:\\\/\\\/cardinal-tapes.com\\\/fr\\\/rubans-adhesifs-fr\\\/\"},{\"@type\":\"ListItem\",\"position\":3,\"name\":\"Domaines d&#8217;application\",\"item\":\"https:\\\/\\\/cardinal-tapes.com\\\/fr\\\/rubans-adhesifs-fr__trashed\\\/domaines-dapplication\\\/\"},{\"@type\":\"ListItem\",\"position\":4,\"name\":\"Industrie de la publicit\u00e9\"}]},{\"@type\":\"WebSite\",\"@id\":\"https:\\\/\\\/cardinal-tapes.com\\\/#website\",\"url\":\"https:\\\/\\\/cardinal-tapes.com\\\/\",\"name\":\"cardinal TAPES\",\"description\":\"Klebetechnik aus Wuppertal\",\"potentialAction\":[{\"@type\":\"SearchAction\",\"target\":{\"@type\":\"EntryPoint\",\"urlTemplate\":\"https:\\\/\\\/cardinal-tapes.com\\\/?s={search_term_string}\"},\"query-input\":{\"@type\":\"PropertyValueSpecification\",\"valueRequired\":true,\"valueName\":\"search_term_string\"}}],\"inLanguage\":\"fr-FR\"}]}<\/script>\n<!-- \/ Yoast SEO plugin. -->","yoast_head_json":{"title":"Rubans adh\u00e9sifs pour l'industrie publicitaire | cardinal Tapes","description":"cardinal TAPES, votre partenaire pour les rubans adh\u00e9sifs confectionn\u00e9s, s'occupe \u00e9galement de l'industrie publicitaire avec les techniques de collage les plus modernes. En savoir plus ici.","robots":{"index":"index","follow":"follow","max-snippet":"max-snippet:-1","max-image-preview":"max-image-preview:large","max-video-preview":"max-video-preview:-1"},"canonical":"https:\/\/cardinal-tapes.com\/fr\/rubans-adhesifs-fr\/domaines-dapplication\/industrie-de-la-publicite\/","og_locale":"fr_FR","og_type":"article","og_title":"Rubans adh\u00e9sifs pour l'industrie publicitaire | cardinal Tapes","og_description":"cardinal TAPES, votre partenaire pour les rubans adh\u00e9sifs confectionn\u00e9s, s'occupe \u00e9galement de l'industrie publicitaire avec les techniques de collage les plus modernes. En savoir plus ici.","og_url":"https:\/\/cardinal-tapes.com\/fr\/rubans-adhesifs-fr\/domaines-dapplication\/industrie-de-la-publicite\/","og_site_name":"cardinal TAPES","article_modified_time":"2023-06-16T14:00:57+00:00","twitter_card":"summary_large_image","twitter_misc":{"Dur\u00e9e de lecture estim\u00e9e":"4 minutes"},"schema":{"@context":"https:\/\/schema.org","@graph":[{"@type":"WebPage","@id":"https:\/\/cardinal-tapes.com\/fr\/rubans-adhesifs-fr\/domaines-dapplication\/industrie-de-la-publicite\/","url":"https:\/\/cardinal-tapes.com\/fr\/rubans-adhesifs-fr\/domaines-dapplication\/industrie-de-la-publicite\/","name":"Rubans adh\u00e9sifs pour l'industrie publicitaire | cardinal Tapes","isPartOf":{"@id":"https:\/\/cardinal-tapes.com\/#website"},"datePublished":"2017-12-07T12:51:52+00:00","dateModified":"2023-06-16T14:00:57+00:00","description":"cardinal TAPES, votre partenaire pour les rubans adh\u00e9sifs confectionn\u00e9s, s'occupe \u00e9galement de l'industrie publicitaire avec les techniques de collage les plus modernes. En savoir plus ici.","breadcrumb":{"@id":"https:\/\/cardinal-tapes.com\/fr\/rubans-adhesifs-fr\/domaines-dapplication\/industrie-de-la-publicite\/#breadcrumb"},"inLanguage":"fr-FR","potentialAction":[{"@type":"ReadAction","target":["https:\/\/cardinal-tapes.com\/fr\/rubans-adhesifs-fr\/domaines-dapplication\/industrie-de-la-publicite\/"]}]},{"@type":"BreadcrumbList","@id":"https:\/\/cardinal-tapes.com\/fr\/rubans-adhesifs-fr\/domaines-dapplication\/industrie-de-la-publicite\/#breadcrumb","itemListElement":[{"@type":"ListItem","position":1,"name":"Startseite","item":"https:\/\/cardinal-tapes.com\/fr\/accueil\/"},{"@type":"ListItem","position":2,"name":"Rubans adh\u00e9sifs","item":"https:\/\/cardinal-tapes.com\/fr\/rubans-adhesifs-fr\/"},{"@type":"ListItem","position":3,"name":"Domaines d&#8217;application","item":"https:\/\/cardinal-tapes.com\/fr\/rubans-adhesifs-fr__trashed\/domaines-dapplication\/"},{"@type":"ListItem","position":4,"name":"Industrie de la publicit\u00e9"}]},{"@type":"WebSite","@id":"https:\/\/cardinal-tapes.com\/#website","url":"https:\/\/cardinal-tapes.com\/","name":"cardinal TAPES","description":"Klebetechnik aus Wuppertal","potentialAction":[{"@type":"SearchAction","target":{"@type":"EntryPoint","urlTemplate":"https:\/\/cardinal-tapes.com\/?s={search_term_string}"},"query-input":{"@type":"PropertyValueSpecification","valueRequired":true,"valueName":"search_term_string"}}],"inLanguage":"fr-FR"}]}},"_links":{"self":[{"href":"https:\/\/cardinal-tapes.com\/fr\/wp-json\/wp\/v2\/pages\/32133","targetHints":{"allow":["GET"]}}],"collection":[{"href":"https:\/\/cardinal-tapes.com\/fr\/wp-json\/wp\/v2\/pages"}],"about":[{"href":"https:\/\/cardinal-tapes.com\/fr\/wp-json\/wp\/v2\/types\/page"}],"author":[{"embeddable":true,"href":"https:\/\/cardinal-tapes.com\/fr\/wp-json\/wp\/v2\/users\/1"}],"replies":[{"embeddable":true,"href":"https:\/\/cardinal-tapes.com\/fr\/wp-json\/wp\/v2\/comments?post=32133"}],"version-history":[{"count":0,"href":"https:\/\/cardinal-tapes.com\/fr\/wp-json\/wp\/v2\/pages\/32133\/revisions"}],"up":[{"embeddable":true,"href":"https:\/\/cardinal-tapes.com\/fr\/wp-json\/wp\/v2\/pages\/30752"}],"wp:attachment":[{"href":"https:\/\/cardinal-tapes.com\/fr\/wp-json\/wp\/v2\/media?parent=32133"}],"curies":[{"name":"wp","href":"https:\/\/api.w.org\/{rel}","templated":true}]}}