{"id":32088,"date":"2017-12-19T11:59:17","date_gmt":"2017-12-19T10:59:17","guid":{"rendered":"https:\/\/cardinal.pixel-tal.de\/rubans-adhesifs\/domaines-dapplication\/industrie-du-beton\/"},"modified":"2023-06-16T15:47:58","modified_gmt":"2023-06-16T13:47:58","slug":"industrie-du-beton","status":"publish","type":"page","link":"https:\/\/cardinal-tapes.com\/fr\/rubans-adhesifs-fr\/domaines-dapplication\/industrie-du-beton\/","title":{"rendered":"Industrie du b\u00e9ton"},"content":{"rendered":"\t\t\t<div class=\"headerimage-section has-image  \">\n\t\t\t\t\t\t\t\t\t\t\t\t<div class=\"headerimage__bg overlay\" style=\"background-image: url('https:\/\/cardinal-tapes.com\/wp-content\/uploads\/cardinal_kopfbild-betonindustrie-scaled.jpg'); background-repeat: no-repeat; background-position: center; background-size: cover;\"><\/div>\n\t\t\t\t\t\t\t\t\t\t\t\t<div class=\"container\">\n\t\t\t\t\t<div class=\"headerimage__inner\">\n\t\t\t\t\t\t<h1 class=\"headerimage__headline\">Rubans adh\u00e9sifs et syst\u00e8mes de collage<\/h1>\t\t\t\t\t\t<span class=\"headerimage__subheadline\">avec une tenue extra-forte<\/span>\t\t\t\t\t\t\t\t\t\t\t<\/div>\n\t\t\t\t\t\t\t\t\t<\/div>\n\t\t\t<\/div>\n\t\t\t\n<\/div><\/div><\/div><!-- close content main div --><\/div><\/div><div id='av_section_1'  class='avia-section av-1j62f2-3637eaa89d10eccb9492d98eb178ea27 alternate_color avia-section-default avia-no-border-styling  avia-builder-el-1  el_after_pixel_headimage  el_before_av_section  avia-bg-style-scroll container_wrap fullsize'  ><div class='container av-section-cont-open' ><div class='template-page content  av-content-full alpha units'><div class='post-entry post-entry-type-page post-entry-32088'><div class='entry-content-wrapper clearfix'>\n<div  class='flex_column av-1d2p1i-98990d5ec03afead7beef3dbd15aa46a av_two_third  avia-builder-el-2  avia-builder-el-no-sibling  max-width-col two-third first flex_column_div av-animated-generic left-to-right  '     ><p><div class=\"pxl-headline pxl-hl hl-wrap | hl-sub--bot hl--align-left hl--std-margin    \">\n        <div class=\"hl-inner\">\n            <h2 class=\"hl-main hl-line |  hl_main--default  \">Rubans adh\u00e9sifs pour l\u2019industrie du b\u00e9ton<\/h2>\n            <span class=\"hl-sub hl-line |  hl_sub--default  \">Des exigences \u00e9lev\u00e9es, des solutions sur mesure <\/span>\n    <\/div>\n<\/div>\n<br \/>\n<section  class='av_textblock_section av-lhowtl1g-aef019f35e030d0d51e982c02da65158 '   itemscope=\"itemscope\" itemtype=\"https:\/\/schema.org\/CreativeWork\" ><div class='avia_textblock'  itemprop=\"text\" ><p>Dans l&#8217;industrie du b\u00e9ton, de nombreux <a title=\"Les rubans adh\u00e9sifs techniques de cardinal GmbH - apprenez-en plus d\u00e8s maintenant !\" href=\"\/klebebaender\/\">rubans adh\u00e9sifs<\/a> diff\u00e9rents sont utilis\u00e9s quotidiennement. Les rubans adh\u00e9sifs r\u00e9sistants \u00e0 l&#8217;eau et \u00e0 la d\u00e9chirure, en particulier, sont d&#8217;une importance capitale. De nombreux rubans adh\u00e9sifs peuvent \u00eatre retir\u00e9s sans laisser de traces. En outre, les rubans adh\u00e9sifs de cardinal GmbH se distinguent par une forte r\u00e9sistance au cisaillement et sont donc id\u00e9aux pour les supports irr\u00e9guliers et rugueux.<\/p>\n<p>Les bandes en tissu de laine de cellulose, les bandes enduites de PE et les feuilles de PVC sont tr\u00e8s utilis\u00e9es dans les industries du b\u00e9ton. Dans ce domaine d&#8217;application, les exigences les plus \u00e9lev\u00e9es sont pos\u00e9es \u00e0 la technique de collage et sont satisfaites. C&#8217;est avec plaisir que nous discuterons personnellement avec vous, lors d&#8217;un entretien de conseil, des produits qui conviennent le mieux \u00e0 votre utilisation.<\/p>\n<p>cardinal Tapes a toujours pour ambition d&#8217;\u00e9largir sa gamme de produits et de la maintenir constamment \u00e0 la pointe du d\u00e9veloppement. Nous n&#8217;avons donc aucun mal \u00e0 trouver la solution optimale pour les souhaits individuels.<\/p>\n<p>Si vous avez des questions, nous nous ferons un plaisir de vous conseiller personnellement. Contactez-nous par t\u00e9l\u00e9phone ou utilisez notre <a title=\"Prenez contact d\u00e8s maintenant avec Cardinal GmbH !\" href=\"\/ueber-cardinal\/kontakt\/\">formulaire de demande<\/a> pour entrer en contact avec nous. Nous nous r\u00e9jouissons de vous accueillir !<\/p>\n<\/div><\/section><\/p><\/div>\n\n<\/div><\/div><\/div><!-- close content main div --><\/div><\/div><div id='av_section_2'  class='avia-section av-pf89i-0526860b1860f3fda3e056608fca3b0c main_color avia-section-default avia-no-border-styling  avia-builder-el-5  el_after_av_section  avia-builder-el-last  gradient-section avia-bg-style-scroll container_wrap fullsize'  ><div class='container av-section-cont-open' ><div class='template-page content  av-content-full alpha units'><div class='post-entry post-entry-type-page post-entry-32088'><div class='entry-content-wrapper clearfix'>\n<div  class='flex_column av-ki6t2-51a5f2705efe7e39ffd513a03b5d8a01 av_one_full  avia-builder-el-6  avia-builder-el-no-sibling  first flex_column_div av-animated-generic left-to-right  '     ><p><div class=\"pxl-headline pxl-hl hl-wrap | hl-sub--bot hl--align-left hl--no-margin    \">\n        <div class=\"hl-inner\">\n            <h2 class=\"hl-main hl-line |  hl_main--default  \">Points forts du produit<\/h2>\n            <span class=\"hl-sub hl-line |  hl_sub--default  \">Innovant et de haute qualit\u00e9<\/span>\n    <\/div>\n<\/div>\n<br \/>\n<div   data-autoplay=''  data-interval='5'  data-animation='fade'  data-hoverpause='1'  class='template-shop avia-content-slider avia-content-slider-active avia-product-slider1 avia-content-slider-even  avia-builder-el-8  el_after_pixel_sc_headline  el_before_av_button   shop_columns_4' ><div class='avia-content-slider-inner'><ul class=\"products slide-entry-wrap\"><li class=\"product type-product post-55630 status-publish first instock product_cat-production-daluminium-traitement product_cat-industrie-du-beton product_cat-industrie-des-matieres-plastiques product_cat-acier-et-verre product_cat-secteur-du-transport product_cat-rubans-adhesifs-simple-face has-post-thumbnail taxable shipping-taxable purchasable product-type-variable\">\n\t<div class='inner_product main_color wrapped_style noLightbox  av-product-class-no_button'><a href=\"https:\/\/cardinal-tapes.com\/fr\/rubans-adh\u00e9sifs\/domaines-dapplication\/production-daluminium-traitement\/ca-221-bande-filament-adhesive-longue-verticale-2\/\" class=\"woocommerce-LoopProduct-link woocommerce-loop-product__link\"><div class=\"thumbnail_container\"><img decoding=\"async\" loading=\"lazy\" width=\"450\" height=\"450\" src=\"https:\/\/cardinal-tapes.com\/wp-content\/uploads\/CA_221-450x450.jpg\" class=\"wp-image-26888 avia-img-lazy-loading-26888 attachment-shop_catalog size-shop_catalog wp-post-image\" alt=\"CA-221 Ruban adh\u00e9sif filament, renforc\u00e9 en longueur &amp; en largeur - d&#039;un c\u00f4t\u00e9, Film BOPP, Caoutchouc synth\u00e9tique - Illustration 26888\" srcset=\"https:\/\/cardinal-tapes.com\/wp-content\/uploads\/CA_221-450x450.jpg 450w, https:\/\/cardinal-tapes.com\/wp-content\/uploads\/CA_221-120x120.jpg 120w, https:\/\/cardinal-tapes.com\/wp-content\/uploads\/CA_221-80x80.jpg 80w, https:\/\/cardinal-tapes.com\/wp-content\/uploads\/CA_221-200x200.jpg 200w, https:\/\/cardinal-tapes.com\/wp-content\/uploads\/CA_221-768x768.jpg 768w, https:\/\/cardinal-tapes.com\/wp-content\/uploads\/CA_221-1030x1030.jpg 1030w, https:\/\/cardinal-tapes.com\/wp-content\/uploads\/CA_221-36x36.jpg 36w, https:\/\/cardinal-tapes.com\/wp-content\/uploads\/CA_221-180x180.jpg 180w, https:\/\/cardinal-tapes.com\/wp-content\/uploads\/CA_221-705x705.jpg 705w, https:\/\/cardinal-tapes.com\/wp-content\/uploads\/CA_221-100x100.jpg 100w, https:\/\/cardinal-tapes.com\/wp-content\/uploads\/CA_221.jpg 1400w\" sizes=\"auto, (max-width: 450px) 100vw, 450px\" \/><\/div><div class='inner_product_header'><div class='avia-arrow'><\/div><div class='inner_product_header_table'><div class='inner_product_header_cell'><span class=\"is-h2 woocommerce-loop-product__title\">CA-221 Ruban adh\u00e9sif filament, renforc\u00e9 en longueur &amp; en largeur<\/span>\t\t<div class=\"product-infos\">\n\t\t\t\t\t\t\t<span class='product-infos__item'><b>Rev\u00eatement:<\/b> d'un c\u00f4t\u00e9<\/span>\n\t\t\t\t\t\t\t\t\t\t<span class='product-infos__item'><b>Type de mat\u00e9riau:<\/b> Film BOPP<\/span>\n\t\t\t\t\t\t\t\t\t\t<span class='product-infos__item'><b>Fabricant:<\/b> cardinal GmbH<\/span>\n\t\t\t\t\t\t\t\t\t\t<span class='product-infos__item'><b>Prix sur demande<\/b><\/span>\n\t\t\t\t\t<\/div>\n\t<\/div><\/div><\/div><\/a><\/div><\/li>\n<li class=\"product type-product post-54449 status-publish instock product_cat-industrie-des-matieres-plastiques product_cat-acier-et-verre product_cat-rubans-adhesifs-simple-face product_cat-film-pp-fr product_cat-ruban-de-masquage product_cat-production-daluminium-traitement product_cat-industrie-automobile product_cat-industrie-du-beton has-post-thumbnail taxable shipping-taxable purchasable product-type-variable\">\n\t<div class='inner_product main_color wrapped_style noLightbox  av-product-class-no_button'><a href=\"https:\/\/cardinal-tapes.com\/fr\/rubans-adh\u00e9sifs\/rubans-adhesifs-simple-face\/film-pp-fr\/ca-25-pp-strapping-bande-adhesive\/\" class=\"woocommerce-LoopProduct-link woocommerce-loop-product__link\"><div class=\"thumbnail_container\"><img decoding=\"async\" loading=\"lazy\" width=\"450\" height=\"450\" src=\"https:\/\/cardinal-tapes.com\/wp-content\/uploads\/CA_25-1-450x450.jpg\" class=\"wp-image-26840 avia-img-lazy-loading-26840 attachment-shop_catalog size-shop_catalog wp-post-image\" alt=\"CA-25 Ruban adh\u00e9sif de strapping PP - d&#039;un c\u00f4t\u00e9, Film MOPP, Caoutchouc naturel - Illustration 26840\" srcset=\"https:\/\/cardinal-tapes.com\/wp-content\/uploads\/CA_25-1-450x450.jpg 450w, https:\/\/cardinal-tapes.com\/wp-content\/uploads\/CA_25-1-120x120.jpg 120w, https:\/\/cardinal-tapes.com\/wp-content\/uploads\/CA_25-1-80x80.jpg 80w, https:\/\/cardinal-tapes.com\/wp-content\/uploads\/CA_25-1-200x200.jpg 200w, https:\/\/cardinal-tapes.com\/wp-content\/uploads\/CA_25-1-768x768.jpg 768w, https:\/\/cardinal-tapes.com\/wp-content\/uploads\/CA_25-1-1030x1030.jpg 1030w, https:\/\/cardinal-tapes.com\/wp-content\/uploads\/CA_25-1-36x36.jpg 36w, https:\/\/cardinal-tapes.com\/wp-content\/uploads\/CA_25-1-180x180.jpg 180w, https:\/\/cardinal-tapes.com\/wp-content\/uploads\/CA_25-1-705x705.jpg 705w, https:\/\/cardinal-tapes.com\/wp-content\/uploads\/CA_25-1-100x100.jpg 100w, https:\/\/cardinal-tapes.com\/wp-content\/uploads\/CA_25-1.jpg 1400w\" sizes=\"auto, (max-width: 450px) 100vw, 450px\" \/><\/div><div class='inner_product_header'><div class='avia-arrow'><\/div><div class='inner_product_header_table'><div class='inner_product_header_cell'><span class=\"is-h2 woocommerce-loop-product__title\">CA-25 Ruban adh\u00e9sif de strapping PP<\/span>\t\t<div class=\"product-infos\">\n\t\t\t\t\t\t\t<span class='product-infos__item'><b>Rev\u00eatement:<\/b> d'un c\u00f4t\u00e9<\/span>\n\t\t\t\t\t\t\t\t\t\t<span class='product-infos__item'><b>Type de mat\u00e9riau:<\/b> Film MOPP<\/span>\n\t\t\t\t\t\t\t\t\t\t<span class='product-infos__item'><b>Fabricant:<\/b> cardinal GmbH<\/span>\n\t\t\t\t\t\t\t\t\t\t<span class='product-infos__item'><b>Prix sur demande<\/b><\/span>\n\t\t\t\t\t<\/div>\n\t<\/div><\/div><\/div><\/a><\/div><\/li>\n<li class=\"product type-product post-47489 status-publish instock product_cat-production-daluminium-traitement product_cat-artisanat-du-batiment product_cat-industrie-du-beton product_cat-industrie-des-matieres-plastiques product_cat-acier-et-verre product_cat-secteur-du-transport product_cat-rubans-adhesifs-simple-face has-post-thumbnail taxable shipping-taxable purchasable product-type-variable\">\n\t<div class='inner_product main_color wrapped_style noLightbox  av-product-class-no_button'><a href=\"https:\/\/cardinal-tapes.com\/fr\/rubans-adh\u00e9sifs\/domaines-dapplication\/production-daluminium-traitement\/ca-22-filament-bande-adhesive-longue-stabilite\/\" class=\"woocommerce-LoopProduct-link woocommerce-loop-product__link\"><div class=\"thumbnail_container\"><img decoding=\"async\" loading=\"lazy\" width=\"450\" height=\"450\" src=\"https:\/\/cardinal-tapes.com\/wp-content\/uploads\/CA_22_02-450x450.jpg\" class=\"wp-image-26832 avia-img-lazy-loading-26832 attachment-shop_catalog size-shop_catalog wp-post-image\" alt=\"CA-22 Ruban adh\u00e9sif filament, renforc\u00e9 dans le sens de la longueur - d&#039;un c\u00f4t\u00e9, Polypropyl\u00e8ne, Caoutchouc synth\u00e9tique - Illustration 26832\" srcset=\"https:\/\/cardinal-tapes.com\/wp-content\/uploads\/CA_22_02-450x450.jpg 450w, https:\/\/cardinal-tapes.com\/wp-content\/uploads\/CA_22_02-120x120.jpg 120w, https:\/\/cardinal-tapes.com\/wp-content\/uploads\/CA_22_02-80x80.jpg 80w, https:\/\/cardinal-tapes.com\/wp-content\/uploads\/CA_22_02-36x36.jpg 36w, https:\/\/cardinal-tapes.com\/wp-content\/uploads\/CA_22_02-180x180.jpg 180w, https:\/\/cardinal-tapes.com\/wp-content\/uploads\/CA_22_02-100x100.jpg 100w\" sizes=\"auto, (max-width: 450px) 100vw, 450px\" \/><\/div><div class='inner_product_header'><div class='avia-arrow'><\/div><div class='inner_product_header_table'><div class='inner_product_header_cell'><span class=\"is-h2 woocommerce-loop-product__title\">CA-22 Ruban adh\u00e9sif filament, renforc\u00e9 dans le sens de la longueur<\/span>\t\t<div class=\"product-infos\">\n\t\t\t\t\t\t\t<span class='product-infos__item'><b>Rev\u00eatement:<\/b> d'un c\u00f4t\u00e9<\/span>\n\t\t\t\t\t\t\t\t\t\t<span class='product-infos__item'><b>Type de mat\u00e9riau:<\/b> Polypropyl\u00e8ne<\/span>\n\t\t\t\t\t\t\t\t\t\t<span class='product-infos__item'><b>Fabricant:<\/b> cardinal GmbH<\/span>\n\t\t\t\t\t\t\t\t\t\t<span class='product-infos__item'><b>Prix sur demande<\/b><\/span>\n\t\t\t\t\t<\/div>\n\t<\/div><\/div><\/div><\/a><\/div><\/li>\n<li class=\"product type-product post-53741 status-publish last instock product_cat-film-pp-fr product_cat-ruban-de-masquage product_cat-production-daluminium-traitement product_cat-industrie-automobile product_cat-industrie-du-beton product_cat-industrie-des-matieres-plastiques product_cat-acier-et-verre product_cat-rubans-adhesifs-simple-face has-post-thumbnail taxable shipping-taxable purchasable product-type-variable\">\n\t<div class='inner_product main_color wrapped_style noLightbox  av-product-class-no_button'><a href=\"https:\/\/cardinal-tapes.com\/fr\/rubans-adh\u00e9sifs\/rubans-adhesifs-simple-face\/film-pp-fr\/ca-23-pp-strapping-bande-adhesive\/\" class=\"woocommerce-LoopProduct-link woocommerce-loop-product__link\"><div class=\"thumbnail_container\"><img decoding=\"async\" loading=\"lazy\" width=\"450\" height=\"450\" src=\"https:\/\/cardinal-tapes.com\/wp-content\/uploads\/CA_23-450x450.jpg\" class=\"wp-image-26836 avia-img-lazy-loading-26836 attachment-shop_catalog size-shop_catalog wp-post-image\" alt=\"CA-23 Ruban adh\u00e9sif de strapping PP - d&#039;un c\u00f4t\u00e9, Film MOPP, Acrylate - Illustration 26836\" srcset=\"https:\/\/cardinal-tapes.com\/wp-content\/uploads\/CA_23-450x450.jpg 450w, https:\/\/cardinal-tapes.com\/wp-content\/uploads\/CA_23-120x120.jpg 120w, https:\/\/cardinal-tapes.com\/wp-content\/uploads\/CA_23-80x80.jpg 80w, https:\/\/cardinal-tapes.com\/wp-content\/uploads\/CA_23-200x200.jpg 200w, https:\/\/cardinal-tapes.com\/wp-content\/uploads\/CA_23-768x768.jpg 768w, https:\/\/cardinal-tapes.com\/wp-content\/uploads\/CA_23-1030x1030.jpg 1030w, https:\/\/cardinal-tapes.com\/wp-content\/uploads\/CA_23-36x36.jpg 36w, https:\/\/cardinal-tapes.com\/wp-content\/uploads\/CA_23-180x180.jpg 180w, https:\/\/cardinal-tapes.com\/wp-content\/uploads\/CA_23-705x705.jpg 705w, https:\/\/cardinal-tapes.com\/wp-content\/uploads\/CA_23-100x100.jpg 100w, https:\/\/cardinal-tapes.com\/wp-content\/uploads\/CA_23.jpg 1400w\" sizes=\"auto, (max-width: 450px) 100vw, 450px\" \/><\/div><div class='inner_product_header'><div class='avia-arrow'><\/div><div class='inner_product_header_table'><div class='inner_product_header_cell'><span class=\"is-h2 woocommerce-loop-product__title\">CA-23 Ruban adh\u00e9sif de strapping PP<\/span>\t\t<div class=\"product-infos\">\n\t\t\t\t\t\t\t<span class='product-infos__item'><b>Rev\u00eatement:<\/b> d'un c\u00f4t\u00e9<\/span>\n\t\t\t\t\t\t\t\t\t\t<span class='product-infos__item'><b>Type de mat\u00e9riau:<\/b> Film MOPP<\/span>\n\t\t\t\t\t\t\t\t\t\t<span class='product-infos__item'><b>Fabricant:<\/b> cardinal GmbH<\/span>\n\t\t\t\t\t\t\t\t\t\t<span class='product-infos__item'><b>Prix sur demande<\/b><\/span>\n\t\t\t\t\t<\/div>\n\t<\/div><\/div><\/div><\/a><\/div><\/li>\n<\/ul><\/div><\/div><div class=\"clear\"><\/div><br \/>\n<div  class='avia-button-wrap av-7ou0e-2d0e10a11c3c7690a552a4cb3ee9dab2-wrap avia-button-left '><a href='https:\/\/cardinal-tapes.com\/fr\/rubans-adhesifs-fr\/'  class='avia-button av-7ou0e-2d0e10a11c3c7690a552a4cb3ee9dab2 avia-icon_select-no avia-size-medium avia-position-left avia-color-theme-color layout-border color-white'  ><span class='avia_iconbox_title' >Tous les produits<\/span><\/a><\/div><\/p><\/div>\n","protected":false},"excerpt":{"rendered":"","protected":false},"author":1,"featured_media":0,"parent":30752,"menu_order":11,"comment_status":"closed","ping_status":"closed","template":"","meta":{"_acf_changed":false,"footnotes":""},"class_list":["post-32088","page","type-page","status-publish","hentry"],"acf":[],"yoast_head":"<!-- This site is optimized with the Yoast SEO plugin v27.3 - https:\/\/yoast.com\/product\/yoast-seo-wordpress\/ -->\n<title>Rubans adh\u00e9sifs pour l&#039;industrie du b\u00e9ton | cardinal TAPES<\/title>\n<meta name=\"description\" content=\"Dans l&#039;industrie du b\u00e9ton, de nombreux rubans adh\u00e9sifs diff\u00e9rents sont utilis\u00e9s quotidiennement. Nous vous proposons le produit adapt\u00e9 \u00e0 vos exigences individuelles.\" \/>\n<meta name=\"robots\" content=\"index, follow, max-snippet:-1, max-image-preview:large, max-video-preview:-1\" \/>\n<link rel=\"canonical\" href=\"https:\/\/cardinal-tapes.com\/fr\/rubans-adhesifs-fr\/domaines-dapplication\/industrie-du-beton\/\" \/>\n<meta property=\"og:locale\" content=\"fr_FR\" \/>\n<meta property=\"og:type\" content=\"article\" \/>\n<meta property=\"og:title\" content=\"Rubans adh\u00e9sifs pour l&#039;industrie du b\u00e9ton | cardinal TAPES\" \/>\n<meta property=\"og:description\" content=\"Dans l&#039;industrie du b\u00e9ton, de nombreux rubans adh\u00e9sifs diff\u00e9rents sont utilis\u00e9s quotidiennement. Nous vous proposons le produit adapt\u00e9 \u00e0 vos exigences individuelles.\" \/>\n<meta property=\"og:url\" content=\"https:\/\/cardinal-tapes.com\/fr\/rubans-adhesifs-fr\/domaines-dapplication\/industrie-du-beton\/\" \/>\n<meta property=\"og:site_name\" content=\"cardinal TAPES\" \/>\n<meta property=\"article:modified_time\" content=\"2023-06-16T13:47:58+00:00\" \/>\n<meta name=\"twitter:card\" content=\"summary_large_image\" \/>\n<meta name=\"twitter:label1\" content=\"Dur\u00e9e de lecture estim\u00e9e\" \/>\n\t<meta name=\"twitter:data1\" content=\"5 minutes\" \/>\n<script type=\"application\/ld+json\" class=\"yoast-schema-graph\">{\"@context\":\"https:\\\/\\\/schema.org\",\"@graph\":[{\"@type\":\"WebPage\",\"@id\":\"https:\\\/\\\/cardinal-tapes.com\\\/fr\\\/rubans-adhesifs-fr\\\/domaines-dapplication\\\/industrie-du-beton\\\/\",\"url\":\"https:\\\/\\\/cardinal-tapes.com\\\/fr\\\/rubans-adhesifs-fr\\\/domaines-dapplication\\\/industrie-du-beton\\\/\",\"name\":\"Rubans adh\u00e9sifs pour l'industrie du b\u00e9ton | cardinal TAPES\",\"isPartOf\":{\"@id\":\"https:\\\/\\\/cardinal-tapes.com\\\/#website\"},\"datePublished\":\"2017-12-19T10:59:17+00:00\",\"dateModified\":\"2023-06-16T13:47:58+00:00\",\"description\":\"Dans l'industrie du b\u00e9ton, de nombreux rubans adh\u00e9sifs diff\u00e9rents sont utilis\u00e9s quotidiennement. Nous vous proposons le produit adapt\u00e9 \u00e0 vos exigences individuelles.\",\"breadcrumb\":{\"@id\":\"https:\\\/\\\/cardinal-tapes.com\\\/fr\\\/rubans-adhesifs-fr\\\/domaines-dapplication\\\/industrie-du-beton\\\/#breadcrumb\"},\"inLanguage\":\"fr-FR\",\"potentialAction\":[{\"@type\":\"ReadAction\",\"target\":[\"https:\\\/\\\/cardinal-tapes.com\\\/fr\\\/rubans-adhesifs-fr\\\/domaines-dapplication\\\/industrie-du-beton\\\/\"]}]},{\"@type\":\"BreadcrumbList\",\"@id\":\"https:\\\/\\\/cardinal-tapes.com\\\/fr\\\/rubans-adhesifs-fr\\\/domaines-dapplication\\\/industrie-du-beton\\\/#breadcrumb\",\"itemListElement\":[{\"@type\":\"ListItem\",\"position\":1,\"name\":\"Startseite\",\"item\":\"https:\\\/\\\/cardinal-tapes.com\\\/fr\\\/accueil\\\/\"},{\"@type\":\"ListItem\",\"position\":2,\"name\":\"Rubans adh\u00e9sifs\",\"item\":\"https:\\\/\\\/cardinal-tapes.com\\\/fr\\\/rubans-adhesifs-fr\\\/\"},{\"@type\":\"ListItem\",\"position\":3,\"name\":\"Domaines d&#8217;application\",\"item\":\"https:\\\/\\\/cardinal-tapes.com\\\/fr\\\/rubans-adhesifs-fr__trashed\\\/domaines-dapplication\\\/\"},{\"@type\":\"ListItem\",\"position\":4,\"name\":\"Industrie du b\u00e9ton\"}]},{\"@type\":\"WebSite\",\"@id\":\"https:\\\/\\\/cardinal-tapes.com\\\/#website\",\"url\":\"https:\\\/\\\/cardinal-tapes.com\\\/\",\"name\":\"cardinal TAPES\",\"description\":\"Klebetechnik aus Wuppertal\",\"potentialAction\":[{\"@type\":\"SearchAction\",\"target\":{\"@type\":\"EntryPoint\",\"urlTemplate\":\"https:\\\/\\\/cardinal-tapes.com\\\/?s={search_term_string}\"},\"query-input\":{\"@type\":\"PropertyValueSpecification\",\"valueRequired\":true,\"valueName\":\"search_term_string\"}}],\"inLanguage\":\"fr-FR\"}]}<\/script>\n<!-- \/ Yoast SEO plugin. -->","yoast_head_json":{"title":"Rubans adh\u00e9sifs pour l'industrie du b\u00e9ton | cardinal TAPES","description":"Dans l'industrie du b\u00e9ton, de nombreux rubans adh\u00e9sifs diff\u00e9rents sont utilis\u00e9s quotidiennement. Nous vous proposons le produit adapt\u00e9 \u00e0 vos exigences individuelles.","robots":{"index":"index","follow":"follow","max-snippet":"max-snippet:-1","max-image-preview":"max-image-preview:large","max-video-preview":"max-video-preview:-1"},"canonical":"https:\/\/cardinal-tapes.com\/fr\/rubans-adhesifs-fr\/domaines-dapplication\/industrie-du-beton\/","og_locale":"fr_FR","og_type":"article","og_title":"Rubans adh\u00e9sifs pour l'industrie du b\u00e9ton | cardinal TAPES","og_description":"Dans l'industrie du b\u00e9ton, de nombreux rubans adh\u00e9sifs diff\u00e9rents sont utilis\u00e9s quotidiennement. Nous vous proposons le produit adapt\u00e9 \u00e0 vos exigences individuelles.","og_url":"https:\/\/cardinal-tapes.com\/fr\/rubans-adhesifs-fr\/domaines-dapplication\/industrie-du-beton\/","og_site_name":"cardinal TAPES","article_modified_time":"2023-06-16T13:47:58+00:00","twitter_card":"summary_large_image","twitter_misc":{"Dur\u00e9e de lecture estim\u00e9e":"5 minutes"},"schema":{"@context":"https:\/\/schema.org","@graph":[{"@type":"WebPage","@id":"https:\/\/cardinal-tapes.com\/fr\/rubans-adhesifs-fr\/domaines-dapplication\/industrie-du-beton\/","url":"https:\/\/cardinal-tapes.com\/fr\/rubans-adhesifs-fr\/domaines-dapplication\/industrie-du-beton\/","name":"Rubans adh\u00e9sifs pour l'industrie du b\u00e9ton | cardinal TAPES","isPartOf":{"@id":"https:\/\/cardinal-tapes.com\/#website"},"datePublished":"2017-12-19T10:59:17+00:00","dateModified":"2023-06-16T13:47:58+00:00","description":"Dans l'industrie du b\u00e9ton, de nombreux rubans adh\u00e9sifs diff\u00e9rents sont utilis\u00e9s quotidiennement. Nous vous proposons le produit adapt\u00e9 \u00e0 vos exigences individuelles.","breadcrumb":{"@id":"https:\/\/cardinal-tapes.com\/fr\/rubans-adhesifs-fr\/domaines-dapplication\/industrie-du-beton\/#breadcrumb"},"inLanguage":"fr-FR","potentialAction":[{"@type":"ReadAction","target":["https:\/\/cardinal-tapes.com\/fr\/rubans-adhesifs-fr\/domaines-dapplication\/industrie-du-beton\/"]}]},{"@type":"BreadcrumbList","@id":"https:\/\/cardinal-tapes.com\/fr\/rubans-adhesifs-fr\/domaines-dapplication\/industrie-du-beton\/#breadcrumb","itemListElement":[{"@type":"ListItem","position":1,"name":"Startseite","item":"https:\/\/cardinal-tapes.com\/fr\/accueil\/"},{"@type":"ListItem","position":2,"name":"Rubans adh\u00e9sifs","item":"https:\/\/cardinal-tapes.com\/fr\/rubans-adhesifs-fr\/"},{"@type":"ListItem","position":3,"name":"Domaines d&#8217;application","item":"https:\/\/cardinal-tapes.com\/fr\/rubans-adhesifs-fr__trashed\/domaines-dapplication\/"},{"@type":"ListItem","position":4,"name":"Industrie du b\u00e9ton"}]},{"@type":"WebSite","@id":"https:\/\/cardinal-tapes.com\/#website","url":"https:\/\/cardinal-tapes.com\/","name":"cardinal TAPES","description":"Klebetechnik aus Wuppertal","potentialAction":[{"@type":"SearchAction","target":{"@type":"EntryPoint","urlTemplate":"https:\/\/cardinal-tapes.com\/?s={search_term_string}"},"query-input":{"@type":"PropertyValueSpecification","valueRequired":true,"valueName":"search_term_string"}}],"inLanguage":"fr-FR"}]}},"_links":{"self":[{"href":"https:\/\/cardinal-tapes.com\/fr\/wp-json\/wp\/v2\/pages\/32088","targetHints":{"allow":["GET"]}}],"collection":[{"href":"https:\/\/cardinal-tapes.com\/fr\/wp-json\/wp\/v2\/pages"}],"about":[{"href":"https:\/\/cardinal-tapes.com\/fr\/wp-json\/wp\/v2\/types\/page"}],"author":[{"embeddable":true,"href":"https:\/\/cardinal-tapes.com\/fr\/wp-json\/wp\/v2\/users\/1"}],"replies":[{"embeddable":true,"href":"https:\/\/cardinal-tapes.com\/fr\/wp-json\/wp\/v2\/comments?post=32088"}],"version-history":[{"count":0,"href":"https:\/\/cardinal-tapes.com\/fr\/wp-json\/wp\/v2\/pages\/32088\/revisions"}],"up":[{"embeddable":true,"href":"https:\/\/cardinal-tapes.com\/fr\/wp-json\/wp\/v2\/pages\/30752"}],"wp:attachment":[{"href":"https:\/\/cardinal-tapes.com\/fr\/wp-json\/wp\/v2\/media?parent=32088"}],"curies":[{"name":"wp","href":"https:\/\/api.w.org\/{rel}","templated":true}]}}