{"id":32034,"date":"2023-06-02T11:00:25","date_gmt":"2023-06-02T09:00:25","guid":{"rendered":"https:\/\/cardinal.pixel-tal.de\/rubans-adhesifs\/abc-du-ruban-adhesif\/bandes-depissure\/"},"modified":"2023-06-14T10:47:24","modified_gmt":"2023-06-14T08:47:24","slug":"bandes-depissure","status":"publish","type":"page","link":"https:\/\/cardinal-tapes.com\/fr\/rubans-adhesifs-fr\/abc-du-ruban-adhesif\/bandes-depissure\/","title":{"rendered":"Bandes d&#8217;\u00e9pissure"},"content":{"rendered":"<div id='av_section_1'  class='avia-section av-cf11r4-78ea89c911d3b94087a64883c4a07227 alternate_color avia-section-default avia-no-border-styling  avia-builder-el-0  el_before_av_section  avia-builder-el-first  avia-bg-style-scroll container_wrap fullsize'  ><div class='container av-section-cont-open' ><main  role=\"main\" itemprop=\"mainContentOfPage\"  class='template-page content  av-content-full alpha units'><div class='post-entry post-entry-type-page post-entry-32034'><div class='entry-content-wrapper clearfix'>\n<div  class='flex_column av-anbo0w-6e95f4ab7b25a13b1062d61678ead910 av_one_full  avia-builder-el-1  el_before_av_one_half  avia-builder-el-first  first flex_column_div  '     ><div class=\"pxl-headline pxl-hl hl-wrap | hl-sub--off hl--align-left hl--no-margin    \">\n        <div class=\"hl-inner\">\n            <h2 class=\"hl-main hl-line |  hl_main--default  \">Bandes d\u2019\u00e9pissure<\/h2>\n            \n    <\/div>\n<\/div><\/div><div  class='flex_column av-uu71c-11523b1f5b4835471c91f14657f1fd65 av_one_half  avia-builder-el-3  el_after_av_one_full  el_before_av_one_half  first flex_column_div  column-top-margin'     ><section  class='av_textblock_section av-13arjk-2386dc7fe07f812bbbfcddbfb8e735c8 '   itemscope=\"itemscope\" itemtype=\"https:\/\/schema.org\/CreativeWork\" ><div class='avia_textblock'  itemprop=\"text\" ><p>L&#8217;\u00e9pissage est surtout utilis\u00e9 dans l&#8217;<a href=\"\/klebebaender\/anwendungsgebiete\/papierherstellung\/\">industrie du papier<\/a>. Il s&#8217;agit d&#8217;assembler des bandes de papier ou de film \u00e0 l&#8217;aide de rubans adh\u00e9sifs. Pour cela, on utilise ce que l&#8217;on appelle des bandes d&#8217;\u00e9pissure. Ce type de <a href=\"\/klebebaender\/\">ruban adh\u00e9sif<\/a> se caract\u00e9rise notamment par une grande r\u00e9sistance \u00e0 la d\u00e9chirure dans le sens longitudinal et transversal, une grande r\u00e9sistance au cisaillement et une bonne r\u00e9sistance au vieillissement. Les bandes d&#8217;\u00e9pissure peuvent \u00eatre livr\u00e9es sur une ou deux faces.<\/p>\n<\/div><\/section><\/div><div  class='flex_column av-t71eo-3c11e1bf146e597108a89503bd728212 av_one_half  avia-builder-el-5  el_after_av_one_half  avia-builder-el-last  flex_column_div  column-top-margin'     ><section  class='av_textblock_section av-7h7q80-205c07b6560ce53991676da3bc6cfd6c '   itemscope=\"itemscope\" itemtype=\"https:\/\/schema.org\/CreativeWork\" ><div class='avia_textblock'  itemprop=\"text\" ><h4>Nos bandes d&#8217;\u00e9pissure<\/h4>\n<p>Gr\u00e2ce \u00e0 notre longue exp\u00e9rience, nous vous conseillons volontiers sur nos bandes d&#8217;\u00e9pissure. Nous \u00e9largissons constamment notre assortiment sur notre site web et pouvons ainsi proposer de nombreux types de rubans adh\u00e9sifs. En outre, nous confectionnons des bandes d&#8217;\u00e9pissure afin de pouvoir \u00eatre le partenaire id\u00e9al pour vous, m\u00eame en cas d&#8217;exigences sp\u00e9ciales. N&#8217;h\u00e9sitez pas \u00e0 contacter nos experts ou \u00e0 nous demander directement via notre demande de produits si la bande d&#8217;\u00e9pissure souhait\u00e9e n&#8217;est pas disponible sur notre site.<\/p>\n<\/div><\/section><\/div>\n\n<\/div><\/div><\/main><!-- close content main element --><\/div><\/div><div id='av_section_2'  class='avia-section av-5u6llc-33e94062c9129357f24adc08fa58c1f9 main_color avia-section-default avia-no-border-styling  avia-builder-el-7  el_after_av_section  avia-builder-el-last  gradient-section avia-bg-style-scroll container_wrap fullsize'  ><div class='container av-section-cont-open' ><div class='template-page content  av-content-full alpha units'><div class='post-entry post-entry-type-page post-entry-32034'><div class='entry-content-wrapper clearfix'>\n<div  class='flex_column av-3xybo0-ddcd01781ae3ad6afc1faeb236282f21 av_one_full  avia-builder-el-8  avia-builder-el-no-sibling  first flex_column_div  '     ><p><div class=\"pxl-headline pxl-hl hl-wrap | hl-sub--off hl--align-left hl--no-margin    \">\n        <div class=\"hl-inner\">\n            <h2 class=\"hl-main hl-line |  hl_main--default  \">Produits int\u00e9ressants<\/h2>\n            \n    <\/div>\n<\/div>\n<br \/>\n<div   data-autoplay=''  data-interval='5'  data-animation='fade'  data-hoverpause='1'  class='template-shop avia-content-slider avia-content-slider-active avia-product-slider1 avia-content-slider-even  avia-builder-el-10  el_after_pixel_sc_headline  el_before_av_button   shop_columns_4' ><div class='avia-content-slider-inner'><ul class=\"products slide-entry-wrap\"><li class=\"product type-product post-41247 status-publish first instock product_cat-ruban-depissure product_cat-industrie-textile product_cat-ruban-adhesif-non-tisse product_cat-rubans-adhesifs-double-face has-post-thumbnail taxable shipping-taxable purchasable product-type-variable\">\n\t<div class='inner_product main_color wrapped_style noLightbox  av-product-class-no_button'><a href=\"https:\/\/cardinal-tapes.com\/fr\/rubans-adh\u00e9sifs\/domaines-dapplication\/ruban-depissure\/ca-412-pv4-pet-bande-adhesive-fort-ouvert-faible\/\" class=\"woocommerce-LoopProduct-link woocommerce-loop-product__link\"><div class=\"thumbnail_container\"><img decoding=\"async\" loading=\"lazy\" width=\"450\" height=\"450\" src=\"https:\/\/cardinal-tapes.com\/wp-content\/uploads\/CA_438_retouched-450x450.jpg\" class=\"wp-image-27128 avia-img-lazy-loading-27128 attachment-shop_catalog size-shop_catalog wp-post-image\" alt=\"CA-412 PV4 Ruban adh\u00e9sif PET, fort (ouvert) \/ faible - double face, Film polyester, Acrylate - Illustration 27128\" srcset=\"https:\/\/cardinal-tapes.com\/wp-content\/uploads\/CA_438_retouched-450x450.jpg 450w, https:\/\/cardinal-tapes.com\/wp-content\/uploads\/CA_438_retouched-120x120.jpg 120w, https:\/\/cardinal-tapes.com\/wp-content\/uploads\/CA_438_retouched-80x80.jpg 80w, https:\/\/cardinal-tapes.com\/wp-content\/uploads\/CA_438_retouched-36x36.jpg 36w, https:\/\/cardinal-tapes.com\/wp-content\/uploads\/CA_438_retouched-180x180.jpg 180w, https:\/\/cardinal-tapes.com\/wp-content\/uploads\/CA_438_retouched-100x100.jpg 100w\" sizes=\"auto, (max-width: 450px) 100vw, 450px\" \/><\/div><div class='inner_product_header'><div class='avia-arrow'><\/div><div class='inner_product_header_table'><div class='inner_product_header_cell'><span class=\"is-h2 woocommerce-loop-product__title\">CA-412 PV4 Ruban adh\u00e9sif PET, fort (ouvert) \/ faible<\/span>\t\t<div class=\"product-infos\">\n\t\t\t\t\t\t\t<span class='product-infos__item'><b>Rev\u00eatement:<\/b> double face<\/span>\n\t\t\t\t\t\t\t\t\t\t<span class='product-infos__item'><b>Type de mat\u00e9riau:<\/b> Film polyester<\/span>\n\t\t\t\t\t\t\t\t\t\t<span class='product-infos__item'><b>Fabricant:<\/b> cardinal GmbH<\/span>\n\t\t\t\t\t\t\t\t\t\t<span class='product-infos__item'><b>Prix sur demande<\/b><\/span>\n\t\t\t\t\t<\/div>\n\t<\/div><\/div><\/div><\/a><\/div><\/li>\n<li class=\"product type-product post-45905 status-publish instock product_cat-impression-graphisme product_cat-ruban-depissure product_cat-industrie-textile product_cat-ruban-adhesif-non-tisse product_cat-rubans-adhesifs-double-face has-post-thumbnail taxable shipping-taxable purchasable product-type-variable\">\n\t<div class='inner_product main_color wrapped_style noLightbox  av-product-class-no_button'><a href=\"https:\/\/cardinal-tapes.com\/fr\/rubans-adh\u00e9sifs\/domaines-dapplication\/impression-graphisme\/ca-438-bande-adhesive-en-papier-non-tisse\/\" class=\"woocommerce-LoopProduct-link woocommerce-loop-product__link\"><div class=\"thumbnail_container\"><img decoding=\"async\" loading=\"lazy\" width=\"450\" height=\"450\" src=\"https:\/\/cardinal-tapes.com\/wp-content\/uploads\/CA_438_retouched-450x450.jpg\" class=\"wp-image-27128 avia-img-lazy-loading-27128 attachment-shop_catalog size-shop_catalog wp-post-image\" alt=\"CA-438 Ruban adh\u00e9sif en papier non tiss\u00e9 - double face, Papier, Acrylate de solvant - Illustration 27128\" srcset=\"https:\/\/cardinal-tapes.com\/wp-content\/uploads\/CA_438_retouched-450x450.jpg 450w, https:\/\/cardinal-tapes.com\/wp-content\/uploads\/CA_438_retouched-120x120.jpg 120w, https:\/\/cardinal-tapes.com\/wp-content\/uploads\/CA_438_retouched-80x80.jpg 80w, https:\/\/cardinal-tapes.com\/wp-content\/uploads\/CA_438_retouched-36x36.jpg 36w, https:\/\/cardinal-tapes.com\/wp-content\/uploads\/CA_438_retouched-180x180.jpg 180w, https:\/\/cardinal-tapes.com\/wp-content\/uploads\/CA_438_retouched-100x100.jpg 100w\" sizes=\"auto, (max-width: 450px) 100vw, 450px\" \/><\/div><div class='inner_product_header'><div class='avia-arrow'><\/div><div class='inner_product_header_table'><div class='inner_product_header_cell'><span class=\"is-h2 woocommerce-loop-product__title\">CA-438 Ruban adh\u00e9sif en papier non tiss\u00e9<\/span>\t\t<div class=\"product-infos\">\n\t\t\t\t\t\t\t<span class='product-infos__item'><b>Rev\u00eatement:<\/b> double face<\/span>\n\t\t\t\t\t\t\t\t\t\t<span class='product-infos__item'><b>Type de mat\u00e9riau:<\/b> Papier<\/span>\n\t\t\t\t\t\t\t\t\t\t<span class='product-infos__item'><b>Fabricant:<\/b> cardinal GmbH<\/span>\n\t\t\t\t\t\t\t\t\t\t<span class='product-infos__item'><b>Prix sur demande<\/b><\/span>\n\t\t\t\t\t<\/div>\n\t<\/div><\/div><\/div><\/a><\/div><\/li>\n<li class=\"product type-product post-44690 status-publish instock product_cat-impression-graphisme product_cat-industrie-du-papier product_cat-ruban-depissure product_cat-ruban-adhesif-non-tisse product_cat-rubans-adhesifs-double-face has-post-thumbnail taxable shipping-taxable purchasable product-type-variable\">\n\t<div class='inner_product main_color wrapped_style noLightbox  av-product-class-no_button'><a href=\"https:\/\/cardinal-tapes.com\/fr\/rubans-adh\u00e9sifs\/domaines-dapplication\/impression-graphisme\/ca-440-bande-adhesive-en-papier-non-tisse\/\" class=\"woocommerce-LoopProduct-link woocommerce-loop-product__link\"><div class=\"thumbnail_container\"><img decoding=\"async\" loading=\"lazy\" width=\"450\" height=\"450\" src=\"https:\/\/cardinal-tapes.com\/wp-content\/uploads\/CA-440-450x450.jpg\" class=\"wp-image-28892 avia-img-lazy-loading-28892 attachment-shop_catalog size-shop_catalog wp-post-image\" alt=\"CA-440 Ruban adh\u00e9sif en papier non tiss\u00e9 - double face, Papier non tiss\u00e9, Solvant acrylique - Illustration 28892\" srcset=\"https:\/\/cardinal-tapes.com\/wp-content\/uploads\/CA-440-450x450.jpg 450w, https:\/\/cardinal-tapes.com\/wp-content\/uploads\/CA-440-120x120.jpg 120w, https:\/\/cardinal-tapes.com\/wp-content\/uploads\/CA-440-80x80.jpg 80w, https:\/\/cardinal-tapes.com\/wp-content\/uploads\/CA-440-36x36.jpg 36w, https:\/\/cardinal-tapes.com\/wp-content\/uploads\/CA-440-180x180.jpg 180w, https:\/\/cardinal-tapes.com\/wp-content\/uploads\/CA-440-100x100.jpg 100w\" sizes=\"auto, (max-width: 450px) 100vw, 450px\" \/><\/div><div class='inner_product_header'><div class='avia-arrow'><\/div><div class='inner_product_header_table'><div class='inner_product_header_cell'><span class=\"is-h2 woocommerce-loop-product__title\">CA-440 Ruban adh\u00e9sif en papier non tiss\u00e9<\/span>\t\t<div class=\"product-infos\">\n\t\t\t\t\t\t\t<span class='product-infos__item'><b>Rev\u00eatement:<\/b> double face<\/span>\n\t\t\t\t\t\t\t\t\t\t<span class='product-infos__item'><b>Type de mat\u00e9riau:<\/b> Papier non tiss\u00e9<\/span>\n\t\t\t\t\t\t\t\t\t\t<span class='product-infos__item'><b>Fabricant:<\/b> cardinal GmbH<\/span>\n\t\t\t\t\t\t\t\t\t\t<span class='product-infos__item'><b>Prix sur demande<\/b><\/span>\n\t\t\t\t\t<\/div>\n\t<\/div><\/div><\/div><\/a><\/div><\/li>\n<\/ul><\/div><\/div><div class=\"clear\"><\/div><br \/>\n<div  class='avia-button-wrap av-3412sw-f69ffceac02e1e9f182f809afcc8074d-wrap avia-button-left '><a href='https:\/\/cardinal-tapes.com\/klebebaender\/'  class='avia-button av-3412sw-f69ffceac02e1e9f182f809afcc8074d avia-icon_select-no avia-size-medium avia-position-left avia-color-theme-color layout-border color-white'  ><span class='avia_iconbox_title' >Tous les produits<\/span><\/a><\/div><\/p><\/div>\n","protected":false},"excerpt":{"rendered":"","protected":false},"author":1,"featured_media":0,"parent":30749,"menu_order":32,"comment_status":"closed","ping_status":"closed","template":"","meta":{"_acf_changed":false,"footnotes":""},"class_list":["post-32034","page","type-page","status-publish","hentry"],"acf":[],"yoast_head":"<!-- This site is optimized with the Yoast SEO plugin v27.3 - https:\/\/yoast.com\/product\/yoast-seo-wordpress\/ -->\n<title>Bandes d&#039;\u00e9pissure - cardinal TAPES<\/title>\n<meta name=\"description\" content=\"L&#039;\u00e9pissage est surtout utilis\u00e9 dans l&#039;industrie du papier. Il s&#039;agit d&#039;assembler des bandes de papier ou de film \u00e0 l&#039;aide de rubans adh\u00e9sifs. Pour cela, on utilise ce que l&#039;on appelle des bandes d&#039;\u00e9pissure.\" \/>\n<meta name=\"robots\" content=\"index, follow, max-snippet:-1, max-image-preview:large, max-video-preview:-1\" \/>\n<link rel=\"canonical\" href=\"https:\/\/cardinal-tapes.com\/fr\/rubans-adhesifs-fr\/abc-du-ruban-adhesif\/bandes-depissure\/\" \/>\n<meta property=\"og:locale\" content=\"fr_FR\" \/>\n<meta property=\"og:type\" content=\"article\" \/>\n<meta property=\"og:title\" content=\"Bandes d&#039;\u00e9pissure - cardinal TAPES\" \/>\n<meta property=\"og:description\" content=\"L&#039;\u00e9pissage est surtout utilis\u00e9 dans l&#039;industrie du papier. Il s&#039;agit d&#039;assembler des bandes de papier ou de film \u00e0 l&#039;aide de rubans adh\u00e9sifs. Pour cela, on utilise ce que l&#039;on appelle des bandes d&#039;\u00e9pissure.\" \/>\n<meta property=\"og:url\" content=\"https:\/\/cardinal-tapes.com\/fr\/rubans-adhesifs-fr\/abc-du-ruban-adhesif\/bandes-depissure\/\" \/>\n<meta property=\"og:site_name\" content=\"cardinal TAPES\" \/>\n<meta property=\"article:modified_time\" content=\"2023-06-14T08:47:24+00:00\" \/>\n<meta name=\"twitter:card\" content=\"summary_large_image\" \/>\n<meta name=\"twitter:label1\" content=\"Dur\u00e9e de lecture estim\u00e9e\" \/>\n\t<meta name=\"twitter:data1\" content=\"14 minutes\" \/>\n<script type=\"application\/ld+json\" class=\"yoast-schema-graph\">{\"@context\":\"https:\\\/\\\/schema.org\",\"@graph\":[{\"@type\":\"WebPage\",\"@id\":\"https:\\\/\\\/cardinal-tapes.com\\\/fr\\\/rubans-adhesifs-fr\\\/abc-du-ruban-adhesif\\\/bandes-depissure\\\/\",\"url\":\"https:\\\/\\\/cardinal-tapes.com\\\/fr\\\/rubans-adhesifs-fr\\\/abc-du-ruban-adhesif\\\/bandes-depissure\\\/\",\"name\":\"Bandes d'\u00e9pissure - cardinal TAPES\",\"isPartOf\":{\"@id\":\"https:\\\/\\\/cardinal-tapes.com\\\/#website\"},\"datePublished\":\"2023-06-02T09:00:25+00:00\",\"dateModified\":\"2023-06-14T08:47:24+00:00\",\"description\":\"L'\u00e9pissage est surtout utilis\u00e9 dans l'industrie du papier. Il s'agit d'assembler des bandes de papier ou de film \u00e0 l'aide de rubans adh\u00e9sifs. Pour cela, on utilise ce que l'on appelle des bandes d'\u00e9pissure.\",\"breadcrumb\":{\"@id\":\"https:\\\/\\\/cardinal-tapes.com\\\/fr\\\/rubans-adhesifs-fr\\\/abc-du-ruban-adhesif\\\/bandes-depissure\\\/#breadcrumb\"},\"inLanguage\":\"fr-FR\",\"potentialAction\":[{\"@type\":\"ReadAction\",\"target\":[\"https:\\\/\\\/cardinal-tapes.com\\\/fr\\\/rubans-adhesifs-fr\\\/abc-du-ruban-adhesif\\\/bandes-depissure\\\/\"]}]},{\"@type\":\"BreadcrumbList\",\"@id\":\"https:\\\/\\\/cardinal-tapes.com\\\/fr\\\/rubans-adhesifs-fr\\\/abc-du-ruban-adhesif\\\/bandes-depissure\\\/#breadcrumb\",\"itemListElement\":[{\"@type\":\"ListItem\",\"position\":1,\"name\":\"Startseite\",\"item\":\"https:\\\/\\\/cardinal-tapes.com\\\/fr\\\/accueil\\\/\"},{\"@type\":\"ListItem\",\"position\":2,\"name\":\"Rubans adh\u00e9sifs\",\"item\":\"https:\\\/\\\/cardinal-tapes.com\\\/fr\\\/rubans-adhesifs-fr\\\/\"},{\"@type\":\"ListItem\",\"position\":3,\"name\":\"ABC du ruban adh\u00e9sif\",\"item\":\"https:\\\/\\\/cardinal-tapes.com\\\/fr\\\/rubans-adhesifs-fr__trashed\\\/abc-du-ruban-adhesif\\\/\"},{\"@type\":\"ListItem\",\"position\":4,\"name\":\"Bandes d&#8217;\u00e9pissure\"}]},{\"@type\":\"WebSite\",\"@id\":\"https:\\\/\\\/cardinal-tapes.com\\\/#website\",\"url\":\"https:\\\/\\\/cardinal-tapes.com\\\/\",\"name\":\"cardinal TAPES\",\"description\":\"Klebetechnik aus Wuppertal\",\"potentialAction\":[{\"@type\":\"SearchAction\",\"target\":{\"@type\":\"EntryPoint\",\"urlTemplate\":\"https:\\\/\\\/cardinal-tapes.com\\\/?s={search_term_string}\"},\"query-input\":{\"@type\":\"PropertyValueSpecification\",\"valueRequired\":true,\"valueName\":\"search_term_string\"}}],\"inLanguage\":\"fr-FR\"}]}<\/script>\n<!-- \/ Yoast SEO plugin. -->","yoast_head_json":{"title":"Bandes d'\u00e9pissure - cardinal TAPES","description":"L'\u00e9pissage est surtout utilis\u00e9 dans l'industrie du papier. Il s'agit d'assembler des bandes de papier ou de film \u00e0 l'aide de rubans adh\u00e9sifs. Pour cela, on utilise ce que l'on appelle des bandes d'\u00e9pissure.","robots":{"index":"index","follow":"follow","max-snippet":"max-snippet:-1","max-image-preview":"max-image-preview:large","max-video-preview":"max-video-preview:-1"},"canonical":"https:\/\/cardinal-tapes.com\/fr\/rubans-adhesifs-fr\/abc-du-ruban-adhesif\/bandes-depissure\/","og_locale":"fr_FR","og_type":"article","og_title":"Bandes d'\u00e9pissure - cardinal TAPES","og_description":"L'\u00e9pissage est surtout utilis\u00e9 dans l'industrie du papier. Il s'agit d'assembler des bandes de papier ou de film \u00e0 l'aide de rubans adh\u00e9sifs. Pour cela, on utilise ce que l'on appelle des bandes d'\u00e9pissure.","og_url":"https:\/\/cardinal-tapes.com\/fr\/rubans-adhesifs-fr\/abc-du-ruban-adhesif\/bandes-depissure\/","og_site_name":"cardinal TAPES","article_modified_time":"2023-06-14T08:47:24+00:00","twitter_card":"summary_large_image","twitter_misc":{"Dur\u00e9e de lecture estim\u00e9e":"14 minutes"},"schema":{"@context":"https:\/\/schema.org","@graph":[{"@type":"WebPage","@id":"https:\/\/cardinal-tapes.com\/fr\/rubans-adhesifs-fr\/abc-du-ruban-adhesif\/bandes-depissure\/","url":"https:\/\/cardinal-tapes.com\/fr\/rubans-adhesifs-fr\/abc-du-ruban-adhesif\/bandes-depissure\/","name":"Bandes d'\u00e9pissure - cardinal TAPES","isPartOf":{"@id":"https:\/\/cardinal-tapes.com\/#website"},"datePublished":"2023-06-02T09:00:25+00:00","dateModified":"2023-06-14T08:47:24+00:00","description":"L'\u00e9pissage est surtout utilis\u00e9 dans l'industrie du papier. Il s'agit d'assembler des bandes de papier ou de film \u00e0 l'aide de rubans adh\u00e9sifs. Pour cela, on utilise ce que l'on appelle des bandes d'\u00e9pissure.","breadcrumb":{"@id":"https:\/\/cardinal-tapes.com\/fr\/rubans-adhesifs-fr\/abc-du-ruban-adhesif\/bandes-depissure\/#breadcrumb"},"inLanguage":"fr-FR","potentialAction":[{"@type":"ReadAction","target":["https:\/\/cardinal-tapes.com\/fr\/rubans-adhesifs-fr\/abc-du-ruban-adhesif\/bandes-depissure\/"]}]},{"@type":"BreadcrumbList","@id":"https:\/\/cardinal-tapes.com\/fr\/rubans-adhesifs-fr\/abc-du-ruban-adhesif\/bandes-depissure\/#breadcrumb","itemListElement":[{"@type":"ListItem","position":1,"name":"Startseite","item":"https:\/\/cardinal-tapes.com\/fr\/accueil\/"},{"@type":"ListItem","position":2,"name":"Rubans adh\u00e9sifs","item":"https:\/\/cardinal-tapes.com\/fr\/rubans-adhesifs-fr\/"},{"@type":"ListItem","position":3,"name":"ABC du ruban adh\u00e9sif","item":"https:\/\/cardinal-tapes.com\/fr\/rubans-adhesifs-fr__trashed\/abc-du-ruban-adhesif\/"},{"@type":"ListItem","position":4,"name":"Bandes d&#8217;\u00e9pissure"}]},{"@type":"WebSite","@id":"https:\/\/cardinal-tapes.com\/#website","url":"https:\/\/cardinal-tapes.com\/","name":"cardinal TAPES","description":"Klebetechnik aus Wuppertal","potentialAction":[{"@type":"SearchAction","target":{"@type":"EntryPoint","urlTemplate":"https:\/\/cardinal-tapes.com\/?s={search_term_string}"},"query-input":{"@type":"PropertyValueSpecification","valueRequired":true,"valueName":"search_term_string"}}],"inLanguage":"fr-FR"}]}},"_links":{"self":[{"href":"https:\/\/cardinal-tapes.com\/fr\/wp-json\/wp\/v2\/pages\/32034","targetHints":{"allow":["GET"]}}],"collection":[{"href":"https:\/\/cardinal-tapes.com\/fr\/wp-json\/wp\/v2\/pages"}],"about":[{"href":"https:\/\/cardinal-tapes.com\/fr\/wp-json\/wp\/v2\/types\/page"}],"author":[{"embeddable":true,"href":"https:\/\/cardinal-tapes.com\/fr\/wp-json\/wp\/v2\/users\/1"}],"replies":[{"embeddable":true,"href":"https:\/\/cardinal-tapes.com\/fr\/wp-json\/wp\/v2\/comments?post=32034"}],"version-history":[{"count":0,"href":"https:\/\/cardinal-tapes.com\/fr\/wp-json\/wp\/v2\/pages\/32034\/revisions"}],"up":[{"embeddable":true,"href":"https:\/\/cardinal-tapes.com\/fr\/wp-json\/wp\/v2\/pages\/30749"}],"wp:attachment":[{"href":"https:\/\/cardinal-tapes.com\/fr\/wp-json\/wp\/v2\/media?parent=32034"}],"curies":[{"name":"wp","href":"https:\/\/api.w.org\/{rel}","templated":true}]}}