{"id":31991,"date":"2017-12-19T11:58:36","date_gmt":"2017-12-19T10:58:36","guid":{"rendered":"https:\/\/cardinal.pixel-tal.de\/rubans-adhesifs\/domaines-dapplication\/technique-evenementielle\/"},"modified":"2023-06-14T10:40:36","modified_gmt":"2023-06-14T08:40:36","slug":"technique-evenementielle","status":"publish","type":"page","link":"https:\/\/cardinal-tapes.com\/fr\/rubans-adhesifs-fr\/domaines-dapplication\/technique-evenementielle\/","title":{"rendered":"Technique \u00e9v\u00e9nementielle"},"content":{"rendered":"\t\t\t<div class=\"headerimage-section has-image  \">\n\t\t\t\t\t\t\t\t\t\t\t\t<div class=\"headerimage__bg overlay\" style=\"background-image: url('https:\/\/cardinal-tapes.com\/wp-content\/uploads\/cardinal_kopfbild_messe-veranstaltungstechnik-scaled.jpg'); background-repeat: no-repeat; background-position: center; background-size: cover;\"><\/div>\n\t\t\t\t\t\t\t\t\t\t\t\t<div class=\"container\">\n\t\t\t\t\t<div class=\"headerimage__inner\">\n\t\t\t\t\t\t<h1 class=\"headerimage__headline\">Rubans adh\u00e9sifs et syst\u00e8mes de collage<\/h1>\t\t\t\t\t\t<span class=\"headerimage__subheadline\">pour l\u2019\u00e9v\u00e9nementiel<\/span>\t\t\t\t\t\t\t\t\t\t\t<\/div>\n\t\t\t\t\t\t\t\t\t<\/div>\n\t\t\t<\/div>\n\t\t\t\n<\/div><\/div><\/div><!-- close content main div --><\/div><\/div><div id='av_section_1'  class='avia-section av-uqack-d6b56f9a46f9b68bc2a141da7778fd8b alternate_color avia-section-default avia-no-border-styling  avia-builder-el-1  el_after_pixel_headimage  el_before_av_section  avia-bg-style-scroll container_wrap fullsize'  ><div class='container av-section-cont-open' ><div class='template-page content  av-content-full alpha units'><div class='post-entry post-entry-type-page post-entry-31991'><div class='entry-content-wrapper clearfix'>\n<div  class='flex_column av-pe4ws-a755089fbec93f4091da38dcf7e741bf av_two_third  avia-builder-el-2  avia-builder-el-no-sibling  max-width-col-two-third first flex_column_div av-animated-generic left-to-right  '     ><p><div class=\"pxl-headline pxl-hl hl-wrap | hl-sub--bot hl--align-left hl--std-margin    \">\n        <div class=\"hl-inner\">\n            <h2 class=\"hl-main hl-line |  hl_main--default  \">Rubans adh\u00e9sifs pour l\u2019\u00e9v\u00e9nementiel<\/h2>\n            <span class=\"hl-sub hl-line |  hl_sub--default  \">Lorem ipsum Dolor sit amet<\/span>\n    <\/div>\n<\/div>\n<br \/>\n<section  class='av_textblock_section av-lhowqmir-cb7b032e4ce17bf69bc697a1ad7f0724 '   itemscope=\"itemscope\" itemtype=\"https:\/\/schema.org\/CreativeWork\" ><div class='avia_textblock'  itemprop=\"text\" ><p>Pour vous, en tant qu&#8217;organisateur ou exposant, en tant qu&#8217;organisateur ou monteur, cardinal TAPES propose diff\u00e9rentes solutions de syst\u00e8mes adh\u00e9sifs. Avec nos produits, nous couvrons vos besoins dans les domaines d&#8217;application de la fixation, du marquage et de l&#8217;emballage. Nous assurons un montage plus rapide, des co\u00fbts de nettoyage r\u00e9duits et un enl\u00e8vement propre dans le domaine de l&#8217;\u00e9v\u00e9nementiel. En effet, qui a envie de gratter le ruban adh\u00e9sif sur les objets apr\u00e8s une longue manifestation ? Exactement, personne !<\/p>\n<p>Dans le domaine de la technique \u00e9v\u00e9nementielle, les rubans <a title=\"Rubans adh\u00e9sifs double face de cardinal TAPES \u00e0 Wuppertal en Allemagne\" href=\"https:\/\/cardinal-tapes.com\/fr\/catgorie\/rubans-adhesifs-double-face\/\">adh\u00e9sifs double face<\/a> sont utilis\u00e9s comme <a title=\"Cardinal GmbH - Ruban adh\u00e9sif de marquage au sol - Apprenez-en plus ici !\" href=\"https:\/\/cardinal-tapes.com\/fr\/rubans-adhesifs-fr\/abc-du-ruban-adhesif\/\">rubans de pose ou rubans adh\u00e9sifs pour tapis<\/a> afin de pouvoir les retirer sans probl\u00e8me et sans laisser de traces apr\u00e8s l&#8217;\u00e9v\u00e9nement. Un adh\u00e9sif \u00e0 faible adh\u00e9rence est n\u00e9cessaire, par exemple, si l&#8217;on souhaite corriger \u00e0 nouveau la position incorrecte d&#8217;un ruban adh\u00e9sif ou, comme c&#8217;est g\u00e9n\u00e9ralement le cas lors d&#8217;un \u00e9v\u00e9nement, si l&#8217;adh\u00e9sif ne doit adh\u00e9rer que pendant une courte dur\u00e9e.<\/p>\n<p>En ce qui concerne la technique de collage, nous proposons des solutions de produits innovantes et orient\u00e9es vers le client pour la fixation des bords de tapis, des bandes de marquage ou pour les applications de montage. Nous vous aidons volontiers \u00e0 choisir le bon ruban adh\u00e9sif.<\/p>\n<p>Si vous avez d&#8217;autres questions, vous pouvez utiliser notre <a title=\"Formulaire de contact cardinal TAPES\" href=\"\/ueber-cardinal\/kontakt\/\">formulaire de contact<\/a> ou nous contacter <a class=\"telelink\" title=\"Contactez nos interlocuteurs pour un conseil professionnel\" href=\"tel:+490202266850\" target=\"_blank\" rel=\"nofollow\">par t\u00e9l\u00e9phone<\/a> pendant les jours ouvrables et nous vous conseillerons gratuitement.<\/p>\n<\/div><\/section><\/p><\/div>\n\n<\/div><\/div><\/div><!-- close content main div --><\/div><\/div><div id='av_section_2'  class='avia-section av-k7n6c-708bfa9267c95e4d3a3ea6826933a694 main_color avia-section-default avia-no-border-styling  avia-builder-el-5  el_after_av_section  avia-builder-el-last  gradient-section avia-bg-style-scroll container_wrap fullsize'  ><div class='container av-section-cont-open' ><div class='template-page content  av-content-full alpha units'><div class='post-entry post-entry-type-page post-entry-31991'><div class='entry-content-wrapper clearfix'>\n<div  class='flex_column av-1rizw-49e4427b5d48846dec448915499b35d2 av_one_full  avia-builder-el-6  avia-builder-el-no-sibling  first flex_column_div av-animated-generic left-to-right  '     ><p><div class=\"pxl-headline pxl-hl hl-wrap | hl-sub--bot hl--align-left hl--no-margin    \">\n        <div class=\"hl-inner\">\n            <h2 class=\"hl-main hl-line |  hl_main--default  \">Points forts du produit<\/h2>\n            <span class=\"hl-sub hl-line |  hl_sub--default  \">Lorem ipsum Dolor sit amet<\/span>\n    <\/div>\n<\/div>\n<br \/>\n<div   data-autoplay=''  data-interval='5'  data-animation='fade'  data-hoverpause='1'  class='template-shop avia-content-slider avia-content-slider-active avia-product-slider1 avia-content-slider-even  avia-builder-el-8  el_after_pixel_sc_headline  el_before_av_button   shop_columns_4' ><div class='avia-content-slider-inner'><ul class=\"products slide-entry-wrap\"><li class=\"product type-product post-37523 status-publish first instock product_cat-impression-graphisme product_cat-industrie-du-papier product_cat-industrie-textile product_cat-rubans-adhesifs-double-face has-post-thumbnail taxable shipping-taxable purchasable product-type-variable\">\n\t<div class='inner_product main_color wrapped_style noLightbox  av-product-class-no_button'><a href=\"https:\/\/cardinal-tapes.com\/fr\/rubans-adh\u00e9sifs\/domaines-dapplication\/impression-graphisme\/ca-43-bande-adhesive-en-papier-non-tisse\/\" class=\"woocommerce-LoopProduct-link woocommerce-loop-product__link\"><div class=\"thumbnail_container\"><img decoding=\"async\" loading=\"lazy\" width=\"450\" height=\"450\" src=\"https:\/\/cardinal-tapes.com\/wp-content\/uploads\/CA_43-2_retouched-450x450.jpg\" class=\"wp-image-27096 avia-img-lazy-loading-27096 attachment-shop_catalog size-shop_catalog wp-post-image\" alt=\"CA-43 Ruban adh\u00e9sif en papier non tiss\u00e9 - double face, Papier non tiss\u00e9, Caoutchouc synth\u00e9tique - Illustration 27096\" srcset=\"https:\/\/cardinal-tapes.com\/wp-content\/uploads\/CA_43-2_retouched-450x450.jpg 450w, https:\/\/cardinal-tapes.com\/wp-content\/uploads\/CA_43-2_retouched-120x120.jpg 120w, https:\/\/cardinal-tapes.com\/wp-content\/uploads\/CA_43-2_retouched-80x80.jpg 80w, https:\/\/cardinal-tapes.com\/wp-content\/uploads\/CA_43-2_retouched-36x36.jpg 36w, https:\/\/cardinal-tapes.com\/wp-content\/uploads\/CA_43-2_retouched-180x180.jpg 180w, https:\/\/cardinal-tapes.com\/wp-content\/uploads\/CA_43-2_retouched-100x100.jpg 100w\" sizes=\"auto, (max-width: 450px) 100vw, 450px\" \/><\/div><div class='inner_product_header'><div class='avia-arrow'><\/div><div class='inner_product_header_table'><div class='inner_product_header_cell'><span class=\"is-h2 woocommerce-loop-product__title\">CA-43 Ruban adh\u00e9sif en papier non tiss\u00e9<\/span>\t\t<div class=\"product-infos\">\n\t\t\t\t\t\t\t<span class='product-infos__item'><b>Rev\u00eatement:<\/b> double face<\/span>\n\t\t\t\t\t\t\t\t\t\t<span class='product-infos__item'><b>Type de mat\u00e9riau:<\/b> Papier non tiss\u00e9<\/span>\n\t\t\t\t\t\t\t\t\t\t<span class='product-infos__item'><b>Fabricant:<\/b> cardinal GmbH<\/span>\n\t\t\t\t\t\t\t\t\t\t<span class='product-infos__item'><b>Prix sur demande<\/b><\/span>\n\t\t\t\t\t<\/div>\n\t<\/div><\/div><\/div><\/a><\/div><\/li>\n<li class=\"product type-product post-43998 status-publish instock product_cat-rubans-adhesifs-double-face has-post-thumbnail taxable shipping-taxable purchasable product-type-variable\">\n\t<div class='inner_product main_color wrapped_style noLightbox  av-product-class-no_button'><a href=\"https:\/\/cardinal-tapes.com\/fr\/rubans-adh\u00e9sifs\/rubans-adhesifs-double-face\/ca-412-pet-bande-adhesive-fort-ouvert-faible\/\" class=\"woocommerce-LoopProduct-link woocommerce-loop-product__link\"><div class=\"thumbnail_container\"><img decoding=\"async\" loading=\"lazy\" width=\"380\" height=\"380\" src=\"https:\/\/cardinal-tapes.com\/wp-content\/uploads\/ca_420_19x50mm.jpg\" class=\"wp-image-81355 avia-img-lazy-loading-81355 attachment-shop_catalog size-shop_catalog wp-post-image\" alt=\"CA-412 PV1 Ruban adh\u00e9sif PET, fort (ouvert) \/ faible - double face, Film PET, Acrylate de dispersion, Acrylate de solvant - Illustration 81355\" srcset=\"https:\/\/cardinal-tapes.com\/wp-content\/uploads\/ca_420_19x50mm.jpg 380w, https:\/\/cardinal-tapes.com\/wp-content\/uploads\/ca_420_19x50mm-200x200.jpg 200w, https:\/\/cardinal-tapes.com\/wp-content\/uploads\/ca_420_19x50mm-80x80.jpg 80w, https:\/\/cardinal-tapes.com\/wp-content\/uploads\/ca_420_19x50mm-36x36.jpg 36w, https:\/\/cardinal-tapes.com\/wp-content\/uploads\/ca_420_19x50mm-180x180.jpg 180w, https:\/\/cardinal-tapes.com\/wp-content\/uploads\/ca_420_19x50mm-120x120.jpg 120w, https:\/\/cardinal-tapes.com\/wp-content\/uploads\/ca_420_19x50mm-100x100.jpg 100w\" sizes=\"auto, (max-width: 380px) 100vw, 380px\" \/><\/div><div class='inner_product_header'><div class='avia-arrow'><\/div><div class='inner_product_header_table'><div class='inner_product_header_cell'><span class=\"is-h2 woocommerce-loop-product__title\">CA-412 PV1 Ruban adh\u00e9sif PET, fort (ouvert) \/ faible<\/span>\t\t<div class=\"product-infos\">\n\t\t\t\t\t\t\t<span class='product-infos__item'><b>Rev\u00eatement:<\/b> double face<\/span>\n\t\t\t\t\t\t\t\t\t\t<span class='product-infos__item'><b>Type de mat\u00e9riau:<\/b> Film PET<\/span>\n\t\t\t\t\t\t\t\t\t\t<span class='product-infos__item'><b>Fabricant:<\/b> cardinal GmbH<\/span>\n\t\t\t\t\t\t\t\t\t\t<span class='product-infos__item'><b>Prix sur demande<\/b><\/span>\n\t\t\t\t\t<\/div>\n\t<\/div><\/div><\/div><\/a><\/div><\/li>\n<li class=\"product type-product post-37510 status-publish instock product_cat-systemes-demballage product_cat-rubans-adhesifs-simple-face product_cat-film-pp-fr has-post-thumbnail taxable shipping-taxable purchasable product-type-variable\">\n\t<div class='inner_product main_color wrapped_style noLightbox  av-product-class-no_button'><a href=\"https:\/\/cardinal-tapes.com\/fr\/rubans-adh\u00e9sifs\/rubans-adhesifs-simple-face\/film-pp-fr\/tesa-pack-4024\/\" class=\"woocommerce-LoopProduct-link woocommerce-loop-product__link\"><div class=\"thumbnail_container\"><img decoding=\"async\" loading=\"lazy\" width=\"450\" height=\"354\" src=\"https:\/\/cardinal-tapes.com\/wp-content\/uploads\/tesa-04024mu84-15-pa-002-fullsize171322_canvas1x1_5-450x354.jpg\" class=\"wp-image-28304 avia-img-lazy-loading-28304 attachment-shop_catalog size-shop_catalog wp-post-image\" alt=\"tesapack\u00ae 4024 PV4 Ruban adh\u00e9sif d&#039;emballage - d&#039;un c\u00f4t\u00e9, Film PP, Acrylate - Illustration 28304\" \/><\/div><div class='inner_product_header'><div class='avia-arrow'><\/div><div class='inner_product_header_table'><div class='inner_product_header_cell'><span class=\"is-h2 woocommerce-loop-product__title\">tesapack\u00ae 4024 PV4 Ruban adh\u00e9sif d&#8217;emballage<\/span>\t\t<div class=\"product-infos\">\n\t\t\t\t\t\t\t<span class='product-infos__item'><b>Rev\u00eatement:<\/b> d'un c\u00f4t\u00e9<\/span>\n\t\t\t\t\t\t\t\t\t\t<span class='product-infos__item'><b>Type de mat\u00e9riau:<\/b> Film PP<\/span>\n\t\t\t\t\t\t\t\t\t\t<span class='product-infos__item'><b>Fabricant:<\/b> tesa<\/span>\n\t\t\t\t\t\t\t\t\t\t<span class='product-infos__item'><b>Prix sur demande<\/b><\/span>\n\t\t\t\t\t<\/div>\n\t<\/div><\/div><\/div><\/a><\/div><\/li>\n<li class=\"product type-product post-37488 status-publish last instock product_cat-rubans-adhesifs-simple-face has-post-thumbnail taxable shipping-taxable purchasable product-type-variable\">\n\t<div class='inner_product main_color wrapped_style noLightbox  av-product-class-no_button'><a href=\"https:\/\/cardinal-tapes.com\/fr\/rubans-adh\u00e9sifs\/rubans-adhesifs-simple-face\/tesa-4432-bande-de-masquage-speciale\/\" class=\"woocommerce-LoopProduct-link woocommerce-loop-product__link\"><div class=\"thumbnail_container\"><img decoding=\"async\" loading=\"lazy\" width=\"450\" height=\"450\" src=\"https:\/\/cardinal-tapes.com\/wp-content\/uploads\/tesa-04432-450x450.jpg\" class=\"wp-image-26068 avia-img-lazy-loading-26068 attachment-shop_catalog size-shop_catalog wp-post-image\" alt=\"tesakrepp\u00ae 4432 Ruban de masquage sp\u00e9cial - d&#039;un c\u00f4t\u00e9, Papier, Caoutchouc naturel - Illustration 26068\" srcset=\"https:\/\/cardinal-tapes.com\/wp-content\/uploads\/tesa-04432-450x450.jpg 450w, https:\/\/cardinal-tapes.com\/wp-content\/uploads\/tesa-04432-120x120.jpg 120w, https:\/\/cardinal-tapes.com\/wp-content\/uploads\/tesa-04432-80x80.jpg 80w, https:\/\/cardinal-tapes.com\/wp-content\/uploads\/tesa-04432-200x200.jpg 200w, https:\/\/cardinal-tapes.com\/wp-content\/uploads\/tesa-04432-36x36.jpg 36w, https:\/\/cardinal-tapes.com\/wp-content\/uploads\/tesa-04432-180x180.jpg 180w, https:\/\/cardinal-tapes.com\/wp-content\/uploads\/tesa-04432-100x100.jpg 100w, https:\/\/cardinal-tapes.com\/wp-content\/uploads\/tesa-04432.jpg 600w\" sizes=\"auto, (max-width: 450px) 100vw, 450px\" \/><\/div><div class='inner_product_header'><div class='avia-arrow'><\/div><div class='inner_product_header_table'><div class='inner_product_header_cell'><span class=\"is-h2 woocommerce-loop-product__title\">tesakrepp\u00ae 4432 Ruban de masquage sp\u00e9cial<\/span>\t\t<div class=\"product-infos\">\n\t\t\t\t\t\t\t<span class='product-infos__item'><b>Rev\u00eatement:<\/b> d'un c\u00f4t\u00e9<\/span>\n\t\t\t\t\t\t\t\t\t\t<span class='product-infos__item'><b>Type de mat\u00e9riau:<\/b> Papier<\/span>\n\t\t\t\t\t\t\t\t\t\t<span class='product-infos__item'><b>Fabricant:<\/b> tesa<\/span>\n\t\t\t\t\t\t\t\t\t\t<span class='product-infos__item'><b>Prix sur demande<\/b><\/span>\n\t\t\t\t\t<\/div>\n\t<\/div><\/div><\/div><\/a><\/div><\/li>\n<\/ul><\/div><\/div><div class=\"clear\"><\/div><br \/>\n<div  class='avia-button-wrap av-9wxhw-658470c3dedcaefa4d636cdf9aa7eba9-wrap avia-button-left '><a href='https:\/\/cardinal-tapes.com\/klebebaender\/'  class='avia-button av-9wxhw-658470c3dedcaefa4d636cdf9aa7eba9 avia-icon_select-no avia-size-medium avia-position-left avia-color-theme-color layout-border color-white'  ><span class='avia_iconbox_title' >Tous les produits<\/span><\/a><\/div><\/p><\/div>\n","protected":false},"excerpt":{"rendered":"","protected":false},"author":1,"featured_media":0,"parent":30752,"menu_order":10,"comment_status":"closed","ping_status":"closed","template":"","meta":{"_acf_changed":false,"footnotes":""},"class_list":["post-31991","page","type-page","status-publish","hentry"],"acf":[],"yoast_head":"<!-- This site is optimized with the Yoast SEO plugin v27.4 - https:\/\/yoast.com\/product\/yoast-seo-wordpress\/ -->\n<title>Rubans adh\u00e9sifs pour l&#039;\u00e9v\u00e9nementiel | cardinal TAPES<\/title>\n<meta name=\"description\" content=\"Pour vous, en tant qu&#039;organisateur ou exposant, en tant qu&#039;organisateur ou monteur, cardinal TAPES propose diff\u00e9rentes solutions de syst\u00e8mes adh\u00e9sifs. En savoir plus.\" \/>\n<meta name=\"robots\" content=\"index, follow, max-snippet:-1, max-image-preview:large, max-video-preview:-1\" \/>\n<link rel=\"canonical\" href=\"https:\/\/cardinal-tapes.com\/fr\/rubans-adhesifs-fr\/domaines-dapplication\/technique-evenementielle\/\" \/>\n<meta property=\"og:locale\" content=\"fr_FR\" \/>\n<meta property=\"og:type\" content=\"article\" \/>\n<meta property=\"og:title\" content=\"Rubans adh\u00e9sifs pour l&#039;\u00e9v\u00e9nementiel | cardinal TAPES\" \/>\n<meta property=\"og:description\" content=\"Pour vous, en tant qu&#039;organisateur ou exposant, en tant qu&#039;organisateur ou monteur, cardinal TAPES propose diff\u00e9rentes solutions de syst\u00e8mes adh\u00e9sifs. En savoir plus.\" \/>\n<meta property=\"og:url\" content=\"https:\/\/cardinal-tapes.com\/fr\/rubans-adhesifs-fr\/domaines-dapplication\/technique-evenementielle\/\" \/>\n<meta property=\"og:site_name\" content=\"cardinal TAPES\" \/>\n<meta property=\"article:modified_time\" content=\"2023-06-14T08:40:36+00:00\" \/>\n<meta name=\"twitter:card\" content=\"summary_large_image\" \/>\n<meta name=\"twitter:label1\" content=\"Dur\u00e9e de lecture estim\u00e9e\" \/>\n\t<meta name=\"twitter:data1\" content=\"11 minutes\" \/>\n<script type=\"application\/ld+json\" class=\"yoast-schema-graph\">{\"@context\":\"https:\\\/\\\/schema.org\",\"@graph\":[{\"@type\":\"WebPage\",\"@id\":\"https:\\\/\\\/cardinal-tapes.com\\\/fr\\\/rubans-adhesifs-fr\\\/domaines-dapplication\\\/technique-evenementielle\\\/\",\"url\":\"https:\\\/\\\/cardinal-tapes.com\\\/fr\\\/rubans-adhesifs-fr\\\/domaines-dapplication\\\/technique-evenementielle\\\/\",\"name\":\"Rubans adh\u00e9sifs pour l'\u00e9v\u00e9nementiel | cardinal TAPES\",\"isPartOf\":{\"@id\":\"https:\\\/\\\/cardinal-tapes.com\\\/#website\"},\"datePublished\":\"2017-12-19T10:58:36+00:00\",\"dateModified\":\"2023-06-14T08:40:36+00:00\",\"description\":\"Pour vous, en tant qu'organisateur ou exposant, en tant qu'organisateur ou monteur, cardinal TAPES propose diff\u00e9rentes solutions de syst\u00e8mes adh\u00e9sifs. En savoir plus.\",\"breadcrumb\":{\"@id\":\"https:\\\/\\\/cardinal-tapes.com\\\/fr\\\/rubans-adhesifs-fr\\\/domaines-dapplication\\\/technique-evenementielle\\\/#breadcrumb\"},\"inLanguage\":\"fr-FR\",\"potentialAction\":[{\"@type\":\"ReadAction\",\"target\":[\"https:\\\/\\\/cardinal-tapes.com\\\/fr\\\/rubans-adhesifs-fr\\\/domaines-dapplication\\\/technique-evenementielle\\\/\"]}]},{\"@type\":\"BreadcrumbList\",\"@id\":\"https:\\\/\\\/cardinal-tapes.com\\\/fr\\\/rubans-adhesifs-fr\\\/domaines-dapplication\\\/technique-evenementielle\\\/#breadcrumb\",\"itemListElement\":[{\"@type\":\"ListItem\",\"position\":1,\"name\":\"Startseite\",\"item\":\"https:\\\/\\\/cardinal-tapes.com\\\/fr\\\/accueil\\\/\"},{\"@type\":\"ListItem\",\"position\":2,\"name\":\"Rubans adh\u00e9sifs\",\"item\":\"https:\\\/\\\/cardinal-tapes.com\\\/fr\\\/rubans-adhesifs-fr\\\/\"},{\"@type\":\"ListItem\",\"position\":3,\"name\":\"Domaines d&#8217;application\",\"item\":\"https:\\\/\\\/cardinal-tapes.com\\\/fr\\\/rubans-adhesifs-fr__trashed\\\/domaines-dapplication\\\/\"},{\"@type\":\"ListItem\",\"position\":4,\"name\":\"Technique \u00e9v\u00e9nementielle\"}]},{\"@type\":\"WebSite\",\"@id\":\"https:\\\/\\\/cardinal-tapes.com\\\/#website\",\"url\":\"https:\\\/\\\/cardinal-tapes.com\\\/\",\"name\":\"cardinal TAPES\",\"description\":\"Klebetechnik aus Wuppertal\",\"potentialAction\":[{\"@type\":\"SearchAction\",\"target\":{\"@type\":\"EntryPoint\",\"urlTemplate\":\"https:\\\/\\\/cardinal-tapes.com\\\/?s={search_term_string}\"},\"query-input\":{\"@type\":\"PropertyValueSpecification\",\"valueRequired\":true,\"valueName\":\"search_term_string\"}}],\"inLanguage\":\"fr-FR\"}]}<\/script>\n<!-- \/ Yoast SEO plugin. -->","yoast_head_json":{"title":"Rubans adh\u00e9sifs pour l'\u00e9v\u00e9nementiel | cardinal TAPES","description":"Pour vous, en tant qu'organisateur ou exposant, en tant qu'organisateur ou monteur, cardinal TAPES propose diff\u00e9rentes solutions de syst\u00e8mes adh\u00e9sifs. En savoir plus.","robots":{"index":"index","follow":"follow","max-snippet":"max-snippet:-1","max-image-preview":"max-image-preview:large","max-video-preview":"max-video-preview:-1"},"canonical":"https:\/\/cardinal-tapes.com\/fr\/rubans-adhesifs-fr\/domaines-dapplication\/technique-evenementielle\/","og_locale":"fr_FR","og_type":"article","og_title":"Rubans adh\u00e9sifs pour l'\u00e9v\u00e9nementiel | cardinal TAPES","og_description":"Pour vous, en tant qu'organisateur ou exposant, en tant qu'organisateur ou monteur, cardinal TAPES propose diff\u00e9rentes solutions de syst\u00e8mes adh\u00e9sifs. En savoir plus.","og_url":"https:\/\/cardinal-tapes.com\/fr\/rubans-adhesifs-fr\/domaines-dapplication\/technique-evenementielle\/","og_site_name":"cardinal TAPES","article_modified_time":"2023-06-14T08:40:36+00:00","twitter_card":"summary_large_image","twitter_misc":{"Dur\u00e9e de lecture estim\u00e9e":"11 minutes"},"schema":{"@context":"https:\/\/schema.org","@graph":[{"@type":"WebPage","@id":"https:\/\/cardinal-tapes.com\/fr\/rubans-adhesifs-fr\/domaines-dapplication\/technique-evenementielle\/","url":"https:\/\/cardinal-tapes.com\/fr\/rubans-adhesifs-fr\/domaines-dapplication\/technique-evenementielle\/","name":"Rubans adh\u00e9sifs pour l'\u00e9v\u00e9nementiel | cardinal TAPES","isPartOf":{"@id":"https:\/\/cardinal-tapes.com\/#website"},"datePublished":"2017-12-19T10:58:36+00:00","dateModified":"2023-06-14T08:40:36+00:00","description":"Pour vous, en tant qu'organisateur ou exposant, en tant qu'organisateur ou monteur, cardinal TAPES propose diff\u00e9rentes solutions de syst\u00e8mes adh\u00e9sifs. En savoir plus.","breadcrumb":{"@id":"https:\/\/cardinal-tapes.com\/fr\/rubans-adhesifs-fr\/domaines-dapplication\/technique-evenementielle\/#breadcrumb"},"inLanguage":"fr-FR","potentialAction":[{"@type":"ReadAction","target":["https:\/\/cardinal-tapes.com\/fr\/rubans-adhesifs-fr\/domaines-dapplication\/technique-evenementielle\/"]}]},{"@type":"BreadcrumbList","@id":"https:\/\/cardinal-tapes.com\/fr\/rubans-adhesifs-fr\/domaines-dapplication\/technique-evenementielle\/#breadcrumb","itemListElement":[{"@type":"ListItem","position":1,"name":"Startseite","item":"https:\/\/cardinal-tapes.com\/fr\/accueil\/"},{"@type":"ListItem","position":2,"name":"Rubans adh\u00e9sifs","item":"https:\/\/cardinal-tapes.com\/fr\/rubans-adhesifs-fr\/"},{"@type":"ListItem","position":3,"name":"Domaines d&#8217;application","item":"https:\/\/cardinal-tapes.com\/fr\/rubans-adhesifs-fr__trashed\/domaines-dapplication\/"},{"@type":"ListItem","position":4,"name":"Technique \u00e9v\u00e9nementielle"}]},{"@type":"WebSite","@id":"https:\/\/cardinal-tapes.com\/#website","url":"https:\/\/cardinal-tapes.com\/","name":"cardinal TAPES","description":"Klebetechnik aus Wuppertal","potentialAction":[{"@type":"SearchAction","target":{"@type":"EntryPoint","urlTemplate":"https:\/\/cardinal-tapes.com\/?s={search_term_string}"},"query-input":{"@type":"PropertyValueSpecification","valueRequired":true,"valueName":"search_term_string"}}],"inLanguage":"fr-FR"}]}},"_links":{"self":[{"href":"https:\/\/cardinal-tapes.com\/fr\/wp-json\/wp\/v2\/pages\/31991","targetHints":{"allow":["GET"]}}],"collection":[{"href":"https:\/\/cardinal-tapes.com\/fr\/wp-json\/wp\/v2\/pages"}],"about":[{"href":"https:\/\/cardinal-tapes.com\/fr\/wp-json\/wp\/v2\/types\/page"}],"author":[{"embeddable":true,"href":"https:\/\/cardinal-tapes.com\/fr\/wp-json\/wp\/v2\/users\/1"}],"replies":[{"embeddable":true,"href":"https:\/\/cardinal-tapes.com\/fr\/wp-json\/wp\/v2\/comments?post=31991"}],"version-history":[{"count":0,"href":"https:\/\/cardinal-tapes.com\/fr\/wp-json\/wp\/v2\/pages\/31991\/revisions"}],"up":[{"embeddable":true,"href":"https:\/\/cardinal-tapes.com\/fr\/wp-json\/wp\/v2\/pages\/30752"}],"wp:attachment":[{"href":"https:\/\/cardinal-tapes.com\/fr\/wp-json\/wp\/v2\/media?parent=31991"}],"curies":[{"name":"wp","href":"https:\/\/api.w.org\/{rel}","templated":true}]}}