{"id":31981,"date":"2018-04-23T10:56:51","date_gmt":"2018-04-23T08:56:51","guid":{"rendered":"https:\/\/cardinal.pixel-tal.de\/rubans-adhesifs\/abc-du-ruban-adhesif\/rubans-adhesifs-pour-cliches\/"},"modified":"2023-06-02T11:12:27","modified_gmt":"2023-06-02T09:12:27","slug":"rubans-adhesifs-pour-cliches","status":"publish","type":"page","link":"https:\/\/cardinal-tapes.com\/fr\/rubans-adhesifs-fr\/abc-du-ruban-adhesif\/rubans-adhesifs-pour-cliches\/","title":{"rendered":"Rubans adh\u00e9sifs pour clich\u00e9s"},"content":{"rendered":"<div id='av_section_1'  class='avia-section av-50eta-4959056e20e58c3603a4f2c694fbb69b alternate_color avia-section-default avia-no-border-styling  avia-builder-el-0  avia-builder-el-no-sibling  avia-bg-style-scroll container_wrap fullsize'  ><div class='container av-section-cont-open' ><main  role=\"main\" itemprop=\"mainContentOfPage\"  class='template-page content  av-content-full alpha units'><div class='post-entry post-entry-type-page post-entry-31981'><div class='entry-content-wrapper clearfix'>\n<div  class='flex_column av-c7rcge-7467d36b7f5ecfc08366afac746daa85 av_one_full  avia-builder-el-1  el_before_av_one_half  avia-builder-el-first  first flex_column_div  '     ><div class=\"pxl-headline pxl-hl hl-wrap | hl-sub--bot hl--align-left hl--no-margin    \">\n        <div class=\"hl-inner\">\n            <h2 class=\"hl-main hl-line |  hl_main--default  \">Rubans adh\u00e9sifs pour clich\u00e9s<\/h2>\n            \n    <\/div>\n<\/div><\/div><div  class='flex_column av-aob8vy-24ca10505b0b7b7a81ef26da3054f71d av_one_half  avia-builder-el-3  el_after_av_one_full  el_before_av_one_half  first flex_column_div  column-top-margin'     ><section  class='av_textblock_section av-auil0e-33d3f23e305fbeeb9ac9b8445457e4ae '   itemscope=\"itemscope\" itemtype=\"https:\/\/schema.org\/CreativeWork\" ><div class='avia_textblock'  itemprop=\"text\" ><p>Les rubans adh\u00e9sifs pour clich\u00e9s sont des rubans adh\u00e9sifs utilis\u00e9s dans l&#8217;<a href=\"https:\/\/cardinal-tapes.com\/klebebaender\/anwendungsgebiete\/druck-und-grafikindustrie\/\">industrie de l&#8217;imprimerie<\/a> pour le montage des clich\u00e9s. Le terme clich\u00e9 d\u00e9signe ici une forme d&#8217;impression utilis\u00e9e dans l&#8217;industrie de l&#8217;imprimerie et fabriqu\u00e9e m\u00e9caniquement pour le proc\u00e9d\u00e9 d&#8217;impression en relief. Les clich\u00e9s sont \u00e9galement utilis\u00e9s pour le gaufrage \u00e0 froid, le gaufrage en relief et la typographie. Dans ce proc\u00e9d\u00e9, le ruban adh\u00e9sif du clich\u00e9 fixe le clich\u00e9 sur le support.<\/p>\n<\/div><\/section><\/div><div  class='flex_column av-9ep0im-952dada90b4c54def5d5f34933ce596a av_one_half  avia-builder-el-5  el_after_av_one_half  avia-builder-el-last  flex_column_div  column-top-margin'     ><section  class='av_textblock_section av-6uuwge-9637ed9112e0c1e26153fc1ac0a15ade '   itemscope=\"itemscope\" itemtype=\"https:\/\/schema.org\/CreativeWork\" ><div class='avia_textblock'  itemprop=\"text\" ><h4>Les particularit\u00e9s et les applications des rubans adh\u00e9sifs pour clich\u00e9s<\/h4>\n<p>Les rubans adh\u00e9sifs pour clich\u00e9s sont, comme nous l&#8217;avons d\u00e9crit, utilis\u00e9s sous diff\u00e9rentes formes, principalement dans l&#8217;industrie de l&#8217;impression. Les propri\u00e9t\u00e9s les plus importantes des rubans adh\u00e9sifs pour clich\u00e9s sont donc leur pouvoir adh\u00e9sif \u00e9lev\u00e9 et leur pouvoir adh\u00e9sif sur les deux faces. En outre, l&#8217;adh\u00e9sif pour clich\u00e9s doit \u00eatre facile \u00e0 utiliser, afin que le traitement soit rapide, simple et pr\u00e9cis.<\/p>\n<p>Comme l&#8217;industrie de l&#8217;impression et du gaufrage a des exigences tr\u00e8s diverses, nous avons dans notre boutique toute une s\u00e9rie de rubans adh\u00e9sifs pour clich\u00e9s diff\u00e9rents que nous nous ferons un plaisir de confectionner individuellement pour vous. <a href=\"\/ueber-cardinal\/kontakt\/\">Nos experts se feront un plaisir de vous conseiller<\/a> sur les diff\u00e9rentes possibilit\u00e9s.<\/p>\n<\/div><\/section><\/div>\n","protected":false},"excerpt":{"rendered":"","protected":false},"author":1,"featured_media":0,"parent":30749,"menu_order":17,"comment_status":"closed","ping_status":"closed","template":"","meta":{"_acf_changed":false,"footnotes":""},"class_list":["post-31981","page","type-page","status-publish","hentry"],"acf":[],"yoast_head":"<!-- This site is optimized with the Yoast SEO plugin v27.3 - https:\/\/yoast.com\/product\/yoast-seo-wordpress\/ -->\n<title>Rubans adh\u00e9sifs pour clich\u00e9s - cardinal TAPES<\/title>\n<meta name=\"description\" content=\"Les rubans adh\u00e9sifs pour clich\u00e9s sont des rubans adh\u00e9sifs utilis\u00e9s dans l&#039;industrie de l&#039;imprimerie pour le montage des clich\u00e9s. Apprenez-en plus sur le ruban adh\u00e9sif ici.\" \/>\n<meta name=\"robots\" content=\"index, follow, max-snippet:-1, max-image-preview:large, max-video-preview:-1\" \/>\n<link rel=\"canonical\" href=\"https:\/\/cardinal-tapes.com\/fr\/rubans-adhesifs-fr\/abc-du-ruban-adhesif\/rubans-adhesifs-pour-cliches\/\" \/>\n<meta property=\"og:locale\" content=\"fr_FR\" \/>\n<meta property=\"og:type\" content=\"article\" \/>\n<meta property=\"og:title\" content=\"Rubans adh\u00e9sifs pour clich\u00e9s - cardinal TAPES\" \/>\n<meta property=\"og:description\" content=\"Les rubans adh\u00e9sifs pour clich\u00e9s sont des rubans adh\u00e9sifs utilis\u00e9s dans l&#039;industrie de l&#039;imprimerie pour le montage des clich\u00e9s. Apprenez-en plus sur le ruban adh\u00e9sif ici.\" \/>\n<meta property=\"og:url\" content=\"https:\/\/cardinal-tapes.com\/fr\/rubans-adhesifs-fr\/abc-du-ruban-adhesif\/rubans-adhesifs-pour-cliches\/\" \/>\n<meta property=\"og:site_name\" content=\"cardinal TAPES\" \/>\n<meta property=\"article:modified_time\" content=\"2023-06-02T09:12:27+00:00\" \/>\n<meta name=\"twitter:card\" content=\"summary_large_image\" \/>\n<meta name=\"twitter:label1\" content=\"Dur\u00e9e de lecture estim\u00e9e\" \/>\n\t<meta name=\"twitter:data1\" content=\"9 minutes\" \/>\n<script type=\"application\/ld+json\" class=\"yoast-schema-graph\">{\"@context\":\"https:\\\/\\\/schema.org\",\"@graph\":[{\"@type\":\"WebPage\",\"@id\":\"https:\\\/\\\/cardinal-tapes.com\\\/fr\\\/rubans-adhesifs-fr\\\/abc-du-ruban-adhesif\\\/rubans-adhesifs-pour-cliches\\\/\",\"url\":\"https:\\\/\\\/cardinal-tapes.com\\\/fr\\\/rubans-adhesifs-fr\\\/abc-du-ruban-adhesif\\\/rubans-adhesifs-pour-cliches\\\/\",\"name\":\"Rubans adh\u00e9sifs pour clich\u00e9s - cardinal TAPES\",\"isPartOf\":{\"@id\":\"https:\\\/\\\/cardinal-tapes.com\\\/#website\"},\"datePublished\":\"2018-04-23T08:56:51+00:00\",\"dateModified\":\"2023-06-02T09:12:27+00:00\",\"description\":\"Les rubans adh\u00e9sifs pour clich\u00e9s sont des rubans adh\u00e9sifs utilis\u00e9s dans l'industrie de l'imprimerie pour le montage des clich\u00e9s. Apprenez-en plus sur le ruban adh\u00e9sif ici.\",\"breadcrumb\":{\"@id\":\"https:\\\/\\\/cardinal-tapes.com\\\/fr\\\/rubans-adhesifs-fr\\\/abc-du-ruban-adhesif\\\/rubans-adhesifs-pour-cliches\\\/#breadcrumb\"},\"inLanguage\":\"fr-FR\",\"potentialAction\":[{\"@type\":\"ReadAction\",\"target\":[\"https:\\\/\\\/cardinal-tapes.com\\\/fr\\\/rubans-adhesifs-fr\\\/abc-du-ruban-adhesif\\\/rubans-adhesifs-pour-cliches\\\/\"]}]},{\"@type\":\"BreadcrumbList\",\"@id\":\"https:\\\/\\\/cardinal-tapes.com\\\/fr\\\/rubans-adhesifs-fr\\\/abc-du-ruban-adhesif\\\/rubans-adhesifs-pour-cliches\\\/#breadcrumb\",\"itemListElement\":[{\"@type\":\"ListItem\",\"position\":1,\"name\":\"Startseite\",\"item\":\"https:\\\/\\\/cardinal-tapes.com\\\/fr\\\/accueil\\\/\"},{\"@type\":\"ListItem\",\"position\":2,\"name\":\"Rubans adh\u00e9sifs\",\"item\":\"https:\\\/\\\/cardinal-tapes.com\\\/fr\\\/rubans-adhesifs-fr\\\/\"},{\"@type\":\"ListItem\",\"position\":3,\"name\":\"ABC du ruban adh\u00e9sif\",\"item\":\"https:\\\/\\\/cardinal-tapes.com\\\/fr\\\/rubans-adhesifs-fr__trashed\\\/abc-du-ruban-adhesif\\\/\"},{\"@type\":\"ListItem\",\"position\":4,\"name\":\"Rubans adh\u00e9sifs pour clich\u00e9s\"}]},{\"@type\":\"WebSite\",\"@id\":\"https:\\\/\\\/cardinal-tapes.com\\\/#website\",\"url\":\"https:\\\/\\\/cardinal-tapes.com\\\/\",\"name\":\"cardinal TAPES\",\"description\":\"Klebetechnik aus Wuppertal\",\"potentialAction\":[{\"@type\":\"SearchAction\",\"target\":{\"@type\":\"EntryPoint\",\"urlTemplate\":\"https:\\\/\\\/cardinal-tapes.com\\\/?s={search_term_string}\"},\"query-input\":{\"@type\":\"PropertyValueSpecification\",\"valueRequired\":true,\"valueName\":\"search_term_string\"}}],\"inLanguage\":\"fr-FR\"}]}<\/script>\n<!-- \/ Yoast SEO plugin. -->","yoast_head_json":{"title":"Rubans adh\u00e9sifs pour clich\u00e9s - cardinal TAPES","description":"Les rubans adh\u00e9sifs pour clich\u00e9s sont des rubans adh\u00e9sifs utilis\u00e9s dans l'industrie de l'imprimerie pour le montage des clich\u00e9s. Apprenez-en plus sur le ruban adh\u00e9sif ici.","robots":{"index":"index","follow":"follow","max-snippet":"max-snippet:-1","max-image-preview":"max-image-preview:large","max-video-preview":"max-video-preview:-1"},"canonical":"https:\/\/cardinal-tapes.com\/fr\/rubans-adhesifs-fr\/abc-du-ruban-adhesif\/rubans-adhesifs-pour-cliches\/","og_locale":"fr_FR","og_type":"article","og_title":"Rubans adh\u00e9sifs pour clich\u00e9s - cardinal TAPES","og_description":"Les rubans adh\u00e9sifs pour clich\u00e9s sont des rubans adh\u00e9sifs utilis\u00e9s dans l'industrie de l'imprimerie pour le montage des clich\u00e9s. Apprenez-en plus sur le ruban adh\u00e9sif ici.","og_url":"https:\/\/cardinal-tapes.com\/fr\/rubans-adhesifs-fr\/abc-du-ruban-adhesif\/rubans-adhesifs-pour-cliches\/","og_site_name":"cardinal TAPES","article_modified_time":"2023-06-02T09:12:27+00:00","twitter_card":"summary_large_image","twitter_misc":{"Dur\u00e9e de lecture estim\u00e9e":"9 minutes"},"schema":{"@context":"https:\/\/schema.org","@graph":[{"@type":"WebPage","@id":"https:\/\/cardinal-tapes.com\/fr\/rubans-adhesifs-fr\/abc-du-ruban-adhesif\/rubans-adhesifs-pour-cliches\/","url":"https:\/\/cardinal-tapes.com\/fr\/rubans-adhesifs-fr\/abc-du-ruban-adhesif\/rubans-adhesifs-pour-cliches\/","name":"Rubans adh\u00e9sifs pour clich\u00e9s - cardinal TAPES","isPartOf":{"@id":"https:\/\/cardinal-tapes.com\/#website"},"datePublished":"2018-04-23T08:56:51+00:00","dateModified":"2023-06-02T09:12:27+00:00","description":"Les rubans adh\u00e9sifs pour clich\u00e9s sont des rubans adh\u00e9sifs utilis\u00e9s dans l'industrie de l'imprimerie pour le montage des clich\u00e9s. Apprenez-en plus sur le ruban adh\u00e9sif ici.","breadcrumb":{"@id":"https:\/\/cardinal-tapes.com\/fr\/rubans-adhesifs-fr\/abc-du-ruban-adhesif\/rubans-adhesifs-pour-cliches\/#breadcrumb"},"inLanguage":"fr-FR","potentialAction":[{"@type":"ReadAction","target":["https:\/\/cardinal-tapes.com\/fr\/rubans-adhesifs-fr\/abc-du-ruban-adhesif\/rubans-adhesifs-pour-cliches\/"]}]},{"@type":"BreadcrumbList","@id":"https:\/\/cardinal-tapes.com\/fr\/rubans-adhesifs-fr\/abc-du-ruban-adhesif\/rubans-adhesifs-pour-cliches\/#breadcrumb","itemListElement":[{"@type":"ListItem","position":1,"name":"Startseite","item":"https:\/\/cardinal-tapes.com\/fr\/accueil\/"},{"@type":"ListItem","position":2,"name":"Rubans adh\u00e9sifs","item":"https:\/\/cardinal-tapes.com\/fr\/rubans-adhesifs-fr\/"},{"@type":"ListItem","position":3,"name":"ABC du ruban adh\u00e9sif","item":"https:\/\/cardinal-tapes.com\/fr\/rubans-adhesifs-fr__trashed\/abc-du-ruban-adhesif\/"},{"@type":"ListItem","position":4,"name":"Rubans adh\u00e9sifs pour clich\u00e9s"}]},{"@type":"WebSite","@id":"https:\/\/cardinal-tapes.com\/#website","url":"https:\/\/cardinal-tapes.com\/","name":"cardinal TAPES","description":"Klebetechnik aus Wuppertal","potentialAction":[{"@type":"SearchAction","target":{"@type":"EntryPoint","urlTemplate":"https:\/\/cardinal-tapes.com\/?s={search_term_string}"},"query-input":{"@type":"PropertyValueSpecification","valueRequired":true,"valueName":"search_term_string"}}],"inLanguage":"fr-FR"}]}},"_links":{"self":[{"href":"https:\/\/cardinal-tapes.com\/fr\/wp-json\/wp\/v2\/pages\/31981","targetHints":{"allow":["GET"]}}],"collection":[{"href":"https:\/\/cardinal-tapes.com\/fr\/wp-json\/wp\/v2\/pages"}],"about":[{"href":"https:\/\/cardinal-tapes.com\/fr\/wp-json\/wp\/v2\/types\/page"}],"author":[{"embeddable":true,"href":"https:\/\/cardinal-tapes.com\/fr\/wp-json\/wp\/v2\/users\/1"}],"replies":[{"embeddable":true,"href":"https:\/\/cardinal-tapes.com\/fr\/wp-json\/wp\/v2\/comments?post=31981"}],"version-history":[{"count":0,"href":"https:\/\/cardinal-tapes.com\/fr\/wp-json\/wp\/v2\/pages\/31981\/revisions"}],"up":[{"embeddable":true,"href":"https:\/\/cardinal-tapes.com\/fr\/wp-json\/wp\/v2\/pages\/30749"}],"wp:attachment":[{"href":"https:\/\/cardinal-tapes.com\/fr\/wp-json\/wp\/v2\/media?parent=31981"}],"curies":[{"name":"wp","href":"https:\/\/api.w.org\/{rel}","templated":true}]}}