{"id":31903,"date":"2023-06-02T11:00:22","date_gmt":"2023-06-02T09:00:22","guid":{"rendered":"https:\/\/cardinal.pixel-tal.de\/rubans-adhesifs\/abc-du-ruban-adhesif\/bandes-turn-up\/"},"modified":"2023-06-14T10:47:25","modified_gmt":"2023-06-14T08:47:25","slug":"bandes-turn-up","status":"publish","type":"page","link":"https:\/\/cardinal-tapes.com\/fr\/rubans-adhesifs-fr\/abc-du-ruban-adhesif\/bandes-turn-up\/","title":{"rendered":"Bandes Turn-Up"},"content":{"rendered":"<div id='av_section_1'  class='avia-section av-com1so-cf21f6574eb08429f60bab08139fe498 alternate_color avia-section-default avia-no-border-styling  avia-builder-el-0  el_before_av_section  avia-builder-el-first  avia-bg-style-scroll container_wrap fullsize'  ><div class='container av-section-cont-open' ><main  role=\"main\" itemprop=\"mainContentOfPage\"  class='template-page content  av-content-full alpha units'><div class='post-entry post-entry-type-page post-entry-31903'><div class='entry-content-wrapper clearfix'>\n<div  class='flex_column av-b70e7c-4aa4be3499e3ab7b91dcb1fbf056fc4f av_one_full  avia-builder-el-1  el_before_av_one_half  avia-builder-el-first  first flex_column_div  '     ><div class=\"pxl-headline pxl-hl hl-wrap | hl-sub--off hl--align-left hl--no-margin    \">\n        <div class=\"hl-inner\">\n            <h2 class=\"hl-main hl-line |  hl_main--default  \">Bandes Turn-Up<\/h2>\n            \n    <\/div>\n<\/div><\/div><div  class='flex_column av-9ko4mw-26aa7e73ec273a4d3f787386eca03162 av_one_half  avia-builder-el-3  el_after_av_one_full  el_before_av_one_half  first flex_column_div  column-top-margin'     ><section  class='av_textblock_section av-ad9sjc-d628d416ebc078b503edc9f8049c1d5d '   itemscope=\"itemscope\" itemtype=\"https:\/\/schema.org\/CreativeWork\" ><div class='avia_textblock'  itemprop=\"text\" ><p>Depuis plus de 20 ans, nous fournissons nos bandes TURN-UP \u00e0 l&#8217;<a href=\"\/klebebaender\/anwendungsgebiete\/papierherstellung\/\">industrie du papier<\/a>. Nos bandes de papier Turn-Up vous garantissent un mode de transfert \u00e9conomique et s\u00fbr de la bande de papier pour diff\u00e9rentes largeurs de bande. Nos produits sont r\u00e9put\u00e9s sur le march\u00e9 pour leur qualit\u00e9 constante et la s\u00e9curit\u00e9 des processus qui en d\u00e9coule.<\/p>\n<\/div><\/section><\/div><div  class='flex_column av-88a8aw-d7b159f25eb4026308dc5f2452e1ac59 av_one_half  avia-builder-el-5  el_after_av_one_half  avia-builder-el-last  flex_column_div  column-top-margin'     ><section  class='av_textblock_section av-7y806g-b9a32dd903fbfe5c19780cfe2c54cd88 '   itemscope=\"itemscope\" itemtype=\"https:\/\/schema.org\/CreativeWork\" ><div class='avia_textblock small'  itemprop=\"text\" ><h4>Notre gamme de rubans Turn-Up<\/h4>\n<p>Pour un changement de rouleau s\u00fbr et \u00e9conomique, les qualit\u00e9s CA-100 &amp; CA-101 sont le meilleur choix. Notre gamme de rubans papier Turn-Up est disponible en marron et blanchi.<\/p>\n<p>Si vous ne trouvez pas de solution adapt\u00e9e \u00e0 vos besoins sp\u00e9cifiques, nous vous conseillons volontiers par t\u00e9l\u00e9phone ou en utilisant le formulaire de <a href=\"\/ueber-cardinal\/kontakt\/\">demande de produits<\/a>.<\/p>\n<p>Monsieur Tim Cardinal se tient \u00e0 votre disposition pour toute information sur les produits.<br \/>\nT\u00e9l\u00e9phone : <a href=\"tel:+49.202.26685-0\" target=\"_blank\" rel=\"nofollow\">+49.202.26685-0<\/a><br \/>\nCourrier \u00e9lectronique : <a href=\"mailto:t.cardinal@cardinal-tapes.de\" target=\"_blank\" rel=\"nofollow\">t.cardinal@cardinal-tapes.de<\/a><\/p>\n<\/div><\/section><\/div>\n\n<\/div><\/div><\/main><!-- close content main element --><\/div><\/div><div id='av_section_2'  class='avia-section av-6e1r94-4b716f318586f6f762d4d9165a5864f9 main_color avia-section-default avia-no-border-styling  avia-builder-el-7  el_after_av_section  avia-builder-el-last  gradient-section avia-bg-style-scroll container_wrap fullsize'  ><div class='container av-section-cont-open' ><div class='template-page content  av-content-full alpha units'><div class='post-entry post-entry-type-page post-entry-31903'><div class='entry-content-wrapper clearfix'>\n<div  class='flex_column av-4lzaug-e84378d316378d294cb4f051e00b925e av_one_full  avia-builder-el-8  avia-builder-el-no-sibling  first flex_column_div  '     ><p><div class=\"pxl-headline pxl-hl hl-wrap | hl-sub--off hl--align-left hl--no-margin    \">\n        <div class=\"hl-inner\">\n            <h2 class=\"hl-main hl-line |  hl_main--default  \">Produits int\u00e9ressants<\/h2>\n            \n    <\/div>\n<\/div>\n<br \/>\n<div   data-autoplay=''  data-interval='5'  data-animation='fade'  data-hoverpause='1'  class='template-shop avia-content-slider avia-content-slider-active avia-product-slider1 avia-content-slider-even  avia-builder-el-10  el_after_pixel_sc_headline  el_before_av_button   shop_columns_4' ><div class='avia-content-slider-inner'><ul class=\"products slide-entry-wrap\"><li class=\"product type-product post-51555 status-publish first instock product_cat-industrie-du-papier product_cat-systemes-turn-up product_cat-rubans-adhesifs-simple-face has-post-thumbnail taxable shipping-taxable purchasable product-type-variable\">\n\t<div class='inner_product main_color wrapped_style noLightbox  av-product-class-no_button'><a href=\"https:\/\/cardinal-tapes.com\/fr\/rubans-adh\u00e9sifs\/domaines-dapplication\/industrie-du-papier\/ca-100-bande-de-force-pour-systemes-de-turn-up\/\" class=\"woocommerce-LoopProduct-link woocommerce-loop-product__link\"><div class=\"thumbnail_container\"><img decoding=\"async\" loading=\"lazy\" width=\"450\" height=\"450\" src=\"https:\/\/cardinal-tapes.com\/wp-content\/uploads\/ki_turnup_baender_weiss-450x450.jpg\" class=\"wp-image-27304 avia-img-lazy-loading-27304 attachment-shop_catalog size-shop_catalog wp-post-image\" alt=\"CA-100 Sangle de force pour SYST\u00c8MES TURN-UP - d&#039;un c\u00f4t\u00e9, Bande de force, sans colle - Illustration 27304\" srcset=\"https:\/\/cardinal-tapes.com\/wp-content\/uploads\/ki_turnup_baender_weiss-450x450.jpg 450w, https:\/\/cardinal-tapes.com\/wp-content\/uploads\/ki_turnup_baender_weiss-120x120.jpg 120w, https:\/\/cardinal-tapes.com\/wp-content\/uploads\/ki_turnup_baender_weiss-80x80.jpg 80w, https:\/\/cardinal-tapes.com\/wp-content\/uploads\/ki_turnup_baender_weiss-36x36.jpg 36w, https:\/\/cardinal-tapes.com\/wp-content\/uploads\/ki_turnup_baender_weiss-180x180.jpg 180w, https:\/\/cardinal-tapes.com\/wp-content\/uploads\/ki_turnup_baender_weiss-100x100.jpg 100w\" sizes=\"auto, (max-width: 450px) 100vw, 450px\" \/><\/div><div class='inner_product_header'><div class='avia-arrow'><\/div><div class='inner_product_header_table'><div class='inner_product_header_cell'><span class=\"is-h2 woocommerce-loop-product__title\">CA-100 Sangle de force pour SYST\u00c8MES TURN-UP<\/span>\t\t<div class=\"product-infos\">\n\t\t\t\t\t\t\t<span class='product-infos__item'><b>Rev\u00eatement:<\/b> d'un c\u00f4t\u00e9<\/span>\n\t\t\t\t\t\t\t\t\t\t<span class='product-infos__item'><b>Type de mat\u00e9riau:<\/b> Bande de force<\/span>\n\t\t\t\t\t\t\t\t\t\t<span class='product-infos__item'><b>Fabricant:<\/b> cardinal GmbH<\/span>\n\t\t\t\t\t\t\t\t\t\t<span class='product-infos__item'><b>Prix sur demande<\/b><\/span>\n\t\t\t\t\t<\/div>\n\t<\/div><\/div><\/div><\/a><\/div><\/li>\n<li class=\"product type-product post-51556 status-publish instock product_cat-industrie-du-papier product_cat-systemes-turn-up product_cat-rubans-adhesifs-simple-face has-post-thumbnail taxable shipping-taxable purchasable product-type-variable\">\n\t<div class='inner_product main_color wrapped_style noLightbox  av-product-class-no_button'><a href=\"https:\/\/cardinal-tapes.com\/fr\/rubans-adh\u00e9sifs\/domaines-dapplication\/industrie-du-papier\/ca-101-hd-bandage-de-force-pour-systemes-de-turn-up\/\" class=\"woocommerce-LoopProduct-link woocommerce-loop-product__link\"><div class=\"thumbnail_container\"><img decoding=\"async\" loading=\"lazy\" width=\"450\" height=\"450\" src=\"https:\/\/cardinal-tapes.com\/wp-content\/uploads\/ki_turnup_baender_braun-450x450.jpg\" class=\"wp-image-27300 avia-img-lazy-loading-27300 attachment-shop_catalog size-shop_catalog wp-post-image\" alt=\"CA-101 HD Bande de force pour SYST\u00c8MES TURN-UP - d&#039;un c\u00f4t\u00e9, Bande de force, sans colle - Illustration 27300\" srcset=\"https:\/\/cardinal-tapes.com\/wp-content\/uploads\/ki_turnup_baender_braun-450x450.jpg 450w, https:\/\/cardinal-tapes.com\/wp-content\/uploads\/ki_turnup_baender_braun-120x120.jpg 120w, https:\/\/cardinal-tapes.com\/wp-content\/uploads\/ki_turnup_baender_braun-80x80.jpg 80w, https:\/\/cardinal-tapes.com\/wp-content\/uploads\/ki_turnup_baender_braun-36x36.jpg 36w, https:\/\/cardinal-tapes.com\/wp-content\/uploads\/ki_turnup_baender_braun-180x180.jpg 180w, https:\/\/cardinal-tapes.com\/wp-content\/uploads\/ki_turnup_baender_braun-100x100.jpg 100w\" sizes=\"auto, (max-width: 450px) 100vw, 450px\" \/><\/div><div class='inner_product_header'><div class='avia-arrow'><\/div><div class='inner_product_header_table'><div class='inner_product_header_cell'><span class=\"is-h2 woocommerce-loop-product__title\">CA-101 HD Bande de force pour SYST\u00c8MES TURN-UP<\/span>\t\t<div class=\"product-infos\">\n\t\t\t\t\t\t\t<span class='product-infos__item'><b>Rev\u00eatement:<\/b> d'un c\u00f4t\u00e9<\/span>\n\t\t\t\t\t\t\t\t\t\t<span class='product-infos__item'><b>Type de mat\u00e9riau:<\/b> Bande de force<\/span>\n\t\t\t\t\t\t\t\t\t\t<span class='product-infos__item'><b>Fabricant:<\/b> cardinal GmbH<\/span>\n\t\t\t\t\t\t\t\t\t\t<span class='product-infos__item'><b>Prix sur demande<\/b><\/span>\n\t\t\t\t\t<\/div>\n\t<\/div><\/div><\/div><\/a><\/div><\/li>\n<\/ul><\/div><\/div><div class=\"clear\"><\/div><br \/>\n<div  class='avia-button-wrap av-33l50o-428f25993463e1e02587c5aa946e9427-wrap avia-button-left '><a href='https:\/\/cardinal-tapes.com\/klebebaender\/'  class='avia-button av-33l50o-428f25993463e1e02587c5aa946e9427 avia-icon_select-no avia-size-medium avia-position-left avia-color-theme-color layout-border color-white'  ><span class='avia_iconbox_title' >Tous les produits<\/span><\/a><\/div><\/p><\/div>\n","protected":false},"excerpt":{"rendered":"","protected":false},"author":1,"featured_media":0,"parent":30749,"menu_order":23,"comment_status":"closed","ping_status":"closed","template":"","meta":{"_acf_changed":false,"footnotes":""},"class_list":["post-31903","page","type-page","status-publish","hentry"],"acf":[],"yoast_head":"<!-- This site is optimized with the Yoast SEO plugin v27.4 - https:\/\/yoast.com\/product\/yoast-seo-wordpress\/ -->\n<title>Bandes Turn-Up - cardinal TAPES<\/title>\n<meta name=\"description\" content=\"Nos bandes de papier Turn-Up vous garantissent un mode de transfert \u00e9conomique et s\u00fbr de la bande de papier pour diff\u00e9rentes largeurs de bande. En savoir plus.\" \/>\n<meta name=\"robots\" content=\"index, follow, max-snippet:-1, max-image-preview:large, max-video-preview:-1\" \/>\n<link rel=\"canonical\" href=\"https:\/\/cardinal-tapes.com\/fr\/rubans-adhesifs-fr\/abc-du-ruban-adhesif\/bandes-turn-up\/\" \/>\n<meta property=\"og:locale\" content=\"fr_FR\" \/>\n<meta property=\"og:type\" content=\"article\" \/>\n<meta property=\"og:title\" content=\"Bandes Turn-Up - cardinal TAPES\" \/>\n<meta property=\"og:description\" content=\"Nos bandes de papier Turn-Up vous garantissent un mode de transfert \u00e9conomique et s\u00fbr de la bande de papier pour diff\u00e9rentes largeurs de bande. En savoir plus.\" \/>\n<meta property=\"og:url\" content=\"https:\/\/cardinal-tapes.com\/fr\/rubans-adhesifs-fr\/abc-du-ruban-adhesif\/bandes-turn-up\/\" \/>\n<meta property=\"og:site_name\" content=\"cardinal TAPES\" \/>\n<meta property=\"article:modified_time\" content=\"2023-06-14T08:47:25+00:00\" \/>\n<meta name=\"twitter:card\" content=\"summary_large_image\" \/>\n<meta name=\"twitter:label1\" content=\"Dur\u00e9e de lecture estim\u00e9e\" \/>\n\t<meta name=\"twitter:data1\" content=\"14 minutes\" \/>\n<script type=\"application\/ld+json\" class=\"yoast-schema-graph\">{\"@context\":\"https:\\\/\\\/schema.org\",\"@graph\":[{\"@type\":\"WebPage\",\"@id\":\"https:\\\/\\\/cardinal-tapes.com\\\/fr\\\/rubans-adhesifs-fr\\\/abc-du-ruban-adhesif\\\/bandes-turn-up\\\/\",\"url\":\"https:\\\/\\\/cardinal-tapes.com\\\/fr\\\/rubans-adhesifs-fr\\\/abc-du-ruban-adhesif\\\/bandes-turn-up\\\/\",\"name\":\"Bandes Turn-Up - cardinal TAPES\",\"isPartOf\":{\"@id\":\"https:\\\/\\\/cardinal-tapes.com\\\/#website\"},\"datePublished\":\"2023-06-02T09:00:22+00:00\",\"dateModified\":\"2023-06-14T08:47:25+00:00\",\"description\":\"Nos bandes de papier Turn-Up vous garantissent un mode de transfert \u00e9conomique et s\u00fbr de la bande de papier pour diff\u00e9rentes largeurs de bande. En savoir plus.\",\"breadcrumb\":{\"@id\":\"https:\\\/\\\/cardinal-tapes.com\\\/fr\\\/rubans-adhesifs-fr\\\/abc-du-ruban-adhesif\\\/bandes-turn-up\\\/#breadcrumb\"},\"inLanguage\":\"fr-FR\",\"potentialAction\":[{\"@type\":\"ReadAction\",\"target\":[\"https:\\\/\\\/cardinal-tapes.com\\\/fr\\\/rubans-adhesifs-fr\\\/abc-du-ruban-adhesif\\\/bandes-turn-up\\\/\"]}]},{\"@type\":\"BreadcrumbList\",\"@id\":\"https:\\\/\\\/cardinal-tapes.com\\\/fr\\\/rubans-adhesifs-fr\\\/abc-du-ruban-adhesif\\\/bandes-turn-up\\\/#breadcrumb\",\"itemListElement\":[{\"@type\":\"ListItem\",\"position\":1,\"name\":\"Startseite\",\"item\":\"https:\\\/\\\/cardinal-tapes.com\\\/fr\\\/accueil\\\/\"},{\"@type\":\"ListItem\",\"position\":2,\"name\":\"Rubans adh\u00e9sifs\",\"item\":\"https:\\\/\\\/cardinal-tapes.com\\\/fr\\\/rubans-adhesifs-fr\\\/\"},{\"@type\":\"ListItem\",\"position\":3,\"name\":\"ABC du ruban adh\u00e9sif\",\"item\":\"https:\\\/\\\/cardinal-tapes.com\\\/fr\\\/rubans-adhesifs-fr__trashed\\\/abc-du-ruban-adhesif\\\/\"},{\"@type\":\"ListItem\",\"position\":4,\"name\":\"Bandes Turn-Up\"}]},{\"@type\":\"WebSite\",\"@id\":\"https:\\\/\\\/cardinal-tapes.com\\\/#website\",\"url\":\"https:\\\/\\\/cardinal-tapes.com\\\/\",\"name\":\"cardinal TAPES\",\"description\":\"Klebetechnik aus Wuppertal\",\"potentialAction\":[{\"@type\":\"SearchAction\",\"target\":{\"@type\":\"EntryPoint\",\"urlTemplate\":\"https:\\\/\\\/cardinal-tapes.com\\\/?s={search_term_string}\"},\"query-input\":{\"@type\":\"PropertyValueSpecification\",\"valueRequired\":true,\"valueName\":\"search_term_string\"}}],\"inLanguage\":\"fr-FR\"}]}<\/script>\n<!-- \/ Yoast SEO plugin. -->","yoast_head_json":{"title":"Bandes Turn-Up - cardinal TAPES","description":"Nos bandes de papier Turn-Up vous garantissent un mode de transfert \u00e9conomique et s\u00fbr de la bande de papier pour diff\u00e9rentes largeurs de bande. En savoir plus.","robots":{"index":"index","follow":"follow","max-snippet":"max-snippet:-1","max-image-preview":"max-image-preview:large","max-video-preview":"max-video-preview:-1"},"canonical":"https:\/\/cardinal-tapes.com\/fr\/rubans-adhesifs-fr\/abc-du-ruban-adhesif\/bandes-turn-up\/","og_locale":"fr_FR","og_type":"article","og_title":"Bandes Turn-Up - cardinal TAPES","og_description":"Nos bandes de papier Turn-Up vous garantissent un mode de transfert \u00e9conomique et s\u00fbr de la bande de papier pour diff\u00e9rentes largeurs de bande. En savoir plus.","og_url":"https:\/\/cardinal-tapes.com\/fr\/rubans-adhesifs-fr\/abc-du-ruban-adhesif\/bandes-turn-up\/","og_site_name":"cardinal TAPES","article_modified_time":"2023-06-14T08:47:25+00:00","twitter_card":"summary_large_image","twitter_misc":{"Dur\u00e9e de lecture estim\u00e9e":"14 minutes"},"schema":{"@context":"https:\/\/schema.org","@graph":[{"@type":"WebPage","@id":"https:\/\/cardinal-tapes.com\/fr\/rubans-adhesifs-fr\/abc-du-ruban-adhesif\/bandes-turn-up\/","url":"https:\/\/cardinal-tapes.com\/fr\/rubans-adhesifs-fr\/abc-du-ruban-adhesif\/bandes-turn-up\/","name":"Bandes Turn-Up - cardinal TAPES","isPartOf":{"@id":"https:\/\/cardinal-tapes.com\/#website"},"datePublished":"2023-06-02T09:00:22+00:00","dateModified":"2023-06-14T08:47:25+00:00","description":"Nos bandes de papier Turn-Up vous garantissent un mode de transfert \u00e9conomique et s\u00fbr de la bande de papier pour diff\u00e9rentes largeurs de bande. En savoir plus.","breadcrumb":{"@id":"https:\/\/cardinal-tapes.com\/fr\/rubans-adhesifs-fr\/abc-du-ruban-adhesif\/bandes-turn-up\/#breadcrumb"},"inLanguage":"fr-FR","potentialAction":[{"@type":"ReadAction","target":["https:\/\/cardinal-tapes.com\/fr\/rubans-adhesifs-fr\/abc-du-ruban-adhesif\/bandes-turn-up\/"]}]},{"@type":"BreadcrumbList","@id":"https:\/\/cardinal-tapes.com\/fr\/rubans-adhesifs-fr\/abc-du-ruban-adhesif\/bandes-turn-up\/#breadcrumb","itemListElement":[{"@type":"ListItem","position":1,"name":"Startseite","item":"https:\/\/cardinal-tapes.com\/fr\/accueil\/"},{"@type":"ListItem","position":2,"name":"Rubans adh\u00e9sifs","item":"https:\/\/cardinal-tapes.com\/fr\/rubans-adhesifs-fr\/"},{"@type":"ListItem","position":3,"name":"ABC du ruban adh\u00e9sif","item":"https:\/\/cardinal-tapes.com\/fr\/rubans-adhesifs-fr__trashed\/abc-du-ruban-adhesif\/"},{"@type":"ListItem","position":4,"name":"Bandes Turn-Up"}]},{"@type":"WebSite","@id":"https:\/\/cardinal-tapes.com\/#website","url":"https:\/\/cardinal-tapes.com\/","name":"cardinal TAPES","description":"Klebetechnik aus Wuppertal","potentialAction":[{"@type":"SearchAction","target":{"@type":"EntryPoint","urlTemplate":"https:\/\/cardinal-tapes.com\/?s={search_term_string}"},"query-input":{"@type":"PropertyValueSpecification","valueRequired":true,"valueName":"search_term_string"}}],"inLanguage":"fr-FR"}]}},"_links":{"self":[{"href":"https:\/\/cardinal-tapes.com\/fr\/wp-json\/wp\/v2\/pages\/31903","targetHints":{"allow":["GET"]}}],"collection":[{"href":"https:\/\/cardinal-tapes.com\/fr\/wp-json\/wp\/v2\/pages"}],"about":[{"href":"https:\/\/cardinal-tapes.com\/fr\/wp-json\/wp\/v2\/types\/page"}],"author":[{"embeddable":true,"href":"https:\/\/cardinal-tapes.com\/fr\/wp-json\/wp\/v2\/users\/1"}],"replies":[{"embeddable":true,"href":"https:\/\/cardinal-tapes.com\/fr\/wp-json\/wp\/v2\/comments?post=31903"}],"version-history":[{"count":0,"href":"https:\/\/cardinal-tapes.com\/fr\/wp-json\/wp\/v2\/pages\/31903\/revisions"}],"up":[{"embeddable":true,"href":"https:\/\/cardinal-tapes.com\/fr\/wp-json\/wp\/v2\/pages\/30749"}],"wp:attachment":[{"href":"https:\/\/cardinal-tapes.com\/fr\/wp-json\/wp\/v2\/media?parent=31903"}],"curies":[{"name":"wp","href":"https:\/\/api.w.org\/{rel}","templated":true}]}}