{"id":31888,"date":"2017-12-19T11:55:43","date_gmt":"2017-12-19T10:55:43","guid":{"rendered":"https:\/\/cardinal.pixel-tal.de\/rubans-adhesifs\/domaines-dapplication\/secteur-des-transports\/"},"modified":"2023-06-16T16:49:07","modified_gmt":"2023-06-16T14:49:07","slug":"secteur-des-transports","status":"publish","type":"page","link":"https:\/\/cardinal-tapes.com\/fr\/rubans-adhesifs-fr\/domaines-dapplication\/secteur-des-transports\/","title":{"rendered":"Secteur des transports"},"content":{"rendered":"\t\t\t<div class=\"headerimage-section has-image  \">\n\t\t\t\t\t\t\t\t\t\t\t\t<div class=\"headerimage__bg overlay\" style=\"background-image: url('https:\/\/cardinal-tapes.com\/wp-content\/uploads\/cardinal_kopfbild_transport-scaled.jpg'); background-repeat: no-repeat; background-position: center; background-size: cover;\"><\/div>\n\t\t\t\t\t\t\t\t\t\t\t\t<div class=\"container\">\n\t\t\t\t\t<div class=\"headerimage__inner\">\n\t\t\t\t\t\t<h1 class=\"headerimage__headline\">Rubans adh\u00e9sifs et syst\u00e8mes de collage<\/h1>\t\t\t\t\t\t<span class=\"headerimage__subheadline\">pour une tenue s\u00fbre sans r\u00e9sidus<\/span>\t\t\t\t\t\t\t\t\t\t\t<\/div>\n\t\t\t\t\t\t\t\t\t<\/div>\n\t\t\t<\/div>\n\t\t\t\n<\/div><\/div><\/div><!-- close content main div --><\/div><\/div><div id='av_section_1'  class='avia-section av-11efem-feffb8ea408c523398260161a5ad9fa4 alternate_color avia-section-default avia-no-border-styling  avia-builder-el-1  el_after_pixel_headimage  el_before_av_section  avia-bg-style-scroll container_wrap fullsize'  ><div class='container av-section-cont-open' ><div class='template-page content  av-content-full alpha units'><div class='post-entry post-entry-type-page post-entry-31888'><div class='entry-content-wrapper clearfix'>\n<div  class='flex_column av-wdtv2-97997f234fbe486ee98f61446f6f0089 av_two_third  avia-builder-el-2  avia-builder-el-no-sibling  max-width-col two-third first flex_column_div av-animated-generic left-to-right  '     ><p><div class=\"pxl-headline pxl-hl hl-wrap | hl-sub--bot hl--align-left hl--std-margin    \">\n        <div class=\"hl-inner\">\n            <h2 class=\"hl-main hl-line |  hl_main--default  \">Rubans adh\u00e9sifs pour le secteur du transport<\/h2>\n            <span class=\"hl-sub hl-line |  hl_sub--default  \">Des exigences \u00e9lev\u00e9es, des solutions sur mesure <\/span>\n    <\/div>\n<\/div>\n<br \/>\n<section  class='av_textblock_section av-lhovr5b8-c9a50488197dea06b1cf36cda43d43af '   itemscope=\"itemscope\" itemtype=\"https:\/\/schema.org\/CreativeWork\" ><div class='avia_textblock'  itemprop=\"text\" ><p>De nos jours, les marchandises les plus diverses sont transport\u00e9es quotidiennement de A \u00e0 B de mani\u00e8re classique, et ce sur de longues distances. Dans ce domaine en particulier, il est tr\u00e8s important de prot\u00e9ger efficacement les marchandises. Dans ce cas, une colle particuli\u00e8rement solide est n\u00e9cessaire pour une utilisation intensive et qui peut r\u00e9sister \u00e0 diff\u00e9rentes contraintes.<\/p>\n<p>Nos Gaffer Tapes, Duct Tapes et <a title=\"Les rubans adh\u00e9sifs double face sont disponibles chez Cardinal TAPES\" href=\"https:\/\/cardinal-tapes.com\/fr\/catgorie\/rubans-adhesifs-double-face\/\">rubans adh\u00e9sifs double face<\/a>, ainsi que les Strapping Tapes r\u00e9pondent exactement \u00e0 ces exigences. En effet, ils ne disposent pas seulement d&#8217;un pouvoir adh\u00e9sif particuli\u00e8rement fort, mais s&#8217;adaptent \u00e9galement au support donn\u00e9 et peuvent \u00eatre retir\u00e9s sans laisser de traces. Informez-vous sur les diff\u00e9rents rubans adh\u00e9sifs en cliquant dessus, ou contactez-nous par t\u00e9l\u00e9phone. Nous vous aidons volontiers \u00e0 trouver le ruban adh\u00e9sif qui vous convient.<\/p>\n<p>cardinal TAPES \u00e9largit constamment sa <a title=\"Gamme de rubans adh\u00e9sifs de Cardinal GmbH\" href=\"\/klebebaender\/\">gamme de produits<\/a> et la maintient au niveau de d\u00e9veloppement le plus moderne. Nous n&#8217;avons donc aucun mal \u00e0 trouver la solution optimale pour vos souhaits individuels.<\/p>\n<p>Si vous avez des questions, nous nous ferons un plaisir de vous conseiller <a class=\"telelink\" title=\"Contactez-nous maintenant par t\u00e9l\u00e9phone pour un conseil personnalis\u00e9 \" href=\"tel:+490202266850\" target=\"_blank\" rel=\"nofollow\">personnellement<\/a>. N&#8217;h\u00e9sitez pas \u00e0 nous contacter ou \u00e0 utiliser notre <a title=\"Formulaire de contact Cardinal GmbH\" href=\"\/ueber-cardinal\/kontakt\/\">formulaire de demande<\/a> pour prendre contact avec nous. Nous nous r\u00e9jouissons de vous accueillir !<\/p>\n<\/div><\/section><\/p><\/div>\n\n<\/div><\/div><\/div><!-- close content main div --><\/div><\/div><div id='av_section_2'  class='avia-section av-r5nxy-469412af329bcc5f8dec47d5f655b23d main_color avia-section-default avia-no-border-styling  avia-builder-el-5  el_after_av_section  avia-builder-el-last  gradient-section avia-bg-style-scroll container_wrap fullsize'  ><div class='container av-section-cont-open' ><div class='template-page content  av-content-full alpha units'><div class='post-entry post-entry-type-page post-entry-31888'><div class='entry-content-wrapper clearfix'>\n<div  class='flex_column av-268ba-f45899f2990838d5916feffe161ac883 av_one_full  avia-builder-el-6  avia-builder-el-no-sibling  first flex_column_div av-animated-generic left-to-right  '     ><p><div class=\"pxl-headline pxl-hl hl-wrap | hl-sub--bot hl--align-left hl--no-margin    \">\n        <div class=\"hl-inner\">\n            <h2 class=\"hl-main hl-line |  hl_main--default  \">Points forts du produit<\/h2>\n            <span class=\"hl-sub hl-line |  hl_sub--default  \">Innovant et de haute qualit\u00e9<\/span>\n    <\/div>\n<\/div>\n<br \/>\n<div   data-autoplay=''  data-interval='5'  data-animation='fade'  data-hoverpause='1'  class='template-shop avia-content-slider avia-content-slider-active avia-product-slider1 avia-content-slider-even  avia-builder-el-8  el_after_pixel_sc_headline  el_before_av_button   shop_columns_4' ><div class='avia-content-slider-inner'><ul class=\"products slide-entry-wrap\"><li class=\"product type-product post-55630 status-publish first instock product_cat-rubans-adhesifs-simple-face product_cat-production-daluminium-traitement product_cat-industrie-du-beton product_cat-industrie-des-matieres-plastiques product_cat-acier-et-verre product_cat-secteur-du-transport has-post-thumbnail taxable shipping-taxable purchasable product-type-variable\">\n\t<div class='inner_product main_color wrapped_style noLightbox  av-product-class-no_button'><a href=\"https:\/\/cardinal-tapes.com\/fr\/rubans-adh\u00e9sifs\/domaines-dapplication\/production-daluminium-traitement\/ca-221-bande-filament-adhesive-longue-verticale-2\/\" class=\"woocommerce-LoopProduct-link woocommerce-loop-product__link\"><div class=\"thumbnail_container\"><img decoding=\"async\" loading=\"lazy\" width=\"450\" height=\"450\" src=\"https:\/\/cardinal-tapes.com\/wp-content\/uploads\/CA_221-450x450.jpg\" class=\"wp-image-26888 avia-img-lazy-loading-26888 attachment-shop_catalog size-shop_catalog wp-post-image\" alt=\"CA-221 Ruban adh\u00e9sif filament, renforc\u00e9 en longueur &amp; en largeur - d&#039;un c\u00f4t\u00e9, Film BOPP, Caoutchouc synth\u00e9tique - Illustration 26888\" srcset=\"https:\/\/cardinal-tapes.com\/wp-content\/uploads\/CA_221-450x450.jpg 450w, https:\/\/cardinal-tapes.com\/wp-content\/uploads\/CA_221-120x120.jpg 120w, https:\/\/cardinal-tapes.com\/wp-content\/uploads\/CA_221-80x80.jpg 80w, https:\/\/cardinal-tapes.com\/wp-content\/uploads\/CA_221-200x200.jpg 200w, https:\/\/cardinal-tapes.com\/wp-content\/uploads\/CA_221-768x768.jpg 768w, https:\/\/cardinal-tapes.com\/wp-content\/uploads\/CA_221-1030x1030.jpg 1030w, https:\/\/cardinal-tapes.com\/wp-content\/uploads\/CA_221-36x36.jpg 36w, https:\/\/cardinal-tapes.com\/wp-content\/uploads\/CA_221-180x180.jpg 180w, https:\/\/cardinal-tapes.com\/wp-content\/uploads\/CA_221-705x705.jpg 705w, https:\/\/cardinal-tapes.com\/wp-content\/uploads\/CA_221-100x100.jpg 100w, https:\/\/cardinal-tapes.com\/wp-content\/uploads\/CA_221.jpg 1400w\" sizes=\"auto, (max-width: 450px) 100vw, 450px\" \/><\/div><div class='inner_product_header'><div class='avia-arrow'><\/div><div class='inner_product_header_table'><div class='inner_product_header_cell'><span class=\"is-h2 woocommerce-loop-product__title\">CA-221 Ruban adh\u00e9sif filament, renforc\u00e9 en longueur &amp; en largeur<\/span>\t\t<div class=\"product-infos\">\n\t\t\t\t\t\t\t<span class='product-infos__item'><b>Rev\u00eatement:<\/b> d'un c\u00f4t\u00e9<\/span>\n\t\t\t\t\t\t\t\t\t\t<span class='product-infos__item'><b>Type de mat\u00e9riau:<\/b> Film BOPP<\/span>\n\t\t\t\t\t\t\t\t\t\t<span class='product-infos__item'><b>Fabricant:<\/b> cardinal GmbH<\/span>\n\t\t\t\t\t\t\t\t\t\t<span class='product-infos__item'><b>Prix sur demande<\/b><\/span>\n\t\t\t\t\t<\/div>\n\t<\/div><\/div><\/div><\/a><\/div><\/li>\n<li class=\"product type-product post-59510 status-publish instock product_cat-secteur-du-transport product_cat-rubans-adhesifs-simple-face product_cat-film-pp-fr product_cat-systemes-demballage has-post-thumbnail taxable shipping-taxable purchasable product-type-variable\">\n\t<div class='inner_product main_color wrapped_style noLightbox  av-product-class-no_button'><a href=\"https:\/\/cardinal-tapes.com\/fr\/rubans-adh\u00e9sifs\/rubans-adhesifs-simple-face\/film-pp-fr\/tesa-4089-universel-pp-ruban-demballage\/\" class=\"woocommerce-LoopProduct-link woocommerce-loop-product__link\"><div class=\"thumbnail_container\"><img decoding=\"async\" loading=\"lazy\" width=\"450\" height=\"450\" src=\"https:\/\/cardinal-tapes.com\/wp-content\/uploads\/tesa-4089-1-450x450.jpg\" class=\"wp-image-26180 avia-img-lazy-loading-26180 attachment-shop_catalog size-shop_catalog wp-post-image\" alt=\"tesapack\u00ae 4089 Ruban adh\u00e9sif d&#039;emballage universel en PP - d&#039;un c\u00f4t\u00e9, Polypropyl\u00e8ne, Caoutchouc naturel - Illustration 26180\" srcset=\"https:\/\/cardinal-tapes.com\/wp-content\/uploads\/tesa-4089-1-450x450.jpg 450w, https:\/\/cardinal-tapes.com\/wp-content\/uploads\/tesa-4089-1-120x120.jpg 120w, https:\/\/cardinal-tapes.com\/wp-content\/uploads\/tesa-4089-1-80x80.jpg 80w, https:\/\/cardinal-tapes.com\/wp-content\/uploads\/tesa-4089-1-200x200.jpg 200w, https:\/\/cardinal-tapes.com\/wp-content\/uploads\/tesa-4089-1-36x36.jpg 36w, https:\/\/cardinal-tapes.com\/wp-content\/uploads\/tesa-4089-1-180x180.jpg 180w, https:\/\/cardinal-tapes.com\/wp-content\/uploads\/tesa-4089-1-100x100.jpg 100w, https:\/\/cardinal-tapes.com\/wp-content\/uploads\/tesa-4089-1.jpg 600w\" sizes=\"auto, (max-width: 450px) 100vw, 450px\" \/><\/div><div class='inner_product_header'><div class='avia-arrow'><\/div><div class='inner_product_header_table'><div class='inner_product_header_cell'><span class=\"is-h2 woocommerce-loop-product__title\">tesapack\u00ae 4089 Ruban adh\u00e9sif d&#8217;emballage universel en PP<\/span>\t\t<div class=\"product-infos\">\n\t\t\t\t\t\t\t<span class='product-infos__item'><b>Rev\u00eatement:<\/b> d'un c\u00f4t\u00e9<\/span>\n\t\t\t\t\t\t\t\t\t\t<span class='product-infos__item'><b>Type de mat\u00e9riau:<\/b> Polypropyl\u00e8ne<\/span>\n\t\t\t\t\t\t\t\t\t\t<span class='product-infos__item'><b>Fabricant:<\/b> tesa<\/span>\n\t\t\t\t\t\t\t\t\t\t<span class='product-infos__item'><b>Prix sur demande<\/b><\/span>\n\t\t\t\t\t<\/div>\n\t<\/div><\/div><\/div><\/a><\/div><\/li>\n<li class=\"product type-product post-46712 status-publish instock product_cat-secteur-du-transport product_cat-rubans-adhesifs-simple-face product_cat-film-pvc product_cat-systemes-demballage has-post-thumbnail taxable shipping-taxable purchasable product-type-variable\">\n\t<div class='inner_product main_color wrapped_style noLightbox  av-product-class-no_button'><a href=\"https:\/\/cardinal-tapes.com\/fr\/rubans-adh\u00e9sifs\/rubans-adhesifs-simple-face\/film-pvc\/ca-53-i-pvc-bande-adhesive-demballage\/\" class=\"woocommerce-LoopProduct-link woocommerce-loop-product__link\"><div class=\"thumbnail_container\"><img decoding=\"async\" loading=\"lazy\" width=\"450\" height=\"450\" src=\"https:\/\/cardinal-tapes.com\/wp-content\/uploads\/CA_Mix_04_retouched-450x450.jpg\" class=\"wp-image-26932 avia-img-lazy-loading-26932 attachment-shop_catalog size-shop_catalog wp-post-image\" alt=\"CA-53\/I Ruban adh\u00e9sif en PVC \/ Ruban adh\u00e9sif d&#039;emballage - d&#039;un c\u00f4t\u00e9, Film PVC, Caoutchouc naturel - Illustration 26932\" srcset=\"https:\/\/cardinal-tapes.com\/wp-content\/uploads\/CA_Mix_04_retouched-450x450.jpg 450w, https:\/\/cardinal-tapes.com\/wp-content\/uploads\/CA_Mix_04_retouched-120x120.jpg 120w, https:\/\/cardinal-tapes.com\/wp-content\/uploads\/CA_Mix_04_retouched-80x80.jpg 80w, https:\/\/cardinal-tapes.com\/wp-content\/uploads\/CA_Mix_04_retouched-36x36.jpg 36w, https:\/\/cardinal-tapes.com\/wp-content\/uploads\/CA_Mix_04_retouched-180x180.jpg 180w, https:\/\/cardinal-tapes.com\/wp-content\/uploads\/CA_Mix_04_retouched-100x100.jpg 100w\" sizes=\"auto, (max-width: 450px) 100vw, 450px\" \/><\/div><div class='inner_product_header'><div class='avia-arrow'><\/div><div class='inner_product_header_table'><div class='inner_product_header_cell'><span class=\"is-h2 woocommerce-loop-product__title\">CA-53\/I Ruban adh\u00e9sif en PVC \/ Ruban adh\u00e9sif d&#8217;emballage<\/span>\t\t<div class=\"product-infos\">\n\t\t\t\t\t\t\t<span class='product-infos__item'><b>Rev\u00eatement:<\/b> d'un c\u00f4t\u00e9<\/span>\n\t\t\t\t\t\t\t\t\t\t<span class='product-infos__item'><b>Type de mat\u00e9riau:<\/b> Film PVC<\/span>\n\t\t\t\t\t\t\t\t\t\t<span class='product-infos__item'><b>Fabricant:<\/b> cardinal GmbH<\/span>\n\t\t\t\t\t\t\t\t\t\t<span class='product-infos__item'><b>Prix sur demande<\/b><\/span>\n\t\t\t\t\t<\/div>\n\t<\/div><\/div><\/div><\/a><\/div><\/li>\n<li class=\"product type-product post-41782 status-publish last instock product_cat-secteur-du-transport product_cat-rubans-adhesifs-simple-face has-post-thumbnail taxable shipping-taxable product-type-variable\">\n\t<div class='inner_product main_color wrapped_style noLightbox  av-product-class-no_button'><a href=\"https:\/\/cardinal-tapes.com\/fr\/rubans-adh\u00e9sifs\/domaines-dapplication\/secteur-du-transport\/norseal-fs1000-bande-de-mousse\/\" class=\"woocommerce-LoopProduct-link woocommerce-loop-product__link\"><div class=\"thumbnail_container\"><img decoding=\"async\" loading=\"lazy\" width=\"415\" height=\"415\" src=\"https:\/\/cardinal-tapes.com\/wp-content\/uploads\/Norseal-FS1000-A_153120-1.png\" class=\"wp-image-28528 avia-img-lazy-loading-28528 attachment-shop_catalog size-shop_catalog wp-post-image\" alt=\"Bande de mousse Norseal\u00ae FS1000 - d&#039;un c\u00f4t\u00e9, Mousse PU, Acrylate - Illustration 28528\" srcset=\"https:\/\/cardinal-tapes.com\/wp-content\/uploads\/Norseal-FS1000-A_153120-1.png 415w, https:\/\/cardinal-tapes.com\/wp-content\/uploads\/Norseal-FS1000-A_153120-1-120x120.png 120w, https:\/\/cardinal-tapes.com\/wp-content\/uploads\/Norseal-FS1000-A_153120-1-80x80.png 80w, https:\/\/cardinal-tapes.com\/wp-content\/uploads\/Norseal-FS1000-A_153120-1-200x200.png 200w, https:\/\/cardinal-tapes.com\/wp-content\/uploads\/Norseal-FS1000-A_153120-1-36x36.png 36w, https:\/\/cardinal-tapes.com\/wp-content\/uploads\/Norseal-FS1000-A_153120-1-180x180.png 180w, https:\/\/cardinal-tapes.com\/wp-content\/uploads\/Norseal-FS1000-A_153120-1-100x100.png 100w\" sizes=\"auto, (max-width: 415px) 100vw, 415px\" \/><\/div><div class='inner_product_header'><div class='avia-arrow'><\/div><div class='inner_product_header_table'><div class='inner_product_header_cell'><span class=\"is-h2 woocommerce-loop-product__title\">Bande de mousse Norseal\u00ae FS1000<\/span>\t\t<div class=\"product-infos\">\n\t\t\t\t\t\t\t<span class='product-infos__item'><b>Rev\u00eatement:<\/b> d'un c\u00f4t\u00e9<\/span>\n\t\t\t\t\t\t\t\t\t\t<span class='product-infos__item'><b>Type de mat\u00e9riau:<\/b> Mousse PU<\/span>\n\t\t\t\t\t\t\t\t\t\t<span class='product-infos__item'><b>Fabricant:<\/b> Saint-Gobain Norseal<\/span>\n\t\t\t\t\t\t\t\t\t\t<span class='product-infos__item'><b>Prix sur demande<\/b><\/span>\n\t\t\t\t\t<\/div>\n\t<\/div><\/div><\/div><\/a><\/div><\/li>\n<\/ul><\/div><\/div><div class=\"clear\"><\/div><br \/>\n<div  class='avia-button-wrap av-1377y-3ebb64c4ced659ca0c28ea1ba6376aed-wrap avia-button-left '><a href='https:\/\/cardinal-tapes.com\/fr\/rubans-adhesifs-fr\/'  class='avia-button av-1377y-3ebb64c4ced659ca0c28ea1ba6376aed avia-icon_select-no avia-size-medium avia-position-left avia-color-theme-color layout-border color-white'  ><span class='avia_iconbox_title' >Tous les produits<\/span><\/a><\/div><\/p><\/div>\n","protected":false},"excerpt":{"rendered":"","protected":false},"author":1,"featured_media":0,"parent":30752,"menu_order":7,"comment_status":"closed","ping_status":"closed","template":"","meta":{"_acf_changed":false,"footnotes":""},"class_list":["post-31888","page","type-page","status-publish","hentry"],"acf":[],"yoast_head":"<!-- This site is optimized with the Yoast SEO plugin v27.4 - https:\/\/yoast.com\/product\/yoast-seo-wordpress\/ -->\n<title>Rubans adh\u00e9sifs pour le secteur du transport | cardinal Tapes<\/title>\n<meta name=\"description\" content=\"Nos Gaffer Tapes, Duct Tapes et rubans adh\u00e9sifs double face, ainsi que les Strapping Tapes r\u00e9pondent exactement aux exigences du secteur du transport. En savoir plus.\" \/>\n<meta name=\"robots\" content=\"index, follow, max-snippet:-1, max-image-preview:large, max-video-preview:-1\" \/>\n<link rel=\"canonical\" href=\"https:\/\/cardinal-tapes.com\/fr\/rubans-adhesifs-fr\/domaines-dapplication\/secteur-des-transports\/\" \/>\n<meta property=\"og:locale\" content=\"fr_FR\" \/>\n<meta property=\"og:type\" content=\"article\" \/>\n<meta property=\"og:title\" content=\"Rubans adh\u00e9sifs pour le secteur du transport | cardinal Tapes\" \/>\n<meta property=\"og:description\" content=\"Nos Gaffer Tapes, Duct Tapes et rubans adh\u00e9sifs double face, ainsi que les Strapping Tapes r\u00e9pondent exactement aux exigences du secteur du transport. En savoir plus.\" \/>\n<meta property=\"og:url\" content=\"https:\/\/cardinal-tapes.com\/fr\/rubans-adhesifs-fr\/domaines-dapplication\/secteur-des-transports\/\" \/>\n<meta property=\"og:site_name\" content=\"cardinal TAPES\" \/>\n<meta property=\"article:modified_time\" content=\"2023-06-16T14:49:07+00:00\" \/>\n<meta name=\"twitter:card\" content=\"summary_large_image\" \/>\n<meta name=\"twitter:label1\" content=\"Dur\u00e9e de lecture estim\u00e9e\" \/>\n\t<meta name=\"twitter:data1\" content=\"5 minutes\" \/>\n<script type=\"application\/ld+json\" class=\"yoast-schema-graph\">{\"@context\":\"https:\\\/\\\/schema.org\",\"@graph\":[{\"@type\":\"WebPage\",\"@id\":\"https:\\\/\\\/cardinal-tapes.com\\\/fr\\\/rubans-adhesifs-fr\\\/domaines-dapplication\\\/secteur-des-transports\\\/\",\"url\":\"https:\\\/\\\/cardinal-tapes.com\\\/fr\\\/rubans-adhesifs-fr\\\/domaines-dapplication\\\/secteur-des-transports\\\/\",\"name\":\"Rubans adh\u00e9sifs pour le secteur du transport | cardinal Tapes\",\"isPartOf\":{\"@id\":\"https:\\\/\\\/cardinal-tapes.com\\\/#website\"},\"datePublished\":\"2017-12-19T10:55:43+00:00\",\"dateModified\":\"2023-06-16T14:49:07+00:00\",\"description\":\"Nos Gaffer Tapes, Duct Tapes et rubans adh\u00e9sifs double face, ainsi que les Strapping Tapes r\u00e9pondent exactement aux exigences du secteur du transport. En savoir plus.\",\"breadcrumb\":{\"@id\":\"https:\\\/\\\/cardinal-tapes.com\\\/fr\\\/rubans-adhesifs-fr\\\/domaines-dapplication\\\/secteur-des-transports\\\/#breadcrumb\"},\"inLanguage\":\"fr-FR\",\"potentialAction\":[{\"@type\":\"ReadAction\",\"target\":[\"https:\\\/\\\/cardinal-tapes.com\\\/fr\\\/rubans-adhesifs-fr\\\/domaines-dapplication\\\/secteur-des-transports\\\/\"]}]},{\"@type\":\"BreadcrumbList\",\"@id\":\"https:\\\/\\\/cardinal-tapes.com\\\/fr\\\/rubans-adhesifs-fr\\\/domaines-dapplication\\\/secteur-des-transports\\\/#breadcrumb\",\"itemListElement\":[{\"@type\":\"ListItem\",\"position\":1,\"name\":\"Startseite\",\"item\":\"https:\\\/\\\/cardinal-tapes.com\\\/fr\\\/accueil\\\/\"},{\"@type\":\"ListItem\",\"position\":2,\"name\":\"Rubans adh\u00e9sifs\",\"item\":\"https:\\\/\\\/cardinal-tapes.com\\\/fr\\\/rubans-adhesifs-fr\\\/\"},{\"@type\":\"ListItem\",\"position\":3,\"name\":\"Domaines d&#8217;application\",\"item\":\"https:\\\/\\\/cardinal-tapes.com\\\/fr\\\/rubans-adhesifs-fr__trashed\\\/domaines-dapplication\\\/\"},{\"@type\":\"ListItem\",\"position\":4,\"name\":\"Secteur des transports\"}]},{\"@type\":\"WebSite\",\"@id\":\"https:\\\/\\\/cardinal-tapes.com\\\/#website\",\"url\":\"https:\\\/\\\/cardinal-tapes.com\\\/\",\"name\":\"cardinal TAPES\",\"description\":\"Klebetechnik aus Wuppertal\",\"potentialAction\":[{\"@type\":\"SearchAction\",\"target\":{\"@type\":\"EntryPoint\",\"urlTemplate\":\"https:\\\/\\\/cardinal-tapes.com\\\/?s={search_term_string}\"},\"query-input\":{\"@type\":\"PropertyValueSpecification\",\"valueRequired\":true,\"valueName\":\"search_term_string\"}}],\"inLanguage\":\"fr-FR\"}]}<\/script>\n<!-- \/ Yoast SEO plugin. -->","yoast_head_json":{"title":"Rubans adh\u00e9sifs pour le secteur du transport | cardinal Tapes","description":"Nos Gaffer Tapes, Duct Tapes et rubans adh\u00e9sifs double face, ainsi que les Strapping Tapes r\u00e9pondent exactement aux exigences du secteur du transport. En savoir plus.","robots":{"index":"index","follow":"follow","max-snippet":"max-snippet:-1","max-image-preview":"max-image-preview:large","max-video-preview":"max-video-preview:-1"},"canonical":"https:\/\/cardinal-tapes.com\/fr\/rubans-adhesifs-fr\/domaines-dapplication\/secteur-des-transports\/","og_locale":"fr_FR","og_type":"article","og_title":"Rubans adh\u00e9sifs pour le secteur du transport | cardinal Tapes","og_description":"Nos Gaffer Tapes, Duct Tapes et rubans adh\u00e9sifs double face, ainsi que les Strapping Tapes r\u00e9pondent exactement aux exigences du secteur du transport. En savoir plus.","og_url":"https:\/\/cardinal-tapes.com\/fr\/rubans-adhesifs-fr\/domaines-dapplication\/secteur-des-transports\/","og_site_name":"cardinal TAPES","article_modified_time":"2023-06-16T14:49:07+00:00","twitter_card":"summary_large_image","twitter_misc":{"Dur\u00e9e de lecture estim\u00e9e":"5 minutes"},"schema":{"@context":"https:\/\/schema.org","@graph":[{"@type":"WebPage","@id":"https:\/\/cardinal-tapes.com\/fr\/rubans-adhesifs-fr\/domaines-dapplication\/secteur-des-transports\/","url":"https:\/\/cardinal-tapes.com\/fr\/rubans-adhesifs-fr\/domaines-dapplication\/secteur-des-transports\/","name":"Rubans adh\u00e9sifs pour le secteur du transport | cardinal Tapes","isPartOf":{"@id":"https:\/\/cardinal-tapes.com\/#website"},"datePublished":"2017-12-19T10:55:43+00:00","dateModified":"2023-06-16T14:49:07+00:00","description":"Nos Gaffer Tapes, Duct Tapes et rubans adh\u00e9sifs double face, ainsi que les Strapping Tapes r\u00e9pondent exactement aux exigences du secteur du transport. En savoir plus.","breadcrumb":{"@id":"https:\/\/cardinal-tapes.com\/fr\/rubans-adhesifs-fr\/domaines-dapplication\/secteur-des-transports\/#breadcrumb"},"inLanguage":"fr-FR","potentialAction":[{"@type":"ReadAction","target":["https:\/\/cardinal-tapes.com\/fr\/rubans-adhesifs-fr\/domaines-dapplication\/secteur-des-transports\/"]}]},{"@type":"BreadcrumbList","@id":"https:\/\/cardinal-tapes.com\/fr\/rubans-adhesifs-fr\/domaines-dapplication\/secteur-des-transports\/#breadcrumb","itemListElement":[{"@type":"ListItem","position":1,"name":"Startseite","item":"https:\/\/cardinal-tapes.com\/fr\/accueil\/"},{"@type":"ListItem","position":2,"name":"Rubans adh\u00e9sifs","item":"https:\/\/cardinal-tapes.com\/fr\/rubans-adhesifs-fr\/"},{"@type":"ListItem","position":3,"name":"Domaines d&#8217;application","item":"https:\/\/cardinal-tapes.com\/fr\/rubans-adhesifs-fr__trashed\/domaines-dapplication\/"},{"@type":"ListItem","position":4,"name":"Secteur des transports"}]},{"@type":"WebSite","@id":"https:\/\/cardinal-tapes.com\/#website","url":"https:\/\/cardinal-tapes.com\/","name":"cardinal TAPES","description":"Klebetechnik aus Wuppertal","potentialAction":[{"@type":"SearchAction","target":{"@type":"EntryPoint","urlTemplate":"https:\/\/cardinal-tapes.com\/?s={search_term_string}"},"query-input":{"@type":"PropertyValueSpecification","valueRequired":true,"valueName":"search_term_string"}}],"inLanguage":"fr-FR"}]}},"_links":{"self":[{"href":"https:\/\/cardinal-tapes.com\/fr\/wp-json\/wp\/v2\/pages\/31888","targetHints":{"allow":["GET"]}}],"collection":[{"href":"https:\/\/cardinal-tapes.com\/fr\/wp-json\/wp\/v2\/pages"}],"about":[{"href":"https:\/\/cardinal-tapes.com\/fr\/wp-json\/wp\/v2\/types\/page"}],"author":[{"embeddable":true,"href":"https:\/\/cardinal-tapes.com\/fr\/wp-json\/wp\/v2\/users\/1"}],"replies":[{"embeddable":true,"href":"https:\/\/cardinal-tapes.com\/fr\/wp-json\/wp\/v2\/comments?post=31888"}],"version-history":[{"count":0,"href":"https:\/\/cardinal-tapes.com\/fr\/wp-json\/wp\/v2\/pages\/31888\/revisions"}],"up":[{"embeddable":true,"href":"https:\/\/cardinal-tapes.com\/fr\/wp-json\/wp\/v2\/pages\/30752"}],"wp:attachment":[{"href":"https:\/\/cardinal-tapes.com\/fr\/wp-json\/wp\/v2\/media?parent=31888"}],"curies":[{"name":"wp","href":"https:\/\/api.w.org\/{rel}","templated":true}]}}