{"id":31859,"date":"2023-06-02T11:00:21","date_gmt":"2023-06-02T09:00:21","guid":{"rendered":"https:\/\/cardinal.pixel-tal.de\/rubans-adhesifs\/abc-du-ruban-adhesif\/gaffer-tape\/"},"modified":"2023-06-14T10:47:09","modified_gmt":"2023-06-14T08:47:09","slug":"gaffer-tape","status":"publish","type":"page","link":"https:\/\/cardinal-tapes.com\/fr\/rubans-adhesifs-fr\/abc-du-ruban-adhesif\/gaffer-tape\/","title":{"rendered":"Gaffer Tape"},"content":{"rendered":"<div id='av_section_1'  class='avia-section av-bydtqc-24fedfd326f384209f24a9edcefe0d87 alternate_color avia-section-default avia-no-border-styling  avia-builder-el-0  el_before_av_section  avia-builder-el-first  avia-bg-style-scroll container_wrap fullsize'  ><div class='container av-section-cont-open' ><main  role=\"main\" itemprop=\"mainContentOfPage\"  class='template-page content  av-content-full alpha units'><div class='post-entry post-entry-type-page post-entry-31859'><div class='entry-content-wrapper clearfix'>\n<div  class='flex_column av-a58kpw-75abf82ad90fdc81efbde074836a6b4a av_one_full  avia-builder-el-1  el_before_av_one_half  avia-builder-el-first  first flex_column_div  '     ><div class=\"pxl-headline pxl-hl hl-wrap | hl-sub--bot hl--align-left hl--no-margin    \">\n        <div class=\"hl-inner\">\n            <h2 class=\"hl-main hl-line |  hl_main--default  \">Gaffer Tape<\/h2>\n            \n    <\/div>\n<\/div><\/div><div  class='flex_column av-9bcefo-bee8d7c371b958019caa9fd446c8be36 av_one_half  avia-builder-el-3  el_after_av_one_full  el_before_av_one_half  first flex_column_div  column-top-margin'     ><section  class='av_textblock_section av-abkmlg-45696c965b57957ec6c0519b673796c7 '   itemscope=\"itemscope\" itemtype=\"https:\/\/schema.org\/CreativeWork\" ><div class='avia_textblock'  itemprop=\"text\" ><p>Un type de ruban adh\u00e9sif tr\u00e8s important est le Gaffer Tape. Ces <a href=\"\/klebebaender\/\">rubans adh\u00e9sifs<\/a> peuvent \u00eatre utilis\u00e9s dans diff\u00e9rents domaines, mais au quotidien, ils sont surtout utilis\u00e9s lors de <a href=\"https:\/\/cardinal-tapes.com\/fr\/rubans-adhesifs-fr\/domaines-dapplication\/technique-evenementielle\/\">concerts, de salons et d&#8217;autres \u00e9v\u00e9nements<\/a>. Concr\u00e8tement, le Gaffer Tape permet de fixer des c\u00e2bles, de combler des lacunes ou de marquer des zones. Ces applications sont possibles gr\u00e2ce aux propri\u00e9t\u00e9s sp\u00e9ciales du Gaffer Tape.<\/p>\n<\/div><\/section><\/div><div  class='flex_column av-7ienhg-bbbf7125f4c8a33d4bcedbe45f9e707d av_one_half  avia-builder-el-5  el_after_av_one_half  avia-builder-el-last  flex_column_div  column-top-margin'     ><section  class='av_textblock_section av-705ad0-4f23ee799f11f61cc32da429b5325905 '   itemscope=\"itemscope\" itemtype=\"https:\/\/schema.org\/CreativeWork\" ><div class='avia_textblock small'  itemprop=\"text\" ><h4>Les particularit\u00e9s du Gaffer Tape<\/h4>\n<p>Les caract\u00e9ristiques particuli\u00e8res du Gaffer Tape sont avant tout son pouvoir adh\u00e9sif \u00e9lev\u00e9 et son excellente facilit\u00e9 d&#8217;utilisation. De plus, le ruban adh\u00e9sif peut \u00eatre retir\u00e9 facilement de la surface sans laisser de traces. Comme le Gaffer Tape peut \u00eatre arrach\u00e9 \u00e0 la main, il est particuli\u00e8rement appr\u00e9ci\u00e9 dans le domaine souvent mouvement\u00e9 de la construction de sc\u00e8nes. Les c\u00e2bles peuvent \u00eatre rapidement fix\u00e9s, les r\u00e9glages du son sauvegard\u00e9s ou les petites r\u00e9parations effectu\u00e9es. En outre, les diff\u00e9rents rubans adh\u00e9sifs apportent des caract\u00e9ristiques et des avantages diff\u00e9rents. Par exemple, les rubans adh\u00e9sifs sont disponibles en diff\u00e9rentes couleurs et mat\u00e9riaux afin de r\u00e9pondre \u00e0 des besoins sp\u00e9cifiques.<\/p>\n<p>Si vous avez des questions sur notre Gaffer Tape, nous vous conseillerons volontiers. <a href=\"https:\/\/cardinal-tapes.com\/fr\/confection\/\">Nous confectionnons<\/a> nos rubans adh\u00e9sifs de mani\u00e8re \u00e0 toujours disposer du bon Gaffer Tape, m\u00eame en cas d&#8217;exigences particuli\u00e8res.<\/p>\n<\/div><\/section><\/div>\n\n<\/div><\/div><\/main><!-- close content main element --><\/div><\/div><div id='av_section_2'  class='avia-section av-5v7b38-b5ea04b08857902e60e9a445f95c2aa2 main_color avia-section-default avia-no-border-styling  avia-builder-el-7  el_after_av_section  avia-builder-el-last  gradient-section avia-bg-style-scroll container_wrap fullsize'  ><div class='container av-section-cont-open' ><div class='template-page content  av-content-full alpha units'><div class='post-entry post-entry-type-page post-entry-31859'><div class='entry-content-wrapper clearfix'>\n<div  class='flex_column av-42qhpg-a3675757c660d1e9dc0ccf5aebb9d5f2 av_one_full  avia-builder-el-8  avia-builder-el-no-sibling  first flex_column_div  '     ><p><div class=\"pxl-headline pxl-hl hl-wrap | hl-sub--bot hl--align-left hl--no-margin    \">\n        <div class=\"hl-inner\">\n            <h2 class=\"hl-main hl-line |  hl_main--default  \">Produits int\u00e9ressants<\/h2>\n            \n    <\/div>\n<\/div>\n<br \/>\n<div   data-autoplay=''  data-interval='5'  data-animation='fade'  data-hoverpause='1'  class='template-shop avia-content-slider avia-content-slider-active avia-product-slider1 avia-content-slider-even  avia-builder-el-10  el_after_pixel_sc_headline  el_before_av_button   shop_columns_4' ><div class='avia-content-slider-inner'><ul class=\"products slide-entry-wrap\"><li class=\"product type-product post-55629 status-publish first instock product_cat-ruban-adhesif-en-tissu product_cat-industrie-textile product_cat-rubans-adhesifs-simple-face product_cat-gaffer-tape-fr product_cat-industrie-du-batiment product_cat-industrie-du-beton has-post-thumbnail taxable shipping-taxable purchasable product-type-variable\">\n\t<div class='inner_product main_color wrapped_style noLightbox  av-product-class-no_button'><a href=\"https:\/\/cardinal-tapes.com\/fr\/rubans-adh\u00e9sifs\/rubans-adhesifs-simple-face\/gaffer-tape-fr\/ca-34-pe-bande-adhesive-tissee-enduite\/\" class=\"woocommerce-LoopProduct-link woocommerce-loop-product__link\"><div class=\"thumbnail_container\"><img decoding=\"async\" loading=\"lazy\" width=\"450\" height=\"450\" src=\"https:\/\/cardinal-tapes.com\/wp-content\/uploads\/CA_34_02_retouched-450x450.jpg\" class=\"wp-image-26856 avia-img-lazy-loading-26856 attachment-shop_catalog size-shop_catalog wp-post-image\" alt=\"CA-34 Ruban adh\u00e9sif en tissu enduit de PE - d&#039;un c\u00f4t\u00e9, Tissu, Caoutchouc naturel - Illustration 26856\" srcset=\"https:\/\/cardinal-tapes.com\/wp-content\/uploads\/CA_34_02_retouched-450x450.jpg 450w, https:\/\/cardinal-tapes.com\/wp-content\/uploads\/CA_34_02_retouched-120x120.jpg 120w, https:\/\/cardinal-tapes.com\/wp-content\/uploads\/CA_34_02_retouched-80x80.jpg 80w, https:\/\/cardinal-tapes.com\/wp-content\/uploads\/CA_34_02_retouched-36x36.jpg 36w, https:\/\/cardinal-tapes.com\/wp-content\/uploads\/CA_34_02_retouched-180x180.jpg 180w, https:\/\/cardinal-tapes.com\/wp-content\/uploads\/CA_34_02_retouched-100x100.jpg 100w\" sizes=\"auto, (max-width: 450px) 100vw, 450px\" \/><\/div><div class='inner_product_header'><div class='avia-arrow'><\/div><div class='inner_product_header_table'><div class='inner_product_header_cell'><span class=\"is-h2 woocommerce-loop-product__title\">CA-34 Ruban adh\u00e9sif en tissu enduit de PE<\/span>\t\t<div class=\"product-infos\">\n\t\t\t\t\t\t\t<span class='product-infos__item'><b>Rev\u00eatement:<\/b> d'un c\u00f4t\u00e9<\/span>\n\t\t\t\t\t\t\t\t\t\t<span class='product-infos__item'><b>Type de mat\u00e9riau:<\/b> Tissu<\/span>\n\t\t\t\t\t\t\t\t\t\t<span class='product-infos__item'><b>Fabricant:<\/b> cardinal GmbH<\/span>\n\t\t\t\t\t\t\t\t\t\t<span class='product-infos__item'><b>Prix sur demande<\/b><\/span>\n\t\t\t\t\t<\/div>\n\t<\/div><\/div><\/div><\/a><\/div><\/li>\n<li class=\"product type-product post-38651 status-publish instock product_cat-gaffer-tape-fr product_cat-ruban-adhesif-en-tissu product_cat-ruban-enduit-de-plastique product_cat-industrie-des-matieres-plastiques product_cat-construction-de-machines product_cat-rubans-adhesifs-simple-face has-post-thumbnail featured taxable shipping-taxable purchasable product-type-variable\">\n\t<div class='inner_product main_color wrapped_style noLightbox  av-product-class-no_button'><a href=\"https:\/\/cardinal-tapes.com\/fr\/rubans-adh\u00e9sifs\/rubans-adhesifs-simple-face\/gaffer-tape-fr\/scapa-t3601-bande-tissee-ignifugee-et-etanche-a-leau\/\" class=\"woocommerce-LoopProduct-link woocommerce-loop-product__link\"><div class=\"thumbnail_container\"><img decoding=\"async\" loading=\"lazy\" width=\"450\" height=\"450\" src=\"https:\/\/cardinal-tapes.com\/wp-content\/uploads\/T3601-450x450.jpg\" class=\"wp-image-29092 avia-img-lazy-loading-29092 attachment-shop_catalog size-shop_catalog wp-post-image\" alt=\"Scapa T3601 bande tiss\u00e9e ignifuge et imperm\u00e9able - d&#039;un c\u00f4t\u00e9, Tissu, Caoutchouc naturel - Illustration 29092\" srcset=\"https:\/\/cardinal-tapes.com\/wp-content\/uploads\/T3601-450x450.jpg 450w, https:\/\/cardinal-tapes.com\/wp-content\/uploads\/T3601-80x80.jpg 80w, https:\/\/cardinal-tapes.com\/wp-content\/uploads\/T3601-200x200.jpg 200w, https:\/\/cardinal-tapes.com\/wp-content\/uploads\/T3601-768x768.jpg 768w, https:\/\/cardinal-tapes.com\/wp-content\/uploads\/T3601-1030x1030.jpg 1030w, https:\/\/cardinal-tapes.com\/wp-content\/uploads\/T3601-1536x1536.jpg 1536w, https:\/\/cardinal-tapes.com\/wp-content\/uploads\/T3601-36x36.jpg 36w, https:\/\/cardinal-tapes.com\/wp-content\/uploads\/T3601-180x180.jpg 180w, https:\/\/cardinal-tapes.com\/wp-content\/uploads\/T3601-1500x1500.jpg 1500w, https:\/\/cardinal-tapes.com\/wp-content\/uploads\/T3601-705x705.jpg 705w, https:\/\/cardinal-tapes.com\/wp-content\/uploads\/T3601-120x120.jpg 120w, https:\/\/cardinal-tapes.com\/wp-content\/uploads\/T3601-100x100.jpg 100w, https:\/\/cardinal-tapes.com\/wp-content\/uploads\/T3601.jpg 2047w\" sizes=\"auto, (max-width: 450px) 100vw, 450px\" \/><\/div><div class='inner_product_header'><div class='avia-arrow'><\/div><div class='inner_product_header_table'><div class='inner_product_header_cell'><span class=\"is-h2 woocommerce-loop-product__title\">Scapa T3601 bande tiss\u00e9e ignifuge et imperm\u00e9able<\/span>\t\t<div class=\"product-infos\">\n\t\t\t\t\t\t\t<span class='product-infos__item'><b>Rev\u00eatement:<\/b> d'un c\u00f4t\u00e9<\/span>\n\t\t\t\t\t\t\t\t\t\t<span class='product-infos__item'><b>Type de mat\u00e9riau:<\/b> Tissu<\/span>\n\t\t\t\t\t\t\t\t\t\t<span class='product-infos__item'><b>Fabricant:<\/b> Scapa<\/span>\n\t\t\t\t\t\t\t\t\t\t<span class='product-infos__item'><b>Prix sur demande<\/b><\/span>\n\t\t\t\t\t<\/div>\n\t<\/div><\/div><\/div><\/a><\/div><\/li>\n<li class=\"product type-product post-38650 status-publish instock product_cat-ruban-adhesif-en-tissu product_cat-ruban-enduit-de-plastique product_cat-industrie-des-matieres-plastiques product_cat-construction-de-machines product_cat-acier-et-verre product_cat-industrie-textile product_cat-rubans-adhesifs-simple-face product_cat-artisanat-du-batiment product_cat-gaffer-tape-fr product_cat-industrie-du-batiment product_cat-industrie-du-beton product_cat-industrie-electrique has-post-thumbnail featured taxable shipping-taxable purchasable product-type-variable\">\n\t<div class='inner_product main_color wrapped_style noLightbox  av-product-class-no_button'><a href=\"https:\/\/cardinal-tapes.com\/fr\/rubans-adh\u00e9sifs\/rubans-adhesifs-simple-face\/gaffer-tape-fr\/tesa-4615-duct-tape\/\" class=\"woocommerce-LoopProduct-link woocommerce-loop-product__link\"><div class=\"thumbnail_container\"><img decoding=\"async\" loading=\"lazy\" width=\"450\" height=\"450\" src=\"https:\/\/cardinal-tapes.com\/wp-content\/uploads\/tesa-04615-PV1-general-purpose-duct-tape-31-recycled-share-gray-family-pr-450x450.jpg\" class=\"wp-image-77546 avia-img-lazy-loading-77546 attachment-shop_catalog size-shop_catalog wp-post-image\" alt=\"tesa\u00ae 4615 Duct Tape - d&#039;un c\u00f4t\u00e9, Tissu, Caoutchouc synth\u00e9tique - Illustration 77546\" srcset=\"https:\/\/cardinal-tapes.com\/wp-content\/uploads\/tesa-04615-PV1-general-purpose-duct-tape-31-recycled-share-gray-family-pr-450x450.jpg 450w, https:\/\/cardinal-tapes.com\/wp-content\/uploads\/tesa-04615-PV1-general-purpose-duct-tape-31-recycled-share-gray-family-pr-200x200.jpg 200w, https:\/\/cardinal-tapes.com\/wp-content\/uploads\/tesa-04615-PV1-general-purpose-duct-tape-31-recycled-share-gray-family-pr-1030x1030.jpg 1030w, https:\/\/cardinal-tapes.com\/wp-content\/uploads\/tesa-04615-PV1-general-purpose-duct-tape-31-recycled-share-gray-family-pr-80x80.jpg 80w, https:\/\/cardinal-tapes.com\/wp-content\/uploads\/tesa-04615-PV1-general-purpose-duct-tape-31-recycled-share-gray-family-pr-768x768.jpg 768w, https:\/\/cardinal-tapes.com\/wp-content\/uploads\/tesa-04615-PV1-general-purpose-duct-tape-31-recycled-share-gray-family-pr-1536x1536.jpg 1536w, https:\/\/cardinal-tapes.com\/wp-content\/uploads\/tesa-04615-PV1-general-purpose-duct-tape-31-recycled-share-gray-family-pr-2048x2048.jpg 2048w, https:\/\/cardinal-tapes.com\/wp-content\/uploads\/tesa-04615-PV1-general-purpose-duct-tape-31-recycled-share-gray-family-pr-36x36.jpg 36w, https:\/\/cardinal-tapes.com\/wp-content\/uploads\/tesa-04615-PV1-general-purpose-duct-tape-31-recycled-share-gray-family-pr-180x180.jpg 180w, https:\/\/cardinal-tapes.com\/wp-content\/uploads\/tesa-04615-PV1-general-purpose-duct-tape-31-recycled-share-gray-family-pr-1500x1500.jpg 1500w, https:\/\/cardinal-tapes.com\/wp-content\/uploads\/tesa-04615-PV1-general-purpose-duct-tape-31-recycled-share-gray-family-pr-705x705.jpg 705w, https:\/\/cardinal-tapes.com\/wp-content\/uploads\/tesa-04615-PV1-general-purpose-duct-tape-31-recycled-share-gray-family-pr-120x120.jpg 120w, https:\/\/cardinal-tapes.com\/wp-content\/uploads\/tesa-04615-PV1-general-purpose-duct-tape-31-recycled-share-gray-family-pr-100x100.jpg 100w\" sizes=\"auto, (max-width: 450px) 100vw, 450px\" \/><\/div><div class='inner_product_header'><div class='avia-arrow'><\/div><div class='inner_product_header_table'><div class='inner_product_header_cell'><span class=\"is-h2 woocommerce-loop-product__title\">tesa\u00ae 4615 Duct Tape<\/span>\t\t<div class=\"product-infos\">\n\t\t\t\t\t\t\t<span class='product-infos__item'><b>Rev\u00eatement:<\/b> d'un c\u00f4t\u00e9<\/span>\n\t\t\t\t\t\t\t\t\t\t<span class='product-infos__item'><b>Type de mat\u00e9riau:<\/b> Tissu<\/span>\n\t\t\t\t\t\t\t\t\t\t<span class='product-infos__item'><b>Fabricant:<\/b> tesa<\/span>\n\t\t\t\t\t\t\t\t\t\t<span class='product-infos__item'><b>Prix sur demande<\/b><\/span>\n\t\t\t\t\t<\/div>\n\t<\/div><\/div><\/div><\/a><\/div><\/li>\n<li class=\"product type-product post-59804 status-publish last instock product_cat-industrie-du-beton product_cat-industrie-electrique product_cat-ruban-adhesif-en-tissu product_cat-ruban-enduit-de-plastique product_cat-industrie-des-matieres-plastiques product_cat-construction-de-machines product_cat-acier-et-verre product_cat-industrie-textile product_cat-rubans-adhesifs-simple-face product_cat-artisanat-du-batiment product_cat-gaffer-tape-fr product_cat-industrie-du-batiment has-post-thumbnail featured taxable shipping-taxable purchasable product-type-variable\">\n\t<div class='inner_product main_color wrapped_style noLightbox  av-product-class-no_button'><a href=\"https:\/\/cardinal-tapes.com\/fr\/rubans-adh\u00e9sifs\/rubans-adhesifs-simple-face\/gaffer-tape-fr\/tesa-4651-bande-tissee-premium\/\" class=\"woocommerce-LoopProduct-link woocommerce-loop-product__link\"><div class=\"thumbnail_container\"><img decoding=\"async\" loading=\"lazy\" width=\"450\" height=\"450\" src=\"https:\/\/cardinal-tapes.com\/wp-content\/uploads\/tesa-04651-450x450.jpg\" class=\"wp-image-26080 avia-img-lazy-loading-26080 attachment-shop_catalog size-shop_catalog wp-post-image\" alt=\"tesaband\u00ae 4651 Ruban tiss\u00e9 Premium - d&#039;un c\u00f4t\u00e9, Tissu, Caoutchouc naturel - Illustration 26080\" srcset=\"https:\/\/cardinal-tapes.com\/wp-content\/uploads\/tesa-04651-450x450.jpg 450w, https:\/\/cardinal-tapes.com\/wp-content\/uploads\/tesa-04651-120x120.jpg 120w, https:\/\/cardinal-tapes.com\/wp-content\/uploads\/tesa-04651-80x80.jpg 80w, https:\/\/cardinal-tapes.com\/wp-content\/uploads\/tesa-04651-200x200.jpg 200w, https:\/\/cardinal-tapes.com\/wp-content\/uploads\/tesa-04651-36x36.jpg 36w, https:\/\/cardinal-tapes.com\/wp-content\/uploads\/tesa-04651-180x180.jpg 180w, https:\/\/cardinal-tapes.com\/wp-content\/uploads\/tesa-04651-100x100.jpg 100w, https:\/\/cardinal-tapes.com\/wp-content\/uploads\/tesa-04651.jpg 600w\" sizes=\"auto, (max-width: 450px) 100vw, 450px\" \/><\/div><div class='inner_product_header'><div class='avia-arrow'><\/div><div class='inner_product_header_table'><div class='inner_product_header_cell'><span class=\"is-h2 woocommerce-loop-product__title\">tesaband\u00ae 4651 Ruban tiss\u00e9 Premium<\/span>\t\t<div class=\"product-infos\">\n\t\t\t\t\t\t\t<span class='product-infos__item'><b>Rev\u00eatement:<\/b> d'un c\u00f4t\u00e9<\/span>\n\t\t\t\t\t\t\t\t\t\t<span class='product-infos__item'><b>Type de mat\u00e9riau:<\/b> Tissu<\/span>\n\t\t\t\t\t\t\t\t\t\t<span class='product-infos__item'><b>Fabricant:<\/b> tesa<\/span>\n\t\t\t\t\t\t\t\t\t\t<span class='product-infos__item'><b>Prix sur demande<\/b><\/span>\n\t\t\t\t\t<\/div>\n\t<\/div><\/div><\/div><\/a><\/div><\/li>\n<\/ul><\/div><\/div><div class=\"clear\"><\/div><br \/>\n<div  class='avia-button-wrap av-34fpjo-a8f898a4baecd8f06863117fd3b5402e-wrap avia-button-left '><a href='https:\/\/cardinal-tapes.com\/klebebaender\/'  class='avia-button av-34fpjo-a8f898a4baecd8f06863117fd3b5402e avia-icon_select-no avia-size-medium avia-position-left avia-color-theme-color layout-border color-white'  ><span class='avia_iconbox_title' >Tous les produits<\/span><\/a><\/div><\/p><\/div>\n","protected":false},"excerpt":{"rendered":"","protected":false},"author":1,"featured_media":0,"parent":30749,"menu_order":14,"comment_status":"closed","ping_status":"closed","template":"","meta":{"_acf_changed":false,"footnotes":""},"class_list":["post-31859","page","type-page","status-publish","hentry"],"acf":[],"yoast_head":"<!-- This site is optimized with the Yoast SEO plugin v27.3 - https:\/\/yoast.com\/product\/yoast-seo-wordpress\/ -->\n<title>Gaffer Tape - cardinal TAPES<\/title>\n<meta name=\"description\" content=\"Les caract\u00e9ristiques particuli\u00e8res du Gaffer Tape sont avant tout son pouvoir adh\u00e9sif \u00e9lev\u00e9 et son excellente facilit\u00e9 d&#039;utilisation.\" \/>\n<meta name=\"robots\" content=\"index, follow, max-snippet:-1, max-image-preview:large, max-video-preview:-1\" \/>\n<link rel=\"canonical\" href=\"https:\/\/cardinal-tapes.com\/fr\/rubans-adhesifs-fr\/abc-du-ruban-adhesif\/gaffer-tape\/\" \/>\n<meta property=\"og:locale\" content=\"fr_FR\" \/>\n<meta property=\"og:type\" content=\"article\" \/>\n<meta property=\"og:title\" content=\"Gaffer Tape - cardinal TAPES\" \/>\n<meta property=\"og:description\" content=\"Les caract\u00e9ristiques particuli\u00e8res du Gaffer Tape sont avant tout son pouvoir adh\u00e9sif \u00e9lev\u00e9 et son excellente facilit\u00e9 d&#039;utilisation.\" \/>\n<meta property=\"og:url\" content=\"https:\/\/cardinal-tapes.com\/fr\/rubans-adhesifs-fr\/abc-du-ruban-adhesif\/gaffer-tape\/\" \/>\n<meta property=\"og:site_name\" content=\"cardinal TAPES\" \/>\n<meta property=\"article:modified_time\" content=\"2023-06-14T08:47:09+00:00\" \/>\n<meta name=\"twitter:card\" content=\"summary_large_image\" \/>\n<meta name=\"twitter:label1\" content=\"Dur\u00e9e de lecture estim\u00e9e\" \/>\n\t<meta name=\"twitter:data1\" content=\"15 minutes\" \/>\n<script type=\"application\/ld+json\" class=\"yoast-schema-graph\">{\"@context\":\"https:\\\/\\\/schema.org\",\"@graph\":[{\"@type\":\"WebPage\",\"@id\":\"https:\\\/\\\/cardinal-tapes.com\\\/fr\\\/rubans-adhesifs-fr\\\/abc-du-ruban-adhesif\\\/gaffer-tape\\\/\",\"url\":\"https:\\\/\\\/cardinal-tapes.com\\\/fr\\\/rubans-adhesifs-fr\\\/abc-du-ruban-adhesif\\\/gaffer-tape\\\/\",\"name\":\"Gaffer Tape - cardinal TAPES\",\"isPartOf\":{\"@id\":\"https:\\\/\\\/cardinal-tapes.com\\\/#website\"},\"datePublished\":\"2023-06-02T09:00:21+00:00\",\"dateModified\":\"2023-06-14T08:47:09+00:00\",\"description\":\"Les caract\u00e9ristiques particuli\u00e8res du Gaffer Tape sont avant tout son pouvoir adh\u00e9sif \u00e9lev\u00e9 et son excellente facilit\u00e9 d'utilisation.\",\"breadcrumb\":{\"@id\":\"https:\\\/\\\/cardinal-tapes.com\\\/fr\\\/rubans-adhesifs-fr\\\/abc-du-ruban-adhesif\\\/gaffer-tape\\\/#breadcrumb\"},\"inLanguage\":\"fr-FR\",\"potentialAction\":[{\"@type\":\"ReadAction\",\"target\":[\"https:\\\/\\\/cardinal-tapes.com\\\/fr\\\/rubans-adhesifs-fr\\\/abc-du-ruban-adhesif\\\/gaffer-tape\\\/\"]}]},{\"@type\":\"BreadcrumbList\",\"@id\":\"https:\\\/\\\/cardinal-tapes.com\\\/fr\\\/rubans-adhesifs-fr\\\/abc-du-ruban-adhesif\\\/gaffer-tape\\\/#breadcrumb\",\"itemListElement\":[{\"@type\":\"ListItem\",\"position\":1,\"name\":\"Startseite\",\"item\":\"https:\\\/\\\/cardinal-tapes.com\\\/fr\\\/accueil\\\/\"},{\"@type\":\"ListItem\",\"position\":2,\"name\":\"Rubans adh\u00e9sifs\",\"item\":\"https:\\\/\\\/cardinal-tapes.com\\\/fr\\\/rubans-adhesifs-fr\\\/\"},{\"@type\":\"ListItem\",\"position\":3,\"name\":\"ABC du ruban adh\u00e9sif\",\"item\":\"https:\\\/\\\/cardinal-tapes.com\\\/fr\\\/rubans-adhesifs-fr__trashed\\\/abc-du-ruban-adhesif\\\/\"},{\"@type\":\"ListItem\",\"position\":4,\"name\":\"Gaffer Tape\"}]},{\"@type\":\"WebSite\",\"@id\":\"https:\\\/\\\/cardinal-tapes.com\\\/#website\",\"url\":\"https:\\\/\\\/cardinal-tapes.com\\\/\",\"name\":\"cardinal TAPES\",\"description\":\"Klebetechnik aus Wuppertal\",\"potentialAction\":[{\"@type\":\"SearchAction\",\"target\":{\"@type\":\"EntryPoint\",\"urlTemplate\":\"https:\\\/\\\/cardinal-tapes.com\\\/?s={search_term_string}\"},\"query-input\":{\"@type\":\"PropertyValueSpecification\",\"valueRequired\":true,\"valueName\":\"search_term_string\"}}],\"inLanguage\":\"fr-FR\"}]}<\/script>\n<!-- \/ Yoast SEO plugin. -->","yoast_head_json":{"title":"Gaffer Tape - cardinal TAPES","description":"Les caract\u00e9ristiques particuli\u00e8res du Gaffer Tape sont avant tout son pouvoir adh\u00e9sif \u00e9lev\u00e9 et son excellente facilit\u00e9 d'utilisation.","robots":{"index":"index","follow":"follow","max-snippet":"max-snippet:-1","max-image-preview":"max-image-preview:large","max-video-preview":"max-video-preview:-1"},"canonical":"https:\/\/cardinal-tapes.com\/fr\/rubans-adhesifs-fr\/abc-du-ruban-adhesif\/gaffer-tape\/","og_locale":"fr_FR","og_type":"article","og_title":"Gaffer Tape - cardinal TAPES","og_description":"Les caract\u00e9ristiques particuli\u00e8res du Gaffer Tape sont avant tout son pouvoir adh\u00e9sif \u00e9lev\u00e9 et son excellente facilit\u00e9 d'utilisation.","og_url":"https:\/\/cardinal-tapes.com\/fr\/rubans-adhesifs-fr\/abc-du-ruban-adhesif\/gaffer-tape\/","og_site_name":"cardinal TAPES","article_modified_time":"2023-06-14T08:47:09+00:00","twitter_card":"summary_large_image","twitter_misc":{"Dur\u00e9e de lecture estim\u00e9e":"15 minutes"},"schema":{"@context":"https:\/\/schema.org","@graph":[{"@type":"WebPage","@id":"https:\/\/cardinal-tapes.com\/fr\/rubans-adhesifs-fr\/abc-du-ruban-adhesif\/gaffer-tape\/","url":"https:\/\/cardinal-tapes.com\/fr\/rubans-adhesifs-fr\/abc-du-ruban-adhesif\/gaffer-tape\/","name":"Gaffer Tape - cardinal TAPES","isPartOf":{"@id":"https:\/\/cardinal-tapes.com\/#website"},"datePublished":"2023-06-02T09:00:21+00:00","dateModified":"2023-06-14T08:47:09+00:00","description":"Les caract\u00e9ristiques particuli\u00e8res du Gaffer Tape sont avant tout son pouvoir adh\u00e9sif \u00e9lev\u00e9 et son excellente facilit\u00e9 d'utilisation.","breadcrumb":{"@id":"https:\/\/cardinal-tapes.com\/fr\/rubans-adhesifs-fr\/abc-du-ruban-adhesif\/gaffer-tape\/#breadcrumb"},"inLanguage":"fr-FR","potentialAction":[{"@type":"ReadAction","target":["https:\/\/cardinal-tapes.com\/fr\/rubans-adhesifs-fr\/abc-du-ruban-adhesif\/gaffer-tape\/"]}]},{"@type":"BreadcrumbList","@id":"https:\/\/cardinal-tapes.com\/fr\/rubans-adhesifs-fr\/abc-du-ruban-adhesif\/gaffer-tape\/#breadcrumb","itemListElement":[{"@type":"ListItem","position":1,"name":"Startseite","item":"https:\/\/cardinal-tapes.com\/fr\/accueil\/"},{"@type":"ListItem","position":2,"name":"Rubans adh\u00e9sifs","item":"https:\/\/cardinal-tapes.com\/fr\/rubans-adhesifs-fr\/"},{"@type":"ListItem","position":3,"name":"ABC du ruban adh\u00e9sif","item":"https:\/\/cardinal-tapes.com\/fr\/rubans-adhesifs-fr__trashed\/abc-du-ruban-adhesif\/"},{"@type":"ListItem","position":4,"name":"Gaffer Tape"}]},{"@type":"WebSite","@id":"https:\/\/cardinal-tapes.com\/#website","url":"https:\/\/cardinal-tapes.com\/","name":"cardinal TAPES","description":"Klebetechnik aus Wuppertal","potentialAction":[{"@type":"SearchAction","target":{"@type":"EntryPoint","urlTemplate":"https:\/\/cardinal-tapes.com\/?s={search_term_string}"},"query-input":{"@type":"PropertyValueSpecification","valueRequired":true,"valueName":"search_term_string"}}],"inLanguage":"fr-FR"}]}},"_links":{"self":[{"href":"https:\/\/cardinal-tapes.com\/fr\/wp-json\/wp\/v2\/pages\/31859","targetHints":{"allow":["GET"]}}],"collection":[{"href":"https:\/\/cardinal-tapes.com\/fr\/wp-json\/wp\/v2\/pages"}],"about":[{"href":"https:\/\/cardinal-tapes.com\/fr\/wp-json\/wp\/v2\/types\/page"}],"author":[{"embeddable":true,"href":"https:\/\/cardinal-tapes.com\/fr\/wp-json\/wp\/v2\/users\/1"}],"replies":[{"embeddable":true,"href":"https:\/\/cardinal-tapes.com\/fr\/wp-json\/wp\/v2\/comments?post=31859"}],"version-history":[{"count":0,"href":"https:\/\/cardinal-tapes.com\/fr\/wp-json\/wp\/v2\/pages\/31859\/revisions"}],"up":[{"embeddable":true,"href":"https:\/\/cardinal-tapes.com\/fr\/wp-json\/wp\/v2\/pages\/30749"}],"wp:attachment":[{"href":"https:\/\/cardinal-tapes.com\/fr\/wp-json\/wp\/v2\/media?parent=31859"}],"curies":[{"name":"wp","href":"https:\/\/api.w.org\/{rel}","templated":true}]}}