{"id":31818,"date":"2023-06-02T10:59:54","date_gmt":"2023-06-02T08:59:54","guid":{"rendered":"https:\/\/cardinal.pixel-tal.de\/rubans-adhesifs\/abc-du-ruban-adhesif\/rubans-adhesifs-en-filaments\/"},"modified":"2023-06-02T11:10:48","modified_gmt":"2023-06-02T09:10:48","slug":"rubans-adhesifs-en-filaments","status":"publish","type":"page","link":"https:\/\/cardinal-tapes.com\/fr\/rubans-adhesifs-fr\/abc-du-ruban-adhesif\/rubans-adhesifs-en-filaments\/","title":{"rendered":"Rubans adh\u00e9sifs en filaments"},"content":{"rendered":"<div id='av_section_1'  class='avia-section av-7q7idq-b317dec369afccff6873f5d26d7fab7b alternate_color avia-section-default avia-no-border-styling  avia-builder-el-0  avia-builder-el-no-sibling  avia-bg-style-scroll container_wrap fullsize'  ><div class='container av-section-cont-open' ><main  role=\"main\" itemprop=\"mainContentOfPage\"  class='template-page content  av-content-full alpha units'><div class='post-entry post-entry-type-page post-entry-31818'><div class='entry-content-wrapper clearfix'>\n<div  class='flex_column av-6as35a-8e96381d9f098275b91a4fb4b6148388 av_one_full  avia-builder-el-1  el_before_av_one_half  avia-builder-el-first  first flex_column_div  '     ><div class=\"pxl-headline pxl-hl hl-wrap | hl-sub--off hl--align-left hl--no-margin    \">\n        <div class=\"hl-inner\">\n            <h2 class=\"hl-main hl-line |  hl_main--default  \">Rubans adh\u00e9sifs en filaments<\/h2>\n            \n    <\/div>\n<\/div><\/div><div  class='flex_column av-4if4ni-93666406a04a2d41d87d87f7c698f92c av_one_half  avia-builder-el-3  el_after_av_one_full  el_before_av_one_half  first flex_column_div  column-top-margin'     ><section  class='av_textblock_section av-5v63ny-64d81e607a0e3693eefc117e51e436dd '   itemscope=\"itemscope\" itemtype=\"https:\/\/schema.org\/CreativeWork\" ><div class='avia_textblock'  itemprop=\"text\" ><p>La cat\u00e9gorie des rubans adh\u00e9sifs \u00e0 filaments comprend par exemple les strapping tapes et les rubans renforc\u00e9s de fibres de verre. Ils impressionnent par leur \u00e9norme r\u00e9sistance \u00e0 la d\u00e9chirure et conviennent particuli\u00e8rement bien aux applications qui exigent une adh\u00e9rence imm\u00e9diate \u00e9lev\u00e9e. Cela pourrait inclure, par exemple, la s\u00e9curisation et le renforcement de cartons d\u00e9chir\u00e9s ou endommag\u00e9s. En outre, les rubans adh\u00e9sifs filamentaires conviennent parfaitement \u00e0 la s\u00e9curisation des palettes et \u00e0 d&#8217;autres applications de s\u00e9curisation du transport.<\/p>\n<\/div><\/section><\/div><div  class='flex_column av-2q98se-d43b8b1c84c0a0d3c85711c1b9c8d9cc av_one_half  avia-builder-el-5  el_after_av_one_half  avia-builder-el-last  flex_column_div  column-top-margin'     ><section  class='av_textblock_section av-2rayta-8aa049b995d5ba08cf355fac91a663a6 '   itemscope=\"itemscope\" itemtype=\"https:\/\/schema.org\/CreativeWork\" ><div class='avia_textblock'  itemprop=\"text\" ><h4>Les diff\u00e9rences entre les rubans adh\u00e9sifs en filaments<\/h4>\n<p>Il existe diff\u00e9rents types de rubans adh\u00e9sifs en filaments. Les diff\u00e9rences r\u00e9sident dans le mat\u00e9riau, qu&#8217;il s&#8217;agisse de rubans renforc\u00e9s de fibres de verre, de fibres textiles ou de fils de polyester, et dans la forme de tissage des rubans. Celles-ci s&#8217;\u00e9tendent dans le sens de la longueur, transversalement ou m\u00eame en forme de croix. Les rubans adh\u00e9sifs en filaments ont une r\u00e9sistance extr\u00eame \u00e0 la d\u00e9chirure et servent \u00e0 fermer rapidement et de mani\u00e8re professionnelle les cartons et les moyens d&#8217;emballage.<\/p>\n<p>La liste suivante de nos rubans adh\u00e9sifs en filaments sert d&#8217;aper\u00e7u g\u00e9n\u00e9ral. Si vous ne trouvez pas ici de solution adapt\u00e9e \u00e0 vos besoins sp\u00e9cifiques, n&#8217;h\u00e9sitez pas \u00e0 nous contacter personnellement.<\/p>\n<p>Notre gamme de produits est constamment \u00e9largie et maintenue au niveau de d\u00e9veloppement le plus moderne. Nous trouverons \u00e9galement des solutions optimales pour vos souhaits individuels.<\/p>\n<\/div><\/section><\/div>\n\n","protected":false},"excerpt":{"rendered":"","protected":false},"author":1,"featured_media":0,"parent":30749,"menu_order":25,"comment_status":"closed","ping_status":"closed","template":"","meta":{"_acf_changed":false,"footnotes":""},"class_list":["post-31818","page","type-page","status-publish","hentry"],"acf":[],"yoast_head":"<!-- This site is optimized with the Yoast SEO plugin v27.3 - https:\/\/yoast.com\/product\/yoast-seo-wordpress\/ -->\n<title>Rubans adh\u00e9sifs en filaments - cardinal TAPES<\/title>\n<meta name=\"description\" content=\"Les rubans adh\u00e9sifs en filaments impressionnent par leur \u00e9norme r\u00e9sistance \u00e0 la d\u00e9chirure et conviennent particuli\u00e8rement aux applications qui n\u00e9cessitent une adh\u00e9rence imm\u00e9diate \u00e9lev\u00e9e.\" \/>\n<meta name=\"robots\" content=\"index, follow, max-snippet:-1, max-image-preview:large, max-video-preview:-1\" \/>\n<link rel=\"canonical\" href=\"https:\/\/cardinal-tapes.com\/fr\/rubans-adhesifs-fr__trashed\/abc-du-ruban-adhesif\/rubans-adhesifs-en-filaments\/\" \/>\n<meta property=\"og:locale\" content=\"fr_FR\" \/>\n<meta property=\"og:type\" content=\"article\" \/>\n<meta property=\"og:title\" content=\"Rubans adh\u00e9sifs en filaments - cardinal TAPES\" \/>\n<meta property=\"og:description\" content=\"Les rubans adh\u00e9sifs en filaments impressionnent par leur \u00e9norme r\u00e9sistance \u00e0 la d\u00e9chirure et conviennent particuli\u00e8rement aux applications qui n\u00e9cessitent une adh\u00e9rence imm\u00e9diate \u00e9lev\u00e9e.\" \/>\n<meta property=\"og:url\" content=\"https:\/\/cardinal-tapes.com\/fr\/rubans-adhesifs-fr__trashed\/abc-du-ruban-adhesif\/rubans-adhesifs-en-filaments\/\" \/>\n<meta property=\"og:site_name\" content=\"cardinal TAPES\" \/>\n<meta property=\"article:modified_time\" content=\"2023-06-02T09:10:48+00:00\" \/>\n<meta name=\"twitter:card\" content=\"summary_large_image\" \/>\n<meta name=\"twitter:label1\" content=\"Dur\u00e9e de lecture estim\u00e9e\" \/>\n\t<meta name=\"twitter:data1\" content=\"9 minutes\" \/>\n<script type=\"application\/ld+json\" class=\"yoast-schema-graph\">{\"@context\":\"https:\\\/\\\/schema.org\",\"@graph\":[{\"@type\":\"WebPage\",\"@id\":\"https:\\\/\\\/cardinal-tapes.com\\\/fr\\\/rubans-adhesifs-fr__trashed\\\/abc-du-ruban-adhesif\\\/rubans-adhesifs-en-filaments\\\/\",\"url\":\"https:\\\/\\\/cardinal-tapes.com\\\/fr\\\/rubans-adhesifs-fr__trashed\\\/abc-du-ruban-adhesif\\\/rubans-adhesifs-en-filaments\\\/\",\"name\":\"Rubans adh\u00e9sifs en filaments - cardinal TAPES\",\"isPartOf\":{\"@id\":\"https:\\\/\\\/cardinal-tapes.com\\\/#website\"},\"datePublished\":\"2023-06-02T08:59:54+00:00\",\"dateModified\":\"2023-06-02T09:10:48+00:00\",\"description\":\"Les rubans adh\u00e9sifs en filaments impressionnent par leur \u00e9norme r\u00e9sistance \u00e0 la d\u00e9chirure et conviennent particuli\u00e8rement aux applications qui n\u00e9cessitent une adh\u00e9rence imm\u00e9diate \u00e9lev\u00e9e.\",\"breadcrumb\":{\"@id\":\"https:\\\/\\\/cardinal-tapes.com\\\/fr\\\/rubans-adhesifs-fr__trashed\\\/abc-du-ruban-adhesif\\\/rubans-adhesifs-en-filaments\\\/#breadcrumb\"},\"inLanguage\":\"fr-FR\",\"potentialAction\":[{\"@type\":\"ReadAction\",\"target\":[\"https:\\\/\\\/cardinal-tapes.com\\\/fr\\\/rubans-adhesifs-fr__trashed\\\/abc-du-ruban-adhesif\\\/rubans-adhesifs-en-filaments\\\/\"]}]},{\"@type\":\"BreadcrumbList\",\"@id\":\"https:\\\/\\\/cardinal-tapes.com\\\/fr\\\/rubans-adhesifs-fr__trashed\\\/abc-du-ruban-adhesif\\\/rubans-adhesifs-en-filaments\\\/#breadcrumb\",\"itemListElement\":[{\"@type\":\"ListItem\",\"position\":1,\"name\":\"Startseite\",\"item\":\"https:\\\/\\\/cardinal-tapes.com\\\/fr\\\/accueil\\\/\"},{\"@type\":\"ListItem\",\"position\":2,\"name\":\"ABC du ruban adh\u00e9sif\",\"item\":\"https:\\\/\\\/cardinal-tapes.com\\\/fr\\\/rubans-adhesifs-fr__trashed\\\/abc-du-ruban-adhesif\\\/\"},{\"@type\":\"ListItem\",\"position\":3,\"name\":\"Rubans adh\u00e9sifs en filaments\"}]},{\"@type\":\"WebSite\",\"@id\":\"https:\\\/\\\/cardinal-tapes.com\\\/#website\",\"url\":\"https:\\\/\\\/cardinal-tapes.com\\\/\",\"name\":\"cardinal TAPES\",\"description\":\"Klebetechnik aus Wuppertal\",\"potentialAction\":[{\"@type\":\"SearchAction\",\"target\":{\"@type\":\"EntryPoint\",\"urlTemplate\":\"https:\\\/\\\/cardinal-tapes.com\\\/?s={search_term_string}\"},\"query-input\":{\"@type\":\"PropertyValueSpecification\",\"valueRequired\":true,\"valueName\":\"search_term_string\"}}],\"inLanguage\":\"fr-FR\"}]}<\/script>\n<!-- \/ Yoast SEO plugin. -->","yoast_head_json":{"title":"Rubans adh\u00e9sifs en filaments - cardinal TAPES","description":"Les rubans adh\u00e9sifs en filaments impressionnent par leur \u00e9norme r\u00e9sistance \u00e0 la d\u00e9chirure et conviennent particuli\u00e8rement aux applications qui n\u00e9cessitent une adh\u00e9rence imm\u00e9diate \u00e9lev\u00e9e.","robots":{"index":"index","follow":"follow","max-snippet":"max-snippet:-1","max-image-preview":"max-image-preview:large","max-video-preview":"max-video-preview:-1"},"canonical":"https:\/\/cardinal-tapes.com\/fr\/rubans-adhesifs-fr__trashed\/abc-du-ruban-adhesif\/rubans-adhesifs-en-filaments\/","og_locale":"fr_FR","og_type":"article","og_title":"Rubans adh\u00e9sifs en filaments - cardinal TAPES","og_description":"Les rubans adh\u00e9sifs en filaments impressionnent par leur \u00e9norme r\u00e9sistance \u00e0 la d\u00e9chirure et conviennent particuli\u00e8rement aux applications qui n\u00e9cessitent une adh\u00e9rence imm\u00e9diate \u00e9lev\u00e9e.","og_url":"https:\/\/cardinal-tapes.com\/fr\/rubans-adhesifs-fr__trashed\/abc-du-ruban-adhesif\/rubans-adhesifs-en-filaments\/","og_site_name":"cardinal TAPES","article_modified_time":"2023-06-02T09:10:48+00:00","twitter_card":"summary_large_image","twitter_misc":{"Dur\u00e9e de lecture estim\u00e9e":"9 minutes"},"schema":{"@context":"https:\/\/schema.org","@graph":[{"@type":"WebPage","@id":"https:\/\/cardinal-tapes.com\/fr\/rubans-adhesifs-fr__trashed\/abc-du-ruban-adhesif\/rubans-adhesifs-en-filaments\/","url":"https:\/\/cardinal-tapes.com\/fr\/rubans-adhesifs-fr__trashed\/abc-du-ruban-adhesif\/rubans-adhesifs-en-filaments\/","name":"Rubans adh\u00e9sifs en filaments - cardinal TAPES","isPartOf":{"@id":"https:\/\/cardinal-tapes.com\/#website"},"datePublished":"2023-06-02T08:59:54+00:00","dateModified":"2023-06-02T09:10:48+00:00","description":"Les rubans adh\u00e9sifs en filaments impressionnent par leur \u00e9norme r\u00e9sistance \u00e0 la d\u00e9chirure et conviennent particuli\u00e8rement aux applications qui n\u00e9cessitent une adh\u00e9rence imm\u00e9diate \u00e9lev\u00e9e.","breadcrumb":{"@id":"https:\/\/cardinal-tapes.com\/fr\/rubans-adhesifs-fr__trashed\/abc-du-ruban-adhesif\/rubans-adhesifs-en-filaments\/#breadcrumb"},"inLanguage":"fr-FR","potentialAction":[{"@type":"ReadAction","target":["https:\/\/cardinal-tapes.com\/fr\/rubans-adhesifs-fr__trashed\/abc-du-ruban-adhesif\/rubans-adhesifs-en-filaments\/"]}]},{"@type":"BreadcrumbList","@id":"https:\/\/cardinal-tapes.com\/fr\/rubans-adhesifs-fr__trashed\/abc-du-ruban-adhesif\/rubans-adhesifs-en-filaments\/#breadcrumb","itemListElement":[{"@type":"ListItem","position":1,"name":"Startseite","item":"https:\/\/cardinal-tapes.com\/fr\/accueil\/"},{"@type":"ListItem","position":2,"name":"ABC du ruban adh\u00e9sif","item":"https:\/\/cardinal-tapes.com\/fr\/rubans-adhesifs-fr__trashed\/abc-du-ruban-adhesif\/"},{"@type":"ListItem","position":3,"name":"Rubans adh\u00e9sifs en filaments"}]},{"@type":"WebSite","@id":"https:\/\/cardinal-tapes.com\/#website","url":"https:\/\/cardinal-tapes.com\/","name":"cardinal TAPES","description":"Klebetechnik aus Wuppertal","potentialAction":[{"@type":"SearchAction","target":{"@type":"EntryPoint","urlTemplate":"https:\/\/cardinal-tapes.com\/?s={search_term_string}"},"query-input":{"@type":"PropertyValueSpecification","valueRequired":true,"valueName":"search_term_string"}}],"inLanguage":"fr-FR"}]}},"_links":{"self":[{"href":"https:\/\/cardinal-tapes.com\/fr\/wp-json\/wp\/v2\/pages\/31818","targetHints":{"allow":["GET"]}}],"collection":[{"href":"https:\/\/cardinal-tapes.com\/fr\/wp-json\/wp\/v2\/pages"}],"about":[{"href":"https:\/\/cardinal-tapes.com\/fr\/wp-json\/wp\/v2\/types\/page"}],"author":[{"embeddable":true,"href":"https:\/\/cardinal-tapes.com\/fr\/wp-json\/wp\/v2\/users\/1"}],"replies":[{"embeddable":true,"href":"https:\/\/cardinal-tapes.com\/fr\/wp-json\/wp\/v2\/comments?post=31818"}],"version-history":[{"count":0,"href":"https:\/\/cardinal-tapes.com\/fr\/wp-json\/wp\/v2\/pages\/31818\/revisions"}],"up":[{"embeddable":true,"href":"https:\/\/cardinal-tapes.com\/fr\/wp-json\/wp\/v2\/pages\/30749"}],"wp:attachment":[{"href":"https:\/\/cardinal-tapes.com\/fr\/wp-json\/wp\/v2\/media?parent=31818"}],"curies":[{"name":"wp","href":"https:\/\/api.w.org\/{rel}","templated":true}]}}