{"id":31803,"date":"2023-06-02T10:59:54","date_gmt":"2023-06-02T08:59:54","guid":{"rendered":"https:\/\/cardinal.pixel-tal.de\/rubans-adhesifs\/domaines-dapplication\/affinage-du-metal\/"},"modified":"2023-06-16T16:03:03","modified_gmt":"2023-06-16T14:03:03","slug":"affinage-du-metal","status":"publish","type":"page","link":"https:\/\/cardinal-tapes.com\/fr\/rubans-adhesifs-fr\/domaines-dapplication\/affinage-du-metal\/","title":{"rendered":"Affinage du m\u00e9tal"},"content":{"rendered":"\t\t\t<div class=\"headerimage-section has-image  \">\n\t\t\t\t\t\t\t\t\t\t\t\t<div class=\"headerimage__bg overlay\" style=\"background-image: url('https:\/\/cardinal-tapes.com\/wp-content\/uploads\/cardinal_kopfbild-verarbeitung-scaled.jpg'); background-repeat: no-repeat; background-position: center; background-size: cover;\"><\/div>\n\t\t\t\t\t\t\t\t\t\t\t\t<div class=\"container\">\n\t\t\t\t\t<div class=\"headerimage__inner\">\n\t\t\t\t\t\t<h1 class=\"headerimage__headline\">Rubans adh\u00e9sifs et syst\u00e8mes de collage<\/h1>\t\t\t\t\t\t<span class=\"headerimage__subheadline\">R\u00e9sistant \u00e0 la chaleur, aux flammes et aux produits chimiques<\/span>\t\t\t\t\t\t\t\t\t\t\t<\/div>\n\t\t\t\t\t\t\t\t\t<\/div>\n\t\t\t<\/div>\n\t\t\t\n<\/div><\/div><\/div><!-- close content main div --><\/div><\/div><div id='av_section_1'  class='avia-section av-1dzykw-cdb6d047b8ab0ce81aa0dd93bbd15104 alternate_color avia-section-default avia-no-border-styling  avia-builder-el-1  el_after_pixel_headimage  el_before_av_section  avia-bg-style-scroll container_wrap fullsize'  ><div class='container av-section-cont-open' ><div class='template-page content  av-content-full alpha units'><div class='post-entry post-entry-type-page post-entry-31803'><div class='entry-content-wrapper clearfix'>\n<div  class='flex_column av-1a7ops-052689a75a412cea9f1b41d98ac3d057 av_two_third  avia-builder-el-2  avia-builder-el-no-sibling  max-width-col two-third first flex_column_div av-animated-generic left-to-right  '     ><p><div class=\"pxl-headline pxl-hl hl-wrap | hl-sub--bot hl--align-left hl--std-margin    \">\n        <div class=\"hl-inner\">\n            <h2 class=\"hl-main hl-line |  hl_main--default  \">Rubans adh\u00e9sifs pour la finition des m\u00e9taux<\/h2>\n            <span class=\"hl-sub hl-line |  hl_sub--default  \">Des exigences \u00e9lev\u00e9es, des solutions sur mesure <\/span>\n    <\/div>\n<\/div>\n<br \/>\n<section  class='av_textblock_section av-lhoxah3q-6fb0448d550293c728b24e4619f075ff '   itemscope=\"itemscope\" itemtype=\"https:\/\/schema.org\/CreativeWork\" ><div class='avia_textblock'  itemprop=\"text\" ><p>Les rubans adh\u00e9sifs techniques sont utilis\u00e9s dans de nombreux domaines de l&#8217;industrie, notamment dans la finition des m\u00e9taux. Les <a title=\"Rubans adh\u00e9sifs techniques pour m\u00e9taux\" href=\"\/klebebaender\/\">rubans adh\u00e9sifs m\u00e9talliques<\/a>, qui pr\u00e9sentent une r\u00e9sistance \u00e9lev\u00e9e \u00e0 la temp\u00e9rature, aux produits chimiques et aux flammes, sont utilis\u00e9s \u00e0 plusieurs reprises dans ce cadre. L&#8217;un des favoris de tous les temps dans le domaine de la finition des m\u00e9taux est le ruban adh\u00e9sif en aluminium. Gr\u00e2ce \u00e0 sa grande r\u00e9sistance thermique, il prot\u00e8ge les surfaces sensibles et sert \u00e0 \u00e9tancher les conduits d&#8217;air, les doubles vitrages et \u00e0 relier les panneaux isolants. Pour plus d&#8217;informations sur les rubans adh\u00e9sifs en aluminium, utilisez notre <a title=\"Utilisez notre formulaire de contact pour obtenir des conseils.\" href=\"\/ueber-cardinal\/kontakt\/\">formulaire de demande<\/a> ou contactez-nous par t\u00e9l\u00e9phone au <a class=\"telelink\" href=\"tel:+490202266850\" target=\"_blank\" rel=\"nofollow\">+49.202.266850<\/a>.<\/p>\n<p>Bien entendu, en tant que partenaire commercial pour la technique adh\u00e9sive confectionn\u00e9e, nous proposons diff\u00e9rents rubans adh\u00e9sifs dans les versions les plus diverses, mates ou brillantes, dans les couleurs argent, noir ou blanc. Comme notre ambition est de trouver la meilleure solution pour chaque besoin, cardinal TAPES a cr\u00e9\u00e9 une vaste gamme de rubans adh\u00e9sifs techniques. Pour obtenir plus d&#8217;informations sur les rubans adh\u00e9sifs de l&#8217;industrie m\u00e9tallurgique, vous pouvez d\u00e8s \u00e0 pr\u00e9sent <a title=\"Notre catalogue de produits adh\u00e9sifs est disponible en t\u00e9l\u00e9chargement\" href=\"https:\/\/cardinal-tapes.com\/fr\/telechargements\/\">t\u00e9l\u00e9charger<\/a> notre nouveau catalogue de produits. Si vous souhaitez recevoir un exemplaire imprim\u00e9, y compris un \u00e9chantillon, n&#8217;h\u00e9sitez pas \u00e0 nous contacter.<\/p>\n<p>Nous nous effor\u00e7ons toujours de trouver des solutions optimales pour vos souhaits individuels.<\/p>\n<\/div><\/section><\/p><\/div>\n\n<\/div><\/div><\/div><!-- close content main div --><\/div><\/div><div id='av_section_2'  class='avia-section av-iru7s-a61a3a9919dfb9747a0d59a860f78450 main_color avia-section-default avia-no-border-styling  avia-builder-el-5  el_after_av_section  avia-builder-el-last  gradient-section avia-bg-style-scroll container_wrap fullsize'  ><div class='container av-section-cont-open' ><div class='template-page content  av-content-full alpha units'><div class='post-entry post-entry-type-page post-entry-31803'><div class='entry-content-wrapper clearfix'>\n<div  class='flex_column av-gtn7k-cf1b2dc47b9fb6371ff9f34db4985012 av_one_full  avia-builder-el-6  avia-builder-el-no-sibling  first flex_column_div av-animated-generic left-to-right  '     ><p><div class=\"pxl-headline pxl-hl hl-wrap | hl-sub--bot hl--align-left hl--no-margin    \">\n        <div class=\"hl-inner\">\n            <h2 class=\"hl-main hl-line |  hl_main--default  \">Points forts du produit<\/h2>\n            <span class=\"hl-sub hl-line |  hl_sub--default  \">Innovant et de haute qualit\u00e9<\/span>\n    <\/div>\n<\/div>\n<br \/>\n<div   data-autoplay=''  data-interval='5'  data-animation='fade'  data-hoverpause='1'  class='template-shop avia-content-slider avia-content-slider-active avia-product-slider1 avia-content-slider-even  avia-builder-el-8  el_after_pixel_sc_headline  el_before_av_button   shop_columns_4' ><div class='avia-content-slider-inner'><ul class=\"products slide-entry-wrap\"><li class=\"product type-product post-75148 status-publish first instock product_cat-finition-des-metaux product_cat-industrie-textile product_cat-rubans-adhesifs-double-face product_cat-production-daluminium-traitement product_cat-industrie-electrique product_cat-fabrication-de-films product_cat-technique-de-chauffage-et-de-climatisation product_cat-industrie-des-matieres-plastiques product_cat-construction-de-machines has-post-thumbnail taxable shipping-taxable purchasable product-type-variable\">\n\t<div class='inner_product main_color wrapped_style noLightbox  av-product-class-no_button'><a href=\"https:\/\/cardinal-tapes.com\/fr\/rubans-adh\u00e9sifs\/domaines-dapplication\/production-daluminium-traitement\/ca-418-ruban-adhesif-en-pet-fr\/\" class=\"woocommerce-LoopProduct-link woocommerce-loop-product__link\"><div class=\"thumbnail_container\"><img decoding=\"async\" loading=\"lazy\" width=\"380\" height=\"380\" src=\"https:\/\/cardinal-tapes.com\/wp-content\/uploads\/ca_420_19x50mm.jpg\" class=\"wp-image-81355 avia-img-lazy-loading-81355 attachment-shop_catalog size-shop_catalog wp-post-image\" alt=\"CA-420 Ruban adh\u00e9sif en PET - double face, Film PET, Solvant acrylique - Illustration 81355\" srcset=\"https:\/\/cardinal-tapes.com\/wp-content\/uploads\/ca_420_19x50mm.jpg 380w, https:\/\/cardinal-tapes.com\/wp-content\/uploads\/ca_420_19x50mm-200x200.jpg 200w, https:\/\/cardinal-tapes.com\/wp-content\/uploads\/ca_420_19x50mm-80x80.jpg 80w, https:\/\/cardinal-tapes.com\/wp-content\/uploads\/ca_420_19x50mm-36x36.jpg 36w, https:\/\/cardinal-tapes.com\/wp-content\/uploads\/ca_420_19x50mm-180x180.jpg 180w, https:\/\/cardinal-tapes.com\/wp-content\/uploads\/ca_420_19x50mm-120x120.jpg 120w, https:\/\/cardinal-tapes.com\/wp-content\/uploads\/ca_420_19x50mm-100x100.jpg 100w\" sizes=\"auto, (max-width: 380px) 100vw, 380px\" \/><\/div><div class='inner_product_header'><div class='avia-arrow'><\/div><div class='inner_product_header_table'><div class='inner_product_header_cell'><span class=\"is-h2 woocommerce-loop-product__title\">CA-420 Ruban adh\u00e9sif en PET<\/span>\t\t<div class=\"product-infos\">\n\t\t\t\t\t\t\t<span class='product-infos__item'><b>Rev\u00eatement:<\/b> double face<\/span>\n\t\t\t\t\t\t\t\t\t\t<span class='product-infos__item'><b>Type de mat\u00e9riau:<\/b> Film PET<\/span>\n\t\t\t\t\t\t\t\t\t\t<span class='product-infos__item'><b>Fabricant:<\/b> cardinal GmbH<\/span>\n\t\t\t\t\t\t\t\t\t\t<span class='product-infos__item'><b>Prix sur demande<\/b><\/span>\n\t\t\t\t\t<\/div>\n\t<\/div><\/div><\/div><\/a><\/div><\/li>\n<li class=\"product type-product post-63237 status-publish instock product_cat-ruban-adhesif-en-aluminium product_cat-industrie-electrique product_cat-finition-des-metaux product_cat-rubans-adhesifs-simple-face has-post-thumbnail taxable shipping-taxable purchasable product-type-variable\">\n\t<div class='inner_product main_color wrapped_style noLightbox  av-product-class-no_button'><a href=\"https:\/\/cardinal-tapes.com\/fr\/rubans-adh\u00e9sifs\/domaines-dapplication\/ruban-adhesif-en-aluminium\/3m-435-436-433-431-427-425-doppelseitige-metallklebebaender\/\" class=\"woocommerce-LoopProduct-link woocommerce-loop-product__link\"><div class=\"thumbnail_container\"><img decoding=\"async\" loading=\"lazy\" width=\"450\" height=\"450\" src=\"https:\/\/cardinal-tapes.com\/wp-content\/uploads\/3m_metallklebeband_425-450x450.jpg\" class=\"wp-image-24356 avia-img-lazy-loading-24356 attachment-shop_catalog size-shop_catalog wp-post-image\" alt=\"3M\u2122 425 427 431 433 435 436 Rubans adh\u00e9sifs pour m\u00e9taux - d&#039;un c\u00f4t\u00e9, M\u00e9tal, Acrylate - Illustration 24356\" srcset=\"https:\/\/cardinal-tapes.com\/wp-content\/uploads\/3m_metallklebeband_425-450x450.jpg 450w, https:\/\/cardinal-tapes.com\/wp-content\/uploads\/3m_metallklebeband_425-120x120.jpg 120w, https:\/\/cardinal-tapes.com\/wp-content\/uploads\/3m_metallklebeband_425-80x80.jpg 80w, https:\/\/cardinal-tapes.com\/wp-content\/uploads\/3m_metallklebeband_425-200x200.jpg 200w, https:\/\/cardinal-tapes.com\/wp-content\/uploads\/3m_metallklebeband_425-36x36.jpg 36w, https:\/\/cardinal-tapes.com\/wp-content\/uploads\/3m_metallklebeband_425-180x180.jpg 180w, https:\/\/cardinal-tapes.com\/wp-content\/uploads\/3m_metallklebeband_425-100x100.jpg 100w, https:\/\/cardinal-tapes.com\/wp-content\/uploads\/3m_metallklebeband_425.jpg 600w\" sizes=\"auto, (max-width: 450px) 100vw, 450px\" \/><\/div><div class='inner_product_header'><div class='avia-arrow'><\/div><div class='inner_product_header_table'><div class='inner_product_header_cell'><span class=\"is-h2 woocommerce-loop-product__title\">3M\u2122 425 427 431 433 435 436 Rubans adh\u00e9sifs pour m\u00e9taux<\/span>\t\t<div class=\"product-infos\">\n\t\t\t\t\t\t\t<span class='product-infos__item'><b>Rev\u00eatement:<\/b> d'un c\u00f4t\u00e9<\/span>\n\t\t\t\t\t\t\t\t\t\t<span class='product-infos__item'><b>Type de mat\u00e9riau:<\/b> M\u00e9tal<\/span>\n\t\t\t\t\t\t\t\t\t\t<span class='product-infos__item'><b>Fabricant:<\/b> 3M<\/span>\n\t\t\t\t\t\t\t\t\t\t<span class='product-infos__item'><b>Prix sur demande<\/b><\/span>\n\t\t\t\t\t<\/div>\n\t<\/div><\/div><\/div><\/a><\/div><\/li>\n<li class=\"product type-product post-55196 status-publish instock product_cat-industrie-electrique product_cat-industrie-des-matieres-plastiques product_cat-construction-de-machines product_cat-presentation-de-la-contribution product_cat-finition-des-metaux product_cat-acier-et-verre product_cat-rubans-adhesifs-double-face product_cat-industrie-automobile product_cat-industrie-du-beton has-post-thumbnail taxable shipping-taxable purchasable product-type-variable\">\n\t<div class='inner_product main_color wrapped_style noLightbox  av-product-class-no_button'><a href=\"https:\/\/cardinal-tapes.com\/fr\/rubans-adh\u00e9sifs\/domaines-dapplication\/industrie-automobile\/3m-5925-f-vhb-klebeband\/\" class=\"woocommerce-LoopProduct-link woocommerce-loop-product__link\"><div class=\"thumbnail_container\"><img decoding=\"async\" loading=\"lazy\" width=\"450\" height=\"450\" src=\"https:\/\/cardinal-tapes.com\/wp-content\/uploads\/3m-5952-f-vhb-doppelseitiges-klebeband-450x450.jpg\" class=\"wp-image-26648 avia-img-lazy-loading-26648 attachment-shop_catalog size-shop_catalog wp-post-image\" alt=\"3M\u2122 VHB\u2122 Ruban adh\u00e9sif 5925 F - double face, Mousse acrylique, Acrylate - Illustration 26648\" srcset=\"https:\/\/cardinal-tapes.com\/wp-content\/uploads\/3m-5952-f-vhb-doppelseitiges-klebeband-450x450.jpg 450w, https:\/\/cardinal-tapes.com\/wp-content\/uploads\/3m-5952-f-vhb-doppelseitiges-klebeband-120x120.jpg 120w, https:\/\/cardinal-tapes.com\/wp-content\/uploads\/3m-5952-f-vhb-doppelseitiges-klebeband-80x80.jpg 80w, https:\/\/cardinal-tapes.com\/wp-content\/uploads\/3m-5952-f-vhb-doppelseitiges-klebeband-36x36.jpg 36w, https:\/\/cardinal-tapes.com\/wp-content\/uploads\/3m-5952-f-vhb-doppelseitiges-klebeband-180x180.jpg 180w, https:\/\/cardinal-tapes.com\/wp-content\/uploads\/3m-5952-f-vhb-doppelseitiges-klebeband-100x100.jpg 100w\" sizes=\"auto, (max-width: 450px) 100vw, 450px\" \/><\/div><div class='inner_product_header'><div class='avia-arrow'><\/div><div class='inner_product_header_table'><div class='inner_product_header_cell'><span class=\"is-h2 woocommerce-loop-product__title\">3M\u2122 VHB\u2122 Ruban adh\u00e9sif 5925 F<\/span>\t\t<div class=\"product-infos\">\n\t\t\t\t\t\t\t<span class='product-infos__item'><b>Rev\u00eatement:<\/b> double face<\/span>\n\t\t\t\t\t\t\t\t\t\t<span class='product-infos__item'><b>Type de mat\u00e9riau:<\/b> Mousse acrylique<\/span>\n\t\t\t\t\t\t\t\t\t\t<span class='product-infos__item'><b>Fabricant:<\/b> 3M<\/span>\n\t\t\t\t\t\t\t\t\t\t<span class='product-infos__item'><b>Prix sur demande<\/b><\/span>\n\t\t\t\t\t<\/div>\n\t<\/div><\/div><\/div><\/a><\/div><\/li>\n<\/ul><\/div><\/div><div class=\"clear\"><\/div><br \/>\n<div  class='avia-button-wrap av-6mvi8-cd0e3e1ce12823c025b23602510fc4b1-wrap avia-button-left '><a href='https:\/\/cardinal-tapes.com\/fr\/rubans-adhesifs-fr\/'  class='avia-button av-6mvi8-cd0e3e1ce12823c025b23602510fc4b1 avia-icon_select-no avia-size-medium avia-position-left avia-color-theme-color layout-border color-white'  ><span class='avia_iconbox_title' >Tous les produits<\/span><\/a><\/div><\/p><\/div>\n","protected":false},"excerpt":{"rendered":"","protected":false},"author":1,"featured_media":0,"parent":30752,"menu_order":16,"comment_status":"closed","ping_status":"closed","template":"","meta":{"_acf_changed":false,"footnotes":""},"class_list":["post-31803","page","type-page","status-publish","hentry"],"acf":[],"yoast_head":"<!-- This site is optimized with the Yoast SEO plugin v27.3 - https:\/\/yoast.com\/product\/yoast-seo-wordpress\/ -->\n<title>Rubans adh\u00e9sifs pour la finition des m\u00e9taux | cardinal TAPES<\/title>\n<meta name=\"description\" content=\"Les rubans adh\u00e9sifs techniques sont utilis\u00e9s dans de nombreux domaines de l&#039;industrie, notamment dans la finition des m\u00e9taux. En savoir plus ici.\" \/>\n<meta name=\"robots\" content=\"index, follow, max-snippet:-1, max-image-preview:large, max-video-preview:-1\" \/>\n<link rel=\"canonical\" href=\"https:\/\/cardinal-tapes.com\/fr\/rubans-adhesifs-fr\/domaines-dapplication\/affinage-du-metal\/\" \/>\n<meta property=\"og:locale\" content=\"fr_FR\" \/>\n<meta property=\"og:type\" content=\"article\" \/>\n<meta property=\"og:title\" content=\"Rubans adh\u00e9sifs pour la finition des m\u00e9taux | cardinal TAPES\" \/>\n<meta property=\"og:description\" content=\"Les rubans adh\u00e9sifs techniques sont utilis\u00e9s dans de nombreux domaines de l&#039;industrie, notamment dans la finition des m\u00e9taux. En savoir plus ici.\" \/>\n<meta property=\"og:url\" content=\"https:\/\/cardinal-tapes.com\/fr\/rubans-adhesifs-fr\/domaines-dapplication\/affinage-du-metal\/\" \/>\n<meta property=\"og:site_name\" content=\"cardinal TAPES\" \/>\n<meta property=\"article:modified_time\" content=\"2023-06-16T14:03:03+00:00\" \/>\n<meta name=\"twitter:card\" content=\"summary_large_image\" \/>\n<meta name=\"twitter:label1\" content=\"Dur\u00e9e de lecture estim\u00e9e\" \/>\n\t<meta name=\"twitter:data1\" content=\"5 minutes\" \/>\n<script type=\"application\/ld+json\" class=\"yoast-schema-graph\">{\"@context\":\"https:\\\/\\\/schema.org\",\"@graph\":[{\"@type\":\"WebPage\",\"@id\":\"https:\\\/\\\/cardinal-tapes.com\\\/fr\\\/rubans-adhesifs-fr\\\/domaines-dapplication\\\/affinage-du-metal\\\/\",\"url\":\"https:\\\/\\\/cardinal-tapes.com\\\/fr\\\/rubans-adhesifs-fr\\\/domaines-dapplication\\\/affinage-du-metal\\\/\",\"name\":\"Rubans adh\u00e9sifs pour la finition des m\u00e9taux | cardinal TAPES\",\"isPartOf\":{\"@id\":\"https:\\\/\\\/cardinal-tapes.com\\\/#website\"},\"datePublished\":\"2023-06-02T08:59:54+00:00\",\"dateModified\":\"2023-06-16T14:03:03+00:00\",\"description\":\"Les rubans adh\u00e9sifs techniques sont utilis\u00e9s dans de nombreux domaines de l'industrie, notamment dans la finition des m\u00e9taux. En savoir plus ici.\",\"breadcrumb\":{\"@id\":\"https:\\\/\\\/cardinal-tapes.com\\\/fr\\\/rubans-adhesifs-fr\\\/domaines-dapplication\\\/affinage-du-metal\\\/#breadcrumb\"},\"inLanguage\":\"fr-FR\",\"potentialAction\":[{\"@type\":\"ReadAction\",\"target\":[\"https:\\\/\\\/cardinal-tapes.com\\\/fr\\\/rubans-adhesifs-fr\\\/domaines-dapplication\\\/affinage-du-metal\\\/\"]}]},{\"@type\":\"BreadcrumbList\",\"@id\":\"https:\\\/\\\/cardinal-tapes.com\\\/fr\\\/rubans-adhesifs-fr\\\/domaines-dapplication\\\/affinage-du-metal\\\/#breadcrumb\",\"itemListElement\":[{\"@type\":\"ListItem\",\"position\":1,\"name\":\"Startseite\",\"item\":\"https:\\\/\\\/cardinal-tapes.com\\\/fr\\\/accueil\\\/\"},{\"@type\":\"ListItem\",\"position\":2,\"name\":\"Rubans adh\u00e9sifs\",\"item\":\"https:\\\/\\\/cardinal-tapes.com\\\/fr\\\/rubans-adhesifs-fr\\\/\"},{\"@type\":\"ListItem\",\"position\":3,\"name\":\"Domaines d&#8217;application\",\"item\":\"https:\\\/\\\/cardinal-tapes.com\\\/fr\\\/rubans-adhesifs-fr__trashed\\\/domaines-dapplication\\\/\"},{\"@type\":\"ListItem\",\"position\":4,\"name\":\"Affinage du m\u00e9tal\"}]},{\"@type\":\"WebSite\",\"@id\":\"https:\\\/\\\/cardinal-tapes.com\\\/#website\",\"url\":\"https:\\\/\\\/cardinal-tapes.com\\\/\",\"name\":\"cardinal TAPES\",\"description\":\"Klebetechnik aus Wuppertal\",\"potentialAction\":[{\"@type\":\"SearchAction\",\"target\":{\"@type\":\"EntryPoint\",\"urlTemplate\":\"https:\\\/\\\/cardinal-tapes.com\\\/?s={search_term_string}\"},\"query-input\":{\"@type\":\"PropertyValueSpecification\",\"valueRequired\":true,\"valueName\":\"search_term_string\"}}],\"inLanguage\":\"fr-FR\"}]}<\/script>\n<!-- \/ Yoast SEO plugin. -->","yoast_head_json":{"title":"Rubans adh\u00e9sifs pour la finition des m\u00e9taux | cardinal TAPES","description":"Les rubans adh\u00e9sifs techniques sont utilis\u00e9s dans de nombreux domaines de l'industrie, notamment dans la finition des m\u00e9taux. En savoir plus ici.","robots":{"index":"index","follow":"follow","max-snippet":"max-snippet:-1","max-image-preview":"max-image-preview:large","max-video-preview":"max-video-preview:-1"},"canonical":"https:\/\/cardinal-tapes.com\/fr\/rubans-adhesifs-fr\/domaines-dapplication\/affinage-du-metal\/","og_locale":"fr_FR","og_type":"article","og_title":"Rubans adh\u00e9sifs pour la finition des m\u00e9taux | cardinal TAPES","og_description":"Les rubans adh\u00e9sifs techniques sont utilis\u00e9s dans de nombreux domaines de l'industrie, notamment dans la finition des m\u00e9taux. En savoir plus ici.","og_url":"https:\/\/cardinal-tapes.com\/fr\/rubans-adhesifs-fr\/domaines-dapplication\/affinage-du-metal\/","og_site_name":"cardinal TAPES","article_modified_time":"2023-06-16T14:03:03+00:00","twitter_card":"summary_large_image","twitter_misc":{"Dur\u00e9e de lecture estim\u00e9e":"5 minutes"},"schema":{"@context":"https:\/\/schema.org","@graph":[{"@type":"WebPage","@id":"https:\/\/cardinal-tapes.com\/fr\/rubans-adhesifs-fr\/domaines-dapplication\/affinage-du-metal\/","url":"https:\/\/cardinal-tapes.com\/fr\/rubans-adhesifs-fr\/domaines-dapplication\/affinage-du-metal\/","name":"Rubans adh\u00e9sifs pour la finition des m\u00e9taux | cardinal TAPES","isPartOf":{"@id":"https:\/\/cardinal-tapes.com\/#website"},"datePublished":"2023-06-02T08:59:54+00:00","dateModified":"2023-06-16T14:03:03+00:00","description":"Les rubans adh\u00e9sifs techniques sont utilis\u00e9s dans de nombreux domaines de l'industrie, notamment dans la finition des m\u00e9taux. En savoir plus ici.","breadcrumb":{"@id":"https:\/\/cardinal-tapes.com\/fr\/rubans-adhesifs-fr\/domaines-dapplication\/affinage-du-metal\/#breadcrumb"},"inLanguage":"fr-FR","potentialAction":[{"@type":"ReadAction","target":["https:\/\/cardinal-tapes.com\/fr\/rubans-adhesifs-fr\/domaines-dapplication\/affinage-du-metal\/"]}]},{"@type":"BreadcrumbList","@id":"https:\/\/cardinal-tapes.com\/fr\/rubans-adhesifs-fr\/domaines-dapplication\/affinage-du-metal\/#breadcrumb","itemListElement":[{"@type":"ListItem","position":1,"name":"Startseite","item":"https:\/\/cardinal-tapes.com\/fr\/accueil\/"},{"@type":"ListItem","position":2,"name":"Rubans adh\u00e9sifs","item":"https:\/\/cardinal-tapes.com\/fr\/rubans-adhesifs-fr\/"},{"@type":"ListItem","position":3,"name":"Domaines d&#8217;application","item":"https:\/\/cardinal-tapes.com\/fr\/rubans-adhesifs-fr__trashed\/domaines-dapplication\/"},{"@type":"ListItem","position":4,"name":"Affinage du m\u00e9tal"}]},{"@type":"WebSite","@id":"https:\/\/cardinal-tapes.com\/#website","url":"https:\/\/cardinal-tapes.com\/","name":"cardinal TAPES","description":"Klebetechnik aus Wuppertal","potentialAction":[{"@type":"SearchAction","target":{"@type":"EntryPoint","urlTemplate":"https:\/\/cardinal-tapes.com\/?s={search_term_string}"},"query-input":{"@type":"PropertyValueSpecification","valueRequired":true,"valueName":"search_term_string"}}],"inLanguage":"fr-FR"}]}},"_links":{"self":[{"href":"https:\/\/cardinal-tapes.com\/fr\/wp-json\/wp\/v2\/pages\/31803","targetHints":{"allow":["GET"]}}],"collection":[{"href":"https:\/\/cardinal-tapes.com\/fr\/wp-json\/wp\/v2\/pages"}],"about":[{"href":"https:\/\/cardinal-tapes.com\/fr\/wp-json\/wp\/v2\/types\/page"}],"author":[{"embeddable":true,"href":"https:\/\/cardinal-tapes.com\/fr\/wp-json\/wp\/v2\/users\/1"}],"replies":[{"embeddable":true,"href":"https:\/\/cardinal-tapes.com\/fr\/wp-json\/wp\/v2\/comments?post=31803"}],"version-history":[{"count":0,"href":"https:\/\/cardinal-tapes.com\/fr\/wp-json\/wp\/v2\/pages\/31803\/revisions"}],"up":[{"embeddable":true,"href":"https:\/\/cardinal-tapes.com\/fr\/wp-json\/wp\/v2\/pages\/30752"}],"wp:attachment":[{"href":"https:\/\/cardinal-tapes.com\/fr\/wp-json\/wp\/v2\/media?parent=31803"}],"curies":[{"name":"wp","href":"https:\/\/api.w.org\/{rel}","templated":true}]}}