{"id":31701,"date":"2023-06-02T10:59:52","date_gmt":"2023-06-02T08:59:52","guid":{"rendered":"https:\/\/cardinal.pixel-tal.de\/rubans-adhesifs\/abc-du-ruban-adhesif\/rubans-adhesifs-double-face\/"},"modified":"2023-06-14T10:47:26","modified_gmt":"2023-06-14T08:47:26","slug":"rubans-adhesifs-double-face","status":"publish","type":"page","link":"https:\/\/cardinal-tapes.com\/fr\/rubans-adhesifs-fr\/abc-du-ruban-adhesif\/rubans-adhesifs-double-face\/","title":{"rendered":"Rubans adh\u00e9sifs double face"},"content":{"rendered":"<div id='av_section_1'  class='avia-section av-cc88f6-f046b39bcd6234eb70d88ae91080435c alternate_color avia-section-default avia-no-border-styling  avia-builder-el-0  el_before_av_section  avia-builder-el-first  avia-bg-style-scroll container_wrap fullsize'  ><div class='container av-section-cont-open' ><main  role=\"main\" itemprop=\"mainContentOfPage\"  class='template-page content  av-content-full alpha units'><div class='post-entry post-entry-type-page post-entry-31701'><div class='entry-content-wrapper clearfix'>\n<div  class='flex_column av-aqyrgi-421ece350f8f9546b0f5ad39d84a6ff3 av_one_full  avia-builder-el-1  el_before_av_one_half  avia-builder-el-first  first flex_column_div  '     ><div class=\"pxl-headline pxl-hl hl-wrap | hl-sub--off hl--align-left hl--no-margin    \">\n        <div class=\"hl-inner\">\n            <h2 class=\"hl-main hl-line |  hl_main--default  \">Rubans adh\u00e9sifs double face<\/h2>\n            \n    <\/div>\n<\/div><\/div><div  class='flex_column av-9mhi1e-554f85face15faf84bc1a5469d895201 av_one_half  avia-builder-el-3  el_after_av_one_full  el_before_av_one_half  first flex_column_div  column-top-margin'     ><section  class='av_textblock_section av-azsmcy-afc7d704045a1478e7f8125c53e6475d '   itemscope=\"itemscope\" itemtype=\"https:\/\/schema.org\/CreativeWork\" ><div class='avia_textblock'  itemprop=\"text\" ><p>Un produit de notre assortiment auquel nous accordons beaucoup d&#8217;attention est le ruban adh\u00e9sif double face. C&#8217;est un classique parmi les rubans adh\u00e9sifs et il convient \u00e0 une multitude d&#8217;applications pour diff\u00e9rents secteurs et utilisateurs. En tant que partenaire commercial sp\u00e9cialis\u00e9 dans les rubans adh\u00e9sifs techniques, cardinal TAPES peut en outre agir de mani\u00e8re particuli\u00e8rement rapide et flexible pour le client sur le march\u00e9, gr\u00e2ce \u00e0 des voies de d\u00e9cision courtes. De plus, nous suivons les \u00e9volutions techniques et maintenons ainsi notre gamme de produits \u00e0 jour.<\/p>\n<\/div><\/section><\/div><div  class='flex_column av-7d4txu-3615690a8fec0e074576e7bb21f468bf av_one_half  avia-builder-el-5  el_after_av_one_half  avia-builder-el-last  flex_column_div  column-top-margin'     ><section  class='av_textblock_section av-6vbbsy-e60ee50829c40028cabb7014f6a43bb8 '   itemscope=\"itemscope\" itemtype=\"https:\/\/schema.org\/CreativeWork\" ><div class='avia_textblock'  itemprop=\"text\" ><h4>Les diff\u00e9rents rubans adh\u00e9sifs double face<\/h4>\n<p>Les rubans tels que les rubans adh\u00e9sifs de transfert, les rubans adh\u00e9sifs en non-tiss\u00e9, les rubans en mousse PU\/PVC\/PE et les rubans en tissu peuvent tous \u00eatre class\u00e9s dans la famille des rubans adh\u00e9sifs double face. L&#8217;avantage \u00e9vident de ce type de ruban adh\u00e9sif est qu&#8217;il peut \u00eatre utilis\u00e9 de mani\u00e8re universelle. Les rubans adh\u00e9sifs double face techniques sont par exemple adapt\u00e9s \u00e0 la pose de moquettes, car ils se d\u00e9collent sans laisser de traces et ne laissent pas de r\u00e9sidus de colle sur les sols. En outre, les rubans adh\u00e9sifs double face sont \u00e9galement utilis\u00e9s pour assembler, fixer et maintenir diff\u00e9rents mat\u00e9riaux tels que le plastique et le bois.<\/p>\n<p>La liste suivante de nos rubans adh\u00e9sifs double face sert d&#8217;aper\u00e7u g\u00e9n\u00e9ral. Nos rubans adh\u00e9sifs sont disponibles en diff\u00e9rentes \u00e9paisseurs. Vous obtenez ainsi la quantit\u00e9 exacte n\u00e9cessaire \u00e0 votre projet et n&#8217;avez pas \u00e0 vous battre contre des r\u00e9sidus de colle g\u00eanants. Si vous ne trouvez pas ici de solution adapt\u00e9e \u00e0 vos besoins sp\u00e9cifiques, n&#8217;h\u00e9sitez pas \u00e0 nous contacter <a href=\"\/ueber-cardinal\/kontakt\/\">personnellement<\/a> ou \u00e0 utiliser notre formulaire de demande.<\/p>\n<\/div><\/section><\/div>\n\n<\/div><\/div><\/main><!-- close content main element --><\/div><\/div><div id='av_section_2'  class='avia-section av-60wpxu-a0397fad877d11caac323c6bde2bcfe0 main_color avia-section-default avia-no-border-styling  avia-builder-el-7  el_after_av_section  avia-builder-el-last  gradient-section avia-bg-style-scroll container_wrap fullsize'  ><div class='container av-section-cont-open' ><div class='template-page content  av-content-full alpha units'><div class='post-entry post-entry-type-page post-entry-31701'><div class='entry-content-wrapper clearfix'>\n<div  class='flex_column av-1r3ci-724ac7415eaccff40e2b7e757ba97194 av_one_full  avia-builder-el-8  avia-builder-el-no-sibling  first flex_column_div  '     ><p><div class=\"pxl-headline pxl-hl hl-wrap | hl-sub--off hl--align-left hl--no-margin    \">\n        <div class=\"hl-inner\">\n            <h2 class=\"hl-main hl-line |  hl_main--default  \">Produits int\u00e9ressants<\/h2>\n            \n    <\/div>\n<\/div>\n<br \/>\n<div   data-autoplay=''  data-interval='5'  data-animation='fade'  data-hoverpause='1'  class='template-shop avia-content-slider avia-content-slider-active avia-product-slider1 avia-content-slider-even  avia-builder-el-10  el_after_pixel_sc_headline  el_before_av_button   shop_columns_4' ><div class='avia-content-slider-inner'><ul class=\"products slide-entry-wrap\"><li class=\"product type-product post-55187 status-publish first instock product_cat-rubans-adhesifs-double-face product_cat-ruban-adhesif-double-face-en-tissu has-post-thumbnail taxable shipping-taxable purchasable product-type-variable\">\n\t<div class='inner_product main_color wrapped_style noLightbox  av-product-class-no_button'><a href=\"https:\/\/cardinal-tapes.com\/fr\/rubans-adh\u00e9sifs\/rubans-adhesifs-double-face\/ruban-adhesif-double-face-en-tissu\/ca-457-bande-adhesive-en-tissu-de-coton\/\" class=\"woocommerce-LoopProduct-link woocommerce-loop-product__link\"><div class=\"thumbnail_container\"><img decoding=\"async\" loading=\"lazy\" width=\"450\" height=\"450\" src=\"https:\/\/cardinal-tapes.com\/wp-content\/uploads\/CA_457_retouched-450x450.jpg\" class=\"wp-image-27136 avia-img-lazy-loading-27136 attachment-shop_catalog size-shop_catalog wp-post-image\" alt=\"CA-457 PV1 Ruban adh\u00e9sif en coton tiss\u00e9, fort (ouvert) \/ faible - double face, Tissu, Acrylate de dispersion, Caoutchouc synth\u00e9tique - Illustration 27136\" srcset=\"https:\/\/cardinal-tapes.com\/wp-content\/uploads\/CA_457_retouched-450x450.jpg 450w, https:\/\/cardinal-tapes.com\/wp-content\/uploads\/CA_457_retouched-120x120.jpg 120w, https:\/\/cardinal-tapes.com\/wp-content\/uploads\/CA_457_retouched-80x80.jpg 80w, https:\/\/cardinal-tapes.com\/wp-content\/uploads\/CA_457_retouched-36x36.jpg 36w, https:\/\/cardinal-tapes.com\/wp-content\/uploads\/CA_457_retouched-180x180.jpg 180w, https:\/\/cardinal-tapes.com\/wp-content\/uploads\/CA_457_retouched-100x100.jpg 100w\" sizes=\"auto, (max-width: 450px) 100vw, 450px\" \/><\/div><div class='inner_product_header'><div class='avia-arrow'><\/div><div class='inner_product_header_table'><div class='inner_product_header_cell'><span class=\"is-h2 woocommerce-loop-product__title\">CA-457 PV1 Ruban adh\u00e9sif en coton tiss\u00e9, fort (ouvert) \/ faible<\/span>\t\t<div class=\"product-infos\">\n\t\t\t\t\t\t\t<span class='product-infos__item'><b>Rev\u00eatement:<\/b> double face<\/span>\n\t\t\t\t\t\t\t\t\t\t<span class='product-infos__item'><b>Type de mat\u00e9riau:<\/b> Tissu<\/span>\n\t\t\t\t\t\t\t\t\t\t<span class='product-infos__item'><b>Fabricant:<\/b> cardinal GmbH<\/span>\n\t\t\t\t\t\t\t\t\t\t<span class='product-infos__item'><b>Prix sur demande<\/b><\/span>\n\t\t\t\t\t<\/div>\n\t<\/div><\/div><\/div><\/a><\/div><\/li>\n<li class=\"product type-product post-58530 status-publish instock product_cat-rubans-adhesifs-double-face product_cat-ruban-adhesif-double-face-en-tissu product_cat-bande-de-mousse-pe has-post-thumbnail taxable shipping-taxable purchasable product-type-variable\">\n\t<div class='inner_product main_color wrapped_style noLightbox  av-product-class-no_button'><a href=\"https:\/\/cardinal-tapes.com\/fr\/rubans-adh\u00e9sifs\/rubans-adhesifs-double-face\/ruban-adhesif-double-face-en-tissu\/tesa-64958-adhesif-double-face-pe-mousse\/\" class=\"woocommerce-LoopProduct-link woocommerce-loop-product__link\"><div class=\"thumbnail_container\"><img decoding=\"async\" loading=\"lazy\" width=\"450\" height=\"450\" src=\"https:\/\/cardinal-tapes.com\/wp-content\/uploads\/tesa-double-sided-pe-foam-white-liner-yellow-pr-001172014_canvas1x1_6-450x450.jpg\" class=\"wp-image-26056 avia-img-lazy-loading-26056 attachment-shop_catalog size-shop_catalog wp-post-image\" alt=\"tesa\u00ae 64958 Ruban adh\u00e9sif double face en mousse PE - double face, Mousse PE, Caoutchouc synth\u00e9tique - Illustration 26056\" srcset=\"https:\/\/cardinal-tapes.com\/wp-content\/uploads\/tesa-double-sided-pe-foam-white-liner-yellow-pr-001172014_canvas1x1_6-450x450.jpg 450w, https:\/\/cardinal-tapes.com\/wp-content\/uploads\/tesa-double-sided-pe-foam-white-liner-yellow-pr-001172014_canvas1x1_6-120x120.jpg 120w, https:\/\/cardinal-tapes.com\/wp-content\/uploads\/tesa-double-sided-pe-foam-white-liner-yellow-pr-001172014_canvas1x1_6-80x80.jpg 80w, https:\/\/cardinal-tapes.com\/wp-content\/uploads\/tesa-double-sided-pe-foam-white-liner-yellow-pr-001172014_canvas1x1_6-200x200.jpg 200w, https:\/\/cardinal-tapes.com\/wp-content\/uploads\/tesa-double-sided-pe-foam-white-liner-yellow-pr-001172014_canvas1x1_6-36x36.jpg 36w, https:\/\/cardinal-tapes.com\/wp-content\/uploads\/tesa-double-sided-pe-foam-white-liner-yellow-pr-001172014_canvas1x1_6-180x180.jpg 180w, https:\/\/cardinal-tapes.com\/wp-content\/uploads\/tesa-double-sided-pe-foam-white-liner-yellow-pr-001172014_canvas1x1_6-100x100.jpg 100w, https:\/\/cardinal-tapes.com\/wp-content\/uploads\/tesa-double-sided-pe-foam-white-liner-yellow-pr-001172014_canvas1x1_6.jpg 640w\" sizes=\"auto, (max-width: 450px) 100vw, 450px\" \/><\/div><div class='inner_product_header'><div class='avia-arrow'><\/div><div class='inner_product_header_table'><div class='inner_product_header_cell'><span class=\"is-h2 woocommerce-loop-product__title\">tesa\u00ae 64958 Ruban adh\u00e9sif double face en mousse PE<\/span>\t\t<div class=\"product-infos\">\n\t\t\t\t\t\t\t<span class='product-infos__item'><b>Rev\u00eatement:<\/b> double face<\/span>\n\t\t\t\t\t\t\t\t\t\t<span class='product-infos__item'><b>Type de mat\u00e9riau:<\/b> Mousse PE<\/span>\n\t\t\t\t\t\t\t\t\t\t<span class='product-infos__item'><b>Fabricant:<\/b> tesa<\/span>\n\t\t\t\t\t\t\t\t\t\t<span class='product-infos__item'><b>Prix sur demande<\/b><\/span>\n\t\t\t\t\t<\/div>\n\t<\/div><\/div><\/div><\/a><\/div><\/li>\n<\/ul><\/div><\/div><div class=\"clear\"><\/div><br \/>\n<div  class='avia-button-wrap av-338x7m-5ea46b201338bb68fcefbaa72aebcdd2-wrap avia-button-left '><a href='https:\/\/cardinal-tapes.com\/klebebaender\/'  class='avia-button av-338x7m-5ea46b201338bb68fcefbaa72aebcdd2 avia-icon_select-no avia-size-medium avia-position-left avia-color-theme-color layout-border color-white'  ><span class='avia_iconbox_title' >Tous les produits<\/span><\/a><\/div><\/p><\/div>\n","protected":false},"excerpt":{"rendered":"","protected":false},"author":1,"featured_media":0,"parent":30749,"menu_order":27,"comment_status":"closed","ping_status":"closed","template":"","meta":{"_acf_changed":false,"footnotes":""},"class_list":["post-31701","page","type-page","status-publish","hentry"],"acf":[],"yoast_head":"<!-- This site is optimized with the Yoast SEO plugin v27.3 - https:\/\/yoast.com\/product\/yoast-seo-wordpress\/ -->\n<title>Rubans adh\u00e9sifs double face - cardinal TAPES<\/title>\n<meta name=\"description\" content=\"Un produit de notre assortiment auquel nous accordons beaucoup d&#039;attention est le ruban adh\u00e9sif double face. En savoir plus ici.\" \/>\n<meta name=\"robots\" content=\"index, follow, max-snippet:-1, max-image-preview:large, max-video-preview:-1\" \/>\n<link rel=\"canonical\" href=\"https:\/\/cardinal-tapes.com\/fr\/rubans-adhesifs-fr\/abc-du-ruban-adhesif\/rubans-adhesifs-double-face\/\" \/>\n<meta property=\"og:locale\" content=\"fr_FR\" \/>\n<meta property=\"og:type\" content=\"article\" \/>\n<meta property=\"og:title\" content=\"Rubans adh\u00e9sifs double face - cardinal TAPES\" \/>\n<meta property=\"og:description\" content=\"Un produit de notre assortiment auquel nous accordons beaucoup d&#039;attention est le ruban adh\u00e9sif double face. En savoir plus ici.\" \/>\n<meta property=\"og:url\" content=\"https:\/\/cardinal-tapes.com\/fr\/rubans-adhesifs-fr\/abc-du-ruban-adhesif\/rubans-adhesifs-double-face\/\" \/>\n<meta property=\"og:site_name\" content=\"cardinal TAPES\" \/>\n<meta property=\"article:modified_time\" content=\"2023-06-14T08:47:26+00:00\" \/>\n<meta name=\"twitter:card\" content=\"summary_large_image\" \/>\n<meta name=\"twitter:label1\" content=\"Dur\u00e9e de lecture estim\u00e9e\" \/>\n\t<meta name=\"twitter:data1\" content=\"15 minutes\" \/>\n<script type=\"application\/ld+json\" class=\"yoast-schema-graph\">{\"@context\":\"https:\\\/\\\/schema.org\",\"@graph\":[{\"@type\":\"WebPage\",\"@id\":\"https:\\\/\\\/cardinal-tapes.com\\\/fr\\\/rubans-adhesifs-fr\\\/abc-du-ruban-adhesif\\\/rubans-adhesifs-double-face\\\/\",\"url\":\"https:\\\/\\\/cardinal-tapes.com\\\/fr\\\/rubans-adhesifs-fr\\\/abc-du-ruban-adhesif\\\/rubans-adhesifs-double-face\\\/\",\"name\":\"Rubans adh\u00e9sifs double face - cardinal TAPES\",\"isPartOf\":{\"@id\":\"https:\\\/\\\/cardinal-tapes.com\\\/#website\"},\"datePublished\":\"2023-06-02T08:59:52+00:00\",\"dateModified\":\"2023-06-14T08:47:26+00:00\",\"description\":\"Un produit de notre assortiment auquel nous accordons beaucoup d'attention est le ruban adh\u00e9sif double face. En savoir plus ici.\",\"breadcrumb\":{\"@id\":\"https:\\\/\\\/cardinal-tapes.com\\\/fr\\\/rubans-adhesifs-fr\\\/abc-du-ruban-adhesif\\\/rubans-adhesifs-double-face\\\/#breadcrumb\"},\"inLanguage\":\"fr-FR\",\"potentialAction\":[{\"@type\":\"ReadAction\",\"target\":[\"https:\\\/\\\/cardinal-tapes.com\\\/fr\\\/rubans-adhesifs-fr\\\/abc-du-ruban-adhesif\\\/rubans-adhesifs-double-face\\\/\"]}]},{\"@type\":\"BreadcrumbList\",\"@id\":\"https:\\\/\\\/cardinal-tapes.com\\\/fr\\\/rubans-adhesifs-fr\\\/abc-du-ruban-adhesif\\\/rubans-adhesifs-double-face\\\/#breadcrumb\",\"itemListElement\":[{\"@type\":\"ListItem\",\"position\":1,\"name\":\"Startseite\",\"item\":\"https:\\\/\\\/cardinal-tapes.com\\\/fr\\\/accueil\\\/\"},{\"@type\":\"ListItem\",\"position\":2,\"name\":\"Rubans adh\u00e9sifs\",\"item\":\"https:\\\/\\\/cardinal-tapes.com\\\/fr\\\/rubans-adhesifs-fr\\\/\"},{\"@type\":\"ListItem\",\"position\":3,\"name\":\"ABC du ruban adh\u00e9sif\",\"item\":\"https:\\\/\\\/cardinal-tapes.com\\\/fr\\\/rubans-adhesifs-fr__trashed\\\/abc-du-ruban-adhesif\\\/\"},{\"@type\":\"ListItem\",\"position\":4,\"name\":\"Rubans adh\u00e9sifs double face\"}]},{\"@type\":\"WebSite\",\"@id\":\"https:\\\/\\\/cardinal-tapes.com\\\/#website\",\"url\":\"https:\\\/\\\/cardinal-tapes.com\\\/\",\"name\":\"cardinal TAPES\",\"description\":\"Klebetechnik aus Wuppertal\",\"potentialAction\":[{\"@type\":\"SearchAction\",\"target\":{\"@type\":\"EntryPoint\",\"urlTemplate\":\"https:\\\/\\\/cardinal-tapes.com\\\/?s={search_term_string}\"},\"query-input\":{\"@type\":\"PropertyValueSpecification\",\"valueRequired\":true,\"valueName\":\"search_term_string\"}}],\"inLanguage\":\"fr-FR\"}]}<\/script>\n<!-- \/ Yoast SEO plugin. -->","yoast_head_json":{"title":"Rubans adh\u00e9sifs double face - cardinal TAPES","description":"Un produit de notre assortiment auquel nous accordons beaucoup d'attention est le ruban adh\u00e9sif double face. En savoir plus ici.","robots":{"index":"index","follow":"follow","max-snippet":"max-snippet:-1","max-image-preview":"max-image-preview:large","max-video-preview":"max-video-preview:-1"},"canonical":"https:\/\/cardinal-tapes.com\/fr\/rubans-adhesifs-fr\/abc-du-ruban-adhesif\/rubans-adhesifs-double-face\/","og_locale":"fr_FR","og_type":"article","og_title":"Rubans adh\u00e9sifs double face - cardinal TAPES","og_description":"Un produit de notre assortiment auquel nous accordons beaucoup d'attention est le ruban adh\u00e9sif double face. En savoir plus ici.","og_url":"https:\/\/cardinal-tapes.com\/fr\/rubans-adhesifs-fr\/abc-du-ruban-adhesif\/rubans-adhesifs-double-face\/","og_site_name":"cardinal TAPES","article_modified_time":"2023-06-14T08:47:26+00:00","twitter_card":"summary_large_image","twitter_misc":{"Dur\u00e9e de lecture estim\u00e9e":"15 minutes"},"schema":{"@context":"https:\/\/schema.org","@graph":[{"@type":"WebPage","@id":"https:\/\/cardinal-tapes.com\/fr\/rubans-adhesifs-fr\/abc-du-ruban-adhesif\/rubans-adhesifs-double-face\/","url":"https:\/\/cardinal-tapes.com\/fr\/rubans-adhesifs-fr\/abc-du-ruban-adhesif\/rubans-adhesifs-double-face\/","name":"Rubans adh\u00e9sifs double face - cardinal TAPES","isPartOf":{"@id":"https:\/\/cardinal-tapes.com\/#website"},"datePublished":"2023-06-02T08:59:52+00:00","dateModified":"2023-06-14T08:47:26+00:00","description":"Un produit de notre assortiment auquel nous accordons beaucoup d'attention est le ruban adh\u00e9sif double face. En savoir plus ici.","breadcrumb":{"@id":"https:\/\/cardinal-tapes.com\/fr\/rubans-adhesifs-fr\/abc-du-ruban-adhesif\/rubans-adhesifs-double-face\/#breadcrumb"},"inLanguage":"fr-FR","potentialAction":[{"@type":"ReadAction","target":["https:\/\/cardinal-tapes.com\/fr\/rubans-adhesifs-fr\/abc-du-ruban-adhesif\/rubans-adhesifs-double-face\/"]}]},{"@type":"BreadcrumbList","@id":"https:\/\/cardinal-tapes.com\/fr\/rubans-adhesifs-fr\/abc-du-ruban-adhesif\/rubans-adhesifs-double-face\/#breadcrumb","itemListElement":[{"@type":"ListItem","position":1,"name":"Startseite","item":"https:\/\/cardinal-tapes.com\/fr\/accueil\/"},{"@type":"ListItem","position":2,"name":"Rubans adh\u00e9sifs","item":"https:\/\/cardinal-tapes.com\/fr\/rubans-adhesifs-fr\/"},{"@type":"ListItem","position":3,"name":"ABC du ruban adh\u00e9sif","item":"https:\/\/cardinal-tapes.com\/fr\/rubans-adhesifs-fr__trashed\/abc-du-ruban-adhesif\/"},{"@type":"ListItem","position":4,"name":"Rubans adh\u00e9sifs double face"}]},{"@type":"WebSite","@id":"https:\/\/cardinal-tapes.com\/#website","url":"https:\/\/cardinal-tapes.com\/","name":"cardinal TAPES","description":"Klebetechnik aus Wuppertal","potentialAction":[{"@type":"SearchAction","target":{"@type":"EntryPoint","urlTemplate":"https:\/\/cardinal-tapes.com\/?s={search_term_string}"},"query-input":{"@type":"PropertyValueSpecification","valueRequired":true,"valueName":"search_term_string"}}],"inLanguage":"fr-FR"}]}},"_links":{"self":[{"href":"https:\/\/cardinal-tapes.com\/fr\/wp-json\/wp\/v2\/pages\/31701","targetHints":{"allow":["GET"]}}],"collection":[{"href":"https:\/\/cardinal-tapes.com\/fr\/wp-json\/wp\/v2\/pages"}],"about":[{"href":"https:\/\/cardinal-tapes.com\/fr\/wp-json\/wp\/v2\/types\/page"}],"author":[{"embeddable":true,"href":"https:\/\/cardinal-tapes.com\/fr\/wp-json\/wp\/v2\/users\/1"}],"replies":[{"embeddable":true,"href":"https:\/\/cardinal-tapes.com\/fr\/wp-json\/wp\/v2\/comments?post=31701"}],"version-history":[{"count":0,"href":"https:\/\/cardinal-tapes.com\/fr\/wp-json\/wp\/v2\/pages\/31701\/revisions"}],"up":[{"embeddable":true,"href":"https:\/\/cardinal-tapes.com\/fr\/wp-json\/wp\/v2\/pages\/30749"}],"wp:attachment":[{"href":"https:\/\/cardinal-tapes.com\/fr\/wp-json\/wp\/v2\/media?parent=31701"}],"curies":[{"name":"wp","href":"https:\/\/api.w.org\/{rel}","templated":true}]}}