{"id":31644,"date":"2023-06-02T10:59:51","date_gmt":"2023-06-02T08:59:51","guid":{"rendered":"https:\/\/cardinal.pixel-tal.de\/rubans-adhesifs\/domaines-dapplication\/production-et-transformation-de-laluminium\/"},"modified":"2023-06-16T15:56:19","modified_gmt":"2023-06-16T13:56:19","slug":"production-et-transformation-de-laluminium","status":"publish","type":"page","link":"https:\/\/cardinal-tapes.com\/fr\/rubans-adhesifs-fr\/domaines-dapplication\/production-et-transformation-de-laluminium\/","title":{"rendered":"Production et transformation de l&#8217;aluminium"},"content":{"rendered":"\t\t\t<div class=\"headerimage-section has-image  \">\n\t\t\t\t\t\t\t\t\t\t\t\t<div class=\"headerimage__bg overlay\" style=\"background-image: url('https:\/\/cardinal-tapes.com\/wp-content\/uploads\/cardinal_kopfbild-alu-scaled.jpg'); background-repeat: no-repeat; background-position: center; background-size: cover;\"><\/div>\n\t\t\t\t\t\t\t\t\t\t\t\t<div class=\"container\">\n\t\t\t\t\t<div class=\"headerimage__inner\">\n\t\t\t\t\t\t<h1 class=\"headerimage__headline\">Rubans adh\u00e9sifs et syst\u00e8mes de collage<\/h1>\t\t\t\t\t\t<span class=\"headerimage__subheadline\">avec une r\u00e9sistance \u00e0 la d\u00e9chirure et une densit\u00e9 d\u2019adh\u00e9rence \u00e9lev\u00e9es<\/span>\t\t\t\t\t\t\t\t\t\t\t<\/div>\n\t\t\t\t\t\t\t\t\t<\/div>\n\t\t\t<\/div>\n\t\t\t\n<\/div><\/div><\/div><!-- close content main div --><\/div><\/div><div id='av_section_1'  class='avia-section av-11heo2-7cb4a45f0f8b829d22b4f89bd38e21dd alternate_color avia-section-default avia-no-border-styling  avia-builder-el-1  el_after_pixel_headimage  el_before_av_section  avia-bg-style-scroll container_wrap fullsize'  ><div class='container av-section-cont-open' ><div class='template-page content  av-content-full alpha units'><div class='post-entry post-entry-type-page post-entry-31644'><div class='entry-content-wrapper clearfix'>\n<div  class='flex_column av-zfqnu-e19969d193fd19c6fcc98798eb55b0af av_two_third  avia-builder-el-2  avia-builder-el-no-sibling  max-width-col two-third first flex_column_div av-animated-generic left-to-right  '     ><p><div class=\"pxl-headline pxl-hl hl-wrap | hl-sub--bot hl--align-left hl--std-margin    \">\n        <div class=\"hl-inner\">\n            <h2 class=\"hl-main hl-line |  hl_main--default  \">Rubans adh\u00e9sifs pour la fabrication et la transformation de l\u2019aluminium<\/h2>\n            <span class=\"hl-sub hl-line |  hl_sub--default  \">Des exigences \u00e9lev\u00e9es, des solutions sur mesure <\/span>\n    <\/div>\n<\/div>\n<br \/>\n<section  class='av_textblock_section av-lhox1cwb-a3105c8456bfca80641a326baca15860 '   itemscope=\"itemscope\" itemtype=\"https:\/\/schema.org\/CreativeWork\" ><div class='avia_textblock'  itemprop=\"text\" ><p>En tant que partenaire commercial pour la technique de collage confectionn\u00e9e, cardinal TAPES soutient la <a title=\"Rubans adh\u00e9sifs en aluminium et rubans adh\u00e9sifs m\u00e9talliques avec des adh\u00e9sifs conducteurs\" href=\"\/klebebaender\/\">fabrication et le traitement de l&#8217;aluminium<\/a> avec ses rubans adh\u00e9sifs. En particulier avec nos rubans adh\u00e9sifs en aluminium, qui pr\u00e9sentent une forte r\u00e9sistance \u00e0 la d\u00e9chirure et une densit\u00e9 de collage fiable sur les m\u00e9taux, les mati\u00e8res plastiques, le b\u00e9ton et le bois. Nous sommes le bon interlocuteur pour votre entreprise si vous avez besoin du ruban adh\u00e9sif ad\u00e9quat pour la fabrication et la transformation de l&#8217;aluminium.<\/p>\n<p>Mais les rubans adh\u00e9sifs cr\u00eap\u00e9s ou les rubans en tissu de laine de cellulose, utilis\u00e9s de pr\u00e9f\u00e9rence pour le bandage des faisceaux de c\u00e2bles, sont \u00e9galement tr\u00e8s demand\u00e9s dans ce secteur. Si vous avez encore des questions, nous sommes \u00e0 votre disposition. Pour cela, utilisez notre <a href=\"\/ueber-cardinal\/kontakt\/\">formulaire de demande<\/a> ou contactez-nous par t\u00e9l\u00e9phone au num\u00e9ro direct <a class=\"telelink\" title=\"Contactez-nous d\u00e8s maintenant !\" href=\"tel:+490202266850\" target=\"_blank\" rel=\"nofollow\">+49 202 266 850<\/a>.<\/p>\n<p>Pour plus d&#8217;informations, notre nouveau <a title=\"Rubans adh\u00e9sifs techniques Catalogue de produits de Cardinal GmbH\" href=\"https:\/\/cardinal-tapes.com\/fr\/telechargements\/\">catalogue de produits<\/a> peut \u00eatre t\u00e9l\u00e9charg\u00e9 d\u00e8s maintenant. Si vous souhaitez recevoir un exemplaire imprim\u00e9, y compris un \u00e9chantillon, n&#8217;h\u00e9sitez pas \u00e0 nous contacter.<\/p>\n<\/div><\/section><\/p><\/div>\n\n<\/div><\/div><\/div><!-- close content main div --><\/div><\/div><div id='av_section_2'  class='avia-section av-s48ju-988e2be7f6b4b6c8c0e662ae42b405c9 main_color avia-section-default avia-no-border-styling  avia-builder-el-5  el_after_av_section  avia-builder-el-last  gradient-section avia-bg-style-scroll container_wrap fullsize'  ><div class='container av-section-cont-open' ><div class='template-page content  av-content-full alpha units'><div class='post-entry post-entry-type-page post-entry-31644'><div class='entry-content-wrapper clearfix'>\n<div  class='flex_column av-jqfky-e15e9f2a77e1a46f19b21e13c244a8c2 av_one_full  avia-builder-el-6  avia-builder-el-no-sibling  first flex_column_div av-animated-generic left-to-right  '     ><p><div class=\"pxl-headline pxl-hl hl-wrap | hl-sub--bot hl--align-left hl--no-margin    \">\n        <div class=\"hl-inner\">\n            <h2 class=\"hl-main hl-line |  hl_main--default  \">Points forts du produit<\/h2>\n            <span class=\"hl-sub hl-line |  hl_sub--default  \">Innovant et de haute qualit\u00e9<\/span>\n    <\/div>\n<\/div>\n<br \/>\n<div   data-autoplay=''  data-interval='5'  data-animation='fade'  data-hoverpause='1'  class='template-shop avia-content-slider avia-content-slider-active avia-product-slider1 avia-content-slider-even  avia-builder-el-8  el_after_pixel_sc_headline  el_before_av_button   shop_columns_4' ><div class='avia-content-slider-inner'><ul class=\"products slide-entry-wrap\"><li class=\"product type-product post-55630 status-publish first instock product_cat-industrie-des-matieres-plastiques product_cat-acier-et-verre product_cat-secteur-du-transport product_cat-rubans-adhesifs-simple-face product_cat-production-daluminium-traitement product_cat-industrie-du-beton has-post-thumbnail taxable shipping-taxable purchasable product-type-variable\">\n\t<div class='inner_product main_color wrapped_style noLightbox  av-product-class-no_button'><a href=\"https:\/\/cardinal-tapes.com\/fr\/rubans-adh\u00e9sifs\/domaines-dapplication\/production-daluminium-traitement\/ca-221-bande-filament-adhesive-longue-verticale-2\/\" class=\"woocommerce-LoopProduct-link woocommerce-loop-product__link\"><div class=\"thumbnail_container\"><img decoding=\"async\" loading=\"lazy\" width=\"450\" height=\"450\" src=\"https:\/\/cardinal-tapes.com\/wp-content\/uploads\/CA_221-450x450.jpg\" class=\"wp-image-26888 avia-img-lazy-loading-26888 attachment-shop_catalog size-shop_catalog wp-post-image\" alt=\"CA-221 Ruban adh\u00e9sif filament, renforc\u00e9 en longueur &amp; en largeur - d&#039;un c\u00f4t\u00e9, Film BOPP, Caoutchouc synth\u00e9tique - Illustration 26888\" srcset=\"https:\/\/cardinal-tapes.com\/wp-content\/uploads\/CA_221-450x450.jpg 450w, https:\/\/cardinal-tapes.com\/wp-content\/uploads\/CA_221-120x120.jpg 120w, https:\/\/cardinal-tapes.com\/wp-content\/uploads\/CA_221-80x80.jpg 80w, https:\/\/cardinal-tapes.com\/wp-content\/uploads\/CA_221-200x200.jpg 200w, https:\/\/cardinal-tapes.com\/wp-content\/uploads\/CA_221-768x768.jpg 768w, https:\/\/cardinal-tapes.com\/wp-content\/uploads\/CA_221-1030x1030.jpg 1030w, https:\/\/cardinal-tapes.com\/wp-content\/uploads\/CA_221-36x36.jpg 36w, https:\/\/cardinal-tapes.com\/wp-content\/uploads\/CA_221-180x180.jpg 180w, https:\/\/cardinal-tapes.com\/wp-content\/uploads\/CA_221-705x705.jpg 705w, https:\/\/cardinal-tapes.com\/wp-content\/uploads\/CA_221-100x100.jpg 100w, https:\/\/cardinal-tapes.com\/wp-content\/uploads\/CA_221.jpg 1400w\" sizes=\"auto, (max-width: 450px) 100vw, 450px\" \/><\/div><div class='inner_product_header'><div class='avia-arrow'><\/div><div class='inner_product_header_table'><div class='inner_product_header_cell'><span class=\"is-h2 woocommerce-loop-product__title\">CA-221 Ruban adh\u00e9sif filament, renforc\u00e9 en longueur &amp; en largeur<\/span>\t\t<div class=\"product-infos\">\n\t\t\t\t\t\t\t<span class='product-infos__item'><b>Rev\u00eatement:<\/b> d'un c\u00f4t\u00e9<\/span>\n\t\t\t\t\t\t\t\t\t\t<span class='product-infos__item'><b>Type de mat\u00e9riau:<\/b> Film BOPP<\/span>\n\t\t\t\t\t\t\t\t\t\t<span class='product-infos__item'><b>Fabricant:<\/b> cardinal GmbH<\/span>\n\t\t\t\t\t\t\t\t\t\t<span class='product-infos__item'><b>Prix sur demande<\/b><\/span>\n\t\t\t\t\t<\/div>\n\t<\/div><\/div><\/div><\/a><\/div><\/li>\n<li class=\"product type-product post-54449 status-publish instock product_cat-rubans-adhesifs-simple-face product_cat-film-pp-fr product_cat-ruban-de-masquage product_cat-production-daluminium-traitement product_cat-industrie-automobile product_cat-industrie-du-beton product_cat-industrie-des-matieres-plastiques product_cat-acier-et-verre has-post-thumbnail taxable shipping-taxable purchasable product-type-variable\">\n\t<div class='inner_product main_color wrapped_style noLightbox  av-product-class-no_button'><a href=\"https:\/\/cardinal-tapes.com\/fr\/rubans-adh\u00e9sifs\/rubans-adhesifs-simple-face\/film-pp-fr\/ca-25-pp-strapping-bande-adhesive\/\" class=\"woocommerce-LoopProduct-link woocommerce-loop-product__link\"><div class=\"thumbnail_container\"><img decoding=\"async\" loading=\"lazy\" width=\"450\" height=\"450\" src=\"https:\/\/cardinal-tapes.com\/wp-content\/uploads\/CA_25-1-450x450.jpg\" class=\"wp-image-26840 avia-img-lazy-loading-26840 attachment-shop_catalog size-shop_catalog wp-post-image\" alt=\"CA-25 Ruban adh\u00e9sif de strapping PP - d&#039;un c\u00f4t\u00e9, Film MOPP, Caoutchouc naturel - Illustration 26840\" srcset=\"https:\/\/cardinal-tapes.com\/wp-content\/uploads\/CA_25-1-450x450.jpg 450w, https:\/\/cardinal-tapes.com\/wp-content\/uploads\/CA_25-1-120x120.jpg 120w, https:\/\/cardinal-tapes.com\/wp-content\/uploads\/CA_25-1-80x80.jpg 80w, https:\/\/cardinal-tapes.com\/wp-content\/uploads\/CA_25-1-200x200.jpg 200w, https:\/\/cardinal-tapes.com\/wp-content\/uploads\/CA_25-1-768x768.jpg 768w, https:\/\/cardinal-tapes.com\/wp-content\/uploads\/CA_25-1-1030x1030.jpg 1030w, https:\/\/cardinal-tapes.com\/wp-content\/uploads\/CA_25-1-36x36.jpg 36w, https:\/\/cardinal-tapes.com\/wp-content\/uploads\/CA_25-1-180x180.jpg 180w, https:\/\/cardinal-tapes.com\/wp-content\/uploads\/CA_25-1-705x705.jpg 705w, https:\/\/cardinal-tapes.com\/wp-content\/uploads\/CA_25-1-100x100.jpg 100w, https:\/\/cardinal-tapes.com\/wp-content\/uploads\/CA_25-1.jpg 1400w\" sizes=\"auto, (max-width: 450px) 100vw, 450px\" \/><\/div><div class='inner_product_header'><div class='avia-arrow'><\/div><div class='inner_product_header_table'><div class='inner_product_header_cell'><span class=\"is-h2 woocommerce-loop-product__title\">CA-25 Ruban adh\u00e9sif de strapping PP<\/span>\t\t<div class=\"product-infos\">\n\t\t\t\t\t\t\t<span class='product-infos__item'><b>Rev\u00eatement:<\/b> d'un c\u00f4t\u00e9<\/span>\n\t\t\t\t\t\t\t\t\t\t<span class='product-infos__item'><b>Type de mat\u00e9riau:<\/b> Film MOPP<\/span>\n\t\t\t\t\t\t\t\t\t\t<span class='product-infos__item'><b>Fabricant:<\/b> cardinal GmbH<\/span>\n\t\t\t\t\t\t\t\t\t\t<span class='product-infos__item'><b>Prix sur demande<\/b><\/span>\n\t\t\t\t\t<\/div>\n\t<\/div><\/div><\/div><\/a><\/div><\/li>\n<li class=\"product type-product post-46680 status-publish instock product_cat-production-daluminium-traitement product_cat-industrie-electrique product_cat-rubans-adhesifs-simple-face product_cat-film-pet has-post-thumbnail taxable shipping-taxable purchasable product-type-variable\">\n\t<div class='inner_product main_color wrapped_style noLightbox  av-product-class-no_button'><a href=\"https:\/\/cardinal-tapes.com\/fr\/rubans-adh\u00e9sifs\/rubans-adhesifs-simple-face\/film-pet\/ca-748-bande-adhesive-pour-animaux\/\" class=\"woocommerce-LoopProduct-link woocommerce-loop-product__link\"><div class=\"thumbnail_container\"><img decoding=\"async\" loading=\"lazy\" width=\"450\" height=\"450\" src=\"https:\/\/cardinal-tapes.com\/wp-content\/uploads\/CA-748-450x450.jpg\" class=\"wp-image-26952 avia-img-lazy-loading-26952 attachment-shop_catalog size-shop_catalog wp-post-image\" alt=\"CA-748 Ruban adh\u00e9sif en PET - d&#039;un c\u00f4t\u00e9, Film PET, Silicone - Illustration 26952\" srcset=\"https:\/\/cardinal-tapes.com\/wp-content\/uploads\/CA-748-450x450.jpg 450w, https:\/\/cardinal-tapes.com\/wp-content\/uploads\/CA-748-120x120.jpg 120w, https:\/\/cardinal-tapes.com\/wp-content\/uploads\/CA-748-80x80.jpg 80w, https:\/\/cardinal-tapes.com\/wp-content\/uploads\/CA-748-200x200.jpg 200w, https:\/\/cardinal-tapes.com\/wp-content\/uploads\/CA-748-768x768.jpg 768w, https:\/\/cardinal-tapes.com\/wp-content\/uploads\/CA-748-1030x1030.jpg 1030w, https:\/\/cardinal-tapes.com\/wp-content\/uploads\/CA-748-36x36.jpg 36w, https:\/\/cardinal-tapes.com\/wp-content\/uploads\/CA-748-180x180.jpg 180w, https:\/\/cardinal-tapes.com\/wp-content\/uploads\/CA-748-705x705.jpg 705w, https:\/\/cardinal-tapes.com\/wp-content\/uploads\/CA-748-100x100.jpg 100w, https:\/\/cardinal-tapes.com\/wp-content\/uploads\/CA-748.jpg 1400w\" sizes=\"auto, (max-width: 450px) 100vw, 450px\" \/><\/div><div class='inner_product_header'><div class='avia-arrow'><\/div><div class='inner_product_header_table'><div class='inner_product_header_cell'><span class=\"is-h2 woocommerce-loop-product__title\">CA-748 Ruban adh\u00e9sif en PET<\/span>\t\t<div class=\"product-infos\">\n\t\t\t\t\t\t\t<span class='product-infos__item'><b>Rev\u00eatement:<\/b> d'un c\u00f4t\u00e9<\/span>\n\t\t\t\t\t\t\t\t\t\t<span class='product-infos__item'><b>Type de mat\u00e9riau:<\/b> Film PET<\/span>\n\t\t\t\t\t\t\t\t\t\t<span class='product-infos__item'><b>Fabricant:<\/b> cardinal GmbH<\/span>\n\t\t\t\t\t\t\t\t\t\t<span class='product-infos__item'><b>Prix sur demande<\/b><\/span>\n\t\t\t\t\t<\/div>\n\t<\/div><\/div><\/div><\/a><\/div><\/li>\n<li class=\"product type-product post-47489 status-publish last instock product_cat-secteur-du-transport product_cat-rubans-adhesifs-simple-face product_cat-production-daluminium-traitement product_cat-artisanat-du-batiment product_cat-industrie-du-beton product_cat-industrie-des-matieres-plastiques product_cat-acier-et-verre has-post-thumbnail taxable shipping-taxable purchasable product-type-variable\">\n\t<div class='inner_product main_color wrapped_style noLightbox  av-product-class-no_button'><a href=\"https:\/\/cardinal-tapes.com\/fr\/rubans-adh\u00e9sifs\/domaines-dapplication\/production-daluminium-traitement\/ca-22-filament-bande-adhesive-longue-stabilite\/\" class=\"woocommerce-LoopProduct-link woocommerce-loop-product__link\"><div class=\"thumbnail_container\"><img decoding=\"async\" loading=\"lazy\" width=\"450\" height=\"450\" src=\"https:\/\/cardinal-tapes.com\/wp-content\/uploads\/CA_22_02-450x450.jpg\" class=\"wp-image-26832 avia-img-lazy-loading-26832 attachment-shop_catalog size-shop_catalog wp-post-image\" alt=\"CA-22 Ruban adh\u00e9sif filament, renforc\u00e9 dans le sens de la longueur - d&#039;un c\u00f4t\u00e9, Polypropyl\u00e8ne, Caoutchouc synth\u00e9tique - Illustration 26832\" srcset=\"https:\/\/cardinal-tapes.com\/wp-content\/uploads\/CA_22_02-450x450.jpg 450w, https:\/\/cardinal-tapes.com\/wp-content\/uploads\/CA_22_02-120x120.jpg 120w, https:\/\/cardinal-tapes.com\/wp-content\/uploads\/CA_22_02-80x80.jpg 80w, https:\/\/cardinal-tapes.com\/wp-content\/uploads\/CA_22_02-36x36.jpg 36w, https:\/\/cardinal-tapes.com\/wp-content\/uploads\/CA_22_02-180x180.jpg 180w, https:\/\/cardinal-tapes.com\/wp-content\/uploads\/CA_22_02-100x100.jpg 100w\" sizes=\"auto, (max-width: 450px) 100vw, 450px\" \/><\/div><div class='inner_product_header'><div class='avia-arrow'><\/div><div class='inner_product_header_table'><div class='inner_product_header_cell'><span class=\"is-h2 woocommerce-loop-product__title\">CA-22 Ruban adh\u00e9sif filament, renforc\u00e9 dans le sens de la longueur<\/span>\t\t<div class=\"product-infos\">\n\t\t\t\t\t\t\t<span class='product-infos__item'><b>Rev\u00eatement:<\/b> d'un c\u00f4t\u00e9<\/span>\n\t\t\t\t\t\t\t\t\t\t<span class='product-infos__item'><b>Type de mat\u00e9riau:<\/b> Polypropyl\u00e8ne<\/span>\n\t\t\t\t\t\t\t\t\t\t<span class='product-infos__item'><b>Fabricant:<\/b> cardinal GmbH<\/span>\n\t\t\t\t\t\t\t\t\t\t<span class='product-infos__item'><b>Prix sur demande<\/b><\/span>\n\t\t\t\t\t<\/div>\n\t<\/div><\/div><\/div><\/a><\/div><\/li>\n<\/ul><\/div><\/div><div class=\"clear\"><\/div><br \/>\n<div  class='avia-button-wrap av-ub0i-b03a7e2bb00d478eb363f189118e9708-wrap avia-button-left '><a href='https:\/\/cardinal-tapes.com\/fr\/rubans-adhesifs-fr\/'  class='avia-button av-ub0i-b03a7e2bb00d478eb363f189118e9708 avia-icon_select-no avia-size-medium avia-position-left avia-color-theme-color layout-border color-white'  ><span class='avia_iconbox_title' >Tous les produits<\/span><\/a><\/div><\/p><\/div>\n","protected":false},"excerpt":{"rendered":"","protected":false},"author":1,"featured_media":0,"parent":30752,"menu_order":13,"comment_status":"closed","ping_status":"closed","template":"","meta":{"_acf_changed":false,"footnotes":""},"class_list":["post-31644","page","type-page","status-publish","hentry"],"acf":[],"yoast_head":"<!-- This site is optimized with the Yoast SEO plugin v27.3 - https:\/\/yoast.com\/product\/yoast-seo-wordpress\/ -->\n<title>Rubans adh\u00e9sifs pour la fabrication d&#039;aluminium | cardinal TAPES<\/title>\n<meta name=\"description\" content=\"En tant que partenaire commercial pour la technique de collage confectionn\u00e9e, cardinal TAPES soutient la fabrication et le traitement de l&#039;aluminium avec ses rubans adh\u00e9sifs. D\u00e9couvrez les particularit\u00e9s.\" \/>\n<meta name=\"robots\" content=\"index, follow, max-snippet:-1, max-image-preview:large, max-video-preview:-1\" \/>\n<link rel=\"canonical\" href=\"https:\/\/cardinal-tapes.com\/fr\/rubans-adhesifs-fr\/domaines-dapplication\/production-et-transformation-de-laluminium\/\" \/>\n<meta property=\"og:locale\" content=\"fr_FR\" \/>\n<meta property=\"og:type\" content=\"article\" \/>\n<meta property=\"og:title\" content=\"Rubans adh\u00e9sifs pour la fabrication d&#039;aluminium | cardinal TAPES\" \/>\n<meta property=\"og:description\" content=\"En tant que partenaire commercial pour la technique de collage confectionn\u00e9e, cardinal TAPES soutient la fabrication et le traitement de l&#039;aluminium avec ses rubans adh\u00e9sifs. D\u00e9couvrez les particularit\u00e9s.\" \/>\n<meta property=\"og:url\" content=\"https:\/\/cardinal-tapes.com\/fr\/rubans-adhesifs-fr\/domaines-dapplication\/production-et-transformation-de-laluminium\/\" \/>\n<meta property=\"og:site_name\" content=\"cardinal TAPES\" \/>\n<meta property=\"article:modified_time\" content=\"2023-06-16T13:56:19+00:00\" \/>\n<meta name=\"twitter:card\" content=\"summary_large_image\" \/>\n<meta name=\"twitter:label1\" content=\"Dur\u00e9e de lecture estim\u00e9e\" \/>\n\t<meta name=\"twitter:data1\" content=\"5 minutes\" \/>\n<script type=\"application\/ld+json\" class=\"yoast-schema-graph\">{\"@context\":\"https:\\\/\\\/schema.org\",\"@graph\":[{\"@type\":\"WebPage\",\"@id\":\"https:\\\/\\\/cardinal-tapes.com\\\/fr\\\/rubans-adhesifs-fr\\\/domaines-dapplication\\\/production-et-transformation-de-laluminium\\\/\",\"url\":\"https:\\\/\\\/cardinal-tapes.com\\\/fr\\\/rubans-adhesifs-fr\\\/domaines-dapplication\\\/production-et-transformation-de-laluminium\\\/\",\"name\":\"Rubans adh\u00e9sifs pour la fabrication d'aluminium | cardinal TAPES\",\"isPartOf\":{\"@id\":\"https:\\\/\\\/cardinal-tapes.com\\\/#website\"},\"datePublished\":\"2023-06-02T08:59:51+00:00\",\"dateModified\":\"2023-06-16T13:56:19+00:00\",\"description\":\"En tant que partenaire commercial pour la technique de collage confectionn\u00e9e, cardinal TAPES soutient la fabrication et le traitement de l'aluminium avec ses rubans adh\u00e9sifs. D\u00e9couvrez les particularit\u00e9s.\",\"breadcrumb\":{\"@id\":\"https:\\\/\\\/cardinal-tapes.com\\\/fr\\\/rubans-adhesifs-fr\\\/domaines-dapplication\\\/production-et-transformation-de-laluminium\\\/#breadcrumb\"},\"inLanguage\":\"fr-FR\",\"potentialAction\":[{\"@type\":\"ReadAction\",\"target\":[\"https:\\\/\\\/cardinal-tapes.com\\\/fr\\\/rubans-adhesifs-fr\\\/domaines-dapplication\\\/production-et-transformation-de-laluminium\\\/\"]}]},{\"@type\":\"BreadcrumbList\",\"@id\":\"https:\\\/\\\/cardinal-tapes.com\\\/fr\\\/rubans-adhesifs-fr\\\/domaines-dapplication\\\/production-et-transformation-de-laluminium\\\/#breadcrumb\",\"itemListElement\":[{\"@type\":\"ListItem\",\"position\":1,\"name\":\"Startseite\",\"item\":\"https:\\\/\\\/cardinal-tapes.com\\\/fr\\\/accueil\\\/\"},{\"@type\":\"ListItem\",\"position\":2,\"name\":\"Rubans adh\u00e9sifs\",\"item\":\"https:\\\/\\\/cardinal-tapes.com\\\/fr\\\/rubans-adhesifs-fr\\\/\"},{\"@type\":\"ListItem\",\"position\":3,\"name\":\"Domaines d&#8217;application\",\"item\":\"https:\\\/\\\/cardinal-tapes.com\\\/fr\\\/rubans-adhesifs-fr__trashed\\\/domaines-dapplication\\\/\"},{\"@type\":\"ListItem\",\"position\":4,\"name\":\"Production et transformation de l&#8217;aluminium\"}]},{\"@type\":\"WebSite\",\"@id\":\"https:\\\/\\\/cardinal-tapes.com\\\/#website\",\"url\":\"https:\\\/\\\/cardinal-tapes.com\\\/\",\"name\":\"cardinal TAPES\",\"description\":\"Klebetechnik aus Wuppertal\",\"potentialAction\":[{\"@type\":\"SearchAction\",\"target\":{\"@type\":\"EntryPoint\",\"urlTemplate\":\"https:\\\/\\\/cardinal-tapes.com\\\/?s={search_term_string}\"},\"query-input\":{\"@type\":\"PropertyValueSpecification\",\"valueRequired\":true,\"valueName\":\"search_term_string\"}}],\"inLanguage\":\"fr-FR\"}]}<\/script>\n<!-- \/ Yoast SEO plugin. -->","yoast_head_json":{"title":"Rubans adh\u00e9sifs pour la fabrication d'aluminium | cardinal TAPES","description":"En tant que partenaire commercial pour la technique de collage confectionn\u00e9e, cardinal TAPES soutient la fabrication et le traitement de l'aluminium avec ses rubans adh\u00e9sifs. D\u00e9couvrez les particularit\u00e9s.","robots":{"index":"index","follow":"follow","max-snippet":"max-snippet:-1","max-image-preview":"max-image-preview:large","max-video-preview":"max-video-preview:-1"},"canonical":"https:\/\/cardinal-tapes.com\/fr\/rubans-adhesifs-fr\/domaines-dapplication\/production-et-transformation-de-laluminium\/","og_locale":"fr_FR","og_type":"article","og_title":"Rubans adh\u00e9sifs pour la fabrication d'aluminium | cardinal TAPES","og_description":"En tant que partenaire commercial pour la technique de collage confectionn\u00e9e, cardinal TAPES soutient la fabrication et le traitement de l'aluminium avec ses rubans adh\u00e9sifs. D\u00e9couvrez les particularit\u00e9s.","og_url":"https:\/\/cardinal-tapes.com\/fr\/rubans-adhesifs-fr\/domaines-dapplication\/production-et-transformation-de-laluminium\/","og_site_name":"cardinal TAPES","article_modified_time":"2023-06-16T13:56:19+00:00","twitter_card":"summary_large_image","twitter_misc":{"Dur\u00e9e de lecture estim\u00e9e":"5 minutes"},"schema":{"@context":"https:\/\/schema.org","@graph":[{"@type":"WebPage","@id":"https:\/\/cardinal-tapes.com\/fr\/rubans-adhesifs-fr\/domaines-dapplication\/production-et-transformation-de-laluminium\/","url":"https:\/\/cardinal-tapes.com\/fr\/rubans-adhesifs-fr\/domaines-dapplication\/production-et-transformation-de-laluminium\/","name":"Rubans adh\u00e9sifs pour la fabrication d'aluminium | cardinal TAPES","isPartOf":{"@id":"https:\/\/cardinal-tapes.com\/#website"},"datePublished":"2023-06-02T08:59:51+00:00","dateModified":"2023-06-16T13:56:19+00:00","description":"En tant que partenaire commercial pour la technique de collage confectionn\u00e9e, cardinal TAPES soutient la fabrication et le traitement de l'aluminium avec ses rubans adh\u00e9sifs. D\u00e9couvrez les particularit\u00e9s.","breadcrumb":{"@id":"https:\/\/cardinal-tapes.com\/fr\/rubans-adhesifs-fr\/domaines-dapplication\/production-et-transformation-de-laluminium\/#breadcrumb"},"inLanguage":"fr-FR","potentialAction":[{"@type":"ReadAction","target":["https:\/\/cardinal-tapes.com\/fr\/rubans-adhesifs-fr\/domaines-dapplication\/production-et-transformation-de-laluminium\/"]}]},{"@type":"BreadcrumbList","@id":"https:\/\/cardinal-tapes.com\/fr\/rubans-adhesifs-fr\/domaines-dapplication\/production-et-transformation-de-laluminium\/#breadcrumb","itemListElement":[{"@type":"ListItem","position":1,"name":"Startseite","item":"https:\/\/cardinal-tapes.com\/fr\/accueil\/"},{"@type":"ListItem","position":2,"name":"Rubans adh\u00e9sifs","item":"https:\/\/cardinal-tapes.com\/fr\/rubans-adhesifs-fr\/"},{"@type":"ListItem","position":3,"name":"Domaines d&#8217;application","item":"https:\/\/cardinal-tapes.com\/fr\/rubans-adhesifs-fr__trashed\/domaines-dapplication\/"},{"@type":"ListItem","position":4,"name":"Production et transformation de l&#8217;aluminium"}]},{"@type":"WebSite","@id":"https:\/\/cardinal-tapes.com\/#website","url":"https:\/\/cardinal-tapes.com\/","name":"cardinal TAPES","description":"Klebetechnik aus Wuppertal","potentialAction":[{"@type":"SearchAction","target":{"@type":"EntryPoint","urlTemplate":"https:\/\/cardinal-tapes.com\/?s={search_term_string}"},"query-input":{"@type":"PropertyValueSpecification","valueRequired":true,"valueName":"search_term_string"}}],"inLanguage":"fr-FR"}]}},"_links":{"self":[{"href":"https:\/\/cardinal-tapes.com\/fr\/wp-json\/wp\/v2\/pages\/31644","targetHints":{"allow":["GET"]}}],"collection":[{"href":"https:\/\/cardinal-tapes.com\/fr\/wp-json\/wp\/v2\/pages"}],"about":[{"href":"https:\/\/cardinal-tapes.com\/fr\/wp-json\/wp\/v2\/types\/page"}],"author":[{"embeddable":true,"href":"https:\/\/cardinal-tapes.com\/fr\/wp-json\/wp\/v2\/users\/1"}],"replies":[{"embeddable":true,"href":"https:\/\/cardinal-tapes.com\/fr\/wp-json\/wp\/v2\/comments?post=31644"}],"version-history":[{"count":0,"href":"https:\/\/cardinal-tapes.com\/fr\/wp-json\/wp\/v2\/pages\/31644\/revisions"}],"up":[{"embeddable":true,"href":"https:\/\/cardinal-tapes.com\/fr\/wp-json\/wp\/v2\/pages\/30752"}],"wp:attachment":[{"href":"https:\/\/cardinal-tapes.com\/fr\/wp-json\/wp\/v2\/media?parent=31644"}],"curies":[{"name":"wp","href":"https:\/\/api.w.org\/{rel}","templated":true}]}}