{"id":31636,"date":"2023-06-02T10:59:51","date_gmt":"2023-06-02T08:59:51","guid":{"rendered":"https:\/\/cardinal.pixel-tal.de\/rubans-adhesifs\/abc-du-ruban-adhesif\/adhesifs-liquides\/"},"modified":"2023-06-14T10:47:22","modified_gmt":"2023-06-14T08:47:22","slug":"adhesifs-liquides","status":"publish","type":"page","link":"https:\/\/cardinal-tapes.com\/fr\/rubans-adhesifs-fr\/abc-du-ruban-adhesif\/adhesifs-liquides\/","title":{"rendered":"Adh\u00e9sifs liquides"},"content":{"rendered":"<div id='av_section_1'  class='avia-section av-cs8d62-27ab67ed7d74aef49f4db39044ffe230 alternate_color avia-section-default avia-no-border-styling  avia-builder-el-0  el_before_av_section  avia-builder-el-first  avia-bg-style-scroll container_wrap fullsize'  ><div class='container av-section-cont-open' ><main  role=\"main\" itemprop=\"mainContentOfPage\"  class='template-page content  av-content-full alpha units'><div class='post-entry post-entry-type-page post-entry-31636'><div class='entry-content-wrapper clearfix'>\n<div  class='flex_column av-116ta2-1b6d7d5e6ce972ebc1d9cd3c6f3fd39d av_one_full  avia-builder-el-1  el_before_av_one_half  avia-builder-el-first  first flex_column_div  '     ><div class=\"pxl-headline pxl-hl hl-wrap | hl-sub--off hl--align-left hl--no-margin    \">\n        <div class=\"hl-inner\">\n            <h2 class=\"hl-main hl-line |  hl_main--default  \">Adh\u00e9sifs liquides<\/h2>\n            \n    <\/div>\n<\/div><\/div><div  class='flex_column av-9ppvuy-1aa34d3dd7061d68f727cd35d7075b1b av_one_half  avia-builder-el-3  el_after_av_one_full  el_before_av_one_half  first flex_column_div  column-top-margin'     ><section  class='av_textblock_section av-bin7dm-d89811aeab65aec347688f3cbfa9e278 '   itemscope=\"itemscope\" itemtype=\"https:\/\/schema.org\/CreativeWork\" ><div class='avia_textblock'  itemprop=\"text\" ><p>Nos colles liquides sont utilis\u00e9es lorsqu&#8217;une adh\u00e9rence imm\u00e9diate est souhait\u00e9e par nos clients. La facilit\u00e9 d&#8217;utilisation ainsi que l&#8217;adh\u00e9rence finale rapidement atteinte sont des avantages \u00e9vidents de nos colles liquides. En tant que partenaire de distribution sp\u00e9cialis\u00e9 dans les colles liquides, cardinal TAPES peut agir sur le march\u00e9 de mani\u00e8re particuli\u00e8rement rapide et flexible pour le client gr\u00e2ce \u00e0 des voies de d\u00e9cision courtes.<\/p>\n<\/div><\/section><\/div><div  class='flex_column av-86naei-a77a4f13ed107bade0b0b33e5384a106 av_one_half  avia-builder-el-5  el_after_av_one_half  avia-builder-el-last  flex_column_div  column-top-margin'     ><section  class='av_textblock_section av-875xp6-f83a70122c7db6385b1050efe9582e88 '   itemscope=\"itemscope\" itemtype=\"https:\/\/schema.org\/CreativeWork\" ><div class='avia_textblock'  itemprop=\"text\" ><h4>Nos colles liquides<\/h4>\n<p>Notre gamme de produits s&#8217;\u00e9largit constamment et est ainsi maintenue au niveau de d\u00e9veloppement le plus moderne. Nos r\u00e9sines d&#8217;impr\u00e9gnation, nos colles durcissant aux UV, nos colles cyanoacrylates et nos colles \u00e9poxy &amp; PU sont utilis\u00e9es dans de nombreux domaines diff\u00e9rents. Nos colles sont utilis\u00e9es par exemple pour le traitement des surfaces, l&#8217;\u00e9tanch\u00e9it\u00e9 des surfaces, le collage et l&#8217;\u00e9tanch\u00e9it\u00e9 du verre ainsi que la r\u00e9paration des vitres.<\/p>\n<p>La liste suivante de nos adh\u00e9sifs liquides sert d&#8217;aper\u00e7u g\u00e9n\u00e9ral. Vous y trouverez une s\u00e9lection de rubans adh\u00e9sifs qui ont \u00e9t\u00e9 d\u00e9velopp\u00e9s en fonction des applications et des clients. Si vous ne trouvez pas ici de solution adapt\u00e9e \u00e0 vos besoins sp\u00e9cifiques, n&#8217;h\u00e9sitez pas \u00e0 nous contacter <a href=\"\/ueber-cardinal\/kontakt\/\">personnellement<\/a>.<\/p>\n<\/div><\/section><\/div>\n\n<\/div><\/div><\/main><!-- close content main element --><\/div><\/div><div id='av_section_2'  class='avia-section av-67mhne-0a2b0f556d4df003e2177de9c9a57980 main_color avia-section-default avia-no-border-styling  avia-builder-el-7  el_after_av_section  avia-builder-el-last  gradient-section avia-bg-style-scroll container_wrap fullsize'  ><div class='container av-section-cont-open' ><div class='template-page content  av-content-full alpha units'><div class='post-entry post-entry-type-page post-entry-31636'><div class='entry-content-wrapper clearfix'>\n<div  class='flex_column av-4mu5yy-fc8e44d14c65d37f6b3b83ad9ff85f22 av_one_full  avia-builder-el-8  avia-builder-el-no-sibling  first flex_column_div  '     ><p><div class=\"pxl-headline pxl-hl hl-wrap | hl-sub--off hl--align-left hl--no-margin    \">\n        <div class=\"hl-inner\">\n            <h2 class=\"hl-main hl-line |  hl_main--default  \">Produits int\u00e9ressants<\/h2>\n            \n    <\/div>\n<\/div>\n<br \/>\n<div   data-autoplay=''  data-interval='5'  data-animation='fade'  data-hoverpause='1'  class='template-shop avia-content-slider avia-content-slider-active avia-product-slider1 avia-content-slider-even  avia-builder-el-10  el_after_pixel_sc_headline  el_before_av_button   shop_columns_4' ><div class='avia-content-slider-inner'><ul class=\"products slide-entry-wrap\"><li class=\"product type-product post-51528 status-publish first instock product_cat-colle-liquide product_cat-adhesifs has-post-thumbnail taxable shipping-taxable purchasable product-type-simple\">\n\t<div class='inner_product main_color wrapped_style noLightbox  av-product-class-no_button'><a href=\"https:\/\/cardinal-tapes.com\/fr\/rubans-adh\u00e9sifs\/colle-liquide\/adhesifs\/3m-industrial-cleaner\/\" class=\"woocommerce-LoopProduct-link woocommerce-loop-product__link\"><div class=\"thumbnail_container\"><img decoding=\"async\" loading=\"lazy\" width=\"180\" height=\"300\" src=\"https:\/\/cardinal-tapes.com\/wp-content\/uploads\/3m-ic-photo-500-ml-fb-180x300.jpg\" class=\"wp-image-27332 avia-img-lazy-loading-27332 attachment-shop_catalog size-shop_catalog wp-post-image\" alt=\"3M\u2122 Nettoyant industriel - , ,  - Illustration 27332\" \/><span class=\"cart-loading\"><\/span><\/div><div class='inner_product_header'><div class='avia-arrow'><\/div><div class='inner_product_header_table'><div class='inner_product_header_cell'><span class=\"is-h2 woocommerce-loop-product__title\">3M\u2122 Nettoyant industriel<\/span>\t\t<div class=\"product-infos\">\n\t\t\t\t\t\t\t\t\t\t\t\t\t<span class='product-infos__item'><b>Fabricant:<\/b> 3M<\/span>\n\t\t\t\t\t\t\t\t\t\t<span class='product-infos__item'><b>Prix sur demande<\/b><\/span>\n\t\t\t\t\t<\/div>\n\t<\/div><\/div><\/div><\/a><\/div><\/li>\n<li class=\"product type-product post-60325 status-publish instock product_cat-adhesifs has-post-thumbnail taxable shipping-taxable purchasable product-type-simple\">\n\t<div class='inner_product main_color wrapped_style noLightbox  av-product-class-no_button'><a href=\"https:\/\/cardinal-tapes.com\/fr\/rubans-adh\u00e9sifs\/colle-liquide\/adhesifs\/3m-76-aerosol-adhesif-sur-base-elastomere-synthetique\/\" class=\"woocommerce-LoopProduct-link woocommerce-loop-product__link\"><div class=\"thumbnail_container\"><img decoding=\"async\" loading=\"lazy\" width=\"450\" height=\"450\" src=\"https:\/\/cardinal-tapes.com\/wp-content\/uploads\/3m_aerosol-klebstoff_76-450x450.jpg\" class=\"wp-image-25460 avia-img-lazy-loading-25460 attachment-shop_catalog size-shop_catalog wp-post-image\" alt=\"3M\u2122 76 Adh\u00e9sif en a\u00e9rosol \u00e0 base d&#039;\u00e9lastom\u00e8res synth\u00e9tiques - , , \u00c9lastom\u00e8res - Illustration 25460\" srcset=\"https:\/\/cardinal-tapes.com\/wp-content\/uploads\/3m_aerosol-klebstoff_76-450x450.jpg 450w, https:\/\/cardinal-tapes.com\/wp-content\/uploads\/3m_aerosol-klebstoff_76-120x120.jpg 120w, https:\/\/cardinal-tapes.com\/wp-content\/uploads\/3m_aerosol-klebstoff_76-80x80.jpg 80w, https:\/\/cardinal-tapes.com\/wp-content\/uploads\/3m_aerosol-klebstoff_76-200x200.jpg 200w, https:\/\/cardinal-tapes.com\/wp-content\/uploads\/3m_aerosol-klebstoff_76-36x36.jpg 36w, https:\/\/cardinal-tapes.com\/wp-content\/uploads\/3m_aerosol-klebstoff_76-180x180.jpg 180w, https:\/\/cardinal-tapes.com\/wp-content\/uploads\/3m_aerosol-klebstoff_76-100x100.jpg 100w, https:\/\/cardinal-tapes.com\/wp-content\/uploads\/3m_aerosol-klebstoff_76.jpg 600w\" sizes=\"auto, (max-width: 450px) 100vw, 450px\" \/><span class=\"cart-loading\"><\/span><\/div><div class='inner_product_header'><div class='avia-arrow'><\/div><div class='inner_product_header_table'><div class='inner_product_header_cell'><span class=\"is-h2 woocommerce-loop-product__title\">3M\u2122 76 Adh\u00e9sif en a\u00e9rosol \u00e0 base d&#8217;\u00e9lastom\u00e8res synth\u00e9tiques<\/span>\t\t<div class=\"product-infos\">\n\t\t\t\t\t\t\t\t\t\t\t\t\t<span class='product-infos__item'><b>Fabricant:<\/b> 3M<\/span>\n\t\t\t\t\t\t\t\t\t\t<span class='product-infos__item'><b>Prix sur demande<\/b><\/span>\n\t\t\t\t\t<\/div>\n\t<\/div><\/div><\/div><\/a><\/div><\/li>\n<li class=\"product type-product post-60329 status-publish instock product_cat-adhesifs has-post-thumbnail taxable shipping-taxable purchasable product-type-simple\">\n\t<div class='inner_product main_color wrapped_style noLightbox  av-product-class-no_button'><a href=\"https:\/\/cardinal-tapes.com\/fr\/rubans-adh\u00e9sifs\/colle-liquide\/adhesifs\/3m-80-aaerosol-adhesive-based-polychloroprene\/\" class=\"woocommerce-LoopProduct-link woocommerce-loop-product__link\"><div class=\"thumbnail_container\"><img decoding=\"async\" loading=\"lazy\" width=\"450\" height=\"450\" src=\"https:\/\/cardinal-tapes.com\/wp-content\/uploads\/3m_aerosol-klebstoff_80-450x450.jpg\" class=\"wp-image-25480 avia-img-lazy-loading-25480 attachment-shop_catalog size-shop_catalog wp-post-image\" alt=\"3M\u2122 80 Adh\u00e9sif en a\u00e9rosol \u00e0 base de polychloropr\u00e8ne - , ,  - Illustration 25480\" srcset=\"https:\/\/cardinal-tapes.com\/wp-content\/uploads\/3m_aerosol-klebstoff_80-450x450.jpg 450w, https:\/\/cardinal-tapes.com\/wp-content\/uploads\/3m_aerosol-klebstoff_80-120x120.jpg 120w, https:\/\/cardinal-tapes.com\/wp-content\/uploads\/3m_aerosol-klebstoff_80-80x80.jpg 80w, https:\/\/cardinal-tapes.com\/wp-content\/uploads\/3m_aerosol-klebstoff_80-200x200.jpg 200w, https:\/\/cardinal-tapes.com\/wp-content\/uploads\/3m_aerosol-klebstoff_80-36x36.jpg 36w, https:\/\/cardinal-tapes.com\/wp-content\/uploads\/3m_aerosol-klebstoff_80-180x180.jpg 180w, https:\/\/cardinal-tapes.com\/wp-content\/uploads\/3m_aerosol-klebstoff_80-100x100.jpg 100w, https:\/\/cardinal-tapes.com\/wp-content\/uploads\/3m_aerosol-klebstoff_80.jpg 600w\" sizes=\"auto, (max-width: 450px) 100vw, 450px\" \/><span class=\"cart-loading\"><\/span><\/div><div class='inner_product_header'><div class='avia-arrow'><\/div><div class='inner_product_header_table'><div class='inner_product_header_cell'><span class=\"is-h2 woocommerce-loop-product__title\">3M\u2122 80 Adh\u00e9sif en a\u00e9rosol \u00e0 base de polychloropr\u00e8ne<\/span>\t\t<div class=\"product-infos\">\n\t\t\t\t\t\t\t\t\t\t\t\t\t<span class='product-infos__item'><b>Fabricant:<\/b> 3M<\/span>\n\t\t\t\t\t\t\t\t\t\t<span class='product-infos__item'><b>Prix sur demande<\/b><\/span>\n\t\t\t\t\t<\/div>\n\t<\/div><\/div><\/div><\/a><\/div><\/li>\n<li class=\"product type-product post-60327 status-publish last instock product_cat-adhesifs has-post-thumbnail taxable shipping-taxable purchasable product-type-simple\">\n\t<div class='inner_product main_color wrapped_style noLightbox  av-product-class-no_button'><a href=\"https:\/\/cardinal-tapes.com\/fr\/rubans-adh\u00e9sifs\/colle-liquide\/adhesifs\/3m-75-adhesif-aerosol-sur-base-elastomere-synthetique\/\" class=\"woocommerce-LoopProduct-link woocommerce-loop-product__link\"><div class=\"thumbnail_container\"><img decoding=\"async\" loading=\"lazy\" width=\"450\" height=\"450\" src=\"https:\/\/cardinal-tapes.com\/wp-content\/uploads\/3m_aerosol-klebstoff_75-450x450.jpg\" class=\"wp-image-25484 avia-img-lazy-loading-25484 attachment-shop_catalog size-shop_catalog wp-post-image\" alt=\"3M\u2122 75 Adh\u00e9sif en a\u00e9rosol \u00e0 base d&#039;\u00e9lastom\u00e8res synth\u00e9tiques - , , \u00c9lastom\u00e8res - Illustration 25484\" srcset=\"https:\/\/cardinal-tapes.com\/wp-content\/uploads\/3m_aerosol-klebstoff_75-450x450.jpg 450w, https:\/\/cardinal-tapes.com\/wp-content\/uploads\/3m_aerosol-klebstoff_75-120x120.jpg 120w, https:\/\/cardinal-tapes.com\/wp-content\/uploads\/3m_aerosol-klebstoff_75-80x80.jpg 80w, https:\/\/cardinal-tapes.com\/wp-content\/uploads\/3m_aerosol-klebstoff_75-200x200.jpg 200w, https:\/\/cardinal-tapes.com\/wp-content\/uploads\/3m_aerosol-klebstoff_75-36x36.jpg 36w, https:\/\/cardinal-tapes.com\/wp-content\/uploads\/3m_aerosol-klebstoff_75-180x180.jpg 180w, https:\/\/cardinal-tapes.com\/wp-content\/uploads\/3m_aerosol-klebstoff_75-100x100.jpg 100w, https:\/\/cardinal-tapes.com\/wp-content\/uploads\/3m_aerosol-klebstoff_75.jpg 600w\" sizes=\"auto, (max-width: 450px) 100vw, 450px\" \/><span class=\"cart-loading\"><\/span><\/div><div class='inner_product_header'><div class='avia-arrow'><\/div><div class='inner_product_header_table'><div class='inner_product_header_cell'><span class=\"is-h2 woocommerce-loop-product__title\">3M\u2122 75 Adh\u00e9sif en a\u00e9rosol \u00e0 base d&#8217;\u00e9lastom\u00e8res synth\u00e9tiques<\/span>\t\t<div class=\"product-infos\">\n\t\t\t\t\t\t\t\t\t\t\t\t\t<span class='product-infos__item'><b>Fabricant:<\/b> 3M<\/span>\n\t\t\t\t\t\t\t\t\t\t<span class='product-infos__item'><b>Prix sur demande<\/b><\/span>\n\t\t\t\t\t<\/div>\n\t<\/div><\/div><\/div><\/a><\/div><\/li>\n<\/ul><\/div><\/div><div class=\"clear\"><\/div><br \/>\n<div  class='avia-button-wrap av-1u0eoa-774bab87aaf638e760277aaa5b5d89be-wrap avia-button-left '><a href='https:\/\/cardinal-tapes.com\/klebebaender\/'  class='avia-button av-1u0eoa-774bab87aaf638e760277aaa5b5d89be avia-icon_select-no avia-size-medium avia-position-left avia-color-theme-color layout-border color-white'  ><span class='avia_iconbox_title' >Tous les produits<\/span><\/a><\/div><\/p><\/div>\n","protected":false},"excerpt":{"rendered":"","protected":false},"author":1,"featured_media":0,"parent":30749,"menu_order":31,"comment_status":"closed","ping_status":"closed","template":"","meta":{"_acf_changed":false,"footnotes":""},"class_list":["post-31636","page","type-page","status-publish","hentry"],"acf":[],"yoast_head":"<!-- This site is optimized with the Yoast SEO plugin v27.4 - https:\/\/yoast.com\/product\/yoast-seo-wordpress\/ -->\n<title>Adh\u00e9sifs liquides - cardinal TAPES<\/title>\n<meta name=\"description\" content=\"En tant que partenaire de distribution sp\u00e9cialis\u00e9 dans les colles liquides, cardinal TAPES peut agir sur le march\u00e9 de mani\u00e8re particuli\u00e8rement rapide et flexible pour le client gr\u00e2ce \u00e0 des voies de d\u00e9cision courtes.\" \/>\n<meta name=\"robots\" content=\"index, follow, max-snippet:-1, max-image-preview:large, max-video-preview:-1\" \/>\n<link rel=\"canonical\" href=\"https:\/\/cardinal-tapes.com\/fr\/rubans-adhesifs-fr\/abc-du-ruban-adhesif\/adhesifs-liquides\/\" \/>\n<meta property=\"og:locale\" content=\"fr_FR\" \/>\n<meta property=\"og:type\" content=\"article\" \/>\n<meta property=\"og:title\" content=\"Adh\u00e9sifs liquides - cardinal TAPES\" \/>\n<meta property=\"og:description\" content=\"En tant que partenaire de distribution sp\u00e9cialis\u00e9 dans les colles liquides, cardinal TAPES peut agir sur le march\u00e9 de mani\u00e8re particuli\u00e8rement rapide et flexible pour le client gr\u00e2ce \u00e0 des voies de d\u00e9cision courtes.\" \/>\n<meta property=\"og:url\" content=\"https:\/\/cardinal-tapes.com\/fr\/rubans-adhesifs-fr\/abc-du-ruban-adhesif\/adhesifs-liquides\/\" \/>\n<meta property=\"og:site_name\" content=\"cardinal TAPES\" \/>\n<meta property=\"article:modified_time\" content=\"2023-06-14T08:47:22+00:00\" \/>\n<meta name=\"twitter:card\" content=\"summary_large_image\" \/>\n<meta name=\"twitter:label1\" content=\"Dur\u00e9e de lecture estim\u00e9e\" \/>\n\t<meta name=\"twitter:data1\" content=\"14 minutes\" \/>\n<script type=\"application\/ld+json\" class=\"yoast-schema-graph\">{\"@context\":\"https:\\\/\\\/schema.org\",\"@graph\":[{\"@type\":\"WebPage\",\"@id\":\"https:\\\/\\\/cardinal-tapes.com\\\/fr\\\/rubans-adhesifs-fr\\\/abc-du-ruban-adhesif\\\/adhesifs-liquides\\\/\",\"url\":\"https:\\\/\\\/cardinal-tapes.com\\\/fr\\\/rubans-adhesifs-fr\\\/abc-du-ruban-adhesif\\\/adhesifs-liquides\\\/\",\"name\":\"Adh\u00e9sifs liquides - cardinal TAPES\",\"isPartOf\":{\"@id\":\"https:\\\/\\\/cardinal-tapes.com\\\/#website\"},\"datePublished\":\"2023-06-02T08:59:51+00:00\",\"dateModified\":\"2023-06-14T08:47:22+00:00\",\"description\":\"En tant que partenaire de distribution sp\u00e9cialis\u00e9 dans les colles liquides, cardinal TAPES peut agir sur le march\u00e9 de mani\u00e8re particuli\u00e8rement rapide et flexible pour le client gr\u00e2ce \u00e0 des voies de d\u00e9cision courtes.\",\"breadcrumb\":{\"@id\":\"https:\\\/\\\/cardinal-tapes.com\\\/fr\\\/rubans-adhesifs-fr\\\/abc-du-ruban-adhesif\\\/adhesifs-liquides\\\/#breadcrumb\"},\"inLanguage\":\"fr-FR\",\"potentialAction\":[{\"@type\":\"ReadAction\",\"target\":[\"https:\\\/\\\/cardinal-tapes.com\\\/fr\\\/rubans-adhesifs-fr\\\/abc-du-ruban-adhesif\\\/adhesifs-liquides\\\/\"]}]},{\"@type\":\"BreadcrumbList\",\"@id\":\"https:\\\/\\\/cardinal-tapes.com\\\/fr\\\/rubans-adhesifs-fr\\\/abc-du-ruban-adhesif\\\/adhesifs-liquides\\\/#breadcrumb\",\"itemListElement\":[{\"@type\":\"ListItem\",\"position\":1,\"name\":\"Startseite\",\"item\":\"https:\\\/\\\/cardinal-tapes.com\\\/fr\\\/accueil\\\/\"},{\"@type\":\"ListItem\",\"position\":2,\"name\":\"Rubans adh\u00e9sifs\",\"item\":\"https:\\\/\\\/cardinal-tapes.com\\\/fr\\\/rubans-adhesifs-fr\\\/\"},{\"@type\":\"ListItem\",\"position\":3,\"name\":\"ABC du ruban adh\u00e9sif\",\"item\":\"https:\\\/\\\/cardinal-tapes.com\\\/fr\\\/rubans-adhesifs-fr__trashed\\\/abc-du-ruban-adhesif\\\/\"},{\"@type\":\"ListItem\",\"position\":4,\"name\":\"Adh\u00e9sifs liquides\"}]},{\"@type\":\"WebSite\",\"@id\":\"https:\\\/\\\/cardinal-tapes.com\\\/#website\",\"url\":\"https:\\\/\\\/cardinal-tapes.com\\\/\",\"name\":\"cardinal TAPES\",\"description\":\"Klebetechnik aus Wuppertal\",\"potentialAction\":[{\"@type\":\"SearchAction\",\"target\":{\"@type\":\"EntryPoint\",\"urlTemplate\":\"https:\\\/\\\/cardinal-tapes.com\\\/?s={search_term_string}\"},\"query-input\":{\"@type\":\"PropertyValueSpecification\",\"valueRequired\":true,\"valueName\":\"search_term_string\"}}],\"inLanguage\":\"fr-FR\"}]}<\/script>\n<!-- \/ Yoast SEO plugin. -->","yoast_head_json":{"title":"Adh\u00e9sifs liquides - cardinal TAPES","description":"En tant que partenaire de distribution sp\u00e9cialis\u00e9 dans les colles liquides, cardinal TAPES peut agir sur le march\u00e9 de mani\u00e8re particuli\u00e8rement rapide et flexible pour le client gr\u00e2ce \u00e0 des voies de d\u00e9cision courtes.","robots":{"index":"index","follow":"follow","max-snippet":"max-snippet:-1","max-image-preview":"max-image-preview:large","max-video-preview":"max-video-preview:-1"},"canonical":"https:\/\/cardinal-tapes.com\/fr\/rubans-adhesifs-fr\/abc-du-ruban-adhesif\/adhesifs-liquides\/","og_locale":"fr_FR","og_type":"article","og_title":"Adh\u00e9sifs liquides - cardinal TAPES","og_description":"En tant que partenaire de distribution sp\u00e9cialis\u00e9 dans les colles liquides, cardinal TAPES peut agir sur le march\u00e9 de mani\u00e8re particuli\u00e8rement rapide et flexible pour le client gr\u00e2ce \u00e0 des voies de d\u00e9cision courtes.","og_url":"https:\/\/cardinal-tapes.com\/fr\/rubans-adhesifs-fr\/abc-du-ruban-adhesif\/adhesifs-liquides\/","og_site_name":"cardinal TAPES","article_modified_time":"2023-06-14T08:47:22+00:00","twitter_card":"summary_large_image","twitter_misc":{"Dur\u00e9e de lecture estim\u00e9e":"14 minutes"},"schema":{"@context":"https:\/\/schema.org","@graph":[{"@type":"WebPage","@id":"https:\/\/cardinal-tapes.com\/fr\/rubans-adhesifs-fr\/abc-du-ruban-adhesif\/adhesifs-liquides\/","url":"https:\/\/cardinal-tapes.com\/fr\/rubans-adhesifs-fr\/abc-du-ruban-adhesif\/adhesifs-liquides\/","name":"Adh\u00e9sifs liquides - cardinal TAPES","isPartOf":{"@id":"https:\/\/cardinal-tapes.com\/#website"},"datePublished":"2023-06-02T08:59:51+00:00","dateModified":"2023-06-14T08:47:22+00:00","description":"En tant que partenaire de distribution sp\u00e9cialis\u00e9 dans les colles liquides, cardinal TAPES peut agir sur le march\u00e9 de mani\u00e8re particuli\u00e8rement rapide et flexible pour le client gr\u00e2ce \u00e0 des voies de d\u00e9cision courtes.","breadcrumb":{"@id":"https:\/\/cardinal-tapes.com\/fr\/rubans-adhesifs-fr\/abc-du-ruban-adhesif\/adhesifs-liquides\/#breadcrumb"},"inLanguage":"fr-FR","potentialAction":[{"@type":"ReadAction","target":["https:\/\/cardinal-tapes.com\/fr\/rubans-adhesifs-fr\/abc-du-ruban-adhesif\/adhesifs-liquides\/"]}]},{"@type":"BreadcrumbList","@id":"https:\/\/cardinal-tapes.com\/fr\/rubans-adhesifs-fr\/abc-du-ruban-adhesif\/adhesifs-liquides\/#breadcrumb","itemListElement":[{"@type":"ListItem","position":1,"name":"Startseite","item":"https:\/\/cardinal-tapes.com\/fr\/accueil\/"},{"@type":"ListItem","position":2,"name":"Rubans adh\u00e9sifs","item":"https:\/\/cardinal-tapes.com\/fr\/rubans-adhesifs-fr\/"},{"@type":"ListItem","position":3,"name":"ABC du ruban adh\u00e9sif","item":"https:\/\/cardinal-tapes.com\/fr\/rubans-adhesifs-fr__trashed\/abc-du-ruban-adhesif\/"},{"@type":"ListItem","position":4,"name":"Adh\u00e9sifs liquides"}]},{"@type":"WebSite","@id":"https:\/\/cardinal-tapes.com\/#website","url":"https:\/\/cardinal-tapes.com\/","name":"cardinal TAPES","description":"Klebetechnik aus Wuppertal","potentialAction":[{"@type":"SearchAction","target":{"@type":"EntryPoint","urlTemplate":"https:\/\/cardinal-tapes.com\/?s={search_term_string}"},"query-input":{"@type":"PropertyValueSpecification","valueRequired":true,"valueName":"search_term_string"}}],"inLanguage":"fr-FR"}]}},"_links":{"self":[{"href":"https:\/\/cardinal-tapes.com\/fr\/wp-json\/wp\/v2\/pages\/31636","targetHints":{"allow":["GET"]}}],"collection":[{"href":"https:\/\/cardinal-tapes.com\/fr\/wp-json\/wp\/v2\/pages"}],"about":[{"href":"https:\/\/cardinal-tapes.com\/fr\/wp-json\/wp\/v2\/types\/page"}],"author":[{"embeddable":true,"href":"https:\/\/cardinal-tapes.com\/fr\/wp-json\/wp\/v2\/users\/1"}],"replies":[{"embeddable":true,"href":"https:\/\/cardinal-tapes.com\/fr\/wp-json\/wp\/v2\/comments?post=31636"}],"version-history":[{"count":0,"href":"https:\/\/cardinal-tapes.com\/fr\/wp-json\/wp\/v2\/pages\/31636\/revisions"}],"up":[{"embeddable":true,"href":"https:\/\/cardinal-tapes.com\/fr\/wp-json\/wp\/v2\/pages\/30749"}],"wp:attachment":[{"href":"https:\/\/cardinal-tapes.com\/fr\/wp-json\/wp\/v2\/media?parent=31636"}],"curies":[{"name":"wp","href":"https:\/\/api.w.org\/{rel}","templated":true}]}}