{"id":31603,"date":"2023-06-02T10:59:50","date_gmt":"2023-06-02T08:59:50","guid":{"rendered":"https:\/\/cardinal.pixel-tal.de\/rubans-adhesifs\/abc-du-ruban-adhesif\/rubans-adhesifs-pour-films-et-emballages\/"},"modified":"2023-06-14T10:47:23","modified_gmt":"2023-06-14T08:47:23","slug":"rubans-adhesifs-pour-films-et-emballages","status":"publish","type":"page","link":"https:\/\/cardinal-tapes.com\/fr\/rubans-adhesifs-fr\/abc-du-ruban-adhesif\/rubans-adhesifs-pour-films-et-emballages\/","title":{"rendered":"Rubans adh\u00e9sifs pour films et emballages"},"content":{"rendered":"<div id='av_section_1'  class='avia-section av-d2w8ly-42c55ecf92f4a6ce29f5d0336b00ef3a alternate_color avia-section-default avia-no-border-styling  avia-builder-el-0  el_before_av_section  avia-builder-el-first  avia-bg-style-scroll container_wrap fullsize'  ><div class='container av-section-cont-open' ><main  role=\"main\" itemprop=\"mainContentOfPage\"  class='template-page content  av-content-full alpha units'><div class='post-entry post-entry-type-page post-entry-31603'><div class='entry-content-wrapper clearfix'>\n<div  class='flex_column av-40yvq-7bcc5640f6e80e101df99dd5f68dd394 av_one_full  avia-builder-el-1  el_before_av_one_half  avia-builder-el-first  first flex_column_div  '     ><div class=\"pxl-headline pxl-hl hl-wrap | hl-sub--off hl--align-left hl--no-margin    \">\n        <div class=\"hl-inner\">\n            <h2 class=\"hl-main hl-line |  hl_main--default  \">Rubans adh\u00e9sifs pour films et emballages<\/h2>\n            \n    <\/div>\n<\/div><\/div><div  class='flex_column av-9vksg6-d6e133d2f34aaf36df1e6bcf3bf75fc4 av_one_half  avia-builder-el-3  el_after_av_one_full  el_before_av_one_half  first flex_column_div  column-top-margin'     ><section  class='av_textblock_section av-bciv9y-dd9d5bc87017b9683563b7405558c237 '   itemscope=\"itemscope\" itemtype=\"https:\/\/schema.org\/CreativeWork\" ><div class='avia_textblock'  itemprop=\"text\" ><p>Les rubans adh\u00e9sifs pour films et emballages, \u00e9galement appel\u00e9s rubans d&#8217;emballage, servent \u00e0 la fermeture id\u00e9ale de toutes sortes d&#8217;emballages &#8211; adapt\u00e9s individuellement \u00e0 votre demande. En tant que distributeur de rubans adh\u00e9sifs techniques, nous disposons d&#8217;un choix vari\u00e9 de rubans d&#8217;emballage. Nos rubans adh\u00e9sifs en PVC sont souvent utilis\u00e9s pour des colis de taille moyenne \u00e0 grande. Pour les cartons l\u00e9gers, nous recommandons les rubans adh\u00e9sifs PP en polypropyl\u00e8ne. Nous accordons une grande importance \u00e0 la r\u00e9sistance \u00e0 la d\u00e9chirure et au pouvoir adh\u00e9sif de notre gamme de produits, car nos rubans d&#8217;emballage doivent \u00e9galement adh\u00e9rer de mani\u00e8re fiable sur de longues distances de transport. En outre, il convient de noter que les rubans adh\u00e9sifs pour films et emballages garantissent une certaine r\u00e9sistance au froid et \u00e0 la chaleur, afin de permettre \u00e9galement l&#8217;archivage ou le scellage de marchandises stock\u00e9es.<\/p>\n<\/div><\/section><\/div><div  class='flex_column av-7vm4k6-c0ed77bca87564b2ec331f6b55af0f99 av_one_half  avia-builder-el-5  el_after_av_one_half  avia-builder-el-last  flex_column_div  column-top-margin'     ><section  class='av_textblock_section av-7zvdja-614949f327eca278fdc11f56957c9b38 '   itemscope=\"itemscope\" itemtype=\"https:\/\/schema.org\/CreativeWork\" ><div class='avia_textblock'  itemprop=\"text\" ><h4>Nos rubans adh\u00e9sifs pour films et emballages<\/h4>\n<p>Nos rubans adh\u00e9sifs pour films et emballages de haute qualit\u00e9 r\u00e9pondent \u00e0 presque tous les besoins. Nos rubans vous permettent de fermer vos produits, de les regrouper et m\u00eame de les marquer avec un message publicitaire direct. En outre, nous imprimons des rubans adh\u00e9sifs avec le logo de votre entreprise ou une inscription de votre choix. Pour r\u00e9pondre \u00e0 vos exigences individuelles, nous proposons les rubans adh\u00e9sifs d&#8217;emballage les plus divers en diff\u00e9rentes couleurs, dimensions et \u00e9galement en rouleaux longs.<\/p>\n<p>La liste suivante de nos rubans adh\u00e9sifs pour films et emballages sert d&#8217;aper\u00e7u g\u00e9n\u00e9ral. Si vous ne trouvez pas ici de solution adapt\u00e9e \u00e0 vos besoins sp\u00e9cifiques, n&#8217;h\u00e9sitez pas \u00e0 nous contacter personnellement. Notre gamme de produits est constamment \u00e9largie et maintenue au niveau de d\u00e9veloppement le plus r\u00e9cent. Nous trouverons \u00e9galement des solutions optimales pour vos souhaits individuels. Contactez-nous et nous nous ferons un plaisir de vous aider.<\/p>\n<\/div><\/section><\/div>\n\n<\/div><\/div><\/main><!-- close content main element --><\/div><\/div><div id='av_section_2'  class='avia-section av-5zv7mu-cce98d1f3af584314404c708ee916f05 main_color avia-section-default avia-no-border-styling  avia-builder-el-7  el_after_av_section  avia-builder-el-last  gradient-section avia-bg-style-scroll container_wrap fullsize'  ><div class='container av-section-cont-open' ><div class='template-page content  av-content-full alpha units'><div class='post-entry post-entry-type-page post-entry-31603'><div class='entry-content-wrapper clearfix'>\n<div  class='flex_column av-4udarq-d8173c28cc854c228974094817054b2c av_one_full  avia-builder-el-8  avia-builder-el-no-sibling  first flex_column_div  '     ><p><div class=\"pxl-headline pxl-hl hl-wrap | hl-sub--off hl--align-left hl--no-margin    \">\n        <div class=\"hl-inner\">\n            <h2 class=\"hl-main hl-line |  hl_main--default  \">Produits int\u00e9ressants<\/h2>\n            \n    <\/div>\n<\/div>\n<br \/>\n<div   data-autoplay=''  data-interval='5'  data-animation='fade'  data-hoverpause='1'  class='template-shop avia-content-slider avia-content-slider-active avia-product-slider1 avia-content-slider-even  avia-builder-el-10  el_after_pixel_sc_headline  el_before_av_button   shop_columns_4' ><div class='avia-content-slider-inner'><ul class=\"products slide-entry-wrap\"><li class=\"product type-product post-37510 status-publish first instock product_cat-rubans-adhesifs-simple-face product_cat-film-pp-fr product_cat-systemes-demballage has-post-thumbnail taxable shipping-taxable purchasable product-type-variable\">\n\t<div class='inner_product main_color wrapped_style noLightbox  av-product-class-no_button'><a href=\"https:\/\/cardinal-tapes.com\/fr\/rubans-adh\u00e9sifs\/rubans-adhesifs-simple-face\/film-pp-fr\/tesa-pack-4024\/\" class=\"woocommerce-LoopProduct-link woocommerce-loop-product__link\"><div class=\"thumbnail_container\"><img decoding=\"async\" loading=\"lazy\" width=\"450\" height=\"354\" src=\"https:\/\/cardinal-tapes.com\/wp-content\/uploads\/tesa-04024mu84-15-pa-002-fullsize171322_canvas1x1_5-450x354.jpg\" class=\"wp-image-28304 avia-img-lazy-loading-28304 attachment-shop_catalog size-shop_catalog wp-post-image\" alt=\"tesapack\u00ae 4024 PV4 Ruban adh\u00e9sif d&#039;emballage - d&#039;un c\u00f4t\u00e9, Film PP, Acrylate - Illustration 28304\" \/><\/div><div class='inner_product_header'><div class='avia-arrow'><\/div><div class='inner_product_header_table'><div class='inner_product_header_cell'><span class=\"is-h2 woocommerce-loop-product__title\">tesapack\u00ae 4024 PV4 Ruban adh\u00e9sif d&#8217;emballage<\/span>\t\t<div class=\"product-infos\">\n\t\t\t\t\t\t\t<span class='product-infos__item'><b>Rev\u00eatement:<\/b> d'un c\u00f4t\u00e9<\/span>\n\t\t\t\t\t\t\t\t\t\t<span class='product-infos__item'><b>Type de mat\u00e9riau:<\/b> Film PP<\/span>\n\t\t\t\t\t\t\t\t\t\t<span class='product-infos__item'><b>Fabricant:<\/b> tesa<\/span>\n\t\t\t\t\t\t\t\t\t\t<span class='product-infos__item'><b>Prix sur demande<\/b><\/span>\n\t\t\t\t\t<\/div>\n\t<\/div><\/div><\/div><\/a><\/div><\/li>\n<li class=\"product type-product post-59510 status-publish instock product_cat-rubans-adhesifs-simple-face product_cat-film-pp-fr product_cat-systemes-demballage product_cat-secteur-du-transport has-post-thumbnail taxable shipping-taxable purchasable product-type-variable\">\n\t<div class='inner_product main_color wrapped_style noLightbox  av-product-class-no_button'><a href=\"https:\/\/cardinal-tapes.com\/fr\/rubans-adh\u00e9sifs\/rubans-adhesifs-simple-face\/film-pp-fr\/tesa-4089-universel-pp-ruban-demballage\/\" class=\"woocommerce-LoopProduct-link woocommerce-loop-product__link\"><div class=\"thumbnail_container\"><img decoding=\"async\" loading=\"lazy\" width=\"450\" height=\"450\" src=\"https:\/\/cardinal-tapes.com\/wp-content\/uploads\/tesa-4089-1-450x450.jpg\" class=\"wp-image-26180 avia-img-lazy-loading-26180 attachment-shop_catalog size-shop_catalog wp-post-image\" alt=\"tesapack\u00ae 4089 Ruban adh\u00e9sif d&#039;emballage universel en PP - d&#039;un c\u00f4t\u00e9, Polypropyl\u00e8ne, Caoutchouc naturel - Illustration 26180\" srcset=\"https:\/\/cardinal-tapes.com\/wp-content\/uploads\/tesa-4089-1-450x450.jpg 450w, https:\/\/cardinal-tapes.com\/wp-content\/uploads\/tesa-4089-1-120x120.jpg 120w, https:\/\/cardinal-tapes.com\/wp-content\/uploads\/tesa-4089-1-80x80.jpg 80w, https:\/\/cardinal-tapes.com\/wp-content\/uploads\/tesa-4089-1-200x200.jpg 200w, https:\/\/cardinal-tapes.com\/wp-content\/uploads\/tesa-4089-1-36x36.jpg 36w, https:\/\/cardinal-tapes.com\/wp-content\/uploads\/tesa-4089-1-180x180.jpg 180w, https:\/\/cardinal-tapes.com\/wp-content\/uploads\/tesa-4089-1-100x100.jpg 100w, https:\/\/cardinal-tapes.com\/wp-content\/uploads\/tesa-4089-1.jpg 600w\" sizes=\"auto, (max-width: 450px) 100vw, 450px\" \/><\/div><div class='inner_product_header'><div class='avia-arrow'><\/div><div class='inner_product_header_table'><div class='inner_product_header_cell'><span class=\"is-h2 woocommerce-loop-product__title\">tesapack\u00ae 4089 Ruban adh\u00e9sif d&#8217;emballage universel en PP<\/span>\t\t<div class=\"product-infos\">\n\t\t\t\t\t\t\t<span class='product-infos__item'><b>Rev\u00eatement:<\/b> d'un c\u00f4t\u00e9<\/span>\n\t\t\t\t\t\t\t\t\t\t<span class='product-infos__item'><b>Type de mat\u00e9riau:<\/b> Polypropyl\u00e8ne<\/span>\n\t\t\t\t\t\t\t\t\t\t<span class='product-infos__item'><b>Fabricant:<\/b> tesa<\/span>\n\t\t\t\t\t\t\t\t\t\t<span class='product-infos__item'><b>Prix sur demande<\/b><\/span>\n\t\t\t\t\t<\/div>\n\t<\/div><\/div><\/div><\/a><\/div><\/li>\n<li class=\"product type-product post-46712 status-publish instock product_cat-secteur-du-transport product_cat-rubans-adhesifs-simple-face product_cat-film-pvc product_cat-systemes-demballage has-post-thumbnail taxable shipping-taxable purchasable product-type-variable\">\n\t<div class='inner_product main_color wrapped_style noLightbox  av-product-class-no_button'><a href=\"https:\/\/cardinal-tapes.com\/fr\/rubans-adh\u00e9sifs\/rubans-adhesifs-simple-face\/film-pvc\/ca-53-i-pvc-bande-adhesive-demballage\/\" class=\"woocommerce-LoopProduct-link woocommerce-loop-product__link\"><div class=\"thumbnail_container\"><img decoding=\"async\" loading=\"lazy\" width=\"450\" height=\"450\" src=\"https:\/\/cardinal-tapes.com\/wp-content\/uploads\/CA_Mix_04_retouched-450x450.jpg\" class=\"wp-image-26932 avia-img-lazy-loading-26932 attachment-shop_catalog size-shop_catalog wp-post-image\" alt=\"CA-53\/I Ruban adh\u00e9sif en PVC \/ Ruban adh\u00e9sif d&#039;emballage - d&#039;un c\u00f4t\u00e9, Film PVC, Caoutchouc naturel - Illustration 26932\" srcset=\"https:\/\/cardinal-tapes.com\/wp-content\/uploads\/CA_Mix_04_retouched-450x450.jpg 450w, https:\/\/cardinal-tapes.com\/wp-content\/uploads\/CA_Mix_04_retouched-120x120.jpg 120w, https:\/\/cardinal-tapes.com\/wp-content\/uploads\/CA_Mix_04_retouched-80x80.jpg 80w, https:\/\/cardinal-tapes.com\/wp-content\/uploads\/CA_Mix_04_retouched-36x36.jpg 36w, https:\/\/cardinal-tapes.com\/wp-content\/uploads\/CA_Mix_04_retouched-180x180.jpg 180w, https:\/\/cardinal-tapes.com\/wp-content\/uploads\/CA_Mix_04_retouched-100x100.jpg 100w\" sizes=\"auto, (max-width: 450px) 100vw, 450px\" \/><\/div><div class='inner_product_header'><div class='avia-arrow'><\/div><div class='inner_product_header_table'><div class='inner_product_header_cell'><span class=\"is-h2 woocommerce-loop-product__title\">CA-53\/I Ruban adh\u00e9sif en PVC \/ Ruban adh\u00e9sif d&#8217;emballage<\/span>\t\t<div class=\"product-infos\">\n\t\t\t\t\t\t\t<span class='product-infos__item'><b>Rev\u00eatement:<\/b> d'un c\u00f4t\u00e9<\/span>\n\t\t\t\t\t\t\t\t\t\t<span class='product-infos__item'><b>Type de mat\u00e9riau:<\/b> Film PVC<\/span>\n\t\t\t\t\t\t\t\t\t\t<span class='product-infos__item'><b>Fabricant:<\/b> cardinal GmbH<\/span>\n\t\t\t\t\t\t\t\t\t\t<span class='product-infos__item'><b>Prix sur demande<\/b><\/span>\n\t\t\t\t\t<\/div>\n\t<\/div><\/div><\/div><\/a><\/div><\/li>\n<li class=\"product type-product post-55161 status-publish last instock product_cat-secteur-du-transport product_cat-rubans-adhesifs-simple-face product_cat-film-pvc product_cat-systemes-demballage has-post-thumbnail taxable shipping-taxable purchasable product-type-variable has-default-attributes\">\n\t<div class='inner_product main_color wrapped_style noLightbox  av-product-class-no_button'><a href=\"https:\/\/cardinal-tapes.com\/fr\/rubans-adh\u00e9sifs\/rubans-adhesifs-simple-face\/film-pvc\/ca-51-bande-adhesive-demballage\/\" class=\"woocommerce-LoopProduct-link woocommerce-loop-product__link\"><div class=\"thumbnail_container\"><img decoding=\"async\" loading=\"lazy\" width=\"450\" height=\"450\" src=\"https:\/\/cardinal-tapes.com\/wp-content\/uploads\/Cardinal_Tapes_Shopbild_4-450x450.jpg\" class=\"wp-image-77049 avia-img-lazy-loading-77049 attachment-shop_catalog size-shop_catalog wp-post-image\" alt=\"CA-51 Ruban adh\u00e9sif d&#039;emballage en PVC - d&#039;un c\u00f4t\u00e9, Film PVC rigide, Caoutchouc naturel - Illustration 77049\" srcset=\"https:\/\/cardinal-tapes.com\/wp-content\/uploads\/Cardinal_Tapes_Shopbild_4-450x450.jpg 450w, https:\/\/cardinal-tapes.com\/wp-content\/uploads\/Cardinal_Tapes_Shopbild_4-100x100.jpg 100w, https:\/\/cardinal-tapes.com\/wp-content\/uploads\/Cardinal_Tapes_Shopbild_4-200x200.jpg 200w, https:\/\/cardinal-tapes.com\/wp-content\/uploads\/Cardinal_Tapes_Shopbild_4-80x80.jpg 80w, https:\/\/cardinal-tapes.com\/wp-content\/uploads\/Cardinal_Tapes_Shopbild_4-36x36.jpg 36w, https:\/\/cardinal-tapes.com\/wp-content\/uploads\/Cardinal_Tapes_Shopbild_4-180x180.jpg 180w, https:\/\/cardinal-tapes.com\/wp-content\/uploads\/Cardinal_Tapes_Shopbild_4-120x120.jpg 120w, https:\/\/cardinal-tapes.com\/wp-content\/uploads\/Cardinal_Tapes_Shopbild_4.jpg 480w\" sizes=\"auto, (max-width: 450px) 100vw, 450px\" \/><\/div><div class='inner_product_header'><div class='avia-arrow'><\/div><div class='inner_product_header_table'><div class='inner_product_header_cell'><span class=\"is-h2 woocommerce-loop-product__title\">CA-51 Ruban adh\u00e9sif d&#8217;emballage en PVC<\/span>\t\t<div class=\"product-infos\">\n\t\t\t\t\t\t\t<span class='product-infos__item'><b>Rev\u00eatement:<\/b> d'un c\u00f4t\u00e9<\/span>\n\t\t\t\t\t\t\t\t\t\t<span class='product-infos__item'><b>Type de mat\u00e9riau:<\/b> Film PVC rigide<\/span>\n\t\t\t\t\t\t\t\t\t\t<span class='product-infos__item'><b>Fabricant:<\/b> cardinal GmbH<\/span>\n\t\t\t\t\t\t\t\t\t\t<span class='product-infos__item'><b>Prix sur demande<\/b><\/span>\n\t\t\t\t\t<\/div>\n\t<\/div><\/div><\/div><\/a><\/div><\/li>\n<\/ul><\/div><\/div><div class=\"clear\"><\/div><br \/>\n<div  class='avia-button-wrap av-2apeh2-aa46e5903b0443e870153afeb740cdc0-wrap avia-button-left '><a href='https:\/\/cardinal-tapes.com\/klebebaender\/'  class='avia-button av-2apeh2-aa46e5903b0443e870153afeb740cdc0 avia-icon_select-no avia-size-medium avia-position-left avia-color-theme-color layout-border color-white'  ><span class='avia_iconbox_title' >Tous les produits<\/span><\/a><\/div><\/p><\/div>\n","protected":false},"excerpt":{"rendered":"","protected":false},"author":1,"featured_media":0,"parent":30749,"menu_order":29,"comment_status":"closed","ping_status":"closed","template":"","meta":{"_acf_changed":false,"footnotes":""},"class_list":["post-31603","page","type-page","status-publish","hentry"],"acf":[],"yoast_head":"<!-- This site is optimized with the Yoast SEO plugin v27.4 - https:\/\/yoast.com\/product\/yoast-seo-wordpress\/ -->\n<title>Rubans adh\u00e9sifs pour films et emballages - cardinal TAPES<\/title>\n<meta name=\"description\" content=\"Les rubans adh\u00e9sifs pour films et emballages, \u00e9galement appel\u00e9s rubans d&#039;emballage, servent \u00e0 la fermeture id\u00e9ale de toutes sortes d&#039;emballages. En savoir plus.\" \/>\n<meta name=\"robots\" content=\"index, follow, max-snippet:-1, max-image-preview:large, max-video-preview:-1\" \/>\n<link rel=\"canonical\" href=\"https:\/\/cardinal-tapes.com\/fr\/rubans-adhesifs-fr\/abc-du-ruban-adhesif\/rubans-adhesifs-pour-films-et-emballages\/\" \/>\n<meta property=\"og:locale\" content=\"fr_FR\" \/>\n<meta property=\"og:type\" content=\"article\" \/>\n<meta property=\"og:title\" content=\"Rubans adh\u00e9sifs pour films et emballages - cardinal TAPES\" \/>\n<meta property=\"og:description\" content=\"Les rubans adh\u00e9sifs pour films et emballages, \u00e9galement appel\u00e9s rubans d&#039;emballage, servent \u00e0 la fermeture id\u00e9ale de toutes sortes d&#039;emballages. En savoir plus.\" \/>\n<meta property=\"og:url\" content=\"https:\/\/cardinal-tapes.com\/fr\/rubans-adhesifs-fr\/abc-du-ruban-adhesif\/rubans-adhesifs-pour-films-et-emballages\/\" \/>\n<meta property=\"og:site_name\" content=\"cardinal TAPES\" \/>\n<meta property=\"article:modified_time\" content=\"2023-06-14T08:47:23+00:00\" \/>\n<meta name=\"twitter:card\" content=\"summary_large_image\" \/>\n<meta name=\"twitter:label1\" content=\"Dur\u00e9e de lecture estim\u00e9e\" \/>\n\t<meta name=\"twitter:data1\" content=\"15 minutes\" \/>\n<script type=\"application\/ld+json\" class=\"yoast-schema-graph\">{\"@context\":\"https:\\\/\\\/schema.org\",\"@graph\":[{\"@type\":\"WebPage\",\"@id\":\"https:\\\/\\\/cardinal-tapes.com\\\/fr\\\/rubans-adhesifs-fr\\\/abc-du-ruban-adhesif\\\/rubans-adhesifs-pour-films-et-emballages\\\/\",\"url\":\"https:\\\/\\\/cardinal-tapes.com\\\/fr\\\/rubans-adhesifs-fr\\\/abc-du-ruban-adhesif\\\/rubans-adhesifs-pour-films-et-emballages\\\/\",\"name\":\"Rubans adh\u00e9sifs pour films et emballages - cardinal TAPES\",\"isPartOf\":{\"@id\":\"https:\\\/\\\/cardinal-tapes.com\\\/#website\"},\"datePublished\":\"2023-06-02T08:59:50+00:00\",\"dateModified\":\"2023-06-14T08:47:23+00:00\",\"description\":\"Les rubans adh\u00e9sifs pour films et emballages, \u00e9galement appel\u00e9s rubans d'emballage, servent \u00e0 la fermeture id\u00e9ale de toutes sortes d'emballages. En savoir plus.\",\"breadcrumb\":{\"@id\":\"https:\\\/\\\/cardinal-tapes.com\\\/fr\\\/rubans-adhesifs-fr\\\/abc-du-ruban-adhesif\\\/rubans-adhesifs-pour-films-et-emballages\\\/#breadcrumb\"},\"inLanguage\":\"fr-FR\",\"potentialAction\":[{\"@type\":\"ReadAction\",\"target\":[\"https:\\\/\\\/cardinal-tapes.com\\\/fr\\\/rubans-adhesifs-fr\\\/abc-du-ruban-adhesif\\\/rubans-adhesifs-pour-films-et-emballages\\\/\"]}]},{\"@type\":\"BreadcrumbList\",\"@id\":\"https:\\\/\\\/cardinal-tapes.com\\\/fr\\\/rubans-adhesifs-fr\\\/abc-du-ruban-adhesif\\\/rubans-adhesifs-pour-films-et-emballages\\\/#breadcrumb\",\"itemListElement\":[{\"@type\":\"ListItem\",\"position\":1,\"name\":\"Startseite\",\"item\":\"https:\\\/\\\/cardinal-tapes.com\\\/fr\\\/accueil\\\/\"},{\"@type\":\"ListItem\",\"position\":2,\"name\":\"Rubans adh\u00e9sifs\",\"item\":\"https:\\\/\\\/cardinal-tapes.com\\\/fr\\\/rubans-adhesifs-fr\\\/\"},{\"@type\":\"ListItem\",\"position\":3,\"name\":\"ABC du ruban adh\u00e9sif\",\"item\":\"https:\\\/\\\/cardinal-tapes.com\\\/fr\\\/rubans-adhesifs-fr__trashed\\\/abc-du-ruban-adhesif\\\/\"},{\"@type\":\"ListItem\",\"position\":4,\"name\":\"Rubans adh\u00e9sifs pour films et emballages\"}]},{\"@type\":\"WebSite\",\"@id\":\"https:\\\/\\\/cardinal-tapes.com\\\/#website\",\"url\":\"https:\\\/\\\/cardinal-tapes.com\\\/\",\"name\":\"cardinal TAPES\",\"description\":\"Klebetechnik aus Wuppertal\",\"potentialAction\":[{\"@type\":\"SearchAction\",\"target\":{\"@type\":\"EntryPoint\",\"urlTemplate\":\"https:\\\/\\\/cardinal-tapes.com\\\/?s={search_term_string}\"},\"query-input\":{\"@type\":\"PropertyValueSpecification\",\"valueRequired\":true,\"valueName\":\"search_term_string\"}}],\"inLanguage\":\"fr-FR\"}]}<\/script>\n<!-- \/ Yoast SEO plugin. -->","yoast_head_json":{"title":"Rubans adh\u00e9sifs pour films et emballages - cardinal TAPES","description":"Les rubans adh\u00e9sifs pour films et emballages, \u00e9galement appel\u00e9s rubans d'emballage, servent \u00e0 la fermeture id\u00e9ale de toutes sortes d'emballages. En savoir plus.","robots":{"index":"index","follow":"follow","max-snippet":"max-snippet:-1","max-image-preview":"max-image-preview:large","max-video-preview":"max-video-preview:-1"},"canonical":"https:\/\/cardinal-tapes.com\/fr\/rubans-adhesifs-fr\/abc-du-ruban-adhesif\/rubans-adhesifs-pour-films-et-emballages\/","og_locale":"fr_FR","og_type":"article","og_title":"Rubans adh\u00e9sifs pour films et emballages - cardinal TAPES","og_description":"Les rubans adh\u00e9sifs pour films et emballages, \u00e9galement appel\u00e9s rubans d'emballage, servent \u00e0 la fermeture id\u00e9ale de toutes sortes d'emballages. En savoir plus.","og_url":"https:\/\/cardinal-tapes.com\/fr\/rubans-adhesifs-fr\/abc-du-ruban-adhesif\/rubans-adhesifs-pour-films-et-emballages\/","og_site_name":"cardinal TAPES","article_modified_time":"2023-06-14T08:47:23+00:00","twitter_card":"summary_large_image","twitter_misc":{"Dur\u00e9e de lecture estim\u00e9e":"15 minutes"},"schema":{"@context":"https:\/\/schema.org","@graph":[{"@type":"WebPage","@id":"https:\/\/cardinal-tapes.com\/fr\/rubans-adhesifs-fr\/abc-du-ruban-adhesif\/rubans-adhesifs-pour-films-et-emballages\/","url":"https:\/\/cardinal-tapes.com\/fr\/rubans-adhesifs-fr\/abc-du-ruban-adhesif\/rubans-adhesifs-pour-films-et-emballages\/","name":"Rubans adh\u00e9sifs pour films et emballages - cardinal TAPES","isPartOf":{"@id":"https:\/\/cardinal-tapes.com\/#website"},"datePublished":"2023-06-02T08:59:50+00:00","dateModified":"2023-06-14T08:47:23+00:00","description":"Les rubans adh\u00e9sifs pour films et emballages, \u00e9galement appel\u00e9s rubans d'emballage, servent \u00e0 la fermeture id\u00e9ale de toutes sortes d'emballages. En savoir plus.","breadcrumb":{"@id":"https:\/\/cardinal-tapes.com\/fr\/rubans-adhesifs-fr\/abc-du-ruban-adhesif\/rubans-adhesifs-pour-films-et-emballages\/#breadcrumb"},"inLanguage":"fr-FR","potentialAction":[{"@type":"ReadAction","target":["https:\/\/cardinal-tapes.com\/fr\/rubans-adhesifs-fr\/abc-du-ruban-adhesif\/rubans-adhesifs-pour-films-et-emballages\/"]}]},{"@type":"BreadcrumbList","@id":"https:\/\/cardinal-tapes.com\/fr\/rubans-adhesifs-fr\/abc-du-ruban-adhesif\/rubans-adhesifs-pour-films-et-emballages\/#breadcrumb","itemListElement":[{"@type":"ListItem","position":1,"name":"Startseite","item":"https:\/\/cardinal-tapes.com\/fr\/accueil\/"},{"@type":"ListItem","position":2,"name":"Rubans adh\u00e9sifs","item":"https:\/\/cardinal-tapes.com\/fr\/rubans-adhesifs-fr\/"},{"@type":"ListItem","position":3,"name":"ABC du ruban adh\u00e9sif","item":"https:\/\/cardinal-tapes.com\/fr\/rubans-adhesifs-fr__trashed\/abc-du-ruban-adhesif\/"},{"@type":"ListItem","position":4,"name":"Rubans adh\u00e9sifs pour films et emballages"}]},{"@type":"WebSite","@id":"https:\/\/cardinal-tapes.com\/#website","url":"https:\/\/cardinal-tapes.com\/","name":"cardinal TAPES","description":"Klebetechnik aus Wuppertal","potentialAction":[{"@type":"SearchAction","target":{"@type":"EntryPoint","urlTemplate":"https:\/\/cardinal-tapes.com\/?s={search_term_string}"},"query-input":{"@type":"PropertyValueSpecification","valueRequired":true,"valueName":"search_term_string"}}],"inLanguage":"fr-FR"}]}},"_links":{"self":[{"href":"https:\/\/cardinal-tapes.com\/fr\/wp-json\/wp\/v2\/pages\/31603","targetHints":{"allow":["GET"]}}],"collection":[{"href":"https:\/\/cardinal-tapes.com\/fr\/wp-json\/wp\/v2\/pages"}],"about":[{"href":"https:\/\/cardinal-tapes.com\/fr\/wp-json\/wp\/v2\/types\/page"}],"author":[{"embeddable":true,"href":"https:\/\/cardinal-tapes.com\/fr\/wp-json\/wp\/v2\/users\/1"}],"replies":[{"embeddable":true,"href":"https:\/\/cardinal-tapes.com\/fr\/wp-json\/wp\/v2\/comments?post=31603"}],"version-history":[{"count":0,"href":"https:\/\/cardinal-tapes.com\/fr\/wp-json\/wp\/v2\/pages\/31603\/revisions"}],"up":[{"embeddable":true,"href":"https:\/\/cardinal-tapes.com\/fr\/wp-json\/wp\/v2\/pages\/30749"}],"wp:attachment":[{"href":"https:\/\/cardinal-tapes.com\/fr\/wp-json\/wp\/v2\/media?parent=31603"}],"curies":[{"name":"wp","href":"https:\/\/api.w.org\/{rel}","templated":true}]}}