{"id":31530,"date":"2023-06-02T10:59:46","date_gmt":"2023-06-02T08:59:46","guid":{"rendered":"https:\/\/cardinal.pixel-tal.de\/rubans-adhesifs\/abc-du-ruban-adhesif\/rubans-adhesifs-en-papier\/"},"modified":"2023-06-14T10:47:25","modified_gmt":"2023-06-14T08:47:25","slug":"rubans-adhesifs-en-papier","status":"publish","type":"page","link":"https:\/\/cardinal-tapes.com\/fr\/rubans-adhesifs-fr\/abc-du-ruban-adhesif\/rubans-adhesifs-en-papier\/","title":{"rendered":"Rubans adh\u00e9sifs en papier"},"content":{"rendered":"<div id='av_section_1'  class='avia-section av-by0twq-b4d5b0d0d85e9cf97102bef88704d1dd alternate_color avia-section-default avia-no-border-styling  avia-builder-el-0  el_before_av_section  avia-builder-el-first  avia-bg-style-scroll container_wrap fullsize'  ><div class='container av-section-cont-open' ><main  role=\"main\" itemprop=\"mainContentOfPage\"  class='template-page content  av-content-full alpha units'><div class='post-entry post-entry-type-page post-entry-31530'><div class='entry-content-wrapper clearfix'>\n<div  class='flex_column av-ajnrui-ee82034c6b4347ad79fe26afe20db09c av_one_full  avia-builder-el-1  el_before_av_one_half  avia-builder-el-first  first flex_column_div  '     ><div class=\"pxl-headline pxl-hl hl-wrap | hl-sub--off hl--align-left hl--no-margin    \">\n        <div class=\"hl-inner\">\n            <h2 class=\"hl-main hl-line |  hl_main--default  \">Rubans adh\u00e9sifs en papier \/ rubans adh\u00e9sifs cr\u00eap\u00e9s<\/h2>\n            \n    <\/div>\n<\/div><\/div><div  class='flex_column av-um6qi-02d3e48fae2559f350457e68da6eea1a av_one_half  avia-builder-el-3  el_after_av_one_full  el_before_av_one_half  first flex_column_div  column-top-margin'     ><section  class='av_textblock_section av-awcb16-f982dea0fd8031289928c5adc42b2420 '   itemscope=\"itemscope\" itemtype=\"https:\/\/schema.org\/CreativeWork\" ><div class='avia_textblock'  itemprop=\"text\" ><p>Nos rubans adh\u00e9sifs en papier, \u00e9galement appel\u00e9s rubans adh\u00e9sifs cr\u00eap\u00e9s, sont fabriqu\u00e9s en papier de soude brun naturel et collent sur une face. Ils sont utilis\u00e9s dans la plupart des cas dans les entreprises de peinture et autres m\u00e9tiers similaires. Par rapport \u00e0 la concurrence, ce type de ruban adh\u00e9sif se d\u00e9tache facilement du rouleau et se fixe ais\u00e9ment aux murs ou autres. En outre, ils servent souvent \u00e0 des travaux de couverture sur des p\u00e9riodes courtes \u00e0 longues. Ils se d\u00e9roulent facilement et sont id\u00e9aux pour une application manuelle. Si n\u00e9cessaire, vous pouvez nous demander de les imprimer individuellement afin de soutenir des travaux plus complexes avec des rep\u00e8res visuels.<\/p>\n<p>Contrairement aux rubans de film, la r\u00e9sistance \u00e0 la d\u00e9chirure est nettement plus \u00e9lev\u00e9e et le ruban adh\u00e9sif en papier convient donc parfaitement pour fermer des bo\u00eetes, des paquets ou d&#8217;autres possibilit\u00e9s d&#8217;emballage. En raison de leur stabilit\u00e9 particuli\u00e8re \u00e0 l&#8217;allongement en cas de variations de temp\u00e9rature, les rubans adh\u00e9sifs en papier sont \u00e9galement utilis\u00e9s dans le domaine des hautes temp\u00e9ratures.<\/p>\n<\/div><\/section><\/div><div  class='flex_column av-75r9qi-238002d6578fb57a5a93e8df11291250 av_one_half  avia-builder-el-5  el_after_av_one_half  avia-builder-el-last  flex_column_div  column-top-margin'     ><section  class='av_textblock_section av-7gbi0a-43c304e223f10215a6d457c39dade7fb '   itemscope=\"itemscope\" itemtype=\"https:\/\/schema.org\/CreativeWork\" ><div class='avia_textblock small'  itemprop=\"text\" ><h4>Notre gamme de rubans adh\u00e9sifs en papier et de rubans adh\u00e9sifs cr\u00eap\u00e9s<\/h4>\n<p>La liste suivante de nos rubans de papier sert d&#8217;aper\u00e7u g\u00e9n\u00e9ral. Si vous ne trouvez pas ici de solution adapt\u00e9e \u00e0 vos besoins sp\u00e9cifiques, veuillez nous contacter <a href=\"\/ueber-cardinal\/kontakt\/\">personnellement<\/a> ou utiliser notre demande de produits. Nous \u00e9largissons continuellement notre gamme de produits et la maintenons \u00e0 la pointe du d\u00e9veloppement. Nous nous efforcerons de trouver des solutions optimales pour vos souhaits individuels.<\/p>\n<\/div><\/section><\/div>\n\n<\/div><\/div><\/main><!-- close content main element --><\/div><\/div><div id='av_section_2'  class='avia-section av-64j8zu-0e473d6725337d21761c9196d92f91e9 main_color avia-section-default avia-no-border-styling  avia-builder-el-7  el_after_av_section  avia-builder-el-last  gradient-section avia-bg-style-scroll container_wrap fullsize'  ><div class='container av-section-cont-open' ><div class='template-page content  av-content-full alpha units'><div class='post-entry post-entry-type-page post-entry-31530'><div class='entry-content-wrapper clearfix'>\n<div  class='flex_column av-4ulnoa-d8480dbee3babb9280d5a0582de57bf4 av_one_full  avia-builder-el-8  avia-builder-el-no-sibling  first flex_column_div  '     ><p><div class=\"pxl-headline pxl-hl hl-wrap | hl-sub--off hl--align-left hl--no-margin    \">\n        <div class=\"hl-inner\">\n            <h2 class=\"hl-main hl-line |  hl_main--default  \">Produits int\u00e9ressants<\/h2>\n            \n    <\/div>\n<\/div>\n<br \/>\n<div   data-autoplay=''  data-interval='5'  data-animation='fade'  data-hoverpause='1'  class='template-shop avia-content-slider avia-content-slider-active avia-product-slider1 avia-content-slider-even  avia-builder-el-10  el_after_pixel_sc_headline  el_before_av_button   shop_columns_4' ><div class='avia-content-slider-inner'><ul class=\"products slide-entry-wrap\"><li class=\"product type-product post-55639 status-publish first instock product_cat-domaines-dapplication product_cat-technique-de-chauffage-et-de-climatisation product_cat-construction-de-machines product_cat-industrie-du-meuble product_cat-ruban-adhesif-en-papier product_cat-acier-et-verre product_cat-rubans-adhesifs-simple-face has-post-thumbnail taxable shipping-taxable purchasable product-type-variable\">\n\t<div class='inner_product main_color wrapped_style noLightbox  av-product-class-no_button'><a href=\"https:\/\/cardinal-tapes.com\/fr\/rubans-adh\u00e9sifs\/domaines-dapplication\/technique-de-chauffage-et-de-climatisation\/ca-12-bande-adhesive-en-crepe\/\" class=\"woocommerce-LoopProduct-link woocommerce-loop-product__link\"><div class=\"thumbnail_container\"><img decoding=\"async\" loading=\"lazy\" width=\"450\" height=\"450\" src=\"https:\/\/cardinal-tapes.com\/wp-content\/uploads\/CA_11-12-450x450.jpg\" class=\"wp-image-26820 avia-img-lazy-loading-26820 attachment-shop_catalog size-shop_catalog wp-post-image\" alt=\"CA-12 Ruban adh\u00e9sif cr\u00eape plat - d&#039;un c\u00f4t\u00e9, Papier, Caoutchouc naturel - Illustration 26820\" srcset=\"https:\/\/cardinal-tapes.com\/wp-content\/uploads\/CA_11-12-450x450.jpg 450w, https:\/\/cardinal-tapes.com\/wp-content\/uploads\/CA_11-12-120x120.jpg 120w, https:\/\/cardinal-tapes.com\/wp-content\/uploads\/CA_11-12-80x80.jpg 80w, https:\/\/cardinal-tapes.com\/wp-content\/uploads\/CA_11-12-200x200.jpg 200w, https:\/\/cardinal-tapes.com\/wp-content\/uploads\/CA_11-12-768x768.jpg 768w, https:\/\/cardinal-tapes.com\/wp-content\/uploads\/CA_11-12-1030x1030.jpg 1030w, https:\/\/cardinal-tapes.com\/wp-content\/uploads\/CA_11-12-36x36.jpg 36w, https:\/\/cardinal-tapes.com\/wp-content\/uploads\/CA_11-12-180x180.jpg 180w, https:\/\/cardinal-tapes.com\/wp-content\/uploads\/CA_11-12-705x705.jpg 705w, https:\/\/cardinal-tapes.com\/wp-content\/uploads\/CA_11-12-100x100.jpg 100w, https:\/\/cardinal-tapes.com\/wp-content\/uploads\/CA_11-12.jpg 1400w\" sizes=\"auto, (max-width: 450px) 100vw, 450px\" \/><\/div><div class='inner_product_header'><div class='avia-arrow'><\/div><div class='inner_product_header_table'><div class='inner_product_header_cell'><span class=\"is-h2 woocommerce-loop-product__title\">CA-12 Ruban adh\u00e9sif cr\u00eape plat<\/span>\t\t<div class=\"product-infos\">\n\t\t\t\t\t\t\t<span class='product-infos__item'><b>Rev\u00eatement:<\/b> d'un c\u00f4t\u00e9<\/span>\n\t\t\t\t\t\t\t\t\t\t<span class='product-infos__item'><b>Type de mat\u00e9riau:<\/b> Papier<\/span>\n\t\t\t\t\t\t\t\t\t\t<span class='product-infos__item'><b>Fabricant:<\/b> cardinal GmbH<\/span>\n\t\t\t\t\t\t\t\t\t\t<span class='product-infos__item'><b>Prix sur demande<\/b><\/span>\n\t\t\t\t\t<\/div>\n\t<\/div><\/div><\/div><\/a><\/div><\/li>\n<li class=\"product type-product post-62617 status-publish outofstock product_cat-rubans-adhesifs-simple-face product_cat-ruban-adhesif-en-papier has-post-thumbnail taxable shipping-taxable purchasable product-type-variable\">\n\t<div class='inner_product main_color wrapped_style noLightbox  av-product-class-no_button'><a href=\"https:\/\/cardinal-tapes.com\/fr\/rubans-adh\u00e9sifs\/domaines-dapplication\/ruban-adhesif-en-papier\/ruban-adhesif-de-masquage-3m-201e\/\" class=\"woocommerce-LoopProduct-link woocommerce-loop-product__link\"><div class=\"thumbnail_container\"><img decoding=\"async\" loading=\"lazy\" width=\"450\" height=\"450\" src=\"https:\/\/cardinal-tapes.com\/wp-content\/uploads\/3m_kreppklebeband_201e-450x450.jpg\" class=\"wp-image-24348 avia-img-lazy-loading-24348 attachment-shop_catalog size-shop_catalog wp-post-image\" alt=\"3M\u2122 Ruban adh\u00e9sif de masquage 201E - d&#039;un c\u00f4t\u00e9, Papier, caoutchouc - r\u00e9sine - Illustration 24348\" srcset=\"https:\/\/cardinal-tapes.com\/wp-content\/uploads\/3m_kreppklebeband_201e-450x450.jpg 450w, https:\/\/cardinal-tapes.com\/wp-content\/uploads\/3m_kreppklebeband_201e-120x120.jpg 120w, https:\/\/cardinal-tapes.com\/wp-content\/uploads\/3m_kreppklebeband_201e-80x80.jpg 80w, https:\/\/cardinal-tapes.com\/wp-content\/uploads\/3m_kreppklebeband_201e-200x200.jpg 200w, https:\/\/cardinal-tapes.com\/wp-content\/uploads\/3m_kreppklebeband_201e-36x36.jpg 36w, https:\/\/cardinal-tapes.com\/wp-content\/uploads\/3m_kreppklebeband_201e-180x180.jpg 180w, https:\/\/cardinal-tapes.com\/wp-content\/uploads\/3m_kreppklebeband_201e-100x100.jpg 100w, https:\/\/cardinal-tapes.com\/wp-content\/uploads\/3m_kreppklebeband_201e.jpg 600w\" sizes=\"auto, (max-width: 450px) 100vw, 450px\" \/><\/div><div class='inner_product_header'><div class='avia-arrow'><\/div><div class='inner_product_header_table'><div class='inner_product_header_cell'><span class=\"is-h2 woocommerce-loop-product__title\">3M\u2122 Ruban adh\u00e9sif de masquage 201E<\/span>\t\t<div class=\"product-infos\">\n\t\t\t\t\t\t\t<span class='product-infos__item'><b>Rev\u00eatement:<\/b> d'un c\u00f4t\u00e9<\/span>\n\t\t\t\t\t\t\t\t\t\t<span class='product-infos__item'><b>Type de mat\u00e9riau:<\/b> Papier<\/span>\n\t\t\t\t\t\t\t\t\t\t<span class='product-infos__item'><b>Fabricant:<\/b> 3M<\/span>\n\t\t\t\t\t\t\t\t\t\t<span class='product-infos__item'><b>Prix sur demande<\/b><\/span>\n\t\t\t\t\t<\/div>\n\t<\/div><\/div><\/div><\/a><\/div><\/li>\n<li class=\"product type-product post-55641 status-publish instock product_cat-construction-de-machines product_cat-ruban-adhesif-en-papier product_cat-acier-et-verre product_cat-rubans-adhesifs-simple-face product_cat-technique-de-chauffage-et-de-climatisation has-post-thumbnail taxable shipping-taxable purchasable product-type-variable\">\n\t<div class='inner_product main_color wrapped_style noLightbox  av-product-class-no_button'><a href=\"https:\/\/cardinal-tapes.com\/fr\/rubans-adh\u00e9sifs\/domaines-dapplication\/technique-de-chauffage-et-de-climatisation\/ca-11-bande-adhesive-en-crepe-plat\/\" class=\"woocommerce-LoopProduct-link woocommerce-loop-product__link\"><div class=\"thumbnail_container\"><img decoding=\"async\" loading=\"lazy\" width=\"450\" height=\"450\" src=\"https:\/\/cardinal-tapes.com\/wp-content\/uploads\/CA_11-12-450x450.jpg\" class=\"wp-image-26820 avia-img-lazy-loading-26820 attachment-shop_catalog size-shop_catalog wp-post-image\" alt=\"CA-11 Ruban adh\u00e9sif cr\u00eape plat - d&#039;un c\u00f4t\u00e9, Papier, Caoutchouc naturel - Illustration 26820\" srcset=\"https:\/\/cardinal-tapes.com\/wp-content\/uploads\/CA_11-12-450x450.jpg 450w, https:\/\/cardinal-tapes.com\/wp-content\/uploads\/CA_11-12-120x120.jpg 120w, https:\/\/cardinal-tapes.com\/wp-content\/uploads\/CA_11-12-80x80.jpg 80w, https:\/\/cardinal-tapes.com\/wp-content\/uploads\/CA_11-12-200x200.jpg 200w, https:\/\/cardinal-tapes.com\/wp-content\/uploads\/CA_11-12-768x768.jpg 768w, https:\/\/cardinal-tapes.com\/wp-content\/uploads\/CA_11-12-1030x1030.jpg 1030w, https:\/\/cardinal-tapes.com\/wp-content\/uploads\/CA_11-12-36x36.jpg 36w, https:\/\/cardinal-tapes.com\/wp-content\/uploads\/CA_11-12-180x180.jpg 180w, https:\/\/cardinal-tapes.com\/wp-content\/uploads\/CA_11-12-705x705.jpg 705w, https:\/\/cardinal-tapes.com\/wp-content\/uploads\/CA_11-12-100x100.jpg 100w, https:\/\/cardinal-tapes.com\/wp-content\/uploads\/CA_11-12.jpg 1400w\" sizes=\"auto, (max-width: 450px) 100vw, 450px\" \/><\/div><div class='inner_product_header'><div class='avia-arrow'><\/div><div class='inner_product_header_table'><div class='inner_product_header_cell'><span class=\"is-h2 woocommerce-loop-product__title\">CA-11 Ruban adh\u00e9sif cr\u00eape plat<\/span>\t\t<div class=\"product-infos\">\n\t\t\t\t\t\t\t<span class='product-infos__item'><b>Rev\u00eatement:<\/b> d'un c\u00f4t\u00e9<\/span>\n\t\t\t\t\t\t\t\t\t\t<span class='product-infos__item'><b>Type de mat\u00e9riau:<\/b> Papier<\/span>\n\t\t\t\t\t\t\t\t\t\t<span class='product-infos__item'><b>Fabricant:<\/b> cardinal GmbH<\/span>\n\t\t\t\t\t\t\t\t\t\t<span class='product-infos__item'><b>Prix sur demande<\/b><\/span>\n\t\t\t\t\t<\/div>\n\t<\/div><\/div><\/div><\/a><\/div><\/li>\n<li class=\"product type-product post-55807 status-publish last instock product_cat-rubans-adhesifs-simple-face product_cat-industrie-automobile product_cat-ruban-de-masquage-pour-peinture product_cat-construction-de-machines product_cat-ruban-adhesif-en-papier has-post-thumbnail taxable shipping-taxable purchasable product-type-variable\">\n\t<div class='inner_product main_color wrapped_style noLightbox  av-product-class-no_button'><a href=\"https:\/\/cardinal-tapes.com\/fr\/rubans-adh\u00e9sifs\/domaines-dapplication\/industrie-automobile\/ca-14-bande-de-masquage-pour-peinture\/\" class=\"woocommerce-LoopProduct-link woocommerce-loop-product__link\"><div class=\"thumbnail_container\"><img decoding=\"async\" loading=\"lazy\" width=\"450\" height=\"450\" src=\"https:\/\/cardinal-tapes.com\/wp-content\/uploads\/CA_14-450x450.jpg\" class=\"wp-image-26956 avia-img-lazy-loading-26956 attachment-shop_catalog size-shop_catalog wp-post-image\" alt=\"CA-14 Ruban de masquage pour peinture - d&#039;un c\u00f4t\u00e9, Papier, Caoutchouc naturel - Illustration 26956\" srcset=\"https:\/\/cardinal-tapes.com\/wp-content\/uploads\/CA_14-450x450.jpg 450w, https:\/\/cardinal-tapes.com\/wp-content\/uploads\/CA_14-120x120.jpg 120w, https:\/\/cardinal-tapes.com\/wp-content\/uploads\/CA_14-80x80.jpg 80w, https:\/\/cardinal-tapes.com\/wp-content\/uploads\/CA_14-200x200.jpg 200w, https:\/\/cardinal-tapes.com\/wp-content\/uploads\/CA_14-768x768.jpg 768w, https:\/\/cardinal-tapes.com\/wp-content\/uploads\/CA_14-1030x1030.jpg 1030w, https:\/\/cardinal-tapes.com\/wp-content\/uploads\/CA_14-36x36.jpg 36w, https:\/\/cardinal-tapes.com\/wp-content\/uploads\/CA_14-180x180.jpg 180w, https:\/\/cardinal-tapes.com\/wp-content\/uploads\/CA_14-705x705.jpg 705w, https:\/\/cardinal-tapes.com\/wp-content\/uploads\/CA_14-100x100.jpg 100w, https:\/\/cardinal-tapes.com\/wp-content\/uploads\/CA_14.jpg 1400w\" sizes=\"auto, (max-width: 450px) 100vw, 450px\" \/><\/div><div class='inner_product_header'><div class='avia-arrow'><\/div><div class='inner_product_header_table'><div class='inner_product_header_cell'><span class=\"is-h2 woocommerce-loop-product__title\">CA-14 Ruban de masquage pour peinture<\/span>\t\t<div class=\"product-infos\">\n\t\t\t\t\t\t\t<span class='product-infos__item'><b>Rev\u00eatement:<\/b> d'un c\u00f4t\u00e9<\/span>\n\t\t\t\t\t\t\t\t\t\t<span class='product-infos__item'><b>Type de mat\u00e9riau:<\/b> Papier<\/span>\n\t\t\t\t\t\t\t\t\t\t<span class='product-infos__item'><b>Fabricant:<\/b> cardinal GmbH<\/span>\n\t\t\t\t\t\t\t\t\t\t<span class='product-infos__item'><b>Prix sur demande<\/b><\/span>\n\t\t\t\t\t<\/div>\n\t<\/div><\/div><\/div><\/a><\/div><\/li>\n<\/ul><\/div><\/div><div class=\"clear\"><\/div><br \/>\n<div  class='avia-button-wrap av-2towxm-8f393d3abab6e202a29317124b365dbc-wrap avia-button-left '><a href='https:\/\/cardinal-tapes.com\/klebebaender\/'  class='avia-button av-2towxm-8f393d3abab6e202a29317124b365dbc avia-icon_select-no avia-size-medium avia-position-left avia-color-theme-color layout-border color-white'  ><span class='avia_iconbox_title' >Tous les produits<\/span><\/a><\/div><\/p><\/div>\n","protected":false},"excerpt":{"rendered":"","protected":false},"author":1,"featured_media":0,"parent":30749,"menu_order":18,"comment_status":"closed","ping_status":"closed","template":"","meta":{"_acf_changed":false,"footnotes":""},"class_list":["post-31530","page","type-page","status-publish","hentry"],"acf":[],"yoast_head":"<!-- This site is optimized with the Yoast SEO plugin v27.3 - https:\/\/yoast.com\/product\/yoast-seo-wordpress\/ -->\n<title>Rubans adh\u00e9sifs en papier &amp; rubans adh\u00e9sifs cr\u00eap\u00e9s | Cardinal TAPES<\/title>\n<meta name=\"description\" content=\"Les rubans adh\u00e9sifs en papier, \u00e9galement appel\u00e9s rubans adh\u00e9sifs cr\u00eap\u00e9s, sont fabriqu\u00e9s \u00e0 partir de papier de soude et collent sur une seule face. Ils sont g\u00e9n\u00e9ralement utilis\u00e9s dans les ateliers de peinture ou dans des applications similaires.\" \/>\n<meta name=\"robots\" content=\"index, follow, max-snippet:-1, max-image-preview:large, max-video-preview:-1\" \/>\n<link rel=\"canonical\" href=\"https:\/\/cardinal-tapes.com\/fr\/rubans-adhesifs-fr\/abc-du-ruban-adhesif\/rubans-adhesifs-en-papier\/\" \/>\n<meta property=\"og:locale\" content=\"fr_FR\" \/>\n<meta property=\"og:type\" content=\"article\" \/>\n<meta property=\"og:title\" content=\"Rubans adh\u00e9sifs en papier &amp; rubans adh\u00e9sifs cr\u00eap\u00e9s | Cardinal TAPES\" \/>\n<meta property=\"og:description\" content=\"Les rubans adh\u00e9sifs en papier, \u00e9galement appel\u00e9s rubans adh\u00e9sifs cr\u00eap\u00e9s, sont fabriqu\u00e9s \u00e0 partir de papier de soude et collent sur une seule face. Ils sont g\u00e9n\u00e9ralement utilis\u00e9s dans les ateliers de peinture ou dans des applications similaires.\" \/>\n<meta property=\"og:url\" content=\"https:\/\/cardinal-tapes.com\/fr\/rubans-adhesifs-fr\/abc-du-ruban-adhesif\/rubans-adhesifs-en-papier\/\" \/>\n<meta property=\"og:site_name\" content=\"cardinal TAPES\" \/>\n<meta property=\"article:modified_time\" content=\"2023-06-14T08:47:25+00:00\" \/>\n<meta name=\"twitter:card\" content=\"summary_large_image\" \/>\n<meta name=\"twitter:label1\" content=\"Dur\u00e9e de lecture estim\u00e9e\" \/>\n\t<meta name=\"twitter:data1\" content=\"15 minutes\" \/>\n<script type=\"application\/ld+json\" class=\"yoast-schema-graph\">{\"@context\":\"https:\\\/\\\/schema.org\",\"@graph\":[{\"@type\":\"WebPage\",\"@id\":\"https:\\\/\\\/cardinal-tapes.com\\\/fr\\\/rubans-adhesifs-fr\\\/abc-du-ruban-adhesif\\\/rubans-adhesifs-en-papier\\\/\",\"url\":\"https:\\\/\\\/cardinal-tapes.com\\\/fr\\\/rubans-adhesifs-fr\\\/abc-du-ruban-adhesif\\\/rubans-adhesifs-en-papier\\\/\",\"name\":\"Rubans adh\u00e9sifs en papier & rubans adh\u00e9sifs cr\u00eap\u00e9s | Cardinal TAPES\",\"isPartOf\":{\"@id\":\"https:\\\/\\\/cardinal-tapes.com\\\/#website\"},\"datePublished\":\"2023-06-02T08:59:46+00:00\",\"dateModified\":\"2023-06-14T08:47:25+00:00\",\"description\":\"Les rubans adh\u00e9sifs en papier, \u00e9galement appel\u00e9s rubans adh\u00e9sifs cr\u00eap\u00e9s, sont fabriqu\u00e9s \u00e0 partir de papier de soude et collent sur une seule face. Ils sont g\u00e9n\u00e9ralement utilis\u00e9s dans les ateliers de peinture ou dans des applications similaires.\",\"breadcrumb\":{\"@id\":\"https:\\\/\\\/cardinal-tapes.com\\\/fr\\\/rubans-adhesifs-fr\\\/abc-du-ruban-adhesif\\\/rubans-adhesifs-en-papier\\\/#breadcrumb\"},\"inLanguage\":\"fr-FR\",\"potentialAction\":[{\"@type\":\"ReadAction\",\"target\":[\"https:\\\/\\\/cardinal-tapes.com\\\/fr\\\/rubans-adhesifs-fr\\\/abc-du-ruban-adhesif\\\/rubans-adhesifs-en-papier\\\/\"]}]},{\"@type\":\"BreadcrumbList\",\"@id\":\"https:\\\/\\\/cardinal-tapes.com\\\/fr\\\/rubans-adhesifs-fr\\\/abc-du-ruban-adhesif\\\/rubans-adhesifs-en-papier\\\/#breadcrumb\",\"itemListElement\":[{\"@type\":\"ListItem\",\"position\":1,\"name\":\"Startseite\",\"item\":\"https:\\\/\\\/cardinal-tapes.com\\\/fr\\\/accueil\\\/\"},{\"@type\":\"ListItem\",\"position\":2,\"name\":\"Rubans adh\u00e9sifs\",\"item\":\"https:\\\/\\\/cardinal-tapes.com\\\/fr\\\/rubans-adhesifs-fr\\\/\"},{\"@type\":\"ListItem\",\"position\":3,\"name\":\"ABC du ruban adh\u00e9sif\",\"item\":\"https:\\\/\\\/cardinal-tapes.com\\\/fr\\\/rubans-adhesifs-fr__trashed\\\/abc-du-ruban-adhesif\\\/\"},{\"@type\":\"ListItem\",\"position\":4,\"name\":\"Rubans adh\u00e9sifs en papier\"}]},{\"@type\":\"WebSite\",\"@id\":\"https:\\\/\\\/cardinal-tapes.com\\\/#website\",\"url\":\"https:\\\/\\\/cardinal-tapes.com\\\/\",\"name\":\"cardinal TAPES\",\"description\":\"Klebetechnik aus Wuppertal\",\"potentialAction\":[{\"@type\":\"SearchAction\",\"target\":{\"@type\":\"EntryPoint\",\"urlTemplate\":\"https:\\\/\\\/cardinal-tapes.com\\\/?s={search_term_string}\"},\"query-input\":{\"@type\":\"PropertyValueSpecification\",\"valueRequired\":true,\"valueName\":\"search_term_string\"}}],\"inLanguage\":\"fr-FR\"}]}<\/script>\n<!-- \/ Yoast SEO plugin. -->","yoast_head_json":{"title":"Rubans adh\u00e9sifs en papier & rubans adh\u00e9sifs cr\u00eap\u00e9s | Cardinal TAPES","description":"Les rubans adh\u00e9sifs en papier, \u00e9galement appel\u00e9s rubans adh\u00e9sifs cr\u00eap\u00e9s, sont fabriqu\u00e9s \u00e0 partir de papier de soude et collent sur une seule face. Ils sont g\u00e9n\u00e9ralement utilis\u00e9s dans les ateliers de peinture ou dans des applications similaires.","robots":{"index":"index","follow":"follow","max-snippet":"max-snippet:-1","max-image-preview":"max-image-preview:large","max-video-preview":"max-video-preview:-1"},"canonical":"https:\/\/cardinal-tapes.com\/fr\/rubans-adhesifs-fr\/abc-du-ruban-adhesif\/rubans-adhesifs-en-papier\/","og_locale":"fr_FR","og_type":"article","og_title":"Rubans adh\u00e9sifs en papier & rubans adh\u00e9sifs cr\u00eap\u00e9s | Cardinal TAPES","og_description":"Les rubans adh\u00e9sifs en papier, \u00e9galement appel\u00e9s rubans adh\u00e9sifs cr\u00eap\u00e9s, sont fabriqu\u00e9s \u00e0 partir de papier de soude et collent sur une seule face. Ils sont g\u00e9n\u00e9ralement utilis\u00e9s dans les ateliers de peinture ou dans des applications similaires.","og_url":"https:\/\/cardinal-tapes.com\/fr\/rubans-adhesifs-fr\/abc-du-ruban-adhesif\/rubans-adhesifs-en-papier\/","og_site_name":"cardinal TAPES","article_modified_time":"2023-06-14T08:47:25+00:00","twitter_card":"summary_large_image","twitter_misc":{"Dur\u00e9e de lecture estim\u00e9e":"15 minutes"},"schema":{"@context":"https:\/\/schema.org","@graph":[{"@type":"WebPage","@id":"https:\/\/cardinal-tapes.com\/fr\/rubans-adhesifs-fr\/abc-du-ruban-adhesif\/rubans-adhesifs-en-papier\/","url":"https:\/\/cardinal-tapes.com\/fr\/rubans-adhesifs-fr\/abc-du-ruban-adhesif\/rubans-adhesifs-en-papier\/","name":"Rubans adh\u00e9sifs en papier & rubans adh\u00e9sifs cr\u00eap\u00e9s | Cardinal TAPES","isPartOf":{"@id":"https:\/\/cardinal-tapes.com\/#website"},"datePublished":"2023-06-02T08:59:46+00:00","dateModified":"2023-06-14T08:47:25+00:00","description":"Les rubans adh\u00e9sifs en papier, \u00e9galement appel\u00e9s rubans adh\u00e9sifs cr\u00eap\u00e9s, sont fabriqu\u00e9s \u00e0 partir de papier de soude et collent sur une seule face. Ils sont g\u00e9n\u00e9ralement utilis\u00e9s dans les ateliers de peinture ou dans des applications similaires.","breadcrumb":{"@id":"https:\/\/cardinal-tapes.com\/fr\/rubans-adhesifs-fr\/abc-du-ruban-adhesif\/rubans-adhesifs-en-papier\/#breadcrumb"},"inLanguage":"fr-FR","potentialAction":[{"@type":"ReadAction","target":["https:\/\/cardinal-tapes.com\/fr\/rubans-adhesifs-fr\/abc-du-ruban-adhesif\/rubans-adhesifs-en-papier\/"]}]},{"@type":"BreadcrumbList","@id":"https:\/\/cardinal-tapes.com\/fr\/rubans-adhesifs-fr\/abc-du-ruban-adhesif\/rubans-adhesifs-en-papier\/#breadcrumb","itemListElement":[{"@type":"ListItem","position":1,"name":"Startseite","item":"https:\/\/cardinal-tapes.com\/fr\/accueil\/"},{"@type":"ListItem","position":2,"name":"Rubans adh\u00e9sifs","item":"https:\/\/cardinal-tapes.com\/fr\/rubans-adhesifs-fr\/"},{"@type":"ListItem","position":3,"name":"ABC du ruban adh\u00e9sif","item":"https:\/\/cardinal-tapes.com\/fr\/rubans-adhesifs-fr__trashed\/abc-du-ruban-adhesif\/"},{"@type":"ListItem","position":4,"name":"Rubans adh\u00e9sifs en papier"}]},{"@type":"WebSite","@id":"https:\/\/cardinal-tapes.com\/#website","url":"https:\/\/cardinal-tapes.com\/","name":"cardinal TAPES","description":"Klebetechnik aus Wuppertal","potentialAction":[{"@type":"SearchAction","target":{"@type":"EntryPoint","urlTemplate":"https:\/\/cardinal-tapes.com\/?s={search_term_string}"},"query-input":{"@type":"PropertyValueSpecification","valueRequired":true,"valueName":"search_term_string"}}],"inLanguage":"fr-FR"}]}},"_links":{"self":[{"href":"https:\/\/cardinal-tapes.com\/fr\/wp-json\/wp\/v2\/pages\/31530","targetHints":{"allow":["GET"]}}],"collection":[{"href":"https:\/\/cardinal-tapes.com\/fr\/wp-json\/wp\/v2\/pages"}],"about":[{"href":"https:\/\/cardinal-tapes.com\/fr\/wp-json\/wp\/v2\/types\/page"}],"author":[{"embeddable":true,"href":"https:\/\/cardinal-tapes.com\/fr\/wp-json\/wp\/v2\/users\/1"}],"replies":[{"embeddable":true,"href":"https:\/\/cardinal-tapes.com\/fr\/wp-json\/wp\/v2\/comments?post=31530"}],"version-history":[{"count":0,"href":"https:\/\/cardinal-tapes.com\/fr\/wp-json\/wp\/v2\/pages\/31530\/revisions"}],"up":[{"embeddable":true,"href":"https:\/\/cardinal-tapes.com\/fr\/wp-json\/wp\/v2\/pages\/30749"}],"wp:attachment":[{"href":"https:\/\/cardinal-tapes.com\/fr\/wp-json\/wp\/v2\/media?parent=31530"}],"curies":[{"name":"wp","href":"https:\/\/api.w.org\/{rel}","templated":true}]}}